{"id":4778,"date":"2024-05-03T06:39:02","date_gmt":"2024-05-03T06:39:02","guid":{"rendered":"https:\/\/elfsight.com\/it\/?page_id=4778"},"modified":"2024-12-20T13:12:50","modified_gmt":"2024-12-20T13:12:50","slug":"facebook","status":"publish","type":"page","link":"https:\/\/elfsight.com\/it\/google-reviews-widget\/facebook\/","title":{"rendered":"Google Reviews &#8211; Facebook Page"},"content":{"rendered":"\n<div class=\"application-platform-content-item-description application-platform-content-item\" id=\"description\" data-nav-section=\"description\"><h2>Incorpora recensioni di Google con il widget Elfsight<\/h2><p>Elfsight Google Reviews \u00e8 uno strumento semplice che ti aiuta a inserire recensioni sui tuoi offerte di Google. Utilizzando questo widget, puoi applicare filtri per nascondere le recensioni indesiderate, rivelare le tue valutazioni in stelle e numeri da Google, rivelare informazioni sugli autori e posizionare un pulsante che aiuter\u00e0 i visitatori a pubblicare un&#8217;altra recensione su Google. Il widget Elfsight Reviews ti aiuter\u00e0 a dimostrare la tua elevata prova sociale sulla pagina e ad aumentare le vendite. <\/p><p><b>Mostra le migliori recensioni di Google e aumenta le vendite.<\/b><\/p> <\/div> <div class=\"application-platform-content-item-features application-platform-content-item\" id=\"features\" data-nav-section=\"features\"><h2>Caratteristiche principali di Widget di Google Recensioni<\/h2><p>Controlla tutte le caratteristiche funzionali del widget. Puoi gestirli direttamente nell&#8217;editor e ti aiuteranno a modellare il widget pi\u00f9 adatto al tuo caso. <\/p><ul><li>Tre tipi di filtri: per tipo, esclusione per e quantit\u00e0 di recensioni da visualizzare; <\/li><li>4 layout disponibili: Elenco, Griglia, Muratura e Dispositivo di scorrimento; <\/li><li>Un&#8217;opportunit\u00e0 per attivare\/disattivare l&#8217;intestazione del widget; <\/li><li>Il pulsante per richiedere una revisione indirizza gli utenti alla tua pagina Google; <\/li><li>6 elementi flessibili dell&#8217;interfaccia: nome e foto dell&#8217;autore, raccomandazione, data di pubblicazione, icona di Google e valutazione in stelle; <\/li><li>Due possibili scenari di rifiuto della richiesta di revisione: rivelare il messaggio o nascondere il pulsante. <\/li><\/ul><p><a href=\"#demo\">Controlla tutte le altre funzioni nella demo<\/a><\/p><\/div><div class=\"application-platform-content-item-installation application-platform-content-item\" id=\"installation\" data-nav-section=\"installation\"><h2>Come condividere le recensioni di Google sulla pagina Facebook<\/h2><p>Per attivare il widget, esegui diversi passaggi rapidi<\/p><ol><li><b>Genera il tuo widget Google personalizzato<\/b><br>In il nostro editor gratuito, imposta un plugin con layout e funzionalit\u00e0 personalizzati. <\/li><li><b>Copia il codice personale per pubblicare il widget<\/b><br>Dopo aver personalizzato il tuo widget, otterrai un codice univoco dalla finestra visualizzata su Elfsight Apps. Copia questo codice. <\/li><li><b>Aggiungi le recensioni alla pagina Facebook<\/b><br> Crea la tua scheda Facebook personalizzata. Inserisci nella scheda il codice che hai ricevuto su elfsight apps.<\/li><li><b>L&#8217;installazione \u00e8 terminata<\/b><br>Visita la tua pagina per vedere il tuo plugin. <\/li><\/ol><p>Non esitare a contattare il nostro team di supporto in caso di domande sulla condivisione delle recensioni di Google su Facebook. Saremo lieti di aiutarvi con ogni richiesta. <\/p><\/div>\n<div class=\"faq\" data-component=\"FAQ\"> <div class=\"faq-item\">\r\n\t\t\t\t\t<div class=\"faq-item-question\">\r\n\t\t\t\t\t\t<h3 class=\"faq-item-question-text\">Come aggiungere una scheda personalizzata a una pagina Facebook<\/h3>\r\n\r\n\t\t\t\t\t\t<div class=\"faq-item-question-icon\"><\/div>\r\n\t\t\t\t\t<\/div>\r\n\r\n\t\t\t\t\t<div class=\"faq-item-answer\">\r\n\t\t\t\t\t\t<div class=\"faq-item-answer-text\"> <p>Puoi leggere come collegare Google Recensioni a una pagina Facebook nella nostra <a href=\"https:\/\/elfsight.com\/blog\/how-to-add-custom-tab-to-facebook-page\/\" target=\" _blank\" rel=\"noopener noreferrer\">guida approfondita per la cena<\/a>.<\/p> <\/div>\r\n\t\t\t\t\t<\/div>\r\n\t\t\t\t<\/div> <div class=\"faq-item\">\r\n\t\t\t\t\t<div class=\"faq-item-question\">\r\n\t\t\t\t\t\t<h3 class=\"faq-item-question-text\">In che modo il mio sito web pu\u00f2 trarre vantaggio dal widget?<\/h3>\r\n\r\n\t\t\t\t\t\t<div class=\"faq-item-question-icon\"><\/div>\r\n\t\t\t\t\t<\/div>\r\n\r\n\t\t\t\t\t<div class=\"faq-item-answer\">\r\n\t\t\t\t\t\t<div class=\"faq-item-answer-text\"> <p>Le recensioni di Google sono efficaci e pratici stessi. Incorporando Recensioni Google su Facebook potrai aumentare immediatamente le conversioni in acquisti. Inoltre, questo elemento interattivo aumenta il tempo che gli utenti trascorrono sulle pagine web. Infine, Google fa affidamento su contenuti di valore e, se ricevi le migliori valutazioni, Google suppone che il tuo sito web sia affidabile e vantaggioso. Pertanto, il sito web appare in alto nella SERP.<\/p> <\/div>\r\n\t\t\t\t\t<\/div>\r\n\t\t\t\t<\/div> <div class=\"faq-item\">\r\n\t\t\t\t\t<div class=\"faq-item-question\">\r\n\t\t\t\t\t\t<h3 class=\"faq-item-question-text\">Posso testare il widget Facebook Google Reviews?<\/h3>\r\n\r\n\t\t\t\t\t\t<div class=\"faq-item-question-icon\"><\/div>\r\n\t\t\t\t\t<\/div>\r\n\r\n\t\t\t\t\t<div class=\"faq-item-answer\">\r\n\t\t\t\t\t\t<div class=\"faq-item-answer-text\"> <p>Puoi testare tutte le funzionalit\u00e0 e le impostazioni del widget in modo online gratuito <a href=\"#demo\">dimostrazione<\/a>. Non \u00e8 nemmeno necessario registrarsi al nostro servizio.<\/p> <\/div>\r\n\t\t\t\t\t<\/div>\r\n\t\t\t\t<\/div> <div class=\"faq-item\">\r\n\t\t\t\t\t<div class=\"faq-item-question\">\r\n\t\t\t\t\t\t<h3 class=\"faq-item-question-text\">Posso aggiungere Google Reviews al sito web della mia pagina Facebook senza competenze di programmazione?<\/h3>\r\n\r\n\t\t\t\t\t\t<div class=\"faq-item-question-icon\"><\/div>\r\n\t\t\t\t\t<\/div>\r\n\r\n\t\t\t\t\t<div class=\"faq-item-answer\">\r\n\t\t\t\t\t\t<div class=\"faq-item-answer-text\"> <p>S\u00ec, con il nostro editor intuitivo qualsiasi utente di Internet pu\u00f2 creare un widget Google Review online e incorporarlo facilmente nel sito web della sua pagina Facebook. Non c&#8217;\u00e8 bisogno di pagare o di inserire le credenziali della carta per accedere al servizio. Se riscontri problemi in qualsiasi momento, non esitare a contattare il nostro team di supporto tecnico.<\/p> <\/div>\r\n\t\t\t\t\t<\/div>\r\n\t\t\t\t<\/div> <\/div>\n","protected":false},"excerpt":{"rendered":"","protected":false},"author":9,"featured_media":0,"parent":931,"menu_order":0,"comment_status":"closed","ping_status":"closed","template":"templates\/template-application-platform.php","meta":{"publish_to_discourse":"","publish_post_category":"","wpdc_auto_publish_overridden":"","wpdc_topic_tags":"","wpdc_pin_topic":"","wpdc_pin_until":"","discourse_post_id":"","discourse_permalink":"","wpdc_publishing_response":"","wpdc_publishing_error":"","footnotes":""},"class_list":["post-4778","page","type-page","status-publish","hentry"],"yoast_head":"<!-- This site is optimized with the Yoast SEO plugin v25.3.1 - https:\/\/yoast.com\/wordpress\/plugins\/seo\/ -->\n<title>Incorpora le recensioni di Google su una pagina Facebook!<\/title>\n<meta name=\"description\" content=\"\u00c8 facile creare la tua scheda Recensioni Google e aggiungerla alla tua pagina aziendale di Facebook. Il servizio clienti Elfsight \u00e8 gratuito e veloce.\" \/>\n<meta name=\"robots\" content=\"index, follow, max-snippet:-1, max-image-preview:large, max-video-preview:-1\" \/>\n<link rel=\"canonical\" href=\"https:\/\/elfsight.com\/it\/google-reviews-widget\/facebook\/\" \/>\n<meta property=\"og:locale\" content=\"it_IT\" \/>\n<meta property=\"og:type\" content=\"article\" \/>\n<meta property=\"og:title\" content=\"Incorpora le recensioni di Google su una pagina Facebook!\" \/>\n<meta property=\"og:description\" content=\"\u00c8 facile creare la tua scheda Recensioni Google e aggiungerla alla tua pagina aziendale di Facebook. Il servizio clienti Elfsight \u00e8 gratuito e veloce.\" \/>\n<meta property=\"og:url\" content=\"https:\/\/elfsight.com\/it\/google-reviews-widget\/facebook\/\" \/>\n<meta property=\"og:site_name\" content=\"Elfsight IT\" \/>\n<meta property=\"article:modified_time\" content=\"2024-12-20T13:12:50+00:00\" \/>\n<meta name=\"twitter:card\" content=\"summary_large_image\" \/>\n<meta name=\"twitter:label1\" content=\"Tempo di lettura stimato\" \/>\n\t<meta name=\"twitter:data1\" content=\"4 minuti\" \/>\n<!-- \/ Yoast SEO plugin. -->","yoast_head_json":{"title":"Incorpora le recensioni di Google su una pagina Facebook!","description":"\u00c8 facile creare la tua scheda Recensioni Google e aggiungerla alla tua pagina aziendale di Facebook. Il servizio clienti Elfsight \u00e8 gratuito e veloce.","robots":{"index":"index","follow":"follow","max-snippet":"max-snippet:-1","max-image-preview":"max-image-preview:large","max-video-preview":"max-video-preview:-1"},"canonical":"https:\/\/elfsight.com\/it\/google-reviews-widget\/facebook\/","og_locale":"it_IT","og_type":"article","og_title":"Incorpora le recensioni di Google su una pagina Facebook!","og_description":"\u00c8 facile creare la tua scheda Recensioni Google e aggiungerla alla tua pagina aziendale di Facebook. Il servizio clienti Elfsight \u00e8 gratuito e veloce.","og_url":"https:\/\/elfsight.com\/it\/google-reviews-widget\/facebook\/","og_site_name":"Elfsight IT","article_modified_time":"2024-12-20T13:12:50+00:00","twitter_card":"summary_large_image","twitter_misc":{"Tempo di lettura stimato":"4 minuti"},"schema":{"@context":"https:\/\/schema.org","@graph":[{"@type":"WebPage","@id":"https:\/\/elfsight.com\/it\/google-reviews-widget\/facebook\/","url":"https:\/\/elfsight.com\/it\/google-reviews-widget\/facebook\/","name":"Incorpora le recensioni di Google su una pagina Facebook!","isPartOf":{"@id":"https:\/\/elfsight.com\/it\/#website"},"datePublished":"2024-05-03T06:39:02+00:00","dateModified":"2024-12-20T13:12:50+00:00","description":"\u00c8 facile creare la tua scheda Recensioni Google e aggiungerla alla tua pagina aziendale di Facebook. Il servizio clienti Elfsight \u00e8 gratuito e veloce.","breadcrumb":{"@id":"https:\/\/elfsight.com\/it\/google-reviews-widget\/facebook\/#breadcrumb"},"inLanguage":"it-IT","potentialAction":[{"@type":"ReadAction","target":["https:\/\/elfsight.com\/it\/google-reviews-widget\/facebook\/"]}]},{"@type":"BreadcrumbList","@id":"https:\/\/elfsight.com\/it\/google-reviews-widget\/facebook\/#breadcrumb","itemListElement":[{"@type":"ListItem","position":1,"name":"Home","item":"https:\/\/elfsight.com\/it\/"},{"@type":"ListItem","position":2,"name":"Google Reviews","item":"https:\/\/elfsight.com\/it\/google-reviews-widget\/"},{"@type":"ListItem","position":3,"name":"Google Reviews &#8211; Facebook Page"}]},{"@type":"WebSite","@id":"https:\/\/elfsight.com\/it\/#website","url":"https:\/\/elfsight.com\/it\/","name":"Elfsight IT","description":"Just another Elfsight Sites site","potentialAction":[{"@type":"SearchAction","target":{"@type":"EntryPoint","urlTemplate":"https:\/\/elfsight.com\/it\/?s={search_term_string}"},"query-input":{"@type":"PropertyValueSpecification","valueRequired":true,"valueName":"search_term_string"}}],"inLanguage":"it-IT"}]}},"meta_box":{"industry":"","seo_heading":"","heading":"","description":"","cta_heading":"","cta_description":"","application":"930","h1":"Recensioni Google per la pagina aziendale di Facebook","h1_caption":"Incorpora le recensioni del tuo locale da Google per ottenere facilmente le migliori impressioni dei clienti nell'esperienza del tuo sito web nella tua pagina Facebook.","application_category":[],"applications_title":"","applications_request_title":"","applications_request_button_text":"","hero_text":"","hero_video":"","hero_video_schema_markup":"","selling_points_title":"","selling_points_caption":"","selling_points":[],"selling_points_cta_text":"","features_title":"","features":"","ed_cta_examples_text":"","ed_cta_examples_hidden":"","ed_cta_demo_text":"","ed_cta_demo_hidden":"","why_caption":"","why_editor_title":"","why_editor_text":"","why_team_title":"","why_team_text":"","why_service_title":"","why_service_text":"","template_catalog_visible":"0","template_catalog_title":"","template_catalog_text":"","template_catalog_categories_visible":"","demo_title":"Crea il tuo widget Recensioni Google","demo_caption":"Configura le tue recensioni su Google e aggiungile gratuitamente al sito web della tua pagina Facebook!","default_faq_hidden":"","app_template_category":[],"platform":"77","template_public_id":"","codecanyon_url":"","codecanyon_item_id":"","codecanyon_price":"","pricing_caption":"","pricing_elfsight_apps_hide_column":"","pricing_elfsight_apps_url":"","pricing_codecanyon_price_caption":"","integration_category":[],"integration_request_title":"","integration_request_cta":"","integration_platform":"","integrations":[],"platform_category":[],"video_schema_markup":"","price":"da $ 0 al mese","trial":"","benefits":[{"text":"Aiuto gratuito per l'installazione"},{"text":"Supporto premium"},{"text":"Garanzia di rimborso di 14 giorni"},{"text":"Futuri aggiornamenti gratuiti"}],"button_url":"#demo","button_target_blank":"0","button_nofollow":"0","attributes":[{"name":"Installazioni","content":"1,000 - 5,000"},{"name":"Reattivit\u00e0","content":"S\u00cc"},{"name":"Browser compatibili","content":"Firefox, Safari, Opera, Chrome, Edge"}],"tags":[],"tags_disable_links":"0","hide_more_platforms":"","video_object":"","demo_hide_cta":"0","demo_hide_cloud_options":"0","pricing_title":"","pricing":[{"pricing_icon":"platform","pricing_title":"Elfsight Apps","pricing_title_caption":"Soluzione digitale multipiattaforma che funziona su qualsiasi sito web","pricing_price":"da $ 0 \/ mese","pricing_price_caption":"inizia con il piano gratuito","pricing_benefits":[{"text":"Domini illimitati"},{"text":"Assistenza clienti professionale"},{"text":"Assistenza per l'installazione gratuita"},{"text":"100% personalizzabile"}],"pricing_button_text":"Aggiungi al sito web","pricing_button_url":"#demo"}],"related_apps_title":"","related_apps_hidden":"0","author":"","image":[],"title":"","job":"","social_networks":[]},"_links":{"self":[{"href":"https:\/\/elfsight.com\/it\/wp-json\/wp\/v2\/pages\/4778","targetHints":{"allow":["GET"]}}],"collection":[{"href":"https:\/\/elfsight.com\/it\/wp-json\/wp\/v2\/pages"}],"about":[{"href":"https:\/\/elfsight.com\/it\/wp-json\/wp\/v2\/types\/page"}],"author":[{"embeddable":true,"href":"https:\/\/elfsight.com\/it\/wp-json\/wp\/v2\/users\/9"}],"replies":[{"embeddable":true,"href":"https:\/\/elfsight.com\/it\/wp-json\/wp\/v2\/comments?post=4778"}],"version-history":[{"count":4,"href":"https:\/\/elfsight.com\/it\/wp-json\/wp\/v2\/pages\/4778\/revisions"}],"predecessor-version":[{"id":8382,"href":"https:\/\/elfsight.com\/it\/wp-json\/wp\/v2\/pages\/4778\/revisions\/8382"}],"up":[{"embeddable":true,"href":"https:\/\/elfsight.com\/it\/wp-json\/wp\/v2\/pages\/931"}],"wp:attachment":[{"href":"https:\/\/elfsight.com\/it\/wp-json\/wp\/v2\/media?parent=4778"}],"curies":[{"name":"wp","href":"https:\/\/api.w.org\/{rel}","templated":true}]}}