{"id":4770,"date":"2024-05-03T06:38:58","date_gmt":"2024-05-03T06:38:58","guid":{"rendered":"https:\/\/elfsight.com\/it\/?page_id=4770"},"modified":"2024-12-20T13:29:02","modified_gmt":"2024-12-20T13:29:02","slug":"godaddy","status":"publish","type":"page","link":"https:\/\/elfsight.com\/it\/google-reviews-widget\/godaddy\/","title":{"rendered":"Google Reviews &#8211; GoDaddy"},"content":{"rendered":"\n<div class=\"application-platform-content-item-description application-platform-content-item\" id=\"description\" data-nav-section=\"description\"> <h2>Incorpora recensioni di Google con il widget Elfsight<\/h2> <p>Elfsight Google Reviews \u00e8 un plug-in per GoDaddy che ti aiuta a rivelare le recensioni sui tuoi prodotti di Google su un sito web. Utilizzando il nostro plug-in, puoi applicare filtri per eliminare le recensioni indesiderate, visualizzare la valutazione in stelle e numeri di Google, rivelare informazioni sugli autori delle recensioni e mostrare un pulsante di invito all&#8217;azione attivo che inviter\u00e0 i visitatori a condividere un&#8217;altra recensione a proposito di te. Il plug-in Elfsight Google Reviews ti aiuter\u00e0 a vantare un&#8217;elevata prova sociale sul tuo sito web e ad attirare nuove vendite.<\/p> <p><b>Disegna nuove recensioni con il pulsante di invito all&#8217;azione e reindirizza alla tua pagina Google<\/b><\/p><\/div> <div class=\"application-platform-content-item-features application-platform-content-item\" id=\"features\" data-nav-section=\"features\"> <h2>Caratteristiche principali di Google Widget recensioni<\/h2><p>Di seguito puoi trovare i vantaggi tecnici pi\u00f9 essenziali:<\/p> <ul> <li>Tre filtri pronti all&#8217;uso: per tipo, esclusione per e quantit\u00e0 di recensioni per visualizzazione<\/li> <li>Quattro layout predefiniti: Elenco, Griglia, Massoneria e Dispositivo di scorrimento<\/li> <li>Un&#8217;opzione per controllare la visualizzazione dell&#8217;intestazione del plug-in su un sito Web GoDaddy<\/li> <li>Recensione il pulsante di richiesta porta i clienti alla tua pagina Google<\/li> <li>6 elementi personalizzabili delle recensioni: nome dell&#8217;autore e immagine, testo del consiglio, data di pubblicazione, icona di Google e valutazione in stelle<\/li><li> L&#8217;aggiunta di recensioni Google al sito web di GoDaddy richiede diversi clic e un paio di minuti<\/li><li>Due opzioni di scenari dopo il rifiuto della richiesta di revisione: mostrare un messaggio o rimuovere il pulsante<\/li> <\/ul><p><a href=\"#demo\">Esamina tutte le opzioni di personalizzazione in una demo completa<\/a><\/p> <\/div> <div class=\"application-platform-content-item-installation application-platform-content-item\" id=\"installation\" data-nav-section=\"installation\"> <h2>Come posso aggiungere recensioni Google al mio GoDaddy sito web?<\/h2> <p>Segui semplicemente le istruzioni seguenti per integrare il plug-in.<\/p> <ol><li><b>Gestisci il nostro configuratore gratuito e inizia a creare il tuo plug-in personalizzato. <\/b><br> Specifica un&#8217;interfaccia personalizzata e le funzionalit\u00e0 del plug-in Google Reviews per GoDaddy e applica le modifiche. <\/li> <li><b>Copia il codice personale che appare nella finestra su Elfsight Apps. <\/b><br> Subito dopo aver creato il tuo plugin personale, copia il codice personale nella casella emersa e salvalo per un utilizzo futuro su un sito web GoDaddy. <\/li> <li><b>Inizia a utilizzare il plug-in su un sito Web GoDaddy. <\/b><br> Integra il codice che hai salvato di recente nel backend del tuo sito web e salva le modifiche. <\/li> <li><b>Installazione completata. <\/b><br> Vai al tuo sito web GoDaddy per verificare come funziona il plug-in.<\/li><\/ol> <p>In caso di difficolt\u00e0, non aver paura di contattare il nostro team di assistenza clienti per ricevere assistenza. I nostri consulenti saranno felici di risolvere tutti i problemi che potresti riscontrare con l&#8217;aggiunta di recensioni Google a GoDaddy. <\/p> <\/div>\n<div class=\"faq\" data-component=\"FAQ\"> <div class=\"faq-item\">\r\n\t\t\t\t\t<div class=\"faq-item-question\">\r\n\t\t\t\t\t\t<h3 class=\"faq-item-question-text\">Su quali pagine posso aggiungere il widget?<\/h3>\r\n\r\n\t\t\t\t\t\t<div class=\"faq-item-question-icon\"><\/div>\r\n\t\t\t\t\t<\/div>\r\n\r\n\t\t\t\t\t<div class=\"faq-item-answer\">\r\n\t\t\t\t\t\t<div class=\"faq-item-answer-text\"> <p>Puoi aggiungere recensioni a tutte le pagine dei prodotti o solo su pagine separate. C&#8217;\u00e8 la possibilit\u00e0 di aggiungere il widget a qualsiasi pagina in cui puoi modificare il codice HTML, perch\u00e9 un codice di installazione \u00e8 un pezzo di codice a due righe che dovresti inserire nel backend.<\/p> <\/div>\r\n\t\t\t\t\t<\/div>\r\n\t\t\t\t<\/div> \n<div class=\"faq-item\">\r\n\t\t\t\t\t<div class=\"faq-item-question\">\r\n\t\t\t\t\t\t<h3 class=\"faq-item-question-text\"> Come posso trarre vantaggio dalle recensioni di Google su un sito web?<\/h3>\r\n\r\n\t\t\t\t\t\t<div class=\"faq-item-question-icon\"><\/div>\r\n\t\t\t\t\t<\/div>\r\n\r\n\t\t\t\t\t<div class=\"faq-item-answer\">\r\n\t\t\t\t\t\t<div class=\"faq-item-answer-text\"> <p>Quando aggiungi recensioni di Google a un sito web di GoDaddy, ottieni tantissimi vantaggi. I principali sono i seguenti:<\/p><ul><li>Aumento della fiducia da parte dei tuoi potenziali acquirenti che porta ad un aumento delle conversioni.<\/li><li>Markup dello schema o stelle in uno snippet che distinguono il tuo sito web tra i concorrenti nella SERP.<\/li><li>Google si fida delle recensioni lasciate sulla propria piattaforma. Pi\u00f9 alta \u00e8 la tua valutazione su Google, pi\u00f9 in alto apparir\u00e0 il tuo sito web nella SERP.<\/li><\/ul><\/div>\r\n\t\t\t\t\t<\/div>\r\n\t\t\t\t<\/div> \n<div class=\"faq-item\">\r\n\t\t\t\t\t<div class=\"faq-item-question\">\r\n\t\t\t\t\t\t<h3 class=\"faq-item-question-text\">Posso testare un widget iFrame di Google Recensioni?<\/h3>\r\n\r\n\t\t\t\t\t\t<div class=\"faq-item-question-icon\"><\/div>\r\n\t\t\t\t\t<\/div>\r\n\r\n\t\t\t\t\t<div class=\"faq-item-answer\">\r\n\t\t\t\t\t\t<div class=\"faq-item-answer-text\"> <p>S\u00ec, certo . Puoi farlo senza registrazione e gratuitamente nella nostra <a href=\"#demo\">demo online.<\/a> Puoi anche installare gratuitamente il widget sul tuo sito web per vedere come funziona.<\/p> <\/div>\r\n\t\t\t\t\t<\/div>\r\n\t\t\t\t<\/div> \n<div class=\"faq-item\">\r\n\t\t\t\t\t<div class=\"faq-item-question\">\r\n\t\t\t\t\t\t<h3 class=\"faq-item-question-text\">Posso aggiungere Google Reviews al sito web della mia pagina Facebook senza competenze di programmazione?<\/h3>\r\n\r\n\t\t\t\t\t\t<div class=\"faq-item-question-icon\"><\/div>\r\n\t\t\t\t\t<\/div>\r\n\r\n\t\t\t\t\t<div class=\"faq-item-answer\">\r\n\t\t\t\t\t\t<div class=\"faq-item-answer-text\"> <p>S\u00ec, con il nostro editor intuitivo qualsiasi utente di Internet pu\u00f2 creare un widget Google Review online e incorporarlo facilmente nel sito web della sua pagina Facebook. Non c\u2019\u00e8 bisogno di pagare o di inserire le credenziali della carta per accedere al servizio. Se riscontri problemi in qualsiasi momento, non esitare a contattare il nostro team di supporto tecnico.<\/p> <\/div>\r\n\t\t\t\t\t<\/div>\r\n\t\t\t\t<\/div> <\/div> \n","protected":false},"excerpt":{"rendered":"","protected":false},"author":9,"featured_media":0,"parent":931,"menu_order":0,"comment_status":"closed","ping_status":"closed","template":"templates\/template-application-platform.php","meta":{"publish_to_discourse":"","publish_post_category":"","wpdc_auto_publish_overridden":"","wpdc_topic_tags":"","wpdc_pin_topic":"","wpdc_pin_until":"","discourse_post_id":"","discourse_permalink":"","wpdc_publishing_response":"","wpdc_publishing_error":"","footnotes":""},"class_list":["post-4770","page","type-page","status-publish","hentry"],"yoast_head":"<!-- This site is optimized with the Yoast SEO plugin v25.3.1 - https:\/\/yoast.com\/wordpress\/plugins\/seo\/ -->\n<title>Incorpora recensioni Google su GoDaddy in 2 minuti!<\/title>\n<meta name=\"description\" content=\"Dimostra la tua valutazione elevata con il plug-in Google Reviews per il tuo sito web GoDaddy! Rendi semplice lasciare un feedback positivo.\" \/>\n<meta name=\"robots\" content=\"index, follow, max-snippet:-1, max-image-preview:large, max-video-preview:-1\" \/>\n<link rel=\"canonical\" href=\"https:\/\/elfsight.com\/it\/google-reviews-widget\/godaddy\/\" \/>\n<meta property=\"og:locale\" content=\"it_IT\" \/>\n<meta property=\"og:type\" content=\"article\" \/>\n<meta property=\"og:title\" content=\"Incorpora recensioni Google su GoDaddy in 2 minuti!\" \/>\n<meta property=\"og:description\" content=\"Dimostra la tua valutazione elevata con il plug-in Google Reviews per il tuo sito web GoDaddy! Rendi semplice lasciare un feedback positivo.\" \/>\n<meta property=\"og:url\" content=\"https:\/\/elfsight.com\/it\/google-reviews-widget\/godaddy\/\" \/>\n<meta property=\"og:site_name\" content=\"Elfsight IT\" \/>\n<meta property=\"article:modified_time\" content=\"2024-12-20T13:29:02+00:00\" \/>\n<meta name=\"twitter:card\" content=\"summary_large_image\" \/>\n<meta name=\"twitter:label1\" content=\"Tempo di lettura stimato\" \/>\n\t<meta name=\"twitter:data1\" content=\"4 minuti\" \/>\n<!-- \/ Yoast SEO plugin. -->","yoast_head_json":{"title":"Incorpora recensioni Google su GoDaddy in 2 minuti!","description":"Dimostra la tua valutazione elevata con il plug-in Google Reviews per il tuo sito web GoDaddy! Rendi semplice lasciare un feedback positivo.","robots":{"index":"index","follow":"follow","max-snippet":"max-snippet:-1","max-image-preview":"max-image-preview:large","max-video-preview":"max-video-preview:-1"},"canonical":"https:\/\/elfsight.com\/it\/google-reviews-widget\/godaddy\/","og_locale":"it_IT","og_type":"article","og_title":"Incorpora recensioni Google su GoDaddy in 2 minuti!","og_description":"Dimostra la tua valutazione elevata con il plug-in Google Reviews per il tuo sito web GoDaddy! Rendi semplice lasciare un feedback positivo.","og_url":"https:\/\/elfsight.com\/it\/google-reviews-widget\/godaddy\/","og_site_name":"Elfsight IT","article_modified_time":"2024-12-20T13:29:02+00:00","twitter_card":"summary_large_image","twitter_misc":{"Tempo di lettura stimato":"4 minuti"},"schema":{"@context":"https:\/\/schema.org","@graph":[{"@type":"WebPage","@id":"https:\/\/elfsight.com\/it\/google-reviews-widget\/godaddy\/","url":"https:\/\/elfsight.com\/it\/google-reviews-widget\/godaddy\/","name":"Incorpora recensioni Google su GoDaddy in 2 minuti!","isPartOf":{"@id":"https:\/\/elfsight.com\/it\/#website"},"datePublished":"2024-05-03T06:38:58+00:00","dateModified":"2024-12-20T13:29:02+00:00","description":"Dimostra la tua valutazione elevata con il plug-in Google Reviews per il tuo sito web GoDaddy! Rendi semplice lasciare un feedback positivo.","breadcrumb":{"@id":"https:\/\/elfsight.com\/it\/google-reviews-widget\/godaddy\/#breadcrumb"},"inLanguage":"it-IT","potentialAction":[{"@type":"ReadAction","target":["https:\/\/elfsight.com\/it\/google-reviews-widget\/godaddy\/"]}]},{"@type":"BreadcrumbList","@id":"https:\/\/elfsight.com\/it\/google-reviews-widget\/godaddy\/#breadcrumb","itemListElement":[{"@type":"ListItem","position":1,"name":"Home","item":"https:\/\/elfsight.com\/it\/"},{"@type":"ListItem","position":2,"name":"Google Reviews","item":"https:\/\/elfsight.com\/it\/google-reviews-widget\/"},{"@type":"ListItem","position":3,"name":"Google Reviews &#8211; GoDaddy"}]},{"@type":"WebSite","@id":"https:\/\/elfsight.com\/it\/#website","url":"https:\/\/elfsight.com\/it\/","name":"Elfsight IT","description":"Just another Elfsight Sites site","potentialAction":[{"@type":"SearchAction","target":{"@type":"EntryPoint","urlTemplate":"https:\/\/elfsight.com\/it\/?s={search_term_string}"},"query-input":{"@type":"PropertyValueSpecification","valueRequired":true,"valueName":"search_term_string"}}],"inLanguage":"it-IT"}]}},"meta_box":{"industry":"","seo_heading":"","heading":"","description":"","cta_heading":"","cta_description":"","application":"930","h1":"Plug-in per recensioni Google di GoDaddy","h1_caption":"Incorpora le recensioni del tuo locale da Google per ottenere facilmente le migliori impressioni dei clienti nell'esperienza del tuo sito web nel tuo sito web GoDaddy.","application_category":[],"applications_title":"","applications_request_title":"","applications_request_button_text":"","hero_text":"","hero_video":"","hero_video_schema_markup":"","selling_points_title":"","selling_points_caption":"","selling_points":[],"selling_points_cta_text":"","features_title":"","features":"","ed_cta_examples_text":"","ed_cta_examples_hidden":"","ed_cta_demo_text":"","ed_cta_demo_hidden":"","why_caption":"","why_editor_title":"","why_editor_text":"","why_team_title":"","why_team_text":"","why_service_title":"","why_service_text":"","template_catalog_visible":"0","template_catalog_title":"","template_catalog_text":"","template_catalog_categories_visible":"","demo_title":"Crea il tuo plug-in per recensioni di Google","demo_caption":"Configura le tue recensioni Google e aggiungile gratuitamente al tuo sito web GoDaddy!","default_faq_hidden":"","app_template_category":[],"platform":"53","template_public_id":"","codecanyon_url":"","codecanyon_item_id":"","codecanyon_price":"","pricing_caption":"","pricing_elfsight_apps_hide_column":"","pricing_elfsight_apps_url":"","pricing_codecanyon_price_caption":"","integration_category":[],"integration_request_title":"","integration_request_cta":"","integration_platform":"","integrations":[],"platform_category":[],"video_schema_markup":"","price":"da $ 0 al mese","trial":"","benefits":[{"text":"Assistenza gratuita per l'installazione"},{"text":"Assistenza clienti con esperienza"},{"text":"Garanzia di rimborso di 14 giorni"},{"text":"Sviluppo continuo"}],"button_url":"#demo","button_target_blank":"0","button_nofollow":"0","attributes":[{"name":"Installazioni","content":"1,000 - 5,000"},{"name":"Reattivo","content":"S\u00cc"},{"name":"Browser compatibili","content":"Firefox, Safari, Opera, Chrome, Edge"}],"tags":[],"tags_disable_links":"0","hide_more_platforms":"","video_object":"","demo_hide_cta":"0","demo_hide_cloud_options":"0","pricing_title":"","pricing":[{"pricing_icon":"platform","pricing_title":"Elfsight Apps","pricing_title_caption":"Software multipiattaforma che funziona su qualsiasi sito","pricing_price":"da $ 0 \/ mese","pricing_price_caption":"inizia con il piano gratuito","pricing_benefits":[{"text":"Siti web illimitati"},{"text":"Supporto premium e ben documentato"},{"text":"Assistenza gratuita per l'installazione"},{"text":"100% personalizzabile"}],"pricing_button_text":"Aggiungi al sito web","pricing_button_url":"#demo"}],"related_apps_title":"","related_apps_hidden":"0","author":"","image":[],"title":"","job":"","social_networks":[]},"_links":{"self":[{"href":"https:\/\/elfsight.com\/it\/wp-json\/wp\/v2\/pages\/4770","targetHints":{"allow":["GET"]}}],"collection":[{"href":"https:\/\/elfsight.com\/it\/wp-json\/wp\/v2\/pages"}],"about":[{"href":"https:\/\/elfsight.com\/it\/wp-json\/wp\/v2\/types\/page"}],"author":[{"embeddable":true,"href":"https:\/\/elfsight.com\/it\/wp-json\/wp\/v2\/users\/9"}],"replies":[{"embeddable":true,"href":"https:\/\/elfsight.com\/it\/wp-json\/wp\/v2\/comments?post=4770"}],"version-history":[{"count":2,"href":"https:\/\/elfsight.com\/it\/wp-json\/wp\/v2\/pages\/4770\/revisions"}],"predecessor-version":[{"id":8388,"href":"https:\/\/elfsight.com\/it\/wp-json\/wp\/v2\/pages\/4770\/revisions\/8388"}],"up":[{"embeddable":true,"href":"https:\/\/elfsight.com\/it\/wp-json\/wp\/v2\/pages\/931"}],"wp:attachment":[{"href":"https:\/\/elfsight.com\/it\/wp-json\/wp\/v2\/media?parent=4770"}],"curies":[{"name":"wp","href":"https:\/\/api.w.org\/{rel}","templated":true}]}}