{"id":4731,"date":"2024-05-03T06:38:39","date_gmt":"2024-05-03T06:38:39","guid":{"rendered":"https:\/\/elfsight.com\/it\/?page_id=4731"},"modified":"2025-03-17T06:51:05","modified_gmt":"2025-03-17T06:51:05","slug":"jquery","status":"publish","type":"page","link":"https:\/\/elfsight.com\/it\/google-maps-widget\/jquery\/","title":{"rendered":"Google Maps &#8211; jQuery"},"content":{"rendered":"<div class=\"application-platform-content-item-description application-platform-content-item\" id=\"description\" data-nav-section=\"description\">\n<h2>Descrizione<\/h2>\nUno strumento universale e totalmente personalizzato con un&#8217;integrazione semplice, che rende molto pi\u00f9 facile per i tuoi clienti trovare le posizioni. Efficiente nell&#8217;attirare i clienti offline, l&#8217;integrazione rapida e la personalizzazione dell&#8217;interfaccia lo trasformano in uno dei migliori plugin per il tuo sito.\n\n<b>Ottieni pi\u00f9 clienti offline utilizzando le mappe interattive sul tuo sito web!<\/b>\n<ul>\n \t<li><b>Avvicinati ai clienti<\/b>.Dimostra le tue informazioni di contatto, che i clienti possono utilizzare per contattarti o trovarti sia nella realt\u00e0 che online.<\/li>\n \t<li><b>Mostra una serie completa delle tue posizioni sulla mappa<\/b>. Arricchisci la tua mappa con negozi, luoghi di vendita o ritiro merci e aiuta i tuoi utenti a trovare la destinazione pi\u00f9 vicina.<\/li>\n \t<li><b>Costruzione automatica del percorso verso la tua posizione<\/b>. Non consentire ai clienti di chiudere il tuo sito web quando sono pronti a contattarti. Mostra la strada per i tuoi indirizzi direttamente sulla mappa per ogni cliente!<\/li>\n<\/ul>\n<\/div><div class=\"application-platform-content-item-features application-platform-content-item\" id=\"features\" data-nav-section=\"features\">\n<h2>Caratteristiche<\/h2>\nQuali caratteristiche speciali rendono Elfsight jQuery mappa interattiva il miglior plug-in per ogni sito web?\n<ul>\n \t<li>Diversi indicatori di posizione per la mappa;<\/li>\n \t<li>Tutte le funzionalit\u00e0 di Google Maps supportate: livelli, tipi di mappa, controlli;<\/li>\n \t<li>Modifica titolo del pannello di posizione e scegli gli elementi;<\/li>\n \t<li>Oltre 50 indicatori di posizione multipli;<\/li>\n \t<li>Pratico editor (non \u00e8 richiesta alcuna codifica).<\/li>\n<\/ul>\n<a href=\"#demo\">Controlla tutta la serie di funzioni nella demo!<\/a><\/div><div class=\"application-platform-content-item-installation application-platform-content-item\" id=\"installation\" data-nav-section=\"installation\">\n<h2>Come incorporare il plug-in di Google Map nel sito Web jQuery<\/h2>\nUn breve manuale sull&#8217;installazione autonoma di mappe interattive reattive sito web. Per fare ci\u00f2, non \u00e8 necessario uno sviluppatore o comprendere la codifica. Il tempo di installazione totale \u00e8 di soli 2 minuti.\n<ol>\n \t<li><b>Crea il tuo plug-in Maps personalizzato<\/b>. Utilizzando la nostra demo gratuita, assembla un plug-in con il modello e le opzioni necessari.<\/li>\n \t<li><b>Ottieni un codice per aggiungere il plugin al sito<\/b>. Dopo la regolazione del widget, ottieni un codice per la mappa dalla notifica popup sulle app Elfsight.<\/li>\n \t<li><b>Visualizza il plugin sul sito<\/b>. Incorpora il plug-in nella posizione richiesta del sito Web e salva le modifiche.<\/li>\n \t<li><b>La configurazione \u00e8 completata<\/b>.Vai al tuo sito Web per controllare il tuo lavoro.<\/li>\n<\/ol>\nHai riscontrato difficolt\u00e0 o problemi durante l&#8217;esecuzione del tutorial o la generazione di una mappa personalizzata? Rivolgiti al nostro centro assistenza e saremo felici di supportarti nella creazione e nell&#8217;inserimento delle mappe sul tuo sito web.<\/div><div class=\"faq\" data-component=\"FAQ\"> <div class=\"faq-item\">\r\n\t\t\t\t\t<div class=\"faq-item-question\">\r\n\t\t\t\t\t\t<h3 class=\"faq-item-question-text\">In che modo aggiungo Google Maps al sito jQuery? <\/h3>\r\n\r\n\t\t\t\t\t\t<div class=\"faq-item-question-icon\"><\/div>\r\n\t\t\t\t\t<\/div>\r\n\r\n\t\t\t\t\t<div class=\"faq-item-answer\">\r\n\t\t\t\t\t\t<div class=\"faq-item-answer-text\">La creazione del widget avviene sulle pagine di Elfsight e non \u00e8 necessario imparare a programmare. Apri la nostra demo online per personalizzare il tuo widget, acquisire il codice e integrarlo nel tuo sito.<\/div>\r\n\t\t\t\t\t<\/div>\r\n\t\t\t\t<\/div> <div class=\"faq-item\">\r\n\t\t\t\t\t<div class=\"faq-item-question\">\r\n\t\t\t\t\t\t<h3 class=\"faq-item-question-text\">I modi migliori per utilizzare l'integrazione di Google Map<\/h3>\r\n\r\n\t\t\t\t\t\t<div class=\"faq-item-question-icon\"><\/div>\r\n\t\t\t\t\t<\/div>\r\n\r\n\t\t\t\t\t<div class=\"faq-item-answer\">\r\n\t\t\t\t\t\t<div class=\"faq-item-answer-text\">Ti forniremo tantissime opzioni di regolazione: widget a grandezza naturale da implementare nella sezione dei contenuti, plugin mobili con opportunit\u00e0 di scorrimento, layout per il pi\u00e8 di pagina del tuo sito web, intestazione e tutti i tipi di opportunit\u00e0 verticali per barre laterali e menu.<\/div>\r\n\t\t\t\t\t<\/div>\r\n\t\t\t\t<\/div> <div class=\"faq-item\">\r\n\t\t\t\t\t<div class=\"faq-item-question\">\r\n\t\t\t\t\t\t<h3 class=\"faq-item-question-text\">Posso creare una posizione o una mappa interattiva tramite l'editor? <\/h3>\r\n\r\n\t\t\t\t\t\t<div class=\"faq-item-question-icon\"><\/div>\r\n\t\t\t\t\t<\/div>\r\n\r\n\t\t\t\t\t<div class=\"faq-item-answer\">\r\n\t\t\t\t\t\t<div class=\"faq-item-answer-text\">Sei libero di apportare modifiche al widget. Ci sono una miriade di layout applicabili nell&#8217;editor e tutti possono essere rapidamente personalizzati nel modo che preferisci.<\/div>\r\n\t\t\t\t\t<\/div>\r\n\t\t\t\t<\/div> <\/div>","protected":false},"excerpt":{"rendered":"","protected":false},"author":9,"featured_media":0,"parent":1411,"menu_order":0,"comment_status":"closed","ping_status":"closed","template":"templates\/template-application-platform.php","meta":{"publish_to_discourse":"","publish_post_category":"","wpdc_auto_publish_overridden":"","wpdc_topic_tags":"","wpdc_pin_topic":"","wpdc_pin_until":"","discourse_post_id":"","discourse_permalink":"","wpdc_publishing_response":"","wpdc_publishing_error":"","footnotes":""},"class_list":["post-4731","page","type-page","status-publish","hentry"],"yoast_head":"<!-- This site is optimized with the Yoast SEO plugin v25.3.1 - https:\/\/yoast.com\/wordpress\/plugins\/seo\/ -->\n<title>Plug-in jQuery Google Map con indicatori e posizioni multiple (2025)<\/title>\n<meta name=\"description\" content=\"Crea il miglior plug-in di Google Map per il sito Web JQuery con indicatori e posizioni multiple. Dimostra gratuitamente mappe interattive sul tuo sito in soli 3 minuti.\" \/>\n<meta name=\"robots\" content=\"index, follow, max-snippet:-1, max-image-preview:large, max-video-preview:-1\" \/>\n<link rel=\"canonical\" href=\"https:\/\/elfsight.com\/it\/google-maps-widget\/jquery\/\" \/>\n<meta property=\"og:locale\" content=\"it_IT\" \/>\n<meta property=\"og:type\" content=\"article\" \/>\n<meta property=\"og:title\" content=\"Plug-in jQuery Google Map con indicatori e posizioni multiple (2025)\" \/>\n<meta property=\"og:description\" content=\"Crea il miglior plug-in di Google Map per il sito Web JQuery con indicatori e posizioni multiple. Dimostra gratuitamente mappe interattive sul tuo sito in soli 3 minuti.\" \/>\n<meta property=\"og:url\" content=\"https:\/\/elfsight.com\/it\/google-maps-widget\/jquery\/\" \/>\n<meta property=\"og:site_name\" content=\"Elfsight IT\" \/>\n<meta property=\"article:modified_time\" content=\"2025-03-17T06:51:05+00:00\" \/>\n<meta name=\"twitter:card\" content=\"summary_large_image\" \/>\n<meta name=\"twitter:label1\" content=\"Tempo di lettura stimato\" \/>\n\t<meta name=\"twitter:data1\" content=\"3 minuti\" \/>\n<!-- \/ Yoast SEO plugin. -->","yoast_head_json":{"title":"Plug-in jQuery Google Map con indicatori e posizioni multiple (2025)","description":"Crea il miglior plug-in di Google Map per il sito Web JQuery con indicatori e posizioni multiple. Dimostra gratuitamente mappe interattive sul tuo sito in soli 3 minuti.","robots":{"index":"index","follow":"follow","max-snippet":"max-snippet:-1","max-image-preview":"max-image-preview:large","max-video-preview":"max-video-preview:-1"},"canonical":"https:\/\/elfsight.com\/it\/google-maps-widget\/jquery\/","og_locale":"it_IT","og_type":"article","og_title":"Plug-in jQuery Google Map con indicatori e posizioni multiple (2025)","og_description":"Crea il miglior plug-in di Google Map per il sito Web JQuery con indicatori e posizioni multiple. Dimostra gratuitamente mappe interattive sul tuo sito in soli 3 minuti.","og_url":"https:\/\/elfsight.com\/it\/google-maps-widget\/jquery\/","og_site_name":"Elfsight IT","article_modified_time":"2025-03-17T06:51:05+00:00","twitter_card":"summary_large_image","twitter_misc":{"Tempo di lettura stimato":"3 minuti"},"schema":{"@context":"https:\/\/schema.org","@graph":[{"@type":"WebPage","@id":"https:\/\/elfsight.com\/it\/google-maps-widget\/jquery\/","url":"https:\/\/elfsight.com\/it\/google-maps-widget\/jquery\/","name":"Plug-in jQuery Google Map con indicatori e posizioni multiple (2025)","isPartOf":{"@id":"https:\/\/elfsight.com\/it\/#website"},"datePublished":"2024-05-03T06:38:39+00:00","dateModified":"2025-03-17T06:51:05+00:00","description":"Crea il miglior plug-in di Google Map per il sito Web JQuery con indicatori e posizioni multiple. Dimostra gratuitamente mappe interattive sul tuo sito in soli 3 minuti.","breadcrumb":{"@id":"https:\/\/elfsight.com\/it\/google-maps-widget\/jquery\/#breadcrumb"},"inLanguage":"it-IT","potentialAction":[{"@type":"ReadAction","target":["https:\/\/elfsight.com\/it\/google-maps-widget\/jquery\/"]}]},{"@type":"BreadcrumbList","@id":"https:\/\/elfsight.com\/it\/google-maps-widget\/jquery\/#breadcrumb","itemListElement":[{"@type":"ListItem","position":1,"name":"Home","item":"https:\/\/elfsight.com\/it\/"},{"@type":"ListItem","position":2,"name":"Google Maps","item":"https:\/\/elfsight.com\/it\/google-maps-widget\/"},{"@type":"ListItem","position":3,"name":"Google Maps &#8211; jQuery"}]},{"@type":"WebSite","@id":"https:\/\/elfsight.com\/it\/#website","url":"https:\/\/elfsight.com\/it\/","name":"Elfsight IT","description":"Just another Elfsight Sites site","potentialAction":[{"@type":"SearchAction","target":{"@type":"EntryPoint","urlTemplate":"https:\/\/elfsight.com\/it\/?s={search_term_string}"},"query-input":{"@type":"PropertyValueSpecification","valueRequired":true,"valueName":"search_term_string"}}],"inLanguage":"it-IT"}]}},"meta_box":{"industry":"","seo_heading":"","heading":"","description":"","cta_heading":"","cta_description":"","application":"1410","h1":"Plug-in jQuery per Google Map","h1_caption":"Incorpora una mappa Google reattiva per visualizzare la tua posizione o pi\u00f9 posizioni per una facile navigazione nel tuo sito Web jQuery senza sforzo.","application_category":[],"applications_title":"","applications_request_title":"","applications_request_button_text":"","hero_text":"","hero_video":"","hero_video_schema_markup":"","selling_points_title":"","selling_points_caption":"","selling_points":[],"selling_points_cta_text":"","features_title":"","features":"","ed_cta_examples_text":"","ed_cta_examples_hidden":"","ed_cta_demo_text":"","ed_cta_demo_hidden":"","why_caption":"","why_editor_title":"","why_editor_text":"","why_team_title":"","why_team_text":"","why_service_title":"","why_service_text":"","template_catalog_visible":"0","template_catalog_title":"","template_catalog_text":"","template_catalog_categories_visible":"","demo_title":"Crea il tuo plug-in di Google Maps","demo_caption":"Configura la tua Google Maps e aggiungila gratuitamente al tuo sito jQuery!","default_faq_hidden":"","app_template_category":[],"platform":"37","template_public_id":"","codecanyon_url":"","codecanyon_item_id":"","codecanyon_price":"","pricing_caption":"","pricing_elfsight_apps_hide_column":"","pricing_elfsight_apps_url":"","pricing_codecanyon_price_caption":"","integration_category":[],"integration_request_title":"","integration_request_cta":"","integration_platform":"","integrations":[],"platform_category":[],"video_schema_markup":"","price":"da $ 0 al mese","trial":"","benefits":[{"text":"Servizio di installazione gratuito"},{"text":"Assistenza clienti con esperienza"},{"text":"Garanzia di rimborso di 14 giorni"},{"text":"Miglioramenti continui"}],"button_url":"#demo","button_target_blank":"0","button_nofollow":"0","attributes":[{"name":"Installazioni"},{"name":"Reattivo","content":"S\u00cc"},{"name":"Browser compatibili","content":"Firefox, Safari, Opera, Chrome, Edge"}],"tags":[],"tags_disable_links":"0","hide_more_platforms":"0","video_object":"","demo_hide_cta":"0","demo_hide_cloud_options":"0","pricing_title":"","pricing":[{"pricing_icon":"platform","pricing_title":"Elfsight Apps","pricing_title_caption":"Software indipendente dalla piattaforma","pricing_price":"da $ 0 \/ mese","pricing_price_caption":"inizia con un piano gratuito","pricing_benefits":[{"text":"Siti web illimitati"},{"text":"Supporto rapido e puntuale"},{"text":"Aiuto gratuito per l'installazione"},{"text":"Completamente personalizzabile"}],"pricing_button_text":"Aggiungi al sito web","pricing_button_url":"#demo"}],"related_apps_title":"","related_apps_hidden":"0","author":"","image":[],"title":"","job":"","social_networks":[]},"_links":{"self":[{"href":"https:\/\/elfsight.com\/it\/wp-json\/wp\/v2\/pages\/4731","targetHints":{"allow":["GET"]}}],"collection":[{"href":"https:\/\/elfsight.com\/it\/wp-json\/wp\/v2\/pages"}],"about":[{"href":"https:\/\/elfsight.com\/it\/wp-json\/wp\/v2\/types\/page"}],"author":[{"embeddable":true,"href":"https:\/\/elfsight.com\/it\/wp-json\/wp\/v2\/users\/9"}],"replies":[{"embeddable":true,"href":"https:\/\/elfsight.com\/it\/wp-json\/wp\/v2\/comments?post=4731"}],"version-history":[{"count":2,"href":"https:\/\/elfsight.com\/it\/wp-json\/wp\/v2\/pages\/4731\/revisions"}],"predecessor-version":[{"id":8869,"href":"https:\/\/elfsight.com\/it\/wp-json\/wp\/v2\/pages\/4731\/revisions\/8869"}],"up":[{"embeddable":true,"href":"https:\/\/elfsight.com\/it\/wp-json\/wp\/v2\/pages\/1411"}],"wp:attachment":[{"href":"https:\/\/elfsight.com\/it\/wp-json\/wp\/v2\/media?parent=4731"}],"curies":[{"name":"wp","href":"https:\/\/api.w.org\/{rel}","templated":true}]}}