{"id":4725,"date":"2024-05-03T06:38:37","date_gmt":"2024-05-03T06:38:37","guid":{"rendered":"https:\/\/elfsight.com\/it\/?page_id=4725"},"modified":"2024-11-12T08:36:53","modified_gmt":"2024-11-12T08:36:53","slug":"iframe","status":"publish","type":"page","link":"https:\/\/elfsight.com\/it\/google-maps-widget\/iframe\/","title":{"rendered":"Google Maps &#8211; iFrame"},"content":{"rendered":"<div class=\"application-platform-content-item-description application-platform-content-item\" id=\"description\" data-nav-section=\"description\"><h2>Incorpora Google Maps su iFrame con il widget Elfsight<\/h2><p>Offriamo un plugin con integrazione semplicissima e una variet\u00e0 di opzioni di personalizzazione. Render\u00e0 pi\u00f9 facile per i tuoi clienti trovare i tuoi negozi. Segna i tuoi luoghi sulla mappa e aiuta gli utenti a trovare il percorso in pochi semplici passaggi. Questo \u00e8 un must assoluto per qualsiasi sito iFrame di e-commerce.<\/p> <p><b>Attieni pi\u00f9 visitatori nella vita reale con l&#8217;aiuto di mappe reattive sul tuo sito web!<\/b><\/p> <p> <b>Aumenta il livello di interazione dei tuoi visitatori con il contenuto del sito web<\/b><br> Configura la tua mappa per essere comoda per i clienti e mostrala sul tuo sito web, in modo che i clienti possano utilizzare in modo efficiente i tuoi dati di contatto.<\/p><p><b>Trova e attira clienti locali<\/b><br> Contrassegna la tua posizione per far capire agli utenti che sei nelle vicinanze e potranno raggiungere rapidamente il tuo ufficio.<\/p><p><b> Risparmia tempo e fatica nella creazione delle mappe<\/b><br> Decine di funzioni sono disponibili con pochi clic del mouse per aiutarti a costruire la mappa pi\u00f9 potente per il tuo sito web.<\/p><\/div><div class=\"application-platform-content-item-features application-platform-content-item\" id=\"features\" data-nav-section=\"features\"> <h2>Caratteristiche principali del widget di Google Maps<\/h2><p>Quali vantaggi rendono il plug-in della mappa Elfsight il migliore per ogni sito web iFrame?<\/p><ul><li>Oltre 50 indicatori di posizione;<\/li><li>Aggiunta di una nuova posizione inserendo solo il suo indirizzo, nome o coordinate;<\/li><li>Reindirizzamento URL per ogni indicatore cliccabile;<\/li><li>Scheda informativa con il massimo delle informazioni di contatto;<\/li><li>Costruzione automatica del percorso dalla posizione del visitatore.<\/li><p><a href=\"#demo\">Prova l&#8217;elenco completo delle caratteristiche nella demo!<\/a><\/p><\/div><div class=\"application-platform-content-item-installazione application-platform-content-item\" id=\"installazione\" data-nav-section=\"installazione\"><h2>Come incorporare il plug-in di Google Maps nel sito Web iFrame<\/h2><p>Un breve tutorial sull&#8217;integrazione autonoma delle mappe reattive su iFrame. Per realizzarlo, non \u00e8 necessario assumere un programmatore o avere conoscenze nella programmazione web. La durata totale di realizzazione \u00e8 di soli 4 minuti.<\/p><ol><li><b>Progetta il tuo plugin Mappa<\/b><br> Attraverso la nostra demo gratuita, genera un plugin con un layout personalizzato e funzioni. <\/li><li><b>Acquisisci il codice individuale per pubblicare il plugin<\/b><br> Dopo aver configurato il tuo plugin, riceverai il codice di configurazione dalla notifica apparsa su Elfsight Apps. Copia questo codice per un ulteriore utilizzo. <\/li> <li><b>Incorpora il plugin nel tuo sito web<\/b><br> Vai nell&#8217;area in cui desideri aggiungere il plugin e inserisci l\u00ec il codice copiato. Salva le modifiche. <\/li> <li><b>Hai finito! <\/b><br> Visita il negozio, per dare un&#8217;occhiata alla tua mappa google. <\/li> <\/ol><p>Hai difficolt\u00e0 o domande durante l&#8217;esecuzione delle istruzioni di configurazione? Leggi le istruzioni dettagliate \u00abCome visualizzare una mappa sul sito web iFrame\u00bb o lascia una richiesta al centro assistenza e il team di supporto sar\u00e0 felice di aiutarti a modellare e inserire mappe sul tuo sito.<\/p><\/div><div class=\"faq\" data-component=\"FAQ\"><div class=\"faq-item\">\r\n\t\t\t\t\t<div class=\"faq-item-question\">\r\n\t\t\t\t\t\t<h3 class=\"faq-item-question-text\">Come posso aggiungere una Google Maps al sito web iFrame? <\/h3>\r\n\r\n\t\t\t\t\t\t<div class=\"faq-item-question-icon\"><\/div>\r\n\t\t\t\t\t<\/div>\r\n\r\n\t\t\t\t\t<div class=\"faq-item-answer\">\r\n\t\t\t\t\t\t<div class=\"faq-item-answer-text\"><p>La base dello strumento viene eseguita sulle pagine Elfsight e non \u00e8 necessaria la codifica. Vai alla nostra demo online per personalizzare il tuo widget personale, ottenere il codice e implementarlo sul tuo sito web. <\/p><\/div>\r\n\t\t\t\t\t<\/div>\r\n\t\t\t\t<\/div><div class=\"faq-item\">\r\n\t\t\t\t\t<div class=\"faq-item-question\">\r\n\t\t\t\t\t\t<h3 class=\"faq-item-question-text\">I migliori esempi di utilizzo dell'integrazione dei widget di Maps<\/h3>\r\n\r\n\t\t\t\t\t\t<div class=\"faq-item-question-icon\"><\/div>\r\n\t\t\t\t\t<\/div>\r\n\r\n\t\t\t\t\t<div class=\"faq-item-answer\">\r\n\t\t\t\t\t\t<div class=\"faq-item-answer-text\"><p>Offriamo molte opportunit\u00e0 di regolazione: widget a grandezza naturale da inserire nell&#8217;area dei contenuti, widget mobili con funzionalit\u00e0 di scorrimento, layout per il pi\u00e8 di pagina del tuo sito web, sezione principale e tutti i tipi di possibilit\u00e0 verticali per barre laterali e menu. <\/p><\/div>\r\n\t\t\t\t\t<\/div>\r\n\t\t\t\t<\/div><div class=\"faq-item\">\r\n\t\t\t\t\t<div class=\"faq-item-question\">\r\n\t\t\t\t\t\t<h3 class=\"faq-item-question-text\">Posso creare una mappa locale o una mappa semplice tramite il tuo editor? <\/h3>\r\n\r\n\t\t\t\t\t\t<div class=\"faq-item-question-icon\"><\/div>\r\n\t\t\t\t\t<\/div>\r\n\r\n\t\t\t\t\t<div class=\"faq-item-answer\">\r\n\t\t\t\t\t\t<div class=\"faq-item-answer-text\"><p>Sei libero di creare qualsiasi variante del widget. Ci sono una serie di layout applicabili nell&#8217;editor e tutti possono essere rapidamente modificati proprio come ti manca. <\/p><\/div>\r\n\t\t\t\t\t<\/div>\r\n\t\t\t\t<\/div><\/div><\/ul>","protected":false},"excerpt":{"rendered":"","protected":false},"author":9,"featured_media":0,"parent":1411,"menu_order":0,"comment_status":"closed","ping_status":"closed","template":"templates\/template-application-platform.php","meta":{"publish_to_discourse":"","publish_post_category":"","wpdc_auto_publish_overridden":"","wpdc_topic_tags":"","wpdc_pin_topic":"","wpdc_pin_until":"","discourse_post_id":"","discourse_permalink":"","wpdc_publishing_response":"","wpdc_publishing_error":"","footnotes":""},"class_list":["post-4725","page","type-page","status-publish","hentry"],"yoast_head":"<!-- This site is optimized with the Yoast SEO plugin v25.3.1 - https:\/\/yoast.com\/wordpress\/plugins\/seo\/ -->\n<title>Plug-in iFrame di Google Maps per il tuo sito web (gratuito e veloce)<\/title>\n<meta name=\"description\" content=\"Prova il miglior plug-in di Google Maps per il sito iFrame. Aggiungi mappe interattive gratuitamente in soli 2 minuti nell&#039;editor di plugin pi\u00f9 veloce.\" \/>\n<meta name=\"robots\" content=\"index, follow, max-snippet:-1, max-image-preview:large, max-video-preview:-1\" \/>\n<link rel=\"canonical\" href=\"https:\/\/elfsight.com\/it\/google-maps-widget\/iframe\/\" \/>\n<meta property=\"og:locale\" content=\"it_IT\" \/>\n<meta property=\"og:type\" content=\"article\" \/>\n<meta property=\"og:title\" content=\"Plug-in iFrame di Google Maps per il tuo sito web (gratuito e veloce)\" \/>\n<meta property=\"og:description\" content=\"Prova il miglior plug-in di Google Maps per il sito iFrame. Aggiungi mappe interattive gratuitamente in soli 2 minuti nell&#039;editor di plugin pi\u00f9 veloce.\" \/>\n<meta property=\"og:url\" content=\"https:\/\/elfsight.com\/it\/google-maps-widget\/iframe\/\" \/>\n<meta property=\"og:site_name\" content=\"Elfsight IT\" \/>\n<meta property=\"article:modified_time\" content=\"2024-11-12T08:36:53+00:00\" \/>\n<meta name=\"twitter:card\" content=\"summary_large_image\" \/>\n<meta name=\"twitter:label1\" content=\"Tempo di lettura stimato\" \/>\n\t<meta name=\"twitter:data1\" content=\"3 minuti\" \/>\n<!-- \/ Yoast SEO plugin. -->","yoast_head_json":{"title":"Plug-in iFrame di Google Maps per il tuo sito web (gratuito e veloce)","description":"Prova il miglior plug-in di Google Maps per il sito iFrame. Aggiungi mappe interattive gratuitamente in soli 2 minuti nell'editor di plugin pi\u00f9 veloce.","robots":{"index":"index","follow":"follow","max-snippet":"max-snippet:-1","max-image-preview":"max-image-preview:large","max-video-preview":"max-video-preview:-1"},"canonical":"https:\/\/elfsight.com\/it\/google-maps-widget\/iframe\/","og_locale":"it_IT","og_type":"article","og_title":"Plug-in iFrame di Google Maps per il tuo sito web (gratuito e veloce)","og_description":"Prova il miglior plug-in di Google Maps per il sito iFrame. Aggiungi mappe interattive gratuitamente in soli 2 minuti nell'editor di plugin pi\u00f9 veloce.","og_url":"https:\/\/elfsight.com\/it\/google-maps-widget\/iframe\/","og_site_name":"Elfsight IT","article_modified_time":"2024-11-12T08:36:53+00:00","twitter_card":"summary_large_image","twitter_misc":{"Tempo di lettura stimato":"3 minuti"},"schema":{"@context":"https:\/\/schema.org","@graph":[{"@type":"WebPage","@id":"https:\/\/elfsight.com\/it\/google-maps-widget\/iframe\/","url":"https:\/\/elfsight.com\/it\/google-maps-widget\/iframe\/","name":"Plug-in iFrame di Google Maps per il tuo sito web (gratuito e veloce)","isPartOf":{"@id":"https:\/\/elfsight.com\/it\/#website"},"datePublished":"2024-05-03T06:38:37+00:00","dateModified":"2024-11-12T08:36:53+00:00","description":"Prova il miglior plug-in di Google Maps per il sito iFrame. Aggiungi mappe interattive gratuitamente in soli 2 minuti nell'editor di plugin pi\u00f9 veloce.","breadcrumb":{"@id":"https:\/\/elfsight.com\/it\/google-maps-widget\/iframe\/#breadcrumb"},"inLanguage":"it-IT","potentialAction":[{"@type":"ReadAction","target":["https:\/\/elfsight.com\/it\/google-maps-widget\/iframe\/"]}]},{"@type":"BreadcrumbList","@id":"https:\/\/elfsight.com\/it\/google-maps-widget\/iframe\/#breadcrumb","itemListElement":[{"@type":"ListItem","position":1,"name":"Home","item":"https:\/\/elfsight.com\/it\/"},{"@type":"ListItem","position":2,"name":"Google Maps","item":"https:\/\/elfsight.com\/it\/google-maps-widget\/"},{"@type":"ListItem","position":3,"name":"Google Maps &#8211; iFrame"}]},{"@type":"WebSite","@id":"https:\/\/elfsight.com\/it\/#website","url":"https:\/\/elfsight.com\/it\/","name":"Elfsight IT","description":"Just another Elfsight Sites site","potentialAction":[{"@type":"SearchAction","target":{"@type":"EntryPoint","urlTemplate":"https:\/\/elfsight.com\/it\/?s={search_term_string}"},"query-input":{"@type":"PropertyValueSpecification","valueRequired":true,"valueName":"search_term_string"}}],"inLanguage":"it-IT"}]}},"meta_box":{"industry":"","seo_heading":"","heading":"","description":"","cta_heading":"","cta_description":"","application":"1410","h1":"Plug-in iFrame per Google Maps","h1_caption":"Incorpora una mappa Google reattiva per visualizzare la tua posizione o pi\u00f9 posizioni per una facile navigazione nel tuo sito web iFrame senza sforzo.","application_category":[],"applications_title":"","applications_request_title":"","applications_request_button_text":"","hero_text":"","hero_video":"","hero_video_schema_markup":"","selling_points_title":"","selling_points_caption":"","selling_points":[],"selling_points_cta_text":"","features_title":"","features":"","ed_cta_examples_text":"","ed_cta_examples_hidden":"","ed_cta_demo_text":"","ed_cta_demo_hidden":"","why_caption":"","why_editor_title":"","why_editor_text":"","why_team_title":"","why_team_text":"","why_service_title":"","why_service_text":"","template_catalog_visible":"","template_catalog_title":"","template_catalog_text":"","template_catalog_categories_visible":"","demo_title":"Crea il tuo widget di Google Maps","demo_caption":"Configura la tua Google Maps e aggiungila gratuitamente al tuo sito iFrame!","default_faq_hidden":"","app_template_category":[],"platform":"54","template_public_id":"","codecanyon_url":"","codecanyon_item_id":"","codecanyon_price":"","pricing_caption":"","pricing_elfsight_apps_hide_column":"","pricing_elfsight_apps_url":"","pricing_codecanyon_price_caption":"","integration_category":[],"integration_request_title":"","integration_request_cta":"","integration_platform":"","integrations":[],"platform_category":[],"video_schema_markup":"","price":"da $ 0 al mese","trial":"","benefits":[{"text":"Servizio di installazione gratuito"},{"text":"Servizio clienti professionale"},{"text":"Garanzia di rimborso di 14 giorni"},{"text":"Aggiornamenti gratuiti continui"}],"button_url":"#demo","button_target_blank":"","button_nofollow":"","attributes":[{"name":"Installazioni"},{"name":"Reattivo","content":"S\u00cc"},{"name":"Browser compatibili","content":"Firefox, Safari, Opera, Chrome, Edge"}],"tags":[],"tags_disable_links":"","hide_more_platforms":"","video_object":"","demo_hide_cta":"","demo_hide_cloud_options":"","pricing_title":"","pricing":[{"pricing_icon":"platform","pricing_title":"Elfsight Apps","pricing_title_caption":"Versione multipiattaforma","pricing_price":"da $ 0 \/ mese","pricing_price_caption":"inizia con il piano gratuito","pricing_benefits":[{"text":"Numero illimitato di siti web"},{"text":"Supporto rapido e puntuale"},{"text":"Assistenza per l'installazione gratuita"},{"text":"Offerta speciale per pi\u00f9 app"}],"pricing_button_text":"Aggiungi al sito web","pricing_button_url":"#demo"}],"related_apps_title":"","related_apps_hidden":"","author":"","image":[],"title":"","job":"","social_networks":[]},"_links":{"self":[{"href":"https:\/\/elfsight.com\/it\/wp-json\/wp\/v2\/pages\/4725","targetHints":{"allow":["GET"]}}],"collection":[{"href":"https:\/\/elfsight.com\/it\/wp-json\/wp\/v2\/pages"}],"about":[{"href":"https:\/\/elfsight.com\/it\/wp-json\/wp\/v2\/types\/page"}],"author":[{"embeddable":true,"href":"https:\/\/elfsight.com\/it\/wp-json\/wp\/v2\/users\/9"}],"replies":[{"embeddable":true,"href":"https:\/\/elfsight.com\/it\/wp-json\/wp\/v2\/comments?post=4725"}],"version-history":[{"count":1,"href":"https:\/\/elfsight.com\/it\/wp-json\/wp\/v2\/pages\/4725\/revisions"}],"predecessor-version":[{"id":4729,"href":"https:\/\/elfsight.com\/it\/wp-json\/wp\/v2\/pages\/4725\/revisions\/4729"}],"up":[{"embeddable":true,"href":"https:\/\/elfsight.com\/it\/wp-json\/wp\/v2\/pages\/1411"}],"wp:attachment":[{"href":"https:\/\/elfsight.com\/it\/wp-json\/wp\/v2\/media?parent=4725"}],"curies":[{"name":"wp","href":"https:\/\/api.w.org\/{rel}","templated":true}]}}