{"id":4699,"date":"2024-05-03T06:38:23","date_gmt":"2024-05-03T06:38:23","guid":{"rendered":"https:\/\/elfsight.com\/it\/?page_id=4699"},"modified":"2024-11-12T08:34:54","modified_gmt":"2024-11-12T08:34:54","slug":"jquery","status":"publish","type":"page","link":"https:\/\/elfsight.com\/it\/g2-crowd-reviews-widget\/jquery\/","title":{"rendered":"G2 Crowd Reviews &#8211; jQuery"},"content":{"rendered":"<div class=\"application-platform-content-item-description application-platform-content-item\" id=\"description\" data-nav-section=\"description\"><h2>Descrizione<\/h2> <p>Elfsight G2 Reviews \u00e8 il modo migliore per modellare la reputazione della tua azienda mostrando le recensioni dei clienti reali sulle tue offerte . Seleziona solo i commenti positivi o quelli pi\u00f9 attraenti e organizzali nel modo che preferisci. Accumula prove sociali dimostrando al tuo pubblico che il tuo livello di credibilit\u00e0 \u00e8 elevato. Aiuta le persone a pubblicare nuove impressioni sulla tua attivit\u00e0 e incoraggia le conversazioni con i clienti! <\/p><p><b>Aumenta il livello di fiducia nei confronti della tua azienda tramite le recensioni di G2 Crowd sul tuo sito<\/b><\/p><\/div><div class=\"application-platform-content-item-features application-platform-content-item\" id=\"features\" data-nav-section=\"features\"><h2>Funzionalit\u00e0<\/h2> <p>Per avere una conoscenza pi\u00f9 chiara del plugin visionare l&#8217;elenco delle sue principali funzionalit\u00e0. Rendono questo widget incredibilmente efficiente per te: <\/p><ul> <li>Tre filtri predefiniti: per tipo, escludi per e numero di recensioni da mostrare; <\/li><li>Quattro varianti di layout: Elenco, Griglia, Muratura e Dispositivo di scorrimento; <\/li><li>Intestazione commutabile del plugin; <\/li><li>Il pulsante di richiesta di revisione indirizza i visitatori al tuo account G2; <\/li><li>Sei unit\u00e0 flessibili del plugin: il nome dell&#8217;autore e della foto, la recensione, la data, l&#8217;icona G2 e la valutazione in stelle; <\/li><li>2 potenziali scenari dopo il rifiuto della richiesta di revisione: mostrare un testo o nascondere il pulsante. <\/li><\/ul><p><a href=\"#demo\">Controlla un elenco completo delle funzionalit\u00e0 nella demo dal vivo<\/a><\/p><\/div><div class=\"application-platform-content-item-installation application-platform-content-item\" id=\"installation\" data-nav-section=\"installation\"><h2>Come aggiungere G2 Crowd Reviews al sito web jQuery<\/h2><p>Le seguenti azioni sono l&#8217;unica cosa che devi fare. <\/p><ol><li><b>Costruisci il tuo plugin G2 Crowd personalizzato<\/b><br>Tramite il nostro configuratore gratuito, ottieni un plugin con aspetto e funzionalit\u00e0 preferibili. <\/li> <li><b>Acquisisci il codice personale per incorporare il plugin<\/b><br>Dopo aver creato il tuo widget, riceverai il codice univoco nella notifica apparsa su Elfsight Apps. Copialo. <\/li> <li><b> Il plugin sul tuo sito jQuery<\/b><br>Trova il posto in cui desideri visualizzare il plugin e aggiungi l\u00ec il codice copiato. Pubblica le modifiche. <\/li> <li><b>Congratulazioni! Hai appena integrato il widget! <\/b><br>Vai al tuo sito per dare un&#8217;occhiata al tuo plugin. <\/li><\/ol><p>Non riesci ancora a decidere? O riscontri problemi? Basta una singola richiesta al nostro team di supporto per risolvere qualsiasi tipo di problema. <\/p><div class=\"faq\" data-component=\"FAQ\"> <div class=\"faq-item\">\r\n\t\t\t\t\t<div class=\"faq-item-question\">\r\n\t\t\t\t\t\t<h3 class=\"faq-item-question-text\">Come aggiungere G2 Reviews al mio sito Web jQuery senza competenze di codifica?<\/h3>\r\n\r\n\t\t\t\t\t\t<div class=\"faq-item-question-icon\"><\/div>\r\n\t\t\t\t\t<\/div>\r\n\r\n\t\t\t\t\t<div class=\"faq-item-answer\">\r\n\t\t\t\t\t\t<div class=\"faq-item-answer-text\"> <p>Elfsight fornisce una soluzione SaaS che ti consente di creare tu stesso un widget G2 Reviews, scopri quanto \u00e8 facile il processo \u00e8: lavora direttamente nell&#8217;editor online per creare un widget G2 Reviews che vorresti vedere sul tuo sito web jQuery. Scegli uno dei modelli predefiniti e regola le impostazioni di G2 Reviews, aggiungi i tuoi contenuti, modifica il layout e il colore degli elementi senza alcuna competenza di codifica. Salva G2 Reviews e copia il suo codice di installazione, che potrai aggiungere facilmente nel tuo sito jQuery senza acquistare un abbonamento a pagamento. Con il nostro editor intuitivo qualsiasi utente di Internet pu\u00f2 creare widget G2 Reviews online e incorporarlo facilmente nel proprio sito Web jQuery. Non \u00e8 necessario pagare o inserire le credenziali della carta per accedere al servizio. In caso di problemi in qualsiasi momento, non esitate a contattare il nostro team di supporto tecnico.<\/p> <\/div>\r\n\t\t\t\t\t<\/div>\r\n\t\t\t\t<\/div> <\/div> <\/div>","protected":false},"excerpt":{"rendered":"","protected":false},"author":9,"featured_media":0,"parent":2681,"menu_order":0,"comment_status":"closed","ping_status":"closed","template":"templates\/template-application-platform.php","meta":{"publish_to_discourse":"","publish_post_category":"","wpdc_auto_publish_overridden":"","wpdc_topic_tags":"","wpdc_pin_topic":"","wpdc_pin_until":"","discourse_post_id":"","discourse_permalink":"","wpdc_publishing_response":"","wpdc_publishing_error":"","footnotes":""},"class_list":["post-4699","page","type-page","status-publish","hentry"],"yoast_head":"<!-- This site is optimized with the Yoast SEO plugin v25.3.1 - https:\/\/yoast.com\/wordpress\/plugins\/seo\/ -->\n<title>Incorpora G2 Crowd Reviews nel sito Web jQuery (gratuito e veloce)<\/title>\n<meta name=\"description\" content=\"\u00c8 facile creare il tuo plugin G2 Crowd Reviews e visualizzarlo sul tuo sito web jQuery. Il servizio clienti Elfsight \u00e8 gratuito e veloce.\" \/>\n<meta name=\"robots\" content=\"index, follow, max-snippet:-1, max-image-preview:large, max-video-preview:-1\" \/>\n<link rel=\"canonical\" href=\"https:\/\/elfsight.com\/it\/g2-crowd-reviews-widget\/jquery\/\" \/>\n<meta property=\"og:locale\" content=\"it_IT\" \/>\n<meta property=\"og:type\" content=\"article\" \/>\n<meta property=\"og:title\" content=\"Incorpora G2 Crowd Reviews nel sito Web jQuery (gratuito e veloce)\" \/>\n<meta property=\"og:description\" content=\"\u00c8 facile creare il tuo plugin G2 Crowd Reviews e visualizzarlo sul tuo sito web jQuery. Il servizio clienti Elfsight \u00e8 gratuito e veloce.\" \/>\n<meta property=\"og:url\" content=\"https:\/\/elfsight.com\/it\/g2-crowd-reviews-widget\/jquery\/\" \/>\n<meta property=\"og:site_name\" content=\"Elfsight IT\" \/>\n<meta property=\"article:modified_time\" content=\"2024-11-12T08:34:54+00:00\" \/>\n<meta name=\"twitter:card\" content=\"summary_large_image\" \/>\n<meta name=\"twitter:label1\" content=\"Tempo di lettura stimato\" \/>\n\t<meta name=\"twitter:data1\" content=\"3 minuti\" \/>\n<!-- \/ Yoast SEO plugin. -->","yoast_head_json":{"title":"Incorpora G2 Crowd Reviews nel sito Web jQuery (gratuito e veloce)","description":"\u00c8 facile creare il tuo plugin G2 Crowd Reviews e visualizzarlo sul tuo sito web jQuery. Il servizio clienti Elfsight \u00e8 gratuito e veloce.","robots":{"index":"index","follow":"follow","max-snippet":"max-snippet:-1","max-image-preview":"max-image-preview:large","max-video-preview":"max-video-preview:-1"},"canonical":"https:\/\/elfsight.com\/it\/g2-crowd-reviews-widget\/jquery\/","og_locale":"it_IT","og_type":"article","og_title":"Incorpora G2 Crowd Reviews nel sito Web jQuery (gratuito e veloce)","og_description":"\u00c8 facile creare il tuo plugin G2 Crowd Reviews e visualizzarlo sul tuo sito web jQuery. Il servizio clienti Elfsight \u00e8 gratuito e veloce.","og_url":"https:\/\/elfsight.com\/it\/g2-crowd-reviews-widget\/jquery\/","og_site_name":"Elfsight IT","article_modified_time":"2024-11-12T08:34:54+00:00","twitter_card":"summary_large_image","twitter_misc":{"Tempo di lettura stimato":"3 minuti"},"schema":{"@context":"https:\/\/schema.org","@graph":[{"@type":"WebPage","@id":"https:\/\/elfsight.com\/it\/g2-crowd-reviews-widget\/jquery\/","url":"https:\/\/elfsight.com\/it\/g2-crowd-reviews-widget\/jquery\/","name":"Incorpora G2 Crowd Reviews nel sito Web jQuery (gratuito e veloce)","isPartOf":{"@id":"https:\/\/elfsight.com\/it\/#website"},"datePublished":"2024-05-03T06:38:23+00:00","dateModified":"2024-11-12T08:34:54+00:00","description":"\u00c8 facile creare il tuo plugin G2 Crowd Reviews e visualizzarlo sul tuo sito web jQuery. Il servizio clienti Elfsight \u00e8 gratuito e veloce.","breadcrumb":{"@id":"https:\/\/elfsight.com\/it\/g2-crowd-reviews-widget\/jquery\/#breadcrumb"},"inLanguage":"it-IT","potentialAction":[{"@type":"ReadAction","target":["https:\/\/elfsight.com\/it\/g2-crowd-reviews-widget\/jquery\/"]}]},{"@type":"BreadcrumbList","@id":"https:\/\/elfsight.com\/it\/g2-crowd-reviews-widget\/jquery\/#breadcrumb","itemListElement":[{"@type":"ListItem","position":1,"name":"Home","item":"https:\/\/elfsight.com\/it\/"},{"@type":"ListItem","position":2,"name":"G2 Crowd Reviews","item":"https:\/\/elfsight.com\/it\/g2-crowd-reviews-widget\/"},{"@type":"ListItem","position":3,"name":"G2 Crowd Reviews &#8211; jQuery"}]},{"@type":"WebSite","@id":"https:\/\/elfsight.com\/it\/#website","url":"https:\/\/elfsight.com\/it\/","name":"Elfsight IT","description":"Just another Elfsight Sites site","potentialAction":[{"@type":"SearchAction","target":{"@type":"EntryPoint","urlTemplate":"https:\/\/elfsight.com\/it\/?s={search_term_string}"},"query-input":{"@type":"PropertyValueSpecification","valueRequired":true,"valueName":"search_term_string"}}],"inLanguage":"it-IT"}]}},"meta_box":{"industry":"","seo_heading":"","heading":"","description":"","cta_heading":"","cta_description":"","application":"2680","h1":"Recensioni del pubblico G2 per jQuery","h1_caption":"Mostra le recensioni di g2 per evidenziare il successo e la reputazione del tuo software tra gli utenti nel tuo sito Web jQuery senza sforzo.","application_category":[],"applications_title":"","applications_request_title":"","applications_request_button_text":"","hero_text":"","hero_video":"","hero_video_schema_markup":"","selling_points_title":"","selling_points_caption":"","selling_points":[],"selling_points_cta_text":"","features_title":"","features":"","ed_cta_examples_text":"","ed_cta_examples_hidden":"","ed_cta_demo_text":"","ed_cta_demo_hidden":"","why_caption":"","why_editor_title":"","why_editor_text":"","why_team_title":"","why_team_text":"","why_service_title":"","why_service_text":"","template_catalog_visible":"","template_catalog_title":"","template_catalog_text":"","template_catalog_categories_visible":"","demo_title":"Crea il tuo plugin G2 Crowd Reviews","demo_caption":"Configura le tue G2 Crowd Reviews e aggiungile gratuitamente al tuo sito web jQuery!","default_faq_hidden":"","app_template_category":[],"platform":"37","template_public_id":"","codecanyon_url":"","codecanyon_item_id":"","codecanyon_price":"","pricing_caption":"","pricing_elfsight_apps_hide_column":"","pricing_elfsight_apps_url":"","pricing_codecanyon_price_caption":"","integration_category":[],"integration_request_title":"","integration_request_cta":"","integration_platform":"","integrations":[],"platform_category":[],"video_schema_markup":"","price":"da $ 0 al mese","trial":"","benefits":[{"text":"Assistenza per l'installazione gratuita"},{"text":"Supporto premium"},{"text":"Garanzia di rimborso di 14 giorni"},{"text":"Aggiornamento costante"}],"button_url":"#demo","button_target_blank":"","button_nofollow":"","attributes":[{"name":"Installazioni"},{"name":"Reattivo","content":"S\u00cc"},{"name":"Browser compatibili","content":"Firefox, Safari, Opera, Chrome, Edge"}],"tags":[],"tags_disable_links":"","hide_more_platforms":"","video_object":"","demo_hide_cta":"","demo_hide_cloud_options":"","pricing_title":"","pricing":[{"pricing_icon":"platform","pricing_title":"Elfsight Apps","pricing_title_caption":"Versione multipiattaforma adatta a qualsiasi sito web","pricing_price":"da $ 0 \/ mese","pricing_price_caption":"inizia con il piano gratuito","pricing_benefits":[{"text":"Siti web illimitati"},{"text":"Supporto premium e puntuale"},{"text":"Assistenza per l'installazione gratuita"},{"text":"100% personalizzabile"}],"pricing_button_text":"Aggiungi al sito web","pricing_button_url":"#demo"}],"related_apps_title":"","related_apps_hidden":"","author":"","image":[],"title":"","job":"","social_networks":[]},"_links":{"self":[{"href":"https:\/\/elfsight.com\/it\/wp-json\/wp\/v2\/pages\/4699","targetHints":{"allow":["GET"]}}],"collection":[{"href":"https:\/\/elfsight.com\/it\/wp-json\/wp\/v2\/pages"}],"about":[{"href":"https:\/\/elfsight.com\/it\/wp-json\/wp\/v2\/types\/page"}],"author":[{"embeddable":true,"href":"https:\/\/elfsight.com\/it\/wp-json\/wp\/v2\/users\/9"}],"replies":[{"embeddable":true,"href":"https:\/\/elfsight.com\/it\/wp-json\/wp\/v2\/comments?post=4699"}],"version-history":[{"count":1,"href":"https:\/\/elfsight.com\/it\/wp-json\/wp\/v2\/pages\/4699\/revisions"}],"predecessor-version":[{"id":4703,"href":"https:\/\/elfsight.com\/it\/wp-json\/wp\/v2\/pages\/4699\/revisions\/4703"}],"up":[{"embeddable":true,"href":"https:\/\/elfsight.com\/it\/wp-json\/wp\/v2\/pages\/2681"}],"wp:attachment":[{"href":"https:\/\/elfsight.com\/it\/wp-json\/wp\/v2\/media?parent=4699"}],"curies":[{"name":"wp","href":"https:\/\/api.w.org\/{rel}","templated":true}]}}