{"id":4685,"date":"2024-05-03T06:38:17","date_gmt":"2024-05-03T06:38:17","guid":{"rendered":"https:\/\/elfsight.com\/it\/?page_id=4685"},"modified":"2024-11-12T08:34:46","modified_gmt":"2024-11-12T08:34:46","slug":"shopify","status":"publish","type":"page","link":"https:\/\/elfsight.com\/it\/g2-crowd-reviews-widget\/shopify\/","title":{"rendered":"G2 Crowd Reviews &#8211; Shopify"},"content":{"rendered":"<div class=\"application-platform-content-item-description application-platform-content-item\" id=\"description\" data-nav-section=\"description\"><h2>Incorpora G2 Crowd Reviews su Shopify con il widget Elfsight<\/h2> <p>L&#8217;app Elfsight G2 Reviews \u00e8 il modo pi\u00f9 comodo per modellare il tuo reputazione aziendale mostrando le recensioni di clienti reali sulle tue offerte. Pubblica solo le recensioni positive o quelle pi\u00f9 significative e disponile esattamente come vuoi. Raccogli prove sociali che dimostrino al tuo pubblico che hai un&#8217;elevata credibilit\u00e0. Ispira i visitatori ad aggiungere nuovi commenti sulla tua attivit\u00e0 e incoraggia le conversazioni con i clienti! <\/p><p><b>Integra le recensioni di G2 Crowd sul tuo sito senza sforzo e in pochissimo tempo<\/b><\/p><\/div><div class=\"application-platform-content-item-features application-platform-content-item\" id=\"features\" data-nav-section=\"features\"><h2>Caratteristiche principali di G2 Widget Crowd Reviews<\/h2> <p>Per comprendere meglio l&#8217;app G2 Crowd, scopri l&#8217;elenco delle sue caratteristiche principali. Rendono il widget incredibilmente efficace per la tua attivit\u00e0: <\/p><ul><li>3 filtri predefiniti: per tipologia, esclusione per e quantit\u00e0 di recensioni da mostrare; <\/li><li>4 tipi di layout: Elenco, Griglia, Massoneria e Slider; <\/li><li>Un&#8217;opportunit\u00e0 per attivare\/disattivare l&#8217;intestazione dell&#8217;app; <\/li><li>Il pulsante attivo per condividere una nuova recensione indirizza i clienti alla pagina G2; <\/li><li>Sei unit\u00e0 flessibili delle recensioni: nome dell&#8217;autore e foto, testo della raccomandazione, data di pubblicazione, simbolo G2 e valutazione in stelle; <\/li><li>2 opzioni di scenari dopo il rifiuto della richiesta di revisione: mostrare un messaggio o rimuovere il pulsante. <\/li><\/ul><p><a href=\"#demo\"> la demo dal vivo ti mostrer\u00e0 pi\u00f9 funzionalit\u00e0<\/a><\/p><\/div><div class=\"application-platform-content-item-installation application-platform-content-item\" id=\"installation\" data-nav-section=\"installation\"><h2>Come aggiungere G2 Crowd Reviews al sito web Shopify<\/h2><p> L&#8217;unica cosa che devi aggiungere \u00e8 un paio di semplici passaggi. <\/p><ol><li><b>Lancia il nostro configuratore gratuito e inizia a creare la tua app personalizzata. <\/b><br> Trova la disposizione e le specifiche preferibili dell&#8217;app e salva tutte le correzioni. <\/li> <li><b>Acquisisci il codice univoco che appare nella finestra sulle App Elfsight. <\/b><br> Al termine della generazione della tua app, copia il codice esclusivo nella finestra visualizzata e conservalo per occasioni future. <\/li> <li><b>Inizia ad applicare l&#8217;app sul tuo sito Shopify. <\/b><br> Inserisci il codice che hai copiato di recente nel tuo sito web e salva i miglioramenti. <\/li> <li><b>L&#8217;installazione \u00e8 terminata con successo. <\/b><br> Visita il tuo sito per osservare come funziona l&#8217;app. <\/li><\/ol><p>Non riesci ancora a deciderti? O avere problemi? Basta inviare una richiesta al nostro supporto clienti. Faremo del nostro meglio per risolvere ogni problema. <\/p><div class=\"faq\" data-component=\"FAQ\"> <div class=\"faq-item\">\r\n\t\t\t\t\t<div class=\"faq-item-question\">\r\n\t\t\t\t\t\t<h3 class=\"faq-item-question-text\"><\/h3>\r\n\r\n\t\t\t\t\t\t<div class=\"faq-item-question-icon\"><\/div>\r\n\t\t\t\t\t<\/div>\r\n\r\n\t\t\t\t\t<div class=\"faq-item-answer\">\r\n\t\t\t\t\t\t<div class=\"faq-item-answer-text\"> <p>Elfsight fornisce una soluzione SaaS che ti consente di creare tu stesso un widget G2 Reviews, scopri quanto \u00e8 semplice il processo : lavora direttamente nell&#8217;editor online per creare un widget G2 Reviews che vorresti vedere sul tuo sito web Shopify Scegli uno dei modelli predefiniti e regola le impostazioni di G2 Reviews, aggiungi i tuoi contenuti, modifica il layout e i colori senza alcuna competenza di codifica. Salva G2 Reviews e copia il codice di installazione, che puoi semplicemente aggiungere nel tuo sito Web Shopify senza acquistare un piano a pagamento. Con il nostro editor intuitivo qualsiasi utente di Internet pu\u00f2 creare widget G2 Reviews online e incorporarlo facilmente nel proprio sito Web Shopify per pagare o inserire le credenziali della tua carta per accedere al servizio. In caso di problemi in qualsiasi momento, non esitare a contattare il nostro team di supporto tecnico.<\/p> <\/div>\r\n\t\t\t\t\t<\/div>\r\n\t\t\t\t<\/div> <\/div> <\/div>","protected":false},"excerpt":{"rendered":"","protected":false},"author":9,"featured_media":0,"parent":2681,"menu_order":0,"comment_status":"closed","ping_status":"closed","template":"templates\/template-application-platform.php","meta":{"publish_to_discourse":"","publish_post_category":"","wpdc_auto_publish_overridden":"","wpdc_topic_tags":"","wpdc_pin_topic":"","wpdc_pin_until":"","discourse_post_id":"","discourse_permalink":"","wpdc_publishing_response":"","wpdc_publishing_error":"","footnotes":""},"class_list":["post-4685","page","type-page","status-publish","hentry"],"yoast_head":"<!-- This site is optimized with the Yoast SEO plugin v25.3.1 - https:\/\/yoast.com\/wordpress\/plugins\/seo\/ -->\n<title>Incorpora G2 Crowd Reviews nel sito web Shopify (gratuito e veloce)<\/title>\n<meta name=\"description\" content=\"\u00c8 facile creare la tua app G2 Crowd Reviews e inserirla nel tuo sito web Shopify. L&#039;assistenza clienti Elfsight \u00e8 gratuita e veloce.\" \/>\n<meta name=\"robots\" content=\"index, follow, max-snippet:-1, max-image-preview:large, max-video-preview:-1\" \/>\n<link rel=\"canonical\" href=\"https:\/\/elfsight.com\/it\/g2-crowd-reviews-widget\/shopify\/\" \/>\n<meta property=\"og:locale\" content=\"it_IT\" \/>\n<meta property=\"og:type\" content=\"article\" \/>\n<meta property=\"og:title\" content=\"Incorpora G2 Crowd Reviews nel sito web Shopify (gratuito e veloce)\" \/>\n<meta property=\"og:description\" content=\"\u00c8 facile creare la tua app G2 Crowd Reviews e inserirla nel tuo sito web Shopify. L&#039;assistenza clienti Elfsight \u00e8 gratuita e veloce.\" \/>\n<meta property=\"og:url\" content=\"https:\/\/elfsight.com\/it\/g2-crowd-reviews-widget\/shopify\/\" \/>\n<meta property=\"og:site_name\" content=\"Elfsight IT\" \/>\n<meta property=\"article:modified_time\" content=\"2024-11-12T08:34:46+00:00\" \/>\n<meta name=\"twitter:card\" content=\"summary_large_image\" \/>\n<meta name=\"twitter:label1\" content=\"Tempo di lettura stimato\" \/>\n\t<meta name=\"twitter:data1\" content=\"3 minuti\" \/>\n<!-- \/ Yoast SEO plugin. -->","yoast_head_json":{"title":"Incorpora G2 Crowd Reviews nel sito web Shopify (gratuito e veloce)","description":"\u00c8 facile creare la tua app G2 Crowd Reviews e inserirla nel tuo sito web Shopify. L'assistenza clienti Elfsight \u00e8 gratuita e veloce.","robots":{"index":"index","follow":"follow","max-snippet":"max-snippet:-1","max-image-preview":"max-image-preview:large","max-video-preview":"max-video-preview:-1"},"canonical":"https:\/\/elfsight.com\/it\/g2-crowd-reviews-widget\/shopify\/","og_locale":"it_IT","og_type":"article","og_title":"Incorpora G2 Crowd Reviews nel sito web Shopify (gratuito e veloce)","og_description":"\u00c8 facile creare la tua app G2 Crowd Reviews e inserirla nel tuo sito web Shopify. L'assistenza clienti Elfsight \u00e8 gratuita e veloce.","og_url":"https:\/\/elfsight.com\/it\/g2-crowd-reviews-widget\/shopify\/","og_site_name":"Elfsight IT","article_modified_time":"2024-11-12T08:34:46+00:00","twitter_card":"summary_large_image","twitter_misc":{"Tempo di lettura stimato":"3 minuti"},"schema":{"@context":"https:\/\/schema.org","@graph":[{"@type":"WebPage","@id":"https:\/\/elfsight.com\/it\/g2-crowd-reviews-widget\/shopify\/","url":"https:\/\/elfsight.com\/it\/g2-crowd-reviews-widget\/shopify\/","name":"Incorpora G2 Crowd Reviews nel sito web Shopify (gratuito e veloce)","isPartOf":{"@id":"https:\/\/elfsight.com\/it\/#website"},"datePublished":"2024-05-03T06:38:17+00:00","dateModified":"2024-11-12T08:34:46+00:00","description":"\u00c8 facile creare la tua app G2 Crowd Reviews e inserirla nel tuo sito web Shopify. L'assistenza clienti Elfsight \u00e8 gratuita e veloce.","breadcrumb":{"@id":"https:\/\/elfsight.com\/it\/g2-crowd-reviews-widget\/shopify\/#breadcrumb"},"inLanguage":"it-IT","potentialAction":[{"@type":"ReadAction","target":["https:\/\/elfsight.com\/it\/g2-crowd-reviews-widget\/shopify\/"]}]},{"@type":"BreadcrumbList","@id":"https:\/\/elfsight.com\/it\/g2-crowd-reviews-widget\/shopify\/#breadcrumb","itemListElement":[{"@type":"ListItem","position":1,"name":"Home","item":"https:\/\/elfsight.com\/it\/"},{"@type":"ListItem","position":2,"name":"G2 Crowd Reviews","item":"https:\/\/elfsight.com\/it\/g2-crowd-reviews-widget\/"},{"@type":"ListItem","position":3,"name":"G2 Crowd Reviews &#8211; Shopify"}]},{"@type":"WebSite","@id":"https:\/\/elfsight.com\/it\/#website","url":"https:\/\/elfsight.com\/it\/","name":"Elfsight IT","description":"Just another Elfsight Sites site","potentialAction":[{"@type":"SearchAction","target":{"@type":"EntryPoint","urlTemplate":"https:\/\/elfsight.com\/it\/?s={search_term_string}"},"query-input":{"@type":"PropertyValueSpecification","valueRequired":true,"valueName":"search_term_string"}}],"inLanguage":"it-IT"}]}},"meta_box":{"industry":"","seo_heading":"","heading":"","description":"","cta_heading":"","cta_description":"","application":"2680","h1":"Recensioni del pubblico G2 per Shopify","h1_caption":"Mostra le recensioni di g2 per evidenziare il successo e la reputazione del tuo software tra gli utenti nel tuo sito Web Shopify senza sforzo.","application_category":[],"applications_title":"","applications_request_title":"","applications_request_button_text":"","hero_text":"","hero_video":"","hero_video_schema_markup":"","selling_points_title":"","selling_points_caption":"","selling_points":[],"selling_points_cta_text":"","features_title":"","features":"","ed_cta_examples_text":"","ed_cta_examples_hidden":"","ed_cta_demo_text":"","ed_cta_demo_hidden":"","why_caption":"","why_editor_title":"","why_editor_text":"","why_team_title":"","why_team_text":"","why_service_title":"","why_service_text":"","template_catalog_visible":"","template_catalog_title":"","template_catalog_text":"","template_catalog_categories_visible":"","demo_title":"Crea la tua app G2 Crowd Reviews","demo_caption":"Configura le tue G2 Crowd Reviews e aggiungile gratuitamente al tuo sito Web Shopify!","default_faq_hidden":"","app_template_category":[],"platform":"42","template_public_id":"","codecanyon_url":"","codecanyon_item_id":"","codecanyon_price":"","pricing_caption":"","pricing_elfsight_apps_hide_column":"","pricing_elfsight_apps_url":"","pricing_codecanyon_price_caption":"","integration_category":[],"integration_request_title":"","integration_request_cta":"","integration_platform":"","integrations":[],"platform_category":[],"video_schema_markup":"","price":"da $ 0 al mese","trial":"","benefits":[{"text":"Servizio di installazione gratuito"},{"text":"Supporto premium"},{"text":"Garanzia di rimborso di 14 giorni"},{"text":"Aggiornamenti gratuiti continui"}],"button_url":"#demo","button_target_blank":"","button_nofollow":"","attributes":[{"name":"Installazioni"},{"name":"Reattivo","content":"S\u00cc"},{"name":"Browser compatibili","content":"Firefox, Safari, Opera, Chrome, Edge"}],"tags":[],"tags_disable_links":"","hide_more_platforms":"","video_object":"","demo_hide_cta":"","demo_hide_cloud_options":"","pricing_title":"","pricing":[{"pricing_icon":"cloud","pricing_title":"Elfsight Apps","pricing_title_caption":"Versione multipiattaforma che funziona su qualsiasi sito web","pricing_price":"da $ 0 \/ mese","pricing_price_caption":"inizia con il piano gratuito","pricing_benefits":[{"text":"Siti web illimitati"},{"text":"Supporto premium"},{"text":"Servizio di installazione gratuito"},{"text":"Offerta speciale per pi\u00f9 app"}],"pricing_button_text":"Aggiungi al sito web","pricing_button_url":"#demo"}],"related_apps_title":"","related_apps_hidden":"","author":"","image":[],"title":"","job":"","social_networks":[]},"_links":{"self":[{"href":"https:\/\/elfsight.com\/it\/wp-json\/wp\/v2\/pages\/4685","targetHints":{"allow":["GET"]}}],"collection":[{"href":"https:\/\/elfsight.com\/it\/wp-json\/wp\/v2\/pages"}],"about":[{"href":"https:\/\/elfsight.com\/it\/wp-json\/wp\/v2\/types\/page"}],"author":[{"embeddable":true,"href":"https:\/\/elfsight.com\/it\/wp-json\/wp\/v2\/users\/9"}],"replies":[{"embeddable":true,"href":"https:\/\/elfsight.com\/it\/wp-json\/wp\/v2\/comments?post=4685"}],"version-history":[{"count":1,"href":"https:\/\/elfsight.com\/it\/wp-json\/wp\/v2\/pages\/4685\/revisions"}],"predecessor-version":[{"id":4689,"href":"https:\/\/elfsight.com\/it\/wp-json\/wp\/v2\/pages\/4685\/revisions\/4689"}],"up":[{"embeddable":true,"href":"https:\/\/elfsight.com\/it\/wp-json\/wp\/v2\/pages\/2681"}],"wp:attachment":[{"href":"https:\/\/elfsight.com\/it\/wp-json\/wp\/v2\/media?parent=4685"}],"curies":[{"name":"wp","href":"https:\/\/api.w.org\/{rel}","templated":true}]}}