{"id":4677,"date":"2024-05-03T06:38:13","date_gmt":"2024-05-03T06:38:13","guid":{"rendered":"https:\/\/elfsight.com\/it\/?page_id=4677"},"modified":"2024-11-12T08:34:38","modified_gmt":"2024-11-12T08:34:38","slug":"weebly","status":"publish","type":"page","link":"https:\/\/elfsight.com\/it\/g2-crowd-reviews-widget\/weebly\/","title":{"rendered":"G2 Crowd Reviews &#8211; Weebly"},"content":{"rendered":"<div class=\"application-platform-content-item-description application-platform-content-item\" id=\"description\" data-nav-section=\"description\"><h2>Descrizione<\/h2> <p>Elfsight G2 Reviews \u00e8 il metodo migliore per sostenere la reputazione della tua azienda visualizzando le recensioni degli utenti reali sui tuoi servizi . Pubblica solo le recensioni migliori o pi\u00f9 accattivanti e disponile esattamente come desideri. Accumula prove sociali mostrando al tuo pubblico che il tuo tasso di credibilit\u00e0 \u00e8 elevato. Aiuta le persone a condividere nuovi commenti sulla tua attivit\u00e0 e incoraggia le comunicazioni con i clienti! <\/p><p><b>Inserisci le recensioni di G2 Crowd sul tuo sito web in modo semplice e veloce<\/b><\/p><\/div><div class=\"application-platform-content-item-features application-platform-content-item\" id=\"features\" data-nav-section=\"features\"><h2>Funzionalit\u00e0<\/h2> <p>Per avere un&#8217;idea chiara dell&#8217;app G2 Crowd, controlla l&#8217;elenco delle sue funzioni pi\u00f9 preziose. Rendono questo widget incredibilmente efficiente per te: <\/p><ul> <li>3 filtri predefiniti: per tipo, escludi per e quantit\u00e0 di recensioni da visualizzare; <\/li><li>Quattro layout disponibili: Elenco, Griglia, Muratura e Dispositivo di scorrimento; <\/li><li>Un&#8217;opportunit\u00e0 per attivare\/disattivare l&#8217;intestazione dell&#8217;app; <\/li><li>Il pulsante di richiesta di revisione porta gli utenti alla tua pagina G2; <\/li><li>6 parti regolabili dell&#8217;interfaccia: il nome dell&#8217;autore e della foto, la raccomandazione, la data, il segno G2 e la valutazione in stelle; <\/li><li>2 scenari alternativi dopo il rifiuto della richiesta di revisione: visualizzare il messaggio o rimuovere il pulsante. <\/li><\/ul><p><a href=\"#demo\">Controlla altre funzionalit\u00e0 nella demo<\/a><\/p><\/div><div class=\"application-platform-content-item-installation application-platform-content-item\" id=\"installation\" data-nav-section=\"installation\"><h2>Come fare aggiungi G2 Crowd Reviews al sito web Weebly<\/h2><p> Configura l&#8217;app in un paio di semplici passaggi. <\/p><ol><li><b>Utilizza la nostra demo gratuita e inizia a creare la tua app unica. <\/b><br> Scegli il modulo personalizzato e le funzionalit\u00e0 dell&#8217;app e salva tutte le modifiche. <\/li> <li><b>Ricevi il codice personale che viene visualizzato nell&#8217;apposito modulo su Elfsight Apps. <\/b><br> Subito dopo aver completato la configurazione della tua app, copia il codice dalla casella visualizzata e salvalo per necessit\u00e0 future. <\/li> <li><b>Inizia a utilizzare l&#8217;app sulla tua pagina web Weebly. <\/b><br> Inserisci il codice che hai salvato in precedenza nel tuo sito e salva i miglioramenti. <\/li> <li><b>Il gioco \u00e8 fatto! L&#8217;integrazione \u00e8 terminata con successo. <\/b><br> Vai sul tuo sito per dare un&#8217;occhiata al funzionamento dell&#8217;app. <\/li><\/ol><p>Dubbi ancora qualcosa? O hai domande? Basta scrivere una richiesta al nostro servizio clienti per risolvere qualsiasi questione. <\/p><div class=\"faq\" data-component=\"FAQ\"> <div class=\"faq-item\">\r\n\t\t\t\t\t<div class=\"faq-item-question\">\r\n\t\t\t\t\t\t<h3 class=\"faq-item-question-text\">Come posso aggiungere G2 Reviews al mio sito Web Weebly senza competenze di programmazione?<\/h3>\r\n\r\n\t\t\t\t\t\t<div class=\"faq-item-question-icon\"><\/div>\r\n\t\t\t\t\t<\/div>\r\n\r\n\t\t\t\t\t<div class=\"faq-item-answer\">\r\n\t\t\t\t\t\t<div class=\"faq-item-answer-text\"> <p>Elfsight fornisce una soluzione SaaS che ti consente di creare tu stesso un widget G2 Reviews, scopri quanto \u00e8 facile Il processo \u00e8: lavora direttamente nell&#8217;editor online per creare un widget G2 Reviews che vorresti vedere sul tuo sito web Weebly. Scegli uno dei modelli predefiniti e regola le impostazioni di G2 Reviews, aggiungi i tuoi contenuti, modifica il layout e la combinazione di colori senza competenze di codifica. Salva le recensioni di G2 e copia il codice di installazione, cos\u00ec potrai aggiungerlo facilmente al tuo sito Web Weebly senza acquistare un piano a pagamento. Con il nostro editor intuitivo qualsiasi utente di Internet pu\u00f2 creare widget G2 Reviews online e incorporarlo facilmente nel proprio sito Web Weebly. Non \u00e8 necessario pagare o inserire le credenziali della carta per accedere al servizio. In caso di problemi in qualsiasi momento, non esitate a contattare il nostro team di supporto tecnico.<\/p> <\/div>\r\n\t\t\t\t\t<\/div>\r\n\t\t\t\t<\/div> <\/div> <\/div>","protected":false},"excerpt":{"rendered":"","protected":false},"author":9,"featured_media":0,"parent":2681,"menu_order":0,"comment_status":"closed","ping_status":"closed","template":"templates\/template-application-platform.php","meta":{"publish_to_discourse":"","publish_post_category":"","wpdc_auto_publish_overridden":"","wpdc_topic_tags":"","wpdc_pin_topic":"","wpdc_pin_until":"","discourse_post_id":"","discourse_permalink":"","wpdc_publishing_response":"","wpdc_publishing_error":"","footnotes":""},"class_list":["post-4677","page","type-page","status-publish","hentry"],"yoast_head":"<!-- This site is optimized with the Yoast SEO plugin v25.3.1 - https:\/\/yoast.com\/wordpress\/plugins\/seo\/ -->\n<title>Incorpora G2 Crowd Reviews nel sito Web Weebly (gratuito e veloce)<\/title>\n<meta name=\"description\" content=\"Ecco un&#039;opportunit\u00e0 per creare un&#039;app G2 Crowd Reviews e aggiungerla al tuo sito web Weebly. Ottieni assistenza clienti gratuita e altri bonus da Elfsight.\" \/>\n<meta name=\"robots\" content=\"index, follow, max-snippet:-1, max-image-preview:large, max-video-preview:-1\" \/>\n<link rel=\"canonical\" href=\"https:\/\/elfsight.com\/it\/g2-crowd-reviews-widget\/weebly\/\" \/>\n<meta property=\"og:locale\" content=\"it_IT\" \/>\n<meta property=\"og:type\" content=\"article\" \/>\n<meta property=\"og:title\" content=\"Incorpora G2 Crowd Reviews nel sito Web Weebly (gratuito e veloce)\" \/>\n<meta property=\"og:description\" content=\"Ecco un&#039;opportunit\u00e0 per creare un&#039;app G2 Crowd Reviews e aggiungerla al tuo sito web Weebly. Ottieni assistenza clienti gratuita e altri bonus da Elfsight.\" \/>\n<meta property=\"og:url\" content=\"https:\/\/elfsight.com\/it\/g2-crowd-reviews-widget\/weebly\/\" \/>\n<meta property=\"og:site_name\" content=\"Elfsight IT\" \/>\n<meta property=\"article:modified_time\" content=\"2024-11-12T08:34:38+00:00\" \/>\n<meta name=\"twitter:card\" content=\"summary_large_image\" \/>\n<meta name=\"twitter:label1\" content=\"Tempo di lettura stimato\" \/>\n\t<meta name=\"twitter:data1\" content=\"3 minuti\" \/>\n<!-- \/ Yoast SEO plugin. -->","yoast_head_json":{"title":"Incorpora G2 Crowd Reviews nel sito Web Weebly (gratuito e veloce)","description":"Ecco un'opportunit\u00e0 per creare un'app G2 Crowd Reviews e aggiungerla al tuo sito web Weebly. Ottieni assistenza clienti gratuita e altri bonus da Elfsight.","robots":{"index":"index","follow":"follow","max-snippet":"max-snippet:-1","max-image-preview":"max-image-preview:large","max-video-preview":"max-video-preview:-1"},"canonical":"https:\/\/elfsight.com\/it\/g2-crowd-reviews-widget\/weebly\/","og_locale":"it_IT","og_type":"article","og_title":"Incorpora G2 Crowd Reviews nel sito Web Weebly (gratuito e veloce)","og_description":"Ecco un'opportunit\u00e0 per creare un'app G2 Crowd Reviews e aggiungerla al tuo sito web Weebly. Ottieni assistenza clienti gratuita e altri bonus da Elfsight.","og_url":"https:\/\/elfsight.com\/it\/g2-crowd-reviews-widget\/weebly\/","og_site_name":"Elfsight IT","article_modified_time":"2024-11-12T08:34:38+00:00","twitter_card":"summary_large_image","twitter_misc":{"Tempo di lettura stimato":"3 minuti"},"schema":{"@context":"https:\/\/schema.org","@graph":[{"@type":"WebPage","@id":"https:\/\/elfsight.com\/it\/g2-crowd-reviews-widget\/weebly\/","url":"https:\/\/elfsight.com\/it\/g2-crowd-reviews-widget\/weebly\/","name":"Incorpora G2 Crowd Reviews nel sito Web Weebly (gratuito e veloce)","isPartOf":{"@id":"https:\/\/elfsight.com\/it\/#website"},"datePublished":"2024-05-03T06:38:13+00:00","dateModified":"2024-11-12T08:34:38+00:00","description":"Ecco un'opportunit\u00e0 per creare un'app G2 Crowd Reviews e aggiungerla al tuo sito web Weebly. Ottieni assistenza clienti gratuita e altri bonus da Elfsight.","breadcrumb":{"@id":"https:\/\/elfsight.com\/it\/g2-crowd-reviews-widget\/weebly\/#breadcrumb"},"inLanguage":"it-IT","potentialAction":[{"@type":"ReadAction","target":["https:\/\/elfsight.com\/it\/g2-crowd-reviews-widget\/weebly\/"]}]},{"@type":"BreadcrumbList","@id":"https:\/\/elfsight.com\/it\/g2-crowd-reviews-widget\/weebly\/#breadcrumb","itemListElement":[{"@type":"ListItem","position":1,"name":"Home","item":"https:\/\/elfsight.com\/it\/"},{"@type":"ListItem","position":2,"name":"G2 Crowd Reviews","item":"https:\/\/elfsight.com\/it\/g2-crowd-reviews-widget\/"},{"@type":"ListItem","position":3,"name":"G2 Crowd Reviews &#8211; Weebly"}]},{"@type":"WebSite","@id":"https:\/\/elfsight.com\/it\/#website","url":"https:\/\/elfsight.com\/it\/","name":"Elfsight IT","description":"Just another Elfsight Sites site","potentialAction":[{"@type":"SearchAction","target":{"@type":"EntryPoint","urlTemplate":"https:\/\/elfsight.com\/it\/?s={search_term_string}"},"query-input":{"@type":"PropertyValueSpecification","valueRequired":true,"valueName":"search_term_string"}}],"inLanguage":"it-IT"}]}},"meta_box":{"industry":"","seo_heading":"","heading":"","description":"","cta_heading":"","cta_description":"","application":"2680","h1":"Recensioni del pubblico G2 per Weebly","h1_caption":"Mostra le recensioni di g2 per evidenziare il successo e la reputazione del tuo software tra gli utenti nel tuo sito Web Weebly senza sforzo.","application_category":[],"applications_title":"","applications_request_title":"","applications_request_button_text":"","hero_text":"","hero_video":"","hero_video_schema_markup":"","selling_points_title":"","selling_points_caption":"","selling_points":[],"selling_points_cta_text":"","features_title":"","features":"","ed_cta_examples_text":"","ed_cta_examples_hidden":"","ed_cta_demo_text":"","ed_cta_demo_hidden":"","why_caption":"","why_editor_title":"","why_editor_text":"","why_team_title":"","why_team_text":"","why_service_title":"","why_service_text":"","template_catalog_visible":"","template_catalog_title":"","template_catalog_text":"","template_catalog_categories_visible":"","demo_title":"Crea la tua app G2 Crowd Reviews","demo_caption":"Configura le tue G2 Crowd Reviews e aggiungile gratuitamente al tuo sito web Weebly!","default_faq_hidden":"","app_template_category":[],"platform":"45","template_public_id":"","codecanyon_url":"","codecanyon_item_id":"","codecanyon_price":"","pricing_caption":"","pricing_elfsight_apps_hide_column":"","pricing_elfsight_apps_url":"","pricing_codecanyon_price_caption":"","integration_category":[],"integration_request_title":"","integration_request_cta":"","integration_platform":"","integrations":[],"platform_category":[],"video_schema_markup":"","price":"da $ 0 al mese","trial":"","benefits":[{"text":"Aiuto per l'installazione gratuito"},{"text":"Servizio clienti competente"},{"text":"Garanzia di rimborso di 14 giorni"},{"text":"Sviluppo continuo"}],"button_url":"#demo","button_target_blank":"","button_nofollow":"","attributes":[{"name":"Installazioni"},{"name":"Reattivo","content":"S\u00cc"},{"name":"Browser compatibili","content":"Firefox, Safari, Opera, Chrome, Edge"}],"tags":[],"tags_disable_links":"","hide_more_platforms":"","video_object":"","demo_hide_cta":"","demo_hide_cloud_options":"","pricing_title":"","pricing":[{"pricing_icon":"platform","pricing_title":"Elfsight Apps","pricing_title_caption":"Versione multipiattaforma","pricing_price":"da $ 0 \/ mese","pricing_price_caption":"inizia con un piano gratuito","pricing_benefits":[{"text":"Siti web illimitati"},{"text":"Supporto rapido e puntuale e ben documentato"},{"text":"Servizio di installazione gratuito"},{"text":"100% personalizzabile"}],"pricing_button_text":"Aggiungi al sito web","pricing_button_url":"#demo"}],"related_apps_title":"","related_apps_hidden":"","author":"","image":[],"title":"","job":"","social_networks":[]},"_links":{"self":[{"href":"https:\/\/elfsight.com\/it\/wp-json\/wp\/v2\/pages\/4677","targetHints":{"allow":["GET"]}}],"collection":[{"href":"https:\/\/elfsight.com\/it\/wp-json\/wp\/v2\/pages"}],"about":[{"href":"https:\/\/elfsight.com\/it\/wp-json\/wp\/v2\/types\/page"}],"author":[{"embeddable":true,"href":"https:\/\/elfsight.com\/it\/wp-json\/wp\/v2\/users\/9"}],"replies":[{"embeddable":true,"href":"https:\/\/elfsight.com\/it\/wp-json\/wp\/v2\/comments?post=4677"}],"version-history":[{"count":1,"href":"https:\/\/elfsight.com\/it\/wp-json\/wp\/v2\/pages\/4677\/revisions"}],"predecessor-version":[{"id":4681,"href":"https:\/\/elfsight.com\/it\/wp-json\/wp\/v2\/pages\/4677\/revisions\/4681"}],"up":[{"embeddable":true,"href":"https:\/\/elfsight.com\/it\/wp-json\/wp\/v2\/pages\/2681"}],"wp:attachment":[{"href":"https:\/\/elfsight.com\/it\/wp-json\/wp\/v2\/media?parent=4677"}],"curies":[{"name":"wp","href":"https:\/\/api.w.org\/{rel}","templated":true}]}}