{"id":4667,"date":"2024-05-03T06:38:07","date_gmt":"2024-05-03T06:38:07","guid":{"rendered":"https:\/\/elfsight.com\/it\/?page_id=4667"},"modified":"2024-11-12T08:02:06","modified_gmt":"2024-11-12T08:02:06","slug":"google-sites","status":"publish","type":"page","link":"https:\/\/elfsight.com\/it\/g2-crowd-reviews-widget\/google-sites\/","title":{"rendered":"G2 Crowd Reviews &#8211; Google Sites"},"content":{"rendered":"<div class=\"application-platform-content-item-description application-platform-content-item\" id=\"description\" data-nav-section=\"description\"> <h2>Incorpora G2 Crowd Reviews su Google Sites con il widget Elfsight<\/h2> <p>Elfsight G2 Crowd Reviews per Google Sites \u00e8 il metodo pi\u00f9 pratico per mantenere la reputazione del tuo marchio visualizzando le recensioni dei clienti reali sulle tue offerte. Scegli solo le recensioni positive o quelle pi\u00f9 accattivanti e organizzale come preferisci. Raccogli prove sociali dimostrando al tuo pubblico che il tuo livello di credibilit\u00e0 \u00e8 elevato. Ispira le persone a pubblicare nuovi commenti sulla tua attivit\u00e0 e incoraggia le comunicazioni con i clienti!<\/p> <p><b>Aggiungi le migliori recensioni su qualsiasi pagina del tuo sito web!<\/b><\/p> <\/div> <div class=\"application-platform-content-item-features application-platform-content-item\" id=\"features\" data-nav-section=\"features\"> <h2>Queste sono solo alcune delle numerose funzionalit\u00e0 del widget: <\/h2> <ul> <li>3 filtri disponibili: per tipo, esclusione per e quantit\u00e0 di recensioni da mostrare; <\/li><li>Quattro layout disponibili: Elenco, Griglia, Muratura e Dispositivo di scorrimento; <\/li><li>Intestazione widget adattabile; <\/li><li>Il pulsante per richiedere una revisione porta i clienti alla pagina G2 Crowd; <\/li><li>Sei elementi commutabili dell&#8217;interfaccia: nome dell&#8217;autore e immagine, testo della recensione, data, simbolo G2 Crowd e valutazione in stelle; <\/li><li>Due potenziali scenari di rifiuto della richiesta di revisione: visualizzare il messaggio o rimuovere il pulsante. <\/li><\/ul><p><a href=\"#demo\">Puoi testare tutte le funzionalit\u00e0 del widget nella demo in questa pagina<\/a><\/p> <\/div> <div class=\"application-platform-content-item-installazione application-platform-content-item\" id=\"installazione\" data-nav-section=\"installazione\"> <h2>Come faccio a incorporare G2 Crowd Reviews nella mia pagina web di Google Sites? <\/h2> <p>Segui semplicemente le linee guida seguenti per integrare il plugin. <\/p> <ol><li><b>Utilizza la nostra demo gratuita e inizia a creare il tuo plugin personalizzato. <\/b><br> Scegli il layout e i tratti funzionali adatti dello strumento e applica le modifiche. <\/li> <li><b>Ricevi il tuo codice individuale che appare nel modulo speciale su Elfsight Apps. <\/b><br> Subito dopo aver completato la creazione del tuo strumento personale, copia il codice esclusivo nella finestra visualizzata e salvalo per ulteriori necessit\u00e0. <\/li> <li><b>Avvia l&#8217;applicazione dello strumento sulla tua pagina web di Google Sites. <\/b><br> <\/li><li>Inserisci il codice copiato in precedenza nella tua pagina web e salva le modifiche. <\/li> <li><b>Il gioco \u00e8 fatto! L&#8217;integrazione \u00e8 stata eseguita con successo. <\/b><br> Visita il tuo sito web per vedere in azione il funzionamento del plugin. <\/li><\/ol> [suggerimento]<b>A causa delle peculiarit\u00e0 del funzionamento di Google Sites, il widget potrebbe avere un aspetto diverso dalla demo online. Ci scusiamo per gli eventuali disagi causati.<\/b>[\/tip]<p>Se dovessi affrontare eventuali complicazioni, non esitare a metterti in contatto con il nostro personale di supporto. Il nostro personale \u00e8 desideroso di aiutarti con tutte le domande che potresti avere sullo strumento. <\/p><div class=\"faq\" data-component=\"FAQ\"> <div class=\"faq-item\">\r\n\t\t\t\t\t<div class=\"faq-item-question\">\r\n\t\t\t\t\t\t<h3 class=\"faq-item-question-text\">Come posso aggiungere G2 Reviews al mio sito web Google Sites senza competenze di programmazione?<\/h3>\r\n\r\n\t\t\t\t\t\t<div class=\"faq-item-question-icon\"><\/div>\r\n\t\t\t\t\t<\/div>\r\n\r\n\t\t\t\t\t<div class=\"faq-item-answer\">\r\n\t\t\t\t\t\t<div class=\"faq-item-answer-text\"> <p>Elfsight fornisce una soluzione SaaS che ti consente di creare tu stesso un widget G2 Reviews, scopri quanto \u00e8 facile il processo \u00e8: lavora direttamente nell&#8217;editor online per creare un widget G2 Reviews che vorresti vedere sul tuo sito web di Google Sites. Scegli uno dei modelli predefiniti e regola le impostazioni di G2 Reviews, aggiungi i tuoi contenuti, modifica il layout e i colori senza competenze di codifica. Salva G2 Reviews e copia il suo codice di installazione, che potrai aggiungere facilmente nel tuo sito Google Sites senza dover acquistare una versione a pagamento. Con il nostro editor intuitivo qualsiasi utente di Internet pu\u00f2 creare widget G2 Reviews online e incorporarlo facilmente nel proprio sito Web di Google Sites. Non \u00e8 necessario pagare o inserire le credenziali della carta per accedere al servizio. In caso di problemi in qualsiasi momento, non esitate a contattare il nostro team di supporto tecnico.<\/p> <\/div>\r\n\t\t\t\t\t<\/div>\r\n\t\t\t\t<\/div> <\/div> <\/div>","protected":false},"excerpt":{"rendered":"","protected":false},"author":9,"featured_media":0,"parent":2681,"menu_order":0,"comment_status":"closed","ping_status":"closed","template":"templates\/template-application-platform.php","meta":{"publish_to_discourse":"","publish_post_category":"","wpdc_auto_publish_overridden":"","wpdc_topic_tags":"","wpdc_pin_topic":"","wpdc_pin_until":"","discourse_post_id":"","discourse_permalink":"","wpdc_publishing_response":"","wpdc_publishing_error":"","footnotes":""},"class_list":["post-4667","page","type-page","status-publish","hentry"],"yoast_head":"<!-- This site is optimized with the Yoast SEO plugin v25.3.1 - https:\/\/yoast.com\/wordpress\/plugins\/seo\/ -->\n<title>G2 Crowd Reviews - Aggiungi widget Recensioni a Google Sites (2025)<\/title>\n<meta name=\"description\" content=\"Aggiungi un widget reattivo G2 Crowd Reviews sul tuo sito web di Google Sites e ottieni piena fiducia. Utilizza la demo facile da usare di Elfsight per creare il tuo strumento unico.\" \/>\n<meta name=\"robots\" content=\"index, follow, max-snippet:-1, max-image-preview:large, max-video-preview:-1\" \/>\n<link rel=\"canonical\" href=\"https:\/\/elfsight.com\/it\/g2-crowd-reviews-widget\/google-sites\/\" \/>\n<meta property=\"og:locale\" content=\"it_IT\" \/>\n<meta property=\"og:type\" content=\"article\" \/>\n<meta property=\"og:title\" content=\"G2 Crowd Reviews - Aggiungi widget Recensioni a Google Sites (2025)\" \/>\n<meta property=\"og:description\" content=\"Aggiungi un widget reattivo G2 Crowd Reviews sul tuo sito web di Google Sites e ottieni piena fiducia. Utilizza la demo facile da usare di Elfsight per creare il tuo strumento unico.\" \/>\n<meta property=\"og:url\" content=\"https:\/\/elfsight.com\/it\/g2-crowd-reviews-widget\/google-sites\/\" \/>\n<meta property=\"og:site_name\" content=\"Elfsight IT\" \/>\n<meta property=\"article:modified_time\" content=\"2024-11-12T08:02:06+00:00\" \/>\n<meta name=\"twitter:card\" content=\"summary_large_image\" \/>\n<meta name=\"twitter:label1\" content=\"Tempo di lettura stimato\" \/>\n\t<meta name=\"twitter:data1\" content=\"3 minuti\" \/>\n<!-- \/ Yoast SEO plugin. -->","yoast_head_json":{"title":"G2 Crowd Reviews - Aggiungi widget Recensioni a Google Sites (2025)","description":"Aggiungi un widget reattivo G2 Crowd Reviews sul tuo sito web di Google Sites e ottieni piena fiducia. Utilizza la demo facile da usare di Elfsight per creare il tuo strumento unico.","robots":{"index":"index","follow":"follow","max-snippet":"max-snippet:-1","max-image-preview":"max-image-preview:large","max-video-preview":"max-video-preview:-1"},"canonical":"https:\/\/elfsight.com\/it\/g2-crowd-reviews-widget\/google-sites\/","og_locale":"it_IT","og_type":"article","og_title":"G2 Crowd Reviews - Aggiungi widget Recensioni a Google Sites (2025)","og_description":"Aggiungi un widget reattivo G2 Crowd Reviews sul tuo sito web di Google Sites e ottieni piena fiducia. Utilizza la demo facile da usare di Elfsight per creare il tuo strumento unico.","og_url":"https:\/\/elfsight.com\/it\/g2-crowd-reviews-widget\/google-sites\/","og_site_name":"Elfsight IT","article_modified_time":"2024-11-12T08:02:06+00:00","twitter_card":"summary_large_image","twitter_misc":{"Tempo di lettura stimato":"3 minuti"},"schema":{"@context":"https:\/\/schema.org","@graph":[{"@type":"WebPage","@id":"https:\/\/elfsight.com\/it\/g2-crowd-reviews-widget\/google-sites\/","url":"https:\/\/elfsight.com\/it\/g2-crowd-reviews-widget\/google-sites\/","name":"G2 Crowd Reviews - Aggiungi widget Recensioni a Google Sites (2025)","isPartOf":{"@id":"https:\/\/elfsight.com\/it\/#website"},"datePublished":"2024-05-03T06:38:07+00:00","dateModified":"2024-11-12T08:02:06+00:00","description":"Aggiungi un widget reattivo G2 Crowd Reviews sul tuo sito web di Google Sites e ottieni piena fiducia. Utilizza la demo facile da usare di Elfsight per creare il tuo strumento unico.","breadcrumb":{"@id":"https:\/\/elfsight.com\/it\/g2-crowd-reviews-widget\/google-sites\/#breadcrumb"},"inLanguage":"it-IT","potentialAction":[{"@type":"ReadAction","target":["https:\/\/elfsight.com\/it\/g2-crowd-reviews-widget\/google-sites\/"]}]},{"@type":"BreadcrumbList","@id":"https:\/\/elfsight.com\/it\/g2-crowd-reviews-widget\/google-sites\/#breadcrumb","itemListElement":[{"@type":"ListItem","position":1,"name":"Home","item":"https:\/\/elfsight.com\/it\/"},{"@type":"ListItem","position":2,"name":"G2 Crowd Reviews","item":"https:\/\/elfsight.com\/it\/g2-crowd-reviews-widget\/"},{"@type":"ListItem","position":3,"name":"G2 Crowd Reviews &#8211; Google Sites"}]},{"@type":"WebSite","@id":"https:\/\/elfsight.com\/it\/#website","url":"https:\/\/elfsight.com\/it\/","name":"Elfsight IT","description":"Just another Elfsight Sites site","potentialAction":[{"@type":"SearchAction","target":{"@type":"EntryPoint","urlTemplate":"https:\/\/elfsight.com\/it\/?s={search_term_string}"},"query-input":{"@type":"PropertyValueSpecification","valueRequired":true,"valueName":"search_term_string"}}],"inLanguage":"it-IT"}]}},"meta_box":{"industry":"","seo_heading":"","heading":"","description":"","cta_heading":"","cta_description":"","application":"2680","h1":"Widget Recensioni del pubblico di Google Sites G2","h1_caption":"Mostra le recensioni di g2 per evidenziare facilmente il successo e la reputazione del tuo software tra gli utenti nei tuoi siti Google.","application_category":[],"applications_title":"","applications_request_title":"","applications_request_button_text":"","hero_text":"","hero_video":"","hero_video_schema_markup":"","selling_points_title":"","selling_points_caption":"","selling_points":[],"selling_points_cta_text":"","features_title":"","features":"","ed_cta_examples_text":"","ed_cta_examples_hidden":"","ed_cta_demo_text":"","ed_cta_demo_hidden":"","why_caption":"","why_editor_title":"","why_editor_text":"","why_team_title":"","why_team_text":"","why_service_title":"","why_service_text":"","template_catalog_visible":"","template_catalog_title":"","template_catalog_text":"","template_catalog_categories_visible":"","demo_title":"Crea il tuo widget G2 Crowd Reviews","demo_caption":"Configura le tue G2 Crowd Reviews e aggiungile gratuitamente al tuo sito web di Google Sites!","default_faq_hidden":"","app_template_category":[],"platform":"105","template_public_id":"","codecanyon_url":"","codecanyon_item_id":"","codecanyon_price":"","pricing_caption":"","pricing_elfsight_apps_hide_column":"","pricing_elfsight_apps_url":"","pricing_codecanyon_price_caption":"","integration_category":[],"integration_request_title":"","integration_request_cta":"","integration_platform":"","integrations":[],"platform_category":[],"video_schema_markup":"","price":"da $ 0 al mese","trial":"","benefits":[{"text":"Servizio di installazione gratuito"},{"text":"Assistenza clienti con esperienza"},{"text":"Garanzia di rimborso di 14 giorni"},{"text":"Miglioramenti continui"}],"button_url":"#demo","button_target_blank":"","button_nofollow":"","attributes":[{"name":"Installazioni"},{"name":"Reattivit\u00e0","content":"S\u00cc"},{"name":"Browser compatibili","content":"Firefox, Safari, Opera, Chrome, Edge"}],"tags":[],"tags_disable_links":"","hide_more_platforms":"","video_object":"","demo_hide_cta":"","demo_hide_cloud_options":"","pricing_title":"","pricing":[{"pricing_icon":"platform","pricing_title":"Elfsight Apps","pricing_title_caption":"Soluzione multipiattaforma adatta a qualsiasi sito web","pricing_price":"da $ 0 \/ mese","pricing_price_caption":"inizia con il piano gratuito","pricing_benefits":[{"text":"Numero illimitato di siti web"},{"text":"Assistenza gratuita e puntuale"},{"text":"Aiuto per l'installazione gratuito"},{"text":"Prezzo speciale per pi\u00f9 app"}],"pricing_button_text":"Aggiungi al sito web","pricing_button_url":"#demo"}],"related_apps_title":"","related_apps_hidden":"","author":"","image":[],"title":"","job":"","social_networks":[]},"_links":{"self":[{"href":"https:\/\/elfsight.com\/it\/wp-json\/wp\/v2\/pages\/4667","targetHints":{"allow":["GET"]}}],"collection":[{"href":"https:\/\/elfsight.com\/it\/wp-json\/wp\/v2\/pages"}],"about":[{"href":"https:\/\/elfsight.com\/it\/wp-json\/wp\/v2\/types\/page"}],"author":[{"embeddable":true,"href":"https:\/\/elfsight.com\/it\/wp-json\/wp\/v2\/users\/9"}],"replies":[{"embeddable":true,"href":"https:\/\/elfsight.com\/it\/wp-json\/wp\/v2\/comments?post=4667"}],"version-history":[{"count":1,"href":"https:\/\/elfsight.com\/it\/wp-json\/wp\/v2\/pages\/4667\/revisions"}],"predecessor-version":[{"id":4671,"href":"https:\/\/elfsight.com\/it\/wp-json\/wp\/v2\/pages\/4667\/revisions\/4671"}],"up":[{"embeddable":true,"href":"https:\/\/elfsight.com\/it\/wp-json\/wp\/v2\/pages\/2681"}],"wp:attachment":[{"href":"https:\/\/elfsight.com\/it\/wp-json\/wp\/v2\/media?parent=4667"}],"curies":[{"name":"wp","href":"https:\/\/api.w.org\/{rel}","templated":true}]}}