{"id":4661,"date":"2024-05-03T06:38:05","date_gmt":"2024-05-03T06:38:05","guid":{"rendered":"https:\/\/elfsight.com\/it\/?page_id=4661"},"modified":"2024-11-11T11:23:42","modified_gmt":"2024-11-11T11:23:42","slug":"prestashop","status":"publish","type":"page","link":"https:\/\/elfsight.com\/it\/g2-crowd-reviews-widget\/prestashop\/","title":{"rendered":"G2 Crowd Reviews &#8211; PrestaShop"},"content":{"rendered":"<div class=\"application-platform-content-item-description application-platform-content-item\" id=\"description\" data-nav-section=\"description\"> <h2>Descrizione<\/h2> <p>Elfsight G2 Crowd Reviews \u00e8 uno strumento utile che ti d\u00e0 la possibilit\u00e0 di rivelare le recensioni sui tuoi prodotti direttamente sul il tuo sito da tutti i pi\u00f9 diffusi siti di recensioni aziendali. Con il nostro strumento, potrai applicare filtri per nascondere i commenti indesiderati, mostrare la tua valutazione in stelle e quantit\u00e0 dalla tua pagina su qualsiasi sito di recensioni, aggiungere informazioni sugli autori delle recensioni e aggiungere un pulsante CTA che motiver\u00e0 gli utenti a pubblicare i loro pensieri. L&#8217;app Elfsight G2 Crowd Reviews ti aiuter\u00e0 a rivelare le tue eccezionali prove sociali sul sito Web e iniziare ad avere pi\u00f9 nuove vendite. <\/p><p><b>Ottieni il meglio da G2 Crowd Reviews per affrontare le tue sfide aziendali con meno sforzo! <\/b><\/p> <\/div> <div class=\"application-platform-content-item-features application-platform-content-item\" id=\"features\" data-nav-section=\"features\"> <h2>Queste sono solo alcune delle numerose funzionalit\u00e0 del widget: <\/h2> <ul><li>Integrazione delle recensioni dei clienti da G2 Crowd <\/li><li>3 tipi di filtri: escludi per, quantit\u00e0 di recensioni e per tipo<\/li><li>Quattro tipi di layout: griglia, muratura, elenco e cursore<\/li><li>frecce e trascinamenti tipi di navigazione nel layout Slider<\/li><li>Imposta la velocit\u00e0 della diapositiva e la velocit\u00e0 di riproduzione automatica<\/li><li>Seleziona il tipo di impaginazione nel layout Slider<\/li><li>Pulsante di invito all&#8217;azione per ottenere le recensioni dei nuovi utenti su Pagina G2 Crowd<\/li><li>Tre modelli di recensione: Classic, Bubble, Spotlight<\/li><li>6 elementi flessibili delle recensioni: icona e foto di G2 Crowd, consiglio, data, nome dell&#8217;autore e valutazione a stelle<\/li><li>Un&#8217;opzione per modificare la dimensione del carattere del testo della recensione<\/li><\/ul><p><a href=\"#demo\">Prova questa demo per comprendere la funzionalit\u00e0 del widget<\/a><\/p> <\/div> <div class=\"application-platform-content-item-installation application-platform-content-item\" id=\"installation\" data-nav-section=\"installation\"> <h2>Come incorporo G2 Reviews nel mio sito PrestaShop? <\/h2> <p>Segui semplicemente un paio di passaggi descritti di seguito per incorporare il componente aggiuntivo. <\/p> <ol><li><b>Apri il nostro editor gratuito e inizia a creare il tuo componente aggiuntivo personalizzato. <\/b><br> Determina l&#8217;interfaccia e la funzionalit\u00e0 preferibili del widget e applica le correzioni. <\/li> <li><b>Acquisisci il codice univoco che appare nel riquadro sulle App Elfsight. <\/b><br> Non appena terminata la generazione del tuo widget, copia il codice personale dalla finestra che appare e conservalo per un ulteriore utilizzo. <\/li> <li><b>Inizia a utilizzare il componente aggiuntivo sul sito Web PrestaShop. <\/b><br> Aggiungi il codice salvato in precedenza nella tua home page e salva le modifiche. <\/li> <li><b>L&#8217;installazione \u00e8 completamente completata. <\/b><br> Visita il tuo sito per dare un&#8217;occhiata a come funziona lo strumento. <\/li><\/ol> <p>Se riscontri ostacoli, non aver paura di scrivere al nostro team di assistenza clienti. I nostri consulenti saranno lieti di risolvere tutte le domande che potresti avere con il widget. <\/p> <div class=\"faq\" data-component=\"FAQ\"> <div class=\"faq-item\">\r\n\t\t\t\t\t<div class=\"faq-item-question\">\r\n\t\t\t\t\t\t<h3 class=\"faq-item-question-text\">Come aggiungere G2 Reviews al mio sito web PrestaShop senza competenze di codifica?<\/h3>\r\n\r\n\t\t\t\t\t\t<div class=\"faq-item-question-icon\"><\/div>\r\n\t\t\t\t\t<\/div>\r\n\r\n\t\t\t\t\t<div class=\"faq-item-answer\">\r\n\t\t\t\t\t\t<div class=\"faq-item-answer-text\"> <p>Elfsight fornisce una soluzione SaaS che ti consente di creare tu stesso un widget G2 Reviews, scopri quanto \u00e8 facile il processo \u00e8: lavora direttamente nell&#8217;editor online per creare un widget G2 Reviews che vorresti vedere sul tuo sito PrestaShop. Scegli uno dei modelli predefiniti e regola le impostazioni di G2 Reviews, aggiungi i tuoi contenuti, modifica il layout e i colori senza competenze di codifica. Salva le recensioni di G2 e copia il codice di installazione, che potrai facilmente incorporare nel tuo sito PrestaShop senza dover acquistare un abbonamento a pagamento. Con il nostro editor intuitivo qualsiasi utente di Internet pu\u00f2 creare widget G2 Reviews online e incorporarlo facilmente nel proprio sito Web PrestaShop. Non \u00e8 necessario pagare o inserire le credenziali della carta per accedere al servizio. In caso di problemi in qualsiasi momento, non esitate a contattare il nostro team di supporto tecnico.<\/p> <\/div>\r\n\t\t\t\t\t<\/div>\r\n\t\t\t\t<\/div> <\/div> <\/div>","protected":false},"excerpt":{"rendered":"","protected":false},"author":9,"featured_media":0,"parent":2681,"menu_order":0,"comment_status":"closed","ping_status":"closed","template":"templates\/template-application-platform.php","meta":{"publish_to_discourse":"","publish_post_category":"","wpdc_auto_publish_overridden":"","wpdc_topic_tags":"","wpdc_pin_topic":"","wpdc_pin_until":"","discourse_post_id":"","discourse_permalink":"","wpdc_publishing_response":"","wpdc_publishing_error":"","footnotes":""},"class_list":["post-4661","page","type-page","status-publish","hentry"],"yoast_head":"<!-- This site is optimized with the Yoast SEO plugin v25.3.1 - https:\/\/yoast.com\/wordpress\/plugins\/seo\/ -->\n<title>Incorpora G2 Crowd Reviews nel sito web PrestaShop (gratuito e veloce)<\/title>\n<meta name=\"description\" content=\"Con Elfsight, crea il tuo componente aggiuntivo G2 Crowd Reviews e inseriscilo nel tuo sito web PrestaShop. Abbiamo un servizio clienti gratuito e pi\u00f9 bonus.\" \/>\n<meta name=\"robots\" content=\"index, follow, max-snippet:-1, max-image-preview:large, max-video-preview:-1\" \/>\n<link rel=\"canonical\" href=\"https:\/\/elfsight.com\/it\/g2-crowd-reviews-widget\/prestashop\/\" \/>\n<meta property=\"og:locale\" content=\"it_IT\" \/>\n<meta property=\"og:type\" content=\"article\" \/>\n<meta property=\"og:title\" content=\"Incorpora G2 Crowd Reviews nel sito web PrestaShop (gratuito e veloce)\" \/>\n<meta property=\"og:description\" content=\"Con Elfsight, crea il tuo componente aggiuntivo G2 Crowd Reviews e inseriscilo nel tuo sito web PrestaShop. Abbiamo un servizio clienti gratuito e pi\u00f9 bonus.\" \/>\n<meta property=\"og:url\" content=\"https:\/\/elfsight.com\/it\/g2-crowd-reviews-widget\/prestashop\/\" \/>\n<meta property=\"og:site_name\" content=\"Elfsight IT\" \/>\n<meta property=\"article:modified_time\" content=\"2024-11-11T11:23:42+00:00\" \/>\n<meta name=\"twitter:card\" content=\"summary_large_image\" \/>\n<meta name=\"twitter:label1\" content=\"Tempo di lettura stimato\" \/>\n\t<meta name=\"twitter:data1\" content=\"3 minuti\" \/>\n<!-- \/ Yoast SEO plugin. -->","yoast_head_json":{"title":"Incorpora G2 Crowd Reviews nel sito web PrestaShop (gratuito e veloce)","description":"Con Elfsight, crea il tuo componente aggiuntivo G2 Crowd Reviews e inseriscilo nel tuo sito web PrestaShop. Abbiamo un servizio clienti gratuito e pi\u00f9 bonus.","robots":{"index":"index","follow":"follow","max-snippet":"max-snippet:-1","max-image-preview":"max-image-preview:large","max-video-preview":"max-video-preview:-1"},"canonical":"https:\/\/elfsight.com\/it\/g2-crowd-reviews-widget\/prestashop\/","og_locale":"it_IT","og_type":"article","og_title":"Incorpora G2 Crowd Reviews nel sito web PrestaShop (gratuito e veloce)","og_description":"Con Elfsight, crea il tuo componente aggiuntivo G2 Crowd Reviews e inseriscilo nel tuo sito web PrestaShop. Abbiamo un servizio clienti gratuito e pi\u00f9 bonus.","og_url":"https:\/\/elfsight.com\/it\/g2-crowd-reviews-widget\/prestashop\/","og_site_name":"Elfsight IT","article_modified_time":"2024-11-11T11:23:42+00:00","twitter_card":"summary_large_image","twitter_misc":{"Tempo di lettura stimato":"3 minuti"},"schema":{"@context":"https:\/\/schema.org","@graph":[{"@type":"WebPage","@id":"https:\/\/elfsight.com\/it\/g2-crowd-reviews-widget\/prestashop\/","url":"https:\/\/elfsight.com\/it\/g2-crowd-reviews-widget\/prestashop\/","name":"Incorpora G2 Crowd Reviews nel sito web PrestaShop (gratuito e veloce)","isPartOf":{"@id":"https:\/\/elfsight.com\/it\/#website"},"datePublished":"2024-05-03T06:38:05+00:00","dateModified":"2024-11-11T11:23:42+00:00","description":"Con Elfsight, crea il tuo componente aggiuntivo G2 Crowd Reviews e inseriscilo nel tuo sito web PrestaShop. Abbiamo un servizio clienti gratuito e pi\u00f9 bonus.","breadcrumb":{"@id":"https:\/\/elfsight.com\/it\/g2-crowd-reviews-widget\/prestashop\/#breadcrumb"},"inLanguage":"it-IT","potentialAction":[{"@type":"ReadAction","target":["https:\/\/elfsight.com\/it\/g2-crowd-reviews-widget\/prestashop\/"]}]},{"@type":"BreadcrumbList","@id":"https:\/\/elfsight.com\/it\/g2-crowd-reviews-widget\/prestashop\/#breadcrumb","itemListElement":[{"@type":"ListItem","position":1,"name":"Home","item":"https:\/\/elfsight.com\/it\/"},{"@type":"ListItem","position":2,"name":"G2 Crowd Reviews","item":"https:\/\/elfsight.com\/it\/g2-crowd-reviews-widget\/"},{"@type":"ListItem","position":3,"name":"G2 Crowd Reviews &#8211; PrestaShop"}]},{"@type":"WebSite","@id":"https:\/\/elfsight.com\/it\/#website","url":"https:\/\/elfsight.com\/it\/","name":"Elfsight IT","description":"Just another Elfsight Sites site","potentialAction":[{"@type":"SearchAction","target":{"@type":"EntryPoint","urlTemplate":"https:\/\/elfsight.com\/it\/?s={search_term_string}"},"query-input":{"@type":"PropertyValueSpecification","valueRequired":true,"valueName":"search_term_string"}}],"inLanguage":"it-IT"}]}},"meta_box":{"industry":"","seo_heading":"","heading":"","description":"","cta_heading":"","cta_description":"","application":"2680","h1":"Recensioni del pubblico G2 per PrestaShop","h1_caption":"Mostra le recensioni di g2 per evidenziare il successo e la reputazione del tuo software tra gli utenti nel tuo sito Web Prestashop senza sforzo.","application_category":[],"applications_title":"","applications_request_title":"","applications_request_button_text":"","hero_text":"","hero_video":"","hero_video_schema_markup":"","selling_points_title":"","selling_points_caption":"","selling_points":[],"selling_points_cta_text":"","features_title":"","features":"","ed_cta_examples_text":"","ed_cta_examples_hidden":"","ed_cta_demo_text":"","ed_cta_demo_hidden":"","why_caption":"","why_editor_title":"","why_editor_text":"","why_team_title":"","why_team_text":"","why_service_title":"","why_service_text":"","template_catalog_visible":"","template_catalog_title":"","template_catalog_text":"","template_catalog_categories_visible":"","demo_title":"Crea il tuo componente aggiuntivo G2 Crowd Reviews","demo_caption":"Configura le tue G2 Crowd Reviews e aggiungile gratuitamente al tuo sito PrestaShop!","default_faq_hidden":"","app_template_category":[],"platform":"1023","template_public_id":"","codecanyon_url":"","codecanyon_item_id":"","codecanyon_price":"","pricing_caption":"","pricing_elfsight_apps_hide_column":"","pricing_elfsight_apps_url":"","pricing_codecanyon_price_caption":"","integration_category":[],"integration_request_title":"","integration_request_cta":"","integration_platform":"","integrations":[],"platform_category":[],"video_schema_markup":"","price":"da $ 0 al mese","trial":"","benefits":[{"text":"Aiuto per l'installazione gratuito"},{"text":"Servizio clienti efficace"},{"text":"Garanzia di rimborso di 14 giorni"},{"text":"Miglioramenti gratuiti regolari"}],"button_url":"#demo","button_target_blank":"","button_nofollow":"","attributes":[{"name":"Installazioni"},{"name":"Reattivo","content":"S\u00cc"},{"name":"Browser compatibili","content":"Firefox, Safari, Opera, Chrome, Edge"}],"tags":[],"tags_disable_links":"","hide_more_platforms":"","video_object":"","demo_hide_cta":"","demo_hide_cloud_options":"","pricing_title":"","pricing":[{"pricing_icon":"platform","pricing_title":"Elfsight Apps","pricing_title_caption":"Software multipiattaforma","pricing_price":"da $ 0 \/ mese","pricing_price_caption":"inizia con un piano gratuito","pricing_benefits":[{"text":"Siti web illimitati"},{"text":"Assistenza clienti 24 ore su 24, 7 giorni su 7"},{"text":"Servizio di installazione gratuito"},{"text":"Progettazione flessibile"}],"pricing_button_text":"Aggiungi al sito web","pricing_button_url":"#demo"}],"related_apps_title":"","related_apps_hidden":"","author":"","image":[],"title":"","job":"","social_networks":[]},"_links":{"self":[{"href":"https:\/\/elfsight.com\/it\/wp-json\/wp\/v2\/pages\/4661","targetHints":{"allow":["GET"]}}],"collection":[{"href":"https:\/\/elfsight.com\/it\/wp-json\/wp\/v2\/pages"}],"about":[{"href":"https:\/\/elfsight.com\/it\/wp-json\/wp\/v2\/types\/page"}],"author":[{"embeddable":true,"href":"https:\/\/elfsight.com\/it\/wp-json\/wp\/v2\/users\/9"}],"replies":[{"embeddable":true,"href":"https:\/\/elfsight.com\/it\/wp-json\/wp\/v2\/comments?post=4661"}],"version-history":[{"count":1,"href":"https:\/\/elfsight.com\/it\/wp-json\/wp\/v2\/pages\/4661\/revisions"}],"predecessor-version":[{"id":4665,"href":"https:\/\/elfsight.com\/it\/wp-json\/wp\/v2\/pages\/4661\/revisions\/4665"}],"up":[{"embeddable":true,"href":"https:\/\/elfsight.com\/it\/wp-json\/wp\/v2\/pages\/2681"}],"wp:attachment":[{"href":"https:\/\/elfsight.com\/it\/wp-json\/wp\/v2\/media?parent=4661"}],"curies":[{"name":"wp","href":"https:\/\/api.w.org\/{rel}","templated":true}]}}