{"id":4660,"date":"2024-05-03T06:38:04","date_gmt":"2024-05-03T06:38:04","guid":{"rendered":"https:\/\/elfsight.com\/it\/?page_id=4660"},"modified":"2024-11-11T11:21:28","modified_gmt":"2024-11-11T11:21:28","slug":"jimdo","status":"publish","type":"page","link":"https:\/\/elfsight.com\/it\/g2-crowd-reviews-widget\/jimdo\/","title":{"rendered":"G2 Crowd Reviews &#8211; Jimdo"},"content":{"rendered":"<div class=\"application-platform-content-item-description application-platform-content-item\" id=\"description\" data-nav-section=\"description\"> <h2>Descrizione<\/h2> <p>G2 Crowd Reviews \u00e8 un pratico widget che ti offre la possibilit\u00e0 di rivelare le recensioni sulle tue offerte direttamente sul tuo sito da tutti i siti di recensioni affidabili. Con l&#8217;aiuto del nostro widget, potrai applicare filtri per nascondere le recensioni indesiderate, mostrare la tua valutazione in stelle e numeri direttamente dalla tua pagina su qualsiasi sito di recensioni, aggiungere informazioni sugli autori delle recensioni e allegare un pulsante CTA che motiver\u00e0 i visitatori a scrivere i loro pensieri. Il widget G2 Crowd Reviews ti spinger\u00e0 a mostrare la tua meravigliosa prova sociale direttamente sulla pagina web e inizier\u00e0 a ottenere pi\u00f9 nuove vendite. <\/p> <p><b>Utilizza G2 Crowd Reviews per raggiungere i tuoi obiettivi di e-commerce in modo pi\u00f9 efficiente! <\/b><\/p> <\/div> <div class=\"application-platform-content-item-features application-platform-content-item\" id=\"features\" data-nav-section=\"features\"> <h2>Di seguito trovi le caratteristiche principali del widget: <\/h2> <ul><li>Incorpora le recensioni dei clienti dall&#8217;account G2 Crowd<\/li><li>Tre tipi di filtri: per tipo, quantit\u00e0 di recensioni ed esclusione per<\/li><li>Quattro tipi di layout: Slider, Massoneria, Elenco e Griglia<\/li><li>trascina i tipi di navigazione e frecce nel layout Slider<\/li><li>Imposta la velocit\u00e0 di riproduzione automatica e la velocit\u00e0 della diapositiva<\/li><li>Seleziona il tipo di impaginazione nel layout Slider<\/li><li>Pulsante di invito all&#8217;azione per ottenere le recensioni dei nuovi utenti su G2 Crowd pagina<\/li><li>Tre modelli di recensione: Classica, a bolle, Spotlight<\/li><li>6 elementi flessibili delle recensioni: icona e foto di G2 Crowd, consiglio, valutazione a stelle, data e nome dell&#8217;autore<\/li><li>Un&#8217;opzione per modificare la dimensione del carattere del testo della recensione<\/li><\/ul><p><a href=\"#demo\">Puoi vedere quanto vale il widget con l&#8217;aiuto della demo<\/a> <\/p> <\/div> <div class=\"application-platform-content-item-installation application-platform-content-item\" id=\"installation\" data-nav-section=\"installation\"> <h2>Come incorporare G2 Crowd Reviews sul mio sito Jimdo? <\/h2> <p>Segui semplicemente le linee guida seguenti per inserire lo strumento. <\/p> <ol><li><b>Esegui la nostra demo gratuita e inizia a dare forma al tuo widget personalizzato. <\/b><br> Scegli l&#8217;aspetto e i parametri preferiti del widget e salva le modifiche. <\/li> <li><b>Acquisisci il codice personale rivelato nell&#8217;apposito modulo su Elfsight Apps. <\/b><br> Non appena la configurazione del tuo widget sar\u00e0 completata, copia il codice personale nel box e salvalo per un ulteriore utilizzo. <\/li> <li><b>Avvia l&#8217;utilizzo del widget sulla tua pagina web Jimdo. <\/b><br> Integra il codice che hai copiato di recente nel tuo sito web e salva i miglioramenti. <\/li> <li><b>L&#8217;installazione \u00e8 stata eseguita con successo. <\/b><br> Vai al tuo sito per osservare come funziona lo strumento. <\/li><\/ol> <p>A condizione di riscontrare domande o di imbattersi in eventuali complicazioni, sentiti libero di fare domanda per il nostro team di supporto. Il nostro personale sar\u00e0 lieto di risolvere tutte le domande che potresti avere con il widget. <\/p> <div class=\"faq\" data-component=\"FAQ\"> <div class=\"faq-item\">\r\n\t\t\t\t\t<div class=\"faq-item-question\">\r\n\t\t\t\t\t\t<h3 class=\"faq-item-question-text\">Come posso aggiungere G2 Reviews al mio sito web Jimdo senza competenze di programmazione?<\/h3>\r\n\r\n\t\t\t\t\t\t<div class=\"faq-item-question-icon\"><\/div>\r\n\t\t\t\t\t<\/div>\r\n\r\n\t\t\t\t\t<div class=\"faq-item-answer\">\r\n\t\t\t\t\t\t<div class=\"faq-item-answer-text\"> <p>Elfsight fornisce una soluzione SaaS che ti consente di creare tu stesso un widget G2 Reviews, scopri quanto \u00e8 facile Il processo \u00e8: lavora direttamente nell&#8217;editor online per creare un widget G2 Reviews che vorresti vedere sul tuo sito Jimdo. Scegli uno dei modelli predefiniti e regola le impostazioni di G2 Reviews, aggiungi i tuoi contenuti, modifica il layout e la combinazione di colori senza competenze di codifica. Salva le recensioni di G2 e copia il codice di installazione, che potrai incollare facilmente nel tuo sito Jimdo senza acquistare un abbonamento a pagamento. Con il nostro editor intuitivo qualsiasi utente di Internet pu\u00f2 creare widget G2 Reviews online e incorporarlo facilmente nel proprio sito Web Jimdo. Non \u00e8 necessario pagare o inserire le credenziali della carta per accedere al servizio. In caso di problemi in qualsiasi momento, non esitate a contattare il nostro team di supporto tecnico.<\/p> <\/div>\r\n\t\t\t\t\t<\/div>\r\n\t\t\t\t<\/div> <\/div> <\/div>","protected":false},"excerpt":{"rendered":"","protected":false},"author":9,"featured_media":0,"parent":2681,"menu_order":0,"comment_status":"closed","ping_status":"closed","template":"templates\/template-application-platform.php","meta":{"publish_to_discourse":"","publish_post_category":"","wpdc_auto_publish_overridden":"","wpdc_topic_tags":"","wpdc_pin_topic":"","wpdc_pin_until":"","discourse_post_id":"","discourse_permalink":"","wpdc_publishing_response":"","wpdc_publishing_error":"","footnotes":""},"class_list":["post-4660","page","type-page","status-publish","hentry"],"yoast_head":"<!-- This site is optimized with the Yoast SEO plugin v25.3.1 - https:\/\/yoast.com\/wordpress\/plugins\/seo\/ -->\n<title>Incorpora G2 Crowd Reviews nel sito web Jimdo (gratuito e veloce)<\/title>\n<meta name=\"description\" content=\"Con Elfsight, crea il tuo widget G2 Crowd Reviews e inseriscilo nel tuo sito Jimdo in pochissimo tempo. Abbiamo un servizio clienti gratuito e pi\u00f9 bonus.\" \/>\n<meta name=\"robots\" content=\"index, follow, max-snippet:-1, max-image-preview:large, max-video-preview:-1\" \/>\n<link rel=\"canonical\" href=\"https:\/\/elfsight.com\/it\/g2-crowd-reviews-widget\/jimdo\/\" \/>\n<meta property=\"og:locale\" content=\"it_IT\" \/>\n<meta property=\"og:type\" content=\"article\" \/>\n<meta property=\"og:title\" content=\"Incorpora G2 Crowd Reviews nel sito web Jimdo (gratuito e veloce)\" \/>\n<meta property=\"og:description\" content=\"Con Elfsight, crea il tuo widget G2 Crowd Reviews e inseriscilo nel tuo sito Jimdo in pochissimo tempo. Abbiamo un servizio clienti gratuito e pi\u00f9 bonus.\" \/>\n<meta property=\"og:url\" content=\"https:\/\/elfsight.com\/it\/g2-crowd-reviews-widget\/jimdo\/\" \/>\n<meta property=\"og:site_name\" content=\"Elfsight IT\" \/>\n<meta property=\"article:modified_time\" content=\"2024-11-11T11:21:28+00:00\" \/>\n<meta name=\"twitter:card\" content=\"summary_large_image\" \/>\n<meta name=\"twitter:label1\" content=\"Tempo di lettura stimato\" \/>\n\t<meta name=\"twitter:data1\" content=\"3 minuti\" \/>\n<!-- \/ Yoast SEO plugin. -->","yoast_head_json":{"title":"Incorpora G2 Crowd Reviews nel sito web Jimdo (gratuito e veloce)","description":"Con Elfsight, crea il tuo widget G2 Crowd Reviews e inseriscilo nel tuo sito Jimdo in pochissimo tempo. Abbiamo un servizio clienti gratuito e pi\u00f9 bonus.","robots":{"index":"index","follow":"follow","max-snippet":"max-snippet:-1","max-image-preview":"max-image-preview:large","max-video-preview":"max-video-preview:-1"},"canonical":"https:\/\/elfsight.com\/it\/g2-crowd-reviews-widget\/jimdo\/","og_locale":"it_IT","og_type":"article","og_title":"Incorpora G2 Crowd Reviews nel sito web Jimdo (gratuito e veloce)","og_description":"Con Elfsight, crea il tuo widget G2 Crowd Reviews e inseriscilo nel tuo sito Jimdo in pochissimo tempo. Abbiamo un servizio clienti gratuito e pi\u00f9 bonus.","og_url":"https:\/\/elfsight.com\/it\/g2-crowd-reviews-widget\/jimdo\/","og_site_name":"Elfsight IT","article_modified_time":"2024-11-11T11:21:28+00:00","twitter_card":"summary_large_image","twitter_misc":{"Tempo di lettura stimato":"3 minuti"},"schema":{"@context":"https:\/\/schema.org","@graph":[{"@type":"WebPage","@id":"https:\/\/elfsight.com\/it\/g2-crowd-reviews-widget\/jimdo\/","url":"https:\/\/elfsight.com\/it\/g2-crowd-reviews-widget\/jimdo\/","name":"Incorpora G2 Crowd Reviews nel sito web Jimdo (gratuito e veloce)","isPartOf":{"@id":"https:\/\/elfsight.com\/it\/#website"},"datePublished":"2024-05-03T06:38:04+00:00","dateModified":"2024-11-11T11:21:28+00:00","description":"Con Elfsight, crea il tuo widget G2 Crowd Reviews e inseriscilo nel tuo sito Jimdo in pochissimo tempo. Abbiamo un servizio clienti gratuito e pi\u00f9 bonus.","breadcrumb":{"@id":"https:\/\/elfsight.com\/it\/g2-crowd-reviews-widget\/jimdo\/#breadcrumb"},"inLanguage":"it-IT","potentialAction":[{"@type":"ReadAction","target":["https:\/\/elfsight.com\/it\/g2-crowd-reviews-widget\/jimdo\/"]}]},{"@type":"BreadcrumbList","@id":"https:\/\/elfsight.com\/it\/g2-crowd-reviews-widget\/jimdo\/#breadcrumb","itemListElement":[{"@type":"ListItem","position":1,"name":"Home","item":"https:\/\/elfsight.com\/it\/"},{"@type":"ListItem","position":2,"name":"G2 Crowd Reviews","item":"https:\/\/elfsight.com\/it\/g2-crowd-reviews-widget\/"},{"@type":"ListItem","position":3,"name":"G2 Crowd Reviews &#8211; Jimdo"}]},{"@type":"WebSite","@id":"https:\/\/elfsight.com\/it\/#website","url":"https:\/\/elfsight.com\/it\/","name":"Elfsight IT","description":"Just another Elfsight Sites site","potentialAction":[{"@type":"SearchAction","target":{"@type":"EntryPoint","urlTemplate":"https:\/\/elfsight.com\/it\/?s={search_term_string}"},"query-input":{"@type":"PropertyValueSpecification","valueRequired":true,"valueName":"search_term_string"}}],"inLanguage":"it-IT"}]}},"meta_box":{"industry":"","seo_heading":"","heading":"","description":"","cta_heading":"","cta_description":"","application":"2680","h1":"Recensioni del pubblico G2 per Jimdo","h1_caption":"Mostra le recensioni di g2 per mettere in risalto il successo e la reputazione del tuo software tra gli utenti nel tuo sito Jimdo.","application_category":[],"applications_title":"","applications_request_title":"","applications_request_button_text":"","hero_text":"","hero_video":"","hero_video_schema_markup":"","selling_points_title":"","selling_points_caption":"","selling_points":[],"selling_points_cta_text":"","features_title":"","features":"","ed_cta_examples_text":"","ed_cta_examples_hidden":"","ed_cta_demo_text":"","ed_cta_demo_hidden":"","why_caption":"","why_editor_title":"","why_editor_text":"","why_team_title":"","why_team_text":"","why_service_title":"","why_service_text":"","template_catalog_visible":"","template_catalog_title":"","template_catalog_text":"","template_catalog_categories_visible":"","demo_title":"Crea il tuo widget G2 Crowd Reviews","demo_caption":"Configura le tue G2 Crowd Reviews e aggiungile gratuitamente al tuo sito Jimdo!","default_faq_hidden":"","app_template_category":[],"platform":"55","template_public_id":"","codecanyon_url":"","codecanyon_item_id":"","codecanyon_price":"","pricing_caption":"","pricing_elfsight_apps_hide_column":"","pricing_elfsight_apps_url":"","pricing_codecanyon_price_caption":"","integration_category":[],"integration_request_title":"","integration_request_cta":"","integration_platform":"","integrations":[],"platform_category":[],"video_schema_markup":"","price":"da $ 0 al mese","trial":"","benefits":[{"text":"Servizio di installazione gratuito"},{"text":"Servizio clienti competente"},{"text":"Garanzia di rimborso di 14 giorni"},{"text":"Aggiornamenti regolari"}],"button_url":"#demo","button_target_blank":"","button_nofollow":"","attributes":[{"name":"Installazioni"},{"name":"Reattivo","content":"S\u00cc"},{"name":"Browser compatibili","content":"Firefox, Safari, Opera, Chrome, Edge"}],"tags":[],"tags_disable_links":"","hide_more_platforms":"","video_object":"","demo_hide_cta":"","demo_hide_cloud_options":"","pricing_title":"","pricing":[{"pricing_icon":"platform","pricing_title":"Elfsight Apps","pricing_title_caption":"Versione multipiattaforma adatta a qualsiasi sito web","pricing_price":"da $ 0 \/ mese","pricing_price_caption":"inizia con un piano gratuito","pricing_benefits":[{"text":"Siti web illimitati"},{"text":"Supporto puntuale 24 ore su 24, 7 giorni su 7 e ben documentato"},{"text":"Assistenza gratuita per l'installazione"},{"text":"Progettazione flessibile"}],"pricing_button_text":"Aggiungi al sito web","pricing_button_url":"#demo"}],"related_apps_title":"","related_apps_hidden":"","author":"","image":[],"title":"","job":"","social_networks":[]},"_links":{"self":[{"href":"https:\/\/elfsight.com\/it\/wp-json\/wp\/v2\/pages\/4660","targetHints":{"allow":["GET"]}}],"collection":[{"href":"https:\/\/elfsight.com\/it\/wp-json\/wp\/v2\/pages"}],"about":[{"href":"https:\/\/elfsight.com\/it\/wp-json\/wp\/v2\/types\/page"}],"author":[{"embeddable":true,"href":"https:\/\/elfsight.com\/it\/wp-json\/wp\/v2\/users\/9"}],"replies":[{"embeddable":true,"href":"https:\/\/elfsight.com\/it\/wp-json\/wp\/v2\/comments?post=4660"}],"version-history":[{"count":1,"href":"https:\/\/elfsight.com\/it\/wp-json\/wp\/v2\/pages\/4660\/revisions"}],"predecessor-version":[{"id":4664,"href":"https:\/\/elfsight.com\/it\/wp-json\/wp\/v2\/pages\/4660\/revisions\/4664"}],"up":[{"embeddable":true,"href":"https:\/\/elfsight.com\/it\/wp-json\/wp\/v2\/pages\/2681"}],"wp:attachment":[{"href":"https:\/\/elfsight.com\/it\/wp-json\/wp\/v2\/media?parent=4660"}],"curies":[{"name":"wp","href":"https:\/\/api.w.org\/{rel}","templated":true}]}}