{"id":4659,"date":"2024-05-03T06:38:03","date_gmt":"2024-05-03T06:38:03","guid":{"rendered":"https:\/\/elfsight.com\/it\/?page_id=4659"},"modified":"2025-03-14T07:52:50","modified_gmt":"2025-03-14T07:52:50","slug":"blogger","status":"publish","type":"page","link":"https:\/\/elfsight.com\/it\/online-form-builder\/blogger\/","title":{"rendered":"Form Builder &#8211; Blogger"},"content":{"rendered":"\n<div class=\"application-platform-content-item-description application-platform-content-item\" id=\"description\" data-nav-section=\"description\"><h2>Generatore di moduli personalizzati per Blogger<\/h2><p>Generatore di moduli di contatto per Blogger \u00e8 uno strumento multiuso che consente di creare tutti i moduli richiesti tipi di moduli di compilazione e incorporarli in qualsiasi risorsa web. Ottieni maggiori dettagli dal tuo pubblico attuale e potenziale tramite semplici sondaggi, moduli di feedback, richieste di valutazione e altro. Imposta il modello del modulo, scegli di creare moduli personalizzati per fornirti maggiori informazioni dal pubblico. Qualunque sia il tipo di informazione di cui potresti aver bisogno: impressioni, punteggi, prenotazioni e vendite, il nostro generatore di moduli fornir\u00e0 tutto per creare un modulo di compilazione adatto a questa attivit\u00e0. Con una struttura flessibile e vari elementi predefiniti, il tuo modulo sar\u00e0 gestibile per i tuoi clienti e pratico per te.<\/p><p><b>Raccogli le idee dei clienti, lavora con le prenotazioni e le domande dei clienti del tuo sito!<\/b> <\/p><ul><li><b>Crea moduli attraenti per raccogliere pi\u00f9 feedback<\/b>.<br>Hai a disposizione una vasta collezione di articoli che ti consentono di dare forma a forme divertenti e realizzabili. Una variet\u00e0 di personalizzazione dello stile del nostro widget aiuter\u00e0 a renderlo brillante e ad invogliare pi\u00f9 clientela a riempirlo.<\/li><li><b>Aumenta il numero di lead con moduli gestibili<\/b>.<br>Modulo widget Elfsight Builder ti consente di modellare i moduli pi\u00f9 pratici e gestibili per i tuoi clienti. Consentono di impostare una comunicazione efficace e piacevole e di mantenere il pubblico impegnato per tutto il tempo del riempimento per completarlo con successo.<\/li><li><b>Risparmia tempo e denaro con uno strumento multiuso<\/b>.<br>Questo singolo strumento consente di creare forme di vario genere con diversi insiemi di elementi e struttura. Ci\u00f2 ti aiuter\u00e0 a configurare i moduli per ricevere feedback di vario tipo senza spendere pi\u00f9 tempo e denaro.<\/li><\/ul><\/div><div class=\"application-platform-content-item-features application-platform-content-item\" id=\"features\" data-nav-section=\"features\"><h2>Caratteristiche del plugin per la creazione di moduli<\/h2><p>Perch\u00e9 Elfsight Online Form Builder \u00e8 diventato il miglior plug-in per ottenere feedback dai clienti e lavorare con gli ordini su Blogger?<\/p><ul><li>I moduli passo passo hanno una barra di avanzamento con il numero totale di passaggi e il nome del passaggio corrente;<\/li><li>Possibilit\u00e0 di suddividere i campi in pi\u00f9 colonne;<\/li><li>Assegna un indirizzo email qualsiasi e i risultati della compilazione del modulo verranno automaticamente inviati l\u00ec;<\/li><li> Imposta qualsiasi URL a cui un utente verr\u00e0 reindirizzato dopo aver compilato il modulo;<\/li><li>Un coloratore intelligente trover\u00e0 il colore di contrasto massimo per il testo e gli elementi dell&#8217;interfaccia a seconda del colore principale che hai scelto.<\/li><\/ul><p><a href=\"#demo\">Prova l&#8217;elenco completo dei vantaggi nel nostro configuratore<\/a><\/p><\/div><div class=\"application-platform-content-item-installation application-platform-content-item\" id=\"installation\" data-nav-section=\"installation\"><h2>Come aggiungere Form Builder widget per il sito web di Blogger<\/h2><div class=\"video-container\"><iframe width=\"560\" height=\"315\" src=\"https:\/\/www.youtube.com\/embed\/Acsdx32D1-o?si=5bRjyg8C8inMF6-P\" frameborder=\"0\" allow=\"accelerometer; autoplay; clipboard-write; encrypted-media; gyroscope; picture-in-picture; web-share\" allowfullscreen><\/iframe><\/div><p>La durata riepilogativa del processo \u00e8 di circa 70 secondi e un bel vantaggio \u00e8 che non richiede esperienza nello sviluppo web.<\/p><ol><li><b>Crea il tuo generatore di moduli personale<\/b>.<br>Con l&#8217;aiuto del nostro configuratore gratuito, assembla un plugin con l&#8217;aspetto e le capacit\u00e0 necessarie.<\/li><li><b>Acquisisci il codice per mostrare il plugin<\/b>.<br>Dopo la creazione del widget ottieni il codice per il plugin del modulo dalla notifica popup su Elfsight Apps.<\/li><li><b>Mostra il plugin sul sito Blogger<\/b>.<br>Aggiungi il plug-in nel punto desiderato della pagina e applica le modifiche.<\/li><li><b>Hai finito!<\/b><br>Vai al tuo sito Blogger per vedere il tuo lavoro.<\/li><\/ol><p>Sono apparse difficolt\u00e0 durante l&#8217;impostazione o la modifica dei parametri del widget? Puoi leggere una guida approfondita \u00ab<a href=\"https:\/\/elfsight.com\/tutorials\/how-to-add-form-builder-to-blogger\/\">Come incorporare moduli su Blogger<\/a>\u00bb e provalo tu stesso ancora una volta. Oppure rivolgiti all&#8217;assistenza clienti Elfsight con una descrizione completa del problema. Siamo qui per aiutarti.<\/p><div class=\"faq\" data-component=\"FAQ\"> <div class=\"faq-item\">\r\n\t\t\t\t\t<div class=\"faq-item-question\">\r\n\t\t\t\t\t\t<h3 class=\"faq-item-question-text\">Come aggiungere Form Builder al mio sito Web Blogger senza competenze di codifica?<\/h3>\r\n\r\n\t\t\t\t\t\t<div class=\"faq-item-question-icon\"><\/div>\r\n\t\t\t\t\t<\/div>\r\n\r\n\t\t\t\t\t<div class=\"faq-item-answer\">\r\n\t\t\t\t\t\t<div class=\"faq-item-answer-text\"> <p>Elfsight fornisce una soluzione SaaS che ti consente di creare tu stesso un widget Form Builder, scopri quanto \u00e8 semplice il processo: lavora direttamente nell&#8217;editor online per creare un widget di creazione moduli che vorresti vedere sul tuo sito web Blogger. Scegli uno dei modelli predefiniti e regola le impostazioni del Generatore di moduli, aggiungi i tuoi contenuti, modifica il layout e la combinazione di colori senza alcuna competenza di codifica. Salva il Form Builder e copia il suo codice di installazione, che potrai semplicemente includere nel tuo sito Blogger senza acquistare una versione a pagamento. Con il nostro editor intuitivo qualsiasi utente di Internet pu\u00f2 creare widget di creazione moduli online e incorporarlo facilmente nel proprio sito Web Blogger. Non \u00e8 necessario pagare o inserire le credenziali della carta per accedere al servizio. In caso di problemi in qualsiasi momento, non esitare a contattare il nostro team di supporto tecnico.<\/p> <\/div>\r\n\t\t\t\t\t<\/div>\r\n\t\t\t\t<\/div><div class=\"faq-item\">\r\n\t\t\t\t\t<div class=\"faq-item-question\">\r\n\t\t\t\t\t\t<h3 class=\"faq-item-question-text\">Esistono modelli di creazione moduli personalizzati per il sito Web di Blogger?<\/h3>\r\n\r\n\t\t\t\t\t\t<div class=\"faq-item-question-icon\"><\/div>\r\n\t\t\t\t\t<\/div>\r\n\r\n\t\t\t\t\t<div class=\"faq-item-answer\">\r\n\t\t\t\t\t\t<div class=\"faq-item-answer-text\"><p>S\u00ec. Elfsight ha preparato una vasta selezione di oltre 300 <a href=\"https:\/\/elfsight.com\/online-form-builder\/templates\/\">modelli di Form Builder<\/a> con elementi e funzionalit\u00e0 personalizzabili. Puoi trovare un modello di modulo per ogni occasione, ad esempio <a href=\"https:\/\/elfsight.com\/online-form-builder\/templates\/application-forms\/\">Moduli di domanda<\/a>, <a href=\"https:\/\/elfsight.com\/online-form-builder\/templates\/booking-forms\/\">Moduli di prenotazione<\/a>, <a href=\"https:\/\/elfsight.com\/online-form-builder\/templates\/order-forms\/\">Moduli d&#8217;ordine<\/a>, <a href=\"https:\/\/elfsight.com\/online-form-builder\/templates\/product-forms\/\">Moduli di prodotto<\/a>, <a href=\"https:\/\/elfsight.com\/online-form-builder\/templates\/questionnaires\/\">Questionari<\/a>, <a href=\"https:\/\/elfsight.com\/online-form-builder\/templates\/quizzes\/\">Quiz<\/a>, <a href=\"https:\/\/elfsight.com\/online-form-builder\/templates\/surveys\/\">Sondaggi<\/a>, <a href=\"https:\/\/elfsight.com\/online-form-builder\/templates\/file-upload-forms\/\">Moduli di caricamento file<\/a> e molti altri.<\/p><\/div>\r\n\t\t\t\t\t<\/div>\r\n\t\t\t\t<\/div> <\/div> <\/div>\n","protected":false},"excerpt":{"rendered":"","protected":false},"author":9,"featured_media":0,"parent":1346,"menu_order":0,"comment_status":"closed","ping_status":"closed","template":"templates\/template-application-platform.php","meta":{"publish_to_discourse":"","publish_post_category":"","wpdc_auto_publish_overridden":"","wpdc_topic_tags":"","wpdc_pin_topic":"","wpdc_pin_until":"","discourse_post_id":"","discourse_permalink":"","wpdc_publishing_response":"","wpdc_publishing_error":"","footnotes":""},"class_list":["post-4659","page","type-page","status-publish","hentry"],"yoast_head":"<!-- This site is optimized with the Yoast SEO plugin v25.3.1 - https:\/\/yoast.com\/wordpress\/plugins\/seo\/ -->\n<title>Crea e aggiungi moduli personalizzati su Blogger gratuitamente!<\/title>\n<meta name=\"description\" content=\"Crea gratuitamente il miglior generatore di moduli online per il sito Web di Blogger! Progetta un widget di modulo personale su Elfsight in soli 3 minuti.\" \/>\n<meta name=\"robots\" content=\"index, follow, max-snippet:-1, max-image-preview:large, max-video-preview:-1\" \/>\n<link rel=\"canonical\" href=\"https:\/\/elfsight.com\/it\/online-form-builder\/blogger\/\" \/>\n<meta property=\"og:locale\" content=\"it_IT\" \/>\n<meta property=\"og:type\" content=\"article\" \/>\n<meta property=\"og:title\" content=\"Crea e aggiungi moduli personalizzati su Blogger gratuitamente!\" \/>\n<meta property=\"og:description\" content=\"Crea gratuitamente il miglior generatore di moduli online per il sito Web di Blogger! Progetta un widget di modulo personale su Elfsight in soli 3 minuti.\" \/>\n<meta property=\"og:url\" content=\"https:\/\/elfsight.com\/it\/online-form-builder\/blogger\/\" \/>\n<meta property=\"og:site_name\" content=\"Elfsight IT\" \/>\n<meta property=\"article:modified_time\" content=\"2025-03-14T07:52:50+00:00\" \/>\n<meta name=\"twitter:card\" content=\"summary_large_image\" \/>\n<meta name=\"twitter:label1\" content=\"Tempo di lettura stimato\" \/>\n\t<meta name=\"twitter:data1\" content=\"5 minuti\" \/>\n<!-- \/ Yoast SEO plugin. -->","yoast_head_json":{"title":"Crea e aggiungi moduli personalizzati su Blogger gratuitamente!","description":"Crea gratuitamente il miglior generatore di moduli online per il sito Web di Blogger! Progetta un widget di modulo personale su Elfsight in soli 3 minuti.","robots":{"index":"index","follow":"follow","max-snippet":"max-snippet:-1","max-image-preview":"max-image-preview:large","max-video-preview":"max-video-preview:-1"},"canonical":"https:\/\/elfsight.com\/it\/online-form-builder\/blogger\/","og_locale":"it_IT","og_type":"article","og_title":"Crea e aggiungi moduli personalizzati su Blogger gratuitamente!","og_description":"Crea gratuitamente il miglior generatore di moduli online per il sito Web di Blogger! Progetta un widget di modulo personale su Elfsight in soli 3 minuti.","og_url":"https:\/\/elfsight.com\/it\/online-form-builder\/blogger\/","og_site_name":"Elfsight IT","article_modified_time":"2025-03-14T07:52:50+00:00","twitter_card":"summary_large_image","twitter_misc":{"Tempo di lettura stimato":"5 minuti"},"schema":{"@context":"https:\/\/schema.org","@graph":[{"@type":"WebPage","@id":"https:\/\/elfsight.com\/it\/online-form-builder\/blogger\/","url":"https:\/\/elfsight.com\/it\/online-form-builder\/blogger\/","name":"Crea e aggiungi moduli personalizzati su Blogger gratuitamente!","isPartOf":{"@id":"https:\/\/elfsight.com\/it\/#website"},"datePublished":"2024-05-03T06:38:03+00:00","dateModified":"2025-03-14T07:52:50+00:00","description":"Crea gratuitamente il miglior generatore di moduli online per il sito Web di Blogger! Progetta un widget di modulo personale su Elfsight in soli 3 minuti.","breadcrumb":{"@id":"https:\/\/elfsight.com\/it\/online-form-builder\/blogger\/#breadcrumb"},"inLanguage":"it-IT","potentialAction":[{"@type":"ReadAction","target":["https:\/\/elfsight.com\/it\/online-form-builder\/blogger\/"]}]},{"@type":"BreadcrumbList","@id":"https:\/\/elfsight.com\/it\/online-form-builder\/blogger\/#breadcrumb","itemListElement":[{"@type":"ListItem","position":1,"name":"Home","item":"https:\/\/elfsight.com\/it\/"},{"@type":"ListItem","position":2,"name":"Form Builder","item":"https:\/\/elfsight.com\/it\/online-form-builder\/"},{"@type":"ListItem","position":3,"name":"Form Builder &#8211; Blogger"}]},{"@type":"WebSite","@id":"https:\/\/elfsight.com\/it\/#website","url":"https:\/\/elfsight.com\/it\/","name":"Elfsight IT","description":"Just another Elfsight Sites site","potentialAction":[{"@type":"SearchAction","target":{"@type":"EntryPoint","urlTemplate":"https:\/\/elfsight.com\/it\/?s={search_term_string}"},"query-input":{"@type":"PropertyValueSpecification","valueRequired":true,"valueName":"search_term_string"}}],"inLanguage":"it-IT"}]}},"meta_box":{"industry":"","seo_heading":"","heading":"","description":"","cta_heading":"","cta_description":"","application":"1345","h1":"Widget di creazione moduli per Blogger","h1_caption":"Crea moduli personalizzabili per qualsiasi scopo (feedback, sondaggi, moduli di contatto) senza codifica, semplificando la raccolta di informazioni dai tuoi utenti nel tuo sito web Blogger senza sforzo.","application_category":[],"applications_title":"","applications_request_title":"","applications_request_button_text":"","hero_text":"","hero_video":"","hero_video_schema_markup":"","selling_points_title":"","selling_points_caption":"","selling_points":[],"selling_points_cta_text":"","features_title":"","features":"","ed_cta_examples_text":"","ed_cta_examples_hidden":"","ed_cta_demo_text":"","ed_cta_demo_hidden":"","why_caption":"","why_editor_title":"","why_editor_text":"","why_team_title":"","why_team_text":"","why_service_title":"","why_service_text":"","template_catalog_visible":"0","template_catalog_title":"","template_catalog_text":"","template_catalog_categories_visible":"","demo_title":"Crea il tuo widget Generatore di moduli","demo_caption":"Configura il tuo generatore di moduli e aggiungilo gratuitamente al tuo sito Blogger!","default_faq_hidden":"","app_template_category":[],"platform":"33","template_public_id":"","codecanyon_url":"","codecanyon_item_id":"","codecanyon_price":"","pricing_caption":"","pricing_elfsight_apps_hide_column":"","pricing_elfsight_apps_url":"","pricing_codecanyon_price_caption":"","integration_category":[],"integration_request_title":"","integration_request_cta":"","integration_platform":"","integrations":[],"platform_category":[],"video_schema_markup":"","price":"da $ 0 al mese","trial":"","benefits":[{"text":"Assistenza gratuita per l'installazione"},{"text":"Assistenza clienti con esperienza"},{"text":"Garanzia di rimborso di 14 giorni"},{"text":"Aggiornamento costante"}],"button_url":"#demo","button_target_blank":"0","button_nofollow":"0","attributes":[{"name":"Installazioni"},{"name":"Reattivo","content":"S\u00cc"},{"name":"Browser compatibili","content":"Firefox, Safari, Opera, Chrome, Edge"}],"tags":[],"tags_disable_links":"0","hide_more_platforms":"0","video_object":"","demo_hide_cta":"0","demo_hide_cloud_options":"0","pricing_title":"","pricing":[{"pricing_icon":"platform","pricing_title":"Elfsight Apps","pricing_title_caption":"Soluzione indipendente dalla piattaforma che funziona su qualsiasi sito web","pricing_price":"da $ 0 \/ mese","pricing_price_caption":"inizia con un piano gratuito","pricing_benefits":[{"text":"Domini illimitati"},{"text":"Supporto aziendale gratuito e ben documentato"},{"text":"Assistenza per l'installazione gratuita"},{"text":"Progettazione flessibile"}],"pricing_button_text":"Aggiungi al sito web","pricing_button_url":"#demo"}],"related_apps_title":"","related_apps_hidden":"0","author":"","image":[],"title":"","job":"","social_networks":[]},"_links":{"self":[{"href":"https:\/\/elfsight.com\/it\/wp-json\/wp\/v2\/pages\/4659","targetHints":{"allow":["GET"]}}],"collection":[{"href":"https:\/\/elfsight.com\/it\/wp-json\/wp\/v2\/pages"}],"about":[{"href":"https:\/\/elfsight.com\/it\/wp-json\/wp\/v2\/types\/page"}],"author":[{"embeddable":true,"href":"https:\/\/elfsight.com\/it\/wp-json\/wp\/v2\/users\/9"}],"replies":[{"embeddable":true,"href":"https:\/\/elfsight.com\/it\/wp-json\/wp\/v2\/comments?post=4659"}],"version-history":[{"count":3,"href":"https:\/\/elfsight.com\/it\/wp-json\/wp\/v2\/pages\/4659\/revisions"}],"predecessor-version":[{"id":8685,"href":"https:\/\/elfsight.com\/it\/wp-json\/wp\/v2\/pages\/4659\/revisions\/8685"}],"up":[{"embeddable":true,"href":"https:\/\/elfsight.com\/it\/wp-json\/wp\/v2\/pages\/1346"}],"wp:attachment":[{"href":"https:\/\/elfsight.com\/it\/wp-json\/wp\/v2\/media?parent=4659"}],"curies":[{"name":"wp","href":"https:\/\/api.w.org\/{rel}","templated":true}]}}