{"id":4651,"date":"2024-05-03T06:37:59","date_gmt":"2024-05-03T06:37:59","guid":{"rendered":"https:\/\/elfsight.com\/it\/?page_id=4651"},"modified":"2024-11-12T13:19:14","modified_gmt":"2024-11-12T13:19:14","slug":"html","status":"publish","type":"page","link":"https:\/\/elfsight.com\/it\/online-form-builder\/html\/","title":{"rendered":"Form Builder &#8211; HTML"},"content":{"rendered":"<div class=\"application-platform-content-item-description application-platform-content-item\" id=\"description\" data-nav-section=\"description\"><\/p>\n<h2>Generatore di moduli personalizzato per HTML<\/h2>\n<p>Il semplice Form Builder di Elfsight \u00e8 uno strumento tutto in uno per creare diversi moduli di compilazione e pubblicarli sulla tua risorsa web. Raccogli informazioni dalla tua clientela attuale e futura tramite sondaggi facilmente compilabili, moduli di feedback, richieste di valutazione, modelli HTML di modulo di domanda di lavoro, modelli HTML di modulo di registrazione e ancora pi\u00f9 tipi di moduli. Progetta la composizione del modulo con il generatore di moduli HTML gratuito e il generatore di codice del modulo di contatto HTML gratuito, offrendo infinite opportunit\u00e0 per modellare moduli personalizzati per ricevere approfondimenti dai tuoi utenti. Non importa quali varianti di informazioni cerchi: pensieri, valutazioni, prenotazioni e vendite, il generatore di moduli HTML online di Elfsight ti aiuter\u00e0 a creare il modulo di compilazione pi\u00f9 adatto a questo scopo. Con una composizione reattiva e molteplici elementi predefiniti, il tuo modulo sar\u00e0 pratico per i tuoi clienti e potente per te.<\/p>\n<p><b>Elabora la prenotazione e l&#8217;acquisto tramite moduli pratici per acquisti facili e veloci!<\/b><\/p>\n<ul>\n<li><b>Crea moduli attraenti per raccogliere pi\u00f9 feedback.<\/b> Hai a disposizione un ricco gruppo di segmenti di moduli che consentono di progettare moduli interessanti e funzionali. Varie personalizzazioni di stile del widget da parte di Elfsight consentiranno di renderlo attraente e invitare pi\u00f9 utenti a compilarlo.<\/li>\n<li><b>Aumenta il numero di lead con moduli gestibili.<\/b> Non lasciare che i clienti abbandonino la procedura di compilazione, perdendo cos\u00ec preziose informazioni. Costruisci moduli con fasi facili da completare e una struttura pratica, che manterranno i clienti coinvolti fino alla fine e aumenteranno il numero di lead.<\/li>\n<li><b>Risparmia tempo e denaro con uno strumento multiuso.<\/b> Non \u00e8 necessario acquistare molte soluzioni diverse per coprire tutte le tue esigenze nella creazione di moduli di feedback per il tuo sito. Il nostro generatore di moduli consente di creare moduli per raccogliere informazioni di tutti i tipi grazie ai suoi diversi elementi e alla struttura reattiva.<\/li>\n<\/ul>\n<p><\/div>\n\n\n<div class=\"application-platform-content-item-features application-platform-content-item\" id=\"features\" data-nav-section=\"features\">\n<h2>Caratteristiche del plugin per la creazione di moduli<\/h2>\n<p>Cosa rende il nostro Online Form Builder il miglior plugin per raccogliere feedback e reazioni dei clienti su HTML?<\/p>\n<ul>\n  <li>Crea una descrizione per ogni elemento, che verr\u00e0 mostrata sotto l&#8217;etichetta;<\/li>\n  <li>Testo modificabile del pulsante di invio;<\/li>\n  <li>Assegna qualsiasi indirizzo email e i risultati di compilazione del modulo verranno automaticamente inviati l\u00ec;<\/li>\n  <li>3 layout pronti all&#8217;uso (predefinito, boxed, mobile);<\/li>\n  <li>Dipingi il tuo modulo in un clic: il colore principale verr\u00e0 applicato a tutti gli elementi attivi, pulsante Invia, barra di avanzamento, ecc.<\/li>\n<\/ul>\n<p><a href=\"#demo\">Prova tutti i vantaggi nella demo dal vivo<\/a><\/p>\n<\/div>\n\n<!-- \/wp:shortcode -->\n\n<div class=\"application-platform-content-item-installation application-platform-content-item\" id=\"installation\" data-nav-section=\"installation\">\n<h2>Come aggiungere un generatore di moduli personalizzato al codice del sito Web HTML<\/h2>\n<p>Il widget Elfsight \u00e8 semplice da installare e non richiede competenze nello sviluppo. Avrai bisogno di solo 1 minuto per eseguire il manuale.<\/p>\n<ol>\n  <li><b>Crea il tuo generatore di moduli personalizzato.<\/b> Utilizzando la nostra demo gratuita, genera un plug-in con il layout e le opzioni necessari.<\/li>\n  <li><b>Ricevi il codice per l&#8217;integrazione del plugin.<\/b> Dopo la creazione del widget, ottieni il codice per il plugin del modulo dalla finestra visualizzata su Elfsight Apps.<\/li>\n  <li><b>Aggiungi il widget sul sito web HTML.<\/b> Apri il codice della pagina nell&#8217;editor HTML e integra il widget nella posizione desiderata (contenuto, pi\u00e8 di pagina, barra laterale, ecc.) e applica le modifiche.<\/li>\n  <li><b>Hai completato l&#8217;installazione.<\/b> Apri il sito Web HTML per controllare il modulo.<\/li>\n<\/ol>\n<p>Hai riscontrato problemi con la visualizzazione o l&#8217;impostazione del widget? Mettiti in contatto con il nostro centro assistenza o leggi l&#8217;articolo completo \u00ab<a href=\"https:\/\/elfsight.com\/tutorials\/how-to-add-form-builder-widget-to-html\/\" target=\"_blank\" rel=\"noopener\">Come aggiungere il modulo Builder su HTML<\/a>\u00bb.<\/p>\n<\/div>\n\n<!-- \/wp:shortcode -->\n\n<div class=\"faq\" data-component=\"FAQ\">\n<div class=\"faq-item\">\r\n\t\t\t\t\t<div class=\"faq-item-question\">\r\n\t\t\t\t\t\t<h3 class=\"faq-item-question-text\">Come posso conservare le informazioni del modulo cliente HTML sulla mia home page?<\/h3>\r\n\r\n\t\t\t\t\t\t<div class=\"faq-item-question-icon\"><\/div>\r\n\t\t\t\t\t<\/div>\r\n\r\n\t\t\t\t\t<div class=\"faq-item-answer\">\r\n\t\t\t\t\t\t<div class=\"faq-item-answer-text\">\n<p>Il nostro generatore di moduli \u00e8 integrato con uno dei servizi di sicurezza reCAPTCHA pi\u00f9 efficaci. \u00c8 qui per proteggere il modulo e la casella di posta dallo spam, garantendo un lavoro senza intoppi e solo dati importanti.<\/p>\n<\/div>\r\n\t\t\t\t\t<\/div>\r\n\t\t\t\t<\/div>\n\n<div class=\"faq-item\">\r\n\t\t\t\t\t<div class=\"faq-item-question\">\r\n\t\t\t\t\t\t<h3 class=\"faq-item-question-text\">Esistono modelli che supportano moduli logici condizionali\/campi multipli\/e-mail?<\/h3>\r\n\r\n\t\t\t\t\t\t<div class=\"faq-item-question-icon\"><\/div>\r\n\t\t\t\t\t<\/div>\r\n\r\n\t\t\t\t\t<div class=\"faq-item-answer\">\r\n\t\t\t\t\t\t<div class=\"faq-item-answer-text\">\n<p>Ovviamente! Tutto quello che devi fare \u00e8 accedere alle app Elfsight e scegliere qualsiasi modello pertinente, quindi procedere alla creazione del tuo strumento.<\/p>\n<\/div>\r\n\t\t\t\t\t<\/div>\r\n\t\t\t\t<\/div>\n\n<div class=\"faq-item\">\r\n\t\t\t\t\t<div class=\"faq-item-question\">\r\n\t\t\t\t\t\t<h3 class=\"faq-item-question-text\">Come posso creare un modulo di contatto o feedback per il mio sito HTML?<\/h3>\r\n\r\n\t\t\t\t\t\t<div class=\"faq-item-question-icon\"><\/div>\r\n\t\t\t\t\t<\/div>\r\n\r\n\t\t\t\t\t<div class=\"faq-item-answer\">\r\n\t\t\t\t\t\t<div class=\"faq-item-answer-text\">\n<p>Per comporre il modulo di contatto o di feedback, \u00e8 necessario accedere al servizio Elfsight Apps e apportare tutte le modifiche necessarie al plug-in. Una volta terminato, salva le modifiche e vai al tuo sito web. Il modulo sar\u00e0 pronto per l&#8217;uso.<\/p>\n<\/div>\r\n\t\t\t\t\t<\/div>\r\n\t\t\t\t<\/div>\n\n<div class=\"faq-item\">\r\n\t\t\t\t\t<div class=\"faq-item-question\">\r\n\t\t\t\t\t\t<h3 class=\"faq-item-question-text\">Esistono modelli di Form Builder personalizzati per il sito Web HTML?<\/h3>\r\n\r\n\t\t\t\t\t\t<div class=\"faq-item-question-icon\"><\/div>\r\n\t\t\t\t\t<\/div>\r\n\r\n\t\t\t\t\t<div class=\"faq-item-answer\">\r\n\t\t\t\t\t\t<div class=\"faq-item-answer-text\">\n<p>S\u00ec, assolutamente! Sono disponibili oltre 300 modelli pronti all&#8217;uso per ogni caso, come <a href=\"https:\/\/elfsight.com\/online-form-builder\/templates\/application-forms\/\" target=\"_blank\" rel=\"noopener\">Moduli di domanda<\/a>, <a href=\"https:\/\/elfsight.com\/online-form-builder\/templates\/booking-forms\/\" target=\"_blank\" rel=\"noopener\">Moduli di prenotazione<\/a>, <a href=\"https:\/\/elfsight.com\/online-form-builder\/templates\/order-forms\/\" target=\"_blank\" rel=\"noopener\">Moduli d&#8217;ordine<\/a>, <a href=\"https:\/\/elfsight.com\/online-form-builder\/templates\/product-forms\/\" target=\"_blank\" rel=\"noopener\">Moduli di prodotto<\/a>, <a href=\"https:\/\/elfsight.com\/online-form-builder\/templates\/questionnaires\/\" target=\"_blank\" rel=\"noopener\">Questionari<\/a>, <a href=\"https:\/\/elfsight.com\/online-form-builder\/templates\/quizzes\/\" target=\"_blank\" rel=\"noopener\">Quiz<\/a>, <a href=\"https:\/\/elfsight.com\/online-form-builder\/templates\/surveys\/\" target=\"_blank\" rel=\"noopener\">Sondaggi<\/a>, <a href=\"https:\/\/elfsight.com\/online-form-builder\/templates\/file-upload-forms\/\" target=\"_blank\" rel=\"noopener\">Moduli di caricamento file<\/a> e molti altri. Sentiti libero di provare i <a href=\"https:\/\/elfsight.com\/online-form-builder\/templates\/\" target=\"_blank\" rel=\"noopener\">modelli di Form Builder<\/a> e condividi la tua opinione con noi.<\/p>\n<\/div>\r\n\t\t\t\t\t<\/div>\r\n\t\t\t\t<\/div>\n<\/div>\n","protected":false},"excerpt":{"rendered":"","protected":false},"author":9,"featured_media":0,"parent":1346,"menu_order":0,"comment_status":"closed","ping_status":"closed","template":"templates\/template-application-platform.php","meta":{"publish_to_discourse":"","publish_post_category":"","wpdc_auto_publish_overridden":"","wpdc_topic_tags":"","wpdc_pin_topic":"","wpdc_pin_until":"","discourse_post_id":"","discourse_permalink":"","wpdc_publishing_response":"","wpdc_publishing_error":"","footnotes":""},"class_list":["post-4651","page","type-page","status-publish","hentry"],"yoast_head":"<!-- This site is optimized with the Yoast SEO plugin v25.3.1 - https:\/\/yoast.com\/wordpress\/plugins\/seo\/ -->\n<title>Crea e aggiungi moduli personalizzati su HTML gratuitamente!<\/title>\n<meta name=\"description\" content=\"Crea il miglior generatore di moduli online sul codice del tuo sito Web HTML senza competenze di sviluppo. Prova la pratica demo di Elfsight e configura il widget del modulo.\" \/>\n<meta name=\"robots\" content=\"index, follow, max-snippet:-1, max-image-preview:large, max-video-preview:-1\" \/>\n<link rel=\"canonical\" href=\"https:\/\/elfsight.com\/it\/online-form-builder\/html\/\" \/>\n<meta property=\"og:locale\" content=\"it_IT\" \/>\n<meta property=\"og:type\" content=\"article\" \/>\n<meta property=\"og:title\" content=\"Crea e aggiungi moduli personalizzati su HTML gratuitamente!\" \/>\n<meta property=\"og:description\" content=\"Crea il miglior generatore di moduli online sul codice del tuo sito Web HTML senza competenze di sviluppo. Prova la pratica demo di Elfsight e configura il widget del modulo.\" \/>\n<meta property=\"og:url\" content=\"https:\/\/elfsight.com\/it\/online-form-builder\/html\/\" \/>\n<meta property=\"og:site_name\" content=\"Elfsight IT\" \/>\n<meta property=\"article:modified_time\" content=\"2024-11-12T13:19:14+00:00\" \/>\n<meta name=\"twitter:card\" content=\"summary_large_image\" \/>\n<meta name=\"twitter:label1\" content=\"Tempo di lettura stimato\" \/>\n\t<meta name=\"twitter:data1\" content=\"5 minuti\" \/>\n<!-- \/ Yoast SEO plugin. -->","yoast_head_json":{"title":"Crea e aggiungi moduli personalizzati su HTML gratuitamente!","description":"Crea il miglior generatore di moduli online sul codice del tuo sito Web HTML senza competenze di sviluppo. Prova la pratica demo di Elfsight e configura il widget del modulo.","robots":{"index":"index","follow":"follow","max-snippet":"max-snippet:-1","max-image-preview":"max-image-preview:large","max-video-preview":"max-video-preview:-1"},"canonical":"https:\/\/elfsight.com\/it\/online-form-builder\/html\/","og_locale":"it_IT","og_type":"article","og_title":"Crea e aggiungi moduli personalizzati su HTML gratuitamente!","og_description":"Crea il miglior generatore di moduli online sul codice del tuo sito Web HTML senza competenze di sviluppo. Prova la pratica demo di Elfsight e configura il widget del modulo.","og_url":"https:\/\/elfsight.com\/it\/online-form-builder\/html\/","og_site_name":"Elfsight IT","article_modified_time":"2024-11-12T13:19:14+00:00","twitter_card":"summary_large_image","twitter_misc":{"Tempo di lettura stimato":"5 minuti"},"schema":{"@context":"https:\/\/schema.org","@graph":[{"@type":"WebPage","@id":"https:\/\/elfsight.com\/it\/online-form-builder\/html\/","url":"https:\/\/elfsight.com\/it\/online-form-builder\/html\/","name":"Crea e aggiungi moduli personalizzati su HTML gratuitamente!","isPartOf":{"@id":"https:\/\/elfsight.com\/it\/#website"},"datePublished":"2024-05-03T06:37:59+00:00","dateModified":"2024-11-12T13:19:14+00:00","description":"Crea il miglior generatore di moduli online sul codice del tuo sito Web HTML senza competenze di sviluppo. Prova la pratica demo di Elfsight e configura il widget del modulo.","breadcrumb":{"@id":"https:\/\/elfsight.com\/it\/online-form-builder\/html\/#breadcrumb"},"inLanguage":"it-IT","potentialAction":[{"@type":"ReadAction","target":["https:\/\/elfsight.com\/it\/online-form-builder\/html\/"]}]},{"@type":"BreadcrumbList","@id":"https:\/\/elfsight.com\/it\/online-form-builder\/html\/#breadcrumb","itemListElement":[{"@type":"ListItem","position":1,"name":"Home","item":"https:\/\/elfsight.com\/it\/"},{"@type":"ListItem","position":2,"name":"Form Builder","item":"https:\/\/elfsight.com\/it\/online-form-builder\/"},{"@type":"ListItem","position":3,"name":"Form Builder &#8211; HTML"}]},{"@type":"WebSite","@id":"https:\/\/elfsight.com\/it\/#website","url":"https:\/\/elfsight.com\/it\/","name":"Elfsight IT","description":"Just another Elfsight Sites site","potentialAction":[{"@type":"SearchAction","target":{"@type":"EntryPoint","urlTemplate":"https:\/\/elfsight.com\/it\/?s={search_term_string}"},"query-input":{"@type":"PropertyValueSpecification","valueRequired":true,"valueName":"search_term_string"}}],"inLanguage":"it-IT"}]}},"meta_box":{"industry":"","seo_heading":"","heading":"","description":"","cta_heading":"","cta_description":"","application":"1345","h1":"Generatore di moduli online per HTML","h1_caption":"Crea moduli personalizzabili per qualsiasi scopo (feedback, sondaggi, moduli di contatto) senza codifica, semplificando la raccolta di informazioni dai tuoi utenti nel tuo sito Web HTML senza sforzo.","application_category":[],"applications_title":"","applications_request_title":"","applications_request_button_text":"","hero_text":"","hero_video":"","hero_video_schema_markup":"","selling_points_title":"","selling_points_caption":"","selling_points":[],"selling_points_cta_text":"","features_title":"","features":"","ed_cta_examples_text":"","ed_cta_examples_hidden":"","ed_cta_demo_text":"","ed_cta_demo_hidden":"","why_caption":"","why_editor_title":"","why_editor_text":"","why_team_title":"","why_team_text":"","why_service_title":"","why_service_text":"","template_catalog_visible":"0","template_catalog_title":"","template_catalog_text":"","template_catalog_categories_visible":"","demo_title":"Crea il tuo widget Generatore di moduli","demo_caption":"Configura il tuo generatore di moduli e aggiungilo gratuitamente al tuo sito Web HTML!","default_faq_hidden":"","app_template_category":[],"platform":"35","template_public_id":"","codecanyon_url":"","codecanyon_item_id":"","codecanyon_price":"","pricing_caption":"","pricing_elfsight_apps_hide_column":"","pricing_elfsight_apps_url":"","pricing_codecanyon_price_caption":"","integration_category":[],"integration_request_title":"","integration_request_cta":"","integration_platform":"","integrations":[],"platform_category":[],"video_schema_markup":"","price":"da $ 0 al mese","trial":"","benefits":[{"text":"Assistenza gratuita per l'installazione"},{"text":"Assistenza clienti con esperienza"},{"text":"Garanzia di rimborso di 14 giorni"},{"text":"Aggiornamenti continui"}],"button_url":"#demo","button_target_blank":"0","button_nofollow":"0","attributes":[{"name":"Installazioni"},{"name":"Reattivo","content":"S\u00cc"},{"name":"Browser compatibili","content":"Safari, Opera, Edge, Chrome, Firefox"}],"tags":[],"tags_disable_links":"0","hide_more_platforms":"","video_object":"","demo_hide_cta":"0","demo_hide_cloud_options":"0","pricing_title":"","pricing":[{"pricing_icon":"platform","pricing_title":"Elfsight Apps","pricing_title_caption":"Software indipendente dalla piattaforma che funziona su qualsiasi sito","pricing_price":"da $ 0 \/ mese","pricing_price_caption":"inizia con il piano gratuito","pricing_benefits":[{"text":"Siti web illimitati"},{"text":"Supporto premium, puntuale e ben documentato"},{"text":"Servizio di installazione gratuito"},{"text":"Offerta speciale per pi\u00f9 app"}],"pricing_button_text":"Aggiungi al sito web","pricing_button_url":"#demo"}],"related_apps_title":"","related_apps_hidden":"0","author":"","image":[],"title":"","job":"","social_networks":[]},"_links":{"self":[{"href":"https:\/\/elfsight.com\/it\/wp-json\/wp\/v2\/pages\/4651","targetHints":{"allow":["GET"]}}],"collection":[{"href":"https:\/\/elfsight.com\/it\/wp-json\/wp\/v2\/pages"}],"about":[{"href":"https:\/\/elfsight.com\/it\/wp-json\/wp\/v2\/types\/page"}],"author":[{"embeddable":true,"href":"https:\/\/elfsight.com\/it\/wp-json\/wp\/v2\/users\/9"}],"replies":[{"embeddable":true,"href":"https:\/\/elfsight.com\/it\/wp-json\/wp\/v2\/comments?post=4651"}],"version-history":[{"count":4,"href":"https:\/\/elfsight.com\/it\/wp-json\/wp\/v2\/pages\/4651\/revisions"}],"predecessor-version":[{"id":7540,"href":"https:\/\/elfsight.com\/it\/wp-json\/wp\/v2\/pages\/4651\/revisions\/7540"}],"up":[{"embeddable":true,"href":"https:\/\/elfsight.com\/it\/wp-json\/wp\/v2\/pages\/1346"}],"wp:attachment":[{"href":"https:\/\/elfsight.com\/it\/wp-json\/wp\/v2\/media?parent=4651"}],"curies":[{"name":"wp","href":"https:\/\/api.w.org\/{rel}","templated":true}]}}