{"id":4645,"date":"2024-05-03T06:37:57","date_gmt":"2024-05-03T06:37:57","guid":{"rendered":"https:\/\/elfsight.com\/it\/?page_id=4645"},"modified":"2025-03-14T08:46:59","modified_gmt":"2025-03-14T08:46:59","slug":"jquery","status":"publish","type":"page","link":"https:\/\/elfsight.com\/it\/online-form-builder\/jquery\/","title":{"rendered":"Form Builder &#8211; jQuery"},"content":{"rendered":"<div class=\"application-platform-content-item-description application-platform-content-item\" id=\"description\" data-nav-section=\"description\">\n<h2>Generatore di moduli personalizzati per jQuery<\/h2>\nIl nostro plugin per moduli \u00e8 una soluzione all-in-one per creare un&#8217;ampia variet\u00e0 di moduli personalizzabili e incorporarli perfettamente nel tuo sito web. Utilizza il nostro plugin per raccogliere preziosi feedback dai tuoi clienti attraverso sondaggi intuitivi, moduli di feedback, richieste di valutazione e altro ancora. Con il nostro plugin, puoi personalizzare facilmente ogni aspetto dei tuoi moduli, inclusi layout, elementi e campi, per creare un&#8217;esperienza su misura che soddisfi le tue esigenze specifiche. Inoltre, con la nostra potente integrazione jQuery, puoi aggiungere funzionalit\u00e0 dinamiche ai tuoi moduli e creare interazioni coinvolgenti che catturano ancora pi\u00f9 feedback dal tuo pubblico. Che tu abbia bisogno di raccogliere opinioni, valutazioni, prenotazioni o vendite, il nostro plug-in per moduli di feedback jQuery semplifica la creazione di un modulo di livello professionale adatto a te. Con il nostro design flessibile e i componenti intuitivi, il tuo modulo sar\u00e0 conveniente per i tuoi visitatori ed efficace per la tua attivit\u00e0.<b>Stabilisci prenotazioni e vendite tramite moduli pratici per un&#8217;esperienza utente semplice e veloce!<\/b>\n<ul>\n \t<li><b>Crea moduli attraenti per raccogliere pi\u00f9 feedback<\/b>. Applica tutte le impostazioni del plugin Elfsight per dare forma a pratici moduli di compilazione. Definisci i componenti e controlla la struttura per rendere il tuo plugin ben strutturato e facile da riempire. Applica impostazioni di stile per creare un aspetto attraente e raccogliere pi\u00f9 feedback.<\/li>\n \t<li><b>Aumenta il numero di lead con questionari gestibili<\/b>. Il plugin jQuery Form di Elfsight ti aiuta a configurare il modo pi\u00f9 pratico e conveniente sondaggi per i tuoi utenti. Contribuiranno a una comunicazione efficace e piacevole e manterranno impegnata la clientela per tutto il tempo del riempimento per completarlo con successo.<\/li>\n \t<li><b>Risparmia tempo e denaro con uno strumento multiuso<\/b>.Questo multi La soluzione polivalente consente di configurare moduli di varia natura con molteplici insiemi di elementi e configurazioni. Questo ti aiuter\u00e0 a progettare plugin per ottenere dati di vari esempi senza spendere tempo e denaro aggiuntivi.<\/li>\n<\/ul>\n<\/div><div class=\"application-platform-content-item-features application-platform-content-item\" id=\"features\" data-nav-section=\"features\">\n<h2>Caratteristiche del plugin per la creazione di moduli<\/h2>\nPerch\u00e9 Elfsight Online Form \u00e8 il primo plugin su jQuery per raccogliere recensioni e reazioni dei clienti?\n<ul>\n \t<li>Crea moduli classici e passo-passo unendo gli elementi in gruppi;<\/li>\n \t<li>Utilizza segnaposto per i campi per fornire un esempio di compilazione corretta e il tipo di dati necessari;<\/li>\n \t<li>Assegna un indirizzo email e i risultati della compilazione verranno automaticamente inviati l\u00ec;<\/li>\n \t<li>Barra di avanzamento commutabile passo dopo passo viene applicato il formato;<\/li>\n \t<li>5 stili predefiniti per i campi del modulo.<\/li>\n<\/ul>\n<a href=\"#demo\">Prova tutte le propriet\u00e0 nella nostra demo gratuita<\/a><\/div> <div class=\"application-platform-content-item-installation application-platform-content-item\" id=\"installation\" data-nav-section=\"installation\">\n<h2>Come aggiungere un plugin jQuery Form Builder al tuo sito web<\/h2>\nPer l&#8217;incorporamento non \u00e8 necessario avere competenze di programmazione o molto tempo libero. Solo alcuni semplici passaggi e 1 minuto.\n<ol>\n \t<li><b>Costruisci il tuo generatore di moduli personalizzato<\/b>.Utilizzando il nostro editor gratuito, un plugin con il design e le capacit\u00e0 necessarie.<\/li>\n \t<li><b> Acquisisci il codice per aggiungere il plugin<\/b>. Dopo l&#8217;ottimizzazione del widget, ottieni il codice per il plugin del modulo dalla finestra popup sulle app Elfsight.<\/li>\n \t<li><b>Posiziona il plugin sul sito<\/b>. Integra il plugin nell&#8217;area necessaria del sito web e pubblica le modifiche.<\/li>\n \t<li><b>L&#8217;integrazione \u00e8 avvenuta con successo!<\/b>. Entra nel tuo sito, per verificare il tuo lavoro.<\/li>\n<\/ol>\nHai riscontrato problemi durante l&#8217;utilizzo o la configurazione del plugin? Consulta le istruzioni dettagliate sull&#8217;<a href=\"https:\/\/elfsight.com\/tutorials\/how-to-add-form-builder-to-jquery\/\">installazione del plugin Form su jQuery<\/a> o indirizza il nostro Centro di supporto.<\/div><div class=\"faq\" data-component=\"FAQ\"> <div class=\"faq-item\">\r\n\t\t\t\t\t<div class=\"faq-item-question\">\r\n\t\t\t\t\t\t<h3 class=\"faq-item-question-text\">Elfsight Forms \u00e8 sicuro?<\/h3>\r\n\r\n\t\t\t\t\t\t<div class=\"faq-item-question-icon\"><\/div>\r\n\t\t\t\t\t<\/div>\r\n\r\n\t\t\t\t\t<div class=\"faq-item-answer\">\r\n\t\t\t\t\t\t<div class=\"faq-item-answer-text\">Elfsight Form Builder \u00e8 stato aggiunto con lo strumento di sicurezza reCAPTCHA pi\u00f9 efficace. \u00c8 qui per proteggere i moduli e la casella di posta dallo spam e garantire un lavoro facile e solo dati redditizi.<\/div>\r\n\t\t\t\t\t<\/div>\r\n\t\t\t\t<\/div> <div class=\"faq-item\">\r\n\t\t\t\t\t<div class=\"faq-item-question\">\r\n\t\t\t\t\t\t<h3 class=\"faq-item-question-text\">Esistono modelli che supportano moduli logici condizionali\/campi multipli\/e-mail?<\/h3>\r\n\r\n\t\t\t\t\t\t<div class=\"faq-item-question-icon\"><\/div>\r\n\t\t\t\t\t<\/div>\r\n\r\n\t\t\t\t\t<div class=\"faq-item-answer\">\r\n\t\t\t\t\t\t<div class=\"faq-item-answer-text\">Certamente! Tutto quello che devi fare \u00e8 accedere alle app Elfsight e scegliere qualsiasi modello pertinente, quindi iniziare a creare il tuo widget personalizzato.<\/div>\r\n\t\t\t\t\t<\/div>\r\n\t\t\t\t<\/div> <div class=\"faq-item\">\r\n\t\t\t\t\t<div class=\"faq-item-question\">\r\n\t\t\t\t\t\t<h3 class=\"faq-item-question-text\">Come posso creare un modulo di contatto o feedback per jQuery site?<\/h3>\r\n\r\n\t\t\t\t\t\t<div class=\"faq-item-question-icon\"><\/div>\r\n\t\t\t\t\t<\/div>\r\n\r\n\t\t\t\t\t<div class=\"faq-item-answer\">\r\n\t\t\t\t\t\t<div class=\"faq-item-answer-text\">Per progettare il modulo di contatto o di feedback, \u00e8 necessario accedere al servizio Elfsight Apps ed eseguire tutte le modifiche cruciali al widget. Una volta terminato, salva le modifiche e procedi al tuo sito web. Semplice.<\/div>\r\n\t\t\t\t\t<\/div>\r\n\t\t\t\t<\/div><div class=\"faq-item\">\r\n\t\t\t\t\t<div class=\"faq-item-question\">\r\n\t\t\t\t\t\t<h3 class=\"faq-item-question-text\">Esistono modelli di Form Builder personalizzati per il sito Web jQuery?<\/h3>\r\n\r\n\t\t\t\t\t\t<div class=\"faq-item-question-icon\"><\/div>\r\n\t\t\t\t\t<\/div>\r\n\r\n\t\t\t\t\t<div class=\"faq-item-answer\">\r\n\t\t\t\t\t\t<div class=\"faq-item-answer-text\">S\u00ec, assolutamente! Sono disponibili oltre 300 modelli pronti all&#8217;uso per ogni caso, come <a href=\"https:\/\/elfsight.com\/online-form-builder\/templates\/application-forms\/\">Moduli di domanda<\/a>, <a href=\"https:\/\/elfsight.com\/online-form-builder\/templates\/booking-forms\/\">Moduli di prenotazione<\/a>, <a href=\"https:\/\/elfsight.com\/online-form-builder\/templates\/order-forms\/\">Moduli d&#8217;ordine<\/a>, <a href=\"https:\/\/elfsight.com\/online-form-builder\/templates\/product-forms\/\">Moduli di prodotto<\/a> , <a href=\"https:\/\/elfsight.com\/online-form-builder\/templates\/questionnaires\/\">Questionari<\/a>, <a href=\"https:\/\/elfsight.com\/online-form-builder\/templates\/quizzes\/\">Quiz<\/a>, <a href=\"https:\/\/elfsight.com\/online-form-builder\/templates\/surveys\/\">Sondaggi<\/a>, <a href=\"https:\/\/elfsight.com\/online-form-builder\/templates\/file-upload-forms\/\">Moduli di caricamento file<\/a> e molti altri. Sentiti libero di provare i <a href=\"https:\/\/elfsight.com\/online-form-builder\/templates\/\">modelli di Form Builder<\/a> e condividi la tua opinione con noi.<\/div>\r\n\t\t\t\t\t<\/div>\r\n\t\t\t\t<\/div> <\/div>","protected":false},"excerpt":{"rendered":"","protected":false},"author":9,"featured_media":0,"parent":1346,"menu_order":0,"comment_status":"closed","ping_status":"closed","template":"templates\/template-application-platform.php","meta":{"publish_to_discourse":"","publish_post_category":"","wpdc_auto_publish_overridden":"","wpdc_topic_tags":"","wpdc_pin_topic":"","wpdc_pin_until":"","discourse_post_id":"","discourse_permalink":"","wpdc_publishing_response":"","wpdc_publishing_error":"","footnotes":""},"class_list":["post-4645","page","type-page","status-publish","hentry"],"yoast_head":"<!-- This site is optimized with the Yoast SEO plugin v25.3.1 - https:\/\/yoast.com\/wordpress\/plugins\/seo\/ -->\n<title>Crea e aggiungi moduli personalizzati su JQuery gratuitamente!<\/title>\n<meta name=\"description\" content=\"Crea il miglior plug-in online per la creazione di moduli per il sito Web JQuery. Un&#039;integrazione semplice ed immediata senza esperienza nella programmazione in solo 1 minuto.\" \/>\n<meta name=\"robots\" content=\"index, follow, max-snippet:-1, max-image-preview:large, max-video-preview:-1\" \/>\n<link rel=\"canonical\" href=\"https:\/\/elfsight.com\/it\/online-form-builder\/jquery\/\" \/>\n<meta property=\"og:locale\" content=\"it_IT\" \/>\n<meta property=\"og:type\" content=\"article\" \/>\n<meta property=\"og:title\" content=\"Crea e aggiungi moduli personalizzati su JQuery gratuitamente!\" \/>\n<meta property=\"og:description\" content=\"Crea il miglior plug-in online per la creazione di moduli per il sito Web JQuery. Un&#039;integrazione semplice ed immediata senza esperienza nella programmazione in solo 1 minuto.\" \/>\n<meta property=\"og:url\" content=\"https:\/\/elfsight.com\/it\/online-form-builder\/jquery\/\" \/>\n<meta property=\"og:site_name\" content=\"Elfsight IT\" \/>\n<meta property=\"article:modified_time\" content=\"2025-03-14T08:46:59+00:00\" \/>\n<meta name=\"twitter:card\" content=\"summary_large_image\" \/>\n<meta name=\"twitter:label1\" content=\"Tempo di lettura stimato\" \/>\n\t<meta name=\"twitter:data1\" content=\"4 minuti\" \/>\n<!-- \/ Yoast SEO plugin. -->","yoast_head_json":{"title":"Crea e aggiungi moduli personalizzati su JQuery gratuitamente!","description":"Crea il miglior plug-in online per la creazione di moduli per il sito Web JQuery. Un'integrazione semplice ed immediata senza esperienza nella programmazione in solo 1 minuto.","robots":{"index":"index","follow":"follow","max-snippet":"max-snippet:-1","max-image-preview":"max-image-preview:large","max-video-preview":"max-video-preview:-1"},"canonical":"https:\/\/elfsight.com\/it\/online-form-builder\/jquery\/","og_locale":"it_IT","og_type":"article","og_title":"Crea e aggiungi moduli personalizzati su JQuery gratuitamente!","og_description":"Crea il miglior plug-in online per la creazione di moduli per il sito Web JQuery. Un'integrazione semplice ed immediata senza esperienza nella programmazione in solo 1 minuto.","og_url":"https:\/\/elfsight.com\/it\/online-form-builder\/jquery\/","og_site_name":"Elfsight IT","article_modified_time":"2025-03-14T08:46:59+00:00","twitter_card":"summary_large_image","twitter_misc":{"Tempo di lettura stimato":"4 minuti"},"schema":{"@context":"https:\/\/schema.org","@graph":[{"@type":"WebPage","@id":"https:\/\/elfsight.com\/it\/online-form-builder\/jquery\/","url":"https:\/\/elfsight.com\/it\/online-form-builder\/jquery\/","name":"Crea e aggiungi moduli personalizzati su JQuery gratuitamente!","isPartOf":{"@id":"https:\/\/elfsight.com\/it\/#website"},"datePublished":"2024-05-03T06:37:57+00:00","dateModified":"2025-03-14T08:46:59+00:00","description":"Crea il miglior plug-in online per la creazione di moduli per il sito Web JQuery. Un'integrazione semplice ed immediata senza esperienza nella programmazione in solo 1 minuto.","breadcrumb":{"@id":"https:\/\/elfsight.com\/it\/online-form-builder\/jquery\/#breadcrumb"},"inLanguage":"it-IT","potentialAction":[{"@type":"ReadAction","target":["https:\/\/elfsight.com\/it\/online-form-builder\/jquery\/"]}]},{"@type":"BreadcrumbList","@id":"https:\/\/elfsight.com\/it\/online-form-builder\/jquery\/#breadcrumb","itemListElement":[{"@type":"ListItem","position":1,"name":"Home","item":"https:\/\/elfsight.com\/it\/"},{"@type":"ListItem","position":2,"name":"Form Builder","item":"https:\/\/elfsight.com\/it\/online-form-builder\/"},{"@type":"ListItem","position":3,"name":"Form Builder &#8211; jQuery"}]},{"@type":"WebSite","@id":"https:\/\/elfsight.com\/it\/#website","url":"https:\/\/elfsight.com\/it\/","name":"Elfsight IT","description":"Just another Elfsight Sites site","potentialAction":[{"@type":"SearchAction","target":{"@type":"EntryPoint","urlTemplate":"https:\/\/elfsight.com\/it\/?s={search_term_string}"},"query-input":{"@type":"PropertyValueSpecification","valueRequired":true,"valueName":"search_term_string"}}],"inLanguage":"it-IT"}]}},"meta_box":{"industry":"","seo_heading":"","heading":"","description":"","cta_heading":"","cta_description":"","application":"1345","h1":"Plug-in per la creazione di moduli jQuery","h1_caption":"Crea moduli personalizzabili per qualsiasi scopo (feedback, sondaggi, moduli di contatto) senza codifica, semplificando la raccolta di informazioni dai tuoi utenti nel tuo sito Web jQuery senza sforzo.","application_category":[],"applications_title":"","applications_request_title":"","applications_request_button_text":"","hero_text":"","hero_video":"","hero_video_schema_markup":"","selling_points_title":"","selling_points_caption":"","selling_points":[],"selling_points_cta_text":"","features_title":"","features":"","ed_cta_examples_text":"","ed_cta_examples_hidden":"","ed_cta_demo_text":"","ed_cta_demo_hidden":"","why_caption":"","why_editor_title":"","why_editor_text":"","why_team_title":"","why_team_text":"","why_service_title":"","why_service_text":"","template_catalog_visible":"0","template_catalog_title":"","template_catalog_text":"","template_catalog_categories_visible":"","demo_title":"Crea il tuo plugin per la creazione di moduli","demo_caption":"Configura il tuo Form Builder e aggiungilo gratuitamente al tuo sito web jQuery!","default_faq_hidden":"","app_template_category":[],"platform":"37","template_public_id":"","codecanyon_url":"","codecanyon_item_id":"","codecanyon_price":"","pricing_caption":"","pricing_elfsight_apps_hide_column":"","pricing_elfsight_apps_url":"","pricing_codecanyon_price_caption":"","integration_category":[],"integration_request_title":"","integration_request_cta":"","integration_platform":"","integrations":[],"platform_category":[],"video_schema_markup":"","price":"da $ 0 al mese","trial":"","benefits":[{"text":"Servizio di installazione gratuito"},{"text":"Servizio clienti professionale"},{"text":"Garanzia di rimborso di 14 giorni"},{"text":"Aggiornamenti regolari"}],"button_url":"#demo","button_target_blank":"0","button_nofollow":"0","attributes":[{"name":"Installazioni"},{"name":"Reattivo","content":"S\u00cc"},{"name":"Browser compatibili","content":"Firefox, Safari, Opera, Chrome, Edge"}],"tags":[],"tags_disable_links":"0","hide_more_platforms":"0","video_object":"","demo_hide_cta":"0","demo_hide_cloud_options":"0","pricing_title":"","pricing":[{"pricing_icon":"platform","pricing_title":"Elfsight Apps","pricing_title_caption":"Soluzione digitale indipendente dalla piattaforma che funziona su qualsiasi sito web","pricing_price":"da $ 0 \/ mese","pricing_price_caption":"inizia con un piano gratuito","pricing_benefits":[{"text":"Domini illimitati"},{"text":"Supporto aziendale rapido e ben documentato"},{"text":"Assistenza gratuita per l'installazione"},{"text":"Progettazione flessibile"}],"pricing_button_text":"Aggiungi al sito web","pricing_button_url":"#demo"}],"related_apps_title":"","related_apps_hidden":"0","author":"","image":[],"title":"","job":"","social_networks":[]},"_links":{"self":[{"href":"https:\/\/elfsight.com\/it\/wp-json\/wp\/v2\/pages\/4645","targetHints":{"allow":["GET"]}}],"collection":[{"href":"https:\/\/elfsight.com\/it\/wp-json\/wp\/v2\/pages"}],"about":[{"href":"https:\/\/elfsight.com\/it\/wp-json\/wp\/v2\/types\/page"}],"author":[{"embeddable":true,"href":"https:\/\/elfsight.com\/it\/wp-json\/wp\/v2\/users\/9"}],"replies":[{"embeddable":true,"href":"https:\/\/elfsight.com\/it\/wp-json\/wp\/v2\/comments?post=4645"}],"version-history":[{"count":2,"href":"https:\/\/elfsight.com\/it\/wp-json\/wp\/v2\/pages\/4645\/revisions"}],"predecessor-version":[{"id":8698,"href":"https:\/\/elfsight.com\/it\/wp-json\/wp\/v2\/pages\/4645\/revisions\/8698"}],"up":[{"embeddable":true,"href":"https:\/\/elfsight.com\/it\/wp-json\/wp\/v2\/pages\/1346"}],"wp:attachment":[{"href":"https:\/\/elfsight.com\/it\/wp-json\/wp\/v2\/media?parent=4645"}],"curies":[{"name":"wp","href":"https:\/\/api.w.org\/{rel}","templated":true}]}}