{"id":4644,"date":"2024-05-03T06:37:56","date_gmt":"2024-05-03T06:37:56","guid":{"rendered":"https:\/\/elfsight.com\/it\/?page_id=4644"},"modified":"2025-03-14T08:54:51","modified_gmt":"2025-03-14T08:54:51","slug":"magento","status":"publish","type":"page","link":"https:\/\/elfsight.com\/it\/online-form-builder\/magento\/","title":{"rendered":"Form Builder &#8211; Magento"},"content":{"rendered":"<div class=\"application-platform-content-item-description application-platform-content-item\" id=\"description\" data-nav-section=\"description\">\n<h2>Creatore di moduli personalizzati per Magento<\/h2>\n<p>Il nostro generatore di moduli Magento \u00e8 la soluzione perfetta per creare moduli di compilazione personalizzati che possono essere facilmente integrati nel tuo negozio online. Con la nostra estensione per la creazione di moduli personalizzati Magento, puoi creare una variet\u00e0 di formati di moduli e raccogliere informazioni dai tuoi clienti in modo semplice. Che tu voglia raccogliere feedback, valutazioni, prenotazioni o dati di vendita, il nostro generatore di moduli ti fornir\u00e0 gli strumenti necessari per creare un modulo personalizzato che soddisfi le tue esigenze specifiche. Con una struttura flessibile e un&#8217;ampia gamma di elementi predefiniti, il tuo modulo sar\u00e0 facile da usare e visivamente accattivante. Quindi, se stai cercando un potente generatore di moduli Magento che ti aiuti a semplificare il processo di raccolta dati, non cercare oltre la nostra estensione Generatore di moduli.<\/p>\n<p><b>Ricevi feedback dai clienti, ricevi prenotazioni e richieste dai clienti del tuo sito!<\/b><\/p>\n<ul>\n<li><b>Crea moduli accattivanti per raccogliere pi\u00f9 feedback<\/b>. Prova tutte le impostazioni di estensione di Elfsight per creare pratici moduli di compilazione. Scegli i segmenti e definisci il modello per rendere i tuoi moduli ben modellati e maneggevoli. Utilizza le impostazioni di stile per un&#8217;interfaccia accattivante che ti aiuter\u00e0 a raccogliere pi\u00f9 feedback.<\/li>\n<li><b>Aumenta il numero di lead con moduli gestibili<\/b>. Non lasciare che gli utenti lascino incompleto il processo di compilazione per rendere ti perdi un feedback prezioso. Genera moduli con passaggi pratici e una struttura conveniente, che manterr\u00e0 i clienti coinvolti fino alla fine e aumenter\u00e0 il numero di lead.<\/li>\n<li><b>Risparmia tempo e denaro con uno strumento multiuso<\/b>. Questo l&#8217;estensione all-in-one consente di progettare forme di vario tipo con molteplici insiemi di elementi e strutture diverse. Ci\u00f2 ti aiuter\u00e0 a modellare i moduli per raccogliere informazioni di vario tipo senza spendere tempo e denaro aggiuntivi.<\/li>\n<\/ul>\n<p><\/div><div class=\"application-platform-content-item-features application-platform-content-item\" id=\"features\" data-nav-section=\"features\"><\/p>\n<h2>Caratteristiche del plugin per la creazione di moduli<\/h2>\n<p>Perch\u00e9 Elfsight Custom Form Builder \u00e8 il plugin numero uno per ricevere opinioni e risposte degli utenti su Magento?<\/p>\n<ul>\n<li>18 tipi di campi per soddisfare quasi tutte le attivit\u00e0 di raccolta dati;<\/li>\n<li>Ogni campo pu\u00f2 essere creato obbligatorio per la compilazione con il simbolo asterisco (*) per indicarlo;<\/li>\n<li>Assegna qualsiasi indirizzo email e i risultati della compilazione del modulo verranno automaticamente inviati l\u00ec;<\/li>\n<li>Facoltativo salva la funzione di avanzamento della compilazione;<\/li>\n<li>5 stili predefiniti per i campi del modulo.<\/li>\n<\/ul>\n<p><a href=\"#demo\">Prova tutti i vantaggi nella demo dal vivo<\/a><\/div><div class=\"application-platform-content-item-installation  application-platform-content-item\" id=\"installation \" data-nav-section=\"installation \"><\/p>\n<h2>Come aggiungere l&#8217;estensione Form Builder al sito web Magento<\/h2>\n<p>Segui semplicemente le istruzioni seguenti per integrare l&#8217;estensione su Magento.<\/p>\n<ol>\n<li><b>Apri la nostra demo gratuita e inizia a creare la tua estensione personalizzata. <\/b>Specifica la forma e la funzionalit\u00e0 preferibili dello strumento e salva le modifiche.<\/li>\n<li><b>Copia il tuo codice individuale rivelato nel modulo speciale sulle app Elfsight. <\/b>Una volta completata la configurazione della tua estensione personale del Form Builder, copia il codice personale dalla finestra visualizzata e conservalo per ulteriori necessit\u00e0.<\/li>\n<li><b>Continua a utilizzare l&#8217;estensione sul sito web Magento. <\/b>Incorpora il codice che hai copiato di recente nella tua home page e applica le modifiche.<\/li>\n<li><b>Fatto! La configurazione \u00e8 completamente completata. <\/b>Vai sul tuo sito web per esaminare le prestazioni del widget.<\/li>\n<\/ol>\n<p>Hai bisogno di supporto per l&#8217;inserimento o la progettazione dell&#8217;estensione? Il nostro team del Centro assistenza sar\u00e0 felice di fornire aiuto e aggiungere una soluzione! Puoi anche risolvere il problema da solo con la nostra guida completa \u00ab<a href=\"https:\/\/elfsight.com\/tutorials\/how-to-add-form-builder-extension-to-magento\/\">Come installare il software personalizzato Estensione del modulo sul sito Magento<\/a>\u00bb.<\/div><div class=\"faq\" data-component=\"FAQ\"> <div class=\"faq-item\">\r\n\t\t\t\t\t<div class=\"faq-item-question\">\r\n\t\t\t\t\t\t<h3 class=\"faq-item-question-text\">I tuoi moduli sono sicuri?<\/h3>\r\n\r\n\t\t\t\t\t\t<div class=\"faq-item-question-icon\"><\/div>\r\n\t\t\t\t\t<\/div>\r\n\r\n\t\t\t\t\t<div class=\"faq-item-answer\">\r\n\t\t\t\t\t\t<div class=\"faq-item-answer-text\">Il widget Elfsight Form Builder \u00e8 inserito con uno dei il servizio di sicurezza reCAPTCHA pi\u00f9 avvincente. \u00c8 stato aggiunto per proteggere i moduli e la casella di posta da spam e bot e garantire un lavoro regolare e solo dati preziosi.<\/div>\r\n\t\t\t\t\t<\/div>\r\n\t\t\t\t<\/div> <div class=\"faq-item\">\r\n\t\t\t\t\t<div class=\"faq-item-question\">\r\n\t\t\t\t\t\t<h3 class=\"faq-item-question-text\">Esistono modelli che supportano moduli logici condizionali\/campi multipli\/e-mail? <\/h3>\r\n\r\n\t\t\t\t\t\t<div class=\"faq-item-question-icon\"><\/div>\r\n\t\t\t\t\t<\/div>\r\n\r\n\t\t\t\t\t<div class=\"faq-item-answer\">\r\n\t\t\t\t\t\t<div class=\"faq-item-answer-text\">Certamente! Tutto quello che devi fare \u00e8 accedere alle app Elfsight e scegliere qualsiasi modello pertinente, quindi procedere alla creazione del tuo widget personalizzato.<\/div>\r\n\t\t\t\t\t<\/div>\r\n\t\t\t\t<\/div> <div class=\"faq-item\">\r\n\t\t\t\t\t<div class=\"faq-item-question\">\r\n\t\t\t\t\t\t<h3 class=\"faq-item-question-text\">Come creare un modulo di contatto\/feedback per il mio Sito web Magento?<\/h3>\r\n\r\n\t\t\t\t\t\t<div class=\"faq-item-question-icon\"><\/div>\r\n\t\t\t\t\t<\/div>\r\n\r\n\t\t\t\t\t<div class=\"faq-item-answer\">\r\n\t\t\t\t\t\t<div class=\"faq-item-answer-text\">Per progettare un modulo di contatto o di feedback, \u00e8 necessario accedere al sito web di Elfsight Apps ed apportare tutte le modifiche significative allo strumento. Successivamente, salva le modifiche e vai al tuo sito web. Tutto \u00e8 fatto.<\/div>\r\n\t\t\t\t\t<\/div>\r\n\t\t\t\t<\/div><div class=\"faq-item\">\r\n\t\t\t\t\t<div class=\"faq-item-question\">\r\n\t\t\t\t\t\t<h3 class=\"faq-item-question-text\">Avete dei modelli di Form Builder predefiniti per il sito web Magento?<\/h3>\r\n\r\n\t\t\t\t\t\t<div class=\"faq-item-question-icon\"><\/div>\r\n\t\t\t\t\t<\/div>\r\n\r\n\t\t\t\t\t<div class=\"faq-item-answer\">\r\n\t\t\t\t\t\t<div class=\"faq-item-answer-text\">S\u00ec. Il nostro team ha lavorato duramente per creare un&#8217;enorme raccolta di oltre 300 modelli, come <a href=\"https:\/\/elfsight.com\/online-form-builder\/templates\/application-forms\/\">Moduli di domanda<\/a>, <a href=\"https:\/\/elfsight.com\/online-form-builder\/templates\/booking-forms\/\">Moduli di prenotazione<\/a>, <a href=\"https:\/\/elfsight.com\/online-form-builder\/templates\/order-forms\/\">Moduli d&#8217;ordine<\/a>, <a href=\"https:\/\/elfsight.com\/online-form-builder\/templates\/product-forms\/\">Moduli di prodotto<\/a>, <a href=\"https:\/\/elfsight.com\/online-form-builder\/templates\/questionnaires\/\">Questionari<\/a>, <a href=\"https:\/\/elfsight.com\/online-form-builder\/templates\/quizzes\/\">Quiz<\/a>, <a href=\"https:\/\/elfsight.com\/online-form-builder\/templates\/surveys\/\">Sondaggi<\/a>, <a href=\"https:\/\/elfsight.com\/online-form-builder\/templates\/file-upload-forms\/\">Moduli di caricamento file<\/a> e molti altri. Quindi non sar\u00e0 cos\u00ec difficile trovare la soluzione giusta con i <a href=\"https:\/\/elfsight.com\/online-form-builder\/templates\/\">modelli di Form Builder<\/a>.<\/div>\r\n\t\t\t\t\t<\/div>\r\n\t\t\t\t<\/div> <\/div><\/p>\n\n\n<p><\/p>\n","protected":false},"excerpt":{"rendered":"","protected":false},"author":9,"featured_media":0,"parent":1346,"menu_order":0,"comment_status":"closed","ping_status":"closed","template":"templates\/template-application-platform.php","meta":{"publish_to_discourse":"","publish_post_category":"","wpdc_auto_publish_overridden":"","wpdc_topic_tags":"","wpdc_pin_topic":"","wpdc_pin_until":"","discourse_post_id":"","discourse_permalink":"","wpdc_publishing_response":"","wpdc_publishing_error":"","footnotes":""},"class_list":["post-4644","page","type-page","status-publish","hentry"],"yoast_head":"<!-- This site is optimized with the Yoast SEO plugin v25.3.1 - https:\/\/yoast.com\/wordpress\/plugins\/seo\/ -->\n<title>Crea e aggiungi moduli personalizzati su Magento gratuitamente!<\/title>\n<meta name=\"description\" content=\"Prova subito il nostro generatore di moduli personalizzato per Magento. Genera individualmente l&#039;estensione del modulo per il tuo sito web solo in un paio di minuti!\" \/>\n<meta name=\"robots\" content=\"index, follow, max-snippet:-1, max-image-preview:large, max-video-preview:-1\" \/>\n<link rel=\"canonical\" href=\"https:\/\/elfsight.com\/it\/online-form-builder\/magento\/\" \/>\n<meta property=\"og:locale\" content=\"it_IT\" \/>\n<meta property=\"og:type\" content=\"article\" \/>\n<meta property=\"og:title\" content=\"Crea e aggiungi moduli personalizzati su Magento gratuitamente!\" \/>\n<meta property=\"og:description\" content=\"Prova subito il nostro generatore di moduli personalizzato per Magento. Genera individualmente l&#039;estensione del modulo per il tuo sito web solo in un paio di minuti!\" \/>\n<meta property=\"og:url\" content=\"https:\/\/elfsight.com\/it\/online-form-builder\/magento\/\" \/>\n<meta property=\"og:site_name\" content=\"Elfsight IT\" \/>\n<meta property=\"article:modified_time\" content=\"2025-03-14T08:54:51+00:00\" \/>\n<meta name=\"twitter:card\" content=\"summary_large_image\" \/>\n<meta name=\"twitter:label1\" content=\"Tempo di lettura stimato\" \/>\n\t<meta name=\"twitter:data1\" content=\"5 minuti\" \/>\n<!-- \/ Yoast SEO plugin. -->","yoast_head_json":{"title":"Crea e aggiungi moduli personalizzati su Magento gratuitamente!","description":"Prova subito il nostro generatore di moduli personalizzato per Magento. Genera individualmente l'estensione del modulo per il tuo sito web solo in un paio di minuti!","robots":{"index":"index","follow":"follow","max-snippet":"max-snippet:-1","max-image-preview":"max-image-preview:large","max-video-preview":"max-video-preview:-1"},"canonical":"https:\/\/elfsight.com\/it\/online-form-builder\/magento\/","og_locale":"it_IT","og_type":"article","og_title":"Crea e aggiungi moduli personalizzati su Magento gratuitamente!","og_description":"Prova subito il nostro generatore di moduli personalizzato per Magento. Genera individualmente l'estensione del modulo per il tuo sito web solo in un paio di minuti!","og_url":"https:\/\/elfsight.com\/it\/online-form-builder\/magento\/","og_site_name":"Elfsight IT","article_modified_time":"2025-03-14T08:54:51+00:00","twitter_card":"summary_large_image","twitter_misc":{"Tempo di lettura stimato":"5 minuti"},"schema":{"@context":"https:\/\/schema.org","@graph":[{"@type":"WebPage","@id":"https:\/\/elfsight.com\/it\/online-form-builder\/magento\/","url":"https:\/\/elfsight.com\/it\/online-form-builder\/magento\/","name":"Crea e aggiungi moduli personalizzati su Magento gratuitamente!","isPartOf":{"@id":"https:\/\/elfsight.com\/it\/#website"},"datePublished":"2024-05-03T06:37:56+00:00","dateModified":"2025-03-14T08:54:51+00:00","description":"Prova subito il nostro generatore di moduli personalizzato per Magento. Genera individualmente l'estensione del modulo per il tuo sito web solo in un paio di minuti!","breadcrumb":{"@id":"https:\/\/elfsight.com\/it\/online-form-builder\/magento\/#breadcrumb"},"inLanguage":"it-IT","potentialAction":[{"@type":"ReadAction","target":["https:\/\/elfsight.com\/it\/online-form-builder\/magento\/"]}]},{"@type":"BreadcrumbList","@id":"https:\/\/elfsight.com\/it\/online-form-builder\/magento\/#breadcrumb","itemListElement":[{"@type":"ListItem","position":1,"name":"Home","item":"https:\/\/elfsight.com\/it\/"},{"@type":"ListItem","position":2,"name":"Form Builder","item":"https:\/\/elfsight.com\/it\/online-form-builder\/"},{"@type":"ListItem","position":3,"name":"Form Builder &#8211; Magento"}]},{"@type":"WebSite","@id":"https:\/\/elfsight.com\/it\/#website","url":"https:\/\/elfsight.com\/it\/","name":"Elfsight IT","description":"Just another Elfsight Sites site","potentialAction":[{"@type":"SearchAction","target":{"@type":"EntryPoint","urlTemplate":"https:\/\/elfsight.com\/it\/?s={search_term_string}"},"query-input":{"@type":"PropertyValueSpecification","valueRequired":true,"valueName":"search_term_string"}}],"inLanguage":"it-IT"}]}},"meta_box":{"industry":"","seo_heading":"","heading":"","description":"","cta_heading":"","cta_description":"","application":"1345","h1":"Estensione del generatore di moduli per Magento","h1_caption":"Crea moduli personalizzabili per qualsiasi scopo (feedback, sondaggi, moduli di contatto) senza codifica, semplificando la raccolta di informazioni dai tuoi utenti nel tuo sito web Magento senza sforzo.","application_category":[],"applications_title":"","applications_request_title":"","applications_request_button_text":"","hero_text":"","hero_video":"","hero_video_schema_markup":"","selling_points_title":"","selling_points_caption":"","selling_points":[],"selling_points_cta_text":"","features_title":"","features":"","ed_cta_examples_text":"","ed_cta_examples_hidden":"","ed_cta_demo_text":"","ed_cta_demo_hidden":"","why_caption":"","why_editor_title":"","why_editor_text":"","why_team_title":"","why_team_text":"","why_service_title":"","why_service_text":"","template_catalog_visible":"0","template_catalog_title":"","template_catalog_text":"","template_catalog_categories_visible":"","demo_title":"Crea la tua estensione del generatore di moduli","demo_caption":"Configura il tuo Form Builder e aggiungilo gratuitamente al tuo sito Magento!","default_faq_hidden":"","app_template_category":[],"platform":"39","template_public_id":"","codecanyon_url":"","codecanyon_item_id":"","codecanyon_price":"","pricing_caption":"","pricing_elfsight_apps_hide_column":"","pricing_elfsight_apps_url":"","pricing_codecanyon_price_caption":"","integration_category":[],"integration_request_title":"","integration_request_cta":"","integration_platform":"","integrations":[],"platform_category":[],"video_schema_markup":"","price":"da $ 0 al mese","trial":"","benefits":[{"text":"Aiuto gratuito per l'installazione"},{"text":"Servizio clienti professionale"},{"text":"Garanzia di rimborso di 14 giorni"},{"text":"Aggiornamento costante"}],"button_url":"#demo","button_target_blank":"0","button_nofollow":"0","attributes":[{"name":"Installazioni"},{"name":"Reattivo","content":"S\u00cc"},{"name":"Browser compatibili","content":"Firefox, Opera, Chrome, Safari, Edge"}],"tags":[],"tags_disable_links":"0","hide_more_platforms":"0","video_object":"","demo_hide_cta":"0","demo_hide_cloud_options":"0","pricing_title":"","pricing":[{"pricing_icon":"platform","pricing_title":"Elfsight Apps","pricing_title_caption":"Soluzione digitale indipendente dalla piattaforma che funziona su qualsiasi sito","pricing_price":"da $ 0 \/ mese","pricing_price_caption":"inizia con un piano gratuito","pricing_benefits":[{"text":"Domini illimitati"},{"text":"Supporto aziendale professionale e ben documentato"},{"text":"Supporto gratuito per l'installazione"},{"text":"100% personalizzabile"}],"pricing_button_text":"Aggiungi al sito web","pricing_button_url":"#demo"}],"related_apps_title":"","related_apps_hidden":"0","author":"","image":[],"title":"","job":"","social_networks":[]},"_links":{"self":[{"href":"https:\/\/elfsight.com\/it\/wp-json\/wp\/v2\/pages\/4644","targetHints":{"allow":["GET"]}}],"collection":[{"href":"https:\/\/elfsight.com\/it\/wp-json\/wp\/v2\/pages"}],"about":[{"href":"https:\/\/elfsight.com\/it\/wp-json\/wp\/v2\/types\/page"}],"author":[{"embeddable":true,"href":"https:\/\/elfsight.com\/it\/wp-json\/wp\/v2\/users\/9"}],"replies":[{"embeddable":true,"href":"https:\/\/elfsight.com\/it\/wp-json\/wp\/v2\/comments?post=4644"}],"version-history":[{"count":3,"href":"https:\/\/elfsight.com\/it\/wp-json\/wp\/v2\/pages\/4644\/revisions"}],"predecessor-version":[{"id":8707,"href":"https:\/\/elfsight.com\/it\/wp-json\/wp\/v2\/pages\/4644\/revisions\/8707"}],"up":[{"embeddable":true,"href":"https:\/\/elfsight.com\/it\/wp-json\/wp\/v2\/pages\/1346"}],"wp:attachment":[{"href":"https:\/\/elfsight.com\/it\/wp-json\/wp\/v2\/media?parent=4644"}],"curies":[{"name":"wp","href":"https:\/\/api.w.org\/{rel}","templated":true}]}}