{"id":4637,"date":"2024-05-03T06:37:53","date_gmt":"2024-05-03T06:37:53","guid":{"rendered":"https:\/\/elfsight.com\/it\/?page_id=4637"},"modified":"2025-03-14T09:04:18","modified_gmt":"2025-03-14T09:04:18","slug":"shopify","status":"publish","type":"page","link":"https:\/\/elfsight.com\/it\/online-form-builder\/shopify\/","title":{"rendered":"Form Builder &#8211; Shopify"},"content":{"rendered":"<div class=\"application-platform-content-item-description application-platform-content-item\" id=\"description\" data-nav-section=\"description\">\n<h2>Incorpora Form Builder su Shopify con il widget Elfsight<\/h2>\nLa nostra app Shopify Form Builder \u00e8 una soluzione versatile che ti consente di creare qualsiasi tipo di modulo di cui hai bisogno e aggiungerlo al tuo negozio Shopify. Che tu voglia creare un modulo personalizzato, un modulo di feedback o qualsiasi altro tipo di modulo, la nostra app lo rende semplice. Con pochi clic puoi creare un modulo su Shopify e iniziare a raccogliere dati dai tuoi clienti. La nostra app per moduli personalizzati Shopify ti offre il controllo completo sulla progettazione del modulo, permettendoti di creare moduli non solo funzionali ma anche visivamente accattivanti. Se hai bisogno di raccogliere feedback, valutazioni, prenotazioni o vendite, la nostra app \u00e8 perfetta per te. Inoltre, con la nostra interfaccia intuitiva, puoi creare moduli facili da utilizzare per i tuoi clienti ed efficaci da gestire per te.\n\n<b>Raccogli opinioni, idee, sentimenti e valutazioni della clientela per sviluppare il tuo business!<\/b>\n<ul>\n \t<li><b>Crea moduli attraenti per raccogliere pi\u00f9 feedback.<\/b> Utilizza ogni parametro del plugin di Elfsight per creare pratici moduli di compilazione. Definisci segmenti e controlla la composizione per rendere i tuoi moduli ben modellati e maneggevoli. Applica parametri di stile per un aspetto notevole e ricevi pi\u00f9 feedback.<\/li>\n \t<li><b>Aumenta il numero di lead con moduli gestibili.<\/b> Non lasciare che i clienti interrompano il processo di compilazione incompleto facendoti perdere informazioni preziose. Configura moduli con fasi convenienti e una struttura semplice, che manterr\u00e0 il pubblico coinvolto fino alla fine e aumenter\u00e0 il numero di lead.<\/li>\n \t<li><b>Risparmia tempo e denaro con uno strumento multiuso.<\/b> Questo strumento completo consente di costruire forme di svariate varianti con molteplici insiemi di elementi e diverse configurazioni. Ci\u00f2 ti aiuter\u00e0 a creare moduli per ottenere diversi tipi di approfondimenti senza spendere tempo e denaro aggiuntivi.<\/li>\n<\/ul>\n<\/div>\n\n<div class=\"application-platform-content-item-features application-platform-content-item\" id=\"features\" data-nav-section=\"features\">\n<h2>Caratteristiche del plugin Form Builder<\/h2>\nCosa rende Elfsight Online Form Builder uno dei migliori plugin su Shopify per la ricezione di feedback?\n<ul>\n \t<li>Crea una descrizione per ogni elemento, che verr\u00e0 visualizzata sotto l&#8217;etichetta;<\/li>\n \t<li>Possibilit\u00e0 di suddividere i campi in pi\u00f9 colonne;<\/li>\n \t<li>Testi modificabili del messaggio di ringraziamento e del pulsante per la compilazione ripetuta del modulo;<\/li>\n \t<li>Imposta la larghezza personalizzata del modulo nei layout predefinito e in scatola;<\/li>\n \t<li>5 stili predefiniti per i campi del modulo.<\/li>\n<\/ul>\n<a href=\"#demo\">Leggi tutti i dettagli<\/a>\n\n<\/div>\n\n<div class=\"application-platform-content-item-installation application-platform-content-item\" id=\"installation\" data-nav-section=\"installation\">\n<h2>Come aggiungere l&#8217;app Form Builder sul sito web Shopify<\/h2>\nLa durata completa dell&#8217;installazione \u00e8 di circa 60 secondi e, oltre a ci\u00f2, non \u00e8 necessaria alcuna conoscenza di sviluppo.\n<ol>\n \t<li><b>Gestisci il nostro editor gratuito e inizia a lavorare con la tua app unica.<\/b> Scegli l&#8217;aspetto e la funzionalit\u00e0 desiderate dell&#8217;app e salva tutte le modifiche.<\/li>\n \t<li><b>Ricevi il codice univoco mostrato nella casella sulle app Elfsight.<\/b> Subito dopo aver completato la creazione della tua app personale, copia il codice dalla finestra visualizzata e conservalo per occasioni future.<\/li>\n \t<li><b>Continua a utilizzare l&#8217;app sul sito Web Shopify.<\/b> Integra il codice copiato recentemente nel tuo sito web e salva le modifiche.<\/li>\n \t<li><b>La configurazione \u00e8 completamente eseguita.<\/b> Apri il tuo sito web per vedere il lavoro dell&#8217;app.<\/li>\n<\/ol>\nHai domande sulla dimostrazione dell&#8217;app o sulla personalizzazione della tua estensione? Contatta il team di supporto Elfsight o consulta le istruzioni dettagliate \u00ab<a href=\"https:\/\/elfsight.com\/blog\/adding-form-to-shopify-free-online-form-builder-app\/\" target=\"_blank\" rel=\"noopener\">Creazione di moduli su Shopify<\/a>\u00bb.\n\n<\/div>\n\n<div class=\"faq\" data-component=\"FAQ\">\n<div class=\"faq-item\">\r\n\t\t\t\t\t<div class=\"faq-item-question\">\r\n\t\t\t\t\t\t<h3 class=\"faq-item-question-text\">I tuoi moduli sono sicuri?<\/h3>\r\n\r\n\t\t\t\t\t\t<div class=\"faq-item-question-icon\"><\/div>\r\n\t\t\t\t\t<\/div>\r\n\r\n\t\t\t\t\t<div class=\"faq-item-answer\">\r\n\t\t\t\t\t\t<div class=\"faq-item-answer-text\">\n\nIl nostro widget Form Builder \u00e8 integrato con lo strumento reCAPTCHA pi\u00f9 potente. \u00c8 stato aggiunto per proteggere il modulo e la casella di posta da spam e bot, garantendo un funzionamento semplice e solo dati rilevanti.\n\n<\/div>\r\n\t\t\t\t\t<\/div>\r\n\t\t\t\t<\/div>\n\n<div class=\"faq-item\">\r\n\t\t\t\t\t<div class=\"faq-item-question\">\r\n\t\t\t\t\t\t<h3 class=\"faq-item-question-text\">Esistono modelli che supportano moduli logici condizionali\/campi multipli\/e-mail?<\/h3>\r\n\r\n\t\t\t\t\t\t<div class=\"faq-item-question-icon\"><\/div>\r\n\t\t\t\t\t<\/div>\r\n\r\n\t\t\t\t\t<div class=\"faq-item-answer\">\r\n\t\t\t\t\t\t<div class=\"faq-item-answer-text\">\n\nCerto! Tutto quello che devi fare \u00e8 accedere al servizio Elfsight Apps e selezionare qualsiasi modello pertinente, quindi iniziare a creare il tuo strumento.\n\n<\/div>\r\n\t\t\t\t\t<\/div>\r\n\t\t\t\t<\/div>\n\n<div class=\"faq-item\">\r\n\t\t\t\t\t<div class=\"faq-item-question\">\r\n\t\t\t\t\t\t<h3 class=\"faq-item-question-text\">In che modo posso creare un modulo di contatto\/feedback per il mio sito Shopify?<\/h3>\r\n\r\n\t\t\t\t\t\t<div class=\"faq-item-question-icon\"><\/div>\r\n\t\t\t\t\t<\/div>\r\n\r\n\t\t\t\t\t<div class=\"faq-item-answer\">\r\n\t\t\t\t\t\t<div class=\"faq-item-answer-text\">\n\nPer creare il tuo modulo di contatto o feedback, devi accedere al servizio Elfsight Apps ed eseguire tutte le modifiche necessarie al plugin. Una volta terminato, salva le modifiche e applicale al sito Web. Fatto.\n\n<\/div>\r\n\t\t\t\t\t<\/div>\r\n\t\t\t\t<\/div>\n\n<div class=\"faq-item\">\r\n\t\t\t\t\t<div class=\"faq-item-question\">\r\n\t\t\t\t\t\t<h3 class=\"faq-item-question-text\">Esistono modelli di Form Builder personalizzati per il sito web Shopify?<\/h3>\r\n\r\n\t\t\t\t\t\t<div class=\"faq-item-question-icon\"><\/div>\r\n\t\t\t\t\t<\/div>\r\n\r\n\t\t\t\t\t<div class=\"faq-item-answer\">\r\n\t\t\t\t\t\t<div class=\"faq-item-answer-text\">\n\nS\u00ec, assolutamente! Sono disponibili oltre 300 modelli pronti all&#8217;uso per ogni occasione, come <a href=\"https:\/\/elfsight.com\/online-form-builder\/templates\/application-forms\/\" target=\"_blank\" rel=\"noopener\">Moduli di domanda<\/a>, <a href=\"https:\/\/elfsight.com\/online-form-builder\/templates\/booking-forms\/\" target=\"_blank\" rel=\"noopener\">Moduli di prenotazione<\/a>, <a href=\"https:\/\/elfsight.com\/online-form-builder\/templates\/order-forms\/\" target=\"_blank\" rel=\"noopener\" data-wplink-edit=\"true\">Moduli d&#8217;ordine<\/a>, <a href=\"https:\/\/elfsight.com\/online-form-builder\/templates\/product-forms\/\" target=\"_blank\" rel=\"noopener\">Moduli di prodotto<\/a>, <a href=\"https:\/\/elfsight.com\/online-form-builder\/templates\/questionnaires\/\" target=\"_blank\" rel=\"noopener\">Questionari<\/a>, <a href=\"https:\/\/elfsight.com\/online-form-builder\/templates\/quizzes\/\" target=\"_blank\" rel=\"noopener\" data-wplink-edit=\"true\">Quiz<\/a>, <a href=\"https:\/\/elfsight.com\/online-form-builder\/templates\/surveys\/\" target=\"_blank\" rel=\"noopener\">Sondaggi<\/a>, <a href=\"https:\/\/elfsight.com\/online-form-builder\/templates\/file-upload-forms\/\" target=\"_blank\" rel=\"noopener\">Moduli di caricamento file<\/a> e molti altri. Sentiti libero di provare i <a href=\"https:\/\/elfsight.com\/online-form-builder\/templates\/\" target=\"_blank\" rel=\"noopener\">modelli di Form Builder<\/a> e condividi la tua opinione con noi.\n\n<\/div>\r\n\t\t\t\t\t<\/div>\r\n\t\t\t\t<\/div>\n<\/div>","protected":false},"excerpt":{"rendered":"","protected":false},"author":9,"featured_media":0,"parent":1346,"menu_order":0,"comment_status":"closed","ping_status":"closed","template":"templates\/template-application-platform.php","meta":{"publish_to_discourse":"","publish_post_category":"","wpdc_auto_publish_overridden":"","wpdc_topic_tags":"","wpdc_pin_topic":"","wpdc_pin_until":"","discourse_post_id":"","discourse_permalink":"","wpdc_publishing_response":"","wpdc_publishing_error":"","footnotes":""},"class_list":["post-4637","page","type-page","status-publish","hentry"],"yoast_head":"<!-- This site is optimized with the Yoast SEO plugin v25.3.1 - https:\/\/yoast.com\/wordpress\/plugins\/seo\/ -->\n<title>Crea e aggiungi gratuitamente un modulo personalizzato su Shopify!<\/title>\n<meta name=\"description\" content=\"Crea un generatore di moduli online per il tuo sito web Shopify in soli 2 minuti! Prova la demo gratuita di Elfsight per progettare la tua app Form.\" \/>\n<meta name=\"robots\" content=\"index, follow, max-snippet:-1, max-image-preview:large, max-video-preview:-1\" \/>\n<link rel=\"canonical\" href=\"https:\/\/elfsight.com\/it\/online-form-builder\/shopify\/\" \/>\n<meta property=\"og:locale\" content=\"it_IT\" \/>\n<meta property=\"og:type\" content=\"article\" \/>\n<meta property=\"og:title\" content=\"Crea e aggiungi gratuitamente un modulo personalizzato su Shopify!\" \/>\n<meta property=\"og:description\" content=\"Crea un generatore di moduli online per il tuo sito web Shopify in soli 2 minuti! Prova la demo gratuita di Elfsight per progettare la tua app Form.\" \/>\n<meta property=\"og:url\" content=\"https:\/\/elfsight.com\/it\/online-form-builder\/shopify\/\" \/>\n<meta property=\"og:site_name\" content=\"Elfsight IT\" \/>\n<meta property=\"article:modified_time\" content=\"2025-03-14T09:04:18+00:00\" \/>\n<meta name=\"twitter:card\" content=\"summary_large_image\" \/>\n<meta name=\"twitter:label1\" content=\"Tempo di lettura stimato\" \/>\n\t<meta name=\"twitter:data1\" content=\"4 minuti\" \/>\n<!-- \/ Yoast SEO plugin. -->","yoast_head_json":{"title":"Crea e aggiungi gratuitamente un modulo personalizzato su Shopify!","description":"Crea un generatore di moduli online per il tuo sito web Shopify in soli 2 minuti! Prova la demo gratuita di Elfsight per progettare la tua app Form.","robots":{"index":"index","follow":"follow","max-snippet":"max-snippet:-1","max-image-preview":"max-image-preview:large","max-video-preview":"max-video-preview:-1"},"canonical":"https:\/\/elfsight.com\/it\/online-form-builder\/shopify\/","og_locale":"it_IT","og_type":"article","og_title":"Crea e aggiungi gratuitamente un modulo personalizzato su Shopify!","og_description":"Crea un generatore di moduli online per il tuo sito web Shopify in soli 2 minuti! Prova la demo gratuita di Elfsight per progettare la tua app Form.","og_url":"https:\/\/elfsight.com\/it\/online-form-builder\/shopify\/","og_site_name":"Elfsight IT","article_modified_time":"2025-03-14T09:04:18+00:00","twitter_card":"summary_large_image","twitter_misc":{"Tempo di lettura stimato":"4 minuti"},"schema":{"@context":"https:\/\/schema.org","@graph":[{"@type":"WebPage","@id":"https:\/\/elfsight.com\/it\/online-form-builder\/shopify\/","url":"https:\/\/elfsight.com\/it\/online-form-builder\/shopify\/","name":"Crea e aggiungi gratuitamente un modulo personalizzato su Shopify!","isPartOf":{"@id":"https:\/\/elfsight.com\/it\/#website"},"datePublished":"2024-05-03T06:37:53+00:00","dateModified":"2025-03-14T09:04:18+00:00","description":"Crea un generatore di moduli online per il tuo sito web Shopify in soli 2 minuti! Prova la demo gratuita di Elfsight per progettare la tua app Form.","breadcrumb":{"@id":"https:\/\/elfsight.com\/it\/online-form-builder\/shopify\/#breadcrumb"},"inLanguage":"it-IT","potentialAction":[{"@type":"ReadAction","target":["https:\/\/elfsight.com\/it\/online-form-builder\/shopify\/"]}]},{"@type":"BreadcrumbList","@id":"https:\/\/elfsight.com\/it\/online-form-builder\/shopify\/#breadcrumb","itemListElement":[{"@type":"ListItem","position":1,"name":"Home","item":"https:\/\/elfsight.com\/it\/"},{"@type":"ListItem","position":2,"name":"Form Builder","item":"https:\/\/elfsight.com\/it\/online-form-builder\/"},{"@type":"ListItem","position":3,"name":"Form Builder &#8211; Shopify"}]},{"@type":"WebSite","@id":"https:\/\/elfsight.com\/it\/#website","url":"https:\/\/elfsight.com\/it\/","name":"Elfsight IT","description":"Just another Elfsight Sites site","potentialAction":[{"@type":"SearchAction","target":{"@type":"EntryPoint","urlTemplate":"https:\/\/elfsight.com\/it\/?s={search_term_string}"},"query-input":{"@type":"PropertyValueSpecification","valueRequired":true,"valueName":"search_term_string"}}],"inLanguage":"it-IT"}]}},"meta_box":{"industry":"","seo_heading":"","heading":"","description":"","cta_heading":"","cta_description":"","application":"1345","h1":"Generatore di moduli online per Shopify","h1_caption":"Crea moduli personalizzabili per qualsiasi scopo (feedback, sondaggi, moduli di contatto) senza codifica, semplificando la raccolta di informazioni dai tuoi utenti nel tuo sito web Shopify senza sforzo.","application_category":[],"applications_title":"","applications_request_title":"","applications_request_button_text":"","hero_text":"","hero_video":"","hero_video_schema_markup":"","selling_points_title":"","selling_points_caption":"","selling_points":[],"selling_points_cta_text":"","features_title":"","features":"","ed_cta_examples_text":"","ed_cta_examples_hidden":"","ed_cta_demo_text":"","ed_cta_demo_hidden":"","why_caption":"","why_editor_title":"","why_editor_text":"","why_team_title":"","why_team_text":"","why_service_title":"","why_service_text":"","template_catalog_visible":"0","template_catalog_title":"","template_catalog_text":"","template_catalog_categories_visible":"","demo_title":"Crea la tua app per la creazione di moduli","demo_caption":"Configura il tuo Form Builder e aggiungilo gratuitamente al tuo sito Shopify!","default_faq_hidden":"","app_template_category":[],"platform":"42","template_public_id":"","codecanyon_url":"","codecanyon_item_id":"","codecanyon_price":"","pricing_caption":"","pricing_elfsight_apps_hide_column":"","pricing_elfsight_apps_url":"","pricing_codecanyon_price_caption":"","integration_category":[],"integration_request_title":"","integration_request_cta":"","integration_platform":"","integrations":[],"platform_category":[],"video_schema_markup":"","price":"da $ 0 al mese","trial":"","benefits":[{"text":"Servizio di installazione gratuito"},{"text":"Supporto premium"},{"text":"Garanzia di rimborso di 14 giorni"},{"text":"Aggiornamenti gratuiti continui"}],"button_url":"#demo","button_target_blank":"0","button_nofollow":"0","attributes":[{"name":"Installazioni"},{"name":"Reattivo","content":"S\u00cc"},{"name":"Browser compatibili","content":"Edge, Opera, Chrome, Firefox, Safari"}],"tags":[],"tags_disable_links":"0","hide_more_platforms":"0","video_object":"","demo_hide_cta":"0","demo_hide_cloud_options":"0","pricing_title":"","pricing":[{"pricing_icon":"cloud","pricing_title":"Elfsight Apps","pricing_title_caption":"Versione multipiattaforma che funziona su qualsiasi sito web","pricing_price":"da $ 0 \/ mese","pricing_price_caption":"inizia con il piano gratuito","pricing_benefits":[{"text":"Siti web illimitati"},{"text":"Supporto premium"},{"text":"Servizio di installazione gratuito"},{"text":"Offerta speciale per pi\u00f9 app"}],"pricing_button_text":"Aggiungi al sito web","pricing_button_url":"#demo"}],"related_apps_title":"","related_apps_hidden":"0","author":"","image":[],"title":"","job":"","social_networks":[]},"_links":{"self":[{"href":"https:\/\/elfsight.com\/it\/wp-json\/wp\/v2\/pages\/4637","targetHints":{"allow":["GET"]}}],"collection":[{"href":"https:\/\/elfsight.com\/it\/wp-json\/wp\/v2\/pages"}],"about":[{"href":"https:\/\/elfsight.com\/it\/wp-json\/wp\/v2\/types\/page"}],"author":[{"embeddable":true,"href":"https:\/\/elfsight.com\/it\/wp-json\/wp\/v2\/users\/9"}],"replies":[{"embeddable":true,"href":"https:\/\/elfsight.com\/it\/wp-json\/wp\/v2\/comments?post=4637"}],"version-history":[{"count":5,"href":"https:\/\/elfsight.com\/it\/wp-json\/wp\/v2\/pages\/4637\/revisions"}],"predecessor-version":[{"id":8713,"href":"https:\/\/elfsight.com\/it\/wp-json\/wp\/v2\/pages\/4637\/revisions\/8713"}],"up":[{"embeddable":true,"href":"https:\/\/elfsight.com\/it\/wp-json\/wp\/v2\/pages\/1346"}],"wp:attachment":[{"href":"https:\/\/elfsight.com\/it\/wp-json\/wp\/v2\/media?parent=4637"}],"curies":[{"name":"wp","href":"https:\/\/api.w.org\/{rel}","templated":true}]}}