{"id":4636,"date":"2024-05-03T06:37:52","date_gmt":"2024-05-03T06:37:52","guid":{"rendered":"https:\/\/elfsight.com\/it\/?page_id=4636"},"modified":"2025-03-14T09:17:48","modified_gmt":"2025-03-14T09:17:48","slug":"squarespace","status":"publish","type":"page","link":"https:\/\/elfsight.com\/it\/online-form-builder\/squarespace\/","title":{"rendered":"Form Builder &#8211; Squarespace"},"content":{"rendered":"<div class=\"application-platform-content-item-description application-platform-content-item\" id=\"description\" data-nav-section=\"description\">\n<h2>Generatore di moduli personalizzato per Squarespace<\/h2>\n<p>Il nostro generatore di moduli \u00e8 uno strumento versatile che ti consente di creare vari tipi di moduli, inclusi moduli di iscrizione Squarespace, moduli in pi\u00f9 passaggi, moduli di registrazione moduli, moduli di sondaggio e altro ancora. Visualizzali sul tuo sito web e raccogli informazioni sia dai tuoi clienti esistenti che da quelli potenziali. Personalizza la struttura del modulo e scegli tra un&#8217;ampia gamma di elementi del modulo per creare moduli personalizzati adatti alle tue esigenze aziendali. Che tu abbia bisogno di raccogliere feedback, valutazioni, ordini o acquisti, il nostro generatore di moduli ti aiuter\u00e0 a creare un modulo che soddisfi le tue esigenze. Con un design reattivo e una variet\u00e0 di componenti predefiniti, il tuo modulo sar\u00e0 facile da usare per i tuoi clienti ed efficace per te.<\/p>\n<p><b>Ricevi il feedback dei clienti, elabora le prenotazioni e le domande dei clienti del tuo sito web!<\/b><\/p>\n<ul>\n<li><b>Crea moduli attraenti per raccogliere pi\u00f9 feedback<\/b>. Hai a disposizione un ricco set di elementi che consentono di creare moduli divertenti e pratici. Varie regolazioni di stile del widget Elfsight consentiranno di renderlo brillante e attirare pi\u00f9 pubblico da compilare.<\/li>\n<li><b>Aumenta il numero di lead con moduli gestibili<\/b>. Non lasciare che i clienti abbandonino il riempimento processo incompiuto. Genera moduli con passaggi semplici e schemi pratici, che manterranno coinvolti gli utenti fino all&#8217;ultimo passaggio e faranno crescere i tuoi contatti.<\/li>\n<li><b>Risparmia tempo e denaro con uno strumento multiuso<\/b>. Non esiste devi acquistare molti strumenti diversi per coprire tutte le tue esigenze nella progettazione di moduli di feedback per il tuo sito. Il nostro generatore di moduli consente di generare il modulo pi\u00f9 utile per ricevere informazioni di tutte le categorie, grazie ai suoi vari componenti e alla composizione reattiva.<\/li>\n<\/ul>\n<p><\/div><div class=\"application-platform-content-item-features application-platform-content-item\" id=\"features\" data-nav-section=\"features\"><\/p>\n<h2>Caratteristiche del plugin per la creazione di moduli<\/h2>\n<p>Cosa rende Elfsight Online Form Builder uno dei migliori plugin di Squarespace per raccogliere recensioni e richieste dei clienti?<\/p>\n<ul>\n<li>Visualizza l&#8217;intestazione del modulo con titolo e testo;<\/li>\n<li>Modificabile testo del pulsante di invio;<\/li>\n<li>Scegli lo scenario dopo l&#8217;invio del modulo: messaggio di ringraziamento, reindirizzamento a un&#8217;altra pagina o occultamento del modulo;<\/li>\n<li>Imposta la larghezza personalizzata del modulo in Predefinito e In scatola layout;<\/li>\n<li>5 stili predefiniti per i campi del modulo.<\/li>\n<\/ul>\n<p><a href=\"#demo\">Provali tutti<\/a><\/div><div class=\"application-platform-content-item-installazione  application-platform-content-item\" id=\"installazione \" data-nav-section=\"installazione \"><\/p>\n<h2>Come aggiungere il widget Form Builder al sito web SquareSpace<\/h2>\n<p>Piano introduttivo sull&#8217;aggiunta dei pulsanti senza conoscenze di programmazione o sull&#8217;assunzione di un programmatore laterale. L&#8217;implementazione della guida richieder\u00e0 meno di qualche minuto.<\/p>\n<ol>\n<li><b>Crea il tuo generatore di moduli personalizzato<\/b>. Con l&#8217;aiuto della nostra demo gratuita, crea un plugin con il layout e le funzioni necessarie.<\/li>\n<li><b>Copia il codice per l&#8217;integrazione del plugin<\/b>. Dopo aver configurato il widget, ricevi il codice per il plugin del modulo dalla finestra visualizzata su Elfsight Apps.<\/li>\n<li><b>Visualizza il plugin sul sito SquareSpace<\/b>. Pubblica il plugin sulla pagina richiesta del sito web e salva le modifiche.<\/li>\n<li><b>Hai eseguito completamente l&#8217;installazione<\/b>. Vai al tuo sito, per controllare il tuo lavoro.<\/li>\n<\/ol>\n<p>Hai domande legate all&#8217;applicazione delle istruzioni? Mettiti in contatto con il nostro team di supporto o consulta la versione completa delle istruzioni \u00ab<a href=\"https:\/\/elfsight.com\/blog\/how-to-embed-form-on-squarespace-website\/\" target=\"_blank \" rel=\"noopener\">Come installare Form Builder su Squarespace<\/a>\u00bb ed esegui la configurazione da solo.<div class=\"faq\" data-component=\"FAQ\"> <div class=\"faq-item\">\r\n\t\t\t\t\t<div class=\"faq-item-question\">\r\n\t\t\t\t\t\t<h3 class=\"faq-item-question-text\">Esistono modelli di Form Builder personalizzati per il sito web di Squarespace?<\/h3>\r\n\r\n\t\t\t\t\t\t<div class=\"faq-item-question-icon\"><\/div>\r\n\t\t\t\t\t<\/div>\r\n\r\n\t\t\t\t\t<div class=\"faq-item-answer\">\r\n\t\t\t\t\t\t<div class=\"faq-item-answer-text\">S\u00ec . Elfsight ha preparato una vasta selezione di oltre 300 <a href=\"https:\/\/elfsight.com\/online-form-builder\/templates\/\">modelli di Form Builder<\/a> con elementi e funzionalit\u00e0 personalizzabili. Puoi trovare un modello di modulo per ogni occasione, ad esempio <a href=\"https:\/\/elfsight.com\/online-form-builder\/templates\/application-forms\/\">Moduli di domanda<\/a>, <a href=\"https:\/\/elfsight.com\/online-form-builder\/templates\/booking-forms\/\">Moduli di prenotazione<\/a>, <a href=\"https:\/\/elfsight.com\/online-form-builder\/templates\/order-forms\/\">Moduli d&#8217;ordine<\/a>, <a href=\"https:\/\/elfsight.com\/online-form-builder\/templates\/product-forms\/\">Moduli di prodotto<\/a>, <a href=\"https:\/\/elfsight.com\/online-form-builder\/templates\/questionnaires\/\">Questionari<\/a>, <a href=\"https:\/\/elfsight.com\/online-form-builder\/templates\/quizzes\/\" data-wplink-edit=\"true\">Quiz<\/a>, <a href=\"https:\/\/elfsight.com\/online-form-builder\/templates\/surveys\/\">Sondaggi<\/a>, <a href=\"https:\/\/elfsight.com\/online-form-builder\/templates\/file-upload-forms\/\">Moduli di caricamento file<\/a> e molti altri.<\/div>\r\n\t\t\t\t\t<\/div>\r\n\t\t\t\t<\/div> <\/div><\/div><\/p>\n\n\n<p><\/p>\n","protected":false},"excerpt":{"rendered":"","protected":false},"author":9,"featured_media":0,"parent":1346,"menu_order":0,"comment_status":"closed","ping_status":"closed","template":"templates\/template-application-platform.php","meta":{"publish_to_discourse":"","publish_post_category":"","wpdc_auto_publish_overridden":"","wpdc_topic_tags":"","wpdc_pin_topic":"","wpdc_pin_until":"","discourse_post_id":"","discourse_permalink":"","wpdc_publishing_response":"","wpdc_publishing_error":"","footnotes":""},"class_list":["post-4636","page","type-page","status-publish","hentry"],"yoast_head":"<!-- This site is optimized with the Yoast SEO plugin v25.3.1 - https:\/\/yoast.com\/wordpress\/plugins\/seo\/ -->\n<title>Crea e aggiungi moduli personalizzati su Squarespace gratuitamente!<\/title>\n<meta name=\"description\" content=\"Esamina gratuitamente il miglior widget di creazione di moduli online per Squarespace. Una configurazione semplice e veloce senza alcuna conoscenza nello sviluppo in pochi minuti.\" \/>\n<meta name=\"robots\" content=\"index, follow, max-snippet:-1, max-image-preview:large, max-video-preview:-1\" \/>\n<link rel=\"canonical\" href=\"https:\/\/elfsight.com\/it\/online-form-builder\/squarespace\/\" \/>\n<meta property=\"og:locale\" content=\"it_IT\" \/>\n<meta property=\"og:type\" content=\"article\" \/>\n<meta property=\"og:title\" content=\"Crea e aggiungi moduli personalizzati su Squarespace gratuitamente!\" \/>\n<meta property=\"og:description\" content=\"Esamina gratuitamente il miglior widget di creazione di moduli online per Squarespace. Una configurazione semplice e veloce senza alcuna conoscenza nello sviluppo in pochi minuti.\" \/>\n<meta property=\"og:url\" content=\"https:\/\/elfsight.com\/it\/online-form-builder\/squarespace\/\" \/>\n<meta property=\"og:site_name\" content=\"Elfsight IT\" \/>\n<meta property=\"article:modified_time\" content=\"2025-03-14T09:17:48+00:00\" \/>\n<meta name=\"twitter:card\" content=\"summary_large_image\" \/>\n<meta name=\"twitter:label1\" content=\"Tempo di lettura stimato\" \/>\n\t<meta name=\"twitter:data1\" content=\"4 minuti\" \/>\n<!-- \/ Yoast SEO plugin. -->","yoast_head_json":{"title":"Crea e aggiungi moduli personalizzati su Squarespace gratuitamente!","description":"Esamina gratuitamente il miglior widget di creazione di moduli online per Squarespace. Una configurazione semplice e veloce senza alcuna conoscenza nello sviluppo in pochi minuti.","robots":{"index":"index","follow":"follow","max-snippet":"max-snippet:-1","max-image-preview":"max-image-preview:large","max-video-preview":"max-video-preview:-1"},"canonical":"https:\/\/elfsight.com\/it\/online-form-builder\/squarespace\/","og_locale":"it_IT","og_type":"article","og_title":"Crea e aggiungi moduli personalizzati su Squarespace gratuitamente!","og_description":"Esamina gratuitamente il miglior widget di creazione di moduli online per Squarespace. Una configurazione semplice e veloce senza alcuna conoscenza nello sviluppo in pochi minuti.","og_url":"https:\/\/elfsight.com\/it\/online-form-builder\/squarespace\/","og_site_name":"Elfsight IT","article_modified_time":"2025-03-14T09:17:48+00:00","twitter_card":"summary_large_image","twitter_misc":{"Tempo di lettura stimato":"4 minuti"},"schema":{"@context":"https:\/\/schema.org","@graph":[{"@type":"WebPage","@id":"https:\/\/elfsight.com\/it\/online-form-builder\/squarespace\/","url":"https:\/\/elfsight.com\/it\/online-form-builder\/squarespace\/","name":"Crea e aggiungi moduli personalizzati su Squarespace gratuitamente!","isPartOf":{"@id":"https:\/\/elfsight.com\/it\/#website"},"datePublished":"2024-05-03T06:37:52+00:00","dateModified":"2025-03-14T09:17:48+00:00","description":"Esamina gratuitamente il miglior widget di creazione di moduli online per Squarespace. Una configurazione semplice e veloce senza alcuna conoscenza nello sviluppo in pochi minuti.","breadcrumb":{"@id":"https:\/\/elfsight.com\/it\/online-form-builder\/squarespace\/#breadcrumb"},"inLanguage":"it-IT","potentialAction":[{"@type":"ReadAction","target":["https:\/\/elfsight.com\/it\/online-form-builder\/squarespace\/"]}]},{"@type":"BreadcrumbList","@id":"https:\/\/elfsight.com\/it\/online-form-builder\/squarespace\/#breadcrumb","itemListElement":[{"@type":"ListItem","position":1,"name":"Home","item":"https:\/\/elfsight.com\/it\/"},{"@type":"ListItem","position":2,"name":"Form Builder","item":"https:\/\/elfsight.com\/it\/online-form-builder\/"},{"@type":"ListItem","position":3,"name":"Form Builder &#8211; Squarespace"}]},{"@type":"WebSite","@id":"https:\/\/elfsight.com\/it\/#website","url":"https:\/\/elfsight.com\/it\/","name":"Elfsight IT","description":"Just another Elfsight Sites site","potentialAction":[{"@type":"SearchAction","target":{"@type":"EntryPoint","urlTemplate":"https:\/\/elfsight.com\/it\/?s={search_term_string}"},"query-input":{"@type":"PropertyValueSpecification","valueRequired":true,"valueName":"search_term_string"}}],"inLanguage":"it-IT"}]}},"meta_box":{"industry":"","seo_heading":"","heading":"","description":"","cta_heading":"","cta_description":"","application":"1345","h1":"Generatore di moduli online per Squarespace","h1_caption":"Crea moduli personalizzabili per qualsiasi scopo (feedback, sondaggi, moduli di contatto) senza codifica, semplificando la raccolta di informazioni dai tuoi utenti nel tuo sito web Squarespace senza sforzo.","application_category":[],"applications_title":"","applications_request_title":"","applications_request_button_text":"","hero_text":"","hero_video":"","hero_video_schema_markup":"","selling_points_title":"","selling_points_caption":"","selling_points":[],"selling_points_cta_text":"","features_title":"","features":"","ed_cta_examples_text":"","ed_cta_examples_hidden":"","ed_cta_demo_text":"","ed_cta_demo_hidden":"","why_caption":"","why_editor_title":"","why_editor_text":"","why_team_title":"","why_team_text":"","why_service_title":"","why_service_text":"","template_catalog_visible":"0","template_catalog_title":"","template_catalog_text":"","template_catalog_categories_visible":"","demo_title":"Crea il tuo plugin per la creazione di moduli","demo_caption":"Configura il tuo generatore di moduli e aggiungilo gratuitamente al tuo sito web Squarespace!","default_faq_hidden":"","app_template_category":[],"platform":"43","template_public_id":"","codecanyon_url":"","codecanyon_item_id":"","codecanyon_price":"","pricing_caption":"","pricing_elfsight_apps_hide_column":"","pricing_elfsight_apps_url":"","pricing_codecanyon_price_caption":"","integration_category":[],"integration_request_title":"","integration_request_cta":"","integration_platform":"","integrations":[],"platform_category":[],"video_schema_markup":"","price":"da $ 0 al mese","trial":"","benefits":[{"text":"Garanzia di rimborso di 14 giorni"},{"text":"Assistenza gratuita per l'installazione"},{"text":"Assistenza clienti con esperienza"},{"text":"Aggiornamento costante"}],"button_url":"#demo","button_target_blank":"0","button_nofollow":"0","attributes":[{"name":"Installazioni"},{"name":"Reattivo","content":"S\u00cc"},{"name":"Browser compatibili","content":"Firefox, Safari, Opera, Chrome, Edge"}],"tags":[],"tags_disable_links":"0","hide_more_platforms":"0","video_object":"","demo_hide_cta":"0","demo_hide_cloud_options":"0","pricing_title":"","pricing":[{"pricing_icon":"platform","pricing_title":"Elfsight Apps","pricing_title_caption":"Software multipiattaforma adatto a qualsiasi sito","pricing_price":"da $ 0 \/ mese","pricing_price_caption":"inizia con un piano gratuito","pricing_benefits":[{"text":"Siti web illimitati"},{"text":"Supporto aziendale professionale e ben documentato"},{"text":"Aiuto gratuito per l'installazione"},{"text":"Progettazione flessibile"}],"pricing_button_text":"Aggiungi al sito web","pricing_button_url":"#demo"}],"related_apps_title":"","related_apps_hidden":"0","author":"","image":[],"title":"","job":"","social_networks":[]},"_links":{"self":[{"href":"https:\/\/elfsight.com\/it\/wp-json\/wp\/v2\/pages\/4636","targetHints":{"allow":["GET"]}}],"collection":[{"href":"https:\/\/elfsight.com\/it\/wp-json\/wp\/v2\/pages"}],"about":[{"href":"https:\/\/elfsight.com\/it\/wp-json\/wp\/v2\/types\/page"}],"author":[{"embeddable":true,"href":"https:\/\/elfsight.com\/it\/wp-json\/wp\/v2\/users\/9"}],"replies":[{"embeddable":true,"href":"https:\/\/elfsight.com\/it\/wp-json\/wp\/v2\/comments?post=4636"}],"version-history":[{"count":5,"href":"https:\/\/elfsight.com\/it\/wp-json\/wp\/v2\/pages\/4636\/revisions"}],"predecessor-version":[{"id":8716,"href":"https:\/\/elfsight.com\/it\/wp-json\/wp\/v2\/pages\/4636\/revisions\/8716"}],"up":[{"embeddable":true,"href":"https:\/\/elfsight.com\/it\/wp-json\/wp\/v2\/pages\/1346"}],"wp:attachment":[{"href":"https:\/\/elfsight.com\/it\/wp-json\/wp\/v2\/media?parent=4636"}],"curies":[{"name":"wp","href":"https:\/\/api.w.org\/{rel}","templated":true}]}}