{"id":4635,"date":"2024-05-03T06:37:51","date_gmt":"2024-05-03T06:37:51","guid":{"rendered":"https:\/\/elfsight.com\/it\/?page_id=4635"},"modified":"2026-02-03T14:43:11","modified_gmt":"2026-02-03T14:43:11","slug":"webflow","status":"publish","type":"page","link":"https:\/\/elfsight.com\/it\/online-form-builder\/webflow\/","title":{"rendered":"Form Builder &#8211; Webflow"},"content":{"rendered":"\n<div class=\"application-platform-content-item-description application-platform-content-item\" id=\"description\" data-nav-section=\"description\">\n<h2>Creatore di moduli personalizzati per Webflow<\/h2>\n<p>Con il nostro generatore di moduli, puoi creare facilmente moduli personalizzati per raccogliere informazioni preziose dai visitatori del tuo sito web. Il nostro strumento fornisce vari modelli di moduli e integrazioni con diversi servizi Web, incluso Webflow, per aiutarti a progettare e pubblicare moduli efficaci. Che tu voglia un semplice modulo di contatto o un sondaggio complesso, il nostro generatore di moduli pu\u00f2 aiutarti a raggiungere i tuoi obiettivi. Personalizza la struttura del modulo, scegli gli elementi richiesti e integra perfettamente il modulo con il tuo sito Web Webflow. Con la nostra integrazione dei moduli Webflow, puoi raccogliere dati dai tuoi clienti e potenziali clienti attraverso sondaggi pratici, moduli di feedback, richieste di valutazione e altro ancora. Inoltre, puoi creare un design di modulo unico utilizzando il nostro generatore di moduli personalizzato, semplificando la raccolta di informazioni specifiche dai visitatori del tuo sito web. Grazie al nostro framework reattivo e alle opzioni di progettazione flessibili, puoi creare un modulo che sia allo stesso tempo facile da usare ed efficace.<\/p>\n<p><b>Ricevi il feedback dei clienti, accetta ordini e richieste dagli utenti del tuo sito web!<\/b><\/p>\n<ul>\n  <li><b>Crea moduli attraenti per raccogliere pi\u00f9 feedback<\/b>.<br>Applica tutte le opzioni del nostro widget per costruire pratici moduli di compilazione. Controlla i componenti e scegli il modello per rendere i tuoi moduli ben progettati e semplici. Prova le opzioni di stile per creare un aspetto accattivante che aiuter\u00e0 a raccogliere pi\u00f9 feedback.<\/li>\n  <li><b>Aumenta il numero di lead con moduli gestibili<\/b>.<br>Non lasciare che la clientela abbandoni il processo di compilazione incompiuto. Crea moduli con passaggi pratici e una struttura semplice, che manterranno coinvolta la clientela fino alla fine e aumenteranno il numero di lead.<\/li>\n  <li><b>Risparmia tempo e denaro con uno strumento multiuso<\/b>.<br>Non \u00e8 necessario acquistare molti strumenti diversi per coprire tutte le tue esigenze nella creazione di moduli di feedback per il tuo sito. Il nostro generatore di moduli ti aiuter\u00e0 a costruire un modulo efficace per raccogliere dati di ogni tipo, grazie ai suoi vari elementi e alla struttura flessibile.<\/li>\n<\/ul>\n<\/div>\n\n<div class=\"application-platform-content-item-features application-platform-content-item\" id=\"features\" data-nav-section=\"features\">\n<h2>Caratteristiche del plugin Form Builder<\/h2>\n<p>Quali sono i motivi per cui il nostro Online Form Builder \u00e8 il miglior plugin per Webflow per raccogliere recensioni e reazioni dei tuoi clienti?<\/p>\n<ul>\n  <li>I moduli passo-passo hanno una barra di avanzamento con il numero totale di passaggi e il nome del passaggio corrente;<\/li>\n  <li>Utilizzare i segnaposto dei campi per fornire un esempio del corretto riempimento e del tipo di dati necessari;<\/li>\n  <li>Testi modificabili del messaggio di ringraziamento e del pulsante per la compilazione ripetuta del modulo;<\/li>\n  <li>Imposta l&#8217;URL a cui un utente verr\u00e0 reindirizzato dopo la compilazione del modulo;<\/li>\n  <li>5 stili predefiniti per i campi del modulo.<\/li>\n<\/ul>\n<p><a href=\"#demo\">Controlla tutte le caratteristiche nella demo!<\/a><\/p>\n<\/div>\n\n<div class=\"application-platform-content-item-installation application-platform-content-item\" id=\"installation\" data-nav-section=\"installation\">\n<h2>Come aggiungere Form Builder al sito Web Webflow<\/h2>\n<div class=\"video-container\">\n    <iframe allowfullscreen=\"\" frameborder=\"0\" height=\"405\" src=\"https:\/\/www.youtube.com\/embed\/qLzA06AH7vc?si=so_LjC9DeUkl4Uoj\" width=\"720\"><\/iframe>\n<\/div>\n<p>Segui il nostro manuale per inserire il widget sul tuo sito. L&#8217;implementazione durer\u00e0 non pi\u00f9 di 70 secondi e non \u00e8 necessaria alcuna conoscenza di programmazione.<\/p>\n<ol>\n  <li><b>Progetta il tuo Form Builder personalizzato<\/b>.<br>Utilizzando il nostro editor gratuito, crea un plugin con l&#8217;aspetto e le capacit\u00e0 necessarie.<\/li>\n  <li><b>Copia il codice per l&#8217;integrazione del plugin<\/b>.<br>Dopo la creazione del widget, copia il codice per il plugin Form Builder dalla notifica popup sulle app Elfsight.<\/li>\n  <li><b>Mostra il plugin sul sito web Webflow<\/b>.<br>Inserisci il plugin nella posizione necessaria della pagina e salva le modifiche.<\/li>\n  <li><b>Hai finito!<\/b>.<br>Visita il tuo sito per controllare il modulo.<\/li>\n<\/ol>\n<p>Hai riscontrato problemi durante l&#8217;implementazione o la creazione del widget? Consulta l&#8217;articolo approfondito \u00ab<a href=\"https:\/\/elfsight.com\/tutorials\/how-to-add-form-builder-widget-to-webflow\/\">Come aggiungere moduli su un sito Web Webflow<\/a>\u00bb o contatta il nostro centro di supporto per ricevere aiuto.<\/p>\n\n<div class=\"faq\" data-component=\"FAQ\">\n<div class=\"faq-item\">\r\n\t\t\t\t\t<div class=\"faq-item-question\">\r\n\t\t\t\t\t\t<h3 class=\"faq-item-question-text\">Come aggiungere Form Builder al mio sito Web Webflow senza competenze di codifica?<\/h3>\r\n\r\n\t\t\t\t\t\t<div class=\"faq-item-question-icon\"><\/div>\r\n\t\t\t\t\t<\/div>\r\n\r\n\t\t\t\t\t<div class=\"faq-item-answer\">\r\n\t\t\t\t\t\t<div class=\"faq-item-answer-text\">\n<p>Elfsight fornisce una soluzione SaaS che ti consente di creare tu stesso un widget Form Builder. Lavora direttamente nell&#8217;editor online per creare un widget Form Builder da incorporare nel tuo sito Web Webflow. Scegli uno dei modelli predefiniti, regola le impostazioni di Form Builder, aggiungi i tuoi contenuti, modifica il layout e la combinazione di colori senza competenze di codifica. Salva il Form Builder e copia il suo codice di installazione, che potrai includere nel tuo sito Webflow. Con il nostro editor intuitivo, qualsiasi utente pu\u00f2 creare widget Form Builder online e incorporarlo facilmente nel proprio sito Webflow.<\/p>\n<\/div>\r\n\t\t\t\t\t<\/div>\r\n\t\t\t\t<\/div>\n\n<div class=\"faq-item\">\r\n\t\t\t\t\t<div class=\"faq-item-question\">\r\n\t\t\t\t\t\t<h3 class=\"faq-item-question-text\">Disponi di modelli di Form Builder predefiniti per il sito Web Webflow?<\/h3>\r\n\r\n\t\t\t\t\t\t<div class=\"faq-item-question-icon\"><\/div>\r\n\t\t\t\t\t<\/div>\r\n\r\n\t\t\t\t\t<div class=\"faq-item-answer\">\r\n\t\t\t\t\t\t<div class=\"faq-item-answer-text\">\n<p>S\u00ec, il nostro team ha creato un&#8217;ampia raccolta di oltre 300 modelli, come <a href=\"https:\/\/elfsight.com\/online-form-builder\/templates\/application-forms\/\">Moduli di domanda<\/a>, <a href=\"https:\/\/elfsight.com\/online-form-builder\/templates\/booking-forms\/\">Moduli di prenotazione<\/a>, <a href=\"https:\/\/elfsight.com\/online-form-builder\/templates\/order-forms\/\">Moduli d&#8217;ordine<\/a>, <a href=\"https:\/\/elfsight.com\/online-form-builder\/templates\/product-forms\/\">Moduli di prodotto<\/a>, <a href=\"https:\/\/elfsight.com\/online-form-builder\/templates\/questionnaires\/\">Questionari<\/a>, <a href=\"https:\/\/elfsight.com\/online-form-builder\/templates\/quizzes\/\">Quiz<\/a>, <a href=\"https:\/\/elfsight.com\/online-form-builder\/templates\/surveys\/\">Sondaggi<\/a>, <a href=\"https:\/\/elfsight.com\/online-form-builder\/templates\/file-upload-forms\/\">Moduli di caricamento file<\/a> e molti altri. Troverai sicuramente la soluzione giusta tra i nostri <a href=\"https:\/\/elfsight.com\/online-form-builder\/templates\/\">modelli di Form Builder<\/a>.<\/p>\n<\/div>\r\n\t\t\t\t\t<\/div>\r\n\t\t\t\t<\/div>\n<\/div>\n<\/div>\n\n","protected":false},"excerpt":{"rendered":"","protected":false},"author":9,"featured_media":0,"parent":1346,"menu_order":0,"comment_status":"closed","ping_status":"closed","template":"templates\/template-application-platform.php","meta":{"publish_to_discourse":"","publish_post_category":"","wpdc_auto_publish_overridden":"","wpdc_topic_tags":"","wpdc_pin_topic":"","wpdc_pin_until":"","discourse_post_id":"","discourse_permalink":"","wpdc_publishing_response":"","wpdc_publishing_error":"","footnotes":""},"class_list":["post-4635","page","type-page","status-publish","hentry"],"yoast_head":"<!-- This site is optimized with the Yoast SEO plugin v25.3.1 - https:\/\/yoast.com\/wordpress\/plugins\/seo\/ -->\n<title>Crea e aggiungi gratuitamente un modulo personalizzato su Webflow!<\/title>\n<meta name=\"description\" content=\"Visualizza il generatore di moduli online sul tuo sito web Webflow solo in pochi minuti. Creazione rapida e semplice di vari widget di moduli Web tramite Elfsight.\" \/>\n<meta name=\"robots\" content=\"index, follow, max-snippet:-1, max-image-preview:large, max-video-preview:-1\" \/>\n<link rel=\"canonical\" href=\"https:\/\/elfsight.com\/it\/online-form-builder\/webflow\/\" \/>\n<meta property=\"og:locale\" content=\"it_IT\" \/>\n<meta property=\"og:type\" content=\"article\" \/>\n<meta property=\"og:title\" content=\"Crea e aggiungi gratuitamente un modulo personalizzato su Webflow!\" \/>\n<meta property=\"og:description\" content=\"Visualizza il generatore di moduli online sul tuo sito web Webflow solo in pochi minuti. Creazione rapida e semplice di vari widget di moduli Web tramite Elfsight.\" \/>\n<meta property=\"og:url\" content=\"https:\/\/elfsight.com\/it\/online-form-builder\/webflow\/\" \/>\n<meta property=\"og:site_name\" content=\"Elfsight IT\" \/>\n<meta property=\"article:modified_time\" content=\"2026-02-03T14:43:11+00:00\" \/>\n<meta name=\"twitter:card\" content=\"summary_large_image\" \/>\n<meta name=\"twitter:label1\" content=\"Tempo di lettura stimato\" \/>\n\t<meta name=\"twitter:data1\" content=\"5 minuti\" \/>\n<!-- \/ Yoast SEO plugin. -->","yoast_head_json":{"title":"Crea e aggiungi gratuitamente un modulo personalizzato su Webflow!","description":"Visualizza il generatore di moduli online sul tuo sito web Webflow solo in pochi minuti. Creazione rapida e semplice di vari widget di moduli Web tramite Elfsight.","robots":{"index":"index","follow":"follow","max-snippet":"max-snippet:-1","max-image-preview":"max-image-preview:large","max-video-preview":"max-video-preview:-1"},"canonical":"https:\/\/elfsight.com\/it\/online-form-builder\/webflow\/","og_locale":"it_IT","og_type":"article","og_title":"Crea e aggiungi gratuitamente un modulo personalizzato su Webflow!","og_description":"Visualizza il generatore di moduli online sul tuo sito web Webflow solo in pochi minuti. Creazione rapida e semplice di vari widget di moduli Web tramite Elfsight.","og_url":"https:\/\/elfsight.com\/it\/online-form-builder\/webflow\/","og_site_name":"Elfsight IT","article_modified_time":"2026-02-03T14:43:11+00:00","twitter_card":"summary_large_image","twitter_misc":{"Tempo di lettura stimato":"5 minuti"},"schema":{"@context":"https:\/\/schema.org","@graph":[{"@type":"WebPage","@id":"https:\/\/elfsight.com\/it\/online-form-builder\/webflow\/","url":"https:\/\/elfsight.com\/it\/online-form-builder\/webflow\/","name":"Crea e aggiungi gratuitamente un modulo personalizzato su Webflow!","isPartOf":{"@id":"https:\/\/elfsight.com\/it\/#website"},"datePublished":"2024-05-03T06:37:51+00:00","dateModified":"2026-02-03T14:43:11+00:00","description":"Visualizza il generatore di moduli online sul tuo sito web Webflow solo in pochi minuti. Creazione rapida e semplice di vari widget di moduli Web tramite Elfsight.","breadcrumb":{"@id":"https:\/\/elfsight.com\/it\/online-form-builder\/webflow\/#breadcrumb"},"inLanguage":"it-IT","potentialAction":[{"@type":"ReadAction","target":["https:\/\/elfsight.com\/it\/online-form-builder\/webflow\/"]}]},{"@type":"BreadcrumbList","@id":"https:\/\/elfsight.com\/it\/online-form-builder\/webflow\/#breadcrumb","itemListElement":[{"@type":"ListItem","position":1,"name":"Home","item":"https:\/\/elfsight.com\/it\/"},{"@type":"ListItem","position":2,"name":"Form Builder","item":"https:\/\/elfsight.com\/it\/online-form-builder\/"},{"@type":"ListItem","position":3,"name":"Form Builder &#8211; Webflow"}]},{"@type":"WebSite","@id":"https:\/\/elfsight.com\/it\/#website","url":"https:\/\/elfsight.com\/it\/","name":"Elfsight IT","description":"Just another Elfsight Sites site","potentialAction":[{"@type":"SearchAction","target":{"@type":"EntryPoint","urlTemplate":"https:\/\/elfsight.com\/it\/?s={search_term_string}"},"query-input":{"@type":"PropertyValueSpecification","valueRequired":true,"valueName":"search_term_string"}}],"inLanguage":"it-IT"}]}},"meta_box":{"industry":"","seo_heading":"","heading":"","description":"","cta_heading":"","cta_description":"","application":"1345","h1":"Generatore di moduli online per Webflow","h1_caption":"Crea moduli personalizzabili per qualsiasi scopo (feedback, sondaggi, moduli di contatto) senza codifica, semplificando la raccolta di informazioni dai tuoi utenti nel tuo sito Web Webflow senza sforzo.","application_category":[],"applications_title":"","applications_request_title":"","applications_request_button_text":"","hero_text":"","hero_video":"","hero_video_schema_markup":"","selling_points_title":"","selling_points_caption":"","selling_points":[],"selling_points_cta_text":"","features_title":"","features":"","ed_cta_examples_text":"","ed_cta_examples_hidden":"","ed_cta_demo_text":"","ed_cta_demo_hidden":"","why_caption":"","why_editor_title":"","why_editor_text":"","why_team_title":"","why_team_text":"","why_service_title":"","why_service_text":"","template_catalog_visible":"0","template_catalog_title":"","template_catalog_text":"","template_catalog_categories_visible":"","demo_title":"Crea il tuo widget Generatore di moduli","demo_caption":"Configura il tuo Form Builder e aggiungilo gratuitamente al tuo sito Webflow!","default_faq_hidden":"","app_template_category":[],"platform":"44","template_public_id":"","codecanyon_url":"","codecanyon_item_id":"","codecanyon_price":"","pricing_caption":"","pricing_elfsight_apps_hide_column":"","pricing_elfsight_apps_url":"","pricing_codecanyon_price_caption":"","integration_category":[],"integration_request_title":"","integration_request_cta":"","integration_platform":"","integrations":[],"platform_category":[],"video_schema_markup":"","price":"da $ 0 al mese","trial":"","benefits":[{"text":"Aiuto per l'installazione gratuito"},{"text":"Aggiornamenti gratuiti continui"},{"text":"Garanzia di rimborso di 14 giorni"},{"text":"Servizio clienti professionale"}],"button_url":"#demo","button_target_blank":"0","button_nofollow":"0","attributes":[{"name":"Installazioni"},{"name":"Reattivo","content":"S\u00cc"},{"name":"Browser compatibili","content":"Firefox, Safari, Opera, Chrome, Edge"}],"tags":[],"tags_disable_links":"0","hide_more_platforms":"0","video_object":"","demo_hide_cta":"0","demo_hide_cloud_options":"0","pricing_title":"","pricing":[{"pricing_icon":"platform","pricing_title":"Elfsight Apps","pricing_title_caption":"Soluzione digitale indipendente dalla piattaforma","pricing_price":"da $ 0 \/ mese","pricing_price_caption":"inizia con il piano gratuito","pricing_benefits":[{"text":"Numero illimitato di siti web"},{"text":"Assistenza clienti gratuita"},{"text":"Aiuto gratuito per l'installazione"},{"text":"Offerta speciale per pi\u00f9 app"}],"pricing_button_text":"Aggiungi al sito web","pricing_button_url":"#demo"}],"related_apps_title":"","related_apps_hidden":"0","author":"","image":[],"title":"","job":"","social_networks":[]},"_links":{"self":[{"href":"https:\/\/elfsight.com\/it\/wp-json\/wp\/v2\/pages\/4635","targetHints":{"allow":["GET"]}}],"collection":[{"href":"https:\/\/elfsight.com\/it\/wp-json\/wp\/v2\/pages"}],"about":[{"href":"https:\/\/elfsight.com\/it\/wp-json\/wp\/v2\/types\/page"}],"author":[{"embeddable":true,"href":"https:\/\/elfsight.com\/it\/wp-json\/wp\/v2\/users\/9"}],"replies":[{"embeddable":true,"href":"https:\/\/elfsight.com\/it\/wp-json\/wp\/v2\/comments?post=4635"}],"version-history":[{"count":4,"href":"https:\/\/elfsight.com\/it\/wp-json\/wp\/v2\/pages\/4635\/revisions"}],"predecessor-version":[{"id":10613,"href":"https:\/\/elfsight.com\/it\/wp-json\/wp\/v2\/pages\/4635\/revisions\/10613"}],"up":[{"embeddable":true,"href":"https:\/\/elfsight.com\/it\/wp-json\/wp\/v2\/pages\/1346"}],"wp:attachment":[{"href":"https:\/\/elfsight.com\/it\/wp-json\/wp\/v2\/media?parent=4635"}],"curies":[{"name":"wp","href":"https:\/\/api.w.org\/{rel}","templated":true}]}}