{"id":4628,"date":"2024-05-03T06:37:48","date_gmt":"2024-05-03T06:37:48","guid":{"rendered":"https:\/\/elfsight.com\/it\/?page_id=4628"},"modified":"2026-01-14T14:36:02","modified_gmt":"2026-01-14T14:36:02","slug":"wordpress","status":"publish","type":"page","link":"https:\/\/elfsight.com\/it\/online-form-builder\/wordpress\/","title":{"rendered":"Form Builder &#8211; WordPress"},"content":{"rendered":"\n<div class=\"application-platform-content-item-description application-platform-content-item\" id=\"description\" data-nav-section=\"description\"><h2>Incorpora Form Builder su WordPress con il widget Elfsight<\/h2><p>Il miglior Form Builder di Elfsight \u00e8 un plugin universale per creare vari tipi di moduli da compilare e incorporarli nella tua risorsa web. Ottieni informazioni dai tuoi utenti attuali e potenziali tramite sondaggi facilmente compilabili, moduli di feedback, richieste di valutazione e tutte le altre categorie. Controlla la composizione del modulo, scegli gli elementi per costruire moduli personalizzati che aiutano a ricevere approfondimenti dalla clientela e aggiungi facilmente un modulo al tuo sito Web WordPress. Qualunque sia il tipo di dati che stai cercando: pensieri, valutazioni, ordini e acquisti, il plug-in WordPress Form ti consentir\u00e0 di creare un modulo di compilazione pertinente. Grazie alla configurazione flessibile e ai molteplici componenti disponibili, il tuo modulo sar\u00e0 utile per i tuoi clienti e coinvolgente per te.<\/p><p><b>Raccogli le idee dei clienti, elabora le prenotazioni e le domande della clientela del tuo sito web!<\/b> <\/p><ul><li><b>Crea moduli attraenti per raccogliere pi\u00f9 feedback<\/b>.<br>Hai a disposizione un&#8217;ampia raccolta di segmenti che consentono di creare moduli divertenti e pratici. Le varie opzioni di stile del plugin di Elfsight consentiranno di renderlo brillante e attirare pi\u00f9 utenti da compilare.<\/li><li><b>Aumenta il numero di lead con moduli gestibili<\/b>.<br>Non farlo lasciare che la clientela lasci la procedura di compilazione incompleta con la perdita di preziose informazioni. Costruisci moduli con passaggi gestibili e composizione semplice, che manterranno coinvolti i clienti fino alla fase finale e aumenteranno il numero di lead.<\/li><li><b>Risparmia tempo e denaro con uno strumento multiuso<\/b>. <br>Questo plugin completo consente di costruire forme di diverse varianti con vari set di elementi e modelli unici. Questo ti aiuter\u00e0 a modellare i moduli per ricevere dati di vario tipo senza spendere tempo e denaro aggiuntivi.<\/li><\/ul><\/div><div class=\"application-platform-content-item-features application-platform-content-item\" id=\"features\" data-nav-section=\"features\"><h2>Caratteristiche del plugin per la creazione di moduli<\/h2><p>Perch\u00e9 il nostro generatore di moduli rimane uno dei migliori plugin WodPress per la raccolta dei dati dei clienti?<\/p><ul><li>18 tipi di campi per soddisfare quasi tutte le attivit\u00e0 di raccolta dati;<\/li><li> Testo modificabile del pulsante di invio;<\/li><li>Testi modificabili del messaggio di ringraziamento e del pulsante per la compilazione ripetuta del modulo;<\/li><li>10 icone incorporate per il pulsante mobile;<\/li><li>A smart colorizer trover\u00e0 il colore di contrasto massimo per il testo e gli elementi dell&#8217;interfaccia a seconda del colore principale che hai scelto.<\/li><\/ul><p><a href=\"#demo\">Leggi l&#8217;elenco completo delle funzionalit\u00e0 in l&#8217;editor<\/a><\/p><\/div><div class=\"application-platform-content-item-installation application-platform-content-item\" id=\"installation\" data-nav-section=\"installation\"><h2>Come aggiungere il plug-in Form Builder al sito Web WordPress<\/h2><div class=\"video-container\">\n<iframe width=\"720\" height=\"405\" src=\"https:\/\/www.youtube.com\/embed\/ggI2EgqkDDY?si=FFrACu0H_CsCXgOq\" frameborder=\"0\" allowfullscreen=\"\"><\/iframe>\n<\/div><p>Semplicemente soddisfa segui le linee guida riportate di seguito per incorporare lo strumento su WordPress.<\/p><ol><li><b>Utilizza il nostro editor gratuito e inizia a creare il tuo widget personalizzato. <\/b><br>Trova l&#8217;interfaccia e le funzionalit\u00e0 desiderabili dello strumento e salva le modifiche.<\/li><li><b>Ricevi il tuo codice univoco che viene mostrato nella finestra sulle app Elfsight. <\/b><br>Subito dopo aver terminato la configurazione del tuo Form Builder personale, copia il codice individuale nella finestra visualizzata e conservalo per necessit\u00e0 future.<\/li><li><b>Inizia a utilizzare il widget su il tuo sito WordPress. <\/b><br>Integra il codice salvato in precedenza nel tuo sito web e salva le modifiche.<\/li><li><b>Il gioco \u00e8 fatto! L&#8217;integrazione \u00e8 completamente eseguita. <\/b><br>Vai al tuo sito per verificare il funzionamento del plugin.<\/li><\/ol><p>Scontri difficolt\u00e0 o hai domande sull&#8217;installazione o sulle impostazioni del plugin personale? Consulta il manuale completo \u00ab<a href=\"https:\/\/elfsight.com\/blog\/how-to-create-form-for-wordpress\/\" target=\"_blank\" rel=\"noopener\">Come aggiungere un plug-in del modulo su Sito web WordPress<\/a>\u00bb o lascia il tuo messaggio al Centro assistenza e il nostro team sar\u00e0 lieto di aiutarti.<\/p><\/div><div class=\"faq\" data-component=\"FAQ\"><div class=\"faq-item\">\r\n\t\t\t\t\t<div class=\"faq-item-question\">\r\n\t\t\t\t\t\t<h3 class=\"faq-item-question-text\"> Come posso proteggere i dati dei moduli WordPress sulle mie pagine?<\/h3>\r\n\r\n\t\t\t\t\t\t<div class=\"faq-item-question-icon\"><\/div>\r\n\t\t\t\t\t<\/div>\r\n\r\n\t\t\t\t\t<div class=\"faq-item-answer\">\r\n\t\t\t\t\t\t<div class=\"faq-item-answer-text\"><p>Il nostro generatore di moduli \u00e8 integrato con il pi\u00f9 avvincente servizio di sicurezza reCAPTCHA. \u00c8 stato integrato per proteggere i moduli e la casella di posta dallo spam e fornire un lavoro senza intoppi e solo dati preziosi. <\/p><\/div>\r\n\t\t\t\t\t<\/div>\r\n\t\t\t\t<\/div><div class=\"faq-item\">\r\n\t\t\t\t\t<div class=\"faq-item-question\">\r\n\t\t\t\t\t\t<h3 class=\"faq-item-question-text\">Esistono modelli che supportano moduli logici condizionali\/campi multipli\/moduli e-mail?<\/h3>\r\n\r\n\t\t\t\t\t\t<div class=\"faq-item-question-icon\"><\/div>\r\n\t\t\t\t\t<\/div>\r\n\r\n\t\t\t\t\t<div class=\"faq-item-answer\">\r\n\t\t\t\t\t\t<div class=\"faq-item-answer-text\"><p>Certo! Tutto quello che devi fare \u00e8 accedere a Elfsight Apps e scegliere qualsiasi modello adatto, quindi iniziare a creare il tuo widget personalizzato. <\/p><\/div>\r\n\t\t\t\t\t<\/div>\r\n\t\t\t\t<\/div><div class=\"faq-item\">\r\n\t\t\t\t\t<div class=\"faq-item-question\">\r\n\t\t\t\t\t\t<h3 class=\"faq-item-question-text\">Come posso creare un modulo di contatto\/feedback per il sito WordPress?<\/h3>\r\n\r\n\t\t\t\t\t\t<div class=\"faq-item-question-icon\"><\/div>\r\n\t\t\t\t\t<\/div>\r\n\r\n\t\t\t\t\t<div class=\"faq-item-answer\">\r\n\t\t\t\t\t\t<div class=\"faq-item-answer-text\"><p>Per creare il tuo modulo di contatto o feedback, devi accedere a il servizio Elfsight Apps e apportare tutte le modifiche necessarie allo strumento. Al termine, salva le modifiche e procedi al sito Web. Semplice come quella. <\/p><\/div>\r\n\t\t\t\t\t<\/div>\r\n\t\t\t\t<\/div><div class=\"faq-item\">\r\n\t\t\t\t\t<div class=\"faq-item-question\">\r\n\t\t\t\t\t\t<h3 class=\"faq-item-question-text\">Disponi di modelli di creazione moduli predefiniti per il sito Web WordPress?<\/h3>\r\n\r\n\t\t\t\t\t\t<div class=\"faq-item-question-icon\"><\/div>\r\n\t\t\t\t\t<\/div>\r\n\r\n\t\t\t\t\t<div class=\"faq-item-answer\">\r\n\t\t\t\t\t\t<div class=\"faq-item-answer-text\"><p>S\u00ec. Il nostro team ha lavorato duramente per creare un&#8217;enorme raccolta di oltre 300 modelli, come <a href=\"https:\/\/elfsight.com\/online-form-builder\/templates\/application-forms\/\">Moduli di domanda<\/a>, <a href=\"https:\/\/elfsight.com\/online-form-builder\/templates\/booking-forms\/\">Moduli di prenotazione<\/a>, <a href=\"https:\/\/elfsight.com\/online-form-builder\/templates\/order-forms\/\">Moduli d&#8217;ordine<\/a>, <a href=\"https:\/\/elfsight.com\/online-form-builder\/templates\/product-forms\/\">Moduli di prodotto<\/a>, <a href=\"https:\/\/elfsight.com\/online-form-builder\/templates\/questionnaires\/\">Questionari<\/a>, <a href=\"https:\/\/elfsight.com\/online-form-builder\/templates\/quizzes\/\">Quiz<\/a>, <a href=\"https:\/\/elfsight.com\/online-form-builder\/templates\/surveys\/\">Sondaggi<\/a>, <a href=\"https:\/\/elfsight.com\/online-form-builder\/templates\/file-upload-forms\/\">Moduli di caricamento file<\/a> e molti altri. Quindi non sar\u00e0 cos\u00ec difficile trovare la soluzione giusta con i <a href=\"https:\/\/elfsight.com\/online-form-builder\/templates\/\">modelli di Form Builder<\/a>.<\/p> <\/div>\r\n\t\t\t\t\t<\/div>\r\n\t\t\t\t<\/div><\/div>\n","protected":false},"excerpt":{"rendered":"","protected":false},"author":9,"featured_media":0,"parent":1346,"menu_order":0,"comment_status":"closed","ping_status":"closed","template":"templates\/template-application-platform.php","meta":{"publish_to_discourse":"","publish_post_category":"","wpdc_auto_publish_overridden":"","wpdc_topic_tags":"","wpdc_pin_topic":"","wpdc_pin_until":"","discourse_post_id":"","discourse_permalink":"","wpdc_publishing_response":"","wpdc_publishing_error":"","footnotes":""},"class_list":["post-4628","page","type-page","status-publish","hentry"],"yoast_head":"<!-- This site is optimized with the Yoast SEO plugin v25.3.1 - https:\/\/yoast.com\/wordpress\/plugins\/seo\/ -->\n<title>Crea e aggiungi moduli personalizzati su WordPress gratuitamente!<\/title>\n<meta name=\"description\" content=\"Crea un plug-in Form Builder personalizzato per il sito Web WordPress. Installa gratuitamente i plugin in soli 3 minuti nel pannello widget pi\u00f9 veloce.\" \/>\n<meta name=\"robots\" content=\"index, follow, max-snippet:-1, max-image-preview:large, max-video-preview:-1\" \/>\n<link rel=\"canonical\" href=\"https:\/\/elfsight.com\/it\/online-form-builder\/wordpress\/\" \/>\n<meta property=\"og:locale\" content=\"it_IT\" \/>\n<meta property=\"og:type\" content=\"article\" \/>\n<meta property=\"og:title\" content=\"Crea e aggiungi moduli personalizzati su WordPress gratuitamente!\" \/>\n<meta property=\"og:description\" content=\"Crea un plug-in Form Builder personalizzato per il sito Web WordPress. Installa gratuitamente i plugin in soli 3 minuti nel pannello widget pi\u00f9 veloce.\" \/>\n<meta property=\"og:url\" content=\"https:\/\/elfsight.com\/it\/online-form-builder\/wordpress\/\" \/>\n<meta property=\"og:site_name\" content=\"Elfsight IT\" \/>\n<meta property=\"article:modified_time\" content=\"2026-01-14T14:36:02+00:00\" \/>\n<meta name=\"twitter:card\" content=\"summary_large_image\" \/>\n<meta name=\"twitter:label1\" content=\"Tempo di lettura stimato\" \/>\n\t<meta name=\"twitter:data1\" content=\"5 minuti\" \/>\n<!-- \/ Yoast SEO plugin. -->","yoast_head_json":{"title":"Crea e aggiungi moduli personalizzati su WordPress gratuitamente!","description":"Crea un plug-in Form Builder personalizzato per il sito Web WordPress. Installa gratuitamente i plugin in soli 3 minuti nel pannello widget pi\u00f9 veloce.","robots":{"index":"index","follow":"follow","max-snippet":"max-snippet:-1","max-image-preview":"max-image-preview:large","max-video-preview":"max-video-preview:-1"},"canonical":"https:\/\/elfsight.com\/it\/online-form-builder\/wordpress\/","og_locale":"it_IT","og_type":"article","og_title":"Crea e aggiungi moduli personalizzati su WordPress gratuitamente!","og_description":"Crea un plug-in Form Builder personalizzato per il sito Web WordPress. Installa gratuitamente i plugin in soli 3 minuti nel pannello widget pi\u00f9 veloce.","og_url":"https:\/\/elfsight.com\/it\/online-form-builder\/wordpress\/","og_site_name":"Elfsight IT","article_modified_time":"2026-01-14T14:36:02+00:00","twitter_card":"summary_large_image","twitter_misc":{"Tempo di lettura stimato":"5 minuti"},"schema":{"@context":"https:\/\/schema.org","@graph":[{"@type":"WebPage","@id":"https:\/\/elfsight.com\/it\/online-form-builder\/wordpress\/","url":"https:\/\/elfsight.com\/it\/online-form-builder\/wordpress\/","name":"Crea e aggiungi moduli personalizzati su WordPress gratuitamente!","isPartOf":{"@id":"https:\/\/elfsight.com\/it\/#website"},"datePublished":"2024-05-03T06:37:48+00:00","dateModified":"2026-01-14T14:36:02+00:00","description":"Crea un plug-in Form Builder personalizzato per il sito Web WordPress. Installa gratuitamente i plugin in soli 3 minuti nel pannello widget pi\u00f9 veloce.","breadcrumb":{"@id":"https:\/\/elfsight.com\/it\/online-form-builder\/wordpress\/#breadcrumb"},"inLanguage":"it-IT","potentialAction":[{"@type":"ReadAction","target":["https:\/\/elfsight.com\/it\/online-form-builder\/wordpress\/"]}]},{"@type":"BreadcrumbList","@id":"https:\/\/elfsight.com\/it\/online-form-builder\/wordpress\/#breadcrumb","itemListElement":[{"@type":"ListItem","position":1,"name":"Home","item":"https:\/\/elfsight.com\/it\/"},{"@type":"ListItem","position":2,"name":"Form Builder","item":"https:\/\/elfsight.com\/it\/online-form-builder\/"},{"@type":"ListItem","position":3,"name":"Form Builder &#8211; WordPress"}]},{"@type":"WebSite","@id":"https:\/\/elfsight.com\/it\/#website","url":"https:\/\/elfsight.com\/it\/","name":"Elfsight IT","description":"Just another Elfsight Sites site","potentialAction":[{"@type":"SearchAction","target":{"@type":"EntryPoint","urlTemplate":"https:\/\/elfsight.com\/it\/?s={search_term_string}"},"query-input":{"@type":"PropertyValueSpecification","valueRequired":true,"valueName":"search_term_string"}}],"inLanguage":"it-IT"}]}},"meta_box":{"industry":"","seo_heading":"","heading":"","description":"","cta_heading":"","cta_description":"","application":"1345","h1":"Plug-in per la creazione di moduli WordPress","h1_caption":"Creare informazioni: raccogliere moduli di diverso tipo in passaggi semplici","application_category":[],"applications_title":"","applications_request_title":"","applications_request_button_text":"","hero_text":"","hero_video":"","hero_video_schema_markup":"","selling_points_title":"","selling_points_caption":"","selling_points":[],"selling_points_cta_text":"","features_title":"","features":"","ed_cta_examples_text":"","ed_cta_examples_hidden":"","ed_cta_demo_text":"","ed_cta_demo_hidden":"","why_caption":"","why_editor_title":"","why_editor_text":"","why_team_title":"","why_team_text":"","why_service_title":"","why_service_text":"","template_catalog_visible":"0","template_catalog_title":"","template_catalog_text":"","template_catalog_categories_visible":"","demo_title":"Crea il tuo plugin per la creazione di moduli","demo_caption":"Configura il tuo generatore di moduli e aggiungilo gratuitamente al tuo sito Web WordPress!","default_faq_hidden":"","app_template_category":[],"platform":"28","template_public_id":"","codecanyon_url":"","codecanyon_item_id":"","codecanyon_price":"","pricing_caption":"","pricing_elfsight_apps_hide_column":"","pricing_elfsight_apps_url":"","pricing_codecanyon_price_caption":"","integration_category":[],"integration_request_title":"","integration_request_cta":"","integration_platform":"","integrations":[],"platform_category":[],"video_schema_markup":"","price":"da $ 0 al mese","trial":"","benefits":[{"text":"Aiuto per l'installazione gratuito"},{"text":"Servizio clienti efficace"},{"text":"Garanzia di rimborso di 14 giorni"},{"text":"Aggiornamento costante"}],"button_url":"#demo","button_target_blank":"0","button_nofollow":"0","attributes":[{"name":"Installazioni"},{"name":"Reattivo","content":"S\u00cc"},{"name":"Browser compatibili","content":"Firefox, Safari, Opera, Chrome, Edge"}],"tags":[],"tags_disable_links":"0","hide_more_platforms":"0","video_object":"","demo_hide_cta":"0","demo_hide_cloud_options":"0","pricing_title":"","pricing":[{"pricing_icon":"cloud","pricing_title":"Elfsight Apps","pricing_title_caption":"Soluzione digitale multipiattaforma che funziona su qualsiasi sito","pricing_price":"da $ 0 \/ mese","pricing_price_caption":"inizia con il piano gratuito","pricing_benefits":[{"text":"Siti web illimitati"},{"text":"Assistenza clienti veloce e ben documentata"},{"text":"Servizio di installazione gratuito"},{"text":"Prezzo speciale per pi\u00f9 app"}],"pricing_button_text":"Aggiungi al sito web","pricing_button_url":"#demo"}],"related_apps_title":"","related_apps_hidden":"0","author":"","image":[],"title":"","job":"","social_networks":[]},"_links":{"self":[{"href":"https:\/\/elfsight.com\/it\/wp-json\/wp\/v2\/pages\/4628","targetHints":{"allow":["GET"]}}],"collection":[{"href":"https:\/\/elfsight.com\/it\/wp-json\/wp\/v2\/pages"}],"about":[{"href":"https:\/\/elfsight.com\/it\/wp-json\/wp\/v2\/types\/page"}],"author":[{"embeddable":true,"href":"https:\/\/elfsight.com\/it\/wp-json\/wp\/v2\/users\/9"}],"replies":[{"embeddable":true,"href":"https:\/\/elfsight.com\/it\/wp-json\/wp\/v2\/comments?post=4628"}],"version-history":[{"count":5,"href":"https:\/\/elfsight.com\/it\/wp-json\/wp\/v2\/pages\/4628\/revisions"}],"predecessor-version":[{"id":10583,"href":"https:\/\/elfsight.com\/it\/wp-json\/wp\/v2\/pages\/4628\/revisions\/10583"}],"up":[{"embeddable":true,"href":"https:\/\/elfsight.com\/it\/wp-json\/wp\/v2\/pages\/1346"}],"wp:attachment":[{"href":"https:\/\/elfsight.com\/it\/wp-json\/wp\/v2\/media?parent=4628"}],"curies":[{"name":"wp","href":"https:\/\/api.w.org\/{rel}","templated":true}]}}