{"id":4626,"date":"2024-05-03T06:37:46","date_gmt":"2024-05-03T06:37:46","guid":{"rendered":"https:\/\/elfsight.com\/it\/?page_id=4626"},"modified":"2025-03-14T08:51:13","modified_gmt":"2025-03-14T08:51:13","slug":"iframe","status":"publish","type":"page","link":"https:\/\/elfsight.com\/it\/online-form-builder\/iframe\/","title":{"rendered":"Form Builder &#8211; iFrame"},"content":{"rendered":"\n<div class=\"application-platform-content-item-description application-platform-content-item\" id=\"description\" data-nav-section=\"description\"><h2>Generatore di moduli personalizzati per iFrame<\/h2><p>Elfsight Builder \u00e8 un plugin per creare tipi illimitati di moduli da compilare e mostrarli su qualsiasi risorsa web. Raccogli dettagli dalla tua clientela attuale e potenziale attraverso sondaggi facilmente compilabili, moduli di feedback, richieste di valutazione e tutte le altre varianti. Definisci lo scheletro del modulo, scegli di creare moduli unici per fornirti maggiori informazioni dalla tua clientela. Non importa quali varianti di informazioni intendi avere: idee, valutazioni, prenotazioni e acquisti \u2013 Form Builder di Elfsight ti aiuter\u00e0 a creare un modulo da compilare richiesto. Con una struttura flessibile e un segmento predefinito diversificato, il tuo modulo sar\u00e0 gestibile per la tua clientela ed efficace per te.<\/p> <p><b>Ricevi opinioni, idee e valutazioni dei clienti per migliorare la tua attivit\u00e0!<\/b> <\/p> <p><b>Crea moduli attraenti per raccogliere pi\u00f9 feedback<\/b><br> Utilizza tutti i parametri del plugin Elfsight per modellare moduli di compilazione altamente efficienti. Seleziona gli elementi richiesti e definisci lo scheletro per rendere i tuoi moduli strutturati e semplici. Utilizza le opzioni di stile per creare un aspetto straordinario e ottenere pi\u00f9 feedback.<\/p><p><b>Aumenta il numero di lead con moduli gestibili<\/b><br> Non lasciare che i clienti lascino la compilazione incompleta e manchino informazioni preziose dati. Progetta moduli con passaggi semplici e composizione facile, che manterranno i clienti coinvolti fino alla fine e aumenteranno il numero di lead.<\/p><p><b>Risparmia tempo e denaro con uno strumento multiuso<\/b><br> Questo unico strumento permette di creare forme di esempi diversi con molteplici insiemi di componenti e composizioni. Ci\u00f2 ti aiuter\u00e0 a generare moduli per ottenere feedback su molteplici categorie senza spendere pi\u00f9 tempo e denaro.<\/p><\/div><div class=\"application-platform-content-item-features application-platform-content-item\" id=\"features\" data-nav-section=\"features\"><h2>Caratteristiche del plugin per la creazione di moduli<\/h2><p> Cosa rende Elfsight Form Builder il miglior plugin per raccogliere tutti i tipi di informazioni dai clienti per i siti Web IFrame? Controlla l&#8217;elenco delle opzioni che include:<\/p><ul><li>Visualizza l&#8217;intestazione del modulo con titolo e testo;<\/li><li>Utilizza i segnaposto dei campi per fornire un esempio del corretto riempimento e del tipo di dati necessari; <\/li><li>Assegna qualsiasi indirizzo email e i risultati della compilazione del modulo verranno automaticamente inviati l\u00ec;<\/li><li>3 layout pronti all&#8217;uso (Default, Boxed, Floating);<\/li><li> 5 stili predefiniti per i campi del modulo;<\/li><li>Genera moduli di compilazione di formati illimitati per raccogliere informazioni sui clienti.<\/li><\/ul><p><a href=\"#demo\">Controlla le funzionalit\u00e0 di Elfsight demo<\/a><\/p><\/div><div class=\"application-platform-content-item-installation application-platform-content-item\" id=\"installation\" data-nav-section=\"installation\"><h2>Come aggiungere il plugin Form Builder al sito web iFrame?<\/h2><p>Un piccolo tutorial sull&#8217;incorporamento e l&#8217;impostazione del plugin senza esperienza nello sviluppo web. L&#8217;esecuzione del manuale richieder\u00e0 circa 2 minuti.<\/p><ol><li><b>Progetta il tuo plugin per moduli<\/b><br> Nel nostro editor gratuito, crea un plugin con un&#8217;interfaccia e funzioni personalizzate.<\/li><li><b>Copia il codice personale per aggiungere il plugin<\/b><br> Dopo aver creato il tuo plugin, otterrai il tuo codice personale dalla finestra apparsa su Elfsight Apps. Copia il codice per un uso successivo.<\/li> <li><b> Il plug-in sul tuo sito iFrame<\/b><br> Definisci il luogo in cui prevedi di rivelare il plug-in e incolla l\u00ec il codice copiato. Salva i risultati.<\/li> <li><b>Congratulazioni! Hai appena integrato il plugin!<\/b><br> Vai alla tua pagina, per controllare il modulo.<\/li> <\/ol><p>Hai riscontrato difficolt\u00e0 o domande durante l&#8217;esecuzione del tutorial o la creazione del tuo plugin? Consulta il nostro tutorial completo \u00abCome inserire un modulo sul sito iFrame\u00bb o rivolgiti all&#8217;assistenza clienti.<\/p><div class=\"faq\" data-component=\"FAQ\"> <div class=\"faq-item\">\r\n\t\t\t\t\t<div class=\"faq-item-question\">\r\n\t\t\t\t\t\t<h3 class=\"faq-item-question-text\">Come aggiungere Form Builder al mio sito Web iFrame senza competenze di programmazione?<\/h3>\r\n\r\n\t\t\t\t\t\t<div class=\"faq-item-question-icon\"><\/div>\r\n\t\t\t\t\t<\/div>\r\n\r\n\t\t\t\t\t<div class=\"faq-item-answer\">\r\n\t\t\t\t\t\t<div class=\"faq-item-answer-text\"> <p>Elfsight fornisce una soluzione SaaS che ti consente di creare tu stesso un widget Form Builder, scopri quanto \u00e8 semplice il processo: lavora direttamente nell&#8217;editor online per creare un widget Form Builder che vorresti vedere sul tuo sito web iFrame. Scegli uno dei modelli predefiniti e regola le impostazioni del Form Builder, aggiungi i tuoi contenuti, modifica il layout e i colori senza alcuna competenza di codifica. Salva il Form Builder e copia il suo codice di installazione, che potrai includere facilmente nel tuo sito iFrame senza dover acquistare un piano a pagamento. Con il nostro editor intuitivo qualsiasi utente di Internet pu\u00f2 creare widget Form Builder online e incorporarlo facilmente nel proprio sito Web iFrame. Non \u00e8 necessario pagare o inserire le credenziali della carta per accedere al servizio. In caso di problemi in qualsiasi momento, non esitare a contattare il nostro team di supporto tecnico.<\/p> <\/div>\r\n\t\t\t\t\t<\/div>\r\n\t\t\t\t<\/div><div class=\"faq-item\">\r\n\t\t\t\t\t<div class=\"faq-item-question\">\r\n\t\t\t\t\t\t<h3 class=\"faq-item-question-text\">Esistono modelli di creazione moduli personalizzati per il sito Web iFrame?<\/h3>\r\n\r\n\t\t\t\t\t\t<div class=\"faq-item-question-icon\"><\/div>\r\n\t\t\t\t\t<\/div>\r\n\r\n\t\t\t\t\t<div class=\"faq-item-answer\">\r\n\t\t\t\t\t\t<div class=\"faq-item-answer-text\"><p>S\u00ec. Elfsight ha preparato una vasta selezione di oltre 300 <a href=\"https:\/\/elfsight.com\/online-form-builder\/templates\/\">modelli di Form Builder<\/a> con elementi e funzionalit\u00e0 personalizzabili. Puoi trovare un modello di modulo per ogni occasione, ad esempio <a href=\"https:\/\/elfsight.com\/online-form-builder\/templates\/application-forms\/\">Moduli di domanda<\/a>, <a href=\"https:\/\/elfsight.com\/online-form-builder\/templates\/booking-forms\/\">Moduli di prenotazione<\/a>, <a href=\"https:\/\/elfsight.com\/online-form-builder\/templates\/order-forms\/\">Moduli d&#8217;ordine<\/a>, <a href=\"https:\/\/elfsight.com\/online-form-builder\/templates\/product-forms\/\">Moduli di prodotto<\/a>, <a href=\"https:\/\/elfsight.com\/online-form-builder\/templates\/questionnaires\/\">Questionari<\/a>, <a href=\"https:\/\/elfsight.com\/online-form-builder\/templates\/quizzes\/\">Quiz<\/a>, <a href=\"https:\/\/elfsight.com\/online-form-builder\/templates\/surveys\/\">Sondaggi<\/a>, <a href=\"https:\/\/elfsight.com\/online-form-builder\/templates\/file-upload-forms\/\">Moduli di caricamento file<\/a> e molti altri.<\/p><\/div>\r\n\t\t\t\t\t<\/div>\r\n\t\t\t\t<\/div> <\/div> <\/div>\n","protected":false},"excerpt":{"rendered":"","protected":false},"author":9,"featured_media":0,"parent":1346,"menu_order":0,"comment_status":"closed","ping_status":"closed","template":"templates\/template-application-platform.php","meta":{"publish_to_discourse":"","publish_post_category":"","wpdc_auto_publish_overridden":"","wpdc_topic_tags":"","wpdc_pin_topic":"","wpdc_pin_until":"","discourse_post_id":"","discourse_permalink":"","wpdc_publishing_response":"","wpdc_publishing_error":"","footnotes":""},"class_list":["post-4626","page","type-page","status-publish","hentry"],"yoast_head":"<!-- This site is optimized with the Yoast SEO plugin v25.3.1 - https:\/\/yoast.com\/wordpress\/plugins\/seo\/ -->\n<title>Crea e aggiungi moduli personalizzati su iFrame gratuitamente!<\/title>\n<meta name=\"description\" content=\"Con Elfsight, crea il tuo plugin Form Builder e posizionalo rapidamente sul sito iFrame. Abbiamo un servizio clienti gratuito e altri bonus.\" \/>\n<meta name=\"robots\" content=\"index, follow, max-snippet:-1, max-image-preview:large, max-video-preview:-1\" \/>\n<link rel=\"canonical\" href=\"https:\/\/elfsight.com\/it\/online-form-builder\/iframe\/\" \/>\n<meta property=\"og:locale\" content=\"it_IT\" \/>\n<meta property=\"og:type\" content=\"article\" \/>\n<meta property=\"og:title\" content=\"Crea e aggiungi moduli personalizzati su iFrame gratuitamente!\" \/>\n<meta property=\"og:description\" content=\"Con Elfsight, crea il tuo plugin Form Builder e posizionalo rapidamente sul sito iFrame. Abbiamo un servizio clienti gratuito e altri bonus.\" \/>\n<meta property=\"og:url\" content=\"https:\/\/elfsight.com\/it\/online-form-builder\/iframe\/\" \/>\n<meta property=\"og:site_name\" content=\"Elfsight IT\" \/>\n<meta property=\"article:modified_time\" content=\"2025-03-14T08:51:13+00:00\" \/>\n<meta name=\"twitter:card\" content=\"summary_large_image\" \/>\n<meta name=\"twitter:label1\" content=\"Tempo di lettura stimato\" \/>\n\t<meta name=\"twitter:data1\" content=\"5 minuti\" \/>\n<!-- \/ Yoast SEO plugin. -->","yoast_head_json":{"title":"Crea e aggiungi moduli personalizzati su iFrame gratuitamente!","description":"Con Elfsight, crea il tuo plugin Form Builder e posizionalo rapidamente sul sito iFrame. Abbiamo un servizio clienti gratuito e altri bonus.","robots":{"index":"index","follow":"follow","max-snippet":"max-snippet:-1","max-image-preview":"max-image-preview:large","max-video-preview":"max-video-preview:-1"},"canonical":"https:\/\/elfsight.com\/it\/online-form-builder\/iframe\/","og_locale":"it_IT","og_type":"article","og_title":"Crea e aggiungi moduli personalizzati su iFrame gratuitamente!","og_description":"Con Elfsight, crea il tuo plugin Form Builder e posizionalo rapidamente sul sito iFrame. Abbiamo un servizio clienti gratuito e altri bonus.","og_url":"https:\/\/elfsight.com\/it\/online-form-builder\/iframe\/","og_site_name":"Elfsight IT","article_modified_time":"2025-03-14T08:51:13+00:00","twitter_card":"summary_large_image","twitter_misc":{"Tempo di lettura stimato":"5 minuti"},"schema":{"@context":"https:\/\/schema.org","@graph":[{"@type":"WebPage","@id":"https:\/\/elfsight.com\/it\/online-form-builder\/iframe\/","url":"https:\/\/elfsight.com\/it\/online-form-builder\/iframe\/","name":"Crea e aggiungi moduli personalizzati su iFrame gratuitamente!","isPartOf":{"@id":"https:\/\/elfsight.com\/it\/#website"},"datePublished":"2024-05-03T06:37:46+00:00","dateModified":"2025-03-14T08:51:13+00:00","description":"Con Elfsight, crea il tuo plugin Form Builder e posizionalo rapidamente sul sito iFrame. Abbiamo un servizio clienti gratuito e altri bonus.","breadcrumb":{"@id":"https:\/\/elfsight.com\/it\/online-form-builder\/iframe\/#breadcrumb"},"inLanguage":"it-IT","potentialAction":[{"@type":"ReadAction","target":["https:\/\/elfsight.com\/it\/online-form-builder\/iframe\/"]}]},{"@type":"BreadcrumbList","@id":"https:\/\/elfsight.com\/it\/online-form-builder\/iframe\/#breadcrumb","itemListElement":[{"@type":"ListItem","position":1,"name":"Home","item":"https:\/\/elfsight.com\/it\/"},{"@type":"ListItem","position":2,"name":"Form Builder","item":"https:\/\/elfsight.com\/it\/online-form-builder\/"},{"@type":"ListItem","position":3,"name":"Form Builder &#8211; iFrame"}]},{"@type":"WebSite","@id":"https:\/\/elfsight.com\/it\/#website","url":"https:\/\/elfsight.com\/it\/","name":"Elfsight IT","description":"Just another Elfsight Sites site","potentialAction":[{"@type":"SearchAction","target":{"@type":"EntryPoint","urlTemplate":"https:\/\/elfsight.com\/it\/?s={search_term_string}"},"query-input":{"@type":"PropertyValueSpecification","valueRequired":true,"valueName":"search_term_string"}}],"inLanguage":"it-IT"}]}},"meta_box":{"industry":"","seo_heading":"","heading":"","description":"","cta_heading":"","cta_description":"","application":"1345","h1":"Plug-in per la creazione di moduli iFrame","h1_caption":"Crea moduli personalizzabili per qualsiasi scopo (feedback, sondaggi, moduli di contatto) senza codifica, semplificando la raccolta di informazioni dai tuoi utenti nel tuo sito Web iFrame senza sforzo.","application_category":[],"applications_title":"","applications_request_title":"","applications_request_button_text":"","hero_text":"","hero_video":"","hero_video_schema_markup":"","selling_points_title":"","selling_points_caption":"","selling_points":[],"selling_points_cta_text":"","features_title":"","features":"","ed_cta_examples_text":"","ed_cta_examples_hidden":"","ed_cta_demo_text":"","ed_cta_demo_hidden":"","why_caption":"","why_editor_title":"","why_editor_text":"","why_team_title":"","why_team_text":"","why_service_title":"","why_service_text":"","template_catalog_visible":"0","template_catalog_title":"","template_catalog_text":"","template_catalog_categories_visible":"","demo_title":"Crea il tuo widget Generatore di moduli","demo_caption":"Configura il tuo generatore di moduli e aggiungilo gratuitamente al tuo sito Web iFrame!","default_faq_hidden":"","app_template_category":[],"platform":"54","template_public_id":"","codecanyon_url":"","codecanyon_item_id":"","codecanyon_price":"","pricing_caption":"","pricing_elfsight_apps_hide_column":"","pricing_elfsight_apps_url":"","pricing_codecanyon_price_caption":"","integration_category":[],"integration_request_title":"","integration_request_cta":"","integration_platform":"","integrations":[],"platform_category":[],"video_schema_markup":"","price":"da $ 0 al mese","trial":"","benefits":[{"text":"Servizio di installazione gratuito"},{"text":"Assistenza clienti con esperienza"},{"text":"Garanzia di rimborso di 14 giorni"},{"text":"Aggiornamenti gratuiti continui"}],"button_url":"#demo","button_target_blank":"0","button_nofollow":"0","attributes":[{"name":"Installazioni"},{"name":"Reattivo","content":"S\u00cc"},{"name":"Browser compatibili","content":"Firefox, Safari, Opera, Chrome, Edge"}],"tags":[],"tags_disable_links":"0","hide_more_platforms":"0","video_object":"","demo_hide_cta":"0","demo_hide_cloud_options":"0","pricing_title":"","pricing":[{"pricing_icon":"platform","pricing_title":"Elfsight Apps","pricing_title_caption":"Soluzione indipendente dalla piattaforma che funziona su qualsiasi sito web","pricing_price":"da $ 0 \/ mese","pricing_price_caption":"inizia con il piano gratuito","pricing_benefits":[{"text":"Numero illimitato di domini"},{"text":"Assistenza clienti veloce"},{"text":"Servizio di installazione gratuito"},{"text":"Prezzo speciale per pi\u00f9 app"}],"pricing_button_text":"Aggiungi al sito web","pricing_button_url":"#demo"}],"related_apps_title":"","related_apps_hidden":"0","author":"","image":[],"title":"","job":"","social_networks":[]},"_links":{"self":[{"href":"https:\/\/elfsight.com\/it\/wp-json\/wp\/v2\/pages\/4626","targetHints":{"allow":["GET"]}}],"collection":[{"href":"https:\/\/elfsight.com\/it\/wp-json\/wp\/v2\/pages"}],"about":[{"href":"https:\/\/elfsight.com\/it\/wp-json\/wp\/v2\/types\/page"}],"author":[{"embeddable":true,"href":"https:\/\/elfsight.com\/it\/wp-json\/wp\/v2\/users\/9"}],"replies":[{"embeddable":true,"href":"https:\/\/elfsight.com\/it\/wp-json\/wp\/v2\/comments?post=4626"}],"version-history":[{"count":3,"href":"https:\/\/elfsight.com\/it\/wp-json\/wp\/v2\/pages\/4626\/revisions"}],"predecessor-version":[{"id":8704,"href":"https:\/\/elfsight.com\/it\/wp-json\/wp\/v2\/pages\/4626\/revisions\/8704"}],"up":[{"embeddable":true,"href":"https:\/\/elfsight.com\/it\/wp-json\/wp\/v2\/pages\/1346"}],"wp:attachment":[{"href":"https:\/\/elfsight.com\/it\/wp-json\/wp\/v2\/media?parent=4626"}],"curies":[{"name":"wp","href":"https:\/\/api.w.org\/{rel}","templated":true}]}}