{"id":4621,"date":"2024-05-03T06:37:45","date_gmt":"2024-05-03T06:37:45","guid":{"rendered":"https:\/\/elfsight.com\/it\/?page_id=4621"},"modified":"2025-03-14T08:29:44","modified_gmt":"2025-03-14T08:29:44","slug":"facebook","status":"publish","type":"page","link":"https:\/\/elfsight.com\/it\/online-form-builder\/facebook\/","title":{"rendered":"Form Builder &#8211; Facebook Page"},"content":{"rendered":"\n<div class=\"application-platform-content-item-description application-platform-content-item\" id=\"description\" data-nav-section=\"description\"><h2>Generatore di moduli personalizzati per la pagina Facebook<\/h2><p>Si tratta di uno strumento multiuso per creare molteplici esempi di compilazione di moduli e dimostrare su qualsiasi pagina. Ottieni informazioni dal tuo pubblico attuale e probabile con comodi sondaggi, moduli di feedback, richieste di valutazione e tutti gli altri tipi. Imposta la struttura del modulo, crea moduli unici per ricevere dati dalla tua clientela e persino crea un modulo nella tua pagina Facebook. Qualunque siano gli esempi di informazioni che potresti voler avere: opinioni dei clienti, valutazioni, ordini e vendite, il nostro plugin ti aiuter\u00e0 a creare un comodo modulo di compilazione. Con l&#8217;aiuto di una struttura flessibile e di articoli predefiniti, il tuo modulo sar\u00e0 pratico per la tua clientela e potente per te.<\/p><p><b>Elabora la richiesta e lo shopping tramite moduli pratici per un accesso facile e veloce!<\/b><\/p><\/div><div class=\"application-platform-content-item-features application-platform-content-item\" id=\"features\" data-nav-section=\"features\"><h2>Caratteristiche del plugin per la creazione di moduli<\/h2><p>Questa \u00e8 una soluzione universale per creare vari tipi di moduli di compilazione e visualizzarli su il tuo sito web. Potrebbe essere utile per aumentare i tuoi contatti e raccogliere dati dai tuoi potenziali clienti<\/p><ul><li>Crea una descrizione per ciascun elemento e verr\u00e0 mostrato sotto l&#8217;etichetta;<\/li><li>Ogni campo pu\u00f2 essere fatto per essere riempito con il simbolo asterisco (*) per indicarlo;<\/li><li>Scegli lo scenario dopo l&#8217;invio del modulo: messaggio di ringraziamento, reindirizzamento a un&#8217;altra pagina o occultamento del modulo;<\/li><li>Imposta qualsiasi URL a cui l&#8217;utente verr\u00e0 reindirizzato dopo aver compilato il modulo;<\/li><li>5 stili predefiniti per i campi del modulo.<\/li><\/ul><p><a href=\"#demo\">Controlla come funzionano tutti i funzionano, nella nostra demo<\/a><\/p><\/div> <div class=\"application-platform-content-item-installation application-platform-content-item\" id=\"installation\" data-nav-section=\"installation\"><h2>Come aggiungere il modulo alla pagina aziendale di Facebook<\/h2><p>Per inserire il widget, segui le linee guida di seguito<\/p><ul><li><b>Crea la tua scheda modulo personalizzata<\/b><br>Utilizzando il nostro configuratore gratuito, genera un widget con layout e funzioni preferibili. <\/li><li><b>Ottieni il codice personale per impostare il widget<\/b><br>Dopo aver impostato il tuo widget, riceverai il codice di installazione dalla notifica che appare sulle App Elfsight. Copialo. <\/li><li><b>Aggiungi il modulo alla pagina Facebook<\/b><br> Crea la tua scheda Facebook personalizzata. Inserisci nella scheda il codice che hai ricevuto su elfsight apps. In caso di problemi, consulta la nostra guida su <a href=\"https:\/\/elfsight.com\/blog\/how-to-add-custom-tab-to-facebook-page\/\" target=\"_blank\" rel=\"noopener noreferrer\">creazione di una scheda Facebook personalizzata<\/a><\/li><li><b>Fatto! <\/b><br>Visita la pagina aziendale per visualizzare il modulo.<\/li><\/ul><p>Sentiti libero di comunicare con l&#8217;assistenza clienti Elfsight nel caso abbiate bisogno di assistenza o abbiate domande. Saremo lieti di assistervi con ogni richiesta. <\/p><div class=\"faq\" data-component=\"FAQ\"> <div class=\"faq-item\">\r\n\t\t\t\t\t<div class=\"faq-item-question\">\r\n\t\t\t\t\t\t<h3 class=\"faq-item-question-text\">Come aggiungere Form Builder al sito web della mia pagina Facebook senza competenze di programmazione?<\/h3>\r\n\r\n\t\t\t\t\t\t<div class=\"faq-item-question-icon\"><\/div>\r\n\t\t\t\t\t<\/div>\r\n\r\n\t\t\t\t\t<div class=\"faq-item-answer\">\r\n\t\t\t\t\t\t<div class=\"faq-item-answer-text\"> <p>Elfsight fornisce una soluzione SaaS che ti consente di creare tu stesso un widget Form Builder, scopri quanto \u00e8 facile Il processo \u00e8: lavora direttamente nell&#8217;editor online per creare un widget di creazione moduli che vorresti vedere sul sito web della tua pagina Facebook. Scegli uno dei modelli predefiniti e regola le impostazioni del Form Builder, aggiungi i tuoi contenuti, modifica il layout e i colori senza alcuna competenza di codifica. Salva il Form Builder e copia il suo codice di installazione, che potrai includere facilmente nel sito web della tua Pagina Facebook senza la necessit\u00e0 di acquistare un piano a pagamento. Con il nostro editor intuitivo qualsiasi utente di Internet pu\u00f2 creare widget di creazione moduli online e incorporarlo facilmente nel sito Web della propria pagina Facebook. Non \u00e8 necessario pagare o inserire le credenziali della carta per accedere al servizio. In caso di problemi in qualsiasi momento, non esitare a contattare il nostro team di supporto tecnico.<\/p> <\/div>\r\n\t\t\t\t\t<\/div>\r\n\t\t\t\t<\/div><div class=\"faq-item\">\r\n\t\t\t\t\t<div class=\"faq-item-question\">\r\n\t\t\t\t\t\t<h3 class=\"faq-item-question-text\">Esistono modelli di creazione moduli personalizzati per il sito Web della pagina Facebook?<\/h3>\r\n\r\n\t\t\t\t\t\t<div class=\"faq-item-question-icon\"><\/div>\r\n\t\t\t\t\t<\/div>\r\n\r\n\t\t\t\t\t<div class=\"faq-item-answer\">\r\n\t\t\t\t\t\t<div class=\"faq-item-answer-text\"><p> Si assolutamente! Sono disponibili oltre 300 modelli pronti all&#8217;uso per ogni caso, come <a href=\"https:\/\/elfsight.com\/online-form-builder\/templates\/application-forms\/\">Moduli di domanda<\/a>, <a href=\"https:\/\/elfsight.com\/online-form-builder\/templates\/booking-forms\/\">Moduli di prenotazione<\/a>, <a href=\"https:\/\/elfsight.com\/online-form-builder\/templates\/order-forms\/\">Moduli d&#8217;ordine<\/a>, <a href=\"https:\/\/elfsight.com\/online-form-builder\/templates\/product-forms\/\">Moduli di prodotto<\/a> , <a href=\"https:\/\/elfsight.com\/online-form-builder\/templates\/questionnaires\/\">Questionari<\/a>, <a href=\"https:\/\/elfsight.com\/online-form-builder\/templates\/quizzes\/\">Quiz<\/a>, <a href=\"https:\/\/elfsight.com\/online-form-builder\/templates\/surveys\/\">Sondaggi<\/a>, <a href=\"https:\/\/elfsight.com\/online-form-builder\/templates\/file-upload-forms\/\">Moduli di caricamento file<\/a> e molti altri. Sentiti libero di provare i <a href=\"https:\/\/elfsight.com\/online-form-builder\/templates\/\">modelli di Form Builder<\/a> e condividi la tua opinione con noi.<\/p><\/div>\r\n\t\t\t\t\t<\/div>\r\n\t\t\t\t<\/div> <\/div> <\/div>\n","protected":false},"excerpt":{"rendered":"","protected":false},"author":9,"featured_media":0,"parent":1346,"menu_order":0,"comment_status":"closed","ping_status":"closed","template":"templates\/template-application-platform.php","meta":{"publish_to_discourse":"","publish_post_category":"","wpdc_auto_publish_overridden":"","wpdc_topic_tags":"","wpdc_pin_topic":"","wpdc_pin_until":"","discourse_post_id":"","discourse_permalink":"","wpdc_publishing_response":"","wpdc_publishing_error":"","footnotes":""},"class_list":["post-4621","page","type-page","status-publish","hentry"],"yoast_head":"<!-- This site is optimized with the Yoast SEO plugin v25.3.1 - https:\/\/yoast.com\/wordpress\/plugins\/seo\/ -->\n<title>Crea e aggiungi gratuitamente un modulo personalizzato sulla pagina Facebook!<\/title>\n<meta name=\"description\" content=\"Crea widget modulo per la pagina Facebook Business in soli 2 minuti. Prova tutti i principali vantaggi del miglior Form Builder nella demo gratuita.\" \/>\n<meta name=\"robots\" content=\"index, follow, max-snippet:-1, max-image-preview:large, max-video-preview:-1\" \/>\n<link rel=\"canonical\" href=\"https:\/\/elfsight.com\/it\/online-form-builder\/facebook\/\" \/>\n<meta property=\"og:locale\" content=\"it_IT\" \/>\n<meta property=\"og:type\" content=\"article\" \/>\n<meta property=\"og:title\" content=\"Crea e aggiungi gratuitamente un modulo personalizzato sulla pagina Facebook!\" \/>\n<meta property=\"og:description\" content=\"Crea widget modulo per la pagina Facebook Business in soli 2 minuti. Prova tutti i principali vantaggi del miglior Form Builder nella demo gratuita.\" \/>\n<meta property=\"og:url\" content=\"https:\/\/elfsight.com\/it\/online-form-builder\/facebook\/\" \/>\n<meta property=\"og:site_name\" content=\"Elfsight IT\" \/>\n<meta property=\"article:modified_time\" content=\"2025-03-14T08:29:44+00:00\" \/>\n<meta name=\"twitter:card\" content=\"summary_large_image\" \/>\n<meta name=\"twitter:label1\" content=\"Tempo di lettura stimato\" \/>\n\t<meta name=\"twitter:data1\" content=\"4 minuti\" \/>\n<!-- \/ Yoast SEO plugin. -->","yoast_head_json":{"title":"Crea e aggiungi gratuitamente un modulo personalizzato sulla pagina Facebook!","description":"Crea widget modulo per la pagina Facebook Business in soli 2 minuti. Prova tutti i principali vantaggi del miglior Form Builder nella demo gratuita.","robots":{"index":"index","follow":"follow","max-snippet":"max-snippet:-1","max-image-preview":"max-image-preview:large","max-video-preview":"max-video-preview:-1"},"canonical":"https:\/\/elfsight.com\/it\/online-form-builder\/facebook\/","og_locale":"it_IT","og_type":"article","og_title":"Crea e aggiungi gratuitamente un modulo personalizzato sulla pagina Facebook!","og_description":"Crea widget modulo per la pagina Facebook Business in soli 2 minuti. Prova tutti i principali vantaggi del miglior Form Builder nella demo gratuita.","og_url":"https:\/\/elfsight.com\/it\/online-form-builder\/facebook\/","og_site_name":"Elfsight IT","article_modified_time":"2025-03-14T08:29:44+00:00","twitter_card":"summary_large_image","twitter_misc":{"Tempo di lettura stimato":"4 minuti"},"schema":{"@context":"https:\/\/schema.org","@graph":[{"@type":"WebPage","@id":"https:\/\/elfsight.com\/it\/online-form-builder\/facebook\/","url":"https:\/\/elfsight.com\/it\/online-form-builder\/facebook\/","name":"Crea e aggiungi gratuitamente un modulo personalizzato sulla pagina Facebook!","isPartOf":{"@id":"https:\/\/elfsight.com\/it\/#website"},"datePublished":"2024-05-03T06:37:45+00:00","dateModified":"2025-03-14T08:29:44+00:00","description":"Crea widget modulo per la pagina Facebook Business in soli 2 minuti. Prova tutti i principali vantaggi del miglior Form Builder nella demo gratuita.","breadcrumb":{"@id":"https:\/\/elfsight.com\/it\/online-form-builder\/facebook\/#breadcrumb"},"inLanguage":"it-IT","potentialAction":[{"@type":"ReadAction","target":["https:\/\/elfsight.com\/it\/online-form-builder\/facebook\/"]}]},{"@type":"BreadcrumbList","@id":"https:\/\/elfsight.com\/it\/online-form-builder\/facebook\/#breadcrumb","itemListElement":[{"@type":"ListItem","position":1,"name":"Home","item":"https:\/\/elfsight.com\/it\/"},{"@type":"ListItem","position":2,"name":"Form Builder","item":"https:\/\/elfsight.com\/it\/online-form-builder\/"},{"@type":"ListItem","position":3,"name":"Form Builder &#8211; Facebook Page"}]},{"@type":"WebSite","@id":"https:\/\/elfsight.com\/it\/#website","url":"https:\/\/elfsight.com\/it\/","name":"Elfsight IT","description":"Just another Elfsight Sites site","potentialAction":[{"@type":"SearchAction","target":{"@type":"EntryPoint","urlTemplate":"https:\/\/elfsight.com\/it\/?s={search_term_string}"},"query-input":{"@type":"PropertyValueSpecification","valueRequired":true,"valueName":"search_term_string"}}],"inLanguage":"it-IT"}]}},"meta_box":{"industry":"","seo_heading":"","heading":"","description":"","cta_heading":"","cta_description":"","application":"1345","h1":"Generatore di moduli per la pagina aziendale di Facebook","h1_caption":"Crea moduli personalizzabili per qualsiasi scopo (feedback, sondaggi, moduli di contatto) senza codifica, semplificando la raccolta di informazioni dai tuoi utenti nel sito Web della tua pagina Facebook.","application_category":[],"applications_title":"","applications_request_title":"","applications_request_button_text":"","hero_text":"","hero_video":"","hero_video_schema_markup":"","selling_points_title":"","selling_points_caption":"","selling_points":[],"selling_points_cta_text":"","features_title":"","features":"","ed_cta_examples_text":"","ed_cta_examples_hidden":"","ed_cta_demo_text":"","ed_cta_demo_hidden":"","why_caption":"","why_editor_title":"","why_editor_text":"","why_team_title":"","why_team_text":"","why_service_title":"","why_service_text":"","template_catalog_visible":"0","template_catalog_title":"","template_catalog_text":"","template_catalog_categories_visible":"","demo_title":"Crea il tuo widget Generatore di moduli","demo_caption":"Configura il tuo generatore di moduli e aggiungilo gratuitamente al sito web della tua pagina Facebook!","default_faq_hidden":"","app_template_category":[],"platform":"77","template_public_id":"","codecanyon_url":"","codecanyon_item_id":"","codecanyon_price":"","pricing_caption":"","pricing_elfsight_apps_hide_column":"","pricing_elfsight_apps_url":"","pricing_codecanyon_price_caption":"","integration_category":[],"integration_request_title":"","integration_request_cta":"","integration_platform":"","integrations":[],"platform_category":[],"video_schema_markup":"","price":"da $ 0 al mese","trial":"","benefits":[{"text":"Servizio di installazione gratuito"},{"text":"Supporto premium"},{"text":"Garanzia di rimborso di 14 giorni"},{"text":"Aggiornamenti gratuiti a vita"}],"button_url":"#demo","button_target_blank":"0","button_nofollow":"0","attributes":[{"name":"Installazioni"},{"name":"Reattivit\u00e0","content":"S\u00cc"},{"name":"Browser compatibili","content":"Firefox, Safari, Opera, Chrome, Edge"}],"tags":[],"tags_disable_links":"0","hide_more_platforms":"0","video_object":"","demo_hide_cta":"0","demo_hide_cloud_options":"0","pricing_title":"","pricing":[{"pricing_icon":"platform","pricing_title":"Elfsight Apps","pricing_title_caption":"Versione multipiattaforma che funziona su qualsiasi sito web","pricing_price":"da $ 0 \/ mese","pricing_price_caption":"inizia con il piano gratuito","pricing_benefits":[{"text":"Siti web illimitati"},{"text":"Supporto premium"},{"text":"Aiuto per l'installazione gratuito"},{"text":"100% personalizzabile"}],"pricing_button_text":"Aggiungi al sito web","pricing_button_url":"#demo"}],"related_apps_title":"","related_apps_hidden":"0","author":"","image":[],"title":"","job":"","social_networks":[]},"_links":{"self":[{"href":"https:\/\/elfsight.com\/it\/wp-json\/wp\/v2\/pages\/4621","targetHints":{"allow":["GET"]}}],"collection":[{"href":"https:\/\/elfsight.com\/it\/wp-json\/wp\/v2\/pages"}],"about":[{"href":"https:\/\/elfsight.com\/it\/wp-json\/wp\/v2\/types\/page"}],"author":[{"embeddable":true,"href":"https:\/\/elfsight.com\/it\/wp-json\/wp\/v2\/users\/9"}],"replies":[{"embeddable":true,"href":"https:\/\/elfsight.com\/it\/wp-json\/wp\/v2\/comments?post=4621"}],"version-history":[{"count":2,"href":"https:\/\/elfsight.com\/it\/wp-json\/wp\/v2\/pages\/4621\/revisions"}],"predecessor-version":[{"id":8689,"href":"https:\/\/elfsight.com\/it\/wp-json\/wp\/v2\/pages\/4621\/revisions\/8689"}],"up":[{"embeddable":true,"href":"https:\/\/elfsight.com\/it\/wp-json\/wp\/v2\/pages\/1346"}],"wp:attachment":[{"href":"https:\/\/elfsight.com\/it\/wp-json\/wp\/v2\/media?parent=4621"}],"curies":[{"name":"wp","href":"https:\/\/api.w.org\/{rel}","templated":true}]}}