{"id":4620,"date":"2024-05-03T06:37:44","date_gmt":"2024-05-03T06:37:44","guid":{"rendered":"https:\/\/elfsight.com\/it\/?page_id=4620"},"modified":"2024-11-12T08:29:54","modified_gmt":"2024-11-12T08:29:54","slug":"webnode","status":"publish","type":"page","link":"https:\/\/elfsight.com\/it\/online-form-builder\/webnode\/","title":{"rendered":"Form Builder &#8211; Webnode"},"content":{"rendered":"<div class=\"application-platform-content-item-description application-platform-content-item\" id=\"description\" data-nav-section=\"description\"> <h2>Generatore di moduli personalizzati per Webnode<\/h2> <p>Si tratta di uno strumento unificato creato per creare qualsiasi tipo di modulo di compilazione e dimostrarlo su qualsiasi risorsa web. Ottieni informazioni dai tuoi clienti esistenti e potenziali con l&#8217;aiuto di semplici sondaggi, moduli di feedback, richieste di valutazione e altri formati. La possibilit\u00e0 di scegliere l&#8217;impostazione del modulo offre la possibilit\u00e0 di configurare moduli accattivanti per richiamare informazioni sul processo dagli utenti. Non importa quali categorie di informazioni devi avere: pensieri, punteggi, ordini e vendite: Form Builder di Elfsight ti fornir\u00e0 tutto per creare un modulo di compilazione adatto e pratico. Con una struttura flessibile e segmenti diversificati, il tuo modulo sar\u00e0 pratico per la tua clientela ed efficace per te.<\/p> <p><b>Stabilisci la prenotazione e lo shopping tramite moduli convenienti per acquisti semplici e veloci!<\/b><\/p><h3>Vantaggi<\/h3><p><b>Crea moduli attraenti per raccogliere pi\u00f9 feedback<\/b><br>Hai a disposizione un&#8217;ampia variet\u00e0 di articoli che ti consentono di creare moduli divertenti e utilizzabili. Diverse possibilit\u00e0 di personalizzazione del nostro plugin consentiranno di renderlo accattivante e di invogliare pi\u00f9 clienti a compilarlo.<\/p><p><b>Aumenta il numero di lead con moduli gestibili<\/b><br>Non lasciare che la tua clientela lascia il processo di riempimento incompiuto e non smette di raccogliere preziosi feedback. Crea moduli con passaggi pratici e configurazione pratica, che manterranno i clienti coinvolti fino alla fine e aumenteranno il numero di lead.<\/p><p><b>Risparmia tempo e denaro con uno strumento multiuso<\/b><br>Non c&#8217;\u00e8 bisogno di acquistare tante molteplici soluzioni per coprire tutte le tue esigenze nella creazione di moduli di feedback per il tuo sito web. Il nostro generatore di moduli consente di modellare il modulo pi\u00f9 utile per ricevere dati di tutti i formati, grazie ai suoi vari segmenti e alla composizione flessibile.<\/p><\/div><div class=\"application-platform-content-item-features application-platform-content-item\" id=\"features\" data-nav-section=\"features\"> <h2>Caratteristiche del plugin generatore di moduli <\/h2> <p><\/p> <ul><li>Visualizzazione dell&#8217;intestazione del modulo con titolo e testo;<\/li><li>Possibilit\u00e0 di suddividere i campi in pi\u00f9 colonne;<\/li><li>Testi modificabili di Messaggio di ringraziamento e pulsante per la compilazione ripetuta del modulo;<\/li><li>3 layout pronti all&#8217;uso (predefinito, boxed, mobile);<\/li><li>5 stili predefiniti per i campi del modulo.<\/li><\/ul><p><a href=\"#demo\">Controlla tutte le propriet\u00e0 nell&#8217;editor gratuito<\/a><\/p> <\/div> <div class=\"application-platform-content-item-installation application-platform-content-item\" id=\"installation\" data-nav-section=\"installation\"> <h2>Come per aggiungere Form Builder al sito web Webnode<\/h2> <p>Un paio di semplici passaggi sono l&#8217;unica cosa di cui hai bisogno per incorporarlo.<\/p><ol><li><b>Crea il tuo widget Modulo personalizzato<\/b> <br> Gestendo il nostro configuratore gratuito, ottieni un plugin con un aspetto personalizzato e caratteristiche funzionali. <\/li><li><b>Ottieni il codice personale per installare il widget<\/b><br> Dopo aver creato il tuo widget, otterrai il codice di installazione dalla finestra che appare su Elfsight Apps. Copia questo codice. <\/li> <li><b>Aggiungi il widget al tuo sito Webnode<\/b><br> Trova il punto in cui desideri aggiungere il plugin e incolla l\u00ec il codice copiato. Applicare i risultati. <\/li> <li><b>L&#8217;incorporamento \u00e8 riuscito! <\/b><br> Entra nella pagina web per dare un&#8217;occhiata al tuo widget. <\/li> <\/ol><p>Ancora indeciso? O ti sei imbattuto in qualcosa? Una richiesta al nostro team di supporto risolver\u00e0 qualsiasi tipo di problema.<\/p> <div class=\"faq\" data-component=\"FAQ\"> <div class=\"faq-item\">\r\n\t\t\t\t\t<div class=\"faq-item-question\">\r\n\t\t\t\t\t\t<h3 class=\"faq-item-question-text\">Come aggiungere Form Builder al mio sito Webnode senza competenze di programmazione?<\/h3>\r\n\r\n\t\t\t\t\t\t<div class=\"faq-item-question-icon\"><\/div>\r\n\t\t\t\t\t<\/div>\r\n\r\n\t\t\t\t\t<div class=\"faq-item-answer\">\r\n\t\t\t\t\t\t<div class=\"faq-item-answer-text\"> <p>Elfsight fornisce una soluzione SaaS che consente crei tu stesso un widget Form Builder, scopri quanto \u00e8 semplice il processo: lavora direttamente nell&#8217;editor online per creare un widget Form Builder che vorresti vedere sul tuo sito Webnode. Scegli uno dei modelli predefiniti e regola le impostazioni di Form Builder, aggiungi i tuoi contenuti, modifica il layout e la combinazione di colori senza competenze di codifica. Salva il Form Builder e copia il suo codice di installazione, che potrai incollare facilmente nel tuo sito Webnode senza dover acquistare una versione a pagamento. Con il nostro editor intuitivo qualsiasi utente di Internet pu\u00f2 creare widget Form Builder online e incorporarlo facilmente nel proprio sito Webnode. Non \u00e8 necessario pagare o inserire le credenziali della carta per accedere al servizio. In caso di problemi in qualsiasi momento, non esitate a contattare il nostro team di supporto tecnico.<\/p> <\/div>\r\n\t\t\t\t\t<\/div>\r\n\t\t\t\t<\/div> <\/div> <\/div>","protected":false},"excerpt":{"rendered":"","protected":false},"author":9,"featured_media":0,"parent":1346,"menu_order":0,"comment_status":"closed","ping_status":"closed","template":"templates\/template-application-platform.php","meta":{"publish_to_discourse":"","publish_post_category":"","wpdc_auto_publish_overridden":"","wpdc_topic_tags":"","wpdc_pin_topic":"","wpdc_pin_until":"","discourse_post_id":"","discourse_permalink":"","wpdc_publishing_response":"","wpdc_publishing_error":"","footnotes":""},"class_list":["post-4620","page","type-page","status-publish","hentry"],"yoast_head":"<!-- This site is optimized with the Yoast SEO plugin v25.3.1 - https:\/\/yoast.com\/wordpress\/plugins\/seo\/ -->\n<title>Crea e aggiungi moduli personalizzati su Webnode gratuitamente!<\/title>\n<meta name=\"description\" content=\"\u00c8 assolutamente semplice modellare il tuo widget Form Builder e aggiungerlo al sito Webnode. Il servizio clienti Elfsight \u00e8 gratuito e veloce.\" \/>\n<meta name=\"robots\" content=\"index, follow, max-snippet:-1, max-image-preview:large, max-video-preview:-1\" \/>\n<link rel=\"canonical\" href=\"https:\/\/elfsight.com\/it\/online-form-builder\/webnode\/\" \/>\n<meta property=\"og:locale\" content=\"it_IT\" \/>\n<meta property=\"og:type\" content=\"article\" \/>\n<meta property=\"og:title\" content=\"Crea e aggiungi moduli personalizzati su Webnode gratuitamente!\" \/>\n<meta property=\"og:description\" content=\"\u00c8 assolutamente semplice modellare il tuo widget Form Builder e aggiungerlo al sito Webnode. Il servizio clienti Elfsight \u00e8 gratuito e veloce.\" \/>\n<meta property=\"og:url\" content=\"https:\/\/elfsight.com\/it\/online-form-builder\/webnode\/\" \/>\n<meta property=\"og:site_name\" content=\"Elfsight IT\" \/>\n<meta property=\"article:modified_time\" content=\"2024-11-12T08:29:54+00:00\" \/>\n<meta name=\"twitter:card\" content=\"summary_large_image\" \/>\n<meta name=\"twitter:label1\" content=\"Tempo di lettura stimato\" \/>\n\t<meta name=\"twitter:data1\" content=\"3 minuti\" \/>\n<!-- \/ Yoast SEO plugin. -->","yoast_head_json":{"title":"Crea e aggiungi moduli personalizzati su Webnode gratuitamente!","description":"\u00c8 assolutamente semplice modellare il tuo widget Form Builder e aggiungerlo al sito Webnode. Il servizio clienti Elfsight \u00e8 gratuito e veloce.","robots":{"index":"index","follow":"follow","max-snippet":"max-snippet:-1","max-image-preview":"max-image-preview:large","max-video-preview":"max-video-preview:-1"},"canonical":"https:\/\/elfsight.com\/it\/online-form-builder\/webnode\/","og_locale":"it_IT","og_type":"article","og_title":"Crea e aggiungi moduli personalizzati su Webnode gratuitamente!","og_description":"\u00c8 assolutamente semplice modellare il tuo widget Form Builder e aggiungerlo al sito Webnode. Il servizio clienti Elfsight \u00e8 gratuito e veloce.","og_url":"https:\/\/elfsight.com\/it\/online-form-builder\/webnode\/","og_site_name":"Elfsight IT","article_modified_time":"2024-11-12T08:29:54+00:00","twitter_card":"summary_large_image","twitter_misc":{"Tempo di lettura stimato":"3 minuti"},"schema":{"@context":"https:\/\/schema.org","@graph":[{"@type":"WebPage","@id":"https:\/\/elfsight.com\/it\/online-form-builder\/webnode\/","url":"https:\/\/elfsight.com\/it\/online-form-builder\/webnode\/","name":"Crea e aggiungi moduli personalizzati su Webnode gratuitamente!","isPartOf":{"@id":"https:\/\/elfsight.com\/it\/#website"},"datePublished":"2024-05-03T06:37:44+00:00","dateModified":"2024-11-12T08:29:54+00:00","description":"\u00c8 assolutamente semplice modellare il tuo widget Form Builder e aggiungerlo al sito Webnode. Il servizio clienti Elfsight \u00e8 gratuito e veloce.","breadcrumb":{"@id":"https:\/\/elfsight.com\/it\/online-form-builder\/webnode\/#breadcrumb"},"inLanguage":"it-IT","potentialAction":[{"@type":"ReadAction","target":["https:\/\/elfsight.com\/it\/online-form-builder\/webnode\/"]}]},{"@type":"BreadcrumbList","@id":"https:\/\/elfsight.com\/it\/online-form-builder\/webnode\/#breadcrumb","itemListElement":[{"@type":"ListItem","position":1,"name":"Home","item":"https:\/\/elfsight.com\/it\/"},{"@type":"ListItem","position":2,"name":"Form Builder","item":"https:\/\/elfsight.com\/it\/online-form-builder\/"},{"@type":"ListItem","position":3,"name":"Form Builder &#8211; Webnode"}]},{"@type":"WebSite","@id":"https:\/\/elfsight.com\/it\/#website","url":"https:\/\/elfsight.com\/it\/","name":"Elfsight IT","description":"Just another Elfsight Sites site","potentialAction":[{"@type":"SearchAction","target":{"@type":"EntryPoint","urlTemplate":"https:\/\/elfsight.com\/it\/?s={search_term_string}"},"query-input":{"@type":"PropertyValueSpecification","valueRequired":true,"valueName":"search_term_string"}}],"inLanguage":"it-IT"}]}},"meta_box":{"industry":"","seo_heading":"","heading":"","description":"","cta_heading":"","cta_description":"","application":"1345","h1":"Widget di creazione moduli Webnode","h1_caption":"Crea moduli personalizzabili per qualsiasi scopo (feedback, sondaggi, moduli di contatto) senza codifica, semplificando la raccolta di informazioni dai tuoi utenti nel tuo sito Webnode senza sforzo.","application_category":[],"applications_title":"","applications_request_title":"","applications_request_button_text":"","hero_text":"","hero_video":"","hero_video_schema_markup":"","selling_points_title":"","selling_points_caption":"","selling_points":[],"selling_points_cta_text":"","features_title":"","features":"","ed_cta_examples_text":"","ed_cta_examples_hidden":"","ed_cta_demo_text":"","ed_cta_demo_hidden":"","why_caption":"","why_editor_title":"","why_editor_text":"","why_team_title":"","why_team_text":"","why_service_title":"","why_service_text":"","template_catalog_visible":"","template_catalog_title":"","template_catalog_text":"","template_catalog_categories_visible":"","demo_title":"Crea il tuo widget Generatore di moduli","demo_caption":"Configura il tuo generatore di moduli e aggiungilo gratuitamente al tuo sito Webnode!","default_faq_hidden":"","app_template_category":[],"platform":"47","template_public_id":"","codecanyon_url":"","codecanyon_item_id":"","codecanyon_price":"","pricing_caption":"","pricing_elfsight_apps_hide_column":"","pricing_elfsight_apps_url":"","pricing_codecanyon_price_caption":"","integration_category":[],"integration_request_title":"","integration_request_cta":"","integration_platform":"","integrations":[],"platform_category":[],"video_schema_markup":"","price":"da $ 0 al mese","trial":"","benefits":[{"text":"Servizio clienti efficace"},{"text":"Supporto premium"},{"text":"Garanzia di rimborso di 14 giorni"},{"text":"Aggiornamento costante"}],"button_url":"#demo","button_target_blank":"","button_nofollow":"","attributes":[{"name":"Installazioni"},{"name":"Reattivo","content":"S\u00cc"},{"name":"Browser compatibili","content":"Firefox, Safari, Opera, Chrome, Edge"}],"tags":[],"tags_disable_links":"","hide_more_platforms":"","video_object":"","demo_hide_cta":"","demo_hide_cloud_options":"","pricing_title":"","pricing":[{"pricing_icon":"platform","pricing_title":"Elfsight Apps","pricing_title_caption":"Soluzione indipendente dalla piattaforma","pricing_price":"da $ 0 \/ mese","pricing_price_caption":"inizia con il piano gratuito","pricing_benefits":[{"text":"Siti web illimitati"},{"text":"Supporto aziendale premium e ben documentato"},{"text":"Servizio di installazione gratuito"},{"text":"Prezzo speciale per pi\u00f9 app"}],"pricing_button_text":"Aggiungi al sito web","pricing_button_url":"#demo"}],"related_apps_title":"","related_apps_hidden":"","author":"","image":[],"title":"","job":"","social_networks":[]},"_links":{"self":[{"href":"https:\/\/elfsight.com\/it\/wp-json\/wp\/v2\/pages\/4620","targetHints":{"allow":["GET"]}}],"collection":[{"href":"https:\/\/elfsight.com\/it\/wp-json\/wp\/v2\/pages"}],"about":[{"href":"https:\/\/elfsight.com\/it\/wp-json\/wp\/v2\/types\/page"}],"author":[{"embeddable":true,"href":"https:\/\/elfsight.com\/it\/wp-json\/wp\/v2\/users\/9"}],"replies":[{"embeddable":true,"href":"https:\/\/elfsight.com\/it\/wp-json\/wp\/v2\/comments?post=4620"}],"version-history":[{"count":1,"href":"https:\/\/elfsight.com\/it\/wp-json\/wp\/v2\/pages\/4620\/revisions"}],"predecessor-version":[{"id":4624,"href":"https:\/\/elfsight.com\/it\/wp-json\/wp\/v2\/pages\/4620\/revisions\/4624"}],"up":[{"embeddable":true,"href":"https:\/\/elfsight.com\/it\/wp-json\/wp\/v2\/pages\/1346"}],"wp:attachment":[{"href":"https:\/\/elfsight.com\/it\/wp-json\/wp\/v2\/media?parent=4620"}],"curies":[{"name":"wp","href":"https:\/\/api.w.org\/{rel}","templated":true}]}}