{"id":4613,"date":"2024-05-03T06:37:41","date_gmt":"2024-05-03T06:37:41","guid":{"rendered":"https:\/\/elfsight.com\/it\/?page_id=4613"},"modified":"2025-03-14T10:02:59","modified_gmt":"2025-03-14T10:02:59","slug":"google-sites","status":"publish","type":"page","link":"https:\/\/elfsight.com\/it\/online-form-builder\/google-sites\/","title":{"rendered":"Form Builder &#8211; Google Sites"},"content":{"rendered":"\n<div class=\"application-platform-content-item-description application-platform-content-item\" id=\"description\" data-nav-section=\"description\"> <h2>Incorpora Form Builder su Google Sites con il widget Elfsight<\/h2> <p>Elfsight Form Builder \u00e8 una soluzione all-in-one per crea diversi tipi di moduli di compilazione e aggiungili al tuo sito web, incluso il modulo d&#8217;ordine di Google Sites. Ottieni informazioni dai tuoi clienti attuali e potenziali tramite sondaggi gestibili, moduli di feedback, richieste di valutazione e altro ancora. Progetta la struttura del modulo, aggiungi per costruire moduli personalizzati per raccogliere feedback dai tuoi clienti. Qualunque siano le categorie di dati che intendi avere: impressioni, punteggi, ordini e vendite, ti consentiremo di creare il modulo di compilazione pi\u00f9 adatto. Con una struttura regolabile e una variet\u00e0 di elementi disponibili, il tuo modulo sar\u00e0 utile per i tuoi clienti e coinvolgente per te.<\/p> <p><b>Raccogli opinioni, idee, sentimenti e valutazioni degli utenti per migliorare la tua attivit\u00e0! <\/b><\/p> <\/div> <div class=\"faq\" data-component=\"FAQ\"><div class=\"faq-item\">\r\n\t\t\t\t\t<div class=\"faq-item-question\">\r\n\t\t\t\t\t\t<h3 class=\"faq-item-question-text\">Come posso proteggere i dati del modulo client di Google Sites sulle mie pagine?<\/h3>\r\n\r\n\t\t\t\t\t\t<div class=\"faq-item-question-icon\"><\/div>\r\n\t\t\t\t\t<\/div>\r\n\r\n\t\t\t\t\t<div class=\"faq-item-answer\">\r\n\t\t\t\t\t\t<div class=\"faq-item-answer-text\"><p>Elfsight Form Il widget Builder \u00e8 integrato con uno degli strumenti reCAPTCHA pi\u00f9 potenti. \u00c8 stato aggiunto per proteggere il modulo e la casella di posta dallo spam e garantire un lavoro regolare e solo dati preziosi. <\/p><\/div>\r\n\t\t\t\t\t<\/div>\r\n\t\t\t\t<\/div><div class=\"faq-item\">\r\n\t\t\t\t\t<div class=\"faq-item-question\">\r\n\t\t\t\t\t\t<h3 class=\"faq-item-question-text\">Esistono modelli che supportano moduli logici condizionali\/moduli a campi multipli\/e-mail?<\/h3>\r\n\r\n\t\t\t\t\t\t<div class=\"faq-item-question-icon\"><\/div>\r\n\t\t\t\t\t<\/div>\r\n\r\n\t\t\t\t\t<div class=\"faq-item-answer\">\r\n\t\t\t\t\t\t<div class=\"faq-item-answer-text\"><p>Certamente! Tutto quello che devi fare \u00e8 accedere a Elfsight Apps e scegliere qualsiasi modello pertinente, quindi iniziare a creare il tuo widget personalizzato. <\/p><\/div>\r\n\t\t\t\t\t<\/div>\r\n\t\t\t\t<\/div><div class=\"faq-item\">\r\n\t\t\t\t\t<div class=\"faq-item-question\">\r\n\t\t\t\t\t\t<h3 class=\"faq-item-question-text\">In che modo posso creare un modulo di contatto\/feedback per il mio sito Google Sites?<\/h3>\r\n\r\n\t\t\t\t\t\t<div class=\"faq-item-question-icon\"><\/div>\r\n\t\t\t\t\t<\/div>\r\n\r\n\t\t\t\t\t<div class=\"faq-item-answer\">\r\n\t\t\t\t\t\t<div class=\"faq-item-answer-text\"><p>Per configurare il modulo di contatto\/feedback, devi accedere al sito web di Elfsight Apps e apportare tutte le modifiche necessarie al widget. Dopo le modifiche, salva le modifiche e procedi al tuo sito. Hai finito. <\/p><\/div>\r\n\t\t\t\t\t<\/div>\r\n\t\t\t\t<\/div><div class=\"faq-item\">\r\n\t\t\t\t\t<div class=\"faq-item-question\">\r\n\t\t\t\t\t\t<h3 class=\"faq-item-question-text\">Esistono modelli di creazione moduli personalizzati per il sito web di Google Sites?<\/h3>\r\n\r\n\t\t\t\t\t\t<div class=\"faq-item-question-icon\"><\/div>\r\n\t\t\t\t\t<\/div>\r\n\r\n\t\t\t\t\t<div class=\"faq-item-answer\">\r\n\t\t\t\t\t\t<div class=\"faq-item-answer-text\"><p>S\u00ec. Elfsight ha preparato una vasta selezione di oltre 300 <a href=\"https:\/\/elfsight.com\/online-form-builder\/templates\/\">modelli di Form Builder<\/a> con elementi e funzionalit\u00e0 personalizzabili. Puoi trovare un modello di modulo per ogni occasione, ad esempio <a href=\"https:\/\/elfsight.com\/online-form-builder\/templates\/application-forms\/\">Moduli di domanda<\/a>, <a href=\"https:\/\/elfsight.com\/online-form-builder\/templates\/booking-forms\/\">Moduli di prenotazione<\/a>, <a href=\"https:\/\/elfsight.com\/online-form-builder\/templates\/order-forms\/\">Moduli d&#8217;ordine<\/a>, <a href=\"https:\/\/elfsight.com\/online-form-builder\/templates\/product-forms\/\">Moduli di prodotto<\/a>, <a href=\"https:\/\/elfsight.com\/online-form-builder\/templates\/questionnaires\/\">Questionari<\/a>, <a href=\"https:\/\/elfsight.com\/online-form-builder\/templates\/quizzes\/\">Quiz<\/a>, <a href=\"https:\/\/elfsight.com\/online-form-builder\/templates\/surveys\/\">Sondaggi<\/a>, <a href=\"https:\/\/elfsight.com\/online-form-builder\/templates\/file-upload-forms\/\">Moduli di caricamento file<\/a> e molti altri.<\/p><\/div>\r\n\t\t\t\t\t<\/div>\r\n\t\t\t\t<\/div><div class=\"faq-item\">\r\n\t\t\t\t\t<div class=\"faq-item-question\">\r\n\t\t\t\t\t\t<h3 class=\"faq-item-question-text\">Come posso incorporare una Galleria video di YouTube nel mio sito web Squarespace senza competenze di programmazione?<\/h3>\r\n\r\n\t\t\t\t\t\t<div class=\"faq-item-question-icon\"><\/div>\r\n\t\t\t\t\t<\/div>\r\n\r\n\t\t\t\t\t<div class=\"faq-item-answer\">\r\n\t\t\t\t\t\t<div class=\"faq-item-answer-text\"><p>Elfsight fornisce una soluzione basata su cloud che consente agli utenti di generare una Galleria video di YouTube in modo indipendente. Scopri quanto \u00e8 semplice la procedura:<\/p><ul><li>Entra nell&#8217;editor online per creare una sezione per la tua Galleria video di YouTube che desideri integrare nel tuo sito Squarespace.<\/li><li>Seleziona uno dei i nostri modelli predefiniti e regola le impostazioni della Galleria video di YouTube, modifica il layout e la combinazione di colori, incorpora i tuoi contenuti senza alcuna necessit\u00e0 di codifica.<\/li><li>Conserva le preferenze che hai configurato per la tua Galleria video di YouTube e ottieni il codice del widget per l&#8217;incorporamento, che pu\u00f2 essere incluso facilmente e gratuitamente nel tuo sito Squarespace.<\/li><\/ul><p>Operando nell&#8217;editor intuitivo, qualsiasi utente di Internet pu\u00f2 creare una Galleria video di YouTube sezione e inserirla nel loro sito web Squarespace. Non esiste alcun prerequisito per il pagamento o la rivelazione dei dati della tua carta per accedere all&#8217;editor Elfsight. In caso di problemi in qualsiasi fase, non esitare a contattare la nostra assistenza clienti.<\/p><\/div>\r\n\t\t\t\t\t<\/div>\r\n\t\t\t\t<\/div><\/div><div class=\"application-platform-content-item-features application-platform-content-item\" id=\"features\" data-nav-section=\"features\"> <h2>Caratteristiche del plug-in di creazione moduli<\/h2> <ul><li>Crea moduli classici e passo-passo unendo gli elementi in gruppi<\/li><li>Possibilit\u00e0 di suddividere i campi in pi\u00f9 colonne<\/li><li>Testi modificabili del messaggio di ringraziamento e del pulsante per la compilazione ripetuta del modulo<\/li><li>Facoltativo, salva la funzione di avanzamento della compilazione<\/li><\/ul><p><a href=\"#demo\">Puoi sentire se il widget fa per te provando il demo<\/a><\/p> <\/div> <div class=\"application-platform-content-item-installation application-platform-content-item\" id=\"installation\" data-nav-section=\"installation\"> <h2>Come faccio ad aggiungere un modulo a Google Sites<\/h2> <p>Segui semplicemente questi passaggi indicati di seguito per attivare il plug-in .<\/p> <ol><li><b>Esegui il nostro editor gratuito e inizia a modellare il tuo plugin unico.<\/b><br> Determina la forma e le caratteristiche desiderabili dello strumento e salva le modifiche.<\/li> <li><b>Ottieni il codice univoco mostrato nella casella sulle app Elfsight. <\/b><br> Dopo aver completato la configurazione del tuo plug-in personale, copia il codice personale dal popup emerso e salvalo per occasioni future.<\/li> <li><b>Inizia a utilizzare il modulo su Google Sites .<\/b><br> Inserisci il codice che hai copiato in precedenza nella tua pagina e salva le modifiche. <\/li> <li><b>L&#8217;installazione \u00e8 stata eseguita con successo.<\/b><br> Vai al tuo sito web per verificare le prestazioni dello strumento.<\/li><\/ol> <div class=\"tip-yellow tip\"><b>A causa di Date le peculiarit\u00e0 del funzionamento di Google Sites, il widget potrebbe avere un aspetto diverso dalla demo online. Ci scusiamo per gli eventuali disagi causati.<\/b><\/div><p>Se incontri degli ostacoli, non esitare a contattare il nostro personale di supporto. I nostri specialisti saranno entusiasti di aiutarti con tutte le difficolt\u00e0 che potresti incontrare con lo strumento.<\/p> <\/div>\n","protected":false},"excerpt":{"rendered":"","protected":false},"author":9,"featured_media":0,"parent":1346,"menu_order":0,"comment_status":"closed","ping_status":"closed","template":"templates\/template-application-platform.php","meta":{"publish_to_discourse":"","publish_post_category":"","wpdc_auto_publish_overridden":"","wpdc_topic_tags":"","wpdc_pin_topic":"","wpdc_pin_until":"","discourse_post_id":"","discourse_permalink":"","wpdc_publishing_response":"","wpdc_publishing_error":"","footnotes":""},"class_list":["post-4613","page","type-page","status-publish","hentry"],"yoast_head":"<!-- This site is optimized with the Yoast SEO plugin v25.3.1 - https:\/\/yoast.com\/wordpress\/plugins\/seo\/ -->\n<title>Crea e aggiungi gratuitamente un modulo personalizzato su Google Sites!<\/title>\n<meta name=\"description\" content=\"Implementa un widget reattivo per la creazione di moduli sui tuoi siti Google e guadagna piena fiducia. Utilizza la demo di Elfsight per creare la tua funzionalit\u00e0 personalizzata.\" \/>\n<meta name=\"robots\" content=\"index, follow, max-snippet:-1, max-image-preview:large, max-video-preview:-1\" \/>\n<link rel=\"canonical\" href=\"https:\/\/elfsight.com\/it\/online-form-builder\/google-sites\/\" \/>\n<meta property=\"og:locale\" content=\"it_IT\" \/>\n<meta property=\"og:type\" content=\"article\" \/>\n<meta property=\"og:title\" content=\"Crea e aggiungi gratuitamente un modulo personalizzato su Google Sites!\" \/>\n<meta property=\"og:description\" content=\"Implementa un widget reattivo per la creazione di moduli sui tuoi siti Google e guadagna piena fiducia. Utilizza la demo di Elfsight per creare la tua funzionalit\u00e0 personalizzata.\" \/>\n<meta property=\"og:url\" content=\"https:\/\/elfsight.com\/it\/online-form-builder\/google-sites\/\" \/>\n<meta property=\"og:site_name\" content=\"Elfsight IT\" \/>\n<meta property=\"article:modified_time\" content=\"2025-03-14T10:02:59+00:00\" \/>\n<meta name=\"twitter:card\" content=\"summary_large_image\" \/>\n<meta name=\"twitter:label1\" content=\"Tempo di lettura stimato\" \/>\n\t<meta name=\"twitter:data1\" content=\"5 minuti\" \/>\n<!-- \/ Yoast SEO plugin. -->","yoast_head_json":{"title":"Crea e aggiungi gratuitamente un modulo personalizzato su Google Sites!","description":"Implementa un widget reattivo per la creazione di moduli sui tuoi siti Google e guadagna piena fiducia. Utilizza la demo di Elfsight per creare la tua funzionalit\u00e0 personalizzata.","robots":{"index":"index","follow":"follow","max-snippet":"max-snippet:-1","max-image-preview":"max-image-preview:large","max-video-preview":"max-video-preview:-1"},"canonical":"https:\/\/elfsight.com\/it\/online-form-builder\/google-sites\/","og_locale":"it_IT","og_type":"article","og_title":"Crea e aggiungi gratuitamente un modulo personalizzato su Google Sites!","og_description":"Implementa un widget reattivo per la creazione di moduli sui tuoi siti Google e guadagna piena fiducia. Utilizza la demo di Elfsight per creare la tua funzionalit\u00e0 personalizzata.","og_url":"https:\/\/elfsight.com\/it\/online-form-builder\/google-sites\/","og_site_name":"Elfsight IT","article_modified_time":"2025-03-14T10:02:59+00:00","twitter_card":"summary_large_image","twitter_misc":{"Tempo di lettura stimato":"5 minuti"},"schema":{"@context":"https:\/\/schema.org","@graph":[{"@type":"WebPage","@id":"https:\/\/elfsight.com\/it\/online-form-builder\/google-sites\/","url":"https:\/\/elfsight.com\/it\/online-form-builder\/google-sites\/","name":"Crea e aggiungi gratuitamente un modulo personalizzato su Google Sites!","isPartOf":{"@id":"https:\/\/elfsight.com\/it\/#website"},"datePublished":"2024-05-03T06:37:41+00:00","dateModified":"2025-03-14T10:02:59+00:00","description":"Implementa un widget reattivo per la creazione di moduli sui tuoi siti Google e guadagna piena fiducia. Utilizza la demo di Elfsight per creare la tua funzionalit\u00e0 personalizzata.","breadcrumb":{"@id":"https:\/\/elfsight.com\/it\/online-form-builder\/google-sites\/#breadcrumb"},"inLanguage":"it-IT","potentialAction":[{"@type":"ReadAction","target":["https:\/\/elfsight.com\/it\/online-form-builder\/google-sites\/"]}]},{"@type":"BreadcrumbList","@id":"https:\/\/elfsight.com\/it\/online-form-builder\/google-sites\/#breadcrumb","itemListElement":[{"@type":"ListItem","position":1,"name":"Home","item":"https:\/\/elfsight.com\/it\/"},{"@type":"ListItem","position":2,"name":"Form Builder","item":"https:\/\/elfsight.com\/it\/online-form-builder\/"},{"@type":"ListItem","position":3,"name":"Form Builder &#8211; Google Sites"}]},{"@type":"WebSite","@id":"https:\/\/elfsight.com\/it\/#website","url":"https:\/\/elfsight.com\/it\/","name":"Elfsight IT","description":"Just another Elfsight Sites site","potentialAction":[{"@type":"SearchAction","target":{"@type":"EntryPoint","urlTemplate":"https:\/\/elfsight.com\/it\/?s={search_term_string}"},"query-input":{"@type":"PropertyValueSpecification","valueRequired":true,"valueName":"search_term_string"}}],"inLanguage":"it-IT"}]}},"meta_box":{"industry":"","seo_heading":"","heading":"","description":"","cta_heading":"","cta_description":"","application":"1345","h1":"Widget Generatore di moduli di Google Sites","h1_caption":"Crea moduli personalizzabili per qualsiasi scopo (feedback, sondaggi, moduli di contatto) senza codifica, semplificando la raccolta di informazioni dai tuoi utenti nei tuoi siti Google.","application_category":[],"applications_title":"","applications_request_title":"","applications_request_button_text":"","hero_text":"","hero_video":"","hero_video_schema_markup":"","selling_points_title":"","selling_points_caption":"","selling_points":[],"selling_points_cta_text":"","features_title":"","features":"","ed_cta_examples_text":"","ed_cta_examples_hidden":"","ed_cta_demo_text":"","ed_cta_demo_hidden":"","why_caption":"","why_editor_title":"","why_editor_text":"","why_team_title":"","why_team_text":"","why_service_title":"","why_service_text":"","template_catalog_visible":"0","template_catalog_title":"","template_catalog_text":"","template_catalog_categories_visible":"","demo_title":"Crea il tuo widget Generatore di moduli","demo_caption":"Configura il tuo generatore di moduli e aggiungilo gratuitamente al tuo sito web di Google Sites!","default_faq_hidden":"","app_template_category":[],"platform":"105","template_public_id":"","codecanyon_url":"","codecanyon_item_id":"","codecanyon_price":"","pricing_caption":"","pricing_elfsight_apps_hide_column":"","pricing_elfsight_apps_url":"","pricing_codecanyon_price_caption":"","integration_category":[],"integration_request_title":"","integration_request_cta":"","integration_platform":"","integrations":[],"platform_category":[],"video_schema_markup":"","price":"da $ 0 al mese","trial":"","benefits":[{"text":"Aiuto per l'installazione gratuito"},{"text":"Supporto eccezionale"},{"text":"Garanzia di rimborso di 14 giorni"},{"text":"Aggiornamenti gratuiti a vita"}],"button_url":"#demo","button_target_blank":"0","button_nofollow":"0","attributes":[{"name":"Installazioni"},{"name":"Reattivit\u00e0","content":"S\u00cc"},{"name":"Browser compatibili","content":"Firefox, Safari, Opera, Chrome, Edge"}],"tags":[],"tags_disable_links":"0","hide_more_platforms":"0","video_object":"","demo_hide_cta":"0","demo_hide_cloud_options":"0","pricing_title":"","pricing":[{"pricing_icon":"platform","pricing_title":"Elfsight Apps","pricing_title_caption":"Versione multipiattaforma adatta a qualsiasi sito web","pricing_price":"da $ 0 \/ mese","pricing_price_caption":"inizia con il piano gratuito","pricing_benefits":[{"text":"Numero illimitato di domini"},{"text":"Assistenza gratuita e puntuale"},{"text":"Supporto gratuito per l'installazione"},{"text":"100% personalizzabile"}],"pricing_button_text":"Aggiungi al sito web","pricing_button_url":"#demo"}],"related_apps_title":"","related_apps_hidden":"0","author":"","image":[],"title":"","job":"","social_networks":[]},"_links":{"self":[{"href":"https:\/\/elfsight.com\/it\/wp-json\/wp\/v2\/pages\/4613","targetHints":{"allow":["GET"]}}],"collection":[{"href":"https:\/\/elfsight.com\/it\/wp-json\/wp\/v2\/pages"}],"about":[{"href":"https:\/\/elfsight.com\/it\/wp-json\/wp\/v2\/types\/page"}],"author":[{"embeddable":true,"href":"https:\/\/elfsight.com\/it\/wp-json\/wp\/v2\/users\/9"}],"replies":[{"embeddable":true,"href":"https:\/\/elfsight.com\/it\/wp-json\/wp\/v2\/comments?post=4613"}],"version-history":[{"count":2,"href":"https:\/\/elfsight.com\/it\/wp-json\/wp\/v2\/pages\/4613\/revisions"}],"predecessor-version":[{"id":8725,"href":"https:\/\/elfsight.com\/it\/wp-json\/wp\/v2\/pages\/4613\/revisions\/8725"}],"up":[{"embeddable":true,"href":"https:\/\/elfsight.com\/it\/wp-json\/wp\/v2\/pages\/1346"}],"wp:attachment":[{"href":"https:\/\/elfsight.com\/it\/wp-json\/wp\/v2\/media?parent=4613"}],"curies":[{"name":"wp","href":"https:\/\/api.w.org\/{rel}","templated":true}]}}