{"id":4580,"date":"2024-05-03T06:37:24","date_gmt":"2024-05-03T06:37:24","guid":{"rendered":"https:\/\/elfsight.com\/it\/?page_id=4580"},"modified":"2025-03-21T13:42:19","modified_gmt":"2025-03-21T13:42:19","slug":"bigcommerce","status":"publish","type":"page","link":"https:\/\/elfsight.com\/it\/file-embed-widget\/bigcommerce\/","title":{"rendered":"File Embed &#8211; BigCommerce"},"content":{"rendered":"\n<div class=\"application-platform-content-item-description application-platform-content-item\" id=\"description\" data-nav-section=\"description\"> <h2>Descrizione<\/h2> <p>Elfsight File Embed \u00e8 uno dei widget pi\u00f9 semplici e veloci per inserire file in un sito web. Incorpora tutti i formati pi\u00f9 diffusi: PDF, Docx, Jpg, Pptx \u2013 il tutto in circa 20 formati. Per una maggiore comodit\u00e0 d&#8217;uso, i documenti possono essere inseriti tramite caricamento diretto, tramite la loro URL, oppure selezionando dalla lista gli ultimi caricati. Puoi assegnare un nome a ciascun documento, caricare un&#8217;icona personalizzata e un&#8217;immagine di anteprima, scegliere l&#8217;opzione di layout dei file e altro ancora. Il tuo pubblico pu\u00f2 visualizzare i documenti direttamente sulla pagina, in una nuova scheda del browser, e scaricarli. <\/p> <div class=\"faq\" data-component=\"FAQ\"> <div class=\"faq-item\">\r\n\t\t\t\t\t<div class=\"faq-item-question\">\r\n\t\t\t\t\t\t<h3 class=\"faq-item-question-text\">Dove posso pubblicare il widget sul mio sito<\/h3>\r\n\r\n\t\t\t\t\t\t<div class=\"faq-item-question-icon\"><\/div>\r\n\t\t\t\t\t<\/div>\r\n\r\n\t\t\t\t\t<div class=\"faq-item-answer\">\r\n\t\t\t\t\t\t<div class=\"faq-item-answer-text\"> <p>Sentiti libero di applicare il widget Incorpora file su ogni pagina del tuo sito. Pertanto, puoi applicarlo per mostrare i tuoi documenti tecnici o istruzioni sulle pagine dei prodotti o vantare i tuoi diplomi e certificati nella pagina Chi siamo. <\/p> <\/div>\r\n\t\t\t\t\t<\/div>\r\n\t\t\t\t<\/div> <div class=\"faq-item\">\r\n\t\t\t\t\t<div class=\"faq-item-question\">\r\n\t\t\t\t\t\t<h3 class=\"faq-item-question-text\">Quali sono i vantaggi di avere File Embed per me?<\/h3>\r\n\r\n\t\t\t\t\t\t<div class=\"faq-item-question-icon\"><\/div>\r\n\t\t\t\t\t<\/div>\r\n\r\n\t\t\t\t\t<div class=\"faq-item-answer\">\r\n\t\t\t\t\t\t<div class=\"faq-item-answer-text\"> <p>Il nostro widget pu\u00f2 farti risparmiare molto tempo, perch\u00e9 con esso, l&#8217;aggiunta di documenti nel tuo sito richiede solo pochi secondi. Inoltre, puoi fornire molti dati significativi sui tuoi articoli e servizi per migliorare la comprensione delle tue offerte da parte dei clienti. <\/p> <\/div>\r\n\t\t\t\t\t<\/div>\r\n\t\t\t\t<\/div> <div class=\"faq-item\">\r\n\t\t\t\t\t<div class=\"faq-item-question\">\r\n\t\t\t\t\t\t<h3 class=\"faq-item-question-text\">Come posso incorporare File Embed nel mio sito web Bigcommerce?<\/h3>\r\n\r\n\t\t\t\t\t\t<div class=\"faq-item-question-icon\"><\/div>\r\n\t\t\t\t\t<\/div>\r\n\r\n\t\t\t\t\t<div class=\"faq-item-answer\">\r\n\t\t\t\t\t\t<div class=\"faq-item-answer-text\"> <p>Ci vogliono tre minuti del tuo tempo per incorporare il widget. L&#8217;installazione \u00e8 davvero rapida, gratuita e senza codifica. <\/p> <ol> <li>Puoi posizionare il widget sulla tua pagina web direttamente tramite il nostro servizio. Basta seguire la guida in basso in questa pagina. <\/li> <li>Il widget pu\u00f2 essere inserito tramite il nostro servizio o tramite il marketplace. Qui puoi leggere maggiori dettagli sulle due opzioni e scegliere la tua. <\/li> <\/ol> <\/div>\r\n\t\t\t\t\t<\/div>\r\n\t\t\t\t<\/div> <\/div> <\/div> <div class=\"application-platform-content-item-features application-platform-content-item\" id=\"features\" data-nav-section=\"features\"> <h2>Caratteristiche<\/h2> <p>Per avere una conoscenza completa del widget, guarda l&#8217;elenco delle caratteristiche essenziali. Rendono il nostro widget estremamente efficiente per te: <\/p> <ul><li>Inserisci documenti illimitati; <\/li> <li>Opzione di layout Visualizzatore file per sfogliare i file sul sito; <\/li> <li>Caricamento di immagini per icone e anteprime dei documenti; <\/li> <li>Visualizza o nascondi il testo del file scaricato; <\/li> <li> Dipingi sei dettagli dell&#8217;interfaccia. <\/li> <\/ul><p><a href=\"#demo\">La demo ti riveler\u00e0 tutte le funzionalit\u00e0<\/a><\/p> <\/div> <div class=\"application-platform-content-item-installation application-platform-content-item\" id=\"installation\" data-nav-section=\"installation\"> <h2>Controlla come incorporare il widget File Embed nel tuo sito web BigCommerce<\/h2> <div class=\"video-container\"><iframe width=\"560\" height=\"315\" src=\"https:\/\/www.youtube.com\/embed\/ZCni6DklpOM?si=g7qgvtNDuiQhdKnA\" frameborder=\"0\" allow=\"accelerometer; autoplay; clipboard-write; encrypted-media; gyroscope; picture-in-picture; web-share\" allowfullscreen><\/iframe><\/div><p>Basta applicare le istruzioni seguenti per iniziare a utilizzare l&#8217;app su BigCommerce.<\/p> <ol><li><b>Lancia il nostro configuratore gratuito e inizia a creare il tuo aggeggio. <\/b><br> Determina il layout e i parametri selezionati dell&#8217;app File Embed e applica le modifiche. <\/li> <li><b>Ricevi il codice univoco rivelato nel riquadro su Elfsight Apps. <\/b><br> Subito dopo aver completato la creazione del tuo widget personale, copia il codice individuale dal popup visualizzato e salvalo per un utilizzo successivo. <\/li> <li><b>Avvia l&#8217;utilizzo del widget sul tuo sito web BigCommerce. <\/b><br> Aggiungi il codice che hai copiato di recente nel tuo sito e salva le modifiche. <\/li> <li><b>L&#8217;installazione \u00e8 completamente terminata. <\/b><br> Vai al tuo sito per osservare come funziona lo strumento. <\/li><\/ol><p>Non riesci ancora a prendere una decisione? O hai domande? Basta semplicemente indirizzare una richiesta al nostro supporto clienti, risolveranno ogni problema. <\/p> <\/div>\n","protected":false},"excerpt":{"rendered":"","protected":false},"author":9,"featured_media":0,"parent":2319,"menu_order":0,"comment_status":"closed","ping_status":"closed","template":"templates\/template-application-platform.php","meta":{"publish_to_discourse":"","publish_post_category":"","wpdc_auto_publish_overridden":"","wpdc_topic_tags":"","wpdc_pin_topic":"","wpdc_pin_until":"","discourse_post_id":"","discourse_permalink":"","wpdc_publishing_response":"","wpdc_publishing_error":"","footnotes":""},"class_list":["post-4580","page","type-page","status-publish","hentry"],"yoast_head":"<!-- This site is optimized with the Yoast SEO plugin v25.3.1 - https:\/\/yoast.com\/wordpress\/plugins\/seo\/ -->\n<title>App Visualizzatore file: incorpora qualsiasi file nel tuo sito Web BigCommerce (2026)<\/title>\n<meta name=\"description\" content=\"Non \u00e8 un problema modellare il tuo widget Incorpora file e aggiungerlo al tuo sito web BigCommerce. L&#039;assistenza clienti Elfsight \u00e8 gratuita e veloce.\" \/>\n<meta name=\"robots\" content=\"index, follow, max-snippet:-1, max-image-preview:large, max-video-preview:-1\" \/>\n<link rel=\"canonical\" href=\"https:\/\/elfsight.com\/it\/file-embed-widget\/bigcommerce\/\" \/>\n<meta property=\"og:locale\" content=\"it_IT\" \/>\n<meta property=\"og:type\" content=\"article\" \/>\n<meta property=\"og:title\" content=\"App Visualizzatore file: incorpora qualsiasi file nel tuo sito Web BigCommerce (2026)\" \/>\n<meta property=\"og:description\" content=\"Non \u00e8 un problema modellare il tuo widget Incorpora file e aggiungerlo al tuo sito web BigCommerce. L&#039;assistenza clienti Elfsight \u00e8 gratuita e veloce.\" \/>\n<meta property=\"og:url\" content=\"https:\/\/elfsight.com\/it\/file-embed-widget\/bigcommerce\/\" \/>\n<meta property=\"og:site_name\" content=\"Elfsight IT\" \/>\n<meta property=\"article:modified_time\" content=\"2025-03-21T13:42:19+00:00\" \/>\n<meta name=\"twitter:card\" content=\"summary_large_image\" \/>\n<meta name=\"twitter:label1\" content=\"Tempo di lettura stimato\" \/>\n\t<meta name=\"twitter:data1\" content=\"3 minuti\" \/>\n<!-- \/ Yoast SEO plugin. -->","yoast_head_json":{"title":"App Visualizzatore file: incorpora qualsiasi file nel tuo sito Web BigCommerce (2026)","description":"Non \u00e8 un problema modellare il tuo widget Incorpora file e aggiungerlo al tuo sito web BigCommerce. L'assistenza clienti Elfsight \u00e8 gratuita e veloce.","robots":{"index":"index","follow":"follow","max-snippet":"max-snippet:-1","max-image-preview":"max-image-preview:large","max-video-preview":"max-video-preview:-1"},"canonical":"https:\/\/elfsight.com\/it\/file-embed-widget\/bigcommerce\/","og_locale":"it_IT","og_type":"article","og_title":"App Visualizzatore file: incorpora qualsiasi file nel tuo sito Web BigCommerce (2026)","og_description":"Non \u00e8 un problema modellare il tuo widget Incorpora file e aggiungerlo al tuo sito web BigCommerce. L'assistenza clienti Elfsight \u00e8 gratuita e veloce.","og_url":"https:\/\/elfsight.com\/it\/file-embed-widget\/bigcommerce\/","og_site_name":"Elfsight IT","article_modified_time":"2025-03-21T13:42:19+00:00","twitter_card":"summary_large_image","twitter_misc":{"Tempo di lettura stimato":"3 minuti"},"schema":{"@context":"https:\/\/schema.org","@graph":[{"@type":"WebPage","@id":"https:\/\/elfsight.com\/it\/file-embed-widget\/bigcommerce\/","url":"https:\/\/elfsight.com\/it\/file-embed-widget\/bigcommerce\/","name":"App Visualizzatore file: incorpora qualsiasi file nel tuo sito Web BigCommerce (2026)","isPartOf":{"@id":"https:\/\/elfsight.com\/it\/#website"},"datePublished":"2024-05-03T06:37:24+00:00","dateModified":"2025-03-21T13:42:19+00:00","description":"Non \u00e8 un problema modellare il tuo widget Incorpora file e aggiungerlo al tuo sito web BigCommerce. L'assistenza clienti Elfsight \u00e8 gratuita e veloce.","breadcrumb":{"@id":"https:\/\/elfsight.com\/it\/file-embed-widget\/bigcommerce\/#breadcrumb"},"inLanguage":"it-IT","potentialAction":[{"@type":"ReadAction","target":["https:\/\/elfsight.com\/it\/file-embed-widget\/bigcommerce\/"]}]},{"@type":"BreadcrumbList","@id":"https:\/\/elfsight.com\/it\/file-embed-widget\/bigcommerce\/#breadcrumb","itemListElement":[{"@type":"ListItem","position":1,"name":"Home","item":"https:\/\/elfsight.com\/it\/"},{"@type":"ListItem","position":2,"name":"File Embed","item":"https:\/\/elfsight.com\/it\/file-embed-widget\/"},{"@type":"ListItem","position":3,"name":"File Embed &#8211; BigCommerce"}]},{"@type":"WebSite","@id":"https:\/\/elfsight.com\/it\/#website","url":"https:\/\/elfsight.com\/it\/","name":"Elfsight IT","description":"Just another Elfsight Sites site","potentialAction":[{"@type":"SearchAction","target":{"@type":"EntryPoint","urlTemplate":"https:\/\/elfsight.com\/it\/?s={search_term_string}"},"query-input":{"@type":"PropertyValueSpecification","valueRequired":true,"valueName":"search_term_string"}}],"inLanguage":"it-IT"}]}},"meta_box":{"industry":"","seo_heading":"","heading":"","description":"","cta_heading":"","cta_description":"","application":"2318","h1":"Applicazione BigCommerce FIle incorporata","h1_caption":"Incorpora documenti, fogli di calcolo e altri file nel tuo sito Web per visualizzarli e scaricarli facilmente nel tuo sito Web BigCommerce.","application_category":[],"applications_title":"","applications_request_title":"","applications_request_button_text":"","hero_text":"","hero_video":"","hero_video_schema_markup":"","selling_points_title":"","selling_points_caption":"","selling_points":[],"selling_points_cta_text":"","features_title":"","features":"","ed_cta_examples_text":"","ed_cta_examples_hidden":"","ed_cta_demo_text":"","ed_cta_demo_hidden":"","why_caption":"","why_editor_title":"","why_editor_text":"","why_team_title":"","why_team_text":"","why_service_title":"","why_service_text":"","template_catalog_visible":"0","template_catalog_title":"","template_catalog_text":"","template_catalog_categories_visible":"","demo_title":"Crea la tua app Incorpora file","demo_caption":"Configura il tuo file incorporato e aggiungilo gratuitamente al tuo sito web BigCommerce!","default_faq_hidden":"","app_template_category":[],"platform":"32","template_public_id":"","codecanyon_url":"","codecanyon_item_id":"","codecanyon_price":"","pricing_caption":"","pricing_elfsight_apps_hide_column":"","pricing_elfsight_apps_url":"","pricing_codecanyon_price_caption":"","integration_category":[],"integration_request_title":"","integration_request_cta":"","integration_platform":"","integrations":[],"platform_category":[],"video_schema_markup":"","price":"da $ 0 al mese","trial":"","benefits":[{"text":"Servizio di installazione gratuito"},{"text":"Servizio clienti professionale"},{"text":"Garanzia di rimborso di 14 giorni"},{"text":"Sviluppo continuo"}],"button_url":"#demo","button_target_blank":"0","button_nofollow":"0","attributes":[{"name":"Installazioni"},{"name":"Reattivo","content":"S\u00cc"},{"name":"Browser compatibili","content":"IE11, Firefox, Safari, Opera, Chrome, Edge"}],"tags":[],"tags_disable_links":"0","hide_more_platforms":"0","video_object":"","demo_hide_cta":"0","demo_hide_cloud_options":"0","pricing_title":"","pricing":[{"pricing_icon":"platform","pricing_title":"Elfsight Apps","pricing_title_caption":"Software multipiattaforma che funziona su qualsiasi sito","pricing_price":"da $ 0 \/ mese","pricing_price_caption":"inizia con un piano gratuito","pricing_benefits":[{"text":"Domini illimitati"},{"text":"Supporto dedicato e puntuale"},{"text":"Assistenza per l'installazione gratuita"},{"text":"100% personalizzabile"}],"pricing_button_text":"Aggiungi al sito web","pricing_button_url":"#demo"}],"related_apps_title":"","related_apps_hidden":"0","author":"","image":[],"title":"","job":"","social_networks":[]},"_links":{"self":[{"href":"https:\/\/elfsight.com\/it\/wp-json\/wp\/v2\/pages\/4580","targetHints":{"allow":["GET"]}}],"collection":[{"href":"https:\/\/elfsight.com\/it\/wp-json\/wp\/v2\/pages"}],"about":[{"href":"https:\/\/elfsight.com\/it\/wp-json\/wp\/v2\/types\/page"}],"author":[{"embeddable":true,"href":"https:\/\/elfsight.com\/it\/wp-json\/wp\/v2\/users\/9"}],"replies":[{"embeddable":true,"href":"https:\/\/elfsight.com\/it\/wp-json\/wp\/v2\/comments?post=4580"}],"version-history":[{"count":3,"href":"https:\/\/elfsight.com\/it\/wp-json\/wp\/v2\/pages\/4580\/revisions"}],"predecessor-version":[{"id":9678,"href":"https:\/\/elfsight.com\/it\/wp-json\/wp\/v2\/pages\/4580\/revisions\/9678"}],"up":[{"embeddable":true,"href":"https:\/\/elfsight.com\/it\/wp-json\/wp\/v2\/pages\/2319"}],"wp:attachment":[{"href":"https:\/\/elfsight.com\/it\/wp-json\/wp\/v2\/media?parent=4580"}],"curies":[{"name":"wp","href":"https:\/\/api.w.org\/{rel}","templated":true}]}}