{"id":4570,"date":"2024-05-03T06:37:18","date_gmt":"2024-05-03T06:37:18","guid":{"rendered":"https:\/\/elfsight.com\/it\/?page_id=4570"},"modified":"2025-03-21T13:55:24","modified_gmt":"2025-03-21T13:55:24","slug":"html","status":"publish","type":"page","link":"https:\/\/elfsight.com\/it\/file-embed-widget\/html\/","title":{"rendered":"File Embed &#8211; HTML"},"content":{"rendered":"\n<div class=\"application-platform-content-item-description application-platform-content-item\" id=\"description\" data-nav-section=\"description\"> <h2>Descrizione<\/h2> <p>Il widget Elfsight File Embed \u00e8 lo strumento pi\u00f9 semplice e veloce per inserire file nel tuo sito. Incolla tutti i formati pi\u00f9 utilizzati: PDF, Docx, Jpg, Jpeg \u2013 in totale circa 20 tipi. Per maggiore comodit\u00e0, i file possono essere incollati semplicemente caricandoli, inserendo gli URL o selezionandoli dagli ultimi caricati. Puoi assegnare a ciascun file il tuo nome, caricare un&#8217;icona o un&#8217;immagine di anteprima, scegliere il layout e altro. I visitatori del sito web possono controllare i documenti direttamente sul tuo sito web, visualizzarli in una nuova scheda e scaricarli. <\/p> <div class=\"faq\" data-component=\"FAQ\"> <div class=\"faq-item\">\r\n\t\t\t\t\t<div class=\"faq-item-question\">\r\n\t\t\t\t\t\t<h3 class=\"faq-item-question-text\">Dove posso installare File Embed?<\/h3>\r\n\r\n\t\t\t\t\t\t<div class=\"faq-item-question-icon\"><\/div>\r\n\t\t\t\t\t<\/div>\r\n\r\n\t\t\t\t\t<div class=\"faq-item-answer\">\r\n\t\t\t\t\t\t<div class=\"faq-item-answer-text\"> <p>Puoi visualizzare il widget File Embed su qualsiasi pagina del sito. Ad esempio, puoi utilizzarlo per pubblicare i tuoi documenti tecnologici o le tue linee guida sulle pagine dei prodotti o mostrare i tuoi diplomi e certificati sulla pagina di destinazione. <\/p> <\/div>\r\n\t\t\t\t\t<\/div>\r\n\t\t\t\t<\/div> <div class=\"faq-item\">\r\n\t\t\t\t\t<div class=\"faq-item-question\">\r\n\t\t\t\t\t\t<h3 class=\"faq-item-question-text\">Quali vantaggi mi offre?<\/h3>\r\n\r\n\t\t\t\t\t\t<div class=\"faq-item-question-icon\"><\/div>\r\n\t\t\t\t\t<\/div>\r\n\r\n\t\t\t\t\t<div class=\"faq-item-answer\">\r\n\t\t\t\t\t\t<div class=\"faq-item-answer-text\"> <p>Il nostro widget pu\u00f2 farti risparmiare molto tempo, perch\u00e9 con il suo aiuto, l&#8217;integrazione dei file nel tuo sito avviene in pochi secondi. Inoltre, ti aiuta a visualizzare molti dati utili sulle tue offerte o servizi per ottenere una migliore conoscenza dei tuoi articoli da parte dei clienti. <\/p> <\/div>\r\n\t\t\t\t\t<\/div>\r\n\t\t\t\t<\/div> <div class=\"faq-item\">\r\n\t\t\t\t\t<div class=\"faq-item-question\">\r\n\t\t\t\t\t\t<h3 class=\"faq-item-question-text\">Di cosa ho bisogno per aggiungere File Embed al mio sito Web HTML?<\/h3>\r\n\r\n\t\t\t\t\t\t<div class=\"faq-item-question-icon\"><\/div>\r\n\t\t\t\t\t<\/div>\r\n\r\n\t\t\t\t\t<div class=\"faq-item-answer\">\r\n\t\t\t\t\t\t<div class=\"faq-item-answer-text\"> <p>Ci vuole solo un minuto del tuo tempo per iniziare a utilizzare il widget. Il processo di integrazione \u00e8 molto rapido, gratuito e privo di codifica. <\/p> <ol> <li>Puoi incollare il file incorporato nel sito web direttamente nel nostro servizio. Per questo, \u00e8 necessario vedere le istruzioni in basso in questa pagina. <\/li> <li>Il widget pu\u00f2 essere integrato tramite il nostro servizio o tramite il marketplace. Qui puoi conoscere tutti i dettagli di entrambe le varianti e decidere quale \u00e8 la tua. <\/li> <\/ol> <\/div>\r\n\t\t\t\t\t<\/div>\r\n\t\t\t\t<\/div> <\/div> <\/div> <div class=\"application-platform-content-item-features application-platform-content-item\" id=\"features\" data-nav-section=\"features\"> <h2>Funzionalit\u00e0<\/h2> <p>Ottieni un&#8217;idea chiara di File Embed, controllando un elenco dei tratti principali. Rendono il widget pi\u00f9 efficace per la tua promozione: <\/p> <ul><li>Inserisci una quantit\u00e0 illimitata di documenti; <\/li> <li>Opzione di layout Visualizzatore file per sfogliare i documenti sul sito web; <\/li> <li>L&#8217;opzione per caricare immagini per le icone e le anteprime dei documenti; <\/li> <li>Visualizzare o rimuovere l&#8217;etichetta del documento Download; <\/li> <li>Sei dettagli verniciabili dell&#8217;interfaccia del widget. <\/li> <\/ul><p><a href=\"#demo\">Per vedere tutte le funzionalit\u00e0, guarda la demo dal vivo<\/a><\/p> <\/div> <div class=\"application-platform-content-item-installation application-platform-content-item\" id=\"installation\" data-nav-section=\"installation\"> <h2>Controlliamo come posizionare il widget File Embed nel tuo HTML sito web. \u00c8 incredibilmente semplice.<\/h2> <div class=\"video-container\"><iframe width=\"560\" height=\"315\" src=\"https:\/\/www.youtube.com\/embed\/Wn6XsosWI8M?si=sLhbu-9YDYAnxsTr\" frameborder=\"0\" allow=\"accelerometer; autoplay; clipboard-write; encrypted-media; gyroscope; picture-in-picture; web-share\" allowfullscreen><\/iframe><\/div><p>Le seguenti azioni sono l&#8217;unica cosa che devi eseguire affinch\u00e9 sia \u200b\u200bprivo di codifica. <\/p> <ol><li><b>Crea il tuo plugin File Embed personalizzato<\/b><br> Tramite il nostro configuratore gratuito, ottieni un plugin con la composizione e la funzionalit\u00e0 che preferisci. <\/li><li><b>Copia il codice individuale per visualizzare il plugin<\/b><br> Dopo aver configurato il tuo widget, riceverai il codice di installazione dalla finestra che appare su Elfsight Apps. Copialo. <\/li> <li><b>Aggiungi il plugin al tuo sito HTML<\/b><br> Scegli il punto dell&#8217;et\u00e0 in cui desideri mostrare il plugin e incolla l\u00ec il codice copiato. Applicare i risultati. <\/li> <li><b>Fatto! <\/b><br> Visita il tuo sito, per vedere i tuoi lavori. <\/li> <\/ol><p>Ancora indeciso? O ti sei imbattuto in qualcosa? Basta inviare una richiesta al nostro team di supporto per risolvere ogni problema. <\/p> <\/div>\n","protected":false},"excerpt":{"rendered":"","protected":false},"author":9,"featured_media":0,"parent":2319,"menu_order":0,"comment_status":"closed","ping_status":"closed","template":"templates\/template-application-platform.php","meta":{"publish_to_discourse":"","publish_post_category":"","wpdc_auto_publish_overridden":"","wpdc_topic_tags":"","wpdc_pin_topic":"","wpdc_pin_until":"","discourse_post_id":"","discourse_permalink":"","wpdc_publishing_response":"","wpdc_publishing_error":"","footnotes":""},"class_list":["post-4570","page","type-page","status-publish","hentry"],"yoast_head":"<!-- This site is optimized with the Yoast SEO plugin v25.3.1 - https:\/\/yoast.com\/wordpress\/plugins\/seo\/ -->\n<title>Widget Visualizzatore file: incorpora qualsiasi file nel tuo sito Web HTML (2025)<\/title>\n<meta name=\"description\" content=\"\u00c8 facile creare il tuo widget Incorpora file e pubblicarlo sul tuo sito Web HTML. Il servizio clienti Elfsight \u00e8 gratuito e veloce.\" \/>\n<meta name=\"robots\" content=\"index, follow, max-snippet:-1, max-image-preview:large, max-video-preview:-1\" \/>\n<link rel=\"canonical\" href=\"https:\/\/elfsight.com\/it\/file-embed-widget\/html\/\" \/>\n<meta property=\"og:locale\" content=\"it_IT\" \/>\n<meta property=\"og:type\" content=\"article\" \/>\n<meta property=\"og:title\" content=\"Widget Visualizzatore file: incorpora qualsiasi file nel tuo sito Web HTML (2025)\" \/>\n<meta property=\"og:description\" content=\"\u00c8 facile creare il tuo widget Incorpora file e pubblicarlo sul tuo sito Web HTML. Il servizio clienti Elfsight \u00e8 gratuito e veloce.\" \/>\n<meta property=\"og:url\" content=\"https:\/\/elfsight.com\/it\/file-embed-widget\/html\/\" \/>\n<meta property=\"og:site_name\" content=\"Elfsight IT\" \/>\n<meta property=\"article:modified_time\" content=\"2025-03-21T13:55:24+00:00\" \/>\n<meta name=\"twitter:card\" content=\"summary_large_image\" \/>\n<meta name=\"twitter:label1\" content=\"Tempo di lettura stimato\" \/>\n\t<meta name=\"twitter:data1\" content=\"3 minuti\" \/>\n<!-- \/ Yoast SEO plugin. -->","yoast_head_json":{"title":"Widget Visualizzatore file: incorpora qualsiasi file nel tuo sito Web HTML (2025)","description":"\u00c8 facile creare il tuo widget Incorpora file e pubblicarlo sul tuo sito Web HTML. Il servizio clienti Elfsight \u00e8 gratuito e veloce.","robots":{"index":"index","follow":"follow","max-snippet":"max-snippet:-1","max-image-preview":"max-image-preview:large","max-video-preview":"max-video-preview:-1"},"canonical":"https:\/\/elfsight.com\/it\/file-embed-widget\/html\/","og_locale":"it_IT","og_type":"article","og_title":"Widget Visualizzatore file: incorpora qualsiasi file nel tuo sito Web HTML (2025)","og_description":"\u00c8 facile creare il tuo widget Incorpora file e pubblicarlo sul tuo sito Web HTML. Il servizio clienti Elfsight \u00e8 gratuito e veloce.","og_url":"https:\/\/elfsight.com\/it\/file-embed-widget\/html\/","og_site_name":"Elfsight IT","article_modified_time":"2025-03-21T13:55:24+00:00","twitter_card":"summary_large_image","twitter_misc":{"Tempo di lettura stimato":"3 minuti"},"schema":{"@context":"https:\/\/schema.org","@graph":[{"@type":"WebPage","@id":"https:\/\/elfsight.com\/it\/file-embed-widget\/html\/","url":"https:\/\/elfsight.com\/it\/file-embed-widget\/html\/","name":"Widget Visualizzatore file: incorpora qualsiasi file nel tuo sito Web HTML (2025)","isPartOf":{"@id":"https:\/\/elfsight.com\/it\/#website"},"datePublished":"2024-05-03T06:37:18+00:00","dateModified":"2025-03-21T13:55:24+00:00","description":"\u00c8 facile creare il tuo widget Incorpora file e pubblicarlo sul tuo sito Web HTML. Il servizio clienti Elfsight \u00e8 gratuito e veloce.","breadcrumb":{"@id":"https:\/\/elfsight.com\/it\/file-embed-widget\/html\/#breadcrumb"},"inLanguage":"it-IT","potentialAction":[{"@type":"ReadAction","target":["https:\/\/elfsight.com\/it\/file-embed-widget\/html\/"]}]},{"@type":"BreadcrumbList","@id":"https:\/\/elfsight.com\/it\/file-embed-widget\/html\/#breadcrumb","itemListElement":[{"@type":"ListItem","position":1,"name":"Home","item":"https:\/\/elfsight.com\/it\/"},{"@type":"ListItem","position":2,"name":"File Embed","item":"https:\/\/elfsight.com\/it\/file-embed-widget\/"},{"@type":"ListItem","position":3,"name":"File Embed &#8211; HTML"}]},{"@type":"WebSite","@id":"https:\/\/elfsight.com\/it\/#website","url":"https:\/\/elfsight.com\/it\/","name":"Elfsight IT","description":"Just another Elfsight Sites site","potentialAction":[{"@type":"SearchAction","target":{"@type":"EntryPoint","urlTemplate":"https:\/\/elfsight.com\/it\/?s={search_term_string}"},"query-input":{"@type":"PropertyValueSpecification","valueRequired":true,"valueName":"search_term_string"}}],"inLanguage":"it-IT"}]}},"meta_box":{"industry":"","seo_heading":"","heading":"","description":"","cta_heading":"","cta_description":"","application":"2318","h1":"Widget Incorpora file HTML","h1_caption":"Incorpora documenti, fogli di calcolo e altri file nel tuo sito Web per visualizzarli e scaricarli facilmente nel tuo sito Web HTML.","application_category":[],"applications_title":"","applications_request_title":"","applications_request_button_text":"","hero_text":"","hero_video":"","hero_video_schema_markup":"","selling_points_title":"","selling_points_caption":"","selling_points":[],"selling_points_cta_text":"","features_title":"","features":"","ed_cta_examples_text":"","ed_cta_examples_hidden":"","ed_cta_demo_text":"","ed_cta_demo_hidden":"","why_caption":"","why_editor_title":"","why_editor_text":"","why_team_title":"","why_team_text":"","why_service_title":"","why_service_text":"","template_catalog_visible":"0","template_catalog_title":"","template_catalog_text":"","template_catalog_categories_visible":"","demo_title":"Crea il tuo widget Incorpora file","demo_caption":"Configura il tuo incorporamento di file e aggiungilo gratuitamente al tuo sito Web HTML!","default_faq_hidden":"","app_template_category":[],"platform":"35","template_public_id":"","codecanyon_url":"","codecanyon_item_id":"","codecanyon_price":"","pricing_caption":"","pricing_elfsight_apps_hide_column":"","pricing_elfsight_apps_url":"","pricing_codecanyon_price_caption":"","integration_category":[],"integration_request_title":"","integration_request_cta":"","integration_platform":"","integrations":[],"platform_category":[],"video_schema_markup":"","price":"da $ 0 al mese","trial":"","benefits":[{"text":"Servizio di installazione gratuito"},{"text":"Assistenza clienti con esperienza"},{"text":"Garanzia di rimborso di 14 giorni"},{"text":"Aggiornamento costante"}],"button_url":"#demo","button_target_blank":"0","button_nofollow":"0","attributes":[{"name":"Installazioni"},{"name":"Reattivo","content":"S\u00cc"},{"name":"Browser compatibili","content":"Firefox, Safari, Opera, Chrome, Edge"}],"tags":[],"tags_disable_links":"0","hide_more_platforms":"0","video_object":"","demo_hide_cta":"0","demo_hide_cloud_options":"0","pricing_title":"","pricing":[{"pricing_icon":"platform","pricing_title":"Elfsight Apps","pricing_title_caption":"Versione multipiattaforma","pricing_price":"da $ 0 \/ mese","pricing_price_caption":"inizia con il piano gratuito","pricing_benefits":[{"text":"Siti web illimitati"},{"text":"Supporto premium e puntuale"},{"text":"Assistenza per l'installazione gratuita"},{"text":"Prezzo speciale per pi\u00f9 app"}],"pricing_button_text":"Aggiungi al sito web","pricing_button_url":"#demo"}],"related_apps_title":"","related_apps_hidden":"0","author":"","image":[],"title":"","job":"","social_networks":[]},"_links":{"self":[{"href":"https:\/\/elfsight.com\/it\/wp-json\/wp\/v2\/pages\/4570","targetHints":{"allow":["GET"]}}],"collection":[{"href":"https:\/\/elfsight.com\/it\/wp-json\/wp\/v2\/pages"}],"about":[{"href":"https:\/\/elfsight.com\/it\/wp-json\/wp\/v2\/types\/page"}],"author":[{"embeddable":true,"href":"https:\/\/elfsight.com\/it\/wp-json\/wp\/v2\/users\/9"}],"replies":[{"embeddable":true,"href":"https:\/\/elfsight.com\/it\/wp-json\/wp\/v2\/comments?post=4570"}],"version-history":[{"count":4,"href":"https:\/\/elfsight.com\/it\/wp-json\/wp\/v2\/pages\/4570\/revisions"}],"predecessor-version":[{"id":9688,"href":"https:\/\/elfsight.com\/it\/wp-json\/wp\/v2\/pages\/4570\/revisions\/9688"}],"up":[{"embeddable":true,"href":"https:\/\/elfsight.com\/it\/wp-json\/wp\/v2\/pages\/2319"}],"wp:attachment":[{"href":"https:\/\/elfsight.com\/it\/wp-json\/wp\/v2\/media?parent=4570"}],"curies":[{"name":"wp","href":"https:\/\/api.w.org\/{rel}","templated":true}]}}