{"id":4564,"date":"2024-05-03T06:37:16","date_gmt":"2024-05-03T06:37:16","guid":{"rendered":"https:\/\/elfsight.com\/it\/?page_id=4564"},"modified":"2025-03-21T14:01:48","modified_gmt":"2025-03-21T14:01:48","slug":"opencart","status":"publish","type":"page","link":"https:\/\/elfsight.com\/it\/file-embed-widget\/opencart\/","title":{"rendered":"File Embed &#8211; OpenCart"},"content":{"rendered":"\n<div class=\"application-platform-content-item-description application-platform-content-item\" id=\"description\" data-nav-section=\"description\"> <h2>Descrizione<\/h2><p>Elfsight File Embed \u00e8 uno degli strumenti pi\u00f9 convenienti e veloci per incollare file in un sito. Incorpora tutti i file pi\u00f9 diffusi: PDF, Docx, Xlsx, Pptx, il tutto in circa 20 formati. Per una migliore facilit\u00e0 d&#8217;uso, i documenti possono essere integrati semplicemente caricandoli, aggiungendo i loro URL o selezionando quelli caricati di recente. Le funzionalit\u00e0 ti consentono di assegnare un titolo a ciascun file, caricare un&#8217;icona personalizzata e un&#8217;immagine di anteprima, scegliere il layout e altro ancora. I tuoi utenti possono visualizzare i file direttamente nella pagina, aprirli in una nuova scheda e scaricarli. <\/p> <div class=\"faq\" data-component=\"FAQ\"> <div class=\"faq-item\">\r\n\t\t\t\t\t<div class=\"faq-item-question\">\r\n\t\t\t\t\t\t<h3 class=\"faq-item-question-text\">Dove posso pubblicare il widget<\/h3>\r\n\r\n\t\t\t\t\t\t<div class=\"faq-item-question-icon\"><\/div>\r\n\t\t\t\t\t<\/div>\r\n\r\n\t\t\t\t\t<div class=\"faq-item-answer\">\r\n\t\t\t\t\t\t<div class=\"faq-item-answer-text\"> <p>Puoi utilizzare File Embed su qualsiasi pagina del tuo sito web. Ad esempio, ti aiuter\u00e0 a incorporare i documenti o le istruzioni del tuo prodotto nelle pagine dei prodotti corrispondenti o a mostrare i tuoi diplomi e certificati sulla pagina di destinazione. <\/p> <\/div>\r\n\t\t\t\t\t<\/div>\r\n\t\t\t\t<\/div> <div class=\"faq-item\">\r\n\t\t\t\t\t<div class=\"faq-item-question\">\r\n\t\t\t\t\t\t<h3 class=\"faq-item-question-text\">Come ne trarr\u00f2 beneficio?<\/h3>\r\n\r\n\t\t\t\t\t\t<div class=\"faq-item-question-icon\"><\/div>\r\n\t\t\t\t\t<\/div>\r\n\r\n\t\t\t\t\t<div class=\"faq-item-answer\">\r\n\t\t\t\t\t\t<div class=\"faq-item-answer-text\"> <p>Il widget di Elfsight ti far\u00e0 risparmiare molto tempo, poich\u00e9 con esso, incollare documenti nel tuo sito web richieder\u00e0 solo pochi secondi. Oltre a ci\u00f2, puoi presentare una grande quantit\u00e0 di dati preziosi sui tuoi prodotti o servizi e migliorare la consapevolezza dei tuoi articoli da parte dei clienti. <\/p> <\/div>\r\n\t\t\t\t\t<\/div>\r\n\t\t\t\t<\/div> <div class=\"faq-item\">\r\n\t\t\t\t\t<div class=\"faq-item-question\">\r\n\t\t\t\t\t\t<h3 class=\"faq-item-question-text\">Come posso installare File Embed sul mio sito web openCart?<\/h3>\r\n\r\n\t\t\t\t\t\t<div class=\"faq-item-question-icon\"><\/div>\r\n\t\t\t\t\t<\/div>\r\n\r\n\t\t\t\t\t<div class=\"faq-item-answer\">\r\n\t\t\t\t\t\t<div class=\"faq-item-answer-text\"> <p>Ci vogliono solo tre minuti del tuo tempo per incorporare il widget. L\u2019integrazione \u00e8 super veloce, gratuita e non richiede codifica. <\/p> <ol> <li>Puoi inserire il widget nella tua pagina web direttamente tramite il nostro servizio. Per questo, eseguire la breve descrizione di seguito in questa pagina. <\/li> <li>Elfsight File Embed pu\u00f2 essere introdotto tramite il nostro servizio o tramite il marketplace. Puoi confrontare queste varianti e scegliere la tua. <\/li> <\/ol> <\/div>\r\n\t\t\t\t\t<\/div>\r\n\t\t\t\t<\/div> <\/div> <\/div> <div class=\"application-platform-content-item-features application-platform-content-item\" id=\"features\" data-nav-section=\"features\"> <h2>Caratteristiche<\/h2> <p>Per avere una conoscenza completa del widget, ecco le elenco delle principali caratteristiche. Rendono questo widget incredibilmente efficiente per il tuo negozio: <\/p> <ul><li>Incorpora un numero illimitato di documenti; <\/li> <li>Opzione di layout Visualizzatore file per visualizzare i documenti sulla pagina; <\/li> <li>L&#8217;opzione per caricare immagini per icone e anteprime; <\/li> <li>Visualizza o nascondi il testo del documento scaricato; <\/li> <li> Dipingi 6 elementi dell&#8217;interfaccia. <\/li> <\/ul><p> <a href=\"#demo\">La demo dal vivo ti riveler\u00e0 tutte le funzionalit\u00e0<\/a><\/p> <\/div> <div class=\"application-platform-content-item-installation application-platform-content-item\" id=\"installation\" data-nav-section=\"installation\"> <h2>Scopri come aggiungere il widget al tuo negozio OpenCart<\/h2> <p>Segui semplicemente le linee guida seguenti per iniziare a utilizzare il widget su OpenCart.<\/p> <ol><li><b>Apri la nostra demo gratuita e inizia a creare il tuo strumento personalizzato. <\/b><br> Scegli la forma preferibile e le caratteristiche funzionali del widget e salva le modifiche. <\/li> <li><b>Acquisisci il tuo codice univoco esposto nell&#8217;apposito form su Elfsight Apps. <\/b><br> Subito dopo aver completato la configurazione del widget Incorpora file, copia il codice esclusivo nella casella visualizzata e conservalo per un&#8217;occasione successiva. <\/li> <li><b>Avviare l&#8217;utilizzo dello strumento sul sito Web OpenCart. <\/b><br> Incorpora il codice che hai salvato in precedenza nel tuo sito web e salva le modifiche. <\/li> <li><b>Il gioco \u00e8 fatto! L&#8217;incorporamento \u00e8 completamente completato. <\/b><br> Vai al tuo sito web per dare un&#8217;occhiata a come funziona l&#8217;estensione. <\/li><\/ol> <p>Non riesci ancora a prendere una decisione? Oppure hai domande da porre? Basta una singola richiesta al nostro supporto clienti per risolvere ogni problema. <\/p> <\/div>\n","protected":false},"excerpt":{"rendered":"","protected":false},"author":9,"featured_media":0,"parent":2319,"menu_order":0,"comment_status":"closed","ping_status":"closed","template":"templates\/template-application-platform.php","meta":{"publish_to_discourse":"","publish_post_category":"","wpdc_auto_publish_overridden":"","wpdc_topic_tags":"","wpdc_pin_topic":"","wpdc_pin_until":"","discourse_post_id":"","discourse_permalink":"","wpdc_publishing_response":"","wpdc_publishing_error":"","footnotes":""},"class_list":["post-4564","page","type-page","status-publish","hentry"],"yoast_head":"<!-- This site is optimized with the Yoast SEO plugin v25.3.1 - https:\/\/yoast.com\/wordpress\/plugins\/seo\/ -->\n<title>Estensione visualizzatore file: incorpora qualsiasi file nel tuo sito Web OpenCart (2025)<\/title>\n<meta name=\"description\" content=\"Con Elfsight, modella la tua estensione File Embed e pubblicala sul tuo sito Web OpenCart in pochissimo tempo. Abbiamo un servizio clienti gratuito e pi\u00f9 bonus.\" \/>\n<meta name=\"robots\" content=\"index, follow, max-snippet:-1, max-image-preview:large, max-video-preview:-1\" \/>\n<link rel=\"canonical\" href=\"https:\/\/elfsight.com\/it\/file-embed-widget\/opencart\/\" \/>\n<meta property=\"og:locale\" content=\"it_IT\" \/>\n<meta property=\"og:type\" content=\"article\" \/>\n<meta property=\"og:title\" content=\"Estensione visualizzatore file: incorpora qualsiasi file nel tuo sito Web OpenCart (2025)\" \/>\n<meta property=\"og:description\" content=\"Con Elfsight, modella la tua estensione File Embed e pubblicala sul tuo sito Web OpenCart in pochissimo tempo. Abbiamo un servizio clienti gratuito e pi\u00f9 bonus.\" \/>\n<meta property=\"og:url\" content=\"https:\/\/elfsight.com\/it\/file-embed-widget\/opencart\/\" \/>\n<meta property=\"og:site_name\" content=\"Elfsight IT\" \/>\n<meta property=\"article:modified_time\" content=\"2025-03-21T14:01:48+00:00\" \/>\n<meta name=\"twitter:card\" content=\"summary_large_image\" \/>\n<meta name=\"twitter:label1\" content=\"Tempo di lettura stimato\" \/>\n\t<meta name=\"twitter:data1\" content=\"3 minuti\" \/>\n<!-- \/ Yoast SEO plugin. -->","yoast_head_json":{"title":"Estensione visualizzatore file: incorpora qualsiasi file nel tuo sito Web OpenCart (2025)","description":"Con Elfsight, modella la tua estensione File Embed e pubblicala sul tuo sito Web OpenCart in pochissimo tempo. Abbiamo un servizio clienti gratuito e pi\u00f9 bonus.","robots":{"index":"index","follow":"follow","max-snippet":"max-snippet:-1","max-image-preview":"max-image-preview:large","max-video-preview":"max-video-preview:-1"},"canonical":"https:\/\/elfsight.com\/it\/file-embed-widget\/opencart\/","og_locale":"it_IT","og_type":"article","og_title":"Estensione visualizzatore file: incorpora qualsiasi file nel tuo sito Web OpenCart (2025)","og_description":"Con Elfsight, modella la tua estensione File Embed e pubblicala sul tuo sito Web OpenCart in pochissimo tempo. Abbiamo un servizio clienti gratuito e pi\u00f9 bonus.","og_url":"https:\/\/elfsight.com\/it\/file-embed-widget\/opencart\/","og_site_name":"Elfsight IT","article_modified_time":"2025-03-21T14:01:48+00:00","twitter_card":"summary_large_image","twitter_misc":{"Tempo di lettura stimato":"3 minuti"},"schema":{"@context":"https:\/\/schema.org","@graph":[{"@type":"WebPage","@id":"https:\/\/elfsight.com\/it\/file-embed-widget\/opencart\/","url":"https:\/\/elfsight.com\/it\/file-embed-widget\/opencart\/","name":"Estensione visualizzatore file: incorpora qualsiasi file nel tuo sito Web OpenCart (2025)","isPartOf":{"@id":"https:\/\/elfsight.com\/it\/#website"},"datePublished":"2024-05-03T06:37:16+00:00","dateModified":"2025-03-21T14:01:48+00:00","description":"Con Elfsight, modella la tua estensione File Embed e pubblicala sul tuo sito Web OpenCart in pochissimo tempo. Abbiamo un servizio clienti gratuito e pi\u00f9 bonus.","breadcrumb":{"@id":"https:\/\/elfsight.com\/it\/file-embed-widget\/opencart\/#breadcrumb"},"inLanguage":"it-IT","potentialAction":[{"@type":"ReadAction","target":["https:\/\/elfsight.com\/it\/file-embed-widget\/opencart\/"]}]},{"@type":"BreadcrumbList","@id":"https:\/\/elfsight.com\/it\/file-embed-widget\/opencart\/#breadcrumb","itemListElement":[{"@type":"ListItem","position":1,"name":"Home","item":"https:\/\/elfsight.com\/it\/"},{"@type":"ListItem","position":2,"name":"File Embed","item":"https:\/\/elfsight.com\/it\/file-embed-widget\/"},{"@type":"ListItem","position":3,"name":"File Embed &#8211; OpenCart"}]},{"@type":"WebSite","@id":"https:\/\/elfsight.com\/it\/#website","url":"https:\/\/elfsight.com\/it\/","name":"Elfsight IT","description":"Just another Elfsight Sites site","potentialAction":[{"@type":"SearchAction","target":{"@type":"EntryPoint","urlTemplate":"https:\/\/elfsight.com\/it\/?s={search_term_string}"},"query-input":{"@type":"PropertyValueSpecification","valueRequired":true,"valueName":"search_term_string"}}],"inLanguage":"it-IT"}]}},"meta_box":{"industry":"","seo_heading":"","heading":"","description":"","cta_heading":"","cta_description":"","application":"2318","h1":"Estensione incorporamento file OpenCart","h1_caption":"Incorpora documenti, fogli di calcolo e altri file nel tuo sito Web per visualizzarli e scaricarli facilmente nel tuo sito Web Opencart.","application_category":[],"applications_title":"","applications_request_title":"","applications_request_button_text":"","hero_text":"","hero_video":"","hero_video_schema_markup":"","selling_points_title":"","selling_points_caption":"","selling_points":[],"selling_points_cta_text":"","features_title":"","features":"","ed_cta_examples_text":"","ed_cta_examples_hidden":"","ed_cta_demo_text":"","ed_cta_demo_hidden":"","why_caption":"","why_editor_title":"","why_editor_text":"","why_team_title":"","why_team_text":"","why_service_title":"","why_service_text":"","template_catalog_visible":"0","template_catalog_title":"","template_catalog_text":"","template_catalog_categories_visible":"","demo_title":"Crea la tua estensione Incorpora file","demo_caption":"Configura il tuo incorporamento di file e aggiungilo gratuitamente al tuo sito Web OpenCart!","default_faq_hidden":"","app_template_category":[],"platform":"41","template_public_id":"","codecanyon_url":"","codecanyon_item_id":"","codecanyon_price":"","pricing_caption":"","pricing_elfsight_apps_hide_column":"","pricing_elfsight_apps_url":"","pricing_codecanyon_price_caption":"","integration_category":[],"integration_request_title":"","integration_request_cta":"","integration_platform":"","integrations":[],"platform_category":[],"video_schema_markup":"","price":"da $ 0 al mese","trial":"","benefits":[{"text":"Servizio di installazione gratuito"},{"text":"Servizio clienti efficace"},{"text":"Garanzia di rimborso di 14 giorni"},{"text":"Miglioramenti gratuiti a vita"}],"button_url":"#demo","button_target_blank":"0","button_nofollow":"0","attributes":[{"name":"Installazioni"},{"name":"Reattivo","content":"S\u00cc"},{"name":"Browser compatibili","content":"Firefox, Safari, Opera, Chrome, Edge"}],"tags":[],"tags_disable_links":"0","hide_more_platforms":"0","video_object":"","demo_hide_cta":"0","demo_hide_cloud_options":"0","pricing_title":"","pricing":[{"pricing_icon":"platform","pricing_title":"Elfsight Apps","pricing_title_caption":"Versione indipendente dalla piattaforma","pricing_price":"da $ 0 \/ mese","pricing_price_caption":"inizia con il piano gratuito","pricing_benefits":[{"text":"Siti web illimitati"},{"text":"Supporto dedicato"},{"text":"Aiuto gratuito per l'installazione"},{"text":"Completamente personalizzabile"}],"pricing_button_text":"Aggiungi al sito web","pricing_button_url":"#demo"}],"related_apps_title":"","related_apps_hidden":"0","author":"","image":[],"title":"","job":"","social_networks":[]},"_links":{"self":[{"href":"https:\/\/elfsight.com\/it\/wp-json\/wp\/v2\/pages\/4564","targetHints":{"allow":["GET"]}}],"collection":[{"href":"https:\/\/elfsight.com\/it\/wp-json\/wp\/v2\/pages"}],"about":[{"href":"https:\/\/elfsight.com\/it\/wp-json\/wp\/v2\/types\/page"}],"author":[{"embeddable":true,"href":"https:\/\/elfsight.com\/it\/wp-json\/wp\/v2\/users\/9"}],"replies":[{"embeddable":true,"href":"https:\/\/elfsight.com\/it\/wp-json\/wp\/v2\/comments?post=4564"}],"version-history":[{"count":2,"href":"https:\/\/elfsight.com\/it\/wp-json\/wp\/v2\/pages\/4564\/revisions"}],"predecessor-version":[{"id":9690,"href":"https:\/\/elfsight.com\/it\/wp-json\/wp\/v2\/pages\/4564\/revisions\/9690"}],"up":[{"embeddable":true,"href":"https:\/\/elfsight.com\/it\/wp-json\/wp\/v2\/pages\/2319"}],"wp:attachment":[{"href":"https:\/\/elfsight.com\/it\/wp-json\/wp\/v2\/media?parent=4564"}],"curies":[{"name":"wp","href":"https:\/\/api.w.org\/{rel}","templated":true}]}}