{"id":4556,"date":"2024-05-03T06:37:12","date_gmt":"2024-05-03T06:37:12","guid":{"rendered":"https:\/\/elfsight.com\/it\/?page_id=4556"},"modified":"2025-03-21T14:17:11","modified_gmt":"2025-03-21T14:17:11","slug":"webnode","status":"publish","type":"page","link":"https:\/\/elfsight.com\/it\/file-embed-widget\/webnode\/","title":{"rendered":"File Embed &#8211; Webnode"},"content":{"rendered":"\n<div class=\"application-platform-content-item-description application-platform-content-item\" id=\"description\" data-nav-section=\"description\"> <h2>Descrizione<\/h2> <p>Elfsight File Embed \u00e8 il modo pi\u00f9 semplice e veloce per incorporare file in un sito web. Integra tutti i file pi\u00f9 utilizzati: PDF, Docx, Jpg, Pptx \u2013 in totale circa 20 formati. Per comodit\u00e0 dell&#8217;utente, i documenti possono essere incorporati caricandoli, inserendo gli URL o scegliendo dall&#8217;elenco degli ultimi caricati. Puoi dare a ogni file il tuo nome, caricare un&#8217;icona o un&#8217;immagine, scegliere la variante di layout e molto altro. I tuoi visitatori potranno controllare i documenti direttamente sul sito, aprirli in una nuova scheda e scaricarli. <\/p> <div class=\"faq\" data-component=\"FAQ\"> <div class=\"faq-item\">\r\n\t\t\t\t\t<div class=\"faq-item-question\">\r\n\t\t\t\t\t\t<h3 class=\"faq-item-question-text\">Dove posso integrare File Embed nel mio sito?<\/h3>\r\n\r\n\t\t\t\t\t\t<div class=\"faq-item-question-icon\"><\/div>\r\n\t\t\t\t\t<\/div>\r\n\r\n\t\t\t\t\t<div class=\"faq-item-answer\">\r\n\t\t\t\t\t\t<div class=\"faq-item-answer-text\"> <p>Sentiti libero di aggiungere File Embed su una o tutte le pagine del sito. Pertanto, pu\u00f2 essere applicato per dimostrare i documenti o le istruzioni del prodotto sulle pagine del prodotto o per vantare i tuoi diplomi e le tue qualifiche nella pagina Chi siamo. <\/p> <\/div>\r\n\t\t\t\t\t<\/div>\r\n\t\t\t\t<\/div> <div class=\"faq-item\">\r\n\t\t\t\t\t<div class=\"faq-item-question\">\r\n\t\t\t\t\t\t<h3 class=\"faq-item-question-text\">Come trarr\u00f2 vantaggio da questo plugin?<\/h3>\r\n\r\n\t\t\t\t\t\t<div class=\"faq-item-question-icon\"><\/div>\r\n\t\t\t\t\t<\/div>\r\n\r\n\t\t\t\t\t<div class=\"faq-item-answer\">\r\n\t\t\t\t\t\t<div class=\"faq-item-answer-text\"> <p>Questo widget ti far\u00e0 risparmiare molto tempo, poich\u00e9 con esso l&#8217;integrazione dei materiali nel tuo sito web avviene in pochi secondi. Inoltre, sarai in grado di fornire agli utenti molti dati preziosi sui tuoi articoli e servizi per ottenere una migliore comprensione. <\/p> <\/div>\r\n\t\t\t\t\t<\/div>\r\n\t\t\t\t<\/div> <div class=\"faq-item\">\r\n\t\t\t\t\t<div class=\"faq-item-question\">\r\n\t\t\t\t\t\t<h3 class=\"faq-item-question-text\">Come faccio ad aggiungere File Embed al mio sito Webnode?<\/h3>\r\n\r\n\t\t\t\t\t\t<div class=\"faq-item-question-icon\"><\/div>\r\n\t\t\t\t\t<\/div>\r\n\r\n\t\t\t\t\t<div class=\"faq-item-answer\">\r\n\t\t\t\t\t\t<div class=\"faq-item-answer-text\"> <p>Ti serve solo un minuto di tempo per avere il widget attivo e funzionante. \u00c8 davvero veloce, gratuito e senza codifica. <\/p> <ol> <li>C&#8217;\u00e8 un&#8217;opzione per incorporare File Embed nella pagina web tramite il nostro servizio. Per questo, \u00e8 necessario utilizzare le istruzioni riportate di seguito in questa pagina. <\/li> <li>Il widget pu\u00f2 essere introdotto direttamente tramite il nostro servizio o tramite il marketplace. Qui puoi confrontare pi\u00f9 dettagli entrambe le varianti e selezionare la tua. <\/li> <\/ol> <\/div>\r\n\t\t\t\t\t<\/div>\r\n\t\t\t\t<\/div> <\/div> <\/div> <div class=\"application-platform-content-item-features application-platform-content-item\" id=\"features\" data-nav-section=\"features\"> <h2>Funzionalit\u00e0<\/h2> <p>Per avere una conoscenza pi\u00f9 chiara di File Embed, puoi sfoglia l&#8217;elenco delle caratteristiche essenziali. Rendono il widget incredibilmente efficace per te: <\/p> <ul><li>Mostra documenti illimitati; <\/li> <li>Variante di layout del Visualizzatore di file per la lettura dei documenti sulla pagina; <\/li> <li>L&#8217;opzione per caricare immagini per icone e anteprime; <\/li> <li>Mostra o nascondi il testo del documento scaricato; <\/li> <li> L&#8217;opzione per dipingere 6 elementi dell&#8217;interfaccia. <\/li> <\/ul><p><a href=\"#demo\">Guarda tutte le funzionalit\u00e0 nella demo live<\/a> <\/p> <\/div> <div class=\"application-platform-content-item-installation application-platform-content-item\" id=\"installation\" data-nav-section=\"installation\"> <h2>Scopri come posizionare il widget Incorpora file nel tuo sito Webnode. Non \u00e8 un problema<\/h2> <p>I passaggi seguenti sono l&#8217;unica cosa di cui hai bisogno perch\u00e9 sia \u200b\u200bprivo di codifica. <\/p> <ol><li><b>Crea il tuo plugin di incorporamento file<\/b><br> Con l&#8217;aiuto del nostro configuratore gratuito, ottieni un plugin con il design e le caratteristiche funzionali che preferisci. <\/li><li><b>Acquisisci il codice personale per installare il plugin<\/b><br> Dopo aver impostato il tuo widget, otterrai il codice di installazione dalla finestra apparsa su Elfsight Apps. Copialo per un uso successivo. <\/li> <li><b>Aggiungi il plugin al tuo sito Webnode<\/b><br> Definisci l&#8217;area in cui desideri incorporare il plugin e aggiungi l\u00ec il codice salvato. Applicare i risultati. <\/li> <li><b>Fatto! <\/b><br> Visita la pagina per visualizzare il tuo plugin. <\/li> <\/ol><p>Dubbi ancora qualcosa? O hai domande? Basta inviare una richiesta al nostro supporto clienti. La squadra risolver\u00e0 ogni questione. <\/p> <\/div>\n","protected":false},"excerpt":{"rendered":"","protected":false},"author":9,"featured_media":0,"parent":2319,"menu_order":0,"comment_status":"closed","ping_status":"closed","template":"templates\/template-application-platform.php","meta":{"publish_to_discourse":"","publish_post_category":"","wpdc_auto_publish_overridden":"","wpdc_topic_tags":"","wpdc_pin_topic":"","wpdc_pin_until":"","discourse_post_id":"","discourse_permalink":"","wpdc_publishing_response":"","wpdc_publishing_error":"","footnotes":""},"class_list":["post-4556","page","type-page","status-publish","hentry"],"yoast_head":"<!-- This site is optimized with the Yoast SEO plugin v25.3.1 - https:\/\/yoast.com\/wordpress\/plugins\/seo\/ -->\n<title>Visualizzatore di file: incorpora qualsiasi file nel tuo sito Webnode (2026)<\/title>\n<meta name=\"description\" content=\"Con Elfsight, costruisci il tuo File Embed e inseriscilo rapidamente nel sito Webnode. Offriamo supporto clienti gratuito e pi\u00f9 bonus.\" \/>\n<meta name=\"robots\" content=\"index, follow, max-snippet:-1, max-image-preview:large, max-video-preview:-1\" \/>\n<link rel=\"canonical\" href=\"https:\/\/elfsight.com\/it\/file-embed-widget\/webnode\/\" \/>\n<meta property=\"og:locale\" content=\"it_IT\" \/>\n<meta property=\"og:type\" content=\"article\" \/>\n<meta property=\"og:title\" content=\"Visualizzatore di file: incorpora qualsiasi file nel tuo sito Webnode (2026)\" \/>\n<meta property=\"og:description\" content=\"Con Elfsight, costruisci il tuo File Embed e inseriscilo rapidamente nel sito Webnode. Offriamo supporto clienti gratuito e pi\u00f9 bonus.\" \/>\n<meta property=\"og:url\" content=\"https:\/\/elfsight.com\/it\/file-embed-widget\/webnode\/\" \/>\n<meta property=\"og:site_name\" content=\"Elfsight IT\" \/>\n<meta property=\"article:modified_time\" content=\"2025-03-21T14:17:11+00:00\" \/>\n<meta name=\"twitter:card\" content=\"summary_large_image\" \/>\n<meta name=\"twitter:label1\" content=\"Tempo di lettura stimato\" \/>\n\t<meta name=\"twitter:data1\" content=\"3 minuti\" \/>\n<!-- \/ Yoast SEO plugin. -->","yoast_head_json":{"title":"Visualizzatore di file: incorpora qualsiasi file nel tuo sito Webnode (2026)","description":"Con Elfsight, costruisci il tuo File Embed e inseriscilo rapidamente nel sito Webnode. Offriamo supporto clienti gratuito e pi\u00f9 bonus.","robots":{"index":"index","follow":"follow","max-snippet":"max-snippet:-1","max-image-preview":"max-image-preview:large","max-video-preview":"max-video-preview:-1"},"canonical":"https:\/\/elfsight.com\/it\/file-embed-widget\/webnode\/","og_locale":"it_IT","og_type":"article","og_title":"Visualizzatore di file: incorpora qualsiasi file nel tuo sito Webnode (2026)","og_description":"Con Elfsight, costruisci il tuo File Embed e inseriscilo rapidamente nel sito Webnode. Offriamo supporto clienti gratuito e pi\u00f9 bonus.","og_url":"https:\/\/elfsight.com\/it\/file-embed-widget\/webnode\/","og_site_name":"Elfsight IT","article_modified_time":"2025-03-21T14:17:11+00:00","twitter_card":"summary_large_image","twitter_misc":{"Tempo di lettura stimato":"3 minuti"},"schema":{"@context":"https:\/\/schema.org","@graph":[{"@type":"WebPage","@id":"https:\/\/elfsight.com\/it\/file-embed-widget\/webnode\/","url":"https:\/\/elfsight.com\/it\/file-embed-widget\/webnode\/","name":"Visualizzatore di file: incorpora qualsiasi file nel tuo sito Webnode (2026)","isPartOf":{"@id":"https:\/\/elfsight.com\/it\/#website"},"datePublished":"2024-05-03T06:37:12+00:00","dateModified":"2025-03-21T14:17:11+00:00","description":"Con Elfsight, costruisci il tuo File Embed e inseriscilo rapidamente nel sito Webnode. Offriamo supporto clienti gratuito e pi\u00f9 bonus.","breadcrumb":{"@id":"https:\/\/elfsight.com\/it\/file-embed-widget\/webnode\/#breadcrumb"},"inLanguage":"it-IT","potentialAction":[{"@type":"ReadAction","target":["https:\/\/elfsight.com\/it\/file-embed-widget\/webnode\/"]}]},{"@type":"BreadcrumbList","@id":"https:\/\/elfsight.com\/it\/file-embed-widget\/webnode\/#breadcrumb","itemListElement":[{"@type":"ListItem","position":1,"name":"Home","item":"https:\/\/elfsight.com\/it\/"},{"@type":"ListItem","position":2,"name":"File Embed","item":"https:\/\/elfsight.com\/it\/file-embed-widget\/"},{"@type":"ListItem","position":3,"name":"File Embed &#8211; Webnode"}]},{"@type":"WebSite","@id":"https:\/\/elfsight.com\/it\/#website","url":"https:\/\/elfsight.com\/it\/","name":"Elfsight IT","description":"Just another Elfsight Sites site","potentialAction":[{"@type":"SearchAction","target":{"@type":"EntryPoint","urlTemplate":"https:\/\/elfsight.com\/it\/?s={search_term_string}"},"query-input":{"@type":"PropertyValueSpecification","valueRequired":true,"valueName":"search_term_string"}}],"inLanguage":"it-IT"}]}},"meta_box":{"industry":"","seo_heading":"","heading":"","description":"","cta_heading":"","cta_description":"","application":"2318","h1":"Widget di incorporamento file Webnode","h1_caption":"Incorpora documenti, fogli di calcolo e altri file nel tuo sito web per visualizzarli e scaricarli facilmente nel tuo sito Webnode.","application_category":[],"applications_title":"","applications_request_title":"","applications_request_button_text":"","hero_text":"","hero_video":"","hero_video_schema_markup":"","selling_points_title":"","selling_points_caption":"","selling_points":[],"selling_points_cta_text":"","features_title":"","features":"","ed_cta_examples_text":"","ed_cta_examples_hidden":"","ed_cta_demo_text":"","ed_cta_demo_hidden":"","why_caption":"","why_editor_title":"","why_editor_text":"","why_team_title":"","why_team_text":"","why_service_title":"","why_service_text":"","template_catalog_visible":"0","template_catalog_title":"","template_catalog_text":"","template_catalog_categories_visible":"","demo_title":"Crea il tuo widget Incorpora file","demo_caption":"Configura il tuo file incorporato e aggiungilo gratuitamente al tuo sito Webnode!","default_faq_hidden":"","app_template_category":[],"platform":"47","template_public_id":"","codecanyon_url":"","codecanyon_item_id":"","codecanyon_price":"","pricing_caption":"","pricing_elfsight_apps_hide_column":"","pricing_elfsight_apps_url":"","pricing_codecanyon_price_caption":"","integration_category":[],"integration_request_title":"","integration_request_cta":"","integration_platform":"","integrations":[],"platform_category":[],"video_schema_markup":"","price":"da $ 0 al mese","trial":"","benefits":[{"text":"Servizio di installazione gratuito"},{"text":"Assistenza clienti professionale"},{"text":"Garanzia di rimborso di 14 giorni"},{"text":"Aggiornamento costante"}],"button_url":"#demo","button_target_blank":"0","button_nofollow":"0","attributes":[{"name":"Installazioni"},{"name":"Reattivo","content":"S\u00cc"},{"name":"Browser compatibili","content":"Firefox, Safari, Opera, Chrome, Edge"}],"tags":[],"tags_disable_links":"0","hide_more_platforms":"0","video_object":"","demo_hide_cta":"0","demo_hide_cloud_options":"0","pricing_title":"","pricing":[{"pricing_icon":"platform","pricing_title":"Elfsight Apps","pricing_title_caption":"Versione multipiattaforma che funziona su qualsiasi sito","pricing_price":"da $ 0 \/ mese","pricing_price_caption":"inizia con il piano gratuito","pricing_benefits":[{"text":"Siti web illimitati"},{"text":"Supporto dedicato e puntuale"},{"text":"Aiuto per l'installazione gratuito"},{"text":"Prezzo speciale per pi\u00f9 app"}],"pricing_button_text":"Aggiungi al sito web","pricing_button_url":"#demo"}],"related_apps_title":"","related_apps_hidden":"0","author":"","image":[],"title":"","job":"","social_networks":[]},"_links":{"self":[{"href":"https:\/\/elfsight.com\/it\/wp-json\/wp\/v2\/pages\/4556","targetHints":{"allow":["GET"]}}],"collection":[{"href":"https:\/\/elfsight.com\/it\/wp-json\/wp\/v2\/pages"}],"about":[{"href":"https:\/\/elfsight.com\/it\/wp-json\/wp\/v2\/types\/page"}],"author":[{"embeddable":true,"href":"https:\/\/elfsight.com\/it\/wp-json\/wp\/v2\/users\/9"}],"replies":[{"embeddable":true,"href":"https:\/\/elfsight.com\/it\/wp-json\/wp\/v2\/comments?post=4556"}],"version-history":[{"count":2,"href":"https:\/\/elfsight.com\/it\/wp-json\/wp\/v2\/pages\/4556\/revisions"}],"predecessor-version":[{"id":9699,"href":"https:\/\/elfsight.com\/it\/wp-json\/wp\/v2\/pages\/4556\/revisions\/9699"}],"up":[{"embeddable":true,"href":"https:\/\/elfsight.com\/it\/wp-json\/wp\/v2\/pages\/2319"}],"wp:attachment":[{"href":"https:\/\/elfsight.com\/it\/wp-json\/wp\/v2\/media?parent=4556"}],"curies":[{"name":"wp","href":"https:\/\/api.w.org\/{rel}","templated":true}]}}