{"id":4555,"date":"2024-05-03T06:37:11","date_gmt":"2024-05-03T06:37:11","guid":{"rendered":"https:\/\/elfsight.com\/it\/?page_id=4555"},"modified":"2025-03-21T14:19:19","modified_gmt":"2025-03-21T14:19:19","slug":"weebly","status":"publish","type":"page","link":"https:\/\/elfsight.com\/it\/file-embed-widget\/weebly\/","title":{"rendered":"File Embed &#8211; Weebly"},"content":{"rendered":"\n<div class=\"application-platform-content-item-description application-platform-content-item\" id=\"description\" data-nav-section=\"description\"> <h2>Descrizione<\/h2> <p>Elfsight File Embed \u00e8 uno dei widget pi\u00f9 semplici per incollare file in un sito. Aggiungi tutti i formati pi\u00f9 diffusi: PDF, Docx, Jpg, Jpeg \u2013 in totale circa 20 tipi. Per tua comodit\u00e0, i documenti possono essere aggiunti semplicemente caricandoli, tramite i loro URL o scegliendo tra gli ultimi caricati. Le funzionalit\u00e0 ti consentono di assegnare a ciascun documento il tuo titolo, caricare un&#8217;icona e un&#8217;immagine di anteprima, scegliere la variante del layout dei file e altro. I visitatori del sito web possono visualizzare i documenti direttamente sul tuo sito, aprirli in una nuova scheda e scaricarli. <\/p> <div class=\"faq\" data-component=\"FAQ\"> <div class=\"faq-item\">\r\n\t\t\t\t\t<div class=\"faq-item-question\">\r\n\t\t\t\t\t\t<h3 class=\"faq-item-question-text\">Dove posso pubblicarlo<\/h3>\r\n\r\n\t\t\t\t\t\t<div class=\"faq-item-question-icon\"><\/div>\r\n\t\t\t\t\t<\/div>\r\n\r\n\t\t\t\t\t<div class=\"faq-item-answer\">\r\n\t\t\t\t\t\t<div class=\"faq-item-answer-text\"> <p>Puoi aggiungere File Embed su ogni pagina del sito web. Pertanto, con esso puoi incorporare i tuoi documenti tecnici o linee guida nelle pagine dei prodotti corrispondenti e vantare i tuoi diplomi e qualifiche nella pagina Chi siamo. <\/p> <\/div>\r\n\t\t\t\t\t<\/div>\r\n\t\t\t\t<\/div> <div class=\"faq-item\">\r\n\t\t\t\t\t<div class=\"faq-item-question\">\r\n\t\t\t\t\t\t<h3 class=\"faq-item-question-text\">Come posso trarre vantaggio da questo plugin?<\/h3>\r\n\r\n\t\t\t\t\t\t<div class=\"faq-item-question-icon\"><\/div>\r\n\t\t\t\t\t<\/div>\r\n\r\n\t\t\t\t\t<div class=\"faq-item-answer\">\r\n\t\t\t\t\t\t<div class=\"faq-item-answer-text\"> <p>Questo widget pu\u00f2 farti risparmiare molto tempo, perch\u00e9 con il suo aiuto, l&#8217;aggiunta di file nel tuo sito richieder\u00e0 solo secondi. Inoltre, ti aiuta a trasmettere molti dettagli significativi sui tuoi articoli o servizi per aumentare la consapevolezza degli utenti sui tuoi articoli. <\/p> <\/div>\r\n\t\t\t\t\t<\/div>\r\n\t\t\t\t<\/div> <div class=\"faq-item\">\r\n\t\t\t\t\t<div class=\"faq-item-question\">\r\n\t\t\t\t\t\t<h3 class=\"faq-item-question-text\">Come posso installare File Embed sul mio sito Web Weebly?<\/h3>\r\n\r\n\t\t\t\t\t\t<div class=\"faq-item-question-icon\"><\/div>\r\n\t\t\t\t\t<\/div>\r\n\r\n\t\t\t\t\t<div class=\"faq-item-answer\">\r\n\t\t\t\t\t\t<div class=\"faq-item-answer-text\"> <p>Ti servono solo tre minuti del tuo tempo per iniziare a utilizzare il widget. L&#8217;incorporamento \u00e8 super veloce, gratuito e senza codifica. <\/p> <ol> <li>Puoi introdurre File Embed nel tuo sito nel nostro servizio. Basta seguire i passaggi della guida qui sotto in questa pagina. <\/li> <li>Elfsight File Embed pu\u00f2 essere configurato tramite il nostro servizio o tramite il marketplace. Qui puoi conoscere maggiori dettagli su queste varianti e scegliere la tua. <\/li> <\/ol> <\/div>\r\n\t\t\t\t\t<\/div>\r\n\t\t\t\t<\/div> <\/div> <\/div> <div class=\"application-platform-content-item-features application-platform-content-item\" id=\"features\" data-nav-section=\"features\"> <h2>Caratteristiche<\/h2> <p>Per formare una percezione pi\u00f9 chiara di File Embed, esaminare l&#8217;elenco delle caratteristiche pi\u00f9 importanti. Rendono questo widget incredibilmente vantaggioso per te: <\/p> <ul><li>Aggiungi documenti illimitati; <\/li> <li>Variante di layout File Viewer per la visualizzazione dei documenti sul sito web; <\/li> <li>Carica immagini per icone e anteprime; <\/li> <li>Mostra o disattiva l&#8217;etichetta del file di download; <\/li> <li>Dipingi sei elementi dell&#8217;interfaccia. <\/li> <\/ul><p><a href=\"#demo\">Per verificare pi\u00f9 funzionalit\u00e0, guarda la demo live<\/a><\/p> <\/div> <div class=\"application-platform-content-item-installation application-platform-content-item\" id=\"installation\" data-nav-section=\"installation\"> <h2>Scopri come integrare il widget File Embed nel tuo sito Weebly. <\/h2> <div class=\"video-container\"><iframe width=\"560\" height=\"315\" src=\"https:\/\/www.youtube.com\/embed\/IJAWKe7ltnw?si=qzRUNTNwQSVS4xjz\" frameborder=\"0\" allow=\"accelerometer; autoplay; clipboard-write; encrypted-media; gyroscope; picture-in-picture; web-share\" allowfullscreen><\/iframe><\/div><p>Le seguenti azioni sono l&#8217;unica cosa che devi eseguire per pubblicare il widget. <\/p> <ol><li><b>Esegui la nostra demo gratuita e inizia a creare la tua app personalizzata. <\/b><br> Scegli la disposizione e le prestazioni preferibili dell&#8217;app e applica tutte le modifiche. <\/li> <li><b>Copia il codice univoco dimostrato nell&#8217;apposito modulo su Elfsight Apps. <\/b><br> Non appena la configurazione della tua app sar\u00e0 completata, copia il codice esclusivo nel popup emerso e salvalo per un utilizzo futuro. <\/li> <li><b>Inizia a utilizzare l&#8217;app sulla pagina web di Weebly. <\/b><br> Inserisci il codice che hai copiato di recente nella tua pagina e salva le correzioni. <\/li> <li><b>Fatto! L&#8217;incorporamento \u00e8 completamente completato. <\/b><br> Visita la tua pagina web per dare un&#8217;occhiata alle prestazioni dell&#8217;app. <\/li><\/ol><p>Non hai ancora deciso? O riscontri problemi? Basta una singola richiesta al nostro team di supporto per risolvere ogni problema. <\/p> <\/div>\n","protected":false},"excerpt":{"rendered":"","protected":false},"author":9,"featured_media":0,"parent":2319,"menu_order":0,"comment_status":"closed","ping_status":"closed","template":"templates\/template-application-platform.php","meta":{"publish_to_discourse":"","publish_post_category":"","wpdc_auto_publish_overridden":"","wpdc_topic_tags":"","wpdc_pin_topic":"","wpdc_pin_until":"","discourse_post_id":"","discourse_permalink":"","wpdc_publishing_response":"","wpdc_publishing_error":"","footnotes":""},"class_list":["post-4555","page","type-page","status-publish","hentry"],"yoast_head":"<!-- This site is optimized with the Yoast SEO plugin v25.3.1 - https:\/\/yoast.com\/wordpress\/plugins\/seo\/ -->\n<title>App Visualizzatore file: incorpora qualsiasi file nel tuo sito web Weebly (2025)<\/title>\n<meta name=\"description\" content=\"Con Elfsight, crea la tua app File Embed e posizionala facilmente sul tuo sito Web Weebly. Offriamo un servizio clienti gratuito e pi\u00f9 bonus.\" \/>\n<meta name=\"robots\" content=\"index, follow, max-snippet:-1, max-image-preview:large, max-video-preview:-1\" \/>\n<link rel=\"canonical\" href=\"https:\/\/elfsight.com\/it\/file-embed-widget\/weebly\/\" \/>\n<meta property=\"og:locale\" content=\"it_IT\" \/>\n<meta property=\"og:type\" content=\"article\" \/>\n<meta property=\"og:title\" content=\"App Visualizzatore file: incorpora qualsiasi file nel tuo sito web Weebly (2025)\" \/>\n<meta property=\"og:description\" content=\"Con Elfsight, crea la tua app File Embed e posizionala facilmente sul tuo sito Web Weebly. Offriamo un servizio clienti gratuito e pi\u00f9 bonus.\" \/>\n<meta property=\"og:url\" content=\"https:\/\/elfsight.com\/it\/file-embed-widget\/weebly\/\" \/>\n<meta property=\"og:site_name\" content=\"Elfsight IT\" \/>\n<meta property=\"article:modified_time\" content=\"2025-03-21T14:19:19+00:00\" \/>\n<meta name=\"twitter:card\" content=\"summary_large_image\" \/>\n<meta name=\"twitter:label1\" content=\"Tempo di lettura stimato\" \/>\n\t<meta name=\"twitter:data1\" content=\"3 minuti\" \/>\n<!-- \/ Yoast SEO plugin. -->","yoast_head_json":{"title":"App Visualizzatore file: incorpora qualsiasi file nel tuo sito web Weebly (2025)","description":"Con Elfsight, crea la tua app File Embed e posizionala facilmente sul tuo sito Web Weebly. Offriamo un servizio clienti gratuito e pi\u00f9 bonus.","robots":{"index":"index","follow":"follow","max-snippet":"max-snippet:-1","max-image-preview":"max-image-preview:large","max-video-preview":"max-video-preview:-1"},"canonical":"https:\/\/elfsight.com\/it\/file-embed-widget\/weebly\/","og_locale":"it_IT","og_type":"article","og_title":"App Visualizzatore file: incorpora qualsiasi file nel tuo sito web Weebly (2025)","og_description":"Con Elfsight, crea la tua app File Embed e posizionala facilmente sul tuo sito Web Weebly. Offriamo un servizio clienti gratuito e pi\u00f9 bonus.","og_url":"https:\/\/elfsight.com\/it\/file-embed-widget\/weebly\/","og_site_name":"Elfsight IT","article_modified_time":"2025-03-21T14:19:19+00:00","twitter_card":"summary_large_image","twitter_misc":{"Tempo di lettura stimato":"3 minuti"},"schema":{"@context":"https:\/\/schema.org","@graph":[{"@type":"WebPage","@id":"https:\/\/elfsight.com\/it\/file-embed-widget\/weebly\/","url":"https:\/\/elfsight.com\/it\/file-embed-widget\/weebly\/","name":"App Visualizzatore file: incorpora qualsiasi file nel tuo sito web Weebly (2025)","isPartOf":{"@id":"https:\/\/elfsight.com\/it\/#website"},"datePublished":"2024-05-03T06:37:11+00:00","dateModified":"2025-03-21T14:19:19+00:00","description":"Con Elfsight, crea la tua app File Embed e posizionala facilmente sul tuo sito Web Weebly. Offriamo un servizio clienti gratuito e pi\u00f9 bonus.","breadcrumb":{"@id":"https:\/\/elfsight.com\/it\/file-embed-widget\/weebly\/#breadcrumb"},"inLanguage":"it-IT","potentialAction":[{"@type":"ReadAction","target":["https:\/\/elfsight.com\/it\/file-embed-widget\/weebly\/"]}]},{"@type":"BreadcrumbList","@id":"https:\/\/elfsight.com\/it\/file-embed-widget\/weebly\/#breadcrumb","itemListElement":[{"@type":"ListItem","position":1,"name":"Home","item":"https:\/\/elfsight.com\/it\/"},{"@type":"ListItem","position":2,"name":"File Embed","item":"https:\/\/elfsight.com\/it\/file-embed-widget\/"},{"@type":"ListItem","position":3,"name":"File Embed &#8211; Weebly"}]},{"@type":"WebSite","@id":"https:\/\/elfsight.com\/it\/#website","url":"https:\/\/elfsight.com\/it\/","name":"Elfsight IT","description":"Just another Elfsight Sites site","potentialAction":[{"@type":"SearchAction","target":{"@type":"EntryPoint","urlTemplate":"https:\/\/elfsight.com\/it\/?s={search_term_string}"},"query-input":{"@type":"PropertyValueSpecification","valueRequired":true,"valueName":"search_term_string"}}],"inLanguage":"it-IT"}]}},"meta_box":{"industry":"","seo_heading":"","heading":"","description":"","cta_heading":"","cta_description":"","application":"2318","h1":"Applicazione Weebly per incorporare file","h1_caption":"Incorpora documenti, fogli di calcolo e altri file nel tuo sito web per visualizzarli e scaricarli facilmente nel tuo sito web Weebly.","application_category":[],"applications_title":"","applications_request_title":"","applications_request_button_text":"","hero_text":"","hero_video":"","hero_video_schema_markup":"","selling_points_title":"","selling_points_caption":"","selling_points":[],"selling_points_cta_text":"","features_title":"","features":"","ed_cta_examples_text":"","ed_cta_examples_hidden":"","ed_cta_demo_text":"","ed_cta_demo_hidden":"","why_caption":"","why_editor_title":"","why_editor_text":"","why_team_title":"","why_team_text":"","why_service_title":"","why_service_text":"","template_catalog_visible":"0","template_catalog_title":"","template_catalog_text":"","template_catalog_categories_visible":"","demo_title":"Crea la tua app Incorpora file","demo_caption":"Configura il tuo file incorporato e aggiungilo gratuitamente al tuo sito Web Weebly!","default_faq_hidden":"","app_template_category":[],"platform":"45","template_public_id":"","codecanyon_url":"","codecanyon_item_id":"","codecanyon_price":"","pricing_caption":"","pricing_elfsight_apps_hide_column":"","pricing_elfsight_apps_url":"","pricing_codecanyon_price_caption":"","integration_category":[],"integration_request_title":"","integration_request_cta":"","integration_platform":"","integrations":[],"platform_category":[],"video_schema_markup":"","price":"da $ 0 al mese","trial":"","benefits":[{"text":"Aiuto per l'installazione gratuito"},{"text":"Servizio clienti professionale"},{"text":"Garanzia di rimborso di 14 giorni"},{"text":"Miglioramenti futuri"}],"button_url":"#demo","button_target_blank":"0","button_nofollow":"0","attributes":[{"name":"Installazioni"},{"name":"Reattivo","content":"S\u00cc"},{"name":"Browser compatibili","content":"Firefox, Safari, Opera, Chrome, Edge"}],"tags":[],"tags_disable_links":"0","hide_more_platforms":"0","video_object":"","demo_hide_cta":"0","demo_hide_cloud_options":"0","pricing_title":"","pricing":[{"pricing_icon":"platform","pricing_title":"Elfsight Apps","pricing_title_caption":"Soluzione multipiattaforma che funziona su qualsiasi sito web","pricing_price":"da $ 0 \/ mese","pricing_price_caption":"inizia con un piano gratuito","pricing_benefits":[{"text":"Domini illimitati"},{"text":"Supporto gratuito"},{"text":"Supporto gratuito per l'installazione"},{"text":"100% personalizzabile"}],"pricing_button_text":"Aggiungi al sito web","pricing_button_url":"#demo"}],"related_apps_title":"","related_apps_hidden":"0","author":"","image":[],"title":"","job":"","social_networks":[]},"_links":{"self":[{"href":"https:\/\/elfsight.com\/it\/wp-json\/wp\/v2\/pages\/4555","targetHints":{"allow":["GET"]}}],"collection":[{"href":"https:\/\/elfsight.com\/it\/wp-json\/wp\/v2\/pages"}],"about":[{"href":"https:\/\/elfsight.com\/it\/wp-json\/wp\/v2\/types\/page"}],"author":[{"embeddable":true,"href":"https:\/\/elfsight.com\/it\/wp-json\/wp\/v2\/users\/9"}],"replies":[{"embeddable":true,"href":"https:\/\/elfsight.com\/it\/wp-json\/wp\/v2\/comments?post=4555"}],"version-history":[{"count":3,"href":"https:\/\/elfsight.com\/it\/wp-json\/wp\/v2\/pages\/4555\/revisions"}],"predecessor-version":[{"id":9701,"href":"https:\/\/elfsight.com\/it\/wp-json\/wp\/v2\/pages\/4555\/revisions\/9701"}],"up":[{"embeddable":true,"href":"https:\/\/elfsight.com\/it\/wp-json\/wp\/v2\/pages\/2319"}],"wp:attachment":[{"href":"https:\/\/elfsight.com\/it\/wp-json\/wp\/v2\/media?parent=4555"}],"curies":[{"name":"wp","href":"https:\/\/api.w.org\/{rel}","templated":true}]}}