{"id":4549,"date":"2024-05-03T06:37:09","date_gmt":"2024-05-03T06:37:09","guid":{"rendered":"https:\/\/elfsight.com\/it\/?page_id=4549"},"modified":"2025-03-21T14:23:45","modified_gmt":"2025-03-21T14:23:45","slug":"wordpress","status":"publish","type":"page","link":"https:\/\/elfsight.com\/it\/file-embed-widget\/wordpress\/","title":{"rendered":"File Embed &#8211; WordPress"},"content":{"rendered":"\n<div class=\"application-platform-content-item-description application-platform-content-item\" id=\"description\" data-nav-section=\"description\"> <h2>Incorpora File Embed su WordPress con il widget Elfsight<\/h2> <p>Elfsight File Embed \u00e8 il modo pi\u00f9 pratico e veloce per l&#8217;integrazione dei file nel tuo sito Inserisci tutti i file pi\u00f9 diffusi: PDF, Docx, Jpg, Jpeg \u2013 in totale circa 20 formati. Per facilit\u00e0 d&#8217;uso, i file possono essere aggiunti semplicemente caricandoli, aggiungendo i relativi URL o selezionandoli da quelli caricati di recente. Puoi assegnare un nome a ogni file, caricare la tua icona o immagine, scegliere la variante di layout del file e fare altro. Gli utenti del sito Web possono leggere i documenti direttamente sul sito, aprirli in una nuova scheda e scaricarli. <\/p> <div class=\"faq\" data-component=\"FAQ\"> <div class=\"faq-item\">\r\n\t\t\t\t\t<div class=\"faq-item-question\">\r\n\t\t\t\t\t\t<h3 class=\"faq-item-question-text\">Dove posso incorporarlo nel mio sito web<\/h3>\r\n\r\n\t\t\t\t\t\t<div class=\"faq-item-question-icon\"><\/div>\r\n\t\t\t\t\t<\/div>\r\n\r\n\t\t\t\t\t<div class=\"faq-item-answer\">\r\n\t\t\t\t\t\t<div class=\"faq-item-answer-text\"> <p>Sentiti libero di visualizzare File Embed su qualsiasi pagina del sito web. Quindi, puoi applicarlo per incollare i tuoi documenti o specifiche tecnologiche sulle pagine dei prodotti corrispondenti o vantare i tuoi diplomi e certificati sulla pagina di destinazione. <\/p> <\/div>\r\n\t\t\t\t\t<\/div>\r\n\t\t\t\t<\/div> <div class=\"faq-item\">\r\n\t\t\t\t\t<div class=\"faq-item-question\">\r\n\t\t\t\t\t\t<h3 class=\"faq-item-question-text\">Quali vantaggi pu\u00f2 darmi?<\/h3>\r\n\r\n\t\t\t\t\t\t<div class=\"faq-item-question-icon\"><\/div>\r\n\t\t\t\t\t<\/div>\r\n\r\n\t\t\t\t\t<div class=\"faq-item-answer\">\r\n\t\t\t\t\t\t<div class=\"faq-item-answer-text\"> <p>Questo widget ti far\u00e0 risparmiare un sacco di tempo perch\u00e9 l&#8217;integrazione dei documenti nel tuo sito richiede solo pochi secondi. Inoltre, puoi distribuire una grande quantit\u00e0 di informazioni significative sui tuoi articoli o servizi e migliorare la comprensione delle tue offerte da parte dei clienti. <\/p> <\/div>\r\n\t\t\t\t\t<\/div>\r\n\t\t\t\t<\/div> <div class=\"faq-item\">\r\n\t\t\t\t\t<div class=\"faq-item-question\">\r\n\t\t\t\t\t\t<h3 class=\"faq-item-question-text\">Di cosa ho bisogno per installare File Embed sul mio sito WordPress?<\/h3>\r\n\r\n\t\t\t\t\t\t<div class=\"faq-item-question-icon\"><\/div>\r\n\t\t\t\t\t<\/div>\r\n\r\n\t\t\t\t\t<div class=\"faq-item-answer\">\r\n\t\t\t\t\t\t<div class=\"faq-item-answer-text\"> <p>Avrai bisogno solo di un minuto del tuo tempo per iniziare a utilizzare il widget. L&#8217;incorporamento \u00e8 estremamente rapido, gratuito e senza codifica. <\/p> <ol> <li>Puoi posizionare il widget sulla tua pagina web direttamente tramite il nostro servizio. Basta applicare le istruzioni riportate di seguito in questa pagina. <\/li> <li>Il widget pu\u00f2 essere integrato tramite il nostro servizio o tramite il marketplace. Puoi conoscere pi\u00f9 nel dettaglio le due varianti e scegliere la tua. <\/li> <\/ol> <\/div>\r\n\t\t\t\t\t<\/div>\r\n\t\t\t\t<\/div> <\/div> <\/div> <div class=\"application-platform-content-item-features application-platform-content-item\" id=\"features\" data-nav-section=\"features\"> <h2>Caratteristiche principali del widget File Embed<\/h2> <p>Per farsi un&#8217;idea pi\u00f9 chiara del widget, ecco l&#8217;elenco delle sue funzioni essenziali. Rendono questo widget davvero vantaggioso per la tua attivit\u00e0: <\/p> <ul><li>Mostra qualsiasi quantit\u00e0 di documenti; <\/li> <li>Variante di layout del Visualizzatore di file per leggere i documenti sul sito web; <\/li> <li>Caricamento di immagini per icone e anteprime dei documenti; <\/li> <li>Mostra o nasconde il testo del file scaricato; <\/li> <li> Dettagli dell&#8217;interfaccia di Paint 6. <\/li> <\/ul><p><a href=\"#demo\">La demo ti riveler\u00e0 pi\u00f9 funzionalit\u00e0<\/a><\/p> <\/div> <div class=\"application-platform-content-item-installation application-platform-content-item\" id=\"installation\" data-nav-section=\"installation\"> <h2>Controlliamo come incorporare il widget File Embed nel tuo sito WordPress. <\/h2> <div class=\"video-container\"><iframe width=\"560\" height=\"315\" src=\"https:\/\/www.youtube.com\/embed\/RtBBRptIOY0?si=yuJWvwliB6sy6dOh\" frameborder=\"0\" allow=\"accelerometer; autoplay; clipboard-write; encrypted-media; gyroscope; picture-in-picture; web-share\" allowfullscreen><\/iframe><\/div><p>I seguenti passaggi sono l&#8217;unica cosa di cui hai bisogno per pubblicare. <\/p> <ol><li><b>Apri il nostro editor gratuito e inizia a lavorare con il tuo plugin File Embed personalizzato. <\/b><br> Trova il layout personalizzato e le opzioni del plugin e salva tutte le correzioni. <\/li> <li><b>Acquisisci il codice univoco che appare nella finestra sulle App Elfsight. <\/b><br> Non appena la configurazione del tuo plugin sar\u00e0 completata, copia il codice personale dalla finestra che appare e conservalo per occasioni future. <\/li> <li><b>Avvia l&#8217;utilizzo del plugin sulla tua pagina web WordPress. <\/b><br> Incorpora il codice salvato in precedenza nella tua pagina web e applica le modifiche. <\/li> <li><b>Fatto! L&#8217;incorporamento \u00e8 completamente completato. <\/b><br> Vai al tuo sito web per vedere il funzionamento del plugin. <\/li><\/ol><p>Non hai ancora deciso? O hai domande? Basta inviare una richiesta al nostro servizio clienti, risolveranno ogni tuo problema. <\/p> <\/div>\n","protected":false},"excerpt":{"rendered":"","protected":false},"author":9,"featured_media":0,"parent":2319,"menu_order":0,"comment_status":"closed","ping_status":"closed","template":"templates\/template-application-platform.php","meta":{"publish_to_discourse":"","publish_post_category":"","wpdc_auto_publish_overridden":"","wpdc_topic_tags":"","wpdc_pin_topic":"","wpdc_pin_until":"","discourse_post_id":"","discourse_permalink":"","wpdc_publishing_response":"","wpdc_publishing_error":"","footnotes":""},"class_list":["post-4549","page","type-page","status-publish","hentry"],"yoast_head":"<!-- This site is optimized with the Yoast SEO plugin v25.3.1 - https:\/\/yoast.com\/wordpress\/plugins\/seo\/ -->\n<title>Plug-in Visualizzatore file: incorpora qualsiasi file nel tuo sito Web WordPress (2026)<\/title>\n<meta name=\"description\" content=\"Progetta il tuo plugin File Embed e mostralo sul sito WordPress in pochissimo tempo. Abbiamo assistenza clienti gratuita e altri bonus.\" \/>\n<meta name=\"robots\" content=\"index, follow, max-snippet:-1, max-image-preview:large, max-video-preview:-1\" \/>\n<link rel=\"canonical\" href=\"https:\/\/elfsight.com\/it\/file-embed-widget\/wordpress\/\" \/>\n<meta property=\"og:locale\" content=\"it_IT\" \/>\n<meta property=\"og:type\" content=\"article\" \/>\n<meta property=\"og:title\" content=\"Plug-in Visualizzatore file: incorpora qualsiasi file nel tuo sito Web WordPress (2026)\" \/>\n<meta property=\"og:description\" content=\"Progetta il tuo plugin File Embed e mostralo sul sito WordPress in pochissimo tempo. Abbiamo assistenza clienti gratuita e altri bonus.\" \/>\n<meta property=\"og:url\" content=\"https:\/\/elfsight.com\/it\/file-embed-widget\/wordpress\/\" \/>\n<meta property=\"og:site_name\" content=\"Elfsight IT\" \/>\n<meta property=\"article:modified_time\" content=\"2025-03-21T14:23:45+00:00\" \/>\n<meta name=\"twitter:card\" content=\"summary_large_image\" \/>\n<meta name=\"twitter:label1\" content=\"Tempo di lettura stimato\" \/>\n\t<meta name=\"twitter:data1\" content=\"3 minuti\" \/>\n<!-- \/ Yoast SEO plugin. -->","yoast_head_json":{"title":"Plug-in Visualizzatore file: incorpora qualsiasi file nel tuo sito Web WordPress (2026)","description":"Progetta il tuo plugin File Embed e mostralo sul sito WordPress in pochissimo tempo. Abbiamo assistenza clienti gratuita e altri bonus.","robots":{"index":"index","follow":"follow","max-snippet":"max-snippet:-1","max-image-preview":"max-image-preview:large","max-video-preview":"max-video-preview:-1"},"canonical":"https:\/\/elfsight.com\/it\/file-embed-widget\/wordpress\/","og_locale":"it_IT","og_type":"article","og_title":"Plug-in Visualizzatore file: incorpora qualsiasi file nel tuo sito Web WordPress (2026)","og_description":"Progetta il tuo plugin File Embed e mostralo sul sito WordPress in pochissimo tempo. Abbiamo assistenza clienti gratuita e altri bonus.","og_url":"https:\/\/elfsight.com\/it\/file-embed-widget\/wordpress\/","og_site_name":"Elfsight IT","article_modified_time":"2025-03-21T14:23:45+00:00","twitter_card":"summary_large_image","twitter_misc":{"Tempo di lettura stimato":"3 minuti"},"schema":{"@context":"https:\/\/schema.org","@graph":[{"@type":"WebPage","@id":"https:\/\/elfsight.com\/it\/file-embed-widget\/wordpress\/","url":"https:\/\/elfsight.com\/it\/file-embed-widget\/wordpress\/","name":"Plug-in Visualizzatore file: incorpora qualsiasi file nel tuo sito Web WordPress (2026)","isPartOf":{"@id":"https:\/\/elfsight.com\/it\/#website"},"datePublished":"2024-05-03T06:37:09+00:00","dateModified":"2025-03-21T14:23:45+00:00","description":"Progetta il tuo plugin File Embed e mostralo sul sito WordPress in pochissimo tempo. Abbiamo assistenza clienti gratuita e altri bonus.","breadcrumb":{"@id":"https:\/\/elfsight.com\/it\/file-embed-widget\/wordpress\/#breadcrumb"},"inLanguage":"it-IT","potentialAction":[{"@type":"ReadAction","target":["https:\/\/elfsight.com\/it\/file-embed-widget\/wordpress\/"]}]},{"@type":"BreadcrumbList","@id":"https:\/\/elfsight.com\/it\/file-embed-widget\/wordpress\/#breadcrumb","itemListElement":[{"@type":"ListItem","position":1,"name":"Home","item":"https:\/\/elfsight.com\/it\/"},{"@type":"ListItem","position":2,"name":"File Embed","item":"https:\/\/elfsight.com\/it\/file-embed-widget\/"},{"@type":"ListItem","position":3,"name":"File Embed &#8211; WordPress"}]},{"@type":"WebSite","@id":"https:\/\/elfsight.com\/it\/#website","url":"https:\/\/elfsight.com\/it\/","name":"Elfsight IT","description":"Just another Elfsight Sites site","potentialAction":[{"@type":"SearchAction","target":{"@type":"EntryPoint","urlTemplate":"https:\/\/elfsight.com\/it\/?s={search_term_string}"},"query-input":{"@type":"PropertyValueSpecification","valueRequired":true,"valueName":"search_term_string"}}],"inLanguage":"it-IT"}]}},"meta_box":{"industry":"","seo_heading":"","heading":"","description":"","cta_heading":"","cta_description":"","application":"2318","h1":"Plug-in per incorporare file WordPress","h1_caption":"Integra oltre 20 formati di file sul tuo sito affinch\u00e9 gli utenti possano utilizzarli o scaricarli","application_category":[],"applications_title":"","applications_request_title":"","applications_request_button_text":"","hero_text":"","hero_video":"","hero_video_schema_markup":"","selling_points_title":"","selling_points_caption":"","selling_points":[],"selling_points_cta_text":"","features_title":"","features":"","ed_cta_examples_text":"","ed_cta_examples_hidden":"","ed_cta_demo_text":"","ed_cta_demo_hidden":"","why_caption":"","why_editor_title":"","why_editor_text":"","why_team_title":"","why_team_text":"","why_service_title":"","why_service_text":"","template_catalog_visible":"0","template_catalog_title":"","template_catalog_text":"","template_catalog_categories_visible":"","demo_title":"Crea il tuo plug-in Incorpora file","demo_caption":"Configura il tuo incorporamento di file e aggiungilo gratuitamente al tuo sito Web WordPress!","default_faq_hidden":"","app_template_category":[],"platform":"28","template_public_id":"","codecanyon_url":"","codecanyon_item_id":"","codecanyon_price":"","pricing_caption":"","pricing_elfsight_apps_hide_column":"","pricing_elfsight_apps_url":"","pricing_codecanyon_price_caption":"","integration_category":[],"integration_request_title":"","integration_request_cta":"","integration_platform":"","integrations":[],"platform_category":[],"video_schema_markup":"","price":"da $ 0 al mese","trial":"","benefits":[{"text":"Aiuto per l'installazione gratuito"},{"text":"Servizio clienti competente"},{"text":"Garanzia di rimborso di 14 giorni"},{"text":"Aggiornamenti futuri"}],"button_url":"#demo","button_target_blank":"0","button_nofollow":"0","attributes":[{"name":"Installazioni"},{"name":"Reattivo","content":"S\u00cc"},{"name":"Browser compatibili","content":"Firefox, Safari, Opera, Chrome, Edge"}],"tags":[],"tags_disable_links":"0","hide_more_platforms":"0","video_object":"","demo_hide_cta":"0","demo_hide_cloud_options":"0","pricing_title":"","pricing":[{"pricing_icon":"platform","pricing_title":"Elfsight Apps","pricing_title_caption":"Versione indipendente dalla piattaforma","pricing_price":"da $ 0 \/ mese","pricing_price_caption":"inizia con il piano gratuito","pricing_benefits":[{"text":"Domini illimitati"},{"text":"Supporto aziendale premium"},{"text":"Supporto gratuito per l'installazione"},{"text":"Prezzo speciale per pi\u00f9 app"}],"pricing_button_text":"Aggiungi al sito web","pricing_button_url":"#demo"}],"related_apps_title":"","related_apps_hidden":"0","author":"","image":[],"title":"","job":"","social_networks":[]},"_links":{"self":[{"href":"https:\/\/elfsight.com\/it\/wp-json\/wp\/v2\/pages\/4549","targetHints":{"allow":["GET"]}}],"collection":[{"href":"https:\/\/elfsight.com\/it\/wp-json\/wp\/v2\/pages"}],"about":[{"href":"https:\/\/elfsight.com\/it\/wp-json\/wp\/v2\/types\/page"}],"author":[{"embeddable":true,"href":"https:\/\/elfsight.com\/it\/wp-json\/wp\/v2\/users\/9"}],"replies":[{"embeddable":true,"href":"https:\/\/elfsight.com\/it\/wp-json\/wp\/v2\/comments?post=4549"}],"version-history":[{"count":3,"href":"https:\/\/elfsight.com\/it\/wp-json\/wp\/v2\/pages\/4549\/revisions"}],"predecessor-version":[{"id":9705,"href":"https:\/\/elfsight.com\/it\/wp-json\/wp\/v2\/pages\/4549\/revisions\/9705"}],"up":[{"embeddable":true,"href":"https:\/\/elfsight.com\/it\/wp-json\/wp\/v2\/pages\/2319"}],"wp:attachment":[{"href":"https:\/\/elfsight.com\/it\/wp-json\/wp\/v2\/media?parent=4549"}],"curies":[{"name":"wp","href":"https:\/\/api.w.org\/{rel}","templated":true}]}}