{"id":4548,"date":"2024-05-03T06:37:08","date_gmt":"2024-05-03T06:37:08","guid":{"rendered":"https:\/\/elfsight.com\/it\/?page_id=4548"},"modified":"2025-03-21T13:48:08","modified_gmt":"2025-03-21T13:48:08","slug":"elementor","status":"publish","type":"page","link":"https:\/\/elfsight.com\/it\/file-embed-widget\/elementor\/","title":{"rendered":"File Embed &#8211; Elementor"},"content":{"rendered":"\n<div class=\"application-platform-content-item-description application-platform-content-item\" id=\"description\" data-nav-section=\"description\"> <h2>Incorpora file incorporati su Elementor con il widget Elfsight<\/h2> <p>Il widget Elfsight File Embed \u00e8 il widget pi\u00f9 pratico e veloce per inserire file nel tuo sito Aggiungi tutti i formati di file pi\u00f9 utilizzati: PDF, Docx, Xlsx, Jpeg \u2013 in totale circa 20 tipi. Per maggiore comodit\u00e0 \u00e8 possibile integrare i documenti caricandoli, aggiungendo gli URL o selezionandoli dall&#8217;elenco degli ultimi caricati. Puoi assegnare a ogni documento il tuo titolo, caricare un&#8217;icona o un&#8217;immagine, scegliere l&#8217;opzione di layout e molto altro. Gli utenti del sito web possono visualizzare i file direttamente sul tuo sito web, visualizzarli in una nuova scheda del browser e scaricarli.<\/p> <div class=\"faq\" data-component=\"FAQ\"> <div class=\"faq-item\">\r\n\t\t\t\t\t<div class=\"faq-item-question\">\r\n\t\t\t\t\t\t<h3 class=\"faq-item-question-text\">Dove posso inserire File Embed?<\/h3>\r\n\r\n\t\t\t\t\t\t<div class=\"faq-item-question-icon\"><\/div>\r\n\t\t\t\t\t<\/div>\r\n\r\n\t\t\t\t\t<div class=\"faq-item-answer\">\r\n\t\t\t\t\t\t<div class=\"faq-item-answer-text\"> <p>Puoi visualizzare File Incorpora widget su qualsiasi pagina del sito. Pertanto, pu\u00f2 essere utilizzato per mostrare i tuoi documenti tecnici o linee guida sulle pagine dei prodotti e dimostrare i tuoi diplomi e qualifiche sulla pagina di destinazione.<\/p> <\/div>\r\n\t\t\t\t\t<\/div>\r\n\t\t\t\t<\/div> <div class=\"faq-item\">\r\n\t\t\t\t\t<div class=\"faq-item-question\">\r\n\t\t\t\t\t\t<h3 class=\"faq-item-question-text\">Come posso trarre vantaggio da File Embed?<\/h3>\r\n\r\n\t\t\t\t\t\t<div class=\"faq-item-question-icon\"><\/div>\r\n\t\t\t\t\t<\/div>\r\n\r\n\t\t\t\t\t<div class=\"faq-item-answer\">\r\n\t\t\t\t\t\t<div class=\"faq-item-answer-text\"> <p>Questo widget ti far\u00e0 risparmiare molto tempo, poich\u00e9 con il suo aiuto, incollare i documenti nel tuo sito richiede solo pochi secondi. Inoltre, puoi fornire molte informazioni significative sui tuoi prodotti e servizi per aumentare la conoscenza delle tue offerte da parte dei clienti.<\/p> <\/div>\r\n\t\t\t\t\t<\/div>\r\n\t\t\t\t<\/div> <div class=\"faq-item\">\r\n\t\t\t\t\t<div class=\"faq-item-question\">\r\n\t\t\t\t\t\t<h3 class=\"faq-item-question-text\">Come posso aggiungere File Embed al mio sito Web Elementor?<\/h3>\r\n\r\n\t\t\t\t\t\t<div class=\"faq-item-question-icon\"><\/div>\r\n\t\t\t\t\t<\/div>\r\n\r\n\t\t\t\t\t<div class=\"faq-item-answer\">\r\n\t\t\t\t\t\t<div class=\"faq-item-answer-text\"> <p>Ci vorr\u00e0 solo un minuto per iniziare a utilizzare il widget. Il processo \u00e8 super rapido, gratuito e senza codifica.<\/p> <p>Puoi integrare File Embed nel sito Web direttamente tramite il servizio. Consulta semplicemente la guida pi\u00f9 avanti in questa pagina.<\/p> <\/div>\r\n\t\t\t\t\t<\/div>\r\n\t\t\t\t<\/div> <\/div> <\/div><div class=\"application-platform-content-item-features application-platform-content-item\" id=\"features\" data-nav-section=\"features\"> <h2>Caratteristiche principali del widget File Embed<\/h2> <p> Per avere una conoscenza completa del widget, puoi studiare l&#8217;elenco delle sue caratteristiche pi\u00f9 preziose:<\/p> <ul><li>Incolla qualsiasi quantit\u00e0 di documenti;<\/li> <li>Variante di layout del Visualizzatore file in leggere i documenti sul sito;<\/li> <li>Caricare immagini per le icone e le anteprime dei documenti;<\/li> <li>Visualizzare o disattivare il testo del file di download;<\/li> <li>Scegliere i colori per sei elementi dell&#8217;interfaccia. <\/li> <\/ul><p><a href=\"#demo\">La nostra demo ti mostrer\u00e0 un elenco completo di funzionalit\u00e0<\/a><\/p> <\/div><div class=\"application-platform-content-item-installation application-platform-content-item\" id=\"installation\" data-nav-section=\"installation\"> <h2>Ecco come posizionare il visualizzatore di file sul tuo sito Elementor<\/h2> <div class=\"video-container\"><iframe width=\"560\" height=\"315\" src=\"https:\/\/www.youtube.com\/embed\/IUdQd3n6jR4?si=dQ-AmuzDQD1VxEPH\" frameborder=\"0\" allow=\"accelerometer; autoplay; clipboard-write; encrypted-media; gyroscope; picture-in-picture; web-share\" allowfullscreen><\/iframe><\/div><p>Le seguenti azioni sono l&#8217;unica cosa che devi fare. Sono tutti privi di codifica.<\/p> <ul><li><b>Crea il tuo widget File personalizzato<\/b><br>Con l&#8217;aiuto della nostra demo gratuita, crea un plug-in con design e opzioni preferibili.<\/li><li><b>Acquisisci un codice per aggiungere il plugin<\/b><br>Dopo l&#8217;ottimizzazione del widget, ricevi un codice per il widget File dalla finestra popup sulle app Elfsight.<\/li><li><b>Posiziona il plugin sul sito web<\/b><br>Mostra il plugin nel punto desiderato del sito web e salva le modifiche.<\/li><li><b>Hai completato con successo l&#8217;installazione<\/b><br> Vai al tuo sito Elementor per controllare il tuo plugin.<\/li><\/ul><p>Hai ancora dubbi? Stai riscontrando problemi? Invia semplicemente la tua richiesta al nostro supporto clienti e ti forniranno un aiuto professionale tempestivo.<\/p> <\/div>\n","protected":false},"excerpt":{"rendered":"","protected":false},"author":9,"featured_media":0,"parent":2319,"menu_order":0,"comment_status":"closed","ping_status":"closed","template":"templates\/template-application-platform.php","meta":{"publish_to_discourse":"","publish_post_category":"","wpdc_auto_publish_overridden":"","wpdc_topic_tags":"","wpdc_pin_topic":"","wpdc_pin_until":"","discourse_post_id":"","discourse_permalink":"","wpdc_publishing_response":"","wpdc_publishing_error":"","footnotes":""},"class_list":["post-4548","page","type-page","status-publish","hentry"],"yoast_head":"<!-- This site is optimized with the Yoast SEO plugin v25.3.1 - https:\/\/yoast.com\/wordpress\/plugins\/seo\/ -->\n<title>Visualizzatore file: incorpora widget file nel sito Web Elementor (gratuito e veloce)<\/title>\n<meta name=\"description\" content=\"Con Elfsight, progetta il tuo widget Visualizzatore file e incorporalo rapidamente nel tuo sito Elementor. Abbiamo un servizio clienti gratuito e pi\u00f9 bonus.\" \/>\n<meta name=\"robots\" content=\"index, follow, max-snippet:-1, max-image-preview:large, max-video-preview:-1\" \/>\n<link rel=\"canonical\" href=\"https:\/\/elfsight.com\/it\/file-embed-widget\/elementor\/\" \/>\n<meta property=\"og:locale\" content=\"it_IT\" \/>\n<meta property=\"og:type\" content=\"article\" \/>\n<meta property=\"og:title\" content=\"Visualizzatore file: incorpora widget file nel sito Web Elementor (gratuito e veloce)\" \/>\n<meta property=\"og:description\" content=\"Con Elfsight, progetta il tuo widget Visualizzatore file e incorporalo rapidamente nel tuo sito Elementor. Abbiamo un servizio clienti gratuito e pi\u00f9 bonus.\" \/>\n<meta property=\"og:url\" content=\"https:\/\/elfsight.com\/it\/file-embed-widget\/elementor\/\" \/>\n<meta property=\"og:site_name\" content=\"Elfsight IT\" \/>\n<meta property=\"article:modified_time\" content=\"2025-03-21T13:48:08+00:00\" \/>\n<meta name=\"twitter:card\" content=\"summary_large_image\" \/>\n<meta name=\"twitter:label1\" content=\"Tempo di lettura stimato\" \/>\n\t<meta name=\"twitter:data1\" content=\"3 minuti\" \/>\n<!-- \/ Yoast SEO plugin. -->","yoast_head_json":{"title":"Visualizzatore file: incorpora widget file nel sito Web Elementor (gratuito e veloce)","description":"Con Elfsight, progetta il tuo widget Visualizzatore file e incorporalo rapidamente nel tuo sito Elementor. Abbiamo un servizio clienti gratuito e pi\u00f9 bonus.","robots":{"index":"index","follow":"follow","max-snippet":"max-snippet:-1","max-image-preview":"max-image-preview:large","max-video-preview":"max-video-preview:-1"},"canonical":"https:\/\/elfsight.com\/it\/file-embed-widget\/elementor\/","og_locale":"it_IT","og_type":"article","og_title":"Visualizzatore file: incorpora widget file nel sito Web Elementor (gratuito e veloce)","og_description":"Con Elfsight, progetta il tuo widget Visualizzatore file e incorporalo rapidamente nel tuo sito Elementor. Abbiamo un servizio clienti gratuito e pi\u00f9 bonus.","og_url":"https:\/\/elfsight.com\/it\/file-embed-widget\/elementor\/","og_site_name":"Elfsight IT","article_modified_time":"2025-03-21T13:48:08+00:00","twitter_card":"summary_large_image","twitter_misc":{"Tempo di lettura stimato":"3 minuti"},"schema":{"@context":"https:\/\/schema.org","@graph":[{"@type":"WebPage","@id":"https:\/\/elfsight.com\/it\/file-embed-widget\/elementor\/","url":"https:\/\/elfsight.com\/it\/file-embed-widget\/elementor\/","name":"Visualizzatore file: incorpora widget file nel sito Web Elementor (gratuito e veloce)","isPartOf":{"@id":"https:\/\/elfsight.com\/it\/#website"},"datePublished":"2024-05-03T06:37:08+00:00","dateModified":"2025-03-21T13:48:08+00:00","description":"Con Elfsight, progetta il tuo widget Visualizzatore file e incorporalo rapidamente nel tuo sito Elementor. Abbiamo un servizio clienti gratuito e pi\u00f9 bonus.","breadcrumb":{"@id":"https:\/\/elfsight.com\/it\/file-embed-widget\/elementor\/#breadcrumb"},"inLanguage":"it-IT","potentialAction":[{"@type":"ReadAction","target":["https:\/\/elfsight.com\/it\/file-embed-widget\/elementor\/"]}]},{"@type":"BreadcrumbList","@id":"https:\/\/elfsight.com\/it\/file-embed-widget\/elementor\/#breadcrumb","itemListElement":[{"@type":"ListItem","position":1,"name":"Home","item":"https:\/\/elfsight.com\/it\/"},{"@type":"ListItem","position":2,"name":"File Embed","item":"https:\/\/elfsight.com\/it\/file-embed-widget\/"},{"@type":"ListItem","position":3,"name":"File Embed &#8211; Elementor"}]},{"@type":"WebSite","@id":"https:\/\/elfsight.com\/it\/#website","url":"https:\/\/elfsight.com\/it\/","name":"Elfsight IT","description":"Just another Elfsight Sites site","potentialAction":[{"@type":"SearchAction","target":{"@type":"EntryPoint","urlTemplate":"https:\/\/elfsight.com\/it\/?s={search_term_string}"},"query-input":{"@type":"PropertyValueSpecification","valueRequired":true,"valueName":"search_term_string"}}],"inLanguage":"it-IT"}]}},"meta_box":{"industry":"","seo_heading":"","heading":"","description":"","cta_heading":"","cta_description":"","application":"2318","h1":"Widget Visualizzatore file Elementor","h1_caption":"Incorpora documenti, fogli di calcolo e altri file nel tuo sito Web per visualizzarli e scaricarli facilmente nel tuo sito Web Elementor.","application_category":[],"applications_title":"","applications_request_title":"","applications_request_button_text":"","hero_text":"","hero_video":"","hero_video_schema_markup":"","selling_points_title":"","selling_points_caption":"","selling_points":[],"selling_points_cta_text":"","features_title":"","features":"","ed_cta_examples_text":"","ed_cta_examples_hidden":"","ed_cta_demo_text":"","ed_cta_demo_hidden":"","why_caption":"","why_editor_title":"","why_editor_text":"","why_team_title":"","why_team_text":"","why_service_title":"","why_service_text":"","template_catalog_visible":"0","template_catalog_title":"","template_catalog_text":"","template_catalog_categories_visible":"","demo_title":"Crea il tuo widget Incorpora file","demo_caption":"Configura il tuo incorporamento di file e aggiungilo gratuitamente al tuo sito Web Elementor!","default_faq_hidden":"","app_template_category":[],"platform":"68","template_public_id":"","codecanyon_url":"","codecanyon_item_id":"","codecanyon_price":"","pricing_caption":"","pricing_elfsight_apps_hide_column":"","pricing_elfsight_apps_url":"","pricing_codecanyon_price_caption":"","integration_category":[],"integration_request_title":"","integration_request_cta":"","integration_platform":"","integrations":[],"platform_category":[],"video_schema_markup":"","price":"da $ 0 al mese","trial":"","benefits":[{"text":"Assistenza per l'installazione gratuita"},{"text":"Assistenza clienti con esperienza"},{"text":"Garanzia di rimborso di 14 giorni"},{"text":"Aggiornamenti gratuiti regolari"}],"button_url":"#demo","button_target_blank":"0","button_nofollow":"0","attributes":[{"name":"Installazioni"},{"name":"Reattivo","content":"S\u00cc"},{"name":"Browser compatibili","content":"Firefox, Safari, Opera, Chrome, Edge"}],"tags":[],"tags_disable_links":"0","hide_more_platforms":"0","video_object":"","demo_hide_cta":"0","demo_hide_cloud_options":"0","pricing_title":"","pricing":[{"pricing_icon":"platform","pricing_title":"Elfsight Apps","pricing_title_caption":"Versione multipiattaforma che funziona su qualsiasi sito web","pricing_price":"da $ 0 \/ mese","pricing_price_caption":"inizia con il piano gratuito","pricing_benefits":[{"text":"Siti web illimitati"},{"text":"Supporto puntuale 24 ore su 24, 7 giorni su 7 e ben documentato"},{"text":"Aiuto per l'installazione gratuito"},{"text":"Prezzo da prendere per pi\u00f9 app"}],"pricing_button_text":"Aggiungi al sito web","pricing_button_url":"#demo"}],"related_apps_title":"","related_apps_hidden":"0","author":"","image":[],"title":"","job":"","social_networks":[]},"_links":{"self":[{"href":"https:\/\/elfsight.com\/it\/wp-json\/wp\/v2\/pages\/4548","targetHints":{"allow":["GET"]}}],"collection":[{"href":"https:\/\/elfsight.com\/it\/wp-json\/wp\/v2\/pages"}],"about":[{"href":"https:\/\/elfsight.com\/it\/wp-json\/wp\/v2\/types\/page"}],"author":[{"embeddable":true,"href":"https:\/\/elfsight.com\/it\/wp-json\/wp\/v2\/users\/9"}],"replies":[{"embeddable":true,"href":"https:\/\/elfsight.com\/it\/wp-json\/wp\/v2\/comments?post=4548"}],"version-history":[{"count":3,"href":"https:\/\/elfsight.com\/it\/wp-json\/wp\/v2\/pages\/4548\/revisions"}],"predecessor-version":[{"id":9681,"href":"https:\/\/elfsight.com\/it\/wp-json\/wp\/v2\/pages\/4548\/revisions\/9681"}],"up":[{"embeddable":true,"href":"https:\/\/elfsight.com\/it\/wp-json\/wp\/v2\/pages\/2319"}],"wp:attachment":[{"href":"https:\/\/elfsight.com\/it\/wp-json\/wp\/v2\/media?parent=4548"}],"curies":[{"name":"wp","href":"https:\/\/api.w.org\/{rel}","templated":true}]}}