{"id":4547,"date":"2024-05-03T06:37:07","date_gmt":"2024-05-03T06:37:07","guid":{"rendered":"https:\/\/elfsight.com\/it\/?page_id=4547"},"modified":"2025-03-21T13:52:16","modified_gmt":"2025-03-21T13:52:16","slug":"iframe","status":"publish","type":"page","link":"https:\/\/elfsight.com\/it\/file-embed-widget\/iframe\/","title":{"rendered":"File Embed &#8211; iFrame"},"content":{"rendered":"\n<div class=\"application-platform-content-item-description application-platform-content-item\" id=\"description\" data-nav-section=\"description\"><h2>Incorpora File Embed su iFrame con il widget Elfsight<\/h2><p>Il widget Elfsight File Embed \u00e8 uno dei modi pi\u00f9 pratici e veloci per incollare file in un sito web. Incolla tutti i formati pi\u00f9 popolari: PDF, Docx, Xlsx, Pptx \u2013 circa 20 tipi in totale. Per facilit\u00e0 d&#8217;uso, tutti i documenti possono essere integrati semplicemente caricandoli, inserendo i relativi URL o selezionando quelli caricati di recente. Le funzionalit\u00e0 ti consentono di assegnare a ogni file il tuo titolo, caricare un&#8217;icona e un&#8217;immagine, selezionare la variante del layout del file e altro. Il pubblico del sito web pu\u00f2 leggere i file direttamente sulla tua pagina, visualizzarli in una nuova scheda e scaricarli.<\/p><p><b>Incolla qualsiasi tipo di file di cui hai bisogno e migliora l&#8217;esperienza utente!<\/b><\/p> <\/div><div class=\"application-platform-content-item-features application-platform-content-item\" id=\"features\" data-nav-section=\"features\"><h2>Caratteristiche principali del widget File Embed<\/h2><p>Per maggiori dettagli sul widget File Embed, consulta l&#8217;elenco delle sue funzioni pi\u00f9 importanti. Rendono il nostro widget incredibilmente efficace per la tua promozione: <\/p> <ul><li>Incorpora un numero illimitato di file; <\/li> <li>Variante di layout del Visualizzatore di file per leggere i file sul sito; <\/li> <li>Carica immagini per icone e anteprime; <\/li> <li>Mostra o rimuovi il testo del documento scaricato; <\/li> <li>Sei dettagli colorabili dell&#8217;interfaccia. <\/li> <\/ul><p><a href=\"#demo\">Guarda tutte le funzionalit\u00e0 nella demo dal vivo<\/a><\/p><\/div><div class=\"application-platform-content-item-installation application-platform-content-item\" id=\"installation\" data-nav-section=\"installation\"><h2>Come incorporare File Viewer nel sito web iFrame<\/h2><p>Questi semplici passaggi sono l&#8217;unica cosa che devi fare per attivare il widget. <\/p> <ol><li><b>Progetta il tuo plugin di file personalizzato<\/b><br> Con l&#8217;aiuto della nostra demo gratuita, configura un plugin con il layout e le caratteristiche funzionali selezionati. <\/li><li><b>Copia il codice individuale per installare il plugin<\/b><br> Dopo aver personalizzato il tuo widget, otterrai il codice di installazione dalla notifica apparsa su Elfsight Apps. Copialo. <\/li> <li><b>Mostra il plugin sul tuo sito iFrame<\/b><br> Trova il posto in cui devi incorporare il plugin e inserisci l\u00ec il codice salvato. Salva le modifiche. <\/li> <li><b>Congratulazioni! Hai appena incorporato il widget! <\/b><br> Visita il sito per verificare il tuo lavoro.<\/li> <\/ol><p>Non esitare a farci sapere se hai bisogno di aiuto. Il nostro team di assistenza clienti sar\u00e0 lieto di aiutarti. <\/p><div class=\"faq\" data-component=\"FAQ\"><div class=\"faq-item\">\r\n\t\t\t\t\t<div class=\"faq-item-question\">\r\n\t\t\t\t\t\t<h3 class=\"faq-item-question-text\">Come posso aggiungere FAQ al mio sito web iFrame senza competenze di codifica?<\/h3>\r\n\r\n\t\t\t\t\t\t<div class=\"faq-item-question-icon\"><\/div>\r\n\t\t\t\t\t<\/div>\r\n\r\n\t\t\t\t\t<div class=\"faq-item-answer\">\r\n\t\t\t\t\t\t<div class=\"faq-item-answer-text\"> <p>Elfsight fornisce una soluzione SaaS che ti consente di creare tu stesso un widget FAQ, scopri quanto \u00e8 semplice il processo: lavora direttamente nell&#8217;editor online per creare un widget FAQ che vorresti vedere sul tuo sito web iFrame. Scegli uno dei modelli predefiniti e regola le impostazioni delle FAQ, aggiungi i tuoi contenuti, modifica il layout e i colori senza alcuna abilit\u00e0 di codifica. Salva le FAQ e copia il codice di installazione, che potrai incollare facilmente nel tuo sito iFrame senza dover acquistare un abbonamento a pagamento. Con il nostro editor intuitivo qualsiasi utente di Internet pu\u00f2 creare widget FAQ online e incorporarlo facilmente nel proprio sito Web iFrame. Non \u00e8 necessario pagare o inserire le credenziali della carta per accedere al servizio. In caso di problemi in qualsiasi momento, non esitare a contattare il nostro team di supporto tecnico.<\/p> <\/div>\r\n\t\t\t\t\t<\/div>\r\n\t\t\t\t<\/div> <\/div><\/div>\n","protected":false},"excerpt":{"rendered":"","protected":false},"author":9,"featured_media":0,"parent":2319,"menu_order":0,"comment_status":"closed","ping_status":"closed","template":"templates\/template-application-platform.php","meta":{"publish_to_discourse":"","publish_post_category":"","wpdc_auto_publish_overridden":"","wpdc_topic_tags":"","wpdc_pin_topic":"","wpdc_pin_until":"","discourse_post_id":"","discourse_permalink":"","wpdc_publishing_response":"","wpdc_publishing_error":"","footnotes":""},"class_list":["post-4547","page","type-page","status-publish","hentry"],"yoast_head":"<!-- This site is optimized with the Yoast SEO plugin v25.3.1 - https:\/\/yoast.com\/wordpress\/plugins\/seo\/ -->\n<title>Plug-in iFrame File Viewer per il tuo sito web (gratuito e veloce)<\/title>\n<meta name=\"description\" content=\"\u00c8 semplicissimo costruire il widget Visualizzatore file e incorporarlo nel sito Web iFrame. L&#039;assistenza clienti Elfsight \u00e8 gratuita e veloce.\" \/>\n<meta name=\"robots\" content=\"index, follow, max-snippet:-1, max-image-preview:large, max-video-preview:-1\" \/>\n<link rel=\"canonical\" href=\"https:\/\/elfsight.com\/it\/file-embed-widget\/iframe\/\" \/>\n<meta property=\"og:locale\" content=\"it_IT\" \/>\n<meta property=\"og:type\" content=\"article\" \/>\n<meta property=\"og:title\" content=\"Plug-in iFrame File Viewer per il tuo sito web (gratuito e veloce)\" \/>\n<meta property=\"og:description\" content=\"\u00c8 semplicissimo costruire il widget Visualizzatore file e incorporarlo nel sito Web iFrame. L&#039;assistenza clienti Elfsight \u00e8 gratuita e veloce.\" \/>\n<meta property=\"og:url\" content=\"https:\/\/elfsight.com\/it\/file-embed-widget\/iframe\/\" \/>\n<meta property=\"og:site_name\" content=\"Elfsight IT\" \/>\n<meta property=\"article:modified_time\" content=\"2025-03-21T13:52:16+00:00\" \/>\n<meta name=\"twitter:card\" content=\"summary_large_image\" \/>\n<meta name=\"twitter:label1\" content=\"Tempo di lettura stimato\" \/>\n\t<meta name=\"twitter:data1\" content=\"3 minuti\" \/>\n<!-- \/ Yoast SEO plugin. -->","yoast_head_json":{"title":"Plug-in iFrame File Viewer per il tuo sito web (gratuito e veloce)","description":"\u00c8 semplicissimo costruire il widget Visualizzatore file e incorporarlo nel sito Web iFrame. L'assistenza clienti Elfsight \u00e8 gratuita e veloce.","robots":{"index":"index","follow":"follow","max-snippet":"max-snippet:-1","max-image-preview":"max-image-preview:large","max-video-preview":"max-video-preview:-1"},"canonical":"https:\/\/elfsight.com\/it\/file-embed-widget\/iframe\/","og_locale":"it_IT","og_type":"article","og_title":"Plug-in iFrame File Viewer per il tuo sito web (gratuito e veloce)","og_description":"\u00c8 semplicissimo costruire il widget Visualizzatore file e incorporarlo nel sito Web iFrame. L'assistenza clienti Elfsight \u00e8 gratuita e veloce.","og_url":"https:\/\/elfsight.com\/it\/file-embed-widget\/iframe\/","og_site_name":"Elfsight IT","article_modified_time":"2025-03-21T13:52:16+00:00","twitter_card":"summary_large_image","twitter_misc":{"Tempo di lettura stimato":"3 minuti"},"schema":{"@context":"https:\/\/schema.org","@graph":[{"@type":"WebPage","@id":"https:\/\/elfsight.com\/it\/file-embed-widget\/iframe\/","url":"https:\/\/elfsight.com\/it\/file-embed-widget\/iframe\/","name":"Plug-in iFrame File Viewer per il tuo sito web (gratuito e veloce)","isPartOf":{"@id":"https:\/\/elfsight.com\/it\/#website"},"datePublished":"2024-05-03T06:37:07+00:00","dateModified":"2025-03-21T13:52:16+00:00","description":"\u00c8 semplicissimo costruire il widget Visualizzatore file e incorporarlo nel sito Web iFrame. L'assistenza clienti Elfsight \u00e8 gratuita e veloce.","breadcrumb":{"@id":"https:\/\/elfsight.com\/it\/file-embed-widget\/iframe\/#breadcrumb"},"inLanguage":"it-IT","potentialAction":[{"@type":"ReadAction","target":["https:\/\/elfsight.com\/it\/file-embed-widget\/iframe\/"]}]},{"@type":"BreadcrumbList","@id":"https:\/\/elfsight.com\/it\/file-embed-widget\/iframe\/#breadcrumb","itemListElement":[{"@type":"ListItem","position":1,"name":"Home","item":"https:\/\/elfsight.com\/it\/"},{"@type":"ListItem","position":2,"name":"File Embed","item":"https:\/\/elfsight.com\/it\/file-embed-widget\/"},{"@type":"ListItem","position":3,"name":"File Embed &#8211; iFrame"}]},{"@type":"WebSite","@id":"https:\/\/elfsight.com\/it\/#website","url":"https:\/\/elfsight.com\/it\/","name":"Elfsight IT","description":"Just another Elfsight Sites site","potentialAction":[{"@type":"SearchAction","target":{"@type":"EntryPoint","urlTemplate":"https:\/\/elfsight.com\/it\/?s={search_term_string}"},"query-input":{"@type":"PropertyValueSpecification","valueRequired":true,"valueName":"search_term_string"}}],"inLanguage":"it-IT"}]}},"meta_box":{"industry":"","seo_heading":"","heading":"","description":"","cta_heading":"","cta_description":"","application":"2318","h1":"Plug-in visualizzatore file iFrame","h1_caption":"Incorpora documenti, fogli di calcolo e altri file nel tuo sito Web per visualizzarli e scaricarli facilmente nel tuo sito Web iFrame.","application_category":[],"applications_title":"","applications_request_title":"","applications_request_button_text":"","hero_text":"","hero_video":"","hero_video_schema_markup":"","selling_points_title":"","selling_points_caption":"","selling_points":[],"selling_points_cta_text":"","features_title":"","features":"","ed_cta_examples_text":"","ed_cta_examples_hidden":"","ed_cta_demo_text":"","ed_cta_demo_hidden":"","why_caption":"","why_editor_title":"","why_editor_text":"","why_team_title":"","why_team_text":"","why_service_title":"","why_service_text":"","template_catalog_visible":"0","template_catalog_title":"","template_catalog_text":"","template_catalog_categories_visible":"","demo_title":"Crea il tuo widget Incorpora file","demo_caption":"Configura il tuo incorporamento file e aggiungilo gratuitamente al tuo sito Web iFrame!","default_faq_hidden":"","app_template_category":[],"platform":"54","template_public_id":"","codecanyon_url":"","codecanyon_item_id":"","codecanyon_price":"","pricing_caption":"","pricing_elfsight_apps_hide_column":"","pricing_elfsight_apps_url":"","pricing_codecanyon_price_caption":"","integration_category":[],"integration_request_title":"","integration_request_cta":"","integration_platform":"","integrations":[],"platform_category":[],"video_schema_markup":"","price":"da $ 0 al mese","trial":"","benefits":[{"text":"Assistenza per l'installazione gratuita"},{"text":"Supporto eccezionale"},{"text":"Garanzia di rimborso di 14 giorni"},{"text":"Miglioramenti regolari"}],"button_url":"#demo","button_target_blank":"0","button_nofollow":"0","attributes":[{"name":"Installazioni"},{"name":"Reattivo","content":"S\u00cc"},{"name":"Browser compatibili","content":"Firefox, Safari, Opera, Chrome, Edge"}],"tags":[],"tags_disable_links":"0","hide_more_platforms":"0","video_object":"","demo_hide_cta":"0","demo_hide_cloud_options":"0","pricing_title":"","pricing":[{"pricing_icon":"platform","pricing_title":"Elfsight Apps","pricing_title_caption":"Soluzione digitale indipendente dalla piattaforma adatta a qualsiasi sito web","pricing_price":"da $ 0 \/ mese","pricing_price_caption":"inizia con il piano gratuito","pricing_benefits":[{"text":"Numero illimitato di domini"},{"text":"Assistenza clienti dedicata"},{"text":"Assistenza gratuita per l'installazione"},{"text":"Offerta speciale per pi\u00f9 app"}],"pricing_button_text":"Aggiungi al sito web","pricing_button_url":"#demo"}],"related_apps_title":"","related_apps_hidden":"0","author":"","image":[],"title":"","job":"","social_networks":[]},"_links":{"self":[{"href":"https:\/\/elfsight.com\/it\/wp-json\/wp\/v2\/pages\/4547","targetHints":{"allow":["GET"]}}],"collection":[{"href":"https:\/\/elfsight.com\/it\/wp-json\/wp\/v2\/pages"}],"about":[{"href":"https:\/\/elfsight.com\/it\/wp-json\/wp\/v2\/types\/page"}],"author":[{"embeddable":true,"href":"https:\/\/elfsight.com\/it\/wp-json\/wp\/v2\/users\/9"}],"replies":[{"embeddable":true,"href":"https:\/\/elfsight.com\/it\/wp-json\/wp\/v2\/comments?post=4547"}],"version-history":[{"count":2,"href":"https:\/\/elfsight.com\/it\/wp-json\/wp\/v2\/pages\/4547\/revisions"}],"predecessor-version":[{"id":9684,"href":"https:\/\/elfsight.com\/it\/wp-json\/wp\/v2\/pages\/4547\/revisions\/9684"}],"up":[{"embeddable":true,"href":"https:\/\/elfsight.com\/it\/wp-json\/wp\/v2\/pages\/2319"}],"wp:attachment":[{"href":"https:\/\/elfsight.com\/it\/wp-json\/wp\/v2\/media?parent=4547"}],"curies":[{"name":"wp","href":"https:\/\/api.w.org\/{rel}","templated":true}]}}