{"id":4541,"date":"2024-05-03T06:37:05","date_gmt":"2024-05-03T06:37:05","guid":{"rendered":"https:\/\/elfsight.com\/it\/?page_id=4541"},"modified":"2025-03-21T14:26:11","modified_gmt":"2025-03-21T14:26:11","slug":"woocommerce","status":"publish","type":"page","link":"https:\/\/elfsight.com\/it\/file-embed-widget\/woocommerce\/","title":{"rendered":"File Embed &#8211; WooCommerce"},"content":{"rendered":"\n<div class=\"application-platform-content-item-description application-platform-content-item\" id=\"description\" data-nav-section=\"description\"><h2>Descrizione<\/h2><p>Elfsight File Viewer \u00e8 uno degli strumenti pi\u00f9 pratici e veloci per incollare file in un sito web. Inserisci tutti i formati pi\u00f9 diffusi: PDF, Docx, Xlsx, Jpeg \u2013 in totale circa 20 opzioni. Per facilit\u00e0 d&#8217;uso, i file possono essere incorporati caricandoli tramite gli URL o selezionandoli dall&#8217;elenco degli ultimi caricati. Puoi dare a ogni file il tuo titolo, caricare la tua icona o immagine, scegliere il layout e altro. Gli utenti del sito web possono controllare i documenti direttamente sul sito, visualizzarli in una nuova scheda del browser e scaricarli.<\/p><p><b>Utilizza File Embed per raggiungere i tuoi obiettivi aziendali pi\u00f9 velocemente!<\/b><\/p><\/div> <div class=\"application-platform-content-item-features application-platform-content-item\" id=\"features\" data-nav-section=\"features\"><h2>Le funzionalit\u00e0 fondamentali del widget includono<\/h2><ul><li>Incolla un numero illimitato di documenti;<\/li><li>Opzione di layout Visualizzatore file per leggere i file sul sito; <\/li><li>Carica immagini per icone di file e anteprime;<\/li><li>Visualizza o nascondi il testo del documento scaricato;<\/li><li>6 dettagli dell&#8217;interfaccia del widget che possono essere ridipinti.<\/li><\/ul><p><a href=\"#demo\">Basta controllare questa demo per avere un&#8217;idea completa<\/a><\/p><\/div><div class=\"application-platform-content-item-installation application-platform-content-item\" id=\"installation\" data-nav-section=\"installation\"><h2>Come posso aggiungere File Viewer al mio sito web WooCommerce?<\/h2><p>Segui semplicemente i passaggi descritti di seguito per aggiungere il plugin.<\/p><ol><li><b>Gestione del nostro configuratore gratuito inizia a modellare il tuo strumento.<\/b><br>Trova il design e le specifiche preferite dello strumento e salva le modifiche.<\/li><li><b>Ricevi il tuo codice personale che appare nella finestra sulle app Elfsight.<\/b><br>Una volta completata la configurazione del plug-in, copia il codice esclusivo nel popup visualizzato e salvalo per un ulteriore utilizzo.<\/li><li><b>Inizia a utilizzare il plug-in sul sito WooCommerce.<\/b><br>Aggiungi il codice salvato in precedenza nella tua home page e applica i miglioramenti.<\/li><li><b>L&#8217;installazione \u00e8 stata eseguita con successo.<\/b><br>Vai alla tua pagina web per verificare come sta funzionando il plugin. <\/li><\/ol><p>Se hai qualche ostacolo, sentiti libero di scrivere al nostro staff di supporto. I nostri consulenti non vedono l&#8217;ora di risolvere tutte le difficolt\u00e0 che potresti avere con il plugin.<\/p><div class=\"faq\" data-component=\"FAQ\"><div class=\"faq-item\">\r\n\t\t\t\t\t<div class=\"faq-item-question\">\r\n\t\t\t\t\t\t<h3 class=\"faq-item-question-text\">Come aggiungere File Embed al mio sito web WooCommerce senza competenze di codifica?<\/h3>\r\n\r\n\t\t\t\t\t\t<div class=\"faq-item-question-icon\"><\/div>\r\n\t\t\t\t\t<\/div>\r\n\r\n\t\t\t\t\t<div class=\"faq-item-answer\">\r\n\t\t\t\t\t\t<div class=\"faq-item-answer-text\"> <p>Elfsight fornisce un SaaS soluzione che ti consente di creare tu stesso un widget File Embed, scopri quanto \u00e8 semplice il processo: lavora direttamente nell&#8217;editor online per creare un widget File Embed che vorresti vedere sul tuo sito web WooCommerce. Scegli uno dei modelli predefiniti e regola le impostazioni di incorporamento file, aggiungi i tuoi contenuti, modifica il layout e i colori senza alcuna competenza di codifica. Salva il file incorporato e copia il codice di installazione, che potrai includere facilmente nel tuo sito WooCommerce senza acquistare un abbonamento a pagamento. Con il nostro editor intuitivo qualsiasi utente di Internet pu\u00f2 creare un widget Incorpora file online e incorporarlo facilmente nel proprio sito Web WooCommerce. Non \u00e8 necessario pagare o inserire le credenziali della carta per accedere al servizio. In caso di problemi in qualsiasi momento, non esitare a contattare il nostro team di supporto tecnico.<\/p> <\/div>\r\n\t\t\t\t\t<\/div>\r\n\t\t\t\t<\/div> <\/div><\/div>\n","protected":false},"excerpt":{"rendered":"","protected":false},"author":9,"featured_media":0,"parent":2319,"menu_order":0,"comment_status":"closed","ping_status":"closed","template":"templates\/template-application-platform.php","meta":{"publish_to_discourse":"","publish_post_category":"","wpdc_auto_publish_overridden":"","wpdc_topic_tags":"","wpdc_pin_topic":"","wpdc_pin_until":"","discourse_post_id":"","discourse_permalink":"","wpdc_publishing_response":"","wpdc_publishing_error":"","footnotes":""},"class_list":["post-4541","page","type-page","status-publish","hentry"],"yoast_head":"<!-- This site is optimized with the Yoast SEO plugin v25.3.1 - https:\/\/yoast.com\/wordpress\/plugins\/seo\/ -->\n<title>Plug-in WooCommerce File Viewer &amp; Embedder per il tuo sito web (2025)<\/title>\n<meta name=\"description\" content=\"Puoi personalizzare subito il plug-in File Viewer &amp; Embedder e aggiungerlo direttamente al tuo sito Web WooCommerce tramite la demo.\" \/>\n<meta name=\"robots\" content=\"index, follow, max-snippet:-1, max-image-preview:large, max-video-preview:-1\" \/>\n<link rel=\"canonical\" href=\"https:\/\/elfsight.com\/it\/file-embed-widget\/woocommerce\/\" \/>\n<meta property=\"og:locale\" content=\"it_IT\" \/>\n<meta property=\"og:type\" content=\"article\" \/>\n<meta property=\"og:title\" content=\"Plug-in WooCommerce File Viewer &amp; Embedder per il tuo sito web (2025)\" \/>\n<meta property=\"og:description\" content=\"Puoi personalizzare subito il plug-in File Viewer &amp; Embedder e aggiungerlo direttamente al tuo sito Web WooCommerce tramite la demo.\" \/>\n<meta property=\"og:url\" content=\"https:\/\/elfsight.com\/it\/file-embed-widget\/woocommerce\/\" \/>\n<meta property=\"og:site_name\" content=\"Elfsight IT\" \/>\n<meta property=\"article:modified_time\" content=\"2025-03-21T14:26:11+00:00\" \/>\n<meta name=\"twitter:card\" content=\"summary_large_image\" \/>\n<meta name=\"twitter:label1\" content=\"Tempo di lettura stimato\" \/>\n\t<meta name=\"twitter:data1\" content=\"3 minuti\" \/>\n<!-- \/ Yoast SEO plugin. -->","yoast_head_json":{"title":"Plug-in WooCommerce File Viewer & Embedder per il tuo sito web (2025)","description":"Puoi personalizzare subito il plug-in File Viewer & Embedder e aggiungerlo direttamente al tuo sito Web WooCommerce tramite la demo.","robots":{"index":"index","follow":"follow","max-snippet":"max-snippet:-1","max-image-preview":"max-image-preview:large","max-video-preview":"max-video-preview:-1"},"canonical":"https:\/\/elfsight.com\/it\/file-embed-widget\/woocommerce\/","og_locale":"it_IT","og_type":"article","og_title":"Plug-in WooCommerce File Viewer & Embedder per il tuo sito web (2025)","og_description":"Puoi personalizzare subito il plug-in File Viewer & Embedder e aggiungerlo direttamente al tuo sito Web WooCommerce tramite la demo.","og_url":"https:\/\/elfsight.com\/it\/file-embed-widget\/woocommerce\/","og_site_name":"Elfsight IT","article_modified_time":"2025-03-21T14:26:11+00:00","twitter_card":"summary_large_image","twitter_misc":{"Tempo di lettura stimato":"3 minuti"},"schema":{"@context":"https:\/\/schema.org","@graph":[{"@type":"WebPage","@id":"https:\/\/elfsight.com\/it\/file-embed-widget\/woocommerce\/","url":"https:\/\/elfsight.com\/it\/file-embed-widget\/woocommerce\/","name":"Plug-in WooCommerce File Viewer & Embedder per il tuo sito web (2025)","isPartOf":{"@id":"https:\/\/elfsight.com\/it\/#website"},"datePublished":"2024-05-03T06:37:05+00:00","dateModified":"2025-03-21T14:26:11+00:00","description":"Puoi personalizzare subito il plug-in File Viewer & Embedder e aggiungerlo direttamente al tuo sito Web WooCommerce tramite la demo.","breadcrumb":{"@id":"https:\/\/elfsight.com\/it\/file-embed-widget\/woocommerce\/#breadcrumb"},"inLanguage":"it-IT","potentialAction":[{"@type":"ReadAction","target":["https:\/\/elfsight.com\/it\/file-embed-widget\/woocommerce\/"]}]},{"@type":"BreadcrumbList","@id":"https:\/\/elfsight.com\/it\/file-embed-widget\/woocommerce\/#breadcrumb","itemListElement":[{"@type":"ListItem","position":1,"name":"Home","item":"https:\/\/elfsight.com\/it\/"},{"@type":"ListItem","position":2,"name":"File Embed","item":"https:\/\/elfsight.com\/it\/file-embed-widget\/"},{"@type":"ListItem","position":3,"name":"File Embed &#8211; WooCommerce"}]},{"@type":"WebSite","@id":"https:\/\/elfsight.com\/it\/#website","url":"https:\/\/elfsight.com\/it\/","name":"Elfsight IT","description":"Just another Elfsight Sites site","potentialAction":[{"@type":"SearchAction","target":{"@type":"EntryPoint","urlTemplate":"https:\/\/elfsight.com\/it\/?s={search_term_string}"},"query-input":{"@type":"PropertyValueSpecification","valueRequired":true,"valueName":"search_term_string"}}],"inLanguage":"it-IT"}]}},"meta_box":{"industry":"","seo_heading":"","heading":"","description":"","cta_heading":"","cta_description":"","application":"2318","h1":"Plug-in visualizzatore file WooCommerce","h1_caption":"Incorpora documenti, fogli di calcolo e altri file nel tuo sito web per visualizzarli e scaricarli facilmente nel tuo sito web WooCommerce.","application_category":[],"applications_title":"","applications_request_title":"","applications_request_button_text":"","hero_text":"","hero_video":"","hero_video_schema_markup":"","selling_points_title":"","selling_points_caption":"","selling_points":[],"selling_points_cta_text":"","features_title":"","features":"","ed_cta_examples_text":"","ed_cta_examples_hidden":"","ed_cta_demo_text":"","ed_cta_demo_hidden":"","why_caption":"","why_editor_title":"","why_editor_text":"","why_team_title":"","why_team_text":"","why_service_title":"","why_service_text":"","template_catalog_visible":"0","template_catalog_title":"","template_catalog_text":"","template_catalog_categories_visible":"","demo_title":"Crea la tua app Incorpora file","demo_caption":"Configura il tuo file incorporato e aggiungilo gratuitamente al tuo sito web WooCommerce!","default_faq_hidden":"","app_template_category":[],"platform":"80","template_public_id":"","codecanyon_url":"","codecanyon_item_id":"","codecanyon_price":"","pricing_caption":"","pricing_elfsight_apps_hide_column":"","pricing_elfsight_apps_url":"","pricing_codecanyon_price_caption":"","integration_category":[],"integration_request_title":"","integration_request_cta":"","integration_platform":"","integrations":[],"platform_category":[],"video_schema_markup":"","price":"da $ 0 al mese","trial":"","benefits":[{"text":"Servizio di installazione gratuito"},{"text":"Servizio clienti efficace"},{"text":"Garanzia di rimborso di 14 giorni"},{"text":"Sviluppo continuo"}],"button_url":"#demo","button_target_blank":"0","button_nofollow":"0","attributes":[{"name":"Installazioni"},{"name":"Reattivo","content":"S\u00cc"},{"name":"Browser compatibili","content":"Firefox, Safari, Opera, Chrome, Edge"}],"tags":[],"tags_disable_links":"0","hide_more_platforms":"0","video_object":"","demo_hide_cta":"0","demo_hide_cloud_options":"0","pricing_title":"","pricing":[{"pricing_icon":"platform","pricing_title":"Elfsight Apps","pricing_title_caption":"Software indipendente dalla piattaforma adatto a qualsiasi sito","pricing_price":"da $ 0 \/ mese","pricing_price_caption":"inizia con un piano gratuito","pricing_benefits":[{"text":"Siti web illimitati"},{"text":"Supporto aziendale 24 ore su 24, 7 giorni su 7"},{"text":"Supporto gratuito per l'installazione"},{"text":"100% personalizzabile"}],"pricing_button_text":"Aggiungi al sito web","pricing_button_url":"#demo"}],"related_apps_title":"","related_apps_hidden":"0","author":"","image":[],"title":"","job":"","social_networks":[]},"_links":{"self":[{"href":"https:\/\/elfsight.com\/it\/wp-json\/wp\/v2\/pages\/4541","targetHints":{"allow":["GET"]}}],"collection":[{"href":"https:\/\/elfsight.com\/it\/wp-json\/wp\/v2\/pages"}],"about":[{"href":"https:\/\/elfsight.com\/it\/wp-json\/wp\/v2\/types\/page"}],"author":[{"embeddable":true,"href":"https:\/\/elfsight.com\/it\/wp-json\/wp\/v2\/users\/9"}],"replies":[{"embeddable":true,"href":"https:\/\/elfsight.com\/it\/wp-json\/wp\/v2\/comments?post=4541"}],"version-history":[{"count":3,"href":"https:\/\/elfsight.com\/it\/wp-json\/wp\/v2\/pages\/4541\/revisions"}],"predecessor-version":[{"id":9707,"href":"https:\/\/elfsight.com\/it\/wp-json\/wp\/v2\/pages\/4541\/revisions\/9707"}],"up":[{"embeddable":true,"href":"https:\/\/elfsight.com\/it\/wp-json\/wp\/v2\/pages\/2319"}],"wp:attachment":[{"href":"https:\/\/elfsight.com\/it\/wp-json\/wp\/v2\/media?parent=4541"}],"curies":[{"name":"wp","href":"https:\/\/api.w.org\/{rel}","templated":true}]}}