{"id":4539,"date":"2024-05-03T06:37:03","date_gmt":"2024-05-03T06:37:03","guid":{"rendered":"https:\/\/elfsight.com\/it\/?page_id=4539"},"modified":"2025-03-21T14:27:24","modified_gmt":"2025-03-21T14:27:24","slug":"google-sites","status":"publish","type":"page","link":"https:\/\/elfsight.com\/it\/file-embed-widget\/google-sites\/","title":{"rendered":"File Embed &#8211; Google Sites"},"content":{"rendered":"\n<div class=\"application-platform-content-item-description application-platform-content-item\" id=\"description\" data-nav-section=\"description\"> <h2>Incorpora File Embed su Google Sites con il widget Elfsight<\/h2> <p>Elfsight File Embed per Google \u00e8 il widget pi\u00f9 pratico e veloce per caricamento di file nel tuo sito. Aggiungi tutti i formati di file pi\u00f9 utilizzati: PDF, Docx, Xlsx, Jpeg \u2013 in totale circa 20 tipi. Per maggiore comodit\u00e0 \u00e8 possibile integrare i documenti caricandoli, aggiungendo gli URL o selezionandoli dall&#8217;elenco degli ultimi caricati. Puoi assegnare a ogni documento il tuo titolo, caricare un&#8217;icona o un&#8217;immagine, scegliere l&#8217;opzione di layout e molto altro. Gli utenti del sito web possono visualizzare i file direttamente sul tuo sito web, visualizzarli in una nuova scheda del browser e scaricarli. <\/p> <p><b>Inizia ad applicare File Viewer per raggiungere pi\u00f9 facilmente i picchi di business!<\/b><\/p> <\/div> <div class=\"application-platform-content-item-features application-platform-content-item\" id=\"features\" data-nav-section=\"features\"> <h2>Trovi di seguito le funzionalit\u00e0 di base di widget: <\/h2> <ul><li>Incolla qualsiasi quantit\u00e0 di documenti; <\/li> <li>Variante di layout File Viewer per leggere i documenti presenti sul sito; <\/li> <li>Caricamento di immagini per icone e anteprime dei documenti; <\/li> <li>Visualizzazione o disattivazione del testo del file di download; <\/li> <li> Scegli i colori per sei elementi dell&#8217;interfaccia. <\/li> <\/ul><p><a href=\"#demo\">Puoi scoprire cosa offre il widget con l&#8217;aiuto della demo<\/a><\/p> <\/div> <div class=\"application-platform-content-item- installazione application-platform-content-item\" id=\" installazione\" data-nav-section=\" installazione\"> <h2>Come caricare un widget Visualizzatore file su Google Sites?<\/h2> <p>Segui semplicemente i passaggi presentati di seguito per iniziare a lavorare con lo strumento.<\/p> <ol><li><b> Utilizza il nostro configuratore gratuito e inizia a creare il tuo plugin personalizzato.<\/b><br> Determina il layout e le caratteristiche preferibili del plugin e salva le correzioni.<\/li> <li><b>Ottieni il tuo codice individuale mostrato nella finestra delle app Elfsight.<\/b><br> Subito dopo aver completato la configurazione del tuo plugin personale, copia il codice personale nella casella visualizzata e salvalo per un ulteriore utilizzo.<\/li> <li><b>Avvia l&#8217;utilizzo di File Embed su Google Sites.<\/b><br> Inserisci il codice copiato in precedenza nel tuo sito web e applica i miglioramenti.<\/li> <li><b>L&#8217;installazione \u00e8 stata eseguita con successo.<\/b><br> Visita il tuo sito per vedere come funziona lo strumento.<\/li><\/ol> <div class=\"tip-yellow tip\"><b>A causa delle peculiarit\u00e0 del funzionamento di Google Sites, il widget potrebbe avere un aspetto diverso dalla demo online. Ci scusiamo per gli eventuali disagi causati.<\/b><\/div><p>Se dovessi rispondere a domande o riscontrare alcuni problemi, ti preghiamo di rivolgerti al nostro team di supporto. I nostri specialisti non vedono l&#8217;ora di aiutarti con tutti i problemi che potresti riscontrare con il plug-in.<\/p> <div class=\"faq\" data-component=\"FAQ\"><div class=\"faq-item\">\r\n\t\t\t\t\t<div class=\"faq-item-question\">\r\n\t\t\t\t\t\t<h3 class=\"faq-item-question-text\">Come aggiungere FAQ al mio sito Web Google Sites senza competenze di codifica?<\/h3>\r\n\r\n\t\t\t\t\t\t<div class=\"faq-item-question-icon\"><\/div>\r\n\t\t\t\t\t<\/div>\r\n\r\n\t\t\t\t\t<div class=\"faq-item-answer\">\r\n\t\t\t\t\t\t<div class=\"faq-item-answer-text\"> <p>Elfsight fornisce una soluzione SaaS che ti consente di creare tu stesso un widget FAQ, scopri quanto \u00e8 semplice il processo: lavora direttamente nell&#8217;editor online per creare un widget FAQ che vorresti vedere sul tuo sito web Google Sites. Scegli uno dei modelli predefiniti e regola le impostazioni delle FAQ, aggiungi i tuoi contenuti, modifica il layout e i colori senza alcuna abilit\u00e0 di codifica. Salva le FAQ e copia il codice di installazione, che potrai facilmente incorporare nel tuo sito web di Google Sites senza dover acquistare un piano a pagamento. Con il nostro editor intuitivo qualsiasi utente di Internet pu\u00f2 creare widget FAQ online e incorporarlo facilmente nel proprio sito Web di Google Sites. Non \u00e8 necessario pagare o inserire le credenziali della carta per accedere al servizio. In caso di problemi in qualsiasi momento, non esitare a contattare il nostro team di supporto tecnico.<\/p> <\/div>\r\n\t\t\t\t\t<\/div>\r\n\t\t\t\t<\/div> <\/div><\/div>\n","protected":false},"excerpt":{"rendered":"","protected":false},"author":9,"featured_media":0,"parent":2319,"menu_order":0,"comment_status":"closed","ping_status":"closed","template":"templates\/template-application-platform.php","meta":{"publish_to_discourse":"","publish_post_category":"","wpdc_auto_publish_overridden":"","wpdc_topic_tags":"","wpdc_pin_topic":"","wpdc_pin_until":"","discourse_post_id":"","discourse_permalink":"","wpdc_publishing_response":"","wpdc_publishing_error":"","footnotes":""},"class_list":["post-4539","page","type-page","status-publish","hentry"],"yoast_head":"<!-- This site is optimized with the Yoast SEO plugin v25.3.1 - https:\/\/yoast.com\/wordpress\/plugins\/seo\/ -->\n<title>Visualizzatore di file: carica qualsiasi file su Google Sites in 1 minuto (2025)<\/title>\n<meta name=\"description\" content=\"Aggiungi un widget Visualizzatore file reattivo sui tuoi siti Google e ottieni la massima fiducia. Utilizza l&#039;utile demo di Elfsight per creare il tuo esclusivo widget di incorporamento file.\" \/>\n<meta name=\"robots\" content=\"index, follow, max-snippet:-1, max-image-preview:large, max-video-preview:-1\" \/>\n<link rel=\"canonical\" href=\"https:\/\/elfsight.com\/it\/file-embed-widget\/google-sites\/\" \/>\n<meta property=\"og:locale\" content=\"it_IT\" \/>\n<meta property=\"og:type\" content=\"article\" \/>\n<meta property=\"og:title\" content=\"Visualizzatore di file: carica qualsiasi file su Google Sites in 1 minuto (2025)\" \/>\n<meta property=\"og:description\" content=\"Aggiungi un widget Visualizzatore file reattivo sui tuoi siti Google e ottieni la massima fiducia. Utilizza l&#039;utile demo di Elfsight per creare il tuo esclusivo widget di incorporamento file.\" \/>\n<meta property=\"og:url\" content=\"https:\/\/elfsight.com\/it\/file-embed-widget\/google-sites\/\" \/>\n<meta property=\"og:site_name\" content=\"Elfsight IT\" \/>\n<meta property=\"article:modified_time\" content=\"2025-03-21T14:27:24+00:00\" \/>\n<meta name=\"twitter:card\" content=\"summary_large_image\" \/>\n<meta name=\"twitter:label1\" content=\"Tempo di lettura stimato\" \/>\n\t<meta name=\"twitter:data1\" content=\"3 minuti\" \/>\n<!-- \/ Yoast SEO plugin. -->","yoast_head_json":{"title":"Visualizzatore di file: carica qualsiasi file su Google Sites in 1 minuto (2025)","description":"Aggiungi un widget Visualizzatore file reattivo sui tuoi siti Google e ottieni la massima fiducia. Utilizza l'utile demo di Elfsight per creare il tuo esclusivo widget di incorporamento file.","robots":{"index":"index","follow":"follow","max-snippet":"max-snippet:-1","max-image-preview":"max-image-preview:large","max-video-preview":"max-video-preview:-1"},"canonical":"https:\/\/elfsight.com\/it\/file-embed-widget\/google-sites\/","og_locale":"it_IT","og_type":"article","og_title":"Visualizzatore di file: carica qualsiasi file su Google Sites in 1 minuto (2025)","og_description":"Aggiungi un widget Visualizzatore file reattivo sui tuoi siti Google e ottieni la massima fiducia. Utilizza l'utile demo di Elfsight per creare il tuo esclusivo widget di incorporamento file.","og_url":"https:\/\/elfsight.com\/it\/file-embed-widget\/google-sites\/","og_site_name":"Elfsight IT","article_modified_time":"2025-03-21T14:27:24+00:00","twitter_card":"summary_large_image","twitter_misc":{"Tempo di lettura stimato":"3 minuti"},"schema":{"@context":"https:\/\/schema.org","@graph":[{"@type":"WebPage","@id":"https:\/\/elfsight.com\/it\/file-embed-widget\/google-sites\/","url":"https:\/\/elfsight.com\/it\/file-embed-widget\/google-sites\/","name":"Visualizzatore di file: carica qualsiasi file su Google Sites in 1 minuto (2025)","isPartOf":{"@id":"https:\/\/elfsight.com\/it\/#website"},"datePublished":"2024-05-03T06:37:03+00:00","dateModified":"2025-03-21T14:27:24+00:00","description":"Aggiungi un widget Visualizzatore file reattivo sui tuoi siti Google e ottieni la massima fiducia. Utilizza l'utile demo di Elfsight per creare il tuo esclusivo widget di incorporamento file.","breadcrumb":{"@id":"https:\/\/elfsight.com\/it\/file-embed-widget\/google-sites\/#breadcrumb"},"inLanguage":"it-IT","potentialAction":[{"@type":"ReadAction","target":["https:\/\/elfsight.com\/it\/file-embed-widget\/google-sites\/"]}]},{"@type":"BreadcrumbList","@id":"https:\/\/elfsight.com\/it\/file-embed-widget\/google-sites\/#breadcrumb","itemListElement":[{"@type":"ListItem","position":1,"name":"Home","item":"https:\/\/elfsight.com\/it\/"},{"@type":"ListItem","position":2,"name":"File Embed","item":"https:\/\/elfsight.com\/it\/file-embed-widget\/"},{"@type":"ListItem","position":3,"name":"File Embed &#8211; Google Sites"}]},{"@type":"WebSite","@id":"https:\/\/elfsight.com\/it\/#website","url":"https:\/\/elfsight.com\/it\/","name":"Elfsight IT","description":"Just another Elfsight Sites site","potentialAction":[{"@type":"SearchAction","target":{"@type":"EntryPoint","urlTemplate":"https:\/\/elfsight.com\/it\/?s={search_term_string}"},"query-input":{"@type":"PropertyValueSpecification","valueRequired":true,"valueName":"search_term_string"}}],"inLanguage":"it-IT"}]}},"meta_box":{"industry":"","seo_heading":"","heading":"","description":"","cta_heading":"","cta_description":"","application":"2318","h1":"Widget Visualizzatore file di Google Sites","h1_caption":"Incorpora documenti, fogli di calcolo e altri file nel tuo sito web per visualizzarli e scaricarli facilmente su Google Sites.","application_category":[],"applications_title":"","applications_request_title":"","applications_request_button_text":"","hero_text":"","hero_video":"","hero_video_schema_markup":"","selling_points_title":"","selling_points_caption":"","selling_points":[],"selling_points_cta_text":"","features_title":"","features":"","ed_cta_examples_text":"","ed_cta_examples_hidden":"","ed_cta_demo_text":"","ed_cta_demo_hidden":"","why_caption":"","why_editor_title":"","why_editor_text":"","why_team_title":"","why_team_text":"","why_service_title":"","why_service_text":"","template_catalog_visible":"0","template_catalog_title":"","template_catalog_text":"","template_catalog_categories_visible":"","demo_title":"Crea il tuo widget Incorpora file","demo_caption":"Configura il tuo incorporamento file e aggiungilo gratuitamente al tuo sito web Google Sites!","default_faq_hidden":"","app_template_category":[],"platform":"105","template_public_id":"","codecanyon_url":"","codecanyon_item_id":"","codecanyon_price":"","pricing_caption":"","pricing_elfsight_apps_hide_column":"","pricing_elfsight_apps_url":"","pricing_codecanyon_price_caption":"","integration_category":[],"integration_request_title":"","integration_request_cta":"","integration_platform":"","integrations":[],"platform_category":[],"video_schema_markup":"","price":"da $ 0 al mese","trial":"","benefits":[{"text":"Aiuto per l'installazione gratuito"},{"text":"Assistenza clienti con esperienza"},{"text":"Garanzia di rimborso di 14 giorni"},{"text":"Aggiornamento costante"}],"button_url":"#demo","button_target_blank":"0","button_nofollow":"0","attributes":[{"name":"Installazioni"},{"name":"Reattivo","content":"S\u00cc"},{"name":"Browser compatibili","content":"Firefox, Safari, Opera, Chrome, Edge"}],"tags":[],"tags_disable_links":"0","hide_more_platforms":"0","video_object":"","demo_hide_cta":"0","demo_hide_cloud_options":"0","pricing_title":"","pricing":[{"pricing_icon":"platform","pricing_title":"Elfsight Apps","pricing_title_caption":"Software multipiattaforma adatto a qualsiasi sito web","pricing_price":"da $ 0 \/ mese","pricing_price_caption":"inizia con il piano gratuito","pricing_benefits":[{"text":"Siti web illimitati"},{"text":"Supporto premium"},{"text":"Assistenza per l'installazione gratuita"},{"text":"Offerta limitata per pi\u00f9 app"}],"pricing_button_text":"Aggiungi al sito web","pricing_button_url":"#demo"}],"related_apps_title":"","related_apps_hidden":"0","author":"","image":[],"title":"","job":"","social_networks":[]},"_links":{"self":[{"href":"https:\/\/elfsight.com\/it\/wp-json\/wp\/v2\/pages\/4539","targetHints":{"allow":["GET"]}}],"collection":[{"href":"https:\/\/elfsight.com\/it\/wp-json\/wp\/v2\/pages"}],"about":[{"href":"https:\/\/elfsight.com\/it\/wp-json\/wp\/v2\/types\/page"}],"author":[{"embeddable":true,"href":"https:\/\/elfsight.com\/it\/wp-json\/wp\/v2\/users\/9"}],"replies":[{"embeddable":true,"href":"https:\/\/elfsight.com\/it\/wp-json\/wp\/v2\/comments?post=4539"}],"version-history":[{"count":2,"href":"https:\/\/elfsight.com\/it\/wp-json\/wp\/v2\/pages\/4539\/revisions"}],"predecessor-version":[{"id":9708,"href":"https:\/\/elfsight.com\/it\/wp-json\/wp\/v2\/pages\/4539\/revisions\/9708"}],"up":[{"embeddable":true,"href":"https:\/\/elfsight.com\/it\/wp-json\/wp\/v2\/pages\/2319"}],"wp:attachment":[{"href":"https:\/\/elfsight.com\/it\/wp-json\/wp\/v2\/media?parent=4539"}],"curies":[{"name":"wp","href":"https:\/\/api.w.org\/{rel}","templated":true}]}}