{"id":4533,"date":"2024-05-03T06:37:01","date_gmt":"2024-05-03T06:37:01","guid":{"rendered":"https:\/\/elfsight.com\/it\/?page_id=4533"},"modified":"2024-11-11T11:23:51","modified_gmt":"2024-11-11T11:23:51","slug":"prestashop","status":"publish","type":"page","link":"https:\/\/elfsight.com\/it\/file-embed-widget\/prestashop\/","title":{"rendered":"File Embed &#8211; PrestaShop"},"content":{"rendered":"<div class=\"application-platform-content-item-description application-platform-content-item\" id=\"description\" data-nav-section=\"description\"> <h2>Descrizione<\/h2> <p>Il widget Elfsight File Embed \u00e8 il modo pi\u00f9 semplice e veloce per integrare i file nel tuo sito web. Presentazione di tutti i formati pi\u00f9 utilizzati: PDF, Docx, JPG, PPTX &#8211; in totale circa 20 formati. Per una migliore facilit\u00e0 d&#8217;uso, i file possono essere incollati tramite caricamento diretto, inserendo i relativi URL o scegliendo dall&#8217;elenco degli ultimi caricati. Puoi assegnare un titolo a ciascun documento, caricare un&#8217;icona e un&#8217;immagine, scegliere la variante del layout dei file e altro ancora. Il pubblico del sito pu\u00f2 visualizzare i documenti direttamente sul sito Web, aprirli in una nuova scheda del browser e scaricarli. <\/p><p><b>Inserisci il file incorporato per raggiungere i tuoi obiettivi di e-commerce con meno sforzo! <\/b><\/p> <\/div> <div class=\"application-platform-content-item-features application-platform-content-item\" id=\"features\" data-nav-section=\"features\"> <h2>Queste sono solo alcune delle numerose funzionalit\u00e0 del widget: <\/h2> <ul><li>Incorpora oltre 20 formati di file per visualizzare e scaricare<\/li><li>Aggiungi file illimitati<\/li><li>Duplica, elimina, clona e riordina i tuoi file<\/li><li>Incorpora caricandoli, tramite URL o scegliendo il file da i layout caricati di recente<\/li><li>3 layout inclusi: elenco, griglia e visualizzatore di file<\/li><li>layout Visualizzatore di file per visualizzare i file sulla pagina<\/li><li>zoom, scorrimento e impaginazione supportati nel layout del Visualizzatore file<\/li><li>Opzione per mostrare o scaricare l&#8217;etichetta del file<\/li><li>Icona del file commutabile<\/li><li>Opzione per dipingere l&#8217;icona del file<\/li><\/ul><p><a href=\"#demo\">Esamina tutte le funzionalit\u00e0 di personalizzazione nella demo completa<\/a><\/p> <\/div> <div class=\"application-platform-content-item-installation application-platform-content-item\" id=\"installation\" data-nav-section=\"installation\"> <h2>Come faccio ad aggiungere File Embed a la mia pagina web PrestaShop? <\/h2> <p>Applica semplicemente le istruzioni seguenti per aggiungere il componente aggiuntivo. <\/p> <ol><li><b>Lancia il nostro editor gratuito e inizia a creare il tuo widget personalizzato. <\/b><br> Trova l&#8217;interfaccia e le funzionalit\u00e0 preferite del widget e salva le modifiche. <\/li> <li><b>Acquisisci il codice individuale mostrato nell&#8217;apposito modulo su Elfsight Apps. <\/b><br> Appena terminata la creazione del tuo strumento, copia il codice individuale dalla finestra emersa e conservalo per occasioni future. <\/li> <li><b>Inizia a utilizzare lo strumento sulla pagina web PrestaShop. <\/b><br> Implementa il codice che hai salvato in precedenza nel tuo sito web e salva le correzioni. <\/li> <li><b>L&#8217;installazione \u00e8 stata completata con successo. <\/b><br> Vai alla tua pagina web per vedere il funzionamento dello strumento. <\/li><\/ol> <p>A condizione di riscontrare domande o di riscontrare complicazioni, non aver paura di contattare il nostro team di supporto. I nostri specialisti saranno lieti di aiutarti con tutte le difficolt\u00e0 che potresti incontrare con lo strumento. <\/p> <div class=\"faq\" data-component=\"FAQ\"><div class=\"faq-item\">\r\n\t\t\t\t\t<div class=\"faq-item-question\">\r\n\t\t\t\t\t\t<h3 class=\"faq-item-question-text\">Come aggiungere File Embed al mio sito web PrestaShop senza competenze di codifica?<\/h3>\r\n\r\n\t\t\t\t\t\t<div class=\"faq-item-question-icon\"><\/div>\r\n\t\t\t\t\t<\/div>\r\n\r\n\t\t\t\t\t<div class=\"faq-item-answer\">\r\n\t\t\t\t\t\t<div class=\"faq-item-answer-text\"> <p>Elfsight fornisce una soluzione SaaS che ti consente di creare tu stesso un widget File Embed, scopri quanto \u00e8 facile il processo \u00e8: lavora direttamente nell&#8217;editor online per creare un widget Incorpora file che vorresti vedere sul tuo sito web PrestaShop. Scegli uno dei modelli predefiniti e regola le impostazioni di incorporamento file, aggiungi i tuoi contenuti, modifica il layout e i colori senza alcuna competenza di codifica. Salva il File Embed e copia il suo codice di installazione, che potrai aggiungere nel tuo sito PrestaShop senza acquistare una versione a pagamento. Con il nostro editor intuitivo qualsiasi utente di Internet pu\u00f2 creare un widget Incorpora file online e incorporarlo facilmente nel proprio sito Web PrestaShop. Non \u00e8 necessario pagare o inserire le credenziali della carta per accedere al servizio. In caso di problemi in qualsiasi momento, non esitare a contattare il nostro team di supporto tecnico.<\/p> <\/div>\r\n\t\t\t\t\t<\/div>\r\n\t\t\t\t<\/div> <\/div><\/div>","protected":false},"excerpt":{"rendered":"","protected":false},"author":9,"featured_media":0,"parent":2319,"menu_order":0,"comment_status":"closed","ping_status":"closed","template":"templates\/template-application-platform.php","meta":{"publish_to_discourse":"","publish_post_category":"","wpdc_auto_publish_overridden":"","wpdc_topic_tags":"","wpdc_pin_topic":"","wpdc_pin_until":"","discourse_post_id":"","discourse_permalink":"","wpdc_publishing_response":"","wpdc_publishing_error":"","footnotes":""},"class_list":["post-4533","page","type-page","status-publish","hentry"],"yoast_head":"<!-- This site is optimized with the Yoast SEO plugin v25.3.1 - https:\/\/yoast.com\/wordpress\/plugins\/seo\/ -->\n<title>Plug-in Visualizzatore file: incorpora qualsiasi file nel tuo sito Web PrestaShop (2025)<\/title>\n<meta name=\"description\" content=\"Ecco la possibilit\u00e0 di creare un componente aggiuntivo File Embed e aggiungerlo al sito Web PrestaShop. Goditi l&#039;assistenza clienti gratuita e altri bonus da Elfsight.\" \/>\n<meta name=\"robots\" content=\"index, follow, max-snippet:-1, max-image-preview:large, max-video-preview:-1\" \/>\n<link rel=\"canonical\" href=\"https:\/\/elfsight.com\/it\/file-embed-widget\/prestashop\/\" \/>\n<meta property=\"og:locale\" content=\"it_IT\" \/>\n<meta property=\"og:type\" content=\"article\" \/>\n<meta property=\"og:title\" content=\"Plug-in Visualizzatore file: incorpora qualsiasi file nel tuo sito Web PrestaShop (2025)\" \/>\n<meta property=\"og:description\" content=\"Ecco la possibilit\u00e0 di creare un componente aggiuntivo File Embed e aggiungerlo al sito Web PrestaShop. Goditi l&#039;assistenza clienti gratuita e altri bonus da Elfsight.\" \/>\n<meta property=\"og:url\" content=\"https:\/\/elfsight.com\/it\/file-embed-widget\/prestashop\/\" \/>\n<meta property=\"og:site_name\" content=\"Elfsight IT\" \/>\n<meta property=\"article:modified_time\" content=\"2024-11-11T11:23:51+00:00\" \/>\n<meta name=\"twitter:card\" content=\"summary_large_image\" \/>\n<meta name=\"twitter:label1\" content=\"Tempo di lettura stimato\" \/>\n\t<meta name=\"twitter:data1\" content=\"3 minuti\" \/>\n<!-- \/ Yoast SEO plugin. -->","yoast_head_json":{"title":"Plug-in Visualizzatore file: incorpora qualsiasi file nel tuo sito Web PrestaShop (2025)","description":"Ecco la possibilit\u00e0 di creare un componente aggiuntivo File Embed e aggiungerlo al sito Web PrestaShop. Goditi l'assistenza clienti gratuita e altri bonus da Elfsight.","robots":{"index":"index","follow":"follow","max-snippet":"max-snippet:-1","max-image-preview":"max-image-preview:large","max-video-preview":"max-video-preview:-1"},"canonical":"https:\/\/elfsight.com\/it\/file-embed-widget\/prestashop\/","og_locale":"it_IT","og_type":"article","og_title":"Plug-in Visualizzatore file: incorpora qualsiasi file nel tuo sito Web PrestaShop (2025)","og_description":"Ecco la possibilit\u00e0 di creare un componente aggiuntivo File Embed e aggiungerlo al sito Web PrestaShop. Goditi l'assistenza clienti gratuita e altri bonus da Elfsight.","og_url":"https:\/\/elfsight.com\/it\/file-embed-widget\/prestashop\/","og_site_name":"Elfsight IT","article_modified_time":"2024-11-11T11:23:51+00:00","twitter_card":"summary_large_image","twitter_misc":{"Tempo di lettura stimato":"3 minuti"},"schema":{"@context":"https:\/\/schema.org","@graph":[{"@type":"WebPage","@id":"https:\/\/elfsight.com\/it\/file-embed-widget\/prestashop\/","url":"https:\/\/elfsight.com\/it\/file-embed-widget\/prestashop\/","name":"Plug-in Visualizzatore file: incorpora qualsiasi file nel tuo sito Web PrestaShop (2025)","isPartOf":{"@id":"https:\/\/elfsight.com\/it\/#website"},"datePublished":"2024-05-03T06:37:01+00:00","dateModified":"2024-11-11T11:23:51+00:00","description":"Ecco la possibilit\u00e0 di creare un componente aggiuntivo File Embed e aggiungerlo al sito Web PrestaShop. Goditi l'assistenza clienti gratuita e altri bonus da Elfsight.","breadcrumb":{"@id":"https:\/\/elfsight.com\/it\/file-embed-widget\/prestashop\/#breadcrumb"},"inLanguage":"it-IT","potentialAction":[{"@type":"ReadAction","target":["https:\/\/elfsight.com\/it\/file-embed-widget\/prestashop\/"]}]},{"@type":"BreadcrumbList","@id":"https:\/\/elfsight.com\/it\/file-embed-widget\/prestashop\/#breadcrumb","itemListElement":[{"@type":"ListItem","position":1,"name":"Home","item":"https:\/\/elfsight.com\/it\/"},{"@type":"ListItem","position":2,"name":"File Embed","item":"https:\/\/elfsight.com\/it\/file-embed-widget\/"},{"@type":"ListItem","position":3,"name":"File Embed &#8211; PrestaShop"}]},{"@type":"WebSite","@id":"https:\/\/elfsight.com\/it\/#website","url":"https:\/\/elfsight.com\/it\/","name":"Elfsight IT","description":"Just another Elfsight Sites site","potentialAction":[{"@type":"SearchAction","target":{"@type":"EntryPoint","urlTemplate":"https:\/\/elfsight.com\/it\/?s={search_term_string}"},"query-input":{"@type":"PropertyValueSpecification","valueRequired":true,"valueName":"search_term_string"}}],"inLanguage":"it-IT"}]}},"meta_box":{"industry":"","seo_heading":"","heading":"","description":"","cta_heading":"","cta_description":"","application":"2318","h1":"Componente aggiuntivo per incorporamento file PrestaShop","h1_caption":"Incorpora documenti, fogli di calcolo e altri file nel tuo sito Web per visualizzarli e scaricarli facilmente nel tuo sito Web Prestashop.","application_category":[],"applications_title":"","applications_request_title":"","applications_request_button_text":"","hero_text":"","hero_video":"","hero_video_schema_markup":"","selling_points_title":"","selling_points_caption":"","selling_points":[],"selling_points_cta_text":"","features_title":"","features":"","ed_cta_examples_text":"","ed_cta_examples_hidden":"","ed_cta_demo_text":"","ed_cta_demo_hidden":"","why_caption":"","why_editor_title":"","why_editor_text":"","why_team_title":"","why_team_text":"","why_service_title":"","why_service_text":"","template_catalog_visible":"","template_catalog_title":"","template_catalog_text":"","template_catalog_categories_visible":"","demo_title":"Crea il tuo componente aggiuntivo Incorpora file","demo_caption":"Configura il tuo incorporamento file e aggiungilo gratuitamente al tuo sito PrestaShop!","default_faq_hidden":"","app_template_category":[],"platform":"1023","template_public_id":"","codecanyon_url":"","codecanyon_item_id":"","codecanyon_price":"","pricing_caption":"","pricing_elfsight_apps_hide_column":"","pricing_elfsight_apps_url":"","pricing_codecanyon_price_caption":"","integration_category":[],"integration_request_title":"","integration_request_cta":"","integration_platform":"","integrations":[],"platform_category":[],"video_schema_markup":"","price":"da $ 0 al mese","trial":"","benefits":[{"text":"Aiuto per l'installazione gratuito"},{"text":"Servizio clienti efficace"},{"text":"Garanzia di rimborso di 14 giorni"},{"text":"Sviluppo continuo"}],"button_url":"#demo","button_target_blank":"","button_nofollow":"","attributes":[{"name":"Installazioni"},{"name":"Reattivo","content":"S\u00cc"},{"name":"Browser compatibili","content":"Firefox, Safari, Opera, Chrome, Edge"}],"tags":[],"tags_disable_links":"","hide_more_platforms":"","video_object":"","demo_hide_cta":"","demo_hide_cloud_options":"","pricing_title":"","pricing":[{"pricing_icon":"platform","pricing_title":"Elfsight Apps","pricing_title_caption":"Versione multipiattaforma","pricing_price":"da $ 0 \/ mese","pricing_price_caption":"inizia con un piano gratuito","pricing_benefits":[{"text":"Domini illimitati"},{"text":"Supporto premium, puntuale e ben documentato"},{"text":"Supporto gratuito per l'installazione"},{"text":"Progettazione flessibile"}],"pricing_button_text":"Aggiungi al sito web","pricing_button_url":"#demo"}],"related_apps_title":"","related_apps_hidden":"","author":"","image":[],"title":"","job":"","social_networks":[]},"_links":{"self":[{"href":"https:\/\/elfsight.com\/it\/wp-json\/wp\/v2\/pages\/4533","targetHints":{"allow":["GET"]}}],"collection":[{"href":"https:\/\/elfsight.com\/it\/wp-json\/wp\/v2\/pages"}],"about":[{"href":"https:\/\/elfsight.com\/it\/wp-json\/wp\/v2\/types\/page"}],"author":[{"embeddable":true,"href":"https:\/\/elfsight.com\/it\/wp-json\/wp\/v2\/users\/9"}],"replies":[{"embeddable":true,"href":"https:\/\/elfsight.com\/it\/wp-json\/wp\/v2\/comments?post=4533"}],"version-history":[{"count":1,"href":"https:\/\/elfsight.com\/it\/wp-json\/wp\/v2\/pages\/4533\/revisions"}],"predecessor-version":[{"id":4537,"href":"https:\/\/elfsight.com\/it\/wp-json\/wp\/v2\/pages\/4533\/revisions\/4537"}],"up":[{"embeddable":true,"href":"https:\/\/elfsight.com\/it\/wp-json\/wp\/v2\/pages\/2319"}],"wp:attachment":[{"href":"https:\/\/elfsight.com\/it\/wp-json\/wp\/v2\/media?parent=4533"}],"curies":[{"name":"wp","href":"https:\/\/api.w.org\/{rel}","templated":true}]}}