{"id":4532,"date":"2024-05-03T06:37:00","date_gmt":"2024-05-03T06:37:00","guid":{"rendered":"https:\/\/elfsight.com\/it\/?page_id=4532"},"modified":"2024-11-11T11:21:36","modified_gmt":"2024-11-11T11:21:36","slug":"jimdo","status":"publish","type":"page","link":"https:\/\/elfsight.com\/it\/file-embed-widget\/jimdo\/","title":{"rendered":"File Embed &#8211; Jimdo"},"content":{"rendered":"<div class=\"application-platform-content-item-description application-platform-content-item\" id=\"description\" data-nav-section=\"description\"> <h2>Descrizione<\/h2> <p>Elfsight File Embed \u00e8 uno degli strumenti pi\u00f9 semplici ed immediati per incorporare file in un sito. Integra tutti i file pi\u00f9 utilizzati: PDF, Docx, Xlsx, Jpeg \u2013 in totale circa 20 formati. Per una maggiore facilit\u00e0 d&#8217;uso, i file possono essere incollati semplicemente caricandoli, inserendo i relativi URL o selezionandoli da quelli caricati di recente. Le funzionalit\u00e0 ti consentono di assegnare un titolo a ogni file, caricare la tua icona e immagine, scegliere opzioni di layout e molto altro. I visitatori del sito web possono controllare i documenti direttamente sul sito, aprirli in una nuova scheda del browser e scaricarli. <\/p><p><b>Con File Embed, sviluppa attivamente il tuo business e migliora le vendite <\/b><\/p> <\/div> <div class=\"application-platform-content-item-features application-platform-content-item\" id=\"features\" data-nav-section=\"features\"> <h2>Ecco le caratteristiche principali di widget: <\/h2> <ul><li>Incorpora oltre 20 formati di file da scaricare e visualizzare<\/li><li>Aggiungi file illimitati<\/li><li>Duplica, elimina, clona e riordina i tuoi file<\/li><li>Incorpora scegliendo il file tra quelli caricati di recente, tramite URL o caricando<\/li><li>3 layout inclusi: elenco, griglia e visualizzatore file<\/li><li>layout Visualizzatore file per visualizzare file nella pagina<\/li><li>zoom, scorrimento e impaginazione supportati nel layout del Visualizzatore file<\/li><li>Opzione per mostrare o scaricare l&#8217;etichetta del file<\/li><li>Icona file commutabile<\/li> <li>Opzione per dipingere l&#8217;icona del file<\/li><\/ul><p><a href=\"#demo\">Puoi provare la funzionalit\u00e0 completa del widget nella demo in questa pagina<\/a><\/p> <\/div> <div class=\"application-platform-content-item-installazione application-platform-content-item\" id=\"installazione\" data-nav-section=\"installazione\"> <h2>Come aggiungere File Embed al sito web Jimdo? <\/h2> <p>Segui semplicemente le istruzioni seguenti per incorporare lo strumento. <\/p> <ol><li><b>Utilizza il nostro editor gratuito e inizia a creare il tuo widget personalizzato. <\/b><br> Specifica il layout personalizzato e le caratteristiche funzionali dello strumento e salva le modifiche. <\/li> <li><b>Ricevi il tuo codice personale nella finestra delle app Elfsight. <\/b><br> Una volta terminata la personalizzazione del tuo widget, copia il codice esclusivo nella casella e conservalo per un utilizzo successivo. <\/li> <li><b>Avvia l&#8217;applicazione del widget sulla home page di Jimdo. <\/b><br> Incolla il codice che hai copiato di recente nel tuo sito web e salva i miglioramenti. <\/li> <li><b>La configurazione \u00e8 completamente terminata. <\/b><br> Vai al tuo sito per verificare come funziona il widget. <\/li><\/ol> <p>A condizione che tu abbia domande o riscontri eventuali problemi, non esitare a rivolgerti al nostro team di supporto. Il nostro personale sar\u00e0 felice di risolvere tutte le difficolt\u00e0 che potresti avere con lo strumento. <\/p> <div class=\"faq\" data-component=\"FAQ\"><div class=\"faq-item\">\r\n\t\t\t\t\t<div class=\"faq-item-question\">\r\n\t\t\t\t\t\t<h3 class=\"faq-item-question-text\">Come aggiungere FAQ al mio sito web Jimdo senza competenze di programmazione?<\/h3>\r\n\r\n\t\t\t\t\t\t<div class=\"faq-item-question-icon\"><\/div>\r\n\t\t\t\t\t<\/div>\r\n\r\n\t\t\t\t\t<div class=\"faq-item-answer\">\r\n\t\t\t\t\t\t<div class=\"faq-item-answer-text\"> <p>Elfsight fornisce una soluzione SaaS che ti consente di creare tu stesso un widget FAQ, scopri quanto \u00e8 semplice il processo: Lavora direttamente nell&#8217;editor online per creare un widget FAQ che vorresti vedere sul tuo sito Jimdo. Scegli uno dei modelli predefiniti e regola le impostazioni delle FAQ, aggiungi i tuoi contenuti, modifica il layout e i colori senza alcuna abilit\u00e0 di codifica. Salva le FAQ e copia il codice di installazione, che potrai semplicemente includere nel tuo sito Jimdo senza acquistare un abbonamento a pagamento. Con il nostro editor intuitivo qualsiasi utente di Internet pu\u00f2 creare widget FAQ online e incorporarlo facilmente nel proprio sito Jimdo. Non \u00e8 necessario pagare o inserire le credenziali della carta per accedere al servizio. In caso di problemi in qualsiasi momento, non esitare a contattare il nostro team di supporto tecnico.<\/p> <\/div>\r\n\t\t\t\t\t<\/div>\r\n\t\t\t\t<\/div> <\/div><\/div>","protected":false},"excerpt":{"rendered":"","protected":false},"author":9,"featured_media":0,"parent":2319,"menu_order":0,"comment_status":"closed","ping_status":"closed","template":"templates\/template-application-platform.php","meta":{"publish_to_discourse":"","publish_post_category":"","wpdc_auto_publish_overridden":"","wpdc_topic_tags":"","wpdc_pin_topic":"","wpdc_pin_until":"","discourse_post_id":"","discourse_permalink":"","wpdc_publishing_response":"","wpdc_publishing_error":"","footnotes":""},"class_list":["post-4532","page","type-page","status-publish","hentry"],"yoast_head":"<!-- This site is optimized with the Yoast SEO plugin v25.3.1 - https:\/\/yoast.com\/wordpress\/plugins\/seo\/ -->\n<title>Widget Visualizzatore file: incorpora qualsiasi file sul tuo sito Jimdo (2026)<\/title>\n<meta name=\"description\" content=\"Ecco la possibilit\u00e0 di creare un widget Incorpora file e aggiungerlo al tuo sito Jimdo. Goditi il \u200b\u200bsupporto gratuito e altri bonus da Elfsight.\" \/>\n<meta name=\"robots\" content=\"index, follow, max-snippet:-1, max-image-preview:large, max-video-preview:-1\" \/>\n<link rel=\"canonical\" href=\"https:\/\/elfsight.com\/it\/file-embed-widget\/jimdo\/\" \/>\n<meta property=\"og:locale\" content=\"it_IT\" \/>\n<meta property=\"og:type\" content=\"article\" \/>\n<meta property=\"og:title\" content=\"Widget Visualizzatore file: incorpora qualsiasi file sul tuo sito Jimdo (2026)\" \/>\n<meta property=\"og:description\" content=\"Ecco la possibilit\u00e0 di creare un widget Incorpora file e aggiungerlo al tuo sito Jimdo. Goditi il \u200b\u200bsupporto gratuito e altri bonus da Elfsight.\" \/>\n<meta property=\"og:url\" content=\"https:\/\/elfsight.com\/it\/file-embed-widget\/jimdo\/\" \/>\n<meta property=\"og:site_name\" content=\"Elfsight IT\" \/>\n<meta property=\"article:modified_time\" content=\"2024-11-11T11:21:36+00:00\" \/>\n<meta name=\"twitter:card\" content=\"summary_large_image\" \/>\n<meta name=\"twitter:label1\" content=\"Tempo di lettura stimato\" \/>\n\t<meta name=\"twitter:data1\" content=\"3 minuti\" \/>\n<!-- \/ Yoast SEO plugin. -->","yoast_head_json":{"title":"Widget Visualizzatore file: incorpora qualsiasi file sul tuo sito Jimdo (2026)","description":"Ecco la possibilit\u00e0 di creare un widget Incorpora file e aggiungerlo al tuo sito Jimdo. Goditi il \u200b\u200bsupporto gratuito e altri bonus da Elfsight.","robots":{"index":"index","follow":"follow","max-snippet":"max-snippet:-1","max-image-preview":"max-image-preview:large","max-video-preview":"max-video-preview:-1"},"canonical":"https:\/\/elfsight.com\/it\/file-embed-widget\/jimdo\/","og_locale":"it_IT","og_type":"article","og_title":"Widget Visualizzatore file: incorpora qualsiasi file sul tuo sito Jimdo (2026)","og_description":"Ecco la possibilit\u00e0 di creare un widget Incorpora file e aggiungerlo al tuo sito Jimdo. Goditi il \u200b\u200bsupporto gratuito e altri bonus da Elfsight.","og_url":"https:\/\/elfsight.com\/it\/file-embed-widget\/jimdo\/","og_site_name":"Elfsight IT","article_modified_time":"2024-11-11T11:21:36+00:00","twitter_card":"summary_large_image","twitter_misc":{"Tempo di lettura stimato":"3 minuti"},"schema":{"@context":"https:\/\/schema.org","@graph":[{"@type":"WebPage","@id":"https:\/\/elfsight.com\/it\/file-embed-widget\/jimdo\/","url":"https:\/\/elfsight.com\/it\/file-embed-widget\/jimdo\/","name":"Widget Visualizzatore file: incorpora qualsiasi file sul tuo sito Jimdo (2026)","isPartOf":{"@id":"https:\/\/elfsight.com\/it\/#website"},"datePublished":"2024-05-03T06:37:00+00:00","dateModified":"2024-11-11T11:21:36+00:00","description":"Ecco la possibilit\u00e0 di creare un widget Incorpora file e aggiungerlo al tuo sito Jimdo. Goditi il \u200b\u200bsupporto gratuito e altri bonus da Elfsight.","breadcrumb":{"@id":"https:\/\/elfsight.com\/it\/file-embed-widget\/jimdo\/#breadcrumb"},"inLanguage":"it-IT","potentialAction":[{"@type":"ReadAction","target":["https:\/\/elfsight.com\/it\/file-embed-widget\/jimdo\/"]}]},{"@type":"BreadcrumbList","@id":"https:\/\/elfsight.com\/it\/file-embed-widget\/jimdo\/#breadcrumb","itemListElement":[{"@type":"ListItem","position":1,"name":"Home","item":"https:\/\/elfsight.com\/it\/"},{"@type":"ListItem","position":2,"name":"File Embed","item":"https:\/\/elfsight.com\/it\/file-embed-widget\/"},{"@type":"ListItem","position":3,"name":"File Embed &#8211; Jimdo"}]},{"@type":"WebSite","@id":"https:\/\/elfsight.com\/it\/#website","url":"https:\/\/elfsight.com\/it\/","name":"Elfsight IT","description":"Just another Elfsight Sites site","potentialAction":[{"@type":"SearchAction","target":{"@type":"EntryPoint","urlTemplate":"https:\/\/elfsight.com\/it\/?s={search_term_string}"},"query-input":{"@type":"PropertyValueSpecification","valueRequired":true,"valueName":"search_term_string"}}],"inLanguage":"it-IT"}]}},"meta_box":{"industry":"","seo_heading":"","heading":"","description":"","cta_heading":"","cta_description":"","application":"2318","h1":"Widget Jimdo File Incorpora","h1_caption":"Incorpora documenti, fogli di calcolo e altri file nel tuo sito web per visualizzarli e scaricarli facilmente nel tuo sito Jimdo.","application_category":[],"applications_title":"","applications_request_title":"","applications_request_button_text":"","hero_text":"","hero_video":"","hero_video_schema_markup":"","selling_points_title":"","selling_points_caption":"","selling_points":[],"selling_points_cta_text":"","features_title":"","features":"","ed_cta_examples_text":"","ed_cta_examples_hidden":"","ed_cta_demo_text":"","ed_cta_demo_hidden":"","why_caption":"","why_editor_title":"","why_editor_text":"","why_team_title":"","why_team_text":"","why_service_title":"","why_service_text":"","template_catalog_visible":"","template_catalog_title":"","template_catalog_text":"","template_catalog_categories_visible":"","demo_title":"Crea il tuo widget Incorpora file","demo_caption":"Configura il tuo File Embed e aggiungilo gratuitamente al tuo sito Jimdo!","default_faq_hidden":"","app_template_category":[],"platform":"55","template_public_id":"","codecanyon_url":"","codecanyon_item_id":"","codecanyon_price":"","pricing_caption":"","pricing_elfsight_apps_hide_column":"","pricing_elfsight_apps_url":"","pricing_codecanyon_price_caption":"","integration_category":[],"integration_request_title":"","integration_request_cta":"","integration_platform":"","integrations":[],"platform_category":[],"video_schema_markup":"","price":"da $ 0 al mese","trial":"","benefits":[{"text":"Aiuto per l'installazione gratuito"},{"text":"Servizio clienti efficace"},{"text":"Garanzia di rimborso di 14 giorni"},{"text":"Sviluppo continuo"}],"button_url":"#demo","button_target_blank":"","button_nofollow":"","attributes":[{"name":"Installazioni"},{"name":"Reattivo","content":"S\u00cc"},{"name":"Browser compatibili","content":"Firefox, Safari, Opera, Chrome, Edge"}],"tags":[],"tags_disable_links":"","hide_more_platforms":"","video_object":"","demo_hide_cta":"","demo_hide_cloud_options":"","pricing_title":"","pricing":[{"pricing_icon":"platform","pricing_title":"Elfsight Apps","pricing_title_caption":"Versione multipiattaforma","pricing_price":"da $ 0 \/ mese","pricing_price_caption":"inizia con un piano gratuito","pricing_benefits":[{"text":"Domini illimitati"},{"text":"Supporto premium, puntuale e ben documentato"},{"text":"Servizio di installazione gratuito"},{"text":"100% personalizzabile"}],"pricing_button_text":"Aggiungi al sito web","pricing_button_url":"#demo"}],"related_apps_title":"","related_apps_hidden":"","author":"","image":[],"title":"","job":"","social_networks":[]},"_links":{"self":[{"href":"https:\/\/elfsight.com\/it\/wp-json\/wp\/v2\/pages\/4532","targetHints":{"allow":["GET"]}}],"collection":[{"href":"https:\/\/elfsight.com\/it\/wp-json\/wp\/v2\/pages"}],"about":[{"href":"https:\/\/elfsight.com\/it\/wp-json\/wp\/v2\/types\/page"}],"author":[{"embeddable":true,"href":"https:\/\/elfsight.com\/it\/wp-json\/wp\/v2\/users\/9"}],"replies":[{"embeddable":true,"href":"https:\/\/elfsight.com\/it\/wp-json\/wp\/v2\/comments?post=4532"}],"version-history":[{"count":1,"href":"https:\/\/elfsight.com\/it\/wp-json\/wp\/v2\/pages\/4532\/revisions"}],"predecessor-version":[{"id":4536,"href":"https:\/\/elfsight.com\/it\/wp-json\/wp\/v2\/pages\/4532\/revisions\/4536"}],"up":[{"embeddable":true,"href":"https:\/\/elfsight.com\/it\/wp-json\/wp\/v2\/pages\/2319"}],"wp:attachment":[{"href":"https:\/\/elfsight.com\/it\/wp-json\/wp\/v2\/media?parent=4532"}],"curies":[{"name":"wp","href":"https:\/\/api.w.org\/{rel}","templated":true}]}}