{"id":4516,"date":"2024-05-03T06:36:52","date_gmt":"2024-05-03T06:36:52","guid":{"rendered":"https:\/\/elfsight.com\/it\/?page_id=4516"},"modified":"2024-11-12T13:22:03","modified_gmt":"2024-11-12T13:22:03","slug":"drupal","status":"publish","type":"page","link":"https:\/\/elfsight.com\/it\/accordion-faq-widget\/drupal\/","title":{"rendered":"FAQ &#8211; Drupal"},"content":{"rendered":"<div class=\"application-platform-content-item-description application-platform-content-item\" id=\"description\" data-nav-section=\"description\"><h2>Descrizione<\/h2><p>Le nostre FAQ sono uno strumento potente, facile da usare e configurare, che aiuta a creare e aggiungere un&#8217;unit\u00e0 con le domande pi\u00f9 frequenti con risposta sul tuo sito web. Un modulo informativo con l&#8217;interfaccia pi\u00f9 semplice ti aiuter\u00e0 a fornire informazioni dettagliate sulle tue offerte, focalizzare l&#8217;attenzione dei visitatori sui loro vantaggi ed eliminare idee sbagliate e sospetti, che possono influenzare una decisione di acquisto.<\/p><p><b>Rispondi alla domanda visualizzare istantaneamente le domande dei tuoi clienti e aumentare il numero di ordini sul sito web!<\/b><\/p><ul><li><b>Incoraggia i clienti ad acquistare con risposte intelligenti<\/b>.<br>Inserisci risposte rispondere in anticipo a domande strategiche e convincere i visitatori a effettuare un acquisto sul tuo sito.<\/li><li><b>Ottieni la giusta percezione del tuo prodotto o servizio da parte dei clienti<\/b>.<br>Distruggi le idee sbagliate pi\u00f9 diffuse e sospetti riguardanti le tue offerte fornendo risposte complete e di facile comprensione alle domande dei clienti.<\/li><li><b>Rispondi a tutte le domande dei tuoi clienti in anticipo<\/b>.<br>Consenti ai tuoi clienti di ottenere le informazioni pi\u00f9 complete informazioni sui tuoi prodotti o servizi e rispondi a tutte le possibili domande prima che vengano visualizzate.<\/li><\/ul><\/div><div class=\"application-platform-content-item-features application-platform-content-item\" id=\"features\" data-nav-section=\"features\"><h2>Funzionalit\u00e0<\/h2><p>I tratti pi\u00f9 potenti del nostro modulo, che lo aiutano a diventare la soluzione pi\u00f9 flessibile per aggiungere FAQ sul sito Drupal.<\/p><ul><li>Layout a pi\u00f9 colonne per la distribuzione automatica del contenuto in colonne;<\/li><li>4 gi\u00e0 pronti utilizzare stili con bordi e ombre;<\/li><li>Domande illimitate all&#8217;interno di ogni categoria;<\/li><li>Titolo widget modificabile;<\/li><li>Mobile ottimizzato per un&#8217;esperienza fluida.<\/li> <\/ul><p><a href=\"#demo\">Provali tutti<\/a><\/p><\/div><div class=\"application-platform-content-item-installation application-platform-content-item\" id=\"installation\" data-nav-section=\"installation\"><h2>Come incorporare il modulo FAQ Accoridon in Drupal <\/h2><p>Segui semplicemente le linee guida seguenti per integrare il modulo su Drupal.<\/p> <ol><li><b>Lancia il nostro configuratore gratuito e inizia a creare il tuo modulo FAQ personalizzato. <\/b><br> Trova la forma personalizzata e le caratteristiche funzionali dello strumento e salva le modifiche. <\/li> <li><b>Copia il tuo codice individuale esposto nell&#8217;apposito modulo su Elfsight Apps. <\/b><br> Non appena la configurazione del tuo widget personale \u00e8 terminata, copia il codice personale nel popup visualizzato e conservalo per un&#8217;occasione successiva. <\/li> <li><b>Accedi utilizzando il modulo sul tuo sito Drupal. <\/b><br> Incorpora il codice che hai salvato di recente nel tuo sito web e salva le modifiche. <\/li> <li><b>L&#8217;installazione \u00e8 stata completata con successo. <\/b><br> Vai al tuo sito per verificare come funziona il modulo. <\/li><\/ol><p>Hai difficolt\u00e0 durante l&#8217;utilizzo del manuale? Lascia una richiesta al nostro team di supporto o controlla la versione completa della guida \u00ab<a href=\"https:\/\/elfsight.com\/tutorials\/how-to-add-faq-widget-to-drupal\/\" target=\"_blank \" rel=\"noopener noreferrer\">Come aggiungere FAQ a Drupal<\/a>\u00bb e completa tu stesso la creazione del modulo.<\/p><\/div><div class=\"faq\" data-component=\"FAQ\"><div class=\"faq-item\">\r\n\t\t\t\t\t<div class=\"faq-item-question\">\r\n\t\t\t\t\t\t<h3 class=\"faq-item-question-text\">Come posso aggiungere una FAQ al mio sito Drupal?<\/h3>\r\n\r\n\t\t\t\t\t\t<div class=\"faq-item-question-icon\"><\/div>\r\n\t\t\t\t\t<\/div>\r\n\r\n\t\t\t\t\t<div class=\"faq-item-answer\">\r\n\t\t\t\t\t\t<div class=\"faq-item-answer-text\"><p>La creazione del widget avviene sulle pagine Elfsight e non \u00e8 necessario imparare a programmare. Utilizza la demo attiva per modificare il tuo plugin, acquisire il codice e incollarlo sul tuo sito web. <\/p><\/div>\r\n\t\t\t\t\t<\/div>\r\n\t\t\t\t<\/div><div class=\"faq-item\">\r\n\t\t\t\t\t<div class=\"faq-item-question\">\r\n\t\t\t\t\t\t<h3 class=\"faq-item-question-text\">I migliori esempi di utilizzo dell'integrazione delle FAQ semplici<\/h3>\r\n\r\n\t\t\t\t\t\t<div class=\"faq-item-question-icon\"><\/div>\r\n\t\t\t\t\t<\/div>\r\n\r\n\t\t\t\t\t<div class=\"faq-item-answer\">\r\n\t\t\t\t\t\t<div class=\"faq-item-answer-text\"><p>Abbiamo tantissime opportunit\u00e0 di personalizzazione: widget su vasta scala da implementare nella zona dei contenuti, mobili plugin per opzioni di scorrimento, layout per il pi\u00e8 di pagina del tuo sito web, sezione principale e tutti i tipi di opzioni verticali per barre laterali e menu. <\/p><\/div>\r\n\t\t\t\t\t<\/div>\r\n\t\t\t\t<\/div><div class=\"faq-item\">\r\n\t\t\t\t\t<div class=\"faq-item-question\">\r\n\t\t\t\t\t\t<h3 class=\"faq-item-question-text\">Esiste un'opzione per creare un menu a discesa Categorie o FAQ tramite l'agenzia del tuo editor?<\/h3>\r\n\r\n\t\t\t\t\t\t<div class=\"faq-item-question-icon\"><\/div>\r\n\t\t\t\t\t<\/div>\r\n\r\n\t\t\t\t\t<div class=\"faq-item-answer\">\r\n\t\t\t\t\t\t<div class=\"faq-item-answer-text\"><p>Sei libero di apportare qualsiasi modifica al widget. Ci sono molti layout a tua disposizione nell&#8217;editor e tutti possono essere regolati rapidamente nel modo desiderato. <\/p><\/div>\r\n\t\t\t\t\t<\/div>\r\n\t\t\t\t<\/div><\/div>","protected":false},"excerpt":{"rendered":"","protected":false},"author":9,"featured_media":0,"parent":1321,"menu_order":0,"comment_status":"closed","ping_status":"closed","template":"templates\/template-application-platform.php","meta":{"publish_to_discourse":"","publish_post_category":"","wpdc_auto_publish_overridden":"","wpdc_topic_tags":"","wpdc_pin_topic":"","wpdc_pin_until":"","discourse_post_id":"","discourse_permalink":"","wpdc_publishing_response":"","wpdc_publishing_error":"","footnotes":""},"class_list":["post-4516","page","type-page","status-publish","hentry"],"yoast_head":"<!-- This site is optimized with the Yoast SEO plugin v25.3.1 - https:\/\/yoast.com\/wordpress\/plugins\/seo\/ -->\n<title>FAQ sulla fisarmonica: aggiungi il modulo FAQ al sito Drupal<\/title>\n<meta name=\"description\" content=\"Crea il tuo modulo FAQ unico per Drupal in soli 70 secondi. Controlla la demo pi\u00f9 veloce per la progettazione di widget di Elfsight, totalmente gratuita.\" \/>\n<meta name=\"robots\" content=\"index, follow, max-snippet:-1, max-image-preview:large, max-video-preview:-1\" \/>\n<link rel=\"canonical\" href=\"https:\/\/elfsight.com\/it\/accordion-faq-widget\/drupal\/\" \/>\n<meta property=\"og:locale\" content=\"it_IT\" \/>\n<meta property=\"og:type\" content=\"article\" \/>\n<meta property=\"og:title\" content=\"FAQ sulla fisarmonica: aggiungi il modulo FAQ al sito Drupal\" \/>\n<meta property=\"og:description\" content=\"Crea il tuo modulo FAQ unico per Drupal in soli 70 secondi. Controlla la demo pi\u00f9 veloce per la progettazione di widget di Elfsight, totalmente gratuita.\" \/>\n<meta property=\"og:url\" content=\"https:\/\/elfsight.com\/it\/accordion-faq-widget\/drupal\/\" \/>\n<meta property=\"og:site_name\" content=\"Elfsight IT\" \/>\n<meta property=\"article:modified_time\" content=\"2024-11-12T13:22:03+00:00\" \/>\n<meta name=\"twitter:card\" content=\"summary_large_image\" \/>\n<meta name=\"twitter:label1\" content=\"Tempo di lettura stimato\" \/>\n\t<meta name=\"twitter:data1\" content=\"3 minuti\" \/>\n<!-- \/ Yoast SEO plugin. -->","yoast_head_json":{"title":"FAQ sulla fisarmonica: aggiungi il modulo FAQ al sito Drupal","description":"Crea il tuo modulo FAQ unico per Drupal in soli 70 secondi. Controlla la demo pi\u00f9 veloce per la progettazione di widget di Elfsight, totalmente gratuita.","robots":{"index":"index","follow":"follow","max-snippet":"max-snippet:-1","max-image-preview":"max-image-preview:large","max-video-preview":"max-video-preview:-1"},"canonical":"https:\/\/elfsight.com\/it\/accordion-faq-widget\/drupal\/","og_locale":"it_IT","og_type":"article","og_title":"FAQ sulla fisarmonica: aggiungi il modulo FAQ al sito Drupal","og_description":"Crea il tuo modulo FAQ unico per Drupal in soli 70 secondi. Controlla la demo pi\u00f9 veloce per la progettazione di widget di Elfsight, totalmente gratuita.","og_url":"https:\/\/elfsight.com\/it\/accordion-faq-widget\/drupal\/","og_site_name":"Elfsight IT","article_modified_time":"2024-11-12T13:22:03+00:00","twitter_card":"summary_large_image","twitter_misc":{"Tempo di lettura stimato":"3 minuti"},"schema":{"@context":"https:\/\/schema.org","@graph":[{"@type":"WebPage","@id":"https:\/\/elfsight.com\/it\/accordion-faq-widget\/drupal\/","url":"https:\/\/elfsight.com\/it\/accordion-faq-widget\/drupal\/","name":"FAQ sulla fisarmonica: aggiungi il modulo FAQ al sito Drupal","isPartOf":{"@id":"https:\/\/elfsight.com\/it\/#website"},"datePublished":"2024-05-03T06:36:52+00:00","dateModified":"2024-11-12T13:22:03+00:00","description":"Crea il tuo modulo FAQ unico per Drupal in soli 70 secondi. Controlla la demo pi\u00f9 veloce per la progettazione di widget di Elfsight, totalmente gratuita.","breadcrumb":{"@id":"https:\/\/elfsight.com\/it\/accordion-faq-widget\/drupal\/#breadcrumb"},"inLanguage":"it-IT","potentialAction":[{"@type":"ReadAction","target":["https:\/\/elfsight.com\/it\/accordion-faq-widget\/drupal\/"]}]},{"@type":"BreadcrumbList","@id":"https:\/\/elfsight.com\/it\/accordion-faq-widget\/drupal\/#breadcrumb","itemListElement":[{"@type":"ListItem","position":1,"name":"Home","item":"https:\/\/elfsight.com\/it\/"},{"@type":"ListItem","position":2,"name":"FAQ","item":"https:\/\/elfsight.com\/it\/accordion-faq-widget\/"},{"@type":"ListItem","position":3,"name":"FAQ &#8211; Drupal"}]},{"@type":"WebSite","@id":"https:\/\/elfsight.com\/it\/#website","url":"https:\/\/elfsight.com\/it\/","name":"Elfsight IT","description":"Just another Elfsight Sites site","potentialAction":[{"@type":"SearchAction","target":{"@type":"EntryPoint","urlTemplate":"https:\/\/elfsight.com\/it\/?s={search_term_string}"},"query-input":{"@type":"PropertyValueSpecification","valueRequired":true,"valueName":"search_term_string"}}],"inLanguage":"it-IT"}]}},"meta_box":{"industry":"","seo_heading":"","heading":"","description":"","cta_heading":"","cta_description":"","application":"1320","h1":"Modulo FAQ sulla fisarmonica per Drupal","h1_caption":"Fornisci risposte alle domande pi\u00f9 frequenti in un formato organizzato e ricercabile per aiutare gli utenti a trovare rapidamente soluzioni nel tuo sito Web Drupal senza sforzo.","application_category":[],"applications_title":"","applications_request_title":"","applications_request_button_text":"","hero_text":"","hero_video":"","hero_video_schema_markup":"","selling_points_title":"","selling_points_caption":"","selling_points":[],"selling_points_cta_text":"","features_title":"","features":"","ed_cta_examples_text":"","ed_cta_examples_hidden":"","ed_cta_demo_text":"","ed_cta_demo_hidden":"","why_caption":"","why_editor_title":"","why_editor_text":"","why_team_title":"","why_team_text":"","why_service_title":"","why_service_text":"","template_catalog_visible":"","template_catalog_title":"","template_catalog_text":"","template_catalog_categories_visible":"","demo_title":"Crea il tuo modulo FAQ","demo_caption":"Configura le tue FAQ e aggiungile gratuitamente al tuo sito Drupal!","default_faq_hidden":"","app_template_category":[],"platform":"34","template_public_id":"","codecanyon_url":"","codecanyon_item_id":"","codecanyon_price":"","pricing_caption":"","pricing_elfsight_apps_hide_column":"","pricing_elfsight_apps_url":"","pricing_codecanyon_price_caption":"","integration_category":[],"integration_request_title":"","integration_request_cta":"","integration_platform":"","integrations":[],"platform_category":[],"video_schema_markup":"","price":"da $ 0 al mese","trial":"","benefits":[{"text":"Servizio di installazione gratuito"},{"text":"Assistenza clienti professionale"},{"text":"Garanzia di rimborso di 14 giorni"},{"text":"Sviluppo continuo"}],"button_url":"#demo","button_target_blank":"","button_nofollow":"","attributes":[{"name":"Installazioni"},{"name":"Reattivo","content":"S\u00cc"},{"name":"Browser compatibili","content":"Firefox, Safari, Opera, Chrome, Edge"}],"tags":[],"tags_disable_links":"","hide_more_platforms":"","video_object":"","demo_hide_cta":"","demo_hide_cloud_options":"","pricing_title":"","pricing":[{"pricing_icon":"cloud","pricing_title":"Elfsight Apps","pricing_title_caption":"Versione multipiattaforma che funziona su qualsiasi sito web","pricing_price":"da $ 0 \/ mese","pricing_price_caption":"inizia con il piano gratuito","pricing_benefits":[{"text":"Siti web illimitati"},{"text":"Supporto aziendale premium e ben documentato"},{"text":"Servizio di installazione gratuito"},{"text":"Prezzo da prendere per pi\u00f9 app"}],"pricing_button_text":"Aggiungi al sito web","pricing_button_url":"#demo"}],"related_apps_title":"","related_apps_hidden":"","author":"","image":[],"title":"","job":"","social_networks":[]},"_links":{"self":[{"href":"https:\/\/elfsight.com\/it\/wp-json\/wp\/v2\/pages\/4516","targetHints":{"allow":["GET"]}}],"collection":[{"href":"https:\/\/elfsight.com\/it\/wp-json\/wp\/v2\/pages"}],"about":[{"href":"https:\/\/elfsight.com\/it\/wp-json\/wp\/v2\/types\/page"}],"author":[{"embeddable":true,"href":"https:\/\/elfsight.com\/it\/wp-json\/wp\/v2\/users\/9"}],"replies":[{"embeddable":true,"href":"https:\/\/elfsight.com\/it\/wp-json\/wp\/v2\/comments?post=4516"}],"version-history":[{"count":1,"href":"https:\/\/elfsight.com\/it\/wp-json\/wp\/v2\/pages\/4516\/revisions"}],"predecessor-version":[{"id":4520,"href":"https:\/\/elfsight.com\/it\/wp-json\/wp\/v2\/pages\/4516\/revisions\/4520"}],"up":[{"embeddable":true,"href":"https:\/\/elfsight.com\/it\/wp-json\/wp\/v2\/pages\/1321"}],"wp:attachment":[{"href":"https:\/\/elfsight.com\/it\/wp-json\/wp\/v2\/media?parent=4516"}],"curies":[{"name":"wp","href":"https:\/\/api.w.org\/{rel}","templated":true}]}}