{"id":4507,"date":"2024-05-03T06:36:47","date_gmt":"2024-05-03T06:36:47","guid":{"rendered":"https:\/\/elfsight.com\/it\/?page_id=4507"},"modified":"2025-03-21T12:44:01","modified_gmt":"2025-03-21T12:44:01","slug":"squarespace","status":"publish","type":"page","link":"https:\/\/elfsight.com\/it\/accordion-faq-widget\/squarespace\/","title":{"rendered":"FAQ &#8211; Squarespace"},"content":{"rendered":"\n<div class=\"application-platform-content-item-description application-platform-content-item\" id=\"description\" data-nav-section=\"description\"><h2>Incorpora FAQ su Squarespace con il widget Elfsight<\/h2><p>Elfsight FAQ \u00e8 un widget efficiente, facile da applicare e personalizzare per generare e visualizza un elenco delle domande pi\u00f9 necessarie con le risposte sul tuo sito. Un widget interattivo dal design intuitivo ti consente di fornire informazioni dettagliate sui tuoi servizi, concentrare l&#8217;attenzione dei lettori sui tratti positivi e combattere idee sbagliate e incredulit\u00e0, che possono impedire un acquisto.<\/p><p><b>Lascia che i tuoi clienti trovino le risposte alle loro domande pi\u00f9 importanti sul tuo sito web il pi\u00f9 rapidamente possibile e aumenta il numero di ordini sul sito!<\/b><\/p><ul><li><b>Sconfiggi l&#8217;indecisione dei tuoi clienti e aumenta le tue entrate<\/b> .<br>Fornisci informazioni dettagliate sui tuoi prodotti o servizi ai tuoi probabili acquirenti, per aiutare la loro indecisione e aumentare le entrate sul sito.<\/li><li><b>Ottieni la massima comprensione dei tuoi prodotti o servizi da parte dei clienti<\/b>.<br>Elimina le idee sbagliate e i sospetti pi\u00f9 frequenti sulla tua azienda con l&#8217;aiuto di risposte complete e di facile comprensione.<\/li><li><b>Rispondi immediatamente a qualsiasi domanda dei clienti<\/b>.<br>Aiuta i tuoi visitatori a ottenere le informazioni pi\u00f9 dettagliate sui tuoi prodotti o servizi e a risolvere le domande prima che sorgano.<\/li><\/ul><\/div><div class=\"application-platform-content-item-features application-platform-content-item\" id=\"features\" data-nav-section=\"features\"><h2>Caratteristiche principali delle FAQ widget<\/h2><p>I principali vantaggi del widget Elfsight, che lo rendono il metodo pi\u00f9 veloce per aggiungere domande frequenti sul sito web Squarespace.<\/p><ul><li>Layout a fisarmonica per mostrare le risposte al clic;<\/li> <li>4 stili pronti all&#8217;uso con bordi e ombre;<\/li><li>Mostra\/nascondi e modifica i nomi delle categorie<\/li><li>Titolo del widget modificabile;<\/li><li>Tempestivo e professionale assistenza clienti.<\/li><\/ul><p><a href=\"#demo\">Provali tutti<\/a><\/p><\/div><div class=\"application-platform-content-item-installation application-platform-content-item\" id=\"installation\" data-nav-section=\"installation\"><h2>Come per aggiungere il widget Domande frequenti su Accoridon a Squarespace<\/h2><div class=\"video-container\"><iframe width=\"560\" height=\"315\" src=\"https:\/\/www.youtube.com\/embed\/SK75bvTqM_0?si=pVRxjtFfMXIznaNJ\" frameborder=\"0\" allow=\"accelerometer; autoplay; clipboard-write; encrypted-media; gyroscope; picture-in-picture; web-share\" allowfullscreen><\/iframe><\/div><p>Crea un widget con l&#8217;aiuto della nostra breve guida. Non richiede esperienza nella programmazione o aiuto professionale. Il tempo totale di configurazione \u00e8 di 90 secondi.<\/p><ol><li><b>Costruisci le tue FAQ personalizzate<\/b>.<br>Con il nostro configuratore gratuito, crea un plug-in con il design e le impostazioni preferiti.<\/li> <li><b>Acquisisci un codice per l&#8217;installazione del plug-in<\/b>.<br>Dopo la personalizzazione del widget, ottieni un codice per il plug-in FAQ dalla notifica visualizzata sulle app Elfsight.<\/li><li><b>Mostra il plugin sul sito web di SquareSpace<\/b>.<br>Mostra il plugin nella posizione necessaria della pagina e salva le modifiche.<\/li><li><b>L&#8217;incorporamento \u00e8 riuscito!<\/b><br>Visita il tuo sito web per controllare il tuo plugin.<\/li><\/ol><p>Hai riscontrato problemi durante l&#8217;applicazione del manuale? Lascia un messaggio al nostro team di supporto o leggi una variante completa del tutorial \u00ab<a href=\"https:\/\/elfsight.com\/tutorials\/how-to-add-faq-widget-to-squarespace\/\" target=\"_blank \" rel=\"noopener noreferrer\">Come aggiungere FAQ a Squarespace<\/a>\u00bb e completare la configurazione da solo.<\/p><div class=\"faq\" data-component=\"FAQ\"><div class=\"faq-item\">\r\n\t\t\t\t\t<div class=\"faq-item-question\">\r\n\t\t\t\t\t\t<h3 class=\"faq-item-question-text\">Come aggiungere FAQ al mio sito web Squarespace senza competenze di programmazione?<\/h3>\r\n\r\n\t\t\t\t\t\t<div class=\"faq-item-question-icon\"><\/div>\r\n\t\t\t\t\t<\/div>\r\n\r\n\t\t\t\t\t<div class=\"faq-item-answer\">\r\n\t\t\t\t\t\t<div class=\"faq-item-answer-text\"> <p>Elfsight fornisce una soluzione SaaS che ti consente di creare tu stesso un widget FAQ, scopri quanto \u00e8 semplice il processo: lavora direttamente nell&#8217;editor online per creare un widget FAQ che vorresti vedere sul tuo sito web Squarespace. Scegli uno dei modelli predefiniti e regola le impostazioni delle FAQ, aggiungi i tuoi contenuti, modifica il layout e i colori senza alcuna abilit\u00e0 di codifica. Salva le domande frequenti e copia il codice di installazione, in modo da poterle aggiungere facilmente al tuo sito web Squarespace senza acquistare un piano a pagamento. Con il nostro editor intuitivo qualsiasi utente di Internet pu\u00f2 creare widget FAQ online e incorporarlo facilmente nel proprio sito web Squarespace. Non \u00e8 necessario pagare n\u00e9 inserire le credenziali della carta per accedere al servizio. In caso di problemi in qualsiasi momento, non esitare a contattare il nostro team di supporto tecnico.<\/p> <\/div>\r\n\t\t\t\t\t<\/div>\r\n\t\t\t\t<\/div> <\/div><\/div>\n","protected":false},"excerpt":{"rendered":"","protected":false},"author":9,"featured_media":0,"parent":1321,"menu_order":0,"comment_status":"closed","ping_status":"closed","template":"templates\/template-application-platform.php","meta":{"publish_to_discourse":"","publish_post_category":"","wpdc_auto_publish_overridden":"","wpdc_topic_tags":"","wpdc_pin_topic":"","wpdc_pin_until":"","discourse_post_id":"","discourse_permalink":"","wpdc_publishing_response":"","wpdc_publishing_error":"","footnotes":""},"class_list":["post-4507","page","type-page","status-publish","hentry"],"yoast_head":"<!-- This site is optimized with the Yoast SEO plugin v25.3.1 - https:\/\/yoast.com\/wordpress\/plugins\/seo\/ -->\n<title>Domande frequenti sulla fisarmonica: aggiungi il widget FAQ al sito Web SquareSpace<\/title>\n<meta name=\"description\" content=\"Ottieni il tuo widget FAQ personalizzato per Squarespace in soli 3 minuti. Utilizza il nostro editor rapido per creare plugin di Elfsight, in modo totalmente gratuito.\" \/>\n<meta name=\"robots\" content=\"index, follow, max-snippet:-1, max-image-preview:large, max-video-preview:-1\" \/>\n<link rel=\"canonical\" href=\"https:\/\/elfsight.com\/it\/accordion-faq-widget\/squarespace\/\" \/>\n<meta property=\"og:locale\" content=\"it_IT\" \/>\n<meta property=\"og:type\" content=\"article\" \/>\n<meta property=\"og:title\" content=\"Domande frequenti sulla fisarmonica: aggiungi il widget FAQ al sito Web SquareSpace\" \/>\n<meta property=\"og:description\" content=\"Ottieni il tuo widget FAQ personalizzato per Squarespace in soli 3 minuti. Utilizza il nostro editor rapido per creare plugin di Elfsight, in modo totalmente gratuito.\" \/>\n<meta property=\"og:url\" content=\"https:\/\/elfsight.com\/it\/accordion-faq-widget\/squarespace\/\" \/>\n<meta property=\"og:site_name\" content=\"Elfsight IT\" \/>\n<meta property=\"article:modified_time\" content=\"2025-03-21T12:44:01+00:00\" \/>\n<meta name=\"twitter:card\" content=\"summary_large_image\" \/>\n<meta name=\"twitter:label1\" content=\"Tempo di lettura stimato\" \/>\n\t<meta name=\"twitter:data1\" content=\"4 minuti\" \/>\n<!-- \/ Yoast SEO plugin. -->","yoast_head_json":{"title":"Domande frequenti sulla fisarmonica: aggiungi il widget FAQ al sito Web SquareSpace","description":"Ottieni il tuo widget FAQ personalizzato per Squarespace in soli 3 minuti. Utilizza il nostro editor rapido per creare plugin di Elfsight, in modo totalmente gratuito.","robots":{"index":"index","follow":"follow","max-snippet":"max-snippet:-1","max-image-preview":"max-image-preview:large","max-video-preview":"max-video-preview:-1"},"canonical":"https:\/\/elfsight.com\/it\/accordion-faq-widget\/squarespace\/","og_locale":"it_IT","og_type":"article","og_title":"Domande frequenti sulla fisarmonica: aggiungi il widget FAQ al sito Web SquareSpace","og_description":"Ottieni il tuo widget FAQ personalizzato per Squarespace in soli 3 minuti. Utilizza il nostro editor rapido per creare plugin di Elfsight, in modo totalmente gratuito.","og_url":"https:\/\/elfsight.com\/it\/accordion-faq-widget\/squarespace\/","og_site_name":"Elfsight IT","article_modified_time":"2025-03-21T12:44:01+00:00","twitter_card":"summary_large_image","twitter_misc":{"Tempo di lettura stimato":"4 minuti"},"schema":{"@context":"https:\/\/schema.org","@graph":[{"@type":"WebPage","@id":"https:\/\/elfsight.com\/it\/accordion-faq-widget\/squarespace\/","url":"https:\/\/elfsight.com\/it\/accordion-faq-widget\/squarespace\/","name":"Domande frequenti sulla fisarmonica: aggiungi il widget FAQ al sito Web SquareSpace","isPartOf":{"@id":"https:\/\/elfsight.com\/it\/#website"},"datePublished":"2024-05-03T06:36:47+00:00","dateModified":"2025-03-21T12:44:01+00:00","description":"Ottieni il tuo widget FAQ personalizzato per Squarespace in soli 3 minuti. Utilizza il nostro editor rapido per creare plugin di Elfsight, in modo totalmente gratuito.","breadcrumb":{"@id":"https:\/\/elfsight.com\/it\/accordion-faq-widget\/squarespace\/#breadcrumb"},"inLanguage":"it-IT","potentialAction":[{"@type":"ReadAction","target":["https:\/\/elfsight.com\/it\/accordion-faq-widget\/squarespace\/"]}]},{"@type":"BreadcrumbList","@id":"https:\/\/elfsight.com\/it\/accordion-faq-widget\/squarespace\/#breadcrumb","itemListElement":[{"@type":"ListItem","position":1,"name":"Home","item":"https:\/\/elfsight.com\/it\/"},{"@type":"ListItem","position":2,"name":"FAQ","item":"https:\/\/elfsight.com\/it\/accordion-faq-widget\/"},{"@type":"ListItem","position":3,"name":"FAQ &#8211; Squarespace"}]},{"@type":"WebSite","@id":"https:\/\/elfsight.com\/it\/#website","url":"https:\/\/elfsight.com\/it\/","name":"Elfsight IT","description":"Just another Elfsight Sites site","potentialAction":[{"@type":"SearchAction","target":{"@type":"EntryPoint","urlTemplate":"https:\/\/elfsight.com\/it\/?s={search_term_string}"},"query-input":{"@type":"PropertyValueSpecification","valueRequired":true,"valueName":"search_term_string"}}],"inLanguage":"it-IT"}]}},"meta_box":{"industry":"","seo_heading":"","heading":"","description":"","cta_heading":"","cta_description":"","application":"1320","h1":"Widget Domande frequenti sulla fisarmonica per Squarespace","h1_caption":"Fornisci risposte alle domande pi\u00f9 frequenti in un formato organizzato e ricercabile per aiutare gli utenti a trovare rapidamente soluzioni nel tuo sito web Squarespace senza sforzo.","application_category":[],"applications_title":"","applications_request_title":"","applications_request_button_text":"","hero_text":"","hero_video":"","hero_video_schema_markup":"","selling_points_title":"","selling_points_caption":"","selling_points":[],"selling_points_cta_text":"","features_title":"","features":"","ed_cta_examples_text":"","ed_cta_examples_hidden":"","ed_cta_demo_text":"","ed_cta_demo_hidden":"","why_caption":"","why_editor_title":"","why_editor_text":"","why_team_title":"","why_team_text":"","why_service_title":"","why_service_text":"","template_catalog_visible":"0","template_catalog_title":"","template_catalog_text":"","template_catalog_categories_visible":"","demo_title":"Crea il tuo plugin per le domande frequenti","demo_caption":"Configura le tue domande frequenti e aggiungile gratuitamente al tuo sito web Squarespace!","default_faq_hidden":"","app_template_category":[],"platform":"43","template_public_id":"","codecanyon_url":"","codecanyon_item_id":"","codecanyon_price":"","pricing_caption":"","pricing_elfsight_apps_hide_column":"","pricing_elfsight_apps_url":"","pricing_codecanyon_price_caption":"","integration_category":[],"integration_request_title":"","integration_request_cta":"","integration_platform":"","integrations":[],"platform_category":[],"video_schema_markup":"","price":"da $ 0 al mese","trial":"","benefits":[{"text":"Assistenza gratuita per l'installazione"},{"text":"Servizio clienti competente"},{"text":"Garanzia di rimborso di 14 giorni"},{"text":"Miglioramenti a vita"}],"button_url":"#demo","button_target_blank":"0","button_nofollow":"0","attributes":[{"name":"Installazioni"},{"name":"Reattivo","content":"S\u00cc"},{"name":"Browser compatibili","content":"Firefox, Safari, Opera, Chrome, Edge"}],"tags":[],"tags_disable_links":"0","hide_more_platforms":"0","video_object":"","demo_hide_cta":"0","demo_hide_cloud_options":"0","pricing_title":"","pricing":[{"pricing_icon":"platform","pricing_title":"Elfsight Apps","pricing_title_caption":"Software multipiattaforma che funziona su qualsiasi sito","pricing_price":"da $ 0 \/ mese","pricing_price_caption":"inizia con il piano gratuito","pricing_benefits":[{"text":"Siti web illimitati"},{"text":"Supporto professionale e puntuale"},{"text":"Assistenza gratuita per l'installazione"},{"text":"Completamente personalizzabile"}],"pricing_button_text":"Aggiungi al sito web","pricing_button_url":"#demo"}],"related_apps_title":"","related_apps_hidden":"0","author":"","image":[],"title":"","job":"","social_networks":[]},"_links":{"self":[{"href":"https:\/\/elfsight.com\/it\/wp-json\/wp\/v2\/pages\/4507","targetHints":{"allow":["GET"]}}],"collection":[{"href":"https:\/\/elfsight.com\/it\/wp-json\/wp\/v2\/pages"}],"about":[{"href":"https:\/\/elfsight.com\/it\/wp-json\/wp\/v2\/types\/page"}],"author":[{"embeddable":true,"href":"https:\/\/elfsight.com\/it\/wp-json\/wp\/v2\/users\/9"}],"replies":[{"embeddable":true,"href":"https:\/\/elfsight.com\/it\/wp-json\/wp\/v2\/comments?post=4507"}],"version-history":[{"count":4,"href":"https:\/\/elfsight.com\/it\/wp-json\/wp\/v2\/pages\/4507\/revisions"}],"predecessor-version":[{"id":9667,"href":"https:\/\/elfsight.com\/it\/wp-json\/wp\/v2\/pages\/4507\/revisions\/9667"}],"up":[{"embeddable":true,"href":"https:\/\/elfsight.com\/it\/wp-json\/wp\/v2\/pages\/1321"}],"wp:attachment":[{"href":"https:\/\/elfsight.com\/it\/wp-json\/wp\/v2\/media?parent=4507"}],"curies":[{"name":"wp","href":"https:\/\/api.w.org\/{rel}","templated":true}]}}