{"id":4506,"date":"2024-05-03T06:36:46","date_gmt":"2024-05-03T06:36:46","guid":{"rendered":"https:\/\/elfsight.com\/it\/?page_id=4506"},"modified":"2025-03-21T12:47:36","modified_gmt":"2025-03-21T12:47:36","slug":"webnode","status":"publish","type":"page","link":"https:\/\/elfsight.com\/it\/accordion-faq-widget\/webnode\/","title":{"rendered":"FAQ &#8211; Webnode"},"content":{"rendered":"\n<div class=\"application-platform-content-item-description application-platform-content-item\" id=\"description\" data-nav-section=\"description\"><h2>Descrizione<\/h2><p>Le nostre FAQ sono uno strumento semplice, facile da utilizzare e personalizzare per creare e pubblicare un&#8217;unit\u00e0 del domande pi\u00f9 frequenti con risposta sul tuo sito personale. Un widget interattivo dal design chiaro ti consente di mostrare dati estesi sulla tua attivit\u00e0, indirizzare l&#8217;attenzione dei lettori su propriet\u00e0 positive e combattere idee sbagliate e incredulit\u00e0, che potrebbero essere un ostacolo all&#8217;acquisto.<\/p><p><b>Rispondi immediatamente alle domande dei tuoi clienti e aumenta le vendite sul sito web!<\/b><\/p><ul><li><b>Induci i clienti all&#8217;acquisto utilizzando testi intelligenti<\/b>.<br>Dimostra le risposte alle domande pi\u00f9 importanti domande dei clienti in anticipo e convincili a completare l&#8217;ordine sul tuo sito.<\/li><li><b>Consegna l&#8217;immagine della tua attivit\u00e0 ai lettori<\/b>.<br>Dimostra ai tuoi visitatori l&#8217;immagine reale di il tuo marchio e i tuoi processi commerciali, per rimuovere ogni incredulit\u00e0 e stimolare la cooperazione.<\/li><li><b>Risolvi in \u200b\u200banticipo tutte le possibili domande ai tuoi clienti<\/b>.<br>Consenti ai tuoi utenti di ottenere i dati pi\u00f9 dettagliati sul tuo prodotti o servizi e rispondere alle domande prima che vengano visualizzate.<\/li><\/ul><\/div><div class=\"application-platform-content-item-features application-platform-content-item\" id=\"features\" data-nav-section=\"features\"><h2>Caratteristiche<\/h2><p>I vantaggi pi\u00f9 importanti del widget Elfsight, che aiutalo a diventare lo strumento pi\u00f9 flessibile per visualizzare le FAQ sul sito Webnode.<\/p><ul><li>Layout elenco per visualizzare tutte le domande e le risposte contemporaneamente;<\/li><li>Colori personalizzabili del testo della domanda e del testo della risposta , nome della categoria e sfondo;<\/li><li>Icona croce o freccia per il layout Fisarmonica;<\/li><li>Html nel testo supportato;<\/li><li>Mobile ottimizzato per un&#8217;esperienza fluida.<\/li><\/ul><p><a href=\"#demo\">Guardali tutti<\/a><\/p><\/div><div class=\"application-platform-content-item-installation application-platform-content-item\" id=\"installation\" data-nav-section=\"installation\"><h2>Come aggiungere il widget FAQ Accorion a Webnode<\/h2><p>Genera un widget con l&#8217;aiuto del nostro breve manuale. Non avrai bisogno di avere competenze di sviluppo o di trovare un programmatore. Il tempo di installazione totale \u00e8 di soli 2 minuti.<\/p><ol><li><b>Progetta le tue FAQ personalizzate<\/b>.<br>Con la nostra demo gratuita, genera un plug-in con il layout e le opzioni di cui hai bisogno.<\/li><li><b>Acquisisci un codice per l&#8217;installazione del plugin<\/b>.<br>Dopo la generazione del widget, ottieni un codice per il plugin FAQ dalla finestra visualizzata su Elfsight Apps.<\/li><li><b>Mostra il plugin sul sito Webnode<\/b>.<br>Aggiungi il plugin nel punto desiderato della pagina e pubblica le modifiche.<\/li><li><b>L&#8217;incorporamento \u00e8 riuscito!<\/b><br>Visita il tuo sito web per vedere il tuo lavoro.<\/li><\/ol><p>Hai problemi durante l&#8217;installazione? Invia un messaggio al servizio di supporto Elfsight o studia una variante completa delle istruzioni \u00ab<a href=\"https:\/\/elfsight.com\/tutorials\/how-to-add-faq-widget-to-webnode\/\" target=\"_blank \" rel=\"noopener noreferrer\">Come aggiungere FAQ a Webnode<\/a>\u00bb e completa la configurazione da solo.<\/p><div class=\"faq\" data-component=\"FAQ\"><div class=\"faq-item\">\r\n\t\t\t\t\t<div class=\"faq-item-question\">\r\n\t\t\t\t\t\t<h3 class=\"faq-item-question-text\">Come aggiungere FAQ al mio sito Webnode senza competenze di programmazione?<\/h3>\r\n\r\n\t\t\t\t\t\t<div class=\"faq-item-question-icon\"><\/div>\r\n\t\t\t\t\t<\/div>\r\n\r\n\t\t\t\t\t<div class=\"faq-item-answer\">\r\n\t\t\t\t\t\t<div class=\"faq-item-answer-text\"> <p>Elfsight fornisce una soluzione SaaS che ti consente di creare tu stesso un widget FAQ, scopri quanto \u00e8 semplice il processo: lavora direttamente nell&#8217;editor online per creare un widget FAQ che vorresti vedere sul tuo sito Webnode. Scegli uno dei modelli predefiniti e regola le impostazioni delle FAQ, aggiungi i tuoi contenuti, modifica il layout e i colori senza alcuna abilit\u00e0 di codifica. Salva le FAQ e copia il codice di installazione, che potrai includere nel tuo sito Webnode senza dover acquistare una versione a pagamento. Con il nostro editor intuitivo qualsiasi utente di Internet pu\u00f2 creare widget FAQ online e incorporarlo facilmente nel proprio sito Webnode. Non \u00e8 necessario pagare n\u00e9 inserire le credenziali della carta per accedere al servizio. In caso di problemi in qualsiasi momento, non esitare a contattare il nostro team di supporto tecnico.<\/p> <\/div>\r\n\t\t\t\t\t<\/div>\r\n\t\t\t\t<\/div> <\/div><\/div>\n","protected":false},"excerpt":{"rendered":"","protected":false},"author":9,"featured_media":0,"parent":1321,"menu_order":0,"comment_status":"closed","ping_status":"closed","template":"templates\/template-application-platform.php","meta":{"publish_to_discourse":"","publish_post_category":"","wpdc_auto_publish_overridden":"","wpdc_topic_tags":"","wpdc_pin_topic":"","wpdc_pin_until":"","discourse_post_id":"","discourse_permalink":"","wpdc_publishing_response":"","wpdc_publishing_error":"","footnotes":""},"class_list":["post-4506","page","type-page","status-publish","hentry"],"yoast_head":"<!-- This site is optimized with the Yoast SEO plugin v25.3.1 - https:\/\/yoast.com\/wordpress\/plugins\/seo\/ -->\n<title>FAQ sulla fisarmonica - Aggiungi il widget FAQ al sito Webnode<\/title>\n<meta name=\"description\" content=\"Crea il tuo widget FAQ personale per Webnode in soli 70 secondi. Prova la demo pi\u00f9 veloce per generare plugin di Elfsight, totalmente gratuita.\" \/>\n<meta name=\"robots\" content=\"index, follow, max-snippet:-1, max-image-preview:large, max-video-preview:-1\" \/>\n<link rel=\"canonical\" href=\"https:\/\/elfsight.com\/it\/accordion-faq-widget\/webnode\/\" \/>\n<meta property=\"og:locale\" content=\"it_IT\" \/>\n<meta property=\"og:type\" content=\"article\" \/>\n<meta property=\"og:title\" content=\"FAQ sulla fisarmonica - Aggiungi il widget FAQ al sito Webnode\" \/>\n<meta property=\"og:description\" content=\"Crea il tuo widget FAQ personale per Webnode in soli 70 secondi. Prova la demo pi\u00f9 veloce per generare plugin di Elfsight, totalmente gratuita.\" \/>\n<meta property=\"og:url\" content=\"https:\/\/elfsight.com\/it\/accordion-faq-widget\/webnode\/\" \/>\n<meta property=\"og:site_name\" content=\"Elfsight IT\" \/>\n<meta property=\"article:modified_time\" content=\"2025-03-21T12:47:36+00:00\" \/>\n<meta name=\"twitter:card\" content=\"summary_large_image\" \/>\n<meta name=\"twitter:label1\" content=\"Tempo di lettura stimato\" \/>\n\t<meta name=\"twitter:data1\" content=\"3 minuti\" \/>\n<!-- \/ Yoast SEO plugin. -->","yoast_head_json":{"title":"FAQ sulla fisarmonica - Aggiungi il widget FAQ al sito Webnode","description":"Crea il tuo widget FAQ personale per Webnode in soli 70 secondi. Prova la demo pi\u00f9 veloce per generare plugin di Elfsight, totalmente gratuita.","robots":{"index":"index","follow":"follow","max-snippet":"max-snippet:-1","max-image-preview":"max-image-preview:large","max-video-preview":"max-video-preview:-1"},"canonical":"https:\/\/elfsight.com\/it\/accordion-faq-widget\/webnode\/","og_locale":"it_IT","og_type":"article","og_title":"FAQ sulla fisarmonica - Aggiungi il widget FAQ al sito Webnode","og_description":"Crea il tuo widget FAQ personale per Webnode in soli 70 secondi. Prova la demo pi\u00f9 veloce per generare plugin di Elfsight, totalmente gratuita.","og_url":"https:\/\/elfsight.com\/it\/accordion-faq-widget\/webnode\/","og_site_name":"Elfsight IT","article_modified_time":"2025-03-21T12:47:36+00:00","twitter_card":"summary_large_image","twitter_misc":{"Tempo di lettura stimato":"3 minuti"},"schema":{"@context":"https:\/\/schema.org","@graph":[{"@type":"WebPage","@id":"https:\/\/elfsight.com\/it\/accordion-faq-widget\/webnode\/","url":"https:\/\/elfsight.com\/it\/accordion-faq-widget\/webnode\/","name":"FAQ sulla fisarmonica - Aggiungi il widget FAQ al sito Webnode","isPartOf":{"@id":"https:\/\/elfsight.com\/it\/#website"},"datePublished":"2024-05-03T06:36:46+00:00","dateModified":"2025-03-21T12:47:36+00:00","description":"Crea il tuo widget FAQ personale per Webnode in soli 70 secondi. Prova la demo pi\u00f9 veloce per generare plugin di Elfsight, totalmente gratuita.","breadcrumb":{"@id":"https:\/\/elfsight.com\/it\/accordion-faq-widget\/webnode\/#breadcrumb"},"inLanguage":"it-IT","potentialAction":[{"@type":"ReadAction","target":["https:\/\/elfsight.com\/it\/accordion-faq-widget\/webnode\/"]}]},{"@type":"BreadcrumbList","@id":"https:\/\/elfsight.com\/it\/accordion-faq-widget\/webnode\/#breadcrumb","itemListElement":[{"@type":"ListItem","position":1,"name":"Home","item":"https:\/\/elfsight.com\/it\/"},{"@type":"ListItem","position":2,"name":"FAQ","item":"https:\/\/elfsight.com\/it\/accordion-faq-widget\/"},{"@type":"ListItem","position":3,"name":"FAQ &#8211; Webnode"}]},{"@type":"WebSite","@id":"https:\/\/elfsight.com\/it\/#website","url":"https:\/\/elfsight.com\/it\/","name":"Elfsight IT","description":"Just another Elfsight Sites site","potentialAction":[{"@type":"SearchAction","target":{"@type":"EntryPoint","urlTemplate":"https:\/\/elfsight.com\/it\/?s={search_term_string}"},"query-input":{"@type":"PropertyValueSpecification","valueRequired":true,"valueName":"search_term_string"}}],"inLanguage":"it-IT"}]}},"meta_box":{"industry":"","seo_heading":"","heading":"","description":"","cta_heading":"","cta_description":"","application":"1320","h1":"Widget FAQ sulla fisarmonica per Webnode","h1_caption":"Fornisci risposte alle domande pi\u00f9 frequenti in un formato organizzato e ricercabile per aiutare gli utenti a trovare rapidamente soluzioni nel tuo sito Webnode senza sforzo.","application_category":[],"applications_title":"","applications_request_title":"","applications_request_button_text":"","hero_text":"","hero_video":"","hero_video_schema_markup":"","selling_points_title":"","selling_points_caption":"","selling_points":[],"selling_points_cta_text":"","features_title":"","features":"","ed_cta_examples_text":"","ed_cta_examples_hidden":"","ed_cta_demo_text":"","ed_cta_demo_hidden":"","why_caption":"","why_editor_title":"","why_editor_text":"","why_team_title":"","why_team_text":"","why_service_title":"","why_service_text":"","template_catalog_visible":"0","template_catalog_title":"","template_catalog_text":"","template_catalog_categories_visible":"","demo_title":"Crea il tuo widget Domande frequenti","demo_caption":"Configura le tue FAQ e aggiungile gratuitamente al tuo sito Webnode!","default_faq_hidden":"","app_template_category":[],"platform":"47","template_public_id":"","codecanyon_url":"","codecanyon_item_id":"","codecanyon_price":"","pricing_caption":"","pricing_elfsight_apps_hide_column":"","pricing_elfsight_apps_url":"","pricing_codecanyon_price_caption":"","integration_category":[],"integration_request_title":"","integration_request_cta":"","integration_platform":"","integrations":[],"platform_category":[],"video_schema_markup":"","price":"da $ 0 al mese","trial":"","benefits":[{"text":"Aiuto per l'installazione gratuito"},{"text":"Servizio clienti competente"},{"text":"Garanzia di rimborso di 14 giorni"},{"text":"Sviluppo continuo"}],"button_url":"#demo","button_target_blank":"0","button_nofollow":"0","attributes":[{"name":"Installazioni"},{"name":"Reattivo","content":"S\u00cc"},{"name":"Browser compatibili","content":"Firefox, Safari, Opera, Chrome, Edge"}],"tags":[],"tags_disable_links":"0","hide_more_platforms":"0","video_object":"","demo_hide_cta":"0","demo_hide_cloud_options":"0","pricing_title":"","pricing":[{"pricing_icon":"platform","pricing_title":"Elfsight Apps","pricing_title_caption":"Software indipendente dalla piattaforma","pricing_price":"da $ 0 \/ mese","pricing_price_caption":"inizia con il piano gratuito","pricing_benefits":[{"text":"Siti web illimitati"},{"text":"Supporto veloce"},{"text":"Aiuto gratuito per l'installazione"},{"text":"Offerta speciale per pi\u00f9 app"}],"pricing_button_text":"Aggiungi al sito web","pricing_button_url":"#demo"}],"related_apps_title":"","related_apps_hidden":"0","author":"","image":[],"title":"","job":"","social_networks":[]},"_links":{"self":[{"href":"https:\/\/elfsight.com\/it\/wp-json\/wp\/v2\/pages\/4506","targetHints":{"allow":["GET"]}}],"collection":[{"href":"https:\/\/elfsight.com\/it\/wp-json\/wp\/v2\/pages"}],"about":[{"href":"https:\/\/elfsight.com\/it\/wp-json\/wp\/v2\/types\/page"}],"author":[{"embeddable":true,"href":"https:\/\/elfsight.com\/it\/wp-json\/wp\/v2\/users\/9"}],"replies":[{"embeddable":true,"href":"https:\/\/elfsight.com\/it\/wp-json\/wp\/v2\/comments?post=4506"}],"version-history":[{"count":2,"href":"https:\/\/elfsight.com\/it\/wp-json\/wp\/v2\/pages\/4506\/revisions"}],"predecessor-version":[{"id":9669,"href":"https:\/\/elfsight.com\/it\/wp-json\/wp\/v2\/pages\/4506\/revisions\/9669"}],"up":[{"embeddable":true,"href":"https:\/\/elfsight.com\/it\/wp-json\/wp\/v2\/pages\/1321"}],"wp:attachment":[{"href":"https:\/\/elfsight.com\/it\/wp-json\/wp\/v2\/media?parent=4506"}],"curies":[{"name":"wp","href":"https:\/\/api.w.org\/{rel}","templated":true}]}}