{"id":4491,"date":"2024-05-03T06:36:39","date_gmt":"2024-05-03T06:36:39","guid":{"rendered":"https:\/\/elfsight.com\/it\/?page_id=4491"},"modified":"2025-03-21T12:51:42","modified_gmt":"2025-03-21T12:51:42","slug":"woocommerce","status":"publish","type":"page","link":"https:\/\/elfsight.com\/it\/accordion-faq-widget\/woocommerce\/","title":{"rendered":"FAQ &#8211; WooCommerce"},"content":{"rendered":"\n<div class=\"application-platform-content-item-description application-platform-content-item\" id=\"description\" data-nav-section=\"description\"><h2>Descrizione<\/h2><p>Le nostre FAQ sono uno strumento efficiente e facile da utilizzare e modificare per generare e aggiungere un&#8217;unit\u00e0 del domande pi\u00f9 importanti con risposte sul tuo sito web personale. Un plug-in informativo con un&#8217;interfaccia intuitiva ti consente di mostrare informazioni pi\u00f9 complete sui tuoi prodotti, prestare interesse ai vantaggi e combattere eventuali paure e incredulit\u00e0 che possono ostacolare una decisione di acquisto.<\/p><p><b>Ottieni il meglio del plugin FAQ per affrontare pi\u00f9 facilmente le tue sfide aziendali!<\/b><\/p><div class=\"faq\" data-component=\"FAQ\"><div class=\"faq-item\">\r\n\t\t\t\t\t<div class=\"faq-item-question\">\r\n\t\t\t\t\t\t<h3 class=\"faq-item-question-text\">Come posso aggiungere una FAQ al mio sito web WooCommerce ?<\/h3>\r\n\r\n\t\t\t\t\t\t<div class=\"faq-item-question-icon\"><\/div>\r\n\t\t\t\t\t<\/div>\r\n\r\n\t\t\t\t\t<div class=\"faq-item-answer\">\r\n\t\t\t\t\t\t<div class=\"faq-item-answer-text\"><p>La creazione dello strumento avviene sulle pagine di Elfsight e non \u00e8 necessaria alcuna codifica. Utilizza la nostra demo online per personalizzare la tua app personale, ottenere il codice e integrarla nel tuo sito. <\/p><\/div>\r\n\t\t\t\t\t<\/div>\r\n\t\t\t\t<\/div><div class=\"faq-item\">\r\n\t\t\t\t\t<div class=\"faq-item-question\">\r\n\t\t\t\t\t\t<h3 class=\"faq-item-question-text\">I migliori esempi di utilizzo dell'integrazione dei widget FAQ<\/h3>\r\n\r\n\t\t\t\t\t\t<div class=\"faq-item-question-icon\"><\/div>\r\n\t\t\t\t\t<\/div>\r\n\r\n\t\t\t\t\t<div class=\"faq-item-answer\">\r\n\t\t\t\t\t\t<div class=\"faq-item-answer-text\"><p>Ti garantiamo un&#8217;ampia gamma di opzioni di personalizzazione: widget a grandezza naturale da aggiungere al contenuto sezione, widget mobili con opportunit\u00e0 di scorrimento, layout per il pi\u00e8 di pagina del tuo sito web, intestazione e tutte le varianti delle possibilit\u00e0 verticali per le barre laterali e i menu del sito web. <\/p><\/div>\r\n\t\t\t\t\t<\/div>\r\n\t\t\t\t<\/div><div class=\"faq-item\">\r\n\t\t\t\t\t<div class=\"faq-item-question\">\r\n\t\t\t\t\t\t<h3 class=\"faq-item-question-text\">Esiste un'opzione per creare una FAQ a discesa o una FAQ sulla fisarmonica tramite il tuo editor?<\/h3>\r\n\r\n\t\t\t\t\t\t<div class=\"faq-item-question-icon\"><\/div>\r\n\t\t\t\t\t<\/div>\r\n\r\n\t\t\t\t\t<div class=\"faq-item-answer\">\r\n\t\t\t\t\t\t<div class=\"faq-item-answer-text\"><p>Sei libero di creare qualsiasi variante del widget. Ci sono moltissimi layout disponibili nell&#8217;editor e tutti possono essere facilmente modificati proprio come ti manca. <\/p><\/div>\r\n\t\t\t\t\t<\/div>\r\n\t\t\t\t<\/div><\/div><\/div> <div class=\"application-platform-content-item-features application-platform-content-item\" id=\"features\" data-nav-section=\"features\"><h2>Di seguito sono elencate le caratteristiche principali del widget:<\/h2><ul><li>3 layout gi\u00e0 pronti: fisarmonica, elenco, multicolonna;<\/li><li>Layout a fisarmonica per mostrare le risposte al clic;<\/li><li>Layout a elenco per visualizzare tutte le domande e le risposte contemporaneamente;<\/li><li>Layout a pi\u00f9 colonne per la diffusione automatica il contenuto in colonne;<\/li><li>4 stili pronti all&#8217;uso con bordi e ombre.<\/li><\/ul><p><a href=\"#demo\">Esplora tutte le impostazioni per intero demo in primo piano<\/a><\/p><\/div><div class=\"application-platform-content-item-installation application-platform-content-item\" id=\"installation\" data-nav-section=\"installation\"><h2>Come posso incorporare le domande frequenti sul mio sito WooCommerce?<\/h2><p>Basta seguire le linee guida seguenti per attivare il plugin.<\/p><ol><li><b>Esegui la nostra demo gratuita e inizia a dare forma al tuo widget personalizzato.<\/b><br>Specifica l&#8217;aspetto e gli aspetti preferibili del widget e salva le modifiche. <\/li><li><b>Fai apparire il tuo codice personale nel box su Elfsight Apps.<\/b><br>Una volta terminata la generazione del tuo widget personale, copia il codice personale nel popup emerso e conservalo per necessit\u00e0 future.<\/li><li><b>Inizia a utilizzare il widget sul sito WooCommerce.<\/b><br>Implementa il codice che hai copiato di recente nel tuo sito web e salva le modifiche.<\/li><li><b>Fatto! L&#8217;integrazione \u00e8 stata eseguita con successo.<\/b><br>Vai al tuo sito per vedere come funziona lo strumento.<\/li><\/ol><p>A condizione di affrontare domande o incontrare qualche difficolt\u00e0, non esitare a contattare il nostro personale del servizio clienti. I nostri consulenti non vedono l&#8217;ora di risolvere tutte le domande che potresti avere con il plugin.<\/p><\/div>\n\n\n\n<p><\/p>\n","protected":false},"excerpt":{"rendered":"","protected":false},"author":9,"featured_media":0,"parent":1321,"menu_order":0,"comment_status":"closed","ping_status":"closed","template":"templates\/template-application-platform.php","meta":{"publish_to_discourse":"","publish_post_category":"","wpdc_auto_publish_overridden":"","wpdc_topic_tags":"","wpdc_pin_topic":"","wpdc_pin_until":"","discourse_post_id":"","discourse_permalink":"","wpdc_publishing_response":"","wpdc_publishing_error":"","footnotes":""},"class_list":["post-4491","page","type-page","status-publish","hentry"],"yoast_head":"<!-- This site is optimized with the Yoast SEO plugin v25.3.1 - https:\/\/yoast.com\/wordpress\/plugins\/seo\/ -->\n<title>Plug-in FAQ di WooCommerce per il tuo sito web (2025)<\/title>\n<meta name=\"description\" content=\"Ottieni il tuo plugin FAQ personalizzato per WooCommerce in soli 3 minuti. Controlla il pannello rapido per generare plugin da Elfsight in modo totalmente gratuito.\" \/>\n<meta name=\"robots\" content=\"index, follow, max-snippet:-1, max-image-preview:large, max-video-preview:-1\" \/>\n<link rel=\"canonical\" href=\"https:\/\/elfsight.com\/it\/accordion-faq-widget\/woocommerce\/\" \/>\n<meta property=\"og:locale\" content=\"it_IT\" \/>\n<meta property=\"og:type\" content=\"article\" \/>\n<meta property=\"og:title\" content=\"Plug-in FAQ di WooCommerce per il tuo sito web (2025)\" \/>\n<meta property=\"og:description\" content=\"Ottieni il tuo plugin FAQ personalizzato per WooCommerce in soli 3 minuti. Controlla il pannello rapido per generare plugin da Elfsight in modo totalmente gratuito.\" \/>\n<meta property=\"og:url\" content=\"https:\/\/elfsight.com\/it\/accordion-faq-widget\/woocommerce\/\" \/>\n<meta property=\"og:site_name\" content=\"Elfsight IT\" \/>\n<meta property=\"article:modified_time\" content=\"2025-03-21T12:51:42+00:00\" \/>\n<meta name=\"twitter:card\" content=\"summary_large_image\" \/>\n<meta name=\"twitter:label1\" content=\"Tempo di lettura stimato\" \/>\n\t<meta name=\"twitter:data1\" content=\"3 minuti\" \/>\n<!-- \/ Yoast SEO plugin. -->","yoast_head_json":{"title":"Plug-in FAQ di WooCommerce per il tuo sito web (2025)","description":"Ottieni il tuo plugin FAQ personalizzato per WooCommerce in soli 3 minuti. Controlla il pannello rapido per generare plugin da Elfsight in modo totalmente gratuito.","robots":{"index":"index","follow":"follow","max-snippet":"max-snippet:-1","max-image-preview":"max-image-preview:large","max-video-preview":"max-video-preview:-1"},"canonical":"https:\/\/elfsight.com\/it\/accordion-faq-widget\/woocommerce\/","og_locale":"it_IT","og_type":"article","og_title":"Plug-in FAQ di WooCommerce per il tuo sito web (2025)","og_description":"Ottieni il tuo plugin FAQ personalizzato per WooCommerce in soli 3 minuti. Controlla il pannello rapido per generare plugin da Elfsight in modo totalmente gratuito.","og_url":"https:\/\/elfsight.com\/it\/accordion-faq-widget\/woocommerce\/","og_site_name":"Elfsight IT","article_modified_time":"2025-03-21T12:51:42+00:00","twitter_card":"summary_large_image","twitter_misc":{"Tempo di lettura stimato":"3 minuti"},"schema":{"@context":"https:\/\/schema.org","@graph":[{"@type":"WebPage","@id":"https:\/\/elfsight.com\/it\/accordion-faq-widget\/woocommerce\/","url":"https:\/\/elfsight.com\/it\/accordion-faq-widget\/woocommerce\/","name":"Plug-in FAQ di WooCommerce per il tuo sito web (2025)","isPartOf":{"@id":"https:\/\/elfsight.com\/it\/#website"},"datePublished":"2024-05-03T06:36:39+00:00","dateModified":"2025-03-21T12:51:42+00:00","description":"Ottieni il tuo plugin FAQ personalizzato per WooCommerce in soli 3 minuti. Controlla il pannello rapido per generare plugin da Elfsight in modo totalmente gratuito.","breadcrumb":{"@id":"https:\/\/elfsight.com\/it\/accordion-faq-widget\/woocommerce\/#breadcrumb"},"inLanguage":"it-IT","potentialAction":[{"@type":"ReadAction","target":["https:\/\/elfsight.com\/it\/accordion-faq-widget\/woocommerce\/"]}]},{"@type":"BreadcrumbList","@id":"https:\/\/elfsight.com\/it\/accordion-faq-widget\/woocommerce\/#breadcrumb","itemListElement":[{"@type":"ListItem","position":1,"name":"Home","item":"https:\/\/elfsight.com\/it\/"},{"@type":"ListItem","position":2,"name":"FAQ","item":"https:\/\/elfsight.com\/it\/accordion-faq-widget\/"},{"@type":"ListItem","position":3,"name":"FAQ &#8211; WooCommerce"}]},{"@type":"WebSite","@id":"https:\/\/elfsight.com\/it\/#website","url":"https:\/\/elfsight.com\/it\/","name":"Elfsight IT","description":"Just another Elfsight Sites site","potentialAction":[{"@type":"SearchAction","target":{"@type":"EntryPoint","urlTemplate":"https:\/\/elfsight.com\/it\/?s={search_term_string}"},"query-input":{"@type":"PropertyValueSpecification","valueRequired":true,"valueName":"search_term_string"}}],"inLanguage":"it-IT"}]}},"meta_box":{"industry":"","seo_heading":"","heading":"","description":"","cta_heading":"","cta_description":"","application":"1320","h1":"Plug-in per le domande frequenti su WooCommerce","h1_caption":"Fornisci risposte alle domande pi\u00f9 frequenti in un formato organizzato e ricercabile per aiutare gli utenti a trovare rapidamente soluzioni nel tuo sito web WooCommerce senza sforzo.","application_category":[],"applications_title":"","applications_request_title":"","applications_request_button_text":"","hero_text":"","hero_video":"","hero_video_schema_markup":"","selling_points_title":"","selling_points_caption":"","selling_points":[],"selling_points_cta_text":"","features_title":"","features":"","ed_cta_examples_text":"","ed_cta_examples_hidden":"","ed_cta_demo_text":"","ed_cta_demo_hidden":"","why_caption":"","why_editor_title":"","why_editor_text":"","why_team_title":"","why_team_text":"","why_service_title":"","why_service_text":"","template_catalog_visible":"0","template_catalog_title":"","template_catalog_text":"","template_catalog_categories_visible":"","demo_title":"Crea la tua app per le domande frequenti","demo_caption":"Configura le tue FAQ e aggiungile gratuitamente al tuo sito WooCommerce!","default_faq_hidden":"","app_template_category":[],"platform":"80","template_public_id":"","codecanyon_url":"","codecanyon_item_id":"","codecanyon_price":"","pricing_caption":"","pricing_elfsight_apps_hide_column":"","pricing_elfsight_apps_url":"","pricing_codecanyon_price_caption":"","integration_category":[],"integration_request_title":"","integration_request_cta":"","integration_platform":"","integrations":[],"platform_category":[],"video_schema_markup":"","price":"da $ 0 al mese","trial":"","benefits":[{"text":"Aiuto gratuito per l'installazione"},{"text":"Servizio clienti efficace"},{"text":"Garanzia di rimborso di 14 giorni"},{"text":"Sviluppo continuo"}],"button_url":"#demo","button_target_blank":"0","button_nofollow":"0","attributes":[{"name":"Installazioni"},{"name":"Reattivo","content":"S\u00cc"},{"name":"Browser compatibili","content":"IE11, Firefox, Safari, Opera, Chrome, Edge"}],"tags":[],"tags_disable_links":"0","hide_more_platforms":"0","video_object":"","demo_hide_cta":"0","demo_hide_cloud_options":"0","pricing_title":"","pricing":[{"pricing_icon":"platform","pricing_title":"Elfsight Apps","pricing_title_caption":"Versione multipiattaforma che funziona su qualsiasi sito web","pricing_price":"da $ 0 \/ mese","pricing_price_caption":"inizia con un piano gratuito","pricing_benefits":[{"text":"Domini illimitati"},{"text":"Supporto aziendale gratuito e ben documentato"},{"text":"Servizio di installazione gratuito"},{"text":"Completamente personalizzabile"}],"pricing_button_text":"Aggiungi al sito web","pricing_button_url":"#demo"}],"related_apps_title":"","related_apps_hidden":"0","author":"","image":[],"title":"","job":"","social_networks":[]},"_links":{"self":[{"href":"https:\/\/elfsight.com\/it\/wp-json\/wp\/v2\/pages\/4491","targetHints":{"allow":["GET"]}}],"collection":[{"href":"https:\/\/elfsight.com\/it\/wp-json\/wp\/v2\/pages"}],"about":[{"href":"https:\/\/elfsight.com\/it\/wp-json\/wp\/v2\/types\/page"}],"author":[{"embeddable":true,"href":"https:\/\/elfsight.com\/it\/wp-json\/wp\/v2\/users\/9"}],"replies":[{"embeddable":true,"href":"https:\/\/elfsight.com\/it\/wp-json\/wp\/v2\/comments?post=4491"}],"version-history":[{"count":2,"href":"https:\/\/elfsight.com\/it\/wp-json\/wp\/v2\/pages\/4491\/revisions"}],"predecessor-version":[{"id":9674,"href":"https:\/\/elfsight.com\/it\/wp-json\/wp\/v2\/pages\/4491\/revisions\/9674"}],"up":[{"embeddable":true,"href":"https:\/\/elfsight.com\/it\/wp-json\/wp\/v2\/pages\/1321"}],"wp:attachment":[{"href":"https:\/\/elfsight.com\/it\/wp-json\/wp\/v2\/media?parent=4491"}],"curies":[{"name":"wp","href":"https:\/\/api.w.org\/{rel}","templated":true}]}}