{"id":4483,"date":"2024-05-03T06:36:35","date_gmt":"2024-05-03T06:36:35","guid":{"rendered":"https:\/\/elfsight.com\/it\/?page_id=4483"},"modified":"2024-11-11T11:23:51","modified_gmt":"2024-11-11T11:23:51","slug":"prestashop","status":"publish","type":"page","link":"https:\/\/elfsight.com\/it\/accordion-faq-widget\/prestashop\/","title":{"rendered":"FAQ &#8211; PrestaShop"},"content":{"rendered":"<div class=\"application-platform-content-item-description application-platform-content-item\" id=\"description\" data-nav-section=\"description\"> <h2>Descrizione<\/h2> <p>Esplora un manuale completo sull&#8217;adattamento del widget a un sito. Anticipa le domande dei tuoi clienti con l&#8217;aiuto del widget FAQ di Elfsight. Mostra ai tuoi clienti maggiori informazioni su beni o servizi utilizzando il widget FAQ di Elfsight. Rivela in anticipo le risposte alle domande pi\u00f9 frequenti con l&#8217;aiuto delle FAQ. <\/p><p><b>Rendi il tuo sito pi\u00f9 efficace per gli obiettivi aziendali con l&#8217;aiuto delle domande frequenti.<\/b><\/p> <\/div> <div class=\"application-platform-content-item-features application-platform-content-item\" id=\"features\" data-nav-section=\"features\"> <h2>Questi sono solo molte delle ampie funzionalit\u00e0 del widget: <\/h2> <ul><li>3 layout pronti: fisarmonica, elenco, multicolonna<\/li><li>4 stili pronti all&#8217;uso con ombre e bordi<\/li><li>36 icone predefinite per le categorie<\/li><li>Colori personalizzabili del nome della categoria, del testo della risposta e del testo della domanda<\/li><li>Mostra o nascondi i nomi delle categorie<\/li><li>Icona croce o freccia per il layout Fisarmonica <\/li><li>HTML supportato nel testo<\/li><li>Schema di domande sui microdati per aiutare con l&#8217;ottimizzazione SEO<\/li><\/ul><p><a href=\"#demo\">Puoi controlla tutte le funzionalit\u00e0 del widget nella demo <\/a><\/p> <\/div> <div class=\"application-platform-content-item-installation application-platform-content-item\" id=\"installation\" data-nav-section=\"installation\"> <h2>Come posso aggiungere domande frequenti al mio sito PrestaShop? <\/h2> <p>Basta seguire i passaggi presentati di seguito per integrare il widget. <\/p> <ol><li><b>Esegui la nostra demo gratuita e inizia a costruire il tuo widget personalizzato. <\/b><br> Specifica la forma e le specifiche adatte del widget e salva le correzioni. <\/li> <li><b>Copia il codice personale mostrato nel box su Elfsight Apps. <\/b><br> Dopo aver configurato il tuo widget, copia il codice individuale nel popup visualizzato e salvalo per un&#8217;occasione successiva. <\/li> <li><b>Inizia a utilizzare il widget sulla tua home page PrestaShop. <\/b><br> Integra il codice che hai salvato in precedenza nella tua home page e applica le modifiche. <\/li> <li><b>Il gioco \u00e8 fatto! L&#8217;integrazione \u00e8 stata completata con successo. <\/b><br> Vai alla tua pagina per esaminare come funziona il componente aggiuntivo. <\/li><\/ol> <p>In caso di difficolt\u00e0, sentiti libero di rivolgerti al nostro personale di supporto. Il nostro personale sar\u00e0 felice di risolvere tutte le difficolt\u00e0 che potresti avere con l&#8217;add-on. <\/p> <div class=\"faq\" data-component=\"FAQ\"><div class=\"faq-item\">\r\n\t\t\t\t\t<div class=\"faq-item-question\">\r\n\t\t\t\t\t\t<h3 class=\"faq-item-question-text\">Come posso aggiungere FAQ al mio sito web PrestaShop senza competenze di programmazione?<\/h3>\r\n\r\n\t\t\t\t\t\t<div class=\"faq-item-question-icon\"><\/div>\r\n\t\t\t\t\t<\/div>\r\n\r\n\t\t\t\t\t<div class=\"faq-item-answer\">\r\n\t\t\t\t\t\t<div class=\"faq-item-answer-text\"> <p>Elfsight fornisce una soluzione SaaS che ti consente di creare tu stesso un widget FAQ, scopri quanto \u00e8 semplice il processo : lavora direttamente nell&#8217;editor online per creare un widget FAQ che vorresti vedere sul tuo sito PrestaShop. Scegli uno dei modelli predefiniti e regola le impostazioni delle FAQ, aggiungi i tuoi contenuti, modifica il layout e i colori senza alcuna abilit\u00e0 di codifica. Salva le FAQ e copia il codice di installazione, che potrai includere nel tuo sito PrestaShop senza acquistare una versione a pagamento. Con il nostro editor intuitivo qualsiasi utente di Internet pu\u00f2 creare widget FAQ online e incorporarlo facilmente nel proprio sito Web PrestaShop. Non \u00e8 necessario pagare o inserire le credenziali della carta per accedere al servizio. In caso di problemi in qualsiasi momento, non esitare a contattare il nostro team di supporto tecnico.<\/p> <\/div>\r\n\t\t\t\t\t<\/div>\r\n\t\t\t\t<\/div> <\/div><\/div>","protected":false},"excerpt":{"rendered":"","protected":false},"author":9,"featured_media":0,"parent":1321,"menu_order":0,"comment_status":"closed","ping_status":"closed","template":"templates\/template-application-platform.php","meta":{"publish_to_discourse":"","publish_post_category":"","wpdc_auto_publish_overridden":"","wpdc_topic_tags":"","wpdc_pin_topic":"","wpdc_pin_until":"","discourse_post_id":"","discourse_permalink":"","wpdc_publishing_response":"","wpdc_publishing_error":"","footnotes":""},"class_list":["post-4483","page","type-page","status-publish","hentry"],"yoast_head":"<!-- This site is optimized with the Yoast SEO plugin v25.3.1 - https:\/\/yoast.com\/wordpress\/plugins\/seo\/ -->\n<title>Domande frequenti sulla fisarmonica: aggiungi il widget FAQ al sito Web SquareSpace<\/title>\n<meta name=\"description\" content=\"Ottieni il tuo widget FAQ personalizzato per Squarespace in soli 3 minuti. Utilizza il nostro editor rapido per creare plugin di Elfsight, in modo totalmente gratuito.\" \/>\n<meta name=\"robots\" content=\"index, follow, max-snippet:-1, max-image-preview:large, max-video-preview:-1\" \/>\n<link rel=\"canonical\" href=\"https:\/\/elfsight.com\/it\/accordion-faq-widget\/prestashop\/\" \/>\n<meta property=\"og:locale\" content=\"it_IT\" \/>\n<meta property=\"og:type\" content=\"article\" \/>\n<meta property=\"og:title\" content=\"Domande frequenti sulla fisarmonica: aggiungi il widget FAQ al sito Web SquareSpace\" \/>\n<meta property=\"og:description\" content=\"Ottieni il tuo widget FAQ personalizzato per Squarespace in soli 3 minuti. Utilizza il nostro editor rapido per creare plugin di Elfsight, in modo totalmente gratuito.\" \/>\n<meta property=\"og:url\" content=\"https:\/\/elfsight.com\/it\/accordion-faq-widget\/prestashop\/\" \/>\n<meta property=\"og:site_name\" content=\"Elfsight IT\" \/>\n<meta property=\"article:modified_time\" content=\"2024-11-11T11:23:51+00:00\" \/>\n<meta name=\"twitter:card\" content=\"summary_large_image\" \/>\n<meta name=\"twitter:label1\" content=\"Tempo di lettura stimato\" \/>\n\t<meta name=\"twitter:data1\" content=\"2 minuti\" \/>\n<!-- \/ Yoast SEO plugin. -->","yoast_head_json":{"title":"Domande frequenti sulla fisarmonica: aggiungi il widget FAQ al sito Web SquareSpace","description":"Ottieni il tuo widget FAQ personalizzato per Squarespace in soli 3 minuti. Utilizza il nostro editor rapido per creare plugin di Elfsight, in modo totalmente gratuito.","robots":{"index":"index","follow":"follow","max-snippet":"max-snippet:-1","max-image-preview":"max-image-preview:large","max-video-preview":"max-video-preview:-1"},"canonical":"https:\/\/elfsight.com\/it\/accordion-faq-widget\/prestashop\/","og_locale":"it_IT","og_type":"article","og_title":"Domande frequenti sulla fisarmonica: aggiungi il widget FAQ al sito Web SquareSpace","og_description":"Ottieni il tuo widget FAQ personalizzato per Squarespace in soli 3 minuti. Utilizza il nostro editor rapido per creare plugin di Elfsight, in modo totalmente gratuito.","og_url":"https:\/\/elfsight.com\/it\/accordion-faq-widget\/prestashop\/","og_site_name":"Elfsight IT","article_modified_time":"2024-11-11T11:23:51+00:00","twitter_card":"summary_large_image","twitter_misc":{"Tempo di lettura stimato":"2 minuti"},"schema":{"@context":"https:\/\/schema.org","@graph":[{"@type":"WebPage","@id":"https:\/\/elfsight.com\/it\/accordion-faq-widget\/prestashop\/","url":"https:\/\/elfsight.com\/it\/accordion-faq-widget\/prestashop\/","name":"Domande frequenti sulla fisarmonica: aggiungi il widget FAQ al sito Web SquareSpace","isPartOf":{"@id":"https:\/\/elfsight.com\/it\/#website"},"datePublished":"2024-05-03T06:36:35+00:00","dateModified":"2024-11-11T11:23:51+00:00","description":"Ottieni il tuo widget FAQ personalizzato per Squarespace in soli 3 minuti. Utilizza il nostro editor rapido per creare plugin di Elfsight, in modo totalmente gratuito.","breadcrumb":{"@id":"https:\/\/elfsight.com\/it\/accordion-faq-widget\/prestashop\/#breadcrumb"},"inLanguage":"it-IT","potentialAction":[{"@type":"ReadAction","target":["https:\/\/elfsight.com\/it\/accordion-faq-widget\/prestashop\/"]}]},{"@type":"BreadcrumbList","@id":"https:\/\/elfsight.com\/it\/accordion-faq-widget\/prestashop\/#breadcrumb","itemListElement":[{"@type":"ListItem","position":1,"name":"Home","item":"https:\/\/elfsight.com\/it\/"},{"@type":"ListItem","position":2,"name":"FAQ","item":"https:\/\/elfsight.com\/it\/accordion-faq-widget\/"},{"@type":"ListItem","position":3,"name":"FAQ &#8211; PrestaShop"}]},{"@type":"WebSite","@id":"https:\/\/elfsight.com\/it\/#website","url":"https:\/\/elfsight.com\/it\/","name":"Elfsight IT","description":"Just another Elfsight Sites site","potentialAction":[{"@type":"SearchAction","target":{"@type":"EntryPoint","urlTemplate":"https:\/\/elfsight.com\/it\/?s={search_term_string}"},"query-input":{"@type":"PropertyValueSpecification","valueRequired":true,"valueName":"search_term_string"}}],"inLanguage":"it-IT"}]}},"meta_box":{"industry":"","seo_heading":"","heading":"","description":"","cta_heading":"","cta_description":"","application":"1320","h1":"Componente aggiuntivo Domande frequenti sulla fisarmonica per PrestaShop","h1_caption":"Fornisci risposte alle domande pi\u00f9 frequenti in un formato organizzato e ricercabile per aiutare gli utenti a trovare rapidamente soluzioni nel tuo sito Web Prestashop senza sforzo.","application_category":[],"applications_title":"","applications_request_title":"","applications_request_button_text":"","hero_text":"","hero_video":"","hero_video_schema_markup":"","selling_points_title":"","selling_points_caption":"","selling_points":[],"selling_points_cta_text":"","features_title":"","features":"","ed_cta_examples_text":"","ed_cta_examples_hidden":"","ed_cta_demo_text":"","ed_cta_demo_hidden":"","why_caption":"","why_editor_title":"","why_editor_text":"","why_team_title":"","why_team_text":"","why_service_title":"","why_service_text":"","template_catalog_visible":"","template_catalog_title":"","template_catalog_text":"","template_catalog_categories_visible":"","demo_title":"Crea il tuo componente aggiuntivo FAQ","demo_caption":"Configura le tue FAQ e aggiungile gratuitamente al tuo sito PrestaShop!","default_faq_hidden":"","app_template_category":[],"platform":"1023","template_public_id":"","codecanyon_url":"","codecanyon_item_id":"","codecanyon_price":"","pricing_caption":"","pricing_elfsight_apps_hide_column":"","pricing_elfsight_apps_url":"","pricing_codecanyon_price_caption":"","integration_category":[],"integration_request_title":"","integration_request_cta":"","integration_platform":"","integrations":[],"platform_category":[],"video_schema_markup":"","price":"da $ 0 al mese","trial":"","benefits":[{"text":"Aiuto gratuito per l'installazione"},{"text":"Supporto eccezionale"},{"text":"Garanzia di rimborso di 14 giorni"},{"text":"Aggiornamenti gratuiti continui"}],"button_url":"#demo","button_target_blank":"","button_nofollow":"","attributes":[{"name":"Installazioni"},{"name":"Reattivo","content":"S\u00cc"},{"name":"Browser compatibili","content":"IE11, Firefox, Safari, Opera, Chrome, Edge"}],"tags":[],"tags_disable_links":"","hide_more_platforms":"","video_object":"","demo_hide_cta":"","demo_hide_cloud_options":"","pricing_title":"","pricing":[{"pricing_icon":"platform","pricing_title":"Elfsight Apps","pricing_title_caption":"Software multipiattaforma che funziona su qualsiasi sito","pricing_price":"da $ 0 \/ mese","pricing_price_caption":"inizia con il piano gratuito","pricing_benefits":[{"text":"Siti web illimitati"},{"text":"Supporto professionale e puntuale"},{"text":"Assistenza gratuita per l'installazione"},{"text":"Completamente personalizzabile"}],"pricing_button_text":"Aggiungi al sito web","pricing_button_url":"#demo"}],"related_apps_title":"","related_apps_hidden":"","author":"","image":[],"title":"","job":"","social_networks":[]},"_links":{"self":[{"href":"https:\/\/elfsight.com\/it\/wp-json\/wp\/v2\/pages\/4483","targetHints":{"allow":["GET"]}}],"collection":[{"href":"https:\/\/elfsight.com\/it\/wp-json\/wp\/v2\/pages"}],"about":[{"href":"https:\/\/elfsight.com\/it\/wp-json\/wp\/v2\/types\/page"}],"author":[{"embeddable":true,"href":"https:\/\/elfsight.com\/it\/wp-json\/wp\/v2\/users\/9"}],"replies":[{"embeddable":true,"href":"https:\/\/elfsight.com\/it\/wp-json\/wp\/v2\/comments?post=4483"}],"version-history":[{"count":1,"href":"https:\/\/elfsight.com\/it\/wp-json\/wp\/v2\/pages\/4483\/revisions"}],"predecessor-version":[{"id":4487,"href":"https:\/\/elfsight.com\/it\/wp-json\/wp\/v2\/pages\/4483\/revisions\/4487"}],"up":[{"embeddable":true,"href":"https:\/\/elfsight.com\/it\/wp-json\/wp\/v2\/pages\/1321"}],"wp:attachment":[{"href":"https:\/\/elfsight.com\/it\/wp-json\/wp\/v2\/media?parent=4483"}],"curies":[{"name":"wp","href":"https:\/\/api.w.org\/{rel}","templated":true}]}}