{"id":4469,"date":"2024-05-03T06:36:29","date_gmt":"2024-05-03T06:36:29","guid":{"rendered":"https:\/\/elfsight.com\/it\/?page_id=4469"},"modified":"2025-03-19T15:39:47","modified_gmt":"2025-03-19T15:39:47","slug":"magento","status":"publish","type":"page","link":"https:\/\/elfsight.com\/it\/facebook-reviews-widget\/magento\/","title":{"rendered":"Facebook Reviews &#8211; Magento"},"content":{"rendered":"<div class=\"application-platform-content-item-description application-platform-content-item\" id=\"description\" data-nav-section=\"description\">\n<h2>Descrizione<\/h2>\nElfsight Facebook Reviews \u00e8 uno strumento semplice per mostrare le recensioni dalla tua pagina Facebook sulla tua pagina web e aumentare la fiducia nel tuo marchio da parte degli utenti del sito. Puoi filtrare le tue recensioni, mostrare la valutazione in stelle, le informazioni sull&#8217;autore e mostrare un pulsante per aggiungere un&#8217;altra recensione. Il nostro widget Recensioni su Facebook presenta vari layout e modelli di recensione, componenti dell&#8217;interfaccia commutabili e intestazione flessibile per la massima personalizzazione. Attraverso le tue recensioni di Facebook sul sito, potrai vantare il tuo riconoscimento, aumentare la tua fiducia e attirare ancora pi\u00f9 recensioni.\n\n<b>Incolla le tue recensioni di Facebook sul sito web per mostrare il tuo grande apprezzamento!<\/b>\n<ul>\n \t<li><b>Aumenta la credibilit\u00e0 mostrando le recensioni degli utenti reali. <\/b>Convinci gli utenti che le recensioni sono autentiche, con informazioni complete sull&#8217;autore, e aumenta la fiducia nel tuo marchio.<\/li>\n \t<li><b>Attira recensioni con chiamate- Pulsante all&#8217;azione. <\/b>Con l&#8217;accesso diretto alla tua pagina Facebook e un pulsante di invito all&#8217;azione stimolante, puoi ottenere pi\u00f9 recensioni dei clienti.<\/li>\n \t<li><b>Ottieni una comprensione pi\u00f9 chiara delle tue offerte. <\/b>Mostrare i tuoi articoli attraverso l&#8217;esperienza dei clienti aiuter\u00e0 i visitatori a comprenderli meglio.<\/li>\n<\/ul>\n<\/div><div class=\"application-platform-content-item-features application-platform-content-item\" id=\"features\" data-nav-section=\"features\">\n<h2>Caratteristiche<\/h2>\nUn paio di vantaggi, che trasformano il widget Elfsight nello strumento perfetto per il sito Magento:\n<ul>\n \t<li>22 lingue predefinite supportate;<\/li>\n \t<li>Navigazione con frecce e trascinamenti nel layout Slider;<\/li>\n \t<li>Tre revisioni modelli: Classic, Bubble, Spotlight;<\/li>\n \t<li>Due scenari di rifiuto della richiesta di revisione: mostrare un messaggio o nascondere il modulo;<\/li>\n \t<li>Titolo del widget modificabile con dimensione e peso del carattere regolabili.<\/li>\n<\/ul>\n<a href=\"#demo\">Altre propriet\u00e0 nella demo gratuita<\/a><\/div><div class=\"application-platform-content-item-installation application-platform-content-item\" id=\"installation\" data-nav-section=\"installation\">\n<h2>Come aggiungere recensioni di Facebook al sito Magento<\/h2>\nSegui semplicemente le linee guida seguenti per aggiungere lo strumento su Magento.\n<ol>\n \t<li><b>Utilizza il nostro editor gratuito e inizia a dare forma al tuo widget personalizzato. <\/b>Trova il layout preferibile e le caratteristiche funzionali dello strumento e salva le modifiche.<\/li>\n \t<li><b>Acquisisci il codice individuale che appare nella casella sulle app Elfsight. <\/b>Una volta completata la configurazione della tua estensione personale per le recensioni di Facebook, copia il codice individuale dal popup emerso e conservalo per necessit\u00e0 successive.<\/li>\n \t<li><b>Inizia a utilizzare l&#8217;estensione sul tuo sito Magento. <\/b>Inserisci il codice che hai salvato di recente nella tua pagina e applica le modifiche.<\/li>\n \t<li><b>Il gioco \u00e8 fatto! La configurazione \u00e8 completamente eseguita. <\/b>Vai alla tua pagina web per rivedere il funzionamento del widget.<\/li>\n<\/ol>\nDurante l&#8217;applicazione del manuale o la generazione del plugin riscontri delle difficolt\u00e0? Rivolgiti al centro assistenza Elfsight con una spiegazione approfondita della tua domanda e il nostro team sar\u00e0 l\u00ec per risolvere il problema.<div class=\"faq\" data-component=\"FAQ\"> <div class=\"faq-item\">\r\n\t\t\t\t\t<div class=\"faq-item-question\">\r\n\t\t\t\t\t\t<h3 class=\"faq-item-question-text\">Come posso aggiungere recensioni di Facebook al mio sito Web Magento senza competenze di codifica?<\/h3>\r\n\r\n\t\t\t\t\t\t<div class=\"faq-item-question-icon\"><\/div>\r\n\t\t\t\t\t<\/div>\r\n\r\n\t\t\t\t\t<div class=\"faq-item-answer\">\r\n\t\t\t\t\t\t<div class=\"faq-item-answer-text\">Elfsight fornisce un servizio SaaS soluzione che ti consente di creare tu stesso un widget Recensioni di Facebook, scopri quanto \u00e8 semplice il processo: lavora direttamente nell&#8217;editor online per creare un widget Recensioni di Facebook che vorresti vedere sul tuo sito Magento. Scegli uno dei modelli predefiniti e regola le impostazioni delle recensioni di Facebook, aggiungi i tuoi contenuti, modifica il layout e la combinazione di colori senza competenze di codifica. Salva le recensioni di Facebook e copia il codice di installazione, che potrai includere facilmente nel tuo sito Magento senza dover acquistare una versione a pagamento. Con il nostro editor intuitivo qualsiasi utente di Internet pu\u00f2 creare widget di recensioni di Facebook online e incorporarlo facilmente nel proprio sito Web Magento. Non \u00e8 necessario pagare o inserire le credenziali della carta per accedere al servizio. In caso di problemi in qualsiasi momento, non esitare a contattare il nostro team di supporto tecnico.<\/div>\r\n\t\t\t\t\t<\/div>\r\n\t\t\t\t<\/div> <\/div><\/div>","protected":false},"excerpt":{"rendered":"","protected":false},"author":9,"featured_media":0,"parent":1274,"menu_order":0,"comment_status":"closed","ping_status":"closed","template":"templates\/template-application-platform.php","meta":{"publish_to_discourse":"","publish_post_category":"","wpdc_auto_publish_overridden":"","wpdc_topic_tags":"","wpdc_pin_topic":"","wpdc_pin_until":"","discourse_post_id":"","discourse_permalink":"","wpdc_publishing_response":"","wpdc_publishing_error":"","footnotes":""},"class_list":["post-4469","page","type-page","status-publish","hentry"],"yoast_head":"<!-- This site is optimized with the Yoast SEO plugin v25.3.1 - https:\/\/yoast.com\/wordpress\/plugins\/seo\/ -->\n<title>La migliore estensione per recensioni di Facebook per il sito Magento (2025)<\/title>\n<meta name=\"description\" content=\"Aggiungi la migliore estensione per le recensioni di Facebook sul tuo sito Magento. Scopri la nostra demo interattiva e genera il tuo plugin in soli 3 minuti.\" \/>\n<meta name=\"robots\" content=\"index, follow, max-snippet:-1, max-image-preview:large, max-video-preview:-1\" \/>\n<link rel=\"canonical\" href=\"https:\/\/elfsight.com\/it\/facebook-reviews-widget\/magento\/\" \/>\n<meta property=\"og:locale\" content=\"it_IT\" \/>\n<meta property=\"og:type\" content=\"article\" \/>\n<meta property=\"og:title\" content=\"La migliore estensione per recensioni di Facebook per il sito Magento (2025)\" \/>\n<meta property=\"og:description\" content=\"Aggiungi la migliore estensione per le recensioni di Facebook sul tuo sito Magento. Scopri la nostra demo interattiva e genera il tuo plugin in soli 3 minuti.\" \/>\n<meta property=\"og:url\" content=\"https:\/\/elfsight.com\/it\/facebook-reviews-widget\/magento\/\" \/>\n<meta property=\"og:site_name\" content=\"Elfsight IT\" \/>\n<meta property=\"article:modified_time\" content=\"2025-03-19T15:39:47+00:00\" \/>\n<meta name=\"twitter:card\" content=\"summary_large_image\" \/>\n<meta name=\"twitter:label1\" content=\"Tempo di lettura stimato\" \/>\n\t<meta name=\"twitter:data1\" content=\"4 minuti\" \/>\n<!-- \/ Yoast SEO plugin. -->","yoast_head_json":{"title":"La migliore estensione per recensioni di Facebook per il sito Magento (2025)","description":"Aggiungi la migliore estensione per le recensioni di Facebook sul tuo sito Magento. Scopri la nostra demo interattiva e genera il tuo plugin in soli 3 minuti.","robots":{"index":"index","follow":"follow","max-snippet":"max-snippet:-1","max-image-preview":"max-image-preview:large","max-video-preview":"max-video-preview:-1"},"canonical":"https:\/\/elfsight.com\/it\/facebook-reviews-widget\/magento\/","og_locale":"it_IT","og_type":"article","og_title":"La migliore estensione per recensioni di Facebook per il sito Magento (2025)","og_description":"Aggiungi la migliore estensione per le recensioni di Facebook sul tuo sito Magento. Scopri la nostra demo interattiva e genera il tuo plugin in soli 3 minuti.","og_url":"https:\/\/elfsight.com\/it\/facebook-reviews-widget\/magento\/","og_site_name":"Elfsight IT","article_modified_time":"2025-03-19T15:39:47+00:00","twitter_card":"summary_large_image","twitter_misc":{"Tempo di lettura stimato":"4 minuti"},"schema":{"@context":"https:\/\/schema.org","@graph":[{"@type":"WebPage","@id":"https:\/\/elfsight.com\/it\/facebook-reviews-widget\/magento\/","url":"https:\/\/elfsight.com\/it\/facebook-reviews-widget\/magento\/","name":"La migliore estensione per recensioni di Facebook per il sito Magento (2025)","isPartOf":{"@id":"https:\/\/elfsight.com\/it\/#website"},"datePublished":"2024-05-03T06:36:29+00:00","dateModified":"2025-03-19T15:39:47+00:00","description":"Aggiungi la migliore estensione per le recensioni di Facebook sul tuo sito Magento. Scopri la nostra demo interattiva e genera il tuo plugin in soli 3 minuti.","breadcrumb":{"@id":"https:\/\/elfsight.com\/it\/facebook-reviews-widget\/magento\/#breadcrumb"},"inLanguage":"it-IT","potentialAction":[{"@type":"ReadAction","target":["https:\/\/elfsight.com\/it\/facebook-reviews-widget\/magento\/"]}]},{"@type":"BreadcrumbList","@id":"https:\/\/elfsight.com\/it\/facebook-reviews-widget\/magento\/#breadcrumb","itemListElement":[{"@type":"ListItem","position":1,"name":"Home","item":"https:\/\/elfsight.com\/it\/"},{"@type":"ListItem","position":2,"name":"Facebook Reviews","item":"https:\/\/elfsight.com\/it\/facebook-reviews-widget\/"},{"@type":"ListItem","position":3,"name":"Facebook Reviews &#8211; Magento"}]},{"@type":"WebSite","@id":"https:\/\/elfsight.com\/it\/#website","url":"https:\/\/elfsight.com\/it\/","name":"Elfsight IT","description":"Just another Elfsight Sites site","potentialAction":[{"@type":"SearchAction","target":{"@type":"EntryPoint","urlTemplate":"https:\/\/elfsight.com\/it\/?s={search_term_string}"},"query-input":{"@type":"PropertyValueSpecification","valueRequired":true,"valueName":"search_term_string"}}],"inLanguage":"it-IT"}]}},"meta_box":{"industry":"","seo_heading":"","heading":"","description":"","cta_heading":"","cta_description":"","application":"1273","h1":"Estensione Magento per le recensioni di Facebook","h1_caption":"Incorpora le recensioni dei clienti dalla tua pagina Facebook direttamente sul tuo sito web per aumentare facilmente la fiducia e la prova sociale nel tuo sito web Magento.","application_category":[],"applications_title":"","applications_request_title":"","applications_request_button_text":"","hero_text":"","hero_video":"","hero_video_schema_markup":"","selling_points_title":"","selling_points_caption":"","selling_points":[],"selling_points_cta_text":"","features_title":"","features":"","ed_cta_examples_text":"","ed_cta_examples_hidden":"","ed_cta_demo_text":"","ed_cta_demo_hidden":"","why_caption":"","why_editor_title":"","why_editor_text":"","why_team_title":"","why_team_text":"","why_service_title":"","why_service_text":"","template_catalog_visible":"0","template_catalog_title":"","template_catalog_text":"","template_catalog_categories_visible":"","demo_title":"Crea la tua estensione per le recensioni di Facebook","demo_caption":"Configura le tue recensioni su Facebook e aggiungile gratuitamente al tuo sito Magento!","default_faq_hidden":"","app_template_category":[],"platform":"39","template_public_id":"","codecanyon_url":"","codecanyon_item_id":"","codecanyon_price":"","pricing_caption":"","pricing_elfsight_apps_hide_column":"","pricing_elfsight_apps_url":"","pricing_codecanyon_price_caption":"","integration_category":[],"integration_request_title":"","integration_request_cta":"","integration_platform":"","integrations":[],"platform_category":[],"video_schema_markup":"","price":"da $ 0 al mese","trial":"","benefits":[{"text":"Aiuto gratuito per l'installazione"},{"text":"Assistenza clienti con esperienza"},{"text":"Garanzia di rimborso di 14 giorni"},{"text":"Sviluppo continuo"}],"button_url":"#demo","button_target_blank":"0","button_nofollow":"0","attributes":[{"name":"Installazioni"},{"name":"Reattivo","content":"S\u00cc"},{"name":"Browser compatibili","content":"Firefox, Safari, Opera, Chrome, Edge"}],"tags":[],"tags_disable_links":"0","hide_more_platforms":"0","video_object":"","demo_hide_cta":"0","demo_hide_cloud_options":"0","pricing_title":"","pricing":[{"pricing_icon":"platform","pricing_title":"Elfsight Apps","pricing_title_caption":"Versione multipiattaforma che funziona su qualsiasi sito web","pricing_price":"da $ 0 \/ mese","pricing_price_caption":"inizia con un piano gratuito","pricing_benefits":[{"text":"Domini illimitati"},{"text":"Supporto professionale e puntuale"},{"text":"Assistenza gratuita per l'installazione"},{"text":"Progettazione flessibile"}],"pricing_button_text":"Aggiungi al sito web","pricing_button_url":"#demo"}],"related_apps_title":"","related_apps_hidden":"0","author":"","image":[],"title":"","job":"","social_networks":[]},"_links":{"self":[{"href":"https:\/\/elfsight.com\/it\/wp-json\/wp\/v2\/pages\/4469","targetHints":{"allow":["GET"]}}],"collection":[{"href":"https:\/\/elfsight.com\/it\/wp-json\/wp\/v2\/pages"}],"about":[{"href":"https:\/\/elfsight.com\/it\/wp-json\/wp\/v2\/types\/page"}],"author":[{"embeddable":true,"href":"https:\/\/elfsight.com\/it\/wp-json\/wp\/v2\/users\/9"}],"replies":[{"embeddable":true,"href":"https:\/\/elfsight.com\/it\/wp-json\/wp\/v2\/comments?post=4469"}],"version-history":[{"count":2,"href":"https:\/\/elfsight.com\/it\/wp-json\/wp\/v2\/pages\/4469\/revisions"}],"predecessor-version":[{"id":9310,"href":"https:\/\/elfsight.com\/it\/wp-json\/wp\/v2\/pages\/4469\/revisions\/9310"}],"up":[{"embeddable":true,"href":"https:\/\/elfsight.com\/it\/wp-json\/wp\/v2\/pages\/1274"}],"wp:attachment":[{"href":"https:\/\/elfsight.com\/it\/wp-json\/wp\/v2\/media?parent=4469"}],"curies":[{"name":"wp","href":"https:\/\/api.w.org\/{rel}","templated":true}]}}