{"id":4461,"date":"2024-05-03T06:36:25","date_gmt":"2024-05-03T06:36:25","guid":{"rendered":"https:\/\/elfsight.com\/it\/?page_id=4461"},"modified":"2025-03-19T15:46:10","modified_gmt":"2025-03-19T15:46:10","slug":"webflow","status":"publish","type":"page","link":"https:\/\/elfsight.com\/it\/facebook-reviews-widget\/webflow\/","title":{"rendered":"Facebook Reviews &#8211; Webflow"},"content":{"rendered":"\n<div class=\"application-platform-content-item-description application-platform-content-item\" id=\"description\" data-nav-section=\"description\"><h2>Incorpora le recensioni di Facebook su Webflow con il widget Elfsight<\/h2><p>Elfsight Facebook Reviews \u00e8 uno strumento semplice per visualizzare le recensioni dal tuo Facebook pagina del tuo sito e aumentare la fiducia nel tuo marchio tra i clienti del sito. Puoi filtrare le tue recensioni, mostrare la valutazione in stelle, i dati dell&#8217;autore e mostrare un pulsante per aggiungere una nuova recensione. Il nostro widget Recensioni di Facebook include diversi layout e modelli di recensione, componenti dell&#8217;interfaccia commutabili e intestazione adattabile per una personalizzazione approfondita. Con l&#8217;aiuto delle recensioni di Facebook sul sito web, puoi mostrare una grande valutazione, rafforzare la fiducia e ottenere pi\u00f9 recensioni.<\/p><p><b>Disegna pi\u00f9 opinioni dei clienti visualizzando le recensioni di Facebook consentendo di aggiungerne di nuove!<\/b><\/p><ul><li><b>Aumenta la fiducia mostrando le recensioni di persone reali<\/b><br>Dimostra che le recensioni sono autentiche con l&#8217;aiuto di dettagli dettagliati sull&#8217;autore e aumenta la fiducia nei confronti del tuo marchio.<\/li><li><b>Aumenta gli acquisti vantando la tua valutazione eccellente<\/b><br>Mostra la tua valutazione elevata e le recensioni eccellenti per convincere gli utenti che vale la pena acquistare i tuoi articoli e attirare pi\u00f9 acquisti.<\/li><li> <b>Ottenere una comprensione pi\u00f9 chiara delle tue offerte<\/b><br>Dimostrare i tuoi prodotti attraverso l&#8217;esperienza dei clienti aiuter\u00e0 i futuri clienti a formarsi la giusta comprensione per comprenderli meglio.<\/li><\/ul><\/div><div class=\"application-platform-content-item-features application-platform-content-item\" id=\"features\" data-nav-section=\"features\"><h2>Caratteristiche principali del widget Recensioni di Facebook<\/h2><p>Perch\u00e9 il nostro plugin \u00e8 il migliore tra i widget Webflow simili? Esplora i nostri principali vantaggi:<\/p><ul><li>Incorporamento delle recensioni dei clienti dalla pagina Facebook;<\/li><li>Tre tipi di layout: elenco, griglia e cursore;<\/li><li>Larghezza regolabile e altezza del widget;<\/li><li>Messaggio di testo modificabile dopo il rifiuto della richiesta di revisione, con opzioni di formattazione;<\/li><li>Tre tipi di decorazione della recensione: Bordo, Sfondo, Nessuno.<\/li><\/ul><p><a href=\"#demo\">Leggi tutte le funzionalit\u00e0 nella nostra demo gratuita<\/a><\/p><\/div><div class=\"application-platform-content-item-installation application-platform-content-item\" id=\"installation\" data-nav-section=\"installation\"><h2>Come aggiungere recensioni di Facebook a Sito web Webflow<\/h2><div class=\"video-container\"><iframe width=\"560\" height=\"315\" src=\"https:\/\/www.youtube.com\/embed\/JfC38jdDtRw?si=8nrqxpLRT6T3JBu4\" frameborder=\"0\" allow=\"accelerometer; autoplay; clipboard-write; encrypted-media; gyroscope; picture-in-picture; web-share\" allowfullscreen><\/iframe><\/div><p>Il plugin Elfsight \u00e8 semplice da integrare e non richiede competenze di programmazione. L&#8217;esecuzione della guida richieder\u00e0 circa 1 minuto.<\/p><ol><li><b>Progetta le tue recensioni Facebook individuali<\/b><br> Utilizzando il nostro editor gratuito, genera un plugin con il design e le impostazioni richieste.<\/li><li><b>Copia un codice per incorporare il plugin<\/b><br> Dopo l&#8217;impostazione del widget, ottieni un codice per il plugin Recensioni dalla notifica popup su Elfsight Apps.<\/li><li><b>Pubblica il plug-in sul sito Webflow<\/b><br> Integra il plug-in nella posizione desiderata del sito Web e applica le modifiche.<\/li><li><b>L&#8217;installazione \u00e8 completata<\/b><br> Visita il tuo sito, per vedere il tuo lavoro.<\/li><\/ol><p>Hai problemi durante l&#8217;esecuzione del tutorial o l&#8217;impostazione del plugin? Lascia una richiesta al centro di supporto Elfsight e il team di supporto sar\u00e0 felice di aiutarti nella progettazione e nell&#8217;inserimento del plugin sul tuo sito web.<\/p><div class=\"faq\" data-component=\"FAQ\"> <div class=\"faq-item\">\r\n\t\t\t\t\t<div class=\"faq-item-question\">\r\n\t\t\t\t\t\t<h3 class=\"faq-item-question-text\">Come posso aggiungere recensioni di Facebook al mio sito web Webflow senza competenze di codifica ?<\/h3>\r\n\r\n\t\t\t\t\t\t<div class=\"faq-item-question-icon\"><\/div>\r\n\t\t\t\t\t<\/div>\r\n\r\n\t\t\t\t\t<div class=\"faq-item-answer\">\r\n\t\t\t\t\t\t<div class=\"faq-item-answer-text\"> <p>Elfsight fornisce una soluzione SaaS che ti consente di creare tu stesso un widget Recensioni di Facebook, scopri quanto \u00e8 semplice il processo: lavora direttamente nell&#8217;editor online per creare un widget Recensioni di Facebook che vorresti vedere sul tuo sito web Webflow. Scegli uno dei modelli predefiniti e regola le impostazioni delle recensioni di Facebook, aggiungi i tuoi contenuti, modifica il layout e i colori senza competenze di codifica. Salva le recensioni di Facebook e copia il codice di installazione, che potrai facilmente incorporare nel tuo sito Webflow senza la necessit\u00e0 di acquistare un piano a pagamento. Con il nostro editor intuitivo qualsiasi utente di Internet pu\u00f2 creare widget di recensioni di Facebook online e incorporarlo facilmente nel proprio sito web Webflow. Non \u00e8 necessario pagare o inserire le credenziali della carta per accedere al servizio. In caso di problemi in qualsiasi momento, non esitate a contattare il nostro team di supporto tecnico.<\/p> <\/div>\r\n\t\t\t\t\t<\/div>\r\n\t\t\t\t<\/div> <\/div> <\/div>\n","protected":false},"excerpt":{"rendered":"","protected":false},"author":9,"featured_media":0,"parent":1274,"menu_order":0,"comment_status":"closed","ping_status":"closed","template":"templates\/template-application-platform.php","meta":{"publish_to_discourse":"","publish_post_category":"","wpdc_auto_publish_overridden":"","wpdc_topic_tags":"","wpdc_pin_topic":"","wpdc_pin_until":"","discourse_post_id":"","discourse_permalink":"","wpdc_publishing_response":"","wpdc_publishing_error":"","footnotes":""},"class_list":["post-4461","page","type-page","status-publish","hentry"],"yoast_head":"<!-- This site is optimized with the Yoast SEO plugin v25.3.1 - https:\/\/yoast.com\/wordpress\/plugins\/seo\/ -->\n<title>Il miglior widget di recensioni di Facebook per il sito Web Webflow (2025)<\/title>\n<meta name=\"description\" content=\"Prova subito il nostro widget Recensioni Facebook per Webflow. Configura plugin unici per il tuo sito web in pochi minuti!\" \/>\n<meta name=\"robots\" content=\"index, follow, max-snippet:-1, max-image-preview:large, max-video-preview:-1\" \/>\n<link rel=\"canonical\" href=\"https:\/\/elfsight.com\/it\/facebook-reviews-widget\/webflow\/\" \/>\n<meta property=\"og:locale\" content=\"it_IT\" \/>\n<meta property=\"og:type\" content=\"article\" \/>\n<meta property=\"og:title\" content=\"Il miglior widget di recensioni di Facebook per il sito Web Webflow (2025)\" \/>\n<meta property=\"og:description\" content=\"Prova subito il nostro widget Recensioni Facebook per Webflow. Configura plugin unici per il tuo sito web in pochi minuti!\" \/>\n<meta property=\"og:url\" content=\"https:\/\/elfsight.com\/it\/facebook-reviews-widget\/webflow\/\" \/>\n<meta property=\"og:site_name\" content=\"Elfsight IT\" \/>\n<meta property=\"article:modified_time\" content=\"2025-03-19T15:46:10+00:00\" \/>\n<meta name=\"twitter:card\" content=\"summary_large_image\" \/>\n<meta name=\"twitter:label1\" content=\"Tempo di lettura stimato\" \/>\n\t<meta name=\"twitter:data1\" content=\"4 minuti\" \/>\n<!-- \/ Yoast SEO plugin. -->","yoast_head_json":{"title":"Il miglior widget di recensioni di Facebook per il sito Web Webflow (2025)","description":"Prova subito il nostro widget Recensioni Facebook per Webflow. Configura plugin unici per il tuo sito web in pochi minuti!","robots":{"index":"index","follow":"follow","max-snippet":"max-snippet:-1","max-image-preview":"max-image-preview:large","max-video-preview":"max-video-preview:-1"},"canonical":"https:\/\/elfsight.com\/it\/facebook-reviews-widget\/webflow\/","og_locale":"it_IT","og_type":"article","og_title":"Il miglior widget di recensioni di Facebook per il sito Web Webflow (2025)","og_description":"Prova subito il nostro widget Recensioni Facebook per Webflow. Configura plugin unici per il tuo sito web in pochi minuti!","og_url":"https:\/\/elfsight.com\/it\/facebook-reviews-widget\/webflow\/","og_site_name":"Elfsight IT","article_modified_time":"2025-03-19T15:46:10+00:00","twitter_card":"summary_large_image","twitter_misc":{"Tempo di lettura stimato":"4 minuti"},"schema":{"@context":"https:\/\/schema.org","@graph":[{"@type":"WebPage","@id":"https:\/\/elfsight.com\/it\/facebook-reviews-widget\/webflow\/","url":"https:\/\/elfsight.com\/it\/facebook-reviews-widget\/webflow\/","name":"Il miglior widget di recensioni di Facebook per il sito Web Webflow (2025)","isPartOf":{"@id":"https:\/\/elfsight.com\/it\/#website"},"datePublished":"2024-05-03T06:36:25+00:00","dateModified":"2025-03-19T15:46:10+00:00","description":"Prova subito il nostro widget Recensioni Facebook per Webflow. Configura plugin unici per il tuo sito web in pochi minuti!","breadcrumb":{"@id":"https:\/\/elfsight.com\/it\/facebook-reviews-widget\/webflow\/#breadcrumb"},"inLanguage":"it-IT","potentialAction":[{"@type":"ReadAction","target":["https:\/\/elfsight.com\/it\/facebook-reviews-widget\/webflow\/"]}]},{"@type":"BreadcrumbList","@id":"https:\/\/elfsight.com\/it\/facebook-reviews-widget\/webflow\/#breadcrumb","itemListElement":[{"@type":"ListItem","position":1,"name":"Home","item":"https:\/\/elfsight.com\/it\/"},{"@type":"ListItem","position":2,"name":"Facebook Reviews","item":"https:\/\/elfsight.com\/it\/facebook-reviews-widget\/"},{"@type":"ListItem","position":3,"name":"Facebook Reviews &#8211; Webflow"}]},{"@type":"WebSite","@id":"https:\/\/elfsight.com\/it\/#website","url":"https:\/\/elfsight.com\/it\/","name":"Elfsight IT","description":"Just another Elfsight Sites site","potentialAction":[{"@type":"SearchAction","target":{"@type":"EntryPoint","urlTemplate":"https:\/\/elfsight.com\/it\/?s={search_term_string}"},"query-input":{"@type":"PropertyValueSpecification","valueRequired":true,"valueName":"search_term_string"}}],"inLanguage":"it-IT"}]}},"meta_box":{"industry":"","seo_heading":"","heading":"","description":"","cta_heading":"","cta_description":"","application":"1273","h1":"Widget delle recensioni di Facebook di Webflow","h1_caption":"Incorpora le recensioni dei clienti dalla tua pagina Facebook direttamente sul tuo sito web per aumentare facilmente la fiducia e la prova sociale nel tuo sito web Webflow.","application_category":[],"applications_title":"","applications_request_title":"","applications_request_button_text":"","hero_text":"","hero_video":"","hero_video_schema_markup":"","selling_points_title":"","selling_points_caption":"","selling_points":[],"selling_points_cta_text":"","features_title":"","features":"","ed_cta_examples_text":"","ed_cta_examples_hidden":"","ed_cta_demo_text":"","ed_cta_demo_hidden":"","why_caption":"","why_editor_title":"","why_editor_text":"","why_team_title":"","why_team_text":"","why_service_title":"","why_service_text":"","template_catalog_visible":"0","template_catalog_title":"","template_catalog_text":"","template_catalog_categories_visible":"","demo_title":"Crea il tuo widget Recensioni su Facebook","demo_caption":"Configura le tue recensioni su Facebook e aggiungile gratuitamente al tuo sito Webflow!","default_faq_hidden":"","app_template_category":[],"platform":"44","template_public_id":"","codecanyon_url":"","codecanyon_item_id":"","codecanyon_price":"","pricing_caption":"","pricing_elfsight_apps_hide_column":"","pricing_elfsight_apps_url":"","pricing_codecanyon_price_caption":"","integration_category":[],"integration_request_title":"","integration_request_cta":"","integration_platform":"","integrations":[],"platform_category":[],"video_schema_markup":"","price":"da $ 0 al mese","trial":"","benefits":[{"text":"Aiuto per l'installazione gratuito"},{"text":"Supporto premium"},{"text":"Garanzia di rimborso di 14 giorni"},{"text":"Miglioramenti continui"}],"button_url":"#demo","button_target_blank":"0","button_nofollow":"0","attributes":[{"name":"Installazioni"},{"name":"Reattivo","content":"S\u00cc"},{"name":"Browser compatibili","content":"Firefox, Safari, Opera, Chrome, Edge"}],"tags":[],"tags_disable_links":"0","hide_more_platforms":"0","video_object":"","demo_hide_cta":"0","demo_hide_cloud_options":"0","pricing_title":"","pricing":[{"pricing_icon":"platform","pricing_title":"Elfsight Apps","pricing_title_caption":"Versione indipendente dalla piattaforma che funziona su qualsiasi sito","pricing_price":"da $ 0 \/ mese","pricing_price_caption":"inizia con il piano gratuito","pricing_benefits":[{"text":"Domini illimitati"},{"text":"Supporto dedicato"},{"text":"Servizio di installazione gratuito"},{"text":"Prezzo speciale per pi\u00f9 app"}],"pricing_button_text":"Aggiungi al sito web","pricing_button_url":"#demo"}],"related_apps_title":"","related_apps_hidden":"0","author":"","image":[],"title":"","job":"","social_networks":[]},"_links":{"self":[{"href":"https:\/\/elfsight.com\/it\/wp-json\/wp\/v2\/pages\/4461","targetHints":{"allow":["GET"]}}],"collection":[{"href":"https:\/\/elfsight.com\/it\/wp-json\/wp\/v2\/pages"}],"about":[{"href":"https:\/\/elfsight.com\/it\/wp-json\/wp\/v2\/types\/page"}],"author":[{"embeddable":true,"href":"https:\/\/elfsight.com\/it\/wp-json\/wp\/v2\/users\/9"}],"replies":[{"embeddable":true,"href":"https:\/\/elfsight.com\/it\/wp-json\/wp\/v2\/comments?post=4461"}],"version-history":[{"count":3,"href":"https:\/\/elfsight.com\/it\/wp-json\/wp\/v2\/pages\/4461\/revisions"}],"predecessor-version":[{"id":9315,"href":"https:\/\/elfsight.com\/it\/wp-json\/wp\/v2\/pages\/4461\/revisions\/9315"}],"up":[{"embeddable":true,"href":"https:\/\/elfsight.com\/it\/wp-json\/wp\/v2\/pages\/1274"}],"wp:attachment":[{"href":"https:\/\/elfsight.com\/it\/wp-json\/wp\/v2\/media?parent=4461"}],"curies":[{"name":"wp","href":"https:\/\/api.w.org\/{rel}","templated":true}]}}