{"id":4453,"date":"2024-05-03T06:36:21","date_gmt":"2024-05-03T06:36:21","guid":{"rendered":"https:\/\/elfsight.com\/it\/?page_id=4453"},"modified":"2025-03-19T15:51:55","modified_gmt":"2025-03-19T15:51:55","slug":"wordpress","status":"publish","type":"page","link":"https:\/\/elfsight.com\/it\/facebook-reviews-widget\/wordpress\/","title":{"rendered":"Facebook Reviews &#8211; WordPress"},"content":{"rendered":"\n<div class=\"application-platform-content-item-description application-platform-content-item\" id=\"description\" data-nav-section=\"description\"><h2>Incorpora le recensioni di Facebook su WordPress con il widget Elfsight<\/h2><p>Mostra le recensioni dei tuoi clienti dai social network sul sito tramite Elfsight Facebook Recensioni e vantati della tua affidabilit\u00e0. I visitatori del sito apprenderanno cosa dicono i clienti della tua attivit\u00e0 su Facebook in un widget dal design pulito ed elementi Facebook autentici. L&#8217;interfaccia \u00e8 regolabile e dispone di valutazione a stelle, dati dell&#8217;autore, elementi commutabili e opzioni di layout e modello gi\u00e0 pronte. Utilizzando il plug-in Facebook Elfsight, puoi rivelare un pulsante per pubblicare nuove recensioni e attirare il feedback dei clienti.<\/p><p><b>Mostra ci\u00f2 che il pubblico pubblica sulla tua attivit\u00e0 su Facebook e aumenta il livello di affidabilit\u00e0!<\/b><\/p><ul><li><b>Aumenta il valore percepito dei tuoi prodotti dimostrando le migliori recensioni<\/b><br>Utilizza i filtri per nascondere tutte le recensioni negative e rendere gli spettatori senza dubbi sull&#8217;eccellenza dei tuoi articoli.<\/li><li><b>Attira pi\u00f9 acquisti mostrando la tua valutazione elevata<\/b><br>Mostra la tua valutazione eccellente e le recensioni eccellenti per dimostrare che vale la pena acquistare i tuoi articoli e attirare nuovi acquisti.<\/li><li><b> Ottieni una comprensione pi\u00f9 chiara delle tue offerte<\/b><br>Presentare i tuoi articoli attraverso gli occhi dei clienti aiuter\u00e0 gli utenti a comprendere correttamente.<\/li><\/ul><\/div><div class=\"application-platform-content-item-features application-platform-content-item\" id=\"features\" data-nav-section=\"features\"><h2>Caratteristiche principali del widget Recensioni di Facebook<\/h2><p>Ecco un elenco delle funzionalit\u00e0 di base del widget Elfsight che lo rendono un plugin indispensabile per WordPress:<\/p><ul><li>22 lingue predefinite supportate;<\/li><li>Tipi di layout a griglia classici o in muratura;<\/li><li>Tre modelli di revisione: Classico, Bubble, Spotlight;<\/li><li>Pulsante di richiesta di revisione per reindirizzare sulla pagina Facebook;<\/li><li>Titolo del widget modificabile con dimensione e peso del carattere regolabili.<\/li><\/ul><p><a href=\"#demo\">Scopri tutte le caratteristiche nel nostro configuratore<\/a><\/p><\/div><div class=\"application-platform-content-item-installation application-platform-content-item\" id=\"installation\" data-nav-section=\"installation\"><h2>Come aggiungere recensioni di Facebook al sito WordPress<\/h2><div class=\"video-container\"><iframe width=\"560\" height=\"315\" src=\"https:\/\/www.youtube.com\/embed\/UEK0Me8GX1A?si=xXAZ3SJ2fzULCHg2\" frameborder=\"0\" allow=\"accelerometer; autoplay; clipboard-write; encrypted-media; gyroscope; picture-in-picture; web-share\" allowfullscreen><\/iframe><\/div><p>Basta seguire questi passaggi indicati di seguito per inserire il plugin su WordPress.<\/p> <ol><li><b>Utilizza la nostra demo gratuita e inizia a creare il tuo plugin personalizzato. <\/b><br> Determina l&#8217;interfaccia e le specifiche adatte dello strumento e salva le modifiche. <\/li> <li><b>Ottieni il codice individuale che appare nella finestra delle app Elfsight. <\/b><br> Una volta terminata la generazione del tuo widget personale per le recensioni di Facebook, copia il codice individuale nella casella visualizzata e conservalo per un utilizzo futuro. <\/li> <li><b>Inizia a utilizzare il widget sul tuo sito WordPress. <\/b><br> Integra il codice copiato in precedenza nella tua pagina e salva le modifiche. <\/li> <li><b>L&#8217;installazione \u00e8 stata completata con successo. <\/b><br> Visita il tuo sito per verificare il rendimento del widget. <\/li><\/ol> <p>Si sono verificate delle query durante l&#8217;applicazione dell&#8217;istruzione? Lascia un messaggio al nostro centro di supporto o visualizza un testo completo delle istruzioni e completa tu stesso l&#8217;impostazione.<\/p><div class=\"faq\" data-component=\"FAQ\"> <div class=\"faq-item\">\r\n\t\t\t\t\t<div class=\"faq-item-question\">\r\n\t\t\t\t\t\t<h3 class=\"faq-item-question-text\">Come aggiungere recensioni di Facebook al mio sito Web WordPress senza competenze di programmazione?<\/h3>\r\n\r\n\t\t\t\t\t\t<div class=\"faq-item-question-icon\"><\/div>\r\n\t\t\t\t\t<\/div>\r\n\r\n\t\t\t\t\t<div class=\"faq-item-answer\">\r\n\t\t\t\t\t\t<div class=\"faq-item-answer-text\"> <p>Elfsight fornisce una soluzione SaaS che ti consente di creare tu stesso un widget per le recensioni di Facebook, scopri quanto \u00e8 semplice il processo: lavora direttamente nell&#8217;editor online per creare un widget per le recensioni di Facebook che vorresti vedere sul tuo sito Web WordPress. Scegli uno dei modelli predefiniti e regola le impostazioni delle recensioni di Facebook, aggiungi i tuoi contenuti, modifica il layout e i colori senza alcuna competenza di codifica. Salva le recensioni di Facebook e copia il codice di installazione, che potrai facilmente incorporare nel tuo sito WordPress senza dover acquistare una versione a pagamento. Con il nostro editor intuitivo qualsiasi utente di Internet pu\u00f2 creare widget per le recensioni di Facebook online e incorporarlo facilmente nel proprio sito Web WordPress. Non \u00e8 necessario pagare o inserire le credenziali della carta per accedere al servizio. In caso di problemi in qualsiasi momento, non esitate a contattare il nostro team di supporto tecnico.<\/p> <\/div>\r\n\t\t\t\t\t<\/div>\r\n\t\t\t\t<\/div> <\/div> <\/div>\n\n\n\n<p><\/p>\n","protected":false},"excerpt":{"rendered":"","protected":false},"author":9,"featured_media":0,"parent":1274,"menu_order":0,"comment_status":"closed","ping_status":"closed","template":"templates\/template-application-platform.php","meta":{"publish_to_discourse":"","publish_post_category":"","wpdc_auto_publish_overridden":"","wpdc_topic_tags":"","wpdc_pin_topic":"","wpdc_pin_until":"","discourse_post_id":"","discourse_permalink":"","wpdc_publishing_response":"","wpdc_publishing_error":"","footnotes":""},"class_list":["post-4453","page","type-page","status-publish","hentry"],"yoast_head":"<!-- This site is optimized with the Yoast SEO plugin v25.3.1 - https:\/\/yoast.com\/wordpress\/plugins\/seo\/ -->\n<title>Il miglior plugin per recensioni di Facebook per il sito Web WordPress (2026)<\/title>\n<meta name=\"description\" content=\"Prova gratuitamente il miglior plugin per recensioni di Facebook per WordPress. Un&#039;integrazione facile e veloce senza esperienza nella codifica in solo 1 minuto.\" \/>\n<meta name=\"robots\" content=\"index, follow, max-snippet:-1, max-image-preview:large, max-video-preview:-1\" \/>\n<link rel=\"canonical\" href=\"https:\/\/elfsight.com\/it\/facebook-reviews-widget\/wordpress\/\" \/>\n<meta property=\"og:locale\" content=\"it_IT\" \/>\n<meta property=\"og:type\" content=\"article\" \/>\n<meta property=\"og:title\" content=\"Il miglior plugin per recensioni di Facebook per il sito Web WordPress (2026)\" \/>\n<meta property=\"og:description\" content=\"Prova gratuitamente il miglior plugin per recensioni di Facebook per WordPress. Un&#039;integrazione facile e veloce senza esperienza nella codifica in solo 1 minuto.\" \/>\n<meta property=\"og:url\" content=\"https:\/\/elfsight.com\/it\/facebook-reviews-widget\/wordpress\/\" \/>\n<meta property=\"og:site_name\" content=\"Elfsight IT\" \/>\n<meta property=\"article:modified_time\" content=\"2025-03-19T15:51:55+00:00\" \/>\n<meta name=\"twitter:card\" content=\"summary_large_image\" \/>\n<meta name=\"twitter:label1\" content=\"Tempo di lettura stimato\" \/>\n\t<meta name=\"twitter:data1\" content=\"4 minuti\" \/>\n<!-- \/ Yoast SEO plugin. -->","yoast_head_json":{"title":"Il miglior plugin per recensioni di Facebook per il sito Web WordPress (2026)","description":"Prova gratuitamente il miglior plugin per recensioni di Facebook per WordPress. Un'integrazione facile e veloce senza esperienza nella codifica in solo 1 minuto.","robots":{"index":"index","follow":"follow","max-snippet":"max-snippet:-1","max-image-preview":"max-image-preview:large","max-video-preview":"max-video-preview:-1"},"canonical":"https:\/\/elfsight.com\/it\/facebook-reviews-widget\/wordpress\/","og_locale":"it_IT","og_type":"article","og_title":"Il miglior plugin per recensioni di Facebook per il sito Web WordPress (2026)","og_description":"Prova gratuitamente il miglior plugin per recensioni di Facebook per WordPress. Un'integrazione facile e veloce senza esperienza nella codifica in solo 1 minuto.","og_url":"https:\/\/elfsight.com\/it\/facebook-reviews-widget\/wordpress\/","og_site_name":"Elfsight IT","article_modified_time":"2025-03-19T15:51:55+00:00","twitter_card":"summary_large_image","twitter_misc":{"Tempo di lettura stimato":"4 minuti"},"schema":{"@context":"https:\/\/schema.org","@graph":[{"@type":"WebPage","@id":"https:\/\/elfsight.com\/it\/facebook-reviews-widget\/wordpress\/","url":"https:\/\/elfsight.com\/it\/facebook-reviews-widget\/wordpress\/","name":"Il miglior plugin per recensioni di Facebook per il sito Web WordPress (2026)","isPartOf":{"@id":"https:\/\/elfsight.com\/it\/#website"},"datePublished":"2024-05-03T06:36:21+00:00","dateModified":"2025-03-19T15:51:55+00:00","description":"Prova gratuitamente il miglior plugin per recensioni di Facebook per WordPress. Un'integrazione facile e veloce senza esperienza nella codifica in solo 1 minuto.","breadcrumb":{"@id":"https:\/\/elfsight.com\/it\/facebook-reviews-widget\/wordpress\/#breadcrumb"},"inLanguage":"it-IT","potentialAction":[{"@type":"ReadAction","target":["https:\/\/elfsight.com\/it\/facebook-reviews-widget\/wordpress\/"]}]},{"@type":"BreadcrumbList","@id":"https:\/\/elfsight.com\/it\/facebook-reviews-widget\/wordpress\/#breadcrumb","itemListElement":[{"@type":"ListItem","position":1,"name":"Home","item":"https:\/\/elfsight.com\/it\/"},{"@type":"ListItem","position":2,"name":"Facebook Reviews","item":"https:\/\/elfsight.com\/it\/facebook-reviews-widget\/"},{"@type":"ListItem","position":3,"name":"Facebook Reviews &#8211; WordPress"}]},{"@type":"WebSite","@id":"https:\/\/elfsight.com\/it\/#website","url":"https:\/\/elfsight.com\/it\/","name":"Elfsight IT","description":"Just another Elfsight Sites site","potentialAction":[{"@type":"SearchAction","target":{"@type":"EntryPoint","urlTemplate":"https:\/\/elfsight.com\/it\/?s={search_term_string}"},"query-input":{"@type":"PropertyValueSpecification","valueRequired":true,"valueName":"search_term_string"}}],"inLanguage":"it-IT"}]}},"meta_box":{"industry":"","seo_heading":"","heading":"","description":"","cta_heading":"","cta_description":"","application":"1273","h1":"Plug-in per le recensioni di Facebook su WordPress","h1_caption":"Incorpora le recensioni dei clienti dalla tua pagina Facebook direttamente sul tuo sito web per aumentare facilmente la fiducia e la prova sociale nel tuo sito web WordPress.","application_category":[],"applications_title":"","applications_request_title":"","applications_request_button_text":"","hero_text":"","hero_video":"","hero_video_schema_markup":"","selling_points_title":"","selling_points_caption":"","selling_points":[],"selling_points_cta_text":"","features_title":"","features":"","ed_cta_examples_text":"","ed_cta_examples_hidden":"","ed_cta_demo_text":"","ed_cta_demo_hidden":"","why_caption":"","why_editor_title":"","why_editor_text":"","why_team_title":"","why_team_text":"","why_service_title":"","why_service_text":"","template_catalog_visible":"0","template_catalog_title":"","template_catalog_text":"","template_catalog_categories_visible":"","demo_title":"Crea il tuo plugin per le recensioni di Facebook","demo_caption":"Configura le tue recensioni su Facebook e aggiungile gratuitamente al tuo sito WordPress!","default_faq_hidden":"","app_template_category":[],"platform":"28","template_public_id":"","codecanyon_url":"","codecanyon_item_id":"","codecanyon_price":"","pricing_caption":"","pricing_elfsight_apps_hide_column":"","pricing_elfsight_apps_url":"","pricing_codecanyon_price_caption":"","integration_category":[],"integration_request_title":"","integration_request_cta":"","integration_platform":"","integrations":[],"platform_category":[],"video_schema_markup":"","price":"da $ 0 al mese","trial":"","benefits":[{"text":"Servizio di installazione gratuito"},{"text":"Assistenza clienti professionale"},{"text":"Garanzia di rimborso di 14 giorni"},{"text":"Aggiornamenti futuri"}],"button_url":"#demo","button_target_blank":"0","button_nofollow":"0","attributes":[{"name":"Installazioni"},{"name":"Reattivo","content":"S\u00cc"},{"name":"Browser compatibili","content":"Edge, Chrome, Safari, Firefox, Opera"}],"tags":[],"tags_disable_links":"0","hide_more_platforms":"0","video_object":"","demo_hide_cta":"0","demo_hide_cloud_options":"0","pricing_title":"","pricing":[{"pricing_icon":"platform","pricing_title":"Elfsight Apps","pricing_title_caption":"Software multipiattaforma adatto a qualsiasi sito web","pricing_price":"da $ 0 \/ mese","pricing_price_caption":"inizia con il piano gratuito","pricing_benefits":[{"text":"Domini illimitati"},{"text":"Supporto gratuito"},{"text":"Servizio di installazione gratuito"},{"text":"Prezzo da prendere per pi\u00f9 app"}],"pricing_button_text":"Aggiungi al sito web","pricing_button_url":"#demo"}],"related_apps_title":"","related_apps_hidden":"0","author":"","image":[],"title":"","job":"","social_networks":[]},"_links":{"self":[{"href":"https:\/\/elfsight.com\/it\/wp-json\/wp\/v2\/pages\/4453","targetHints":{"allow":["GET"]}}],"collection":[{"href":"https:\/\/elfsight.com\/it\/wp-json\/wp\/v2\/pages"}],"about":[{"href":"https:\/\/elfsight.com\/it\/wp-json\/wp\/v2\/types\/page"}],"author":[{"embeddable":true,"href":"https:\/\/elfsight.com\/it\/wp-json\/wp\/v2\/users\/9"}],"replies":[{"embeddable":true,"href":"https:\/\/elfsight.com\/it\/wp-json\/wp\/v2\/comments?post=4453"}],"version-history":[{"count":3,"href":"https:\/\/elfsight.com\/it\/wp-json\/wp\/v2\/pages\/4453\/revisions"}],"predecessor-version":[{"id":9321,"href":"https:\/\/elfsight.com\/it\/wp-json\/wp\/v2\/pages\/4453\/revisions\/9321"}],"up":[{"embeddable":true,"href":"https:\/\/elfsight.com\/it\/wp-json\/wp\/v2\/pages\/1274"}],"wp:attachment":[{"href":"https:\/\/elfsight.com\/it\/wp-json\/wp\/v2\/media?parent=4453"}],"curies":[{"name":"wp","href":"https:\/\/api.w.org\/{rel}","templated":true}]}}