{"id":4452,"date":"2024-05-03T06:36:20","date_gmt":"2024-05-03T06:36:20","guid":{"rendered":"https:\/\/elfsight.com\/it\/?page_id=4452"},"modified":"2025-03-19T15:28:28","modified_gmt":"2025-03-19T15:28:28","slug":"bigcommerce","status":"publish","type":"page","link":"https:\/\/elfsight.com\/it\/facebook-reviews-widget\/bigcommerce\/","title":{"rendered":"Facebook Reviews &#8211; BigCommerce"},"content":{"rendered":"\n<div class=\"application-platform-content-item-description application-platform-content-item\" id=\"description\" data-nav-section=\"description\"><h2>Descrizione<\/h2><p>Svela le recensioni dei tuoi clienti da Facebook sul sito con Elfsight Facebook Reviews e dimostra il tuo alto livello di fiducia. Gli utenti del sito impareranno cosa dicono i clienti dei tuoi prodotti su Facebook in un widget con un&#8217;interfaccia bilanciata ed elementi Facebook originali. L&#8217;interfaccia \u00e8 reattiva e mostra la valutazione in stelle, i dati dell&#8217;autore, le funzionalit\u00e0 commutabili e le varianti di layout e modelli preimpostati. Con l&#8217;aiuto di Elfsight Facebook Reviews, puoi aggiungere un pulsante per lasciare una nuova recensione ricevendo cos\u00ec un nuovo feedback.<\/p><p>Ricevi pi\u00f9 informazioni sui clienti mostrando le recensioni di Facebook con una funzione per scriverne di nuove!<\/p><ul><li><b>Aumenta la fiducia rivelando le recensioni di utenti reali<\/b><br>Dimostra che le tue recensioni sono vere con dati dettagliati sull&#8217;autore e aumenta la credibilit\u00e0 del tuo marchio.<\/li><li><b>Attira recensioni con pulsante di invito all&#8217;azione<\/b><br>Con l&#8217;aiuto dell&#8217;accesso diretto alla tua pagina Facebook e di un pulsante di invito all&#8217;azione stimolante, puoi ottenere pi\u00f9 recensioni dei clienti.<\/li><li><b>Ottieni una comprensione pi\u00f9 chiara delle tue offerte<\/b><br>Mostrare i tuoi articoli attraverso l&#8217;esperienza dei clienti aiuter\u00e0 i futuri clienti a formarsi la giusta comprensione per comprenderli meglio.<\/li><\/ul><\/div><div class=\"application-platform-content-item-features application-platform-content-item\" id=\"features\" data-nav-section=\"features\"><h2>Caratteristiche<\/h2><p>Perch\u00e9 Elfsight \u00e8 il plugin migliore tra i widget BigCommerce di alta qualit\u00e0? Prova le nostre caratteristiche principali:<\/p><ul><li>Elementi commutabili dell&#8217;intestazione: valutazione e immagini dei revisori;<\/li><li>Navigazione con frecce e trascinamenti nel layout Slider;<\/li><li>Impostazioni velocit\u00e0 diapositiva e velocit\u00e0 di riproduzione automatica;<\/li><li>Due scenari di rifiuto della richiesta di revisione: mostrare un messaggio o nascondere il modulo;<\/li><li>5 elementi disegnabili dell&#8217;interfaccia: sfondo, testo di revisione, collegamenti. Pulsante di richiesta revisione, valutazione.<\/li><\/ul><p><a href=\"#demo\">Puoi provare tutti i vantaggi tramite l&#8217;editor live<\/a><\/p><\/div><div class=\"application-platform-content-item-installazione application-platform-content-item\" id=\"installazione\" data-nav-section=\"installazione\"><h2>Come incorporare le recensioni di Facebook nel sito web di BigCommerce<\/h2><div class=\"video-container\"><iframe width=\"560\" height=\"315\" src=\"https:\/\/www.youtube.com\/embed\/kl7pq1zmjbU?si=KDrv-c36wrjzDLgW\" frameborder=\"0\" allow=\"accelerometer; autoplay; clipboard-write; encrypted-media; gyroscope; picture-in-picture; web-share\" allowfullscreen><\/iframe><\/div><p>Segui semplicemente le linee guida seguenti per integrare il widget su BigCommerce.<\/p> <ol><li><b>Esegui il nostro editor gratuito e inizia a creare la tua app. <\/b><br> Specifica il layout selezionato e i parametri del widget e salva le modifiche. <\/li> <li><b>Copia il tuo codice univoco rivelato nell&#8217;apposito modulo su Elfsight Apps. <\/b><br> Non appena la configurazione del tuo widget personale Recensioni di Facebook \u00e8 completa, copia il codice esclusivo nella casella emersa e salvalo per un successivo utilizzo. <\/li> <li><b>Avvia l&#8217;utilizzo del widget sul tuo sito BigCommerce. <\/b><br> Aggiungi il codice che hai copiato in precedenza nel tuo sito web e salva i miglioramenti. <\/li> <li><b>Il gioco \u00e8 fatto! La configurazione \u00e8 stata eseguita con successo. <\/b><br> Visita il tuo sito web per vedere come funziona lo strumento. <\/li><\/ol><p>Hai bisogno di aiuto per aggiungere o generare il plugin? Gli specialisti del supporto Elfsight saranno felici di supportare e proporre una soluzione!<\/p><div class=\"faq\" data-component=\"FAQ\"> <div class=\"faq-item\">\r\n\t\t\t\t\t<div class=\"faq-item-question\">\r\n\t\t\t\t\t\t<h3 class=\"faq-item-question-text\">Come posso aggiungere recensioni di Facebook al mio sito web BigCommerce senza competenze di codifica?<\/h3>\r\n\r\n\t\t\t\t\t\t<div class=\"faq-item-question-icon\"><\/div>\r\n\t\t\t\t\t<\/div>\r\n\r\n\t\t\t\t\t<div class=\"faq-item-answer\">\r\n\t\t\t\t\t\t<div class=\"faq-item-answer-text\"> <p>Elfsight fornisce una soluzione SaaS che ti consente di creare tu stesso un widget Recensioni su Facebook, scopri quanto \u00e8 semplice il processo: lavora direttamente nell&#8217;editor online per creare un widget Recensioni su Facebook che vorresti vedere sul tuo sito web BigCommerce. Scegli uno dei modelli predefiniti e regola le impostazioni delle recensioni di Facebook, aggiungi i tuoi contenuti, modifica il layout e i colori senza competenze di codifica. Salva le recensioni di Facebook e copia il codice di installazione, che potrai semplicemente aggiungere al tuo sito BigCommerce senza acquistare una versione a pagamento. Con il nostro editor intuitivo qualsiasi utente di Internet pu\u00f2 creare un widget per le recensioni di Facebook online e incorporarlo facilmente nel proprio sito Web BigCommerce. Non \u00e8 necessario pagare o inserire le credenziali della carta per accedere al servizio. In caso di problemi in qualsiasi momento, non esitate a contattare il nostro team di supporto tecnico.<\/p> <\/div>\r\n\t\t\t\t\t<\/div>\r\n\t\t\t\t<\/div> <\/div> <\/div>\n","protected":false},"excerpt":{"rendered":"","protected":false},"author":9,"featured_media":0,"parent":1274,"menu_order":0,"comment_status":"closed","ping_status":"closed","template":"templates\/template-application-platform.php","meta":{"publish_to_discourse":"","publish_post_category":"","wpdc_auto_publish_overridden":"","wpdc_topic_tags":"","wpdc_pin_topic":"","wpdc_pin_until":"","discourse_post_id":"","discourse_permalink":"","wpdc_publishing_response":"","wpdc_publishing_error":"","footnotes":""},"class_list":["post-4452","page","type-page","status-publish","hentry"],"yoast_head":"<!-- This site is optimized with the Yoast SEO plugin v25.3.1 - https:\/\/yoast.com\/wordpress\/plugins\/seo\/ -->\n<title>La migliore app di recensioni di Facebook per il sito Web di BigCommerce (2025)<\/title>\n<meta name=\"description\" content=\"Crea un&#039;app per le recensioni di Facebook personalizzata per il sito Web BigCommerce. Aggiungi widget interattivi gratuitamente in soli 3 minuti utilizzando l&#039;editor di plugin pi\u00f9 semplice.\" \/>\n<meta name=\"robots\" content=\"index, follow, max-snippet:-1, max-image-preview:large, max-video-preview:-1\" \/>\n<link rel=\"canonical\" href=\"https:\/\/elfsight.com\/it\/facebook-reviews-widget\/bigcommerce\/\" \/>\n<meta property=\"og:locale\" content=\"it_IT\" \/>\n<meta property=\"og:type\" content=\"article\" \/>\n<meta property=\"og:title\" content=\"La migliore app di recensioni di Facebook per il sito Web di BigCommerce (2025)\" \/>\n<meta property=\"og:description\" content=\"Crea un&#039;app per le recensioni di Facebook personalizzata per il sito Web BigCommerce. Aggiungi widget interattivi gratuitamente in soli 3 minuti utilizzando l&#039;editor di plugin pi\u00f9 semplice.\" \/>\n<meta property=\"og:url\" content=\"https:\/\/elfsight.com\/it\/facebook-reviews-widget\/bigcommerce\/\" \/>\n<meta property=\"og:site_name\" content=\"Elfsight IT\" \/>\n<meta property=\"article:modified_time\" content=\"2025-03-19T15:28:28+00:00\" \/>\n<meta name=\"twitter:card\" content=\"summary_large_image\" \/>\n<meta name=\"twitter:label1\" content=\"Tempo di lettura stimato\" \/>\n\t<meta name=\"twitter:data1\" content=\"4 minuti\" \/>\n<!-- \/ Yoast SEO plugin. -->","yoast_head_json":{"title":"La migliore app di recensioni di Facebook per il sito Web di BigCommerce (2025)","description":"Crea un'app per le recensioni di Facebook personalizzata per il sito Web BigCommerce. Aggiungi widget interattivi gratuitamente in soli 3 minuti utilizzando l'editor di plugin pi\u00f9 semplice.","robots":{"index":"index","follow":"follow","max-snippet":"max-snippet:-1","max-image-preview":"max-image-preview:large","max-video-preview":"max-video-preview:-1"},"canonical":"https:\/\/elfsight.com\/it\/facebook-reviews-widget\/bigcommerce\/","og_locale":"it_IT","og_type":"article","og_title":"La migliore app di recensioni di Facebook per il sito Web di BigCommerce (2025)","og_description":"Crea un'app per le recensioni di Facebook personalizzata per il sito Web BigCommerce. Aggiungi widget interattivi gratuitamente in soli 3 minuti utilizzando l'editor di plugin pi\u00f9 semplice.","og_url":"https:\/\/elfsight.com\/it\/facebook-reviews-widget\/bigcommerce\/","og_site_name":"Elfsight IT","article_modified_time":"2025-03-19T15:28:28+00:00","twitter_card":"summary_large_image","twitter_misc":{"Tempo di lettura stimato":"4 minuti"},"schema":{"@context":"https:\/\/schema.org","@graph":[{"@type":"WebPage","@id":"https:\/\/elfsight.com\/it\/facebook-reviews-widget\/bigcommerce\/","url":"https:\/\/elfsight.com\/it\/facebook-reviews-widget\/bigcommerce\/","name":"La migliore app di recensioni di Facebook per il sito Web di BigCommerce (2025)","isPartOf":{"@id":"https:\/\/elfsight.com\/it\/#website"},"datePublished":"2024-05-03T06:36:20+00:00","dateModified":"2025-03-19T15:28:28+00:00","description":"Crea un'app per le recensioni di Facebook personalizzata per il sito Web BigCommerce. Aggiungi widget interattivi gratuitamente in soli 3 minuti utilizzando l'editor di plugin pi\u00f9 semplice.","breadcrumb":{"@id":"https:\/\/elfsight.com\/it\/facebook-reviews-widget\/bigcommerce\/#breadcrumb"},"inLanguage":"it-IT","potentialAction":[{"@type":"ReadAction","target":["https:\/\/elfsight.com\/it\/facebook-reviews-widget\/bigcommerce\/"]}]},{"@type":"BreadcrumbList","@id":"https:\/\/elfsight.com\/it\/facebook-reviews-widget\/bigcommerce\/#breadcrumb","itemListElement":[{"@type":"ListItem","position":1,"name":"Home","item":"https:\/\/elfsight.com\/it\/"},{"@type":"ListItem","position":2,"name":"Facebook Reviews","item":"https:\/\/elfsight.com\/it\/facebook-reviews-widget\/"},{"@type":"ListItem","position":3,"name":"Facebook Reviews &#8211; BigCommerce"}]},{"@type":"WebSite","@id":"https:\/\/elfsight.com\/it\/#website","url":"https:\/\/elfsight.com\/it\/","name":"Elfsight IT","description":"Just another Elfsight Sites site","potentialAction":[{"@type":"SearchAction","target":{"@type":"EntryPoint","urlTemplate":"https:\/\/elfsight.com\/it\/?s={search_term_string}"},"query-input":{"@type":"PropertyValueSpecification","valueRequired":true,"valueName":"search_term_string"}}],"inLanguage":"it-IT"}]}},"meta_box":{"industry":"","seo_heading":"","heading":"","description":"","cta_heading":"","cta_description":"","application":"1273","h1":"Widget per le recensioni di Facebook di BigCommerce","h1_caption":"Incorpora le recensioni dei clienti dalla tua pagina Facebook direttamente sul tuo sito web per aumentare facilmente la fiducia e la prova sociale nel tuo sito web BigCommerce.","application_category":[],"applications_title":"","applications_request_title":"","applications_request_button_text":"","hero_text":"","hero_video":"","hero_video_schema_markup":"","selling_points_title":"","selling_points_caption":"","selling_points":[],"selling_points_cta_text":"","features_title":"","features":"","ed_cta_examples_text":"","ed_cta_examples_hidden":"","ed_cta_demo_text":"","ed_cta_demo_hidden":"","why_caption":"","why_editor_title":"","why_editor_text":"","why_team_title":"","why_team_text":"","why_service_title":"","why_service_text":"","template_catalog_visible":"0","template_catalog_title":"","template_catalog_text":"","template_catalog_categories_visible":"","demo_title":"Crea la tua app per le recensioni su Facebook","demo_caption":"Configura le tue recensioni su Facebook e aggiungile gratuitamente al tuo sito BigCommerce!","default_faq_hidden":"","app_template_category":[],"platform":"32","template_public_id":"","codecanyon_url":"","codecanyon_item_id":"","codecanyon_price":"","pricing_caption":"","pricing_elfsight_apps_hide_column":"","pricing_elfsight_apps_url":"","pricing_codecanyon_price_caption":"","integration_category":[],"integration_request_title":"","integration_request_cta":"","integration_platform":"","integrations":[],"platform_category":[],"video_schema_markup":"","price":"da $ 0 al mese","trial":"","benefits":[{"text":"Servizio di installazione gratuito"},{"text":"Supporto eccezionale"},{"text":"Garanzia di rimborso di 14 giorni"},{"text":"Sviluppo continuo"}],"button_url":"#demo","button_target_blank":"0","button_nofollow":"0","attributes":[{"name":"Installazioni"},{"name":"Reattivo","content":"S\u00cc"},{"name":"Browser compatibili","content":"Firefox, Safari, Opera, Chrome, Edge"}],"tags":[],"tags_disable_links":"0","hide_more_platforms":"0","video_object":"","demo_hide_cta":"0","demo_hide_cloud_options":"0","pricing_title":"","pricing":[{"pricing_icon":"platform","pricing_title":"Elfsight Apps","pricing_title_caption":"Versione multipiattaforma adatta a qualsiasi sito","pricing_price":"da $ 0 \/ mese","pricing_price_caption":"inizia con un piano gratuito","pricing_benefits":[{"text":"Siti web illimitati"},{"text":"Supporto aziendale professionale"},{"text":"Supporto gratuito per l'installazione"},{"text":"100% personalizzabile"}],"pricing_button_text":"Aggiungi al sito web","pricing_button_url":"#demo"}],"related_apps_title":"","related_apps_hidden":"0","author":"","image":[],"title":"","job":"","social_networks":[]},"_links":{"self":[{"href":"https:\/\/elfsight.com\/it\/wp-json\/wp\/v2\/pages\/4452","targetHints":{"allow":["GET"]}}],"collection":[{"href":"https:\/\/elfsight.com\/it\/wp-json\/wp\/v2\/pages"}],"about":[{"href":"https:\/\/elfsight.com\/it\/wp-json\/wp\/v2\/types\/page"}],"author":[{"embeddable":true,"href":"https:\/\/elfsight.com\/it\/wp-json\/wp\/v2\/users\/9"}],"replies":[{"embeddable":true,"href":"https:\/\/elfsight.com\/it\/wp-json\/wp\/v2\/comments?post=4452"}],"version-history":[{"count":3,"href":"https:\/\/elfsight.com\/it\/wp-json\/wp\/v2\/pages\/4452\/revisions"}],"predecessor-version":[{"id":9298,"href":"https:\/\/elfsight.com\/it\/wp-json\/wp\/v2\/pages\/4452\/revisions\/9298"}],"up":[{"embeddable":true,"href":"https:\/\/elfsight.com\/it\/wp-json\/wp\/v2\/pages\/1274"}],"wp:attachment":[{"href":"https:\/\/elfsight.com\/it\/wp-json\/wp\/v2\/media?parent=4452"}],"curies":[{"name":"wp","href":"https:\/\/api.w.org\/{rel}","templated":true}]}}