{"id":4445,"date":"2024-05-03T06:36:17","date_gmt":"2024-05-03T06:36:17","guid":{"rendered":"https:\/\/elfsight.com\/it\/?page_id=4445"},"modified":"2025-03-19T15:37:57","modified_gmt":"2025-03-19T15:37:57","slug":"jquery","status":"publish","type":"page","link":"https:\/\/elfsight.com\/it\/facebook-reviews-widget\/jquery\/","title":{"rendered":"Facebook Reviews &#8211; jQuery"},"content":{"rendered":"\n<div class=\"application-platform-content-item-description application-platform-content-item\" id=\"description\" data-nav-section=\"description\"><h2>Descrizione<\/h2><p>Presenta le recensioni dei tuoi clienti da Facebook sul sito web con Elfsight Facebook Reviews e vanta la tua affidabilit\u00e0. Il pubblico del sito vedr\u00e0 cosa dicono i clienti sui tuoi prodotti su Facebook in un widget dal design pulito ed elementi Facebook originali. L&#8217;interfaccia \u00e8 regolabile e presenta valutazione a stelle, informazioni sull&#8217;autore, funzionalit\u00e0 commutabili e opzioni di layout e modello gi\u00e0 pronte. Con l&#8217;aiuto delle recensioni Facebook di Elfsight, puoi mostrare un pulsante per aggiungere una nuova recensione e attirare il feedback dei clienti.<\/p><p><b>Incolla le tue recensioni su Facebook sul sito web per svelare la tua valutazione elevata!<\/b> <\/p><ul><li><b>Aumenta l&#8217;affidabilit\u00e0 rivelando le recensioni degli utenti reali<\/b><br>Convinci gli utenti che le tue recensioni sono vere utilizzando i dati completi dell&#8217;autore e aumenta la fiducia nel tuo marchio.<\/li><li><b>Aumenta gli acquisti mostrando la tua valutazione elevata<\/b><br>Dimostra la tua valutazione elevata e le tue eccellenti recensioni per convincere gli utenti che vale la pena acquistare i tuoi articoli.<\/li><li><b>Ottieni una comprensione pi\u00f9 chiara di le tue offerte<\/b><br>Dimostrare i tuoi prodotti attraverso l&#8217;esperienza dei clienti aiuter\u00e0 i potenziali clienti a formarsi la giusta comprensione per comprenderli meglio.<\/li><\/ul><\/div><div class=\"application-platform-content-item-features application-platform-content-item\" id=\"features\" data-nav-section=\"features\"><h2>Caratteristiche<\/h2><p>Ecco un breve elenco di funzionalit\u00e0 che rendono il nostro plugin una soluzione perfetta per JQuery:<\/p><ul><li>Tre tipi di filtri: per tipo, esclusione per e quantit\u00e0 di recensioni;<\/li><li>Scegliere il numero di recensioni per pagina;<\/li><li>Impostare la velocit\u00e0 di diapositiva e la velocit\u00e0 di riproduzione automatica;<\/li><li>Link supportati nel messaggio di rifiuto della richiesta di revisione;<\/li><li>Tre tipi di decorazione per la revisione: Bordo, Sfondo, Nessuno.<\/li><\/ul><p><a href=\"#demo\">Scopri il set completo di funzioni nella demo!<\/a><\/p><\/div><div class=\"application-platform-content-item-installation application-platform-content-item\" id=\"installation\" data-nav-section=\"installation\"><h2>Come aggiungere recensioni di Facebook al sito Web jQuery<\/h2><p>Il plug-in Elfsight \u00e8 il pi\u00f9 semplice in termini di integrazione e non richiede competenze di programmazione web. Il tempo medio di installazione non supera gli 80 secondi.<\/p><ol><li><b>Costruisci le tue recensioni Facebook personalizzate<\/b><br>Con il nostro editor gratuito, crea un plug-in con le opzioni di layout e impostazioni richieste. <\/li><li><b>Ottieni un codice per la pubblicazione del plugin<\/b><br>Dopo la personalizzazione del widget, ottieni un codice per il plugin Recensioni dalla notifica apparsa su Elfsight Apps.<\/li><li><b>Posiziona il widget sul sito web<\/b><br>Apri il codice della pagina nell&#8217;editor HTML, aggiungi il widget nell&#8217;area selezionata (contenuto, pi\u00e8 di pagina, barra laterale ecc.) e pubblica i risultati.<\/li><li><b>La configurazione \u00e8 completata<\/b><br>Apri il sito per vedere il tuo lavoro.<\/li><\/ol><p>Sono apparse domande durante l&#8217;installazione? Invia una richiesta al centro di supporto Elfsight o utilizza il testo completo del tutorial per completare la creazione del plug-in da solo.<\/p><div class=\"faq\" data-component=\"FAQ\"> <div class=\"faq-item\">\r\n\t\t\t\t\t<div class=\"faq-item-question\">\r\n\t\t\t\t\t\t<h3 class=\"faq-item-question-text\">Come posso aggiungere recensioni di Facebook al mio sito Web jQuery senza competenze di codifica? <\/h3>\r\n\r\n\t\t\t\t\t\t<div class=\"faq-item-question-icon\"><\/div>\r\n\t\t\t\t\t<\/div>\r\n\r\n\t\t\t\t\t<div class=\"faq-item-answer\">\r\n\t\t\t\t\t\t<div class=\"faq-item-answer-text\"> <p>Elfsight fornisce una soluzione SaaS che ti consente di creare tu stesso un widget per le recensioni di Facebook, scopri quanto \u00e8 semplice il processo: lavora direttamente nell&#8217;editor online per creare un widget per le recensioni di Facebook che vorresti vedere sul tuo sito web jQuery. Scegli uno dei modelli predefiniti e regola le impostazioni delle recensioni di Facebook, aggiungi i tuoi contenuti, modifica il layout e i colori senza alcuna competenza di codifica. Salva le recensioni di Facebook e copia il codice di installazione, che potrai incorporare facilmente nel tuo sito jQuery senza dover acquistare un abbonamento a pagamento. Con il nostro editor intuitivo qualsiasi utente di Internet pu\u00f2 creare widget di recensioni di Facebook online e incorporarlo facilmente nel proprio sito Web jQuery. Non \u00e8 necessario pagare o inserire le credenziali della carta per accedere al servizio. In caso di problemi in qualsiasi momento, non esitate a contattare il nostro team di supporto tecnico.<\/p> <\/div>\r\n\t\t\t\t\t<\/div>\r\n\t\t\t\t<\/div> <\/div> <\/div>\n","protected":false},"excerpt":{"rendered":"","protected":false},"author":9,"featured_media":0,"parent":1274,"menu_order":0,"comment_status":"closed","ping_status":"closed","template":"templates\/template-application-platform.php","meta":{"publish_to_discourse":"","publish_post_category":"","wpdc_auto_publish_overridden":"","wpdc_topic_tags":"","wpdc_pin_topic":"","wpdc_pin_until":"","discourse_post_id":"","discourse_permalink":"","wpdc_publishing_response":"","wpdc_publishing_error":"","footnotes":""},"class_list":["post-4445","page","type-page","status-publish","hentry"],"yoast_head":"<!-- This site is optimized with the Yoast SEO plugin v25.3.1 - https:\/\/yoast.com\/wordpress\/plugins\/seo\/ -->\n<title>Il miglior plugin per recensioni di Facebook per il sito Web jQuery (2025)<\/title>\n<meta name=\"description\" content=\"Costruisci il tuo plugin Facebook Revies per jQuery e installalo sul tuo sito web. Editor gratuito, aiuto con l&#039;installazione e altri widget di Elfsight!\" \/>\n<meta name=\"robots\" content=\"index, follow, max-snippet:-1, max-image-preview:large, max-video-preview:-1\" \/>\n<link rel=\"canonical\" href=\"https:\/\/elfsight.com\/it\/facebook-reviews-widget\/jquery\/\" \/>\n<meta property=\"og:locale\" content=\"it_IT\" \/>\n<meta property=\"og:type\" content=\"article\" \/>\n<meta property=\"og:title\" content=\"Il miglior plugin per recensioni di Facebook per il sito Web jQuery (2025)\" \/>\n<meta property=\"og:description\" content=\"Costruisci il tuo plugin Facebook Revies per jQuery e installalo sul tuo sito web. Editor gratuito, aiuto con l&#039;installazione e altri widget di Elfsight!\" \/>\n<meta property=\"og:url\" content=\"https:\/\/elfsight.com\/it\/facebook-reviews-widget\/jquery\/\" \/>\n<meta property=\"og:site_name\" content=\"Elfsight IT\" \/>\n<meta property=\"article:modified_time\" content=\"2025-03-19T15:37:57+00:00\" \/>\n<meta name=\"twitter:card\" content=\"summary_large_image\" \/>\n<meta name=\"twitter:label1\" content=\"Tempo di lettura stimato\" \/>\n\t<meta name=\"twitter:data1\" content=\"4 minuti\" \/>\n<!-- \/ Yoast SEO plugin. -->","yoast_head_json":{"title":"Il miglior plugin per recensioni di Facebook per il sito Web jQuery (2025)","description":"Costruisci il tuo plugin Facebook Revies per jQuery e installalo sul tuo sito web. Editor gratuito, aiuto con l'installazione e altri widget di Elfsight!","robots":{"index":"index","follow":"follow","max-snippet":"max-snippet:-1","max-image-preview":"max-image-preview:large","max-video-preview":"max-video-preview:-1"},"canonical":"https:\/\/elfsight.com\/it\/facebook-reviews-widget\/jquery\/","og_locale":"it_IT","og_type":"article","og_title":"Il miglior plugin per recensioni di Facebook per il sito Web jQuery (2025)","og_description":"Costruisci il tuo plugin Facebook Revies per jQuery e installalo sul tuo sito web. Editor gratuito, aiuto con l'installazione e altri widget di Elfsight!","og_url":"https:\/\/elfsight.com\/it\/facebook-reviews-widget\/jquery\/","og_site_name":"Elfsight IT","article_modified_time":"2025-03-19T15:37:57+00:00","twitter_card":"summary_large_image","twitter_misc":{"Tempo di lettura stimato":"4 minuti"},"schema":{"@context":"https:\/\/schema.org","@graph":[{"@type":"WebPage","@id":"https:\/\/elfsight.com\/it\/facebook-reviews-widget\/jquery\/","url":"https:\/\/elfsight.com\/it\/facebook-reviews-widget\/jquery\/","name":"Il miglior plugin per recensioni di Facebook per il sito Web jQuery (2025)","isPartOf":{"@id":"https:\/\/elfsight.com\/it\/#website"},"datePublished":"2024-05-03T06:36:17+00:00","dateModified":"2025-03-19T15:37:57+00:00","description":"Costruisci il tuo plugin Facebook Revies per jQuery e installalo sul tuo sito web. Editor gratuito, aiuto con l'installazione e altri widget di Elfsight!","breadcrumb":{"@id":"https:\/\/elfsight.com\/it\/facebook-reviews-widget\/jquery\/#breadcrumb"},"inLanguage":"it-IT","potentialAction":[{"@type":"ReadAction","target":["https:\/\/elfsight.com\/it\/facebook-reviews-widget\/jquery\/"]}]},{"@type":"BreadcrumbList","@id":"https:\/\/elfsight.com\/it\/facebook-reviews-widget\/jquery\/#breadcrumb","itemListElement":[{"@type":"ListItem","position":1,"name":"Home","item":"https:\/\/elfsight.com\/it\/"},{"@type":"ListItem","position":2,"name":"Facebook Reviews","item":"https:\/\/elfsight.com\/it\/facebook-reviews-widget\/"},{"@type":"ListItem","position":3,"name":"Facebook Reviews &#8211; jQuery"}]},{"@type":"WebSite","@id":"https:\/\/elfsight.com\/it\/#website","url":"https:\/\/elfsight.com\/it\/","name":"Elfsight IT","description":"Just another Elfsight Sites site","potentialAction":[{"@type":"SearchAction","target":{"@type":"EntryPoint","urlTemplate":"https:\/\/elfsight.com\/it\/?s={search_term_string}"},"query-input":{"@type":"PropertyValueSpecification","valueRequired":true,"valueName":"search_term_string"}}],"inLanguage":"it-IT"}]}},"meta_box":{"industry":"","seo_heading":"","heading":"","description":"","cta_heading":"","cta_description":"","application":"1273","h1":"Plug-in jQuery per le recensioni di Facebook","h1_caption":"Incorpora le recensioni dei clienti dalla tua pagina Facebook direttamente sul tuo sito web per aumentare facilmente la fiducia e la prova sociale nel tuo sito web jQuery.","application_category":[],"applications_title":"","applications_request_title":"","applications_request_button_text":"","hero_text":"","hero_video":"","hero_video_schema_markup":"","selling_points_title":"","selling_points_caption":"","selling_points":[],"selling_points_cta_text":"","features_title":"","features":"","ed_cta_examples_text":"","ed_cta_examples_hidden":"","ed_cta_demo_text":"","ed_cta_demo_hidden":"","why_caption":"","why_editor_title":"","why_editor_text":"","why_team_title":"","why_team_text":"","why_service_title":"","why_service_text":"","template_catalog_visible":"0","template_catalog_title":"","template_catalog_text":"","template_catalog_categories_visible":"","demo_title":"Crea il tuo plugin per le recensioni di Facebook","demo_caption":"Configura le tue recensioni su Facebook e aggiungile gratuitamente al tuo sito jQuery!","default_faq_hidden":"","app_template_category":[],"platform":"37","template_public_id":"","codecanyon_url":"","codecanyon_item_id":"","codecanyon_price":"","pricing_caption":"","pricing_elfsight_apps_hide_column":"","pricing_elfsight_apps_url":"","pricing_codecanyon_price_caption":"","integration_category":[],"integration_request_title":"","integration_request_cta":"","integration_platform":"","integrations":[],"platform_category":[],"video_schema_markup":"","price":"da $ 0 al mese","trial":"","benefits":[{"text":"Assistenza gratuita per l'installazione"},{"text":"Supporto eccezionale"},{"text":"Garanzia di rimborso di 14 giorni"},{"text":"Aggiornamenti regolari"}],"button_url":"#demo","button_target_blank":"0","button_nofollow":"0","attributes":[{"name":"Installazioni"},{"name":"Reattivo","content":"S\u00cc"},{"name":"Browser compatibili","content":"Firefox, Safari, Opera, Chrome, Edge"}],"tags":[],"tags_disable_links":"0","hide_more_platforms":"0","video_object":"","demo_hide_cta":"0","demo_hide_cloud_options":"0","pricing_title":"","pricing":[{"pricing_icon":"platform","pricing_title":"Elfsight Apps","pricing_title_caption":"Soluzione multipiattaforma che funziona su qualsiasi sito web","pricing_price":"da $ 0 \/ mese","pricing_price_caption":"inizia con un piano gratuito","pricing_benefits":[{"text":"Domini illimitati"},{"text":"Assistenza clienti 24 ore su 24, 7 giorni su 7"},{"text":"Servizio di installazione gratuito"},{"text":"100% personalizzabile"}],"pricing_button_text":"Aggiungi al sito web","pricing_button_url":"#demo"}],"related_apps_title":"","related_apps_hidden":"0","author":"","image":[],"title":"","job":"","social_networks":[]},"_links":{"self":[{"href":"https:\/\/elfsight.com\/it\/wp-json\/wp\/v2\/pages\/4445","targetHints":{"allow":["GET"]}}],"collection":[{"href":"https:\/\/elfsight.com\/it\/wp-json\/wp\/v2\/pages"}],"about":[{"href":"https:\/\/elfsight.com\/it\/wp-json\/wp\/v2\/types\/page"}],"author":[{"embeddable":true,"href":"https:\/\/elfsight.com\/it\/wp-json\/wp\/v2\/users\/9"}],"replies":[{"embeddable":true,"href":"https:\/\/elfsight.com\/it\/wp-json\/wp\/v2\/comments?post=4445"}],"version-history":[{"count":3,"href":"https:\/\/elfsight.com\/it\/wp-json\/wp\/v2\/pages\/4445\/revisions"}],"predecessor-version":[{"id":9309,"href":"https:\/\/elfsight.com\/it\/wp-json\/wp\/v2\/pages\/4445\/revisions\/9309"}],"up":[{"embeddable":true,"href":"https:\/\/elfsight.com\/it\/wp-json\/wp\/v2\/pages\/1274"}],"wp:attachment":[{"href":"https:\/\/elfsight.com\/it\/wp-json\/wp\/v2\/media?parent=4445"}],"curies":[{"name":"wp","href":"https:\/\/api.w.org\/{rel}","templated":true}]}}