{"id":4444,"date":"2024-05-03T06:36:16","date_gmt":"2024-05-03T06:36:16","guid":{"rendered":"https:\/\/elfsight.com\/it\/?page_id=4444"},"modified":"2025-03-19T15:35:48","modified_gmt":"2025-03-19T15:35:48","slug":"elementor","status":"publish","type":"page","link":"https:\/\/elfsight.com\/it\/facebook-reviews-widget\/elementor\/","title":{"rendered":"Facebook Reviews &#8211; Elementor"},"content":{"rendered":"\n<div class=\"application-platform-content-item-description application-platform-content-item\" id=\"description\" data-nav-section=\"description\"><h2>Incorpora recensioni di Facebook su Elementor con il widget Elfsight<\/h2> <p>Pubblica le recensioni dei tuoi clienti da Facebook sul sito con Elfsight Facebook Reviews e dichiara il tuo alto livello di fiducia. I visitatori del sito web vedranno cosa dice di te la clientela su Facebook in un widget dal design pulito ed elementi Facebook autentici. L&#8217;interfaccia \u00e8 personalizzabile e mostra la valutazione in stelle, i dettagli dell&#8217;autore, i componenti commutabili e include layout predefiniti e varianti di modello. Tramite Elfsight Facebook Reviews, puoi mostrare un pulsante per lasciare una nuova recensione e ottenere feedback da nuovi clienti.<\/p> <p>Ricevi pi\u00f9 opinioni dei clienti che dimostrano le recensioni su Facebook con la possibilit\u00e0 di pubblicarne di nuove!<\/p> <p><b>Aumenta il valore percepito dei tuoi articoli dimostrando le migliori recensioni<\/b><br>Utilizza i filtri per nascondere tutte le recensioni indesiderate e rendere gli utenti dubbiosi sull&#8217;eccellenza delle tue offerte.<\/p> <p><b>Ricevi novit\u00e0 recensioni con pulsante di invito all&#8217;azione<\/b><br> Grazie all&#8217;accesso diretto alla tua pagina Facebook e allo stimolante pulsante di invito all&#8217;azione, puoi ricevere pi\u00f9 informazioni sui clienti.<\/p> <p><b>Ottenere una comprensione pi\u00f9 chiara delle tue offerte<\/b><br> Mostrare i tuoi articoli attraverso gli occhi dei clienti aiuter\u00e0 i potenziali clienti a comprendere la giusta comprensione.<\/p><\/div><div class=\"application-platform-content-item-features application-platform-content-item\" id=\"features\" data-nav-section=\"features\"><h2>Principale funzionalit\u00e0 del widget Recensioni di Facebook<\/h2><p>Un paio di propriet\u00e0, che trasformano il widget Elfsight in un plugin indispensabile per qualsiasi sito WordPress:<\/p><ul><li>Incorporamento delle recensioni dei clienti dalla pagina Facebook; <\/li> <li>Tre tipi di layout: Elenco, Griglia e Dispositivo di scorrimento;<\/li> <li>Tre modelli di revisione: Classico, A bolle, Spotlight;<\/li> <li>Link supportati nel messaggio di rifiuto della richiesta di revisione ;<\/li> <li>Tre tipi di decorazione per la revisione: Bordo, Sfondo, Nessuno.<\/li> <\/ul><p><a href=\"#demo\">Prova l&#8217;intero elenco dei tratti nel nostro configuratore<\/a><\/p><\/div><div class=\"application-platform-content-item-installation application-platform-content-item\" id=\"installation\" data-nav-section=\"installation\"><h2>Come aggiungere recensioni di Facebook al sito Web di Elementor<\/h2><div class=\"video-container\"><iframe width=\"560\" height=\"315\" src=\"https:\/\/www.youtube.com\/embed\/9bmAB-v4_IE?si=Yu8DDLNhT1vxiu-V\" frameborder=\"0\" allow=\"accelerometer; autoplay; clipboard-write; encrypted-media; gyroscope; picture-in-picture; web-share\" allowfullscreen><\/iframe><\/div><p>Una semplice guida sulla creazione di icone per siti web senza competenze in programmazione. Il tempo pieno di esecuzione del tutorial \u00e8 inferiore a 80 secondi.<\/p><ol><li><b>Crea il tuo widget unico per le recensioni di Facebook<\/b><br> Con il nostro configuratore gratuito, crea un plugin con design e funzioni preferibili .<\/li><li><b>Copia un codice per visualizzare il plugin<\/b><br> Dopo aver generato il widget, ottieni un codice per il plugin di Facebook dalla finestra che appare su Elfsight Apps.<\/li><li><b>Posiziona il plug-in sul sito Elementor<\/b><br> Inserisci il plug-in nella posizione selezionata della pagina e applica i risultati.<\/li><li><b>Il gioco \u00e8 fatto!<\/b><br> Visita il tuo sito web per vedere il tuo plugin.<\/li><\/ol><p>Non puoi installare o dimostrare il plugin su un sito? Lascia una richiesta al nostro team di supporto.<\/p><div class=\"faq\" data-component=\"FAQ\"> <div class=\"faq-item\">\r\n\t\t\t\t\t<div class=\"faq-item-question\">\r\n\t\t\t\t\t\t<h3 class=\"faq-item-question-text\">Come aggiungere recensioni di Facebook al mio sito Web Elementor senza competenze di codifica?<\/h3>\r\n\r\n\t\t\t\t\t\t<div class=\"faq-item-question-icon\"><\/div>\r\n\t\t\t\t\t<\/div>\r\n\r\n\t\t\t\t\t<div class=\"faq-item-answer\">\r\n\t\t\t\t\t\t<div class=\"faq-item-answer-text\"> <p>Elfsight fornisce una soluzione SaaS che ti consente di creare recensioni di Facebook widget tu stesso, scopri quanto \u00e8 semplice il processo: lavora direttamente nell&#8217;editor online per creare un widget per le recensioni di Facebook che vorresti vedere sul tuo sito web Elementor. Scegli uno dei modelli predefiniti e regola le impostazioni delle recensioni di Facebook, aggiungi i tuoi contenuti, modifica il layout e la combinazione di colori senza alcuna competenza di codifica. Salva le recensioni di Facebook e copia il codice di installazione, che potrai includere facilmente nel tuo sito Web Elementor senza la necessit\u00e0 di acquistare un abbonamento a pagamento. Con il nostro editor intuitivo qualsiasi utente di Internet pu\u00f2 creare widget di recensioni di Facebook online e incorporarlo facilmente nel proprio sito Web Elementor. Non \u00e8 necessario pagare o inserire le credenziali della carta per accedere al servizio. In caso di problemi in qualsiasi momento, non esitate a contattare il nostro team di supporto tecnico.<\/p> <\/div>\r\n\t\t\t\t\t<\/div>\r\n\t\t\t\t<\/div> <\/div> <\/div>\n\n\n\n<p><\/p>\n","protected":false},"excerpt":{"rendered":"","protected":false},"author":9,"featured_media":0,"parent":1274,"menu_order":0,"comment_status":"closed","ping_status":"closed","template":"templates\/template-application-platform.php","meta":{"publish_to_discourse":"","publish_post_category":"","wpdc_auto_publish_overridden":"","wpdc_topic_tags":"","wpdc_pin_topic":"","wpdc_pin_until":"","discourse_post_id":"","discourse_permalink":"","wpdc_publishing_response":"","wpdc_publishing_error":"","footnotes":""},"class_list":["post-4444","page","type-page","status-publish","hentry"],"yoast_head":"<!-- This site is optimized with the Yoast SEO plugin v25.3.1 - https:\/\/yoast.com\/wordpress\/plugins\/seo\/ -->\n<title>Widget Recensioni di Facebook per il sito Web Elementor<\/title>\n<meta name=\"description\" content=\"Progetta il tuo widget unico per le recensioni di Facebook per l&#039;installazione di Elementor sul tuo sito. Editor gratuito, aiuto nella progettazione e altri bonus da Elfsight!\" \/>\n<meta name=\"robots\" content=\"index, follow, max-snippet:-1, max-image-preview:large, max-video-preview:-1\" \/>\n<link rel=\"canonical\" href=\"https:\/\/elfsight.com\/it\/facebook-reviews-widget\/elementor\/\" \/>\n<meta property=\"og:locale\" content=\"it_IT\" \/>\n<meta property=\"og:type\" content=\"article\" \/>\n<meta property=\"og:title\" content=\"Widget Recensioni di Facebook per il sito Web Elementor\" \/>\n<meta property=\"og:description\" content=\"Progetta il tuo widget unico per le recensioni di Facebook per l&#039;installazione di Elementor sul tuo sito. Editor gratuito, aiuto nella progettazione e altri bonus da Elfsight!\" \/>\n<meta property=\"og:url\" content=\"https:\/\/elfsight.com\/it\/facebook-reviews-widget\/elementor\/\" \/>\n<meta property=\"og:site_name\" content=\"Elfsight IT\" \/>\n<meta property=\"article:modified_time\" content=\"2025-03-19T15:35:48+00:00\" \/>\n<meta name=\"twitter:card\" content=\"summary_large_image\" \/>\n<meta name=\"twitter:label1\" content=\"Tempo di lettura stimato\" \/>\n\t<meta name=\"twitter:data1\" content=\"4 minuti\" \/>\n<!-- \/ Yoast SEO plugin. -->","yoast_head_json":{"title":"Widget Recensioni di Facebook per il sito Web Elementor","description":"Progetta il tuo widget unico per le recensioni di Facebook per l'installazione di Elementor sul tuo sito. Editor gratuito, aiuto nella progettazione e altri bonus da Elfsight!","robots":{"index":"index","follow":"follow","max-snippet":"max-snippet:-1","max-image-preview":"max-image-preview:large","max-video-preview":"max-video-preview:-1"},"canonical":"https:\/\/elfsight.com\/it\/facebook-reviews-widget\/elementor\/","og_locale":"it_IT","og_type":"article","og_title":"Widget Recensioni di Facebook per il sito Web Elementor","og_description":"Progetta il tuo widget unico per le recensioni di Facebook per l'installazione di Elementor sul tuo sito. Editor gratuito, aiuto nella progettazione e altri bonus da Elfsight!","og_url":"https:\/\/elfsight.com\/it\/facebook-reviews-widget\/elementor\/","og_site_name":"Elfsight IT","article_modified_time":"2025-03-19T15:35:48+00:00","twitter_card":"summary_large_image","twitter_misc":{"Tempo di lettura stimato":"4 minuti"},"schema":{"@context":"https:\/\/schema.org","@graph":[{"@type":"WebPage","@id":"https:\/\/elfsight.com\/it\/facebook-reviews-widget\/elementor\/","url":"https:\/\/elfsight.com\/it\/facebook-reviews-widget\/elementor\/","name":"Widget Recensioni di Facebook per il sito Web Elementor","isPartOf":{"@id":"https:\/\/elfsight.com\/it\/#website"},"datePublished":"2024-05-03T06:36:16+00:00","dateModified":"2025-03-19T15:35:48+00:00","description":"Progetta il tuo widget unico per le recensioni di Facebook per l'installazione di Elementor sul tuo sito. Editor gratuito, aiuto nella progettazione e altri bonus da Elfsight!","breadcrumb":{"@id":"https:\/\/elfsight.com\/it\/facebook-reviews-widget\/elementor\/#breadcrumb"},"inLanguage":"it-IT","potentialAction":[{"@type":"ReadAction","target":["https:\/\/elfsight.com\/it\/facebook-reviews-widget\/elementor\/"]}]},{"@type":"BreadcrumbList","@id":"https:\/\/elfsight.com\/it\/facebook-reviews-widget\/elementor\/#breadcrumb","itemListElement":[{"@type":"ListItem","position":1,"name":"Home","item":"https:\/\/elfsight.com\/it\/"},{"@type":"ListItem","position":2,"name":"Facebook Reviews","item":"https:\/\/elfsight.com\/it\/facebook-reviews-widget\/"},{"@type":"ListItem","position":3,"name":"Facebook Reviews &#8211; Elementor"}]},{"@type":"WebSite","@id":"https:\/\/elfsight.com\/it\/#website","url":"https:\/\/elfsight.com\/it\/","name":"Elfsight IT","description":"Just another Elfsight Sites site","potentialAction":[{"@type":"SearchAction","target":{"@type":"EntryPoint","urlTemplate":"https:\/\/elfsight.com\/it\/?s={search_term_string}"},"query-input":{"@type":"PropertyValueSpecification","valueRequired":true,"valueName":"search_term_string"}}],"inLanguage":"it-IT"}]}},"meta_box":{"industry":"","seo_heading":"","heading":"","description":"","cta_heading":"","cta_description":"","application":"1273","h1":"Recensioni su Facebook di Elementor","h1_caption":"Incorpora le recensioni dei clienti dalla tua pagina Facebook direttamente sul tuo sito Web per migliorare facilmente la fiducia e la prova sociale nel tuo sito Web Elementor.","application_category":[],"applications_title":"","applications_request_title":"","applications_request_button_text":"","hero_text":"","hero_video":"","hero_video_schema_markup":"","selling_points_title":"","selling_points_caption":"","selling_points":[],"selling_points_cta_text":"","features_title":"","features":"","ed_cta_examples_text":"","ed_cta_examples_hidden":"","ed_cta_demo_text":"","ed_cta_demo_hidden":"","why_caption":"","why_editor_title":"","why_editor_text":"","why_team_title":"","why_team_text":"","why_service_title":"","why_service_text":"","template_catalog_visible":"0","template_catalog_title":"","template_catalog_text":"","template_catalog_categories_visible":"","demo_title":"Crea il tuo widget Recensioni su Facebook","demo_caption":"Configura le tue recensioni su Facebook e aggiungile gratuitamente al tuo sito Web Elementor!","default_faq_hidden":"","app_template_category":[],"platform":"68","template_public_id":"","codecanyon_url":"","codecanyon_item_id":"","codecanyon_price":"","pricing_caption":"","pricing_elfsight_apps_hide_column":"","pricing_elfsight_apps_url":"","pricing_codecanyon_price_caption":"","integration_category":[],"integration_request_title":"","integration_request_cta":"","integration_platform":"","integrations":[],"platform_category":[],"video_schema_markup":"","price":"da $ 0 al mese","trial":"","benefits":[{"text":"Assistenza per l'installazione gratuita"},{"text":"Supporto premium"},{"text":"Garanzia di rimborso di 14 giorni"},{"text":"Futuri aggiornamenti gratuiti"}],"button_url":"#demo","button_target_blank":"0","button_nofollow":"0","attributes":[{"name":"Installazioni"},{"name":"Reattivo","content":"S\u00cc"},{"name":"Browser compatibili","content":"Firefox, Safari, Opera, Chrome, Edge"}],"tags":[],"tags_disable_links":"0","hide_more_platforms":"0","video_object":"","demo_hide_cta":"0","demo_hide_cloud_options":"0","pricing_title":"","pricing":[{"pricing_icon":"platform","pricing_title":"Elfsight Apps","pricing_title_caption":"Software multipiattaforma che funziona su qualsiasi sito web","pricing_price":"da $ 0 \/ mese","pricing_price_caption":"inizia con il piano gratuito","pricing_benefits":[{"text":"Domini illimitati"},{"text":"Supporto dedicato e puntuale"},{"text":"Assistenza gratuita per l'installazione"},{"text":"Offerta a tempo limitato per pi\u00f9 app"}],"pricing_button_text":"Aggiungi al sito web","pricing_button_url":"#demo"}],"related_apps_title":"","related_apps_hidden":"0","author":"","image":[],"title":"","job":"","social_networks":[]},"_links":{"self":[{"href":"https:\/\/elfsight.com\/it\/wp-json\/wp\/v2\/pages\/4444","targetHints":{"allow":["GET"]}}],"collection":[{"href":"https:\/\/elfsight.com\/it\/wp-json\/wp\/v2\/pages"}],"about":[{"href":"https:\/\/elfsight.com\/it\/wp-json\/wp\/v2\/types\/page"}],"author":[{"embeddable":true,"href":"https:\/\/elfsight.com\/it\/wp-json\/wp\/v2\/users\/9"}],"replies":[{"embeddable":true,"href":"https:\/\/elfsight.com\/it\/wp-json\/wp\/v2\/comments?post=4444"}],"version-history":[{"count":4,"href":"https:\/\/elfsight.com\/it\/wp-json\/wp\/v2\/pages\/4444\/revisions"}],"predecessor-version":[{"id":9306,"href":"https:\/\/elfsight.com\/it\/wp-json\/wp\/v2\/pages\/4444\/revisions\/9306"}],"up":[{"embeddable":true,"href":"https:\/\/elfsight.com\/it\/wp-json\/wp\/v2\/pages\/1274"}],"wp:attachment":[{"href":"https:\/\/elfsight.com\/it\/wp-json\/wp\/v2\/media?parent=4444"}],"curies":[{"name":"wp","href":"https:\/\/api.w.org\/{rel}","templated":true}]}}