{"id":4429,"date":"2024-05-03T06:36:09","date_gmt":"2024-05-03T06:36:09","guid":{"rendered":"https:\/\/elfsight.com\/it\/?page_id=4429"},"modified":"2024-11-11T11:23:51","modified_gmt":"2024-11-11T11:23:51","slug":"prestashop","status":"publish","type":"page","link":"https:\/\/elfsight.com\/it\/facebook-reviews-widget\/prestashop\/","title":{"rendered":"Facebook Reviews &#8211; PrestaShop"},"content":{"rendered":"<div class=\"application-platform-content-item-description application-platform-content-item\" id=\"description\" data-nav-section=\"description\"> <h2>Descrizione<\/h2> <p>Elfsight Facebook Reviews \u00e8 un utile widget che ti d\u00e0 la possibilit\u00e0 di rivelare le testimonianze delle tue azioni direttamente sul tuo sito Web da tutti i siti di recensioni aziendali pi\u00f9 popolari. Facendo uso del nostro plugin, sarai in grado di utilizzare filtri per escludere le recensioni indesiderate, esporre la tua valutazione in stelle e numerica dal tuo account su qualsiasi sito Web di recensioni, aggiungere dati sugli autori delle recensioni e allegare un pulsante CTA che guider\u00e0 i visitatori a pubblicare i loro pensieri. La nostra app Recensioni su Facebook ti aiuter\u00e0 a mostrare la tua meravigliosa prova sociale sulla pagina web e iniziare a fare pi\u00f9 nuovi acquisti. <\/p> <p><b>Ottieni il meglio dalle recensioni di Facebook per raggiungere i tuoi obiettivi di e-commerce! <\/b><\/p> <\/div> <div class=\"application-platform-content-item-features application-platform-content-item\" id=\"features\" data-nav-section=\"features\"> <h2>Ecco le funzionalit\u00e0 principali del widget: <\/h2> <ul><li>Incorporamento delle recensioni dei clienti dalla pagina Facebook<\/li><li>3 tipi di filtri: esclusione per, tipo e quantit\u00e0 di recensioni<\/li><li>Navigazione con trascinamento e frecce nel layout Slider<\/li><li>Impostazione della velocit\u00e0 di scorrimento e di riproduzione automatica<\/li> <li>Elementi modificabili dell&#8217;intestazione: valutazione e immagini dei revisori<\/li><li>Pulsante di richiesta di revisione per reindirizzare sulla pagina Facebook<\/li><li>Link supportati nel messaggio di rifiuto della richiesta di revisione<\/li><li> 3 modelli di recensione: Bubble, Classic, Spotlight<\/li><li>6 elementi commutabili delle recensioni: data, nome e immagine dell&#8217;autore, icona di Facebook e valutazione a stelle, consigli<\/li><li>Tre tipi di decorazione delle recensioni: Bordo , Sfondo, Nessuno<\/li><li>Cinque elementi verniciabili dell&#8217;interfaccia: collegamenti. Pulsante di richiesta di revisione, sfondo, valutazione, testo di revisione. <\/li><\/ul><p><a href=\"#demo\">Prova semplicemente questa demo per avere un&#8217;idea completa<\/a><\/p> <\/div> <div class=\"application-platform-content-item-installation application-platform-content-item\" id=\"installation\" data-nav-section=\"installation\"> <h2>Come incorporare le recensioni di Facebook sul mio sito PrestaShop? <\/h2> <p>Segui semplicemente le linee guida seguenti per aggiungere il widget. <\/p> <ol><li><b>Esegui il nostro configuratore gratuito e inizia a creare il tuo widget personalizzato. <\/b><br> Scegli il design personalizzato e le specifiche del widget e salva le correzioni. <\/li> <li><b>Ricevi il tuo codice individuale che viene mostrato nella finestra sulle app Elfsight. <\/b><br> Una volta terminata la configurazione del tuo componente aggiuntivo personale, copia il codice individuale dalla casella visualizzata e conservalo per necessit\u00e0 successive. <\/li> <li><b>Inizia a utilizzare il componente aggiuntivo sul tuo sito PrestaShop. <\/b><br> Incolla il codice copiato di recente nella tua pagina web e applica le modifiche. <\/li> <li><b>L&#8217;installazione \u00e8 stata completata con successo. <\/b><br> Visita la tua pagina web per vedere come funziona lo strumento. <\/li><\/ol> <p>Se dovessi affrontare alcuni ostacoli, non esitare a metterti in contatto con il nostro team di supporto. I nostri specialisti non vedono l&#8217;ora di aiutarti con tutti i problemi che potresti avere con il widget. <\/p><div class=\"faq\" data-component=\"FAQ\"> <div class=\"faq-item\">\r\n\t\t\t\t\t<div class=\"faq-item-question\">\r\n\t\t\t\t\t\t<h3 class=\"faq-item-question-text\">Come posso aggiungere recensioni di Facebook al mio sito web PrestaShop senza competenze di programmazione?<\/h3>\r\n\r\n\t\t\t\t\t\t<div class=\"faq-item-question-icon\"><\/div>\r\n\t\t\t\t\t<\/div>\r\n\r\n\t\t\t\t\t<div class=\"faq-item-answer\">\r\n\t\t\t\t\t\t<div class=\"faq-item-answer-text\"> <p>Elfsight fornisce una soluzione SaaS che ti consente di creare tu stesso un widget di recensioni di Facebook, scopri quanto \u00e8 facile Il processo \u00e8: lavora direttamente nell&#8217;editor online per creare un widget per le recensioni di Facebook che vorresti vedere sul tuo sito web PrestaShop. Scegli uno dei modelli predefiniti e regola le impostazioni delle recensioni di Facebook, aggiungi i tuoi contenuti, modifica il layout e i colori senza competenze di codifica. Salva le recensioni di Facebook e copia il codice di installazione, che potrai includere nel tuo sito PrestaShop senza dover acquistare un abbonamento a pagamento. Con il nostro editor intuitivo qualsiasi utente di Internet pu\u00f2 creare widget di recensioni di Facebook online e incorporarlo facilmente nel proprio sito Web PrestaShop. Non \u00e8 necessario pagare o inserire le credenziali della carta per accedere al servizio. In caso di problemi in qualsiasi momento, non esitate a contattare il nostro team di supporto tecnico.<\/p> <\/div>\r\n\t\t\t\t\t<\/div>\r\n\t\t\t\t<\/div> <\/div> <\/div>","protected":false},"excerpt":{"rendered":"","protected":false},"author":9,"featured_media":0,"parent":1274,"menu_order":0,"comment_status":"closed","ping_status":"closed","template":"templates\/template-application-platform.php","meta":{"publish_to_discourse":"","publish_post_category":"","wpdc_auto_publish_overridden":"","wpdc_topic_tags":"","wpdc_pin_topic":"","wpdc_pin_until":"","discourse_post_id":"","discourse_permalink":"","wpdc_publishing_response":"","wpdc_publishing_error":"","footnotes":""},"class_list":["post-4429","page","type-page","status-publish","hentry"],"yoast_head":"<!-- This site is optimized with the Yoast SEO plugin v25.3.1 - https:\/\/yoast.com\/wordpress\/plugins\/seo\/ -->\n<title>Il miglior plugin per recensioni di Facebook per il sito web PrestaShop (2025)<\/title>\n<meta name=\"description\" content=\"Costruisci il tuo componente aggiuntivo personale per le recensioni di Facebook per PrestaShop. Utilizza la demo pi\u00f9 semplice per impostare i componenti aggiuntivi di Elfsight in modo totalmente gratuito.\" \/>\n<meta name=\"robots\" content=\"index, follow, max-snippet:-1, max-image-preview:large, max-video-preview:-1\" \/>\n<link rel=\"canonical\" href=\"https:\/\/elfsight.com\/it\/facebook-reviews-widget\/prestashop\/\" \/>\n<meta property=\"og:locale\" content=\"it_IT\" \/>\n<meta property=\"og:type\" content=\"article\" \/>\n<meta property=\"og:title\" content=\"Il miglior plugin per recensioni di Facebook per il sito web PrestaShop (2025)\" \/>\n<meta property=\"og:description\" content=\"Costruisci il tuo componente aggiuntivo personale per le recensioni di Facebook per PrestaShop. Utilizza la demo pi\u00f9 semplice per impostare i componenti aggiuntivi di Elfsight in modo totalmente gratuito.\" \/>\n<meta property=\"og:url\" content=\"https:\/\/elfsight.com\/it\/facebook-reviews-widget\/prestashop\/\" \/>\n<meta property=\"og:site_name\" content=\"Elfsight IT\" \/>\n<meta property=\"article:modified_time\" content=\"2024-11-11T11:23:51+00:00\" \/>\n<meta name=\"twitter:card\" content=\"summary_large_image\" \/>\n<meta name=\"twitter:label1\" content=\"Tempo di lettura stimato\" \/>\n\t<meta name=\"twitter:data1\" content=\"3 minuti\" \/>\n<!-- \/ Yoast SEO plugin. -->","yoast_head_json":{"title":"Il miglior plugin per recensioni di Facebook per il sito web PrestaShop (2025)","description":"Costruisci il tuo componente aggiuntivo personale per le recensioni di Facebook per PrestaShop. Utilizza la demo pi\u00f9 semplice per impostare i componenti aggiuntivi di Elfsight in modo totalmente gratuito.","robots":{"index":"index","follow":"follow","max-snippet":"max-snippet:-1","max-image-preview":"max-image-preview:large","max-video-preview":"max-video-preview:-1"},"canonical":"https:\/\/elfsight.com\/it\/facebook-reviews-widget\/prestashop\/","og_locale":"it_IT","og_type":"article","og_title":"Il miglior plugin per recensioni di Facebook per il sito web PrestaShop (2025)","og_description":"Costruisci il tuo componente aggiuntivo personale per le recensioni di Facebook per PrestaShop. Utilizza la demo pi\u00f9 semplice per impostare i componenti aggiuntivi di Elfsight in modo totalmente gratuito.","og_url":"https:\/\/elfsight.com\/it\/facebook-reviews-widget\/prestashop\/","og_site_name":"Elfsight IT","article_modified_time":"2024-11-11T11:23:51+00:00","twitter_card":"summary_large_image","twitter_misc":{"Tempo di lettura stimato":"3 minuti"},"schema":{"@context":"https:\/\/schema.org","@graph":[{"@type":"WebPage","@id":"https:\/\/elfsight.com\/it\/facebook-reviews-widget\/prestashop\/","url":"https:\/\/elfsight.com\/it\/facebook-reviews-widget\/prestashop\/","name":"Il miglior plugin per recensioni di Facebook per il sito web PrestaShop (2025)","isPartOf":{"@id":"https:\/\/elfsight.com\/it\/#website"},"datePublished":"2024-05-03T06:36:09+00:00","dateModified":"2024-11-11T11:23:51+00:00","description":"Costruisci il tuo componente aggiuntivo personale per le recensioni di Facebook per PrestaShop. Utilizza la demo pi\u00f9 semplice per impostare i componenti aggiuntivi di Elfsight in modo totalmente gratuito.","breadcrumb":{"@id":"https:\/\/elfsight.com\/it\/facebook-reviews-widget\/prestashop\/#breadcrumb"},"inLanguage":"it-IT","potentialAction":[{"@type":"ReadAction","target":["https:\/\/elfsight.com\/it\/facebook-reviews-widget\/prestashop\/"]}]},{"@type":"BreadcrumbList","@id":"https:\/\/elfsight.com\/it\/facebook-reviews-widget\/prestashop\/#breadcrumb","itemListElement":[{"@type":"ListItem","position":1,"name":"Home","item":"https:\/\/elfsight.com\/it\/"},{"@type":"ListItem","position":2,"name":"Facebook Reviews","item":"https:\/\/elfsight.com\/it\/facebook-reviews-widget\/"},{"@type":"ListItem","position":3,"name":"Facebook Reviews &#8211; PrestaShop"}]},{"@type":"WebSite","@id":"https:\/\/elfsight.com\/it\/#website","url":"https:\/\/elfsight.com\/it\/","name":"Elfsight IT","description":"Just another Elfsight Sites site","potentialAction":[{"@type":"SearchAction","target":{"@type":"EntryPoint","urlTemplate":"https:\/\/elfsight.com\/it\/?s={search_term_string}"},"query-input":{"@type":"PropertyValueSpecification","valueRequired":true,"valueName":"search_term_string"}}],"inLanguage":"it-IT"}]}},"meta_box":{"industry":"","seo_heading":"","heading":"","description":"","cta_heading":"","cta_description":"","application":"1273","h1":"Componente aggiuntivo per le recensioni su Facebook di PrestaShop","h1_caption":"Incorpora le recensioni dei clienti dalla tua pagina Facebook direttamente sul tuo sito web per aumentare facilmente la fiducia e la prova sociale nel tuo sito web Prestashop.","application_category":[],"applications_title":"","applications_request_title":"","applications_request_button_text":"","hero_text":"","hero_video":"","hero_video_schema_markup":"","selling_points_title":"","selling_points_caption":"","selling_points":[],"selling_points_cta_text":"","features_title":"","features":"","ed_cta_examples_text":"","ed_cta_examples_hidden":"","ed_cta_demo_text":"","ed_cta_demo_hidden":"","why_caption":"","why_editor_title":"","why_editor_text":"","why_team_title":"","why_team_text":"","why_service_title":"","why_service_text":"","template_catalog_visible":"","template_catalog_title":"","template_catalog_text":"","template_catalog_categories_visible":"","demo_title":"Crea il tuo componente aggiuntivo per le recensioni di Facebook","demo_caption":"Configura le tue recensioni su Facebook e aggiungile gratuitamente al tuo sito PrestaShop!","default_faq_hidden":"","app_template_category":[],"platform":"1023","template_public_id":"","codecanyon_url":"","codecanyon_item_id":"","codecanyon_price":"","pricing_caption":"","pricing_elfsight_apps_hide_column":"","pricing_elfsight_apps_url":"","pricing_codecanyon_price_caption":"","integration_category":[],"integration_request_title":"","integration_request_cta":"","integration_platform":"","integrations":[],"platform_category":[],"video_schema_markup":"","price":"da $ 0 al mese","trial":"","benefits":[{"text":"Aiuto per l'installazione gratuito"},{"text":"Servizio clienti professionale"},{"text":"Garanzia di rimborso di 14 giorni"},{"text":"Aggiornamento costante"}],"button_url":"#demo","button_target_blank":"","button_nofollow":"","attributes":[{"name":"Installazioni"},{"name":"Reattivo","content":"S\u00cc"},{"name":"Browser compatibili","content":"Firefox, Safari, Opera, Chrome, Edge"}],"tags":[],"tags_disable_links":"","hide_more_platforms":"","video_object":"","demo_hide_cta":"","demo_hide_cloud_options":"","pricing_title":"","pricing":[{"pricing_icon":"platform","pricing_title":"Elfsight Apps","pricing_title_caption":"Versione multipiattaforma che funziona su qualsiasi sito web","pricing_price":"da $ 0 \/ mese","pricing_price_caption":"inizia con il piano gratuito","pricing_benefits":[{"text":"Domini illimitati"},{"text":"Supporto 24 ore su 24, 7 giorni su 7 e ben documentato"},{"text":"Assistenza gratuita per l'installazione"},{"text":"Completamente personalizzabile"}],"pricing_button_text":"Aggiungi al sito web","pricing_button_url":"#demo"}],"related_apps_title":"","related_apps_hidden":"","author":"","image":[],"title":"","job":"","social_networks":[]},"_links":{"self":[{"href":"https:\/\/elfsight.com\/it\/wp-json\/wp\/v2\/pages\/4429","targetHints":{"allow":["GET"]}}],"collection":[{"href":"https:\/\/elfsight.com\/it\/wp-json\/wp\/v2\/pages"}],"about":[{"href":"https:\/\/elfsight.com\/it\/wp-json\/wp\/v2\/types\/page"}],"author":[{"embeddable":true,"href":"https:\/\/elfsight.com\/it\/wp-json\/wp\/v2\/users\/9"}],"replies":[{"embeddable":true,"href":"https:\/\/elfsight.com\/it\/wp-json\/wp\/v2\/comments?post=4429"}],"version-history":[{"count":1,"href":"https:\/\/elfsight.com\/it\/wp-json\/wp\/v2\/pages\/4429\/revisions"}],"predecessor-version":[{"id":4433,"href":"https:\/\/elfsight.com\/it\/wp-json\/wp\/v2\/pages\/4429\/revisions\/4433"}],"up":[{"embeddable":true,"href":"https:\/\/elfsight.com\/it\/wp-json\/wp\/v2\/pages\/1274"}],"wp:attachment":[{"href":"https:\/\/elfsight.com\/it\/wp-json\/wp\/v2\/media?parent=4429"}],"curies":[{"name":"wp","href":"https:\/\/api.w.org\/{rel}","templated":true}]}}