{"id":4428,"date":"2024-05-03T06:36:08","date_gmt":"2024-05-03T06:36:08","guid":{"rendered":"https:\/\/elfsight.com\/it\/?page_id=4428"},"modified":"2024-11-11T11:21:36","modified_gmt":"2024-11-11T11:21:36","slug":"jimdo","status":"publish","type":"page","link":"https:\/\/elfsight.com\/it\/facebook-reviews-widget\/jimdo\/","title":{"rendered":"Facebook Reviews &#8211; Jimdo"},"content":{"rendered":"<div class=\"application-platform-content-item-description application-platform-content-item\" id=\"description\" data-nav-section=\"description\"> <h2>Descrizione<\/h2> <p>Le Recensioni di Facebook \u00e8 un pratico strumento che ti offre l&#8217;opportunit\u00e0 di mostrare le recensioni sui tuoi titoli direttamente sul tuo sito da tutti i siti di recensioni pi\u00f9 noti. Utilizzando il nostro strumento, potrai applicare filtri per nascondere i commenti indesiderati, mostrare la tua valutazione in stelle e numeri direttamente dalla tua pagina su qualsiasi pagina web di recensioni, aggiungere informazioni sugli autori delle recensioni e allegare un invito all&#8217;azione che spinger\u00e0 i visitatori a scrivere i loro pensieri. Il widget Recensioni di Facebook ti stimoler\u00e0 a dimostrare la tua notevole prova sociale sul sito web e inizier\u00e0 a ricevere nuovi acquisti. <\/p> <p><b>Rendi il tuo sito pi\u00f9 efficiente per gli obiettivi aziendali con le recensioni di Facebook<\/b><\/p> <\/div> <div class=\"application-platform-content-item-features application-platform-content-item\" id=\"features\" data-nav-section=\"features\"> <h2>Questi sono solo alcuni dei numerose funzionalit\u00e0 del widget: <\/h2> <ul><li>Incorporamento delle recensioni dei clienti dalla pagina Facebook<\/li><li>3 tipi di filtri: per tipo, quantit\u00e0 di recensioni ed esclusione per<\/li><li> Navigazione con trascinamento e frecce nel layout Slider<\/li><li>Impostazione della velocit\u00e0 di riproduzione automatica e della velocit\u00e0 di scorrimento<\/li><li>Elementi commutabili dell&#8217;intestazione: immagini dei revisori e valutazione<\/li><li>Pulsante di richiesta di revisione per reindirizzare sulla pagina Facebook<\/li><li>Link supportati nel messaggio di rifiuto della richiesta di revisione<\/li><li>Tre modelli di recensione: Classic, Bubble, Spotlight<\/li><li>Sei elementi commutabili delle recensioni: consigli, data , icona di Facebook e valutazione a stelle, nome dell&#8217;autore e immagine<\/li><li>3 tipi di decorazione delle recensioni: Sfondo, Bordo, Nessuno<\/li><li>Cinque elementi verniciabili dell&#8217;interfaccia: valutazione, collegamenti. Pulsante di richiesta di revisione, sfondo, testo di revisione. <\/li><\/ul><p><a href=\"#demo\">Prova tutte le opzioni di personalizzazione nella demo completamente funzionante<\/a><\/p> <\/div> <div class=\"application-platform-content-item-installation application-platform-content-item\" id=\"installation\" data-nav-section=\"installation\"> <h2>Come aggiungere recensioni di Facebook alla mia pagina web Jimdo? <\/h2> <p>Basta applicare le istruzioni seguenti per attivare il widget. <\/p> <ol><li><b>Esegui la nostra demo gratuita e inizia a creare il tuo widget personalizzato. <\/b><br> Specifica il design e le opzioni preferibili del widget e salva le correzioni. <\/li> <li><b>Ricevi il codice individuale esposto nel box su Elfsight Apps. <\/b><br> Non appena la generazione del tuo widget \u00e8 terminata, copia il codice individuale nella finestra emersa e salvalo per necessit\u00e0 successive. <\/li> <li><b>Inizia a utilizzare il widget sul sito Jimdo. <\/b><br> Inserisci il codice che hai salvato di recente nella tua home page e salva i miglioramenti. <\/li> <li><b>L&#8217;installazione \u00e8 completamente completata. <\/b><br> Vai alla tua pagina per vedere il funzionamento del widget. <\/li><\/ol> <p>In caso di complicazioni, contatta il nostro team di assistenza clienti. I nostri specialisti sono ansiosi di aiutarti con tutti i problemi che potresti riscontrare con il widget. <\/p> <div class=\"faq\" data-component=\"FAQ\"> <div class=\"faq-item\">\r\n\t\t\t\t\t<div class=\"faq-item-question\">\r\n\t\t\t\t\t\t<h3 class=\"faq-item-question-text\">Come posso aggiungere recensioni di Facebook al mio sito web Jimdo senza competenze di programmazione?<\/h3>\r\n\r\n\t\t\t\t\t\t<div class=\"faq-item-question-icon\"><\/div>\r\n\t\t\t\t\t<\/div>\r\n\r\n\t\t\t\t\t<div class=\"faq-item-answer\">\r\n\t\t\t\t\t\t<div class=\"faq-item-answer-text\"> <p>Elfsight fornisce una soluzione SaaS che ti consente di creare tu stesso un widget di recensioni di Facebook, scopri quanto \u00e8 facile Il processo \u00e8: lavora direttamente nell&#8217;editor online per creare un widget per le recensioni di Facebook che vorresti vedere sul tuo sito Jimdo. Scegli uno dei modelli predefiniti e regola le impostazioni delle recensioni di Facebook, aggiungi i tuoi contenuti, modifica il layout e la combinazione di colori senza alcuna competenza di codifica. Salva le recensioni di Facebook e copia il codice di installazione, che potrai aggiungere semplicemente nel tuo sito Jimdo senza acquistare un piano a pagamento. Con il nostro editor intuitivo qualsiasi utente di Internet pu\u00f2 creare widget per le recensioni di Facebook online e incorporarlo facilmente nel proprio sito Jimdo. Non \u00e8 necessario pagare o inserire le credenziali della carta per accedere al servizio. In caso di problemi in qualsiasi momento, non esitate a contattare il nostro team di supporto tecnico.<\/p> <\/div>\r\n\t\t\t\t\t<\/div>\r\n\t\t\t\t<\/div> <\/div> <\/div>","protected":false},"excerpt":{"rendered":"","protected":false},"author":9,"featured_media":0,"parent":1274,"menu_order":0,"comment_status":"closed","ping_status":"closed","template":"templates\/template-application-platform.php","meta":{"publish_to_discourse":"","publish_post_category":"","wpdc_auto_publish_overridden":"","wpdc_topic_tags":"","wpdc_pin_topic":"","wpdc_pin_until":"","discourse_post_id":"","discourse_permalink":"","wpdc_publishing_response":"","wpdc_publishing_error":"","footnotes":""},"class_list":["post-4428","page","type-page","status-publish","hentry"],"yoast_head":"<!-- This site is optimized with the Yoast SEO plugin v25.3.1 - https:\/\/yoast.com\/wordpress\/plugins\/seo\/ -->\n<title>Il miglior widget per le recensioni di Facebook per il sito Jimdo (2025)<\/title>\n<meta name=\"description\" content=\"Costruisci il tuo widget personale per le recensioni di Facebook per Jimdo in soli 80 secondi. Utilizza la demo pi\u00f9 semplice per impostare gratuitamente i widget di Elfsight.\" \/>\n<meta name=\"robots\" content=\"index, follow, max-snippet:-1, max-image-preview:large, max-video-preview:-1\" \/>\n<link rel=\"canonical\" href=\"https:\/\/elfsight.com\/it\/facebook-reviews-widget\/jimdo\/\" \/>\n<meta property=\"og:locale\" content=\"it_IT\" \/>\n<meta property=\"og:type\" content=\"article\" \/>\n<meta property=\"og:title\" content=\"Il miglior widget per le recensioni di Facebook per il sito Jimdo (2025)\" \/>\n<meta property=\"og:description\" content=\"Costruisci il tuo widget personale per le recensioni di Facebook per Jimdo in soli 80 secondi. Utilizza la demo pi\u00f9 semplice per impostare gratuitamente i widget di Elfsight.\" \/>\n<meta property=\"og:url\" content=\"https:\/\/elfsight.com\/it\/facebook-reviews-widget\/jimdo\/\" \/>\n<meta property=\"og:site_name\" content=\"Elfsight IT\" \/>\n<meta property=\"article:modified_time\" content=\"2024-11-11T11:21:36+00:00\" \/>\n<meta name=\"twitter:card\" content=\"summary_large_image\" \/>\n<meta name=\"twitter:label1\" content=\"Tempo di lettura stimato\" \/>\n\t<meta name=\"twitter:data1\" content=\"3 minuti\" \/>\n<!-- \/ Yoast SEO plugin. -->","yoast_head_json":{"title":"Il miglior widget per le recensioni di Facebook per il sito Jimdo (2025)","description":"Costruisci il tuo widget personale per le recensioni di Facebook per Jimdo in soli 80 secondi. Utilizza la demo pi\u00f9 semplice per impostare gratuitamente i widget di Elfsight.","robots":{"index":"index","follow":"follow","max-snippet":"max-snippet:-1","max-image-preview":"max-image-preview:large","max-video-preview":"max-video-preview:-1"},"canonical":"https:\/\/elfsight.com\/it\/facebook-reviews-widget\/jimdo\/","og_locale":"it_IT","og_type":"article","og_title":"Il miglior widget per le recensioni di Facebook per il sito Jimdo (2025)","og_description":"Costruisci il tuo widget personale per le recensioni di Facebook per Jimdo in soli 80 secondi. Utilizza la demo pi\u00f9 semplice per impostare gratuitamente i widget di Elfsight.","og_url":"https:\/\/elfsight.com\/it\/facebook-reviews-widget\/jimdo\/","og_site_name":"Elfsight IT","article_modified_time":"2024-11-11T11:21:36+00:00","twitter_card":"summary_large_image","twitter_misc":{"Tempo di lettura stimato":"3 minuti"},"schema":{"@context":"https:\/\/schema.org","@graph":[{"@type":"WebPage","@id":"https:\/\/elfsight.com\/it\/facebook-reviews-widget\/jimdo\/","url":"https:\/\/elfsight.com\/it\/facebook-reviews-widget\/jimdo\/","name":"Il miglior widget per le recensioni di Facebook per il sito Jimdo (2025)","isPartOf":{"@id":"https:\/\/elfsight.com\/it\/#website"},"datePublished":"2024-05-03T06:36:08+00:00","dateModified":"2024-11-11T11:21:36+00:00","description":"Costruisci il tuo widget personale per le recensioni di Facebook per Jimdo in soli 80 secondi. Utilizza la demo pi\u00f9 semplice per impostare gratuitamente i widget di Elfsight.","breadcrumb":{"@id":"https:\/\/elfsight.com\/it\/facebook-reviews-widget\/jimdo\/#breadcrumb"},"inLanguage":"it-IT","potentialAction":[{"@type":"ReadAction","target":["https:\/\/elfsight.com\/it\/facebook-reviews-widget\/jimdo\/"]}]},{"@type":"BreadcrumbList","@id":"https:\/\/elfsight.com\/it\/facebook-reviews-widget\/jimdo\/#breadcrumb","itemListElement":[{"@type":"ListItem","position":1,"name":"Home","item":"https:\/\/elfsight.com\/it\/"},{"@type":"ListItem","position":2,"name":"Facebook Reviews","item":"https:\/\/elfsight.com\/it\/facebook-reviews-widget\/"},{"@type":"ListItem","position":3,"name":"Facebook Reviews &#8211; Jimdo"}]},{"@type":"WebSite","@id":"https:\/\/elfsight.com\/it\/#website","url":"https:\/\/elfsight.com\/it\/","name":"Elfsight IT","description":"Just another Elfsight Sites site","potentialAction":[{"@type":"SearchAction","target":{"@type":"EntryPoint","urlTemplate":"https:\/\/elfsight.com\/it\/?s={search_term_string}"},"query-input":{"@type":"PropertyValueSpecification","valueRequired":true,"valueName":"search_term_string"}}],"inLanguage":"it-IT"}]}},"meta_box":{"industry":"","seo_heading":"","heading":"","description":"","cta_heading":"","cta_description":"","application":"1273","h1":"Widget Jimdo per le recensioni di Facebook","h1_caption":"Incorpora le recensioni dei clienti dalla tua pagina Facebook direttamente sul tuo sito web per aumentare facilmente la fiducia e la prova sociale nel tuo sito Jimdo.","application_category":[],"applications_title":"","applications_request_title":"","applications_request_button_text":"","hero_text":"","hero_video":"","hero_video_schema_markup":"","selling_points_title":"","selling_points_caption":"","selling_points":[],"selling_points_cta_text":"","features_title":"","features":"","ed_cta_examples_text":"","ed_cta_examples_hidden":"","ed_cta_demo_text":"","ed_cta_demo_hidden":"","why_caption":"","why_editor_title":"","why_editor_text":"","why_team_title":"","why_team_text":"","why_service_title":"","why_service_text":"","template_catalog_visible":"","template_catalog_title":"","template_catalog_text":"","template_catalog_categories_visible":"","demo_title":"Crea il tuo widget Recensioni su Facebook","demo_caption":"Configura le tue recensioni su Facebook e aggiungile gratuitamente al tuo sito Jimdo!","default_faq_hidden":"","app_template_category":[],"platform":"55","template_public_id":"","codecanyon_url":"","codecanyon_item_id":"","codecanyon_price":"","pricing_caption":"","pricing_elfsight_apps_hide_column":"","pricing_elfsight_apps_url":"","pricing_codecanyon_price_caption":"","integration_category":[],"integration_request_title":"","integration_request_cta":"","integration_platform":"","integrations":[],"platform_category":[],"video_schema_markup":"","price":"da $ 0 al mese","trial":"","benefits":[{"text":"Aiuto gratuito per l'installazione"},{"text":"Assistenza clienti con esperienza"},{"text":"Garanzia di rimborso di 14 giorni"},{"text":"Sviluppo continuo"}],"button_url":"#demo","button_target_blank":"","button_nofollow":"","attributes":[{"name":"Installazioni"},{"name":"Reattivo","content":"S\u00cc"},{"name":"Browser compatibili","content":"Firefox, Safari, Opera, Chrome, Edge"}],"tags":[],"tags_disable_links":"","hide_more_platforms":"","video_object":"","demo_hide_cta":"","demo_hide_cloud_options":"","pricing_title":"","pricing":[{"pricing_icon":"platform","pricing_title":"Elfsight Apps","pricing_title_caption":"Versione multipiattaforma che funziona su qualsiasi sito web","pricing_price":"da $ 0 \/ mese","pricing_price_caption":"inizia con il piano gratuito","pricing_benefits":[{"text":"Domini illimitati"},{"text":"Supporto 24 ore su 24, 7 giorni su 7 e ben documentato"},{"text":"Assistenza gratuita per l'installazione"},{"text":"Completamente personalizzabile"}],"pricing_button_text":"Aggiungi al sito web","pricing_button_url":"#demo"}],"related_apps_title":"","related_apps_hidden":"","author":"","image":[],"title":"","job":"","social_networks":[]},"_links":{"self":[{"href":"https:\/\/elfsight.com\/it\/wp-json\/wp\/v2\/pages\/4428","targetHints":{"allow":["GET"]}}],"collection":[{"href":"https:\/\/elfsight.com\/it\/wp-json\/wp\/v2\/pages"}],"about":[{"href":"https:\/\/elfsight.com\/it\/wp-json\/wp\/v2\/types\/page"}],"author":[{"embeddable":true,"href":"https:\/\/elfsight.com\/it\/wp-json\/wp\/v2\/users\/9"}],"replies":[{"embeddable":true,"href":"https:\/\/elfsight.com\/it\/wp-json\/wp\/v2\/comments?post=4428"}],"version-history":[{"count":1,"href":"https:\/\/elfsight.com\/it\/wp-json\/wp\/v2\/pages\/4428\/revisions"}],"predecessor-version":[{"id":4432,"href":"https:\/\/elfsight.com\/it\/wp-json\/wp\/v2\/pages\/4428\/revisions\/4432"}],"up":[{"embeddable":true,"href":"https:\/\/elfsight.com\/it\/wp-json\/wp\/v2\/pages\/1274"}],"wp:attachment":[{"href":"https:\/\/elfsight.com\/it\/wp-json\/wp\/v2\/media?parent=4428"}],"curies":[{"name":"wp","href":"https:\/\/api.w.org\/{rel}","templated":true}]}}