{"id":4427,"date":"2024-05-03T06:36:07","date_gmt":"2024-05-03T06:36:07","guid":{"rendered":"https:\/\/elfsight.com\/it\/?page_id=4427"},"modified":"2025-03-17T06:19:51","modified_gmt":"2025-03-17T06:19:51","slug":"wordpress","status":"publish","type":"page","link":"https:\/\/elfsight.com\/it\/facebook-feed-widget\/wordpress\/","title":{"rendered":"Facebook Feed &#8211; WordPress"},"content":{"rendered":"\n<div class=\"application-platform-content-item-description application-platform-content-item\" id=\"description\" data-nav-section=\"description\"><h2>Incorpora il feed di Facebook su WordPress con il widget Elfsight<\/h2><p>Mostra la tua pagina Facebook tramite il nostro plugin universale: Feed di Facebook. Post, video, foto: assicurati che i tuoi lettori non saltino nemmeno un tuo contenuto. Un&#8217;interfaccia accattivante con elementi originali di Facebook \u00e8 destinata ad attirare l&#8217;attenzione e contribuir\u00e0 non solo a trattenere gli utenti attuali sul sito, ma anche ad attrarre nuovi abbonati Facebook.<\/p><p><b>Porta il tuo sito web a un nuovo livello livello utilizzando il miglior plugin WordPress per Facebook.<\/b><\/p><ul><li><b>Rafforza la credibilit\u00e0 della tua azienda<\/b>.<br>Un&#8217;azienda che ha profili attivi nei social network ottiene 75 % di fiducia in pi\u00f9 tra i lettori. Dimostra il tuo profilo Facebook sul sito web, per dimostrare agli utenti che la tua attivit\u00e0 \u00e8 reale e affidabile.<\/li><li><b>Aumenta gli abbonati Facebook del tuo profilo<\/b>.<br>Trasforma gli utenti del sito in abbonati Facebook. Imposta un plugin vivace che mostri la tua pagina e aggiungilo sul sito web, in modo che ogni lettore possa avere la possibilit\u00e0 di seguire la tua pagina.<\/li><li><b>1 widget Facebook invece di 3<\/b>.<br>Puoi visualizzare tutti i tuoi contenuti di Facebook in un unico plugin: inserisci pubblicazioni con commenti, Mi piace o tutte le reazioni disponibili; ottieni playlist di immagini e video sul sito dagli album di Facebook.<\/li><\/ul><div class=\"faq\" data-component=\"FAQ\"> <div class=\"faq-item\">\r\n\t\t\t\t\t<div class=\"faq-item-question\">\r\n\t\t\t\t\t\t<h3 class=\"faq-item-question-text\">Quali altri strumenti per WordPress hai da offrire? <\/h3>\r\n\r\n\t\t\t\t\t\t<div class=\"faq-item-question-icon\"><\/div>\r\n\t\t\t\t\t<\/div>\r\n\r\n\t\t\t\t\t<div class=\"faq-item-answer\">\r\n\t\t\t\t\t\t<div class=\"faq-item-answer-text\"> <p>Sei libero di utilizzare un una vasta gamma di strumenti per qualsiasi scopo sul tuo sito, indipendentemente dalla tua attivit\u00e0. Guardane alcuni: <a href=\"https:\/\/elfsight.com\/popup-widget\/webflow\/\">Popup<\/a>, <a href=\"https:\/\/elfsight.com\/facebook-chat-widget\/wordpress\/\">Chat di Facebook<\/a>, <a href=\"https:\/\/elfsight.com\/google-reviews-widget\/wordpress\/\">Google Recensioni<\/a>, <a href=\"https:\/\/elfsight.com\/testimonials-slider-widget\/wordpress\/\">Slider testimonianze<\/a>, <a href=\"https:\/\/elfsight.com\/youtube-channel-plugin-yottie\/wordpress\/\">Feed di YouTube<\/a>. Sei libero di aggiungerli tutti al tuo sito web o di scegliere solo quelli pi\u00f9 adatti a te. <\/p> <\/div>\r\n\t\t\t\t\t<\/div>\r\n\t\t\t\t<\/div> <div class=\"faq-item\">\r\n\t\t\t\t\t<div class=\"faq-item-question\">\r\n\t\t\t\t\t\t<h3 class=\"faq-item-question-text\">In che modo incorporo il plug-in Feed di Facebook nel mio sito Web WordPress?<\/h3>\r\n\r\n\t\t\t\t\t\t<div class=\"faq-item-question-icon\"><\/div>\r\n\t\t\t\t\t<\/div>\r\n\r\n\t\t\t\t\t<div class=\"faq-item-answer\">\r\n\t\t\t\t\t\t<div class=\"faq-item-answer-text\"> <p>Puoi aggiungere il plug-in Feed di Facebook nel tuo sito WordPress per dimostrare eventuali post o immagini che piace facilmente. Basta aprire il pannello di amministrazione ed eseguire le seguenti azioni: <\/p><ol><li>Fai clic sulle impostazioni del tuo sito Web WordPress. <\/li><li>Scegli il blocco in cui vuoi implementare il feed di Facebook. <\/li><li>Incorpora il tuo codice dal servizio Elfsight Apps e applica le modifiche. <\/li><li>Tutto \u00e8 fatto. <\/li><\/ol><p>C&#8217;\u00e8 anche una guida completa sull&#8217;installazione del feed di Facebook che pu\u00f2 essere trovata <a href=\"https:\/\/elfsight.com\/tutorials\/how-to-add-facebook-feed-to-any-website\/#wordpress-facebook-plugin\">qui<\/a>.<\/p><\/div>\r\n\t\t\t\t\t<\/div>\r\n\t\t\t\t<\/div> <div class=\"faq-item\">\r\n\t\t\t\t\t<div class=\"faq-item-question\">\r\n\t\t\t\t\t\t<h3 class=\"faq-item-question-text\">Posso testare il tuo plugin per il feed Facebook di WordPress in mano<\/h3>\r\n\r\n\t\t\t\t\t\t<div class=\"faq-item-question-icon\"><\/div>\r\n\t\t\t\t\t<\/div>\r\n\r\n\t\t\t\t\t<div class=\"faq-item-answer\">\r\n\t\t\t\t\t\t<div class=\"faq-item-answer-text\"> <p>Certo cosa! Puoi utilizzare la nostra <a href=\"https:\/\/elfsight.com\/facebook-feed-widget\/#demo\">demo<\/a> attiva che non solo dimostrer\u00e0 tutte le funzionalit\u00e0 del plugin, ma ti consentir\u00e0 anche per aggiungere lo strumento al tuo sito WordPress!<\/p><\/div>\r\n\t\t\t\t\t<\/div>\r\n\t\t\t\t<\/div> <\/div><\/div><div class=\"application-platform-content-item-features application-platform-content-item\" id=\"features\" data-nav-section=\"features\"><h2>Caratteristiche principali del widget Feed di Facebook<\/h2><p> Funzionalit\u00e0 principali che rendono il nostro feed di Facebook uno dei migliori plugin per qualsiasi sito Web WordPress.<\/p><ul><li>3 tipi visualizzabili di contenuti Facebook: post, video e foto con album;<\/li><li>Intestazione personalizzabile con elementi regolabili: immagine di copertina, azioni, immagine della pagina, conteggio dei Mi piace;<\/li><li>Pulsanti Mi piace e Condividi sull&#8217;intestazione;<\/li><li>Limite post variabili;<\/li><li>Aggiornamenti live regolari per mantenerlo aggiornato.<\/li><\/ul><p><a href=\"#demo\">Prova tutte le funzionalit\u00e0 nella demo live<\/a><\/p><\/div><div class=\"application-platform-content-item-installazione application-platform-content-item\" id=\"installazione\" data-nav-section=\"installazione\"><h2>Come incorporare il plugin di Facebook in WordPress<\/h2><div class=\"video-container\"><iframe width=\"720\" height=\"405\" src=\"https:\/\/www.youtube.com\/embed\/URsM7tz9sAc\" frameborder=\"0\" allowfullscreen=\"\"><\/iframe><\/div><p>Segui semplicemente i passaggi presentati di seguito per integrare il widget su WordPress.<\/p> <ol><li><b>Utilizza la nostra demo gratuita e inizia a costruire il tuo strumento personalizzato. <\/b><br> Specifica il design personalizzato e la funzionalit\u00e0 del widget e applica le modifiche. <\/li> <li><b>Ricevi il codice individuale mostrato nell&#8217;apposito modulo su Elfsight Apps. <\/b><br> Subito dopo aver completato la configurazione del plug-in Feed di Facebook, copia il codice individuale nel popup visualizzato e salvalo per un&#8217;occasione successiva. <\/li> <li><b>Inizia a utilizzare lo strumento sul tuo sito WordPress. <\/b><br> Incolla il codice copiato in precedenza nel tuo sito web e salva i miglioramenti. <\/li> <li><b>Fatto! L&#8217;integrazione \u00e8 stata eseguita con successo. <\/b><br> Vai al tuo sito per visualizzare il funzionamento del plugin. <\/li><\/ol> <p>Hai bisogno di un supporto pi\u00f9 completo? Leggi le <a href=\"https:\/\/elfsight.com\/tutorials\/how-to-add-facebook-feed-plugin-to-wordpress\/\" target=\"_blank\" rel=\"noopener noreferrer\">istruzioni complete<\/a> oppure scrivi un&#8217;e-mail al centro assistenza Elfsight e saremo lieti di consigliarti una risposta.<\/p><\/div><div class=\"faq\" data-component=\"FAQ\"><div class=\"faq-item\">\r\n\t\t\t\t\t<div class=\"faq-item-question\">\r\n\t\t\t\t\t\t<h3 class=\"faq-item-question-text\">Posso ricevere Widget feed di notizie di grandi dimensioni o video di Facebook che utilizzano i tuoi widget?<\/h3>\r\n\r\n\t\t\t\t\t\t<div class=\"faq-item-question-icon\"><\/div>\r\n\t\t\t\t\t<\/div>\r\n\r\n\t\t\t\t\t<div class=\"faq-item-answer\">\r\n\t\t\t\t\t\t<div class=\"faq-item-answer-text\"><p>\u00c8 applicabile un numero enorme di modelli: galleria, muratura, griglia, feed, elenco e molto altro ancora, contando aggiustamenti malleabili del layout per soddisfare le tue precondizioni. Sei libero di creare quasi tutto ci\u00f2 che ti manca. <\/p><\/div>\r\n\t\t\t\t\t<\/div>\r\n\t\t\t\t<\/div><div class=\"faq-item\">\r\n\t\t\t\t\t<div class=\"faq-item-question\">\r\n\t\t\t\t\t\t<h3 class=\"faq-item-question-text\">Il mio widget Facebook WordPress non funziona\/non si aggiorna<\/h3>\r\n\r\n\t\t\t\t\t\t<div class=\"faq-item-question-icon\"><\/div>\r\n\t\t\t\t\t<\/div>\r\n\r\n\t\t\t\t\t<div class=\"faq-item-answer\">\r\n\t\t\t\t\t\t<div class=\"faq-item-answer-text\"><p>Se riscontri difficolt\u00e0 con i widget WordPress, contatta il team di supporto clienti. Il servizio di supporto \u00e8 assolutamente gratuito per tutti i clienti Elfsight. <\/p><\/div>\r\n\t\t\t\t\t<\/div>\r\n\t\t\t\t<\/div><\/div>\n","protected":false},"excerpt":{"rendered":"","protected":false},"author":9,"featured_media":0,"parent":1049,"menu_order":0,"comment_status":"closed","ping_status":"closed","template":"templates\/template-application-platform.php","meta":{"publish_to_discourse":"","publish_post_category":"","wpdc_auto_publish_overridden":"","wpdc_topic_tags":"","wpdc_pin_topic":"","wpdc_pin_until":"","discourse_post_id":"","discourse_permalink":"","wpdc_publishing_response":"","wpdc_publishing_error":"","footnotes":""},"class_list":["post-4427","page","type-page","status-publish","hentry"],"yoast_head":"<!-- This site is optimized with the Yoast SEO plugin v25.3.1 - https:\/\/yoast.com\/wordpress\/plugins\/seo\/ -->\n<title>Aggiungi il plugin WordPress Feed Facebook al tuo sito web (gratuitamente)<\/title>\n<meta name=\"description\" content=\"Incorpora il miglior plug-in Feed di Facebook sul tuo sito Web WordPress. Prova la nostra demo live e crea il tuo plugin in solo 1 minuto.\" \/>\n<meta name=\"robots\" content=\"index, follow, max-snippet:-1, max-image-preview:large, max-video-preview:-1\" \/>\n<link rel=\"canonical\" href=\"https:\/\/elfsight.com\/it\/facebook-feed-widget\/wordpress\/\" \/>\n<meta property=\"og:locale\" content=\"it_IT\" \/>\n<meta property=\"og:type\" content=\"article\" \/>\n<meta property=\"og:title\" content=\"Aggiungi il plugin WordPress Feed Facebook al tuo sito web (gratuitamente)\" \/>\n<meta property=\"og:description\" content=\"Incorpora il miglior plug-in Feed di Facebook sul tuo sito Web WordPress. Prova la nostra demo live e crea il tuo plugin in solo 1 minuto.\" \/>\n<meta property=\"og:url\" content=\"https:\/\/elfsight.com\/it\/facebook-feed-widget\/wordpress\/\" \/>\n<meta property=\"og:site_name\" content=\"Elfsight IT\" \/>\n<meta property=\"article:modified_time\" content=\"2025-03-17T06:19:51+00:00\" \/>\n<meta name=\"twitter:card\" content=\"summary_large_image\" \/>\n<meta name=\"twitter:label1\" content=\"Tempo di lettura stimato\" \/>\n\t<meta name=\"twitter:data1\" content=\"4 minuti\" \/>\n<!-- \/ Yoast SEO plugin. -->","yoast_head_json":{"title":"Aggiungi il plugin WordPress Feed Facebook al tuo sito web (gratuitamente)","description":"Incorpora il miglior plug-in Feed di Facebook sul tuo sito Web WordPress. Prova la nostra demo live e crea il tuo plugin in solo 1 minuto.","robots":{"index":"index","follow":"follow","max-snippet":"max-snippet:-1","max-image-preview":"max-image-preview:large","max-video-preview":"max-video-preview:-1"},"canonical":"https:\/\/elfsight.com\/it\/facebook-feed-widget\/wordpress\/","og_locale":"it_IT","og_type":"article","og_title":"Aggiungi il plugin WordPress Feed Facebook al tuo sito web (gratuitamente)","og_description":"Incorpora il miglior plug-in Feed di Facebook sul tuo sito Web WordPress. Prova la nostra demo live e crea il tuo plugin in solo 1 minuto.","og_url":"https:\/\/elfsight.com\/it\/facebook-feed-widget\/wordpress\/","og_site_name":"Elfsight IT","article_modified_time":"2025-03-17T06:19:51+00:00","twitter_card":"summary_large_image","twitter_misc":{"Tempo di lettura stimato":"4 minuti"},"schema":{"@context":"https:\/\/schema.org","@graph":[{"@type":"WebPage","@id":"https:\/\/elfsight.com\/it\/facebook-feed-widget\/wordpress\/","url":"https:\/\/elfsight.com\/it\/facebook-feed-widget\/wordpress\/","name":"Aggiungi il plugin WordPress Feed Facebook al tuo sito web (gratuitamente)","isPartOf":{"@id":"https:\/\/elfsight.com\/it\/#website"},"datePublished":"2024-05-03T06:36:07+00:00","dateModified":"2025-03-17T06:19:51+00:00","description":"Incorpora il miglior plug-in Feed di Facebook sul tuo sito Web WordPress. Prova la nostra demo live e crea il tuo plugin in solo 1 minuto.","breadcrumb":{"@id":"https:\/\/elfsight.com\/it\/facebook-feed-widget\/wordpress\/#breadcrumb"},"inLanguage":"it-IT","potentialAction":[{"@type":"ReadAction","target":["https:\/\/elfsight.com\/it\/facebook-feed-widget\/wordpress\/"]}]},{"@type":"BreadcrumbList","@id":"https:\/\/elfsight.com\/it\/facebook-feed-widget\/wordpress\/#breadcrumb","itemListElement":[{"@type":"ListItem","position":1,"name":"Home","item":"https:\/\/elfsight.com\/it\/"},{"@type":"ListItem","position":2,"name":"Facebook Feed","item":"https:\/\/elfsight.com\/it\/facebook-feed-widget\/"},{"@type":"ListItem","position":3,"name":"Facebook Feed &#8211; WordPress"}]},{"@type":"WebSite","@id":"https:\/\/elfsight.com\/it\/#website","url":"https:\/\/elfsight.com\/it\/","name":"Elfsight IT","description":"Just another Elfsight Sites site","potentialAction":[{"@type":"SearchAction","target":{"@type":"EntryPoint","urlTemplate":"https:\/\/elfsight.com\/it\/?s={search_term_string}"},"query-input":{"@type":"PropertyValueSpecification","valueRequired":true,"valueName":"search_term_string"}}],"inLanguage":"it-IT"}]}},"meta_box":{"industry":"","seo_heading":"","heading":"","description":"","cta_heading":"","cta_description":"","application":"1042","h1":"Plug-in per feed Facebook di WordPress","h1_caption":"Incorpora post dalla tua pagina Facebook per mantenere i visitatori del tuo sito web coinvolti con i tuoi ultimi aggiornamenti e notizie nel tuo sito WordPress senza sforzo.","application_category":[],"applications_title":"","applications_request_title":"","applications_request_button_text":"","hero_text":"","hero_video":"","hero_video_schema_markup":"","selling_points_title":"","selling_points_caption":"","selling_points":[],"selling_points_cta_text":"","features_title":"","features":"","ed_cta_examples_text":"","ed_cta_examples_hidden":"","ed_cta_demo_text":"","ed_cta_demo_hidden":"","why_caption":"","why_editor_title":"","why_editor_text":"","why_team_title":"","why_team_text":"","why_service_title":"","why_service_text":"","template_catalog_visible":"0","template_catalog_title":"","template_catalog_text":"","template_catalog_categories_visible":"","demo_title":"Crea il tuo plugin per il feed di Facebook","demo_caption":"Configura il tuo feed Facebook e aggiungilo gratuitamente al tuo sito WordPress!","default_faq_hidden":"","app_template_category":[],"platform":"28","template_public_id":"","codecanyon_url":"","codecanyon_item_id":"","codecanyon_price":"","pricing_caption":"","pricing_elfsight_apps_hide_column":"","pricing_elfsight_apps_url":"","pricing_codecanyon_price_caption":"","integration_category":[],"integration_request_title":"","integration_request_cta":"","integration_platform":"","integrations":[],"platform_category":[],"video_schema_markup":"","price":"da $ 0 \/ mese","trial":"","benefits":[{"text":"Aiuto per l'installazione gratuito"},{"text":"Supporto eccezionale"},{"text":"Garanzia di rimborso di 14 giorni"},{"text":"Miglioramenti gratuiti continui"}],"button_url":"#demo","button_target_blank":"0","button_nofollow":"0","attributes":[{"name":"Installazioni"},{"name":"Reattivo","content":"S\u00cc"},{"name":"Browser compatibili","content":"Firefox, Safari, Opera, Chrome, Edge"}],"tags":[],"tags_disable_links":"0","hide_more_platforms":"0","video_object":"","demo_hide_cta":"0","demo_hide_cloud_options":"0","pricing_title":"","pricing":[{"pricing_icon":"cloud","pricing_title":"Elfsight Apps","pricing_title_caption":"Soluzione indipendente dalla piattaforma","pricing_price":"da $ 0 \/ mese","pricing_price_caption":"inizia con un piano gratuito","pricing_benefits":[{"text":"Domini illimitati"},{"text":"Supporto veloce"},{"text":"Assistenza per l'installazione gratuita"},{"text":"Offerta speciale per pi\u00f9 app"}],"pricing_button_text":"Aggiungi al sito web","pricing_button_url":"#demo"}],"related_apps_title":"","related_apps_hidden":"0","author":"","image":[],"title":"","job":"","social_networks":[]},"_links":{"self":[{"href":"https:\/\/elfsight.com\/it\/wp-json\/wp\/v2\/pages\/4427","targetHints":{"allow":["GET"]}}],"collection":[{"href":"https:\/\/elfsight.com\/it\/wp-json\/wp\/v2\/pages"}],"about":[{"href":"https:\/\/elfsight.com\/it\/wp-json\/wp\/v2\/types\/page"}],"author":[{"embeddable":true,"href":"https:\/\/elfsight.com\/it\/wp-json\/wp\/v2\/users\/9"}],"replies":[{"embeddable":true,"href":"https:\/\/elfsight.com\/it\/wp-json\/wp\/v2\/comments?post=4427"}],"version-history":[{"count":5,"href":"https:\/\/elfsight.com\/it\/wp-json\/wp\/v2\/pages\/4427\/revisions"}],"predecessor-version":[{"id":8850,"href":"https:\/\/elfsight.com\/it\/wp-json\/wp\/v2\/pages\/4427\/revisions\/8850"}],"up":[{"embeddable":true,"href":"https:\/\/elfsight.com\/it\/wp-json\/wp\/v2\/pages\/1049"}],"wp:attachment":[{"href":"https:\/\/elfsight.com\/it\/wp-json\/wp\/v2\/media?parent=4427"}],"curies":[{"name":"wp","href":"https:\/\/api.w.org\/{rel}","templated":true}]}}