{"id":4426,"date":"2024-05-03T06:36:06","date_gmt":"2024-05-03T06:36:06","guid":{"rendered":"https:\/\/elfsight.com\/it\/?page_id=4426"},"modified":"2025-03-17T06:05:08","modified_gmt":"2025-03-17T06:05:08","slug":"shopify","status":"publish","type":"page","link":"https:\/\/elfsight.com\/it\/facebook-feed-widget\/shopify\/","title":{"rendered":"Facebook Feed &#8211; Shopify"},"content":{"rendered":"\n<div class=\"application-platform-content-item-description application-platform-content-item\" id=\"description\" data-nav-section=\"description\"><h2>Incorpora il feed di Facebook su Shopify con il widget Elfsight<\/h2><p>Visualizza la tua pagina Facebook nella nostra app universale: Feed di Facebook. Pagine, video, foto: assicurati che i tuoi visitatori non perdano nemmeno una notizia. Il design accattivante con i veri elementi di Facebook non passer\u00e0 inosservato e ti dar\u00e0 l&#8217;opportunit\u00e0 non solo di mantenere i clienti attuali sul sito web, ma anche di trovare nuovi abbonati Facebook.<\/p><p><b>Fai crescere il tuo sito web al massimo stage insieme all&#8217;app Facebook di Shopify.<\/b><\/p><ul><li><b>Aumenta la conversione del tuo sito fino al 125%<\/b>.<br>Aggiungi un&#8217;unit\u00e0 di social media al tuo sito e acquisire pi\u00f9 clienti. Lascia che i tuoi visitatori scoprano la tua attivit\u00e0 su Facebook e ottengano la loro fiducia, il che contribuir\u00e0 a rafforzare la tua conversione.<\/li><li><b>Promuovi il tuo account Facebook<\/b>.<br>Utilizza i tuoi contenuti Facebook non solo per intrattenere gli spettatori dei social media, ma anche catturare i visitatori del sito web e condurli alla tua pagina Facebook. Aggiungi feed o immagini evidenti per iniziare subito ad avere nuovi iscritti!<\/li><li><b>1 widget Facebook che funge da 3<\/b>.<br>Tutti i contenuti di Facebook in un widget: aggiungi post con feedback , condivisioni o tutte le reazioni disponibili; Crea gallerie di immagini e video sul sito web utilizzando gli album di Facebook.<\/li><\/ul><\/div><div class=\"application-platform-content-item-features application-platform-content-item\" id=\"features\" data-nav-section=\"features\"><h2>Caratteristiche principali del widget Feed di Facebook<\/h2><p>Diverse caratteristiche, che rendono il nostro feed Facebook la migliore app per un sito web Shopify.<\/p><ul><li>3 tipi visualizzabili di contenuti Facebook: post, video e foto con album;<\/li><li>Pop personalizzabile -up con elementi commutabili: autore, conteggio dei Mi piace, conteggio delle condivisioni, commenti;<\/li><li>Larghezza e altezza regolabili;<\/li><li>Attiva o disattiva l&#8217;intestazione;<\/li><li>Gratuito servizio di installazione.<\/li><\/ul><p><a href=\"#demo\">Guarda tutte le funzionalit\u00e0 nella demo dal vivo<\/a><\/p><\/div><div class=\"application-platform-content-item-installation application-platform-content-item\" id=\"installation\" data-nav-section=\"installation\"> <h2>Come aggiungere il feed di Facebook al sito web Shopify<\/h2><div class=\"video-container\"><iframe width=\"560\" height=\"315\" src=\"https:\/\/www.youtube.com\/embed\/4iTtZ_DcOOA?si=hFjlmtZxLHwBsWxs\" frameborder=\"0\" allow=\"accelerometer; autoplay; clipboard-write; encrypted-media; gyroscope; picture-in-picture; web-share\" allowfullscreen><\/iframe><\/div><p>Segui la nostra guida per completare l&#8217;installazione. L&#8217;operazione richieder\u00e0 solo pochi minuti e non richiede conoscenze di programmazione.<\/p><ol><li><b>Lancia la nostra demo gratuita e inizia a lavorare con la tua app. <\/b><br> Scegli il layout e le prestazioni adatte dell&#8217;app e applica tutte le modifiche. <\/li> <li><b>Acquisisci il tuo codice individuale che appare nella finestra delle app Elfsight. <\/b><br> Una volta completata la creazione della tua app, copia il codice nella casella visualizzata e salvalo per occasioni future. <\/li> <li><b>Inizia a utilizzare l&#8217;app sulla tua pagina web Shopify. <\/b><br> Integra il codice che hai copiato di recente nella tua pagina e salva le modifiche. <\/li> <li><b>L&#8217;installazione \u00e8 stata completata con successo. <\/b><br> Vai al tuo sito per dare un&#8217;occhiata a come funziona l&#8217;app. <\/li><\/ol><p>Hai bisogno di ulteriore supporto personalizzato? Scrivi al nostro centro assistenza e saremo felici di trovare una soluzione per te o leggere un <a href=\"https:\/\/elfsight.com\/tutorials\/how-to-add-facebook-feed-app-to-shopify\/\" target=\"_blank\" rel=\"noopener noreferrer\">articolo dettagliato<\/a>.<\/p><\/div><div class=\"faq\" data-component=\"FAQ\"><div class=\"faq-item\">\r\n\t\t\t\t\t<div class=\"faq-item-question\">\r\n\t\t\t\t\t\t<h3 class=\"faq-item-question-text\">In che modo \u00e8 possibile aggiungere la chat di WhatsApp alla mia pagina web Shopify senza codifica?<\/h3>\r\n\r\n\t\t\t\t\t\t<div class=\"faq-item-question-icon\"><\/div>\r\n\t\t\t\t\t<\/div>\r\n\r\n\t\t\t\t\t<div class=\"faq-item-answer\">\r\n\t\t\t\t\t\t<div class=\"faq-item-answer-text\"><p>La societ\u00e0 Elfsight offre una soluzione SaaS che consente a un vasto pubblico di creare tu stesso un&#8217;app di chat di WhatsApp, controlla quanto sia semplice il processo: <\/p><ul><li>Inizia a lavorare direttamente nell&#8217;editor online per stabilire un plug-in di chat di WhatsApp che desideri aggiungere sul sito Shopify.<\/li><li>Scegli uno dei tanti modelli predefiniti e modifica le impostazioni di chat di WhatsApp, includi i tuoi contenuti , trasforma il layout e il colore degli elementi senza codifica.<\/li><li>Salva le impostazioni che hai effettuato nella chat di WhatsApp e copia il codice del plugin per l&#8217;incorporamento, che potrai includere facilmente e gratuitamente nella home page di Shopify. <\/li><\/ul><p>Utilizzando il nostro intuitivo configuratore ogni utente di Internet pu\u00f2 generare il plug-in di chat di WhatsApp e includerlo facilmente nella propria pagina web Shopify. Non \u00e8 necessario sottoscrivere un abbonamento a pagamento o inserire i dati della carta per accedere al servizio Elfsight. Se riscontri problemi in qualsiasi momento, vai avanti e contatta il nostro personale di supporto.<\/p><\/div>\r\n\t\t\t\t\t<\/div>\r\n\t\t\t\t<\/div><\/div>\n","protected":false},"excerpt":{"rendered":"","protected":false},"author":9,"featured_media":0,"parent":1049,"menu_order":0,"comment_status":"closed","ping_status":"closed","template":"templates\/template-application-platform.php","meta":{"publish_to_discourse":"","publish_post_category":"","wpdc_auto_publish_overridden":"","wpdc_topic_tags":"","wpdc_pin_topic":"","wpdc_pin_until":"","discourse_post_id":"","discourse_permalink":"","wpdc_publishing_response":"","wpdc_publishing_error":"","footnotes":""},"class_list":["post-4426","page","type-page","status-publish","hentry"],"yoast_head":"<!-- This site is optimized with the Yoast SEO plugin v25.3.1 - https:\/\/yoast.com\/wordpress\/plugins\/seo\/ -->\n<title>Feed di Facebook - Aggiungi l&#039;app Facebook a Shopify (facile e veloce)<\/title>\n<meta name=\"description\" content=\"Integra la migliore app Facebook Feed sul tuo negozio Shopify. Prova la demo interattiva di Elfsight e progetta la tua app personale in solo 1 minuto.\" \/>\n<meta name=\"robots\" content=\"index, follow, max-snippet:-1, max-image-preview:large, max-video-preview:-1\" \/>\n<link rel=\"canonical\" href=\"https:\/\/elfsight.com\/it\/facebook-feed-widget\/shopify\/\" \/>\n<meta property=\"og:locale\" content=\"it_IT\" \/>\n<meta property=\"og:type\" content=\"article\" \/>\n<meta property=\"og:title\" content=\"Feed di Facebook - Aggiungi l&#039;app Facebook a Shopify (facile e veloce)\" \/>\n<meta property=\"og:description\" content=\"Integra la migliore app Facebook Feed sul tuo negozio Shopify. Prova la demo interattiva di Elfsight e progetta la tua app personale in solo 1 minuto.\" \/>\n<meta property=\"og:url\" content=\"https:\/\/elfsight.com\/it\/facebook-feed-widget\/shopify\/\" \/>\n<meta property=\"og:site_name\" content=\"Elfsight IT\" \/>\n<meta property=\"article:modified_time\" content=\"2025-03-17T06:05:08+00:00\" \/>\n<meta name=\"twitter:card\" content=\"summary_large_image\" \/>\n<meta name=\"twitter:label1\" content=\"Tempo di lettura stimato\" \/>\n\t<meta name=\"twitter:data1\" content=\"4 minuti\" \/>\n<!-- \/ Yoast SEO plugin. -->","yoast_head_json":{"title":"Feed di Facebook - Aggiungi l'app Facebook a Shopify (facile e veloce)","description":"Integra la migliore app Facebook Feed sul tuo negozio Shopify. Prova la demo interattiva di Elfsight e progetta la tua app personale in solo 1 minuto.","robots":{"index":"index","follow":"follow","max-snippet":"max-snippet:-1","max-image-preview":"max-image-preview:large","max-video-preview":"max-video-preview:-1"},"canonical":"https:\/\/elfsight.com\/it\/facebook-feed-widget\/shopify\/","og_locale":"it_IT","og_type":"article","og_title":"Feed di Facebook - Aggiungi l'app Facebook a Shopify (facile e veloce)","og_description":"Integra la migliore app Facebook Feed sul tuo negozio Shopify. Prova la demo interattiva di Elfsight e progetta la tua app personale in solo 1 minuto.","og_url":"https:\/\/elfsight.com\/it\/facebook-feed-widget\/shopify\/","og_site_name":"Elfsight IT","article_modified_time":"2025-03-17T06:05:08+00:00","twitter_card":"summary_large_image","twitter_misc":{"Tempo di lettura stimato":"4 minuti"},"schema":{"@context":"https:\/\/schema.org","@graph":[{"@type":"WebPage","@id":"https:\/\/elfsight.com\/it\/facebook-feed-widget\/shopify\/","url":"https:\/\/elfsight.com\/it\/facebook-feed-widget\/shopify\/","name":"Feed di Facebook - Aggiungi l'app Facebook a Shopify (facile e veloce)","isPartOf":{"@id":"https:\/\/elfsight.com\/it\/#website"},"datePublished":"2024-05-03T06:36:06+00:00","dateModified":"2025-03-17T06:05:08+00:00","description":"Integra la migliore app Facebook Feed sul tuo negozio Shopify. Prova la demo interattiva di Elfsight e progetta la tua app personale in solo 1 minuto.","breadcrumb":{"@id":"https:\/\/elfsight.com\/it\/facebook-feed-widget\/shopify\/#breadcrumb"},"inLanguage":"it-IT","potentialAction":[{"@type":"ReadAction","target":["https:\/\/elfsight.com\/it\/facebook-feed-widget\/shopify\/"]}]},{"@type":"BreadcrumbList","@id":"https:\/\/elfsight.com\/it\/facebook-feed-widget\/shopify\/#breadcrumb","itemListElement":[{"@type":"ListItem","position":1,"name":"Home","item":"https:\/\/elfsight.com\/it\/"},{"@type":"ListItem","position":2,"name":"Facebook Feed","item":"https:\/\/elfsight.com\/it\/facebook-feed-widget\/"},{"@type":"ListItem","position":3,"name":"Facebook Feed &#8211; Shopify"}]},{"@type":"WebSite","@id":"https:\/\/elfsight.com\/it\/#website","url":"https:\/\/elfsight.com\/it\/","name":"Elfsight IT","description":"Just another Elfsight Sites site","potentialAction":[{"@type":"SearchAction","target":{"@type":"EntryPoint","urlTemplate":"https:\/\/elfsight.com\/it\/?s={search_term_string}"},"query-input":{"@type":"PropertyValueSpecification","valueRequired":true,"valueName":"search_term_string"}}],"inLanguage":"it-IT"}]}},"meta_box":{"industry":"","seo_heading":"","heading":"","description":"","cta_heading":"","cta_description":"","application":"1042","h1":"App Feed di Facebook per Shopify","h1_caption":"Incorpora post dalla tua pagina Facebook per mantenere i visitatori del tuo sito web coinvolti con i tuoi ultimi aggiornamenti e notizie nel tuo sito web Shopify senza sforzo.","application_category":[],"applications_title":"","applications_request_title":"","applications_request_button_text":"","hero_text":"","hero_video":"","hero_video_schema_markup":"","selling_points_title":"","selling_points_caption":"","selling_points":[],"selling_points_cta_text":"","features_title":"","features":"","ed_cta_examples_text":"","ed_cta_examples_hidden":"","ed_cta_demo_text":"","ed_cta_demo_hidden":"","why_caption":"","why_editor_title":"","why_editor_text":"","why_team_title":"","why_team_text":"","why_service_title":"","why_service_text":"","template_catalog_visible":"0","template_catalog_title":"","template_catalog_text":"","template_catalog_categories_visible":"","demo_title":"Crea la tua app Feed di Facebook","demo_caption":"Configura il tuo feed Facebook e aggiungilo gratuitamente al tuo sito Shopify!","default_faq_hidden":"","app_template_category":[],"platform":"42","template_public_id":"","codecanyon_url":"","codecanyon_item_id":"","codecanyon_price":"","pricing_caption":"","pricing_elfsight_apps_hide_column":"","pricing_elfsight_apps_url":"","pricing_codecanyon_price_caption":"","integration_category":[],"integration_request_title":"","integration_request_cta":"","integration_platform":"","integrations":[],"platform_category":[],"video_schema_markup":"","price":"da $ 0 al mese","trial":"","benefits":[{"text":"Servizio di installazione gratuito"},{"text":"Supporto premium"},{"text":"Garanzia di rimborso di 14 giorni"},{"text":"Aggiornamenti gratuiti continui"}],"button_url":"#demo","button_target_blank":"0","button_nofollow":"0","attributes":[{"name":"Installazioni"},{"name":"Reattivo","content":"S\u00cc"},{"name":"Browser compatibili","content":"IE11, Firefox, Safari, Opera, Chrome, Edge"}],"tags":[],"tags_disable_links":"0","hide_more_platforms":"0","video_object":"","demo_hide_cta":"0","demo_hide_cloud_options":"0","pricing_title":"","pricing":[{"pricing_icon":"cloud","pricing_title":"Elfsight Apps","pricing_title_caption":"Versione multipiattaforma che funziona su qualsiasi sito web (incluso Shopify)","pricing_price":"da $ 0 \/ mese","pricing_price_caption":"Inizia con il piano gratuito","pricing_benefits":[{"text":"Siti web illimitati"},{"text":"Offerta speciale per pi\u00f9 app"},{"text":"Supporto premium"},{"text":"Servizio di installazione gratuito"}],"pricing_button_text":"Aggiungi al sito web","pricing_button_url":"#demo"}],"related_apps_title":"","related_apps_hidden":"0","author":"","image":[],"title":"","job":"","social_networks":[]},"_links":{"self":[{"href":"https:\/\/elfsight.com\/it\/wp-json\/wp\/v2\/pages\/4426","targetHints":{"allow":["GET"]}}],"collection":[{"href":"https:\/\/elfsight.com\/it\/wp-json\/wp\/v2\/pages"}],"about":[{"href":"https:\/\/elfsight.com\/it\/wp-json\/wp\/v2\/types\/page"}],"author":[{"embeddable":true,"href":"https:\/\/elfsight.com\/it\/wp-json\/wp\/v2\/users\/9"}],"replies":[{"embeddable":true,"href":"https:\/\/elfsight.com\/it\/wp-json\/wp\/v2\/comments?post=4426"}],"version-history":[{"count":4,"href":"https:\/\/elfsight.com\/it\/wp-json\/wp\/v2\/pages\/4426\/revisions"}],"predecessor-version":[{"id":8839,"href":"https:\/\/elfsight.com\/it\/wp-json\/wp\/v2\/pages\/4426\/revisions\/8839"}],"up":[{"embeddable":true,"href":"https:\/\/elfsight.com\/it\/wp-json\/wp\/v2\/pages\/1049"}],"wp:attachment":[{"href":"https:\/\/elfsight.com\/it\/wp-json\/wp\/v2\/media?parent=4426"}],"curies":[{"name":"wp","href":"https:\/\/api.w.org\/{rel}","templated":true}]}}