{"id":4420,"date":"2024-05-03T06:36:04","date_gmt":"2024-05-03T06:36:04","guid":{"rendered":"https:\/\/elfsight.com\/it\/?page_id=4420"},"modified":"2025-03-17T05:16:32","modified_gmt":"2025-03-17T05:16:32","slug":"bigcommerce","status":"publish","type":"page","link":"https:\/\/elfsight.com\/it\/facebook-feed-widget\/bigcommerce\/","title":{"rendered":"Facebook Feed &#8211; BigCommerce"},"content":{"rendered":"\n<div class=\"application-platform-content-item-description application-platform-content-item\" id=\"description\" data-nav-section=\"description\"><h2>Descrizione<\/h2><p>Visualizza la tua pagina Facebook nella nostra potente app: Facebook Feed. Post, video, immagini: assicurati che i tuoi lettori non saltino nemmeno un tuo messaggio. Un&#8217;interfaccia elegante con componenti reali di Facebook verr\u00e0 sicuramente notata e contribuir\u00e0 non solo a trattenere gli attuali acquirenti sul sito, ma anche a invitare nuovi abbonati Facebook.<\/p><p><b>Porta il tuo sito web a un livello superiore. altezza massima insieme all&#8217;app Facebook BigCommerce.<\/b><\/p><ul><li><b>Aumenta la conversione del tuo sito fino al 125%<\/b>.<br>Sfrutta un elemento social fidati del tuo sito web, per trovare pi\u00f9 clienti. Lascia che i tuoi visitatori scoprano la tua attivit\u00e0 su Facebook e conquistino la loro piena fiducia, il che contribuir\u00e0 ad aumentare la tua conversione.<\/li><li><b>Pubblicizza il tuo profilo Facebook<\/b>.<br>Mostra i contenuti di Facebook non solo per visitatori dei social media, ma anche per attirare utenti dal sito web al tuo account Facebook. Aggiungi feed o foto riconoscibili per iniziare subito a ottenere nuovi iscritti!<\/li><li><b>Tutto Facebook in 1 widget<\/b>.<br>Tutti i tipi di contenuti di Facebook in un widget unico: mostra le pubblicazioni con commenti , condivisioni o eventuali reazioni su Facebook; crea gallerie di immagini e video sul sito a partire dagli album di Facebook.<\/li><\/ul><\/div><div class=\"application-platform-content-item-features application-platform-content-item\" id=\"features\" data-nav-section=\"features\"><h2>Caratteristiche<\/h2><p>Diverse caratteristiche, che trasformeranno il nostro feed Facebook in un&#8217;app essenziale per un sito web BigCommerce.<\/p><ul><li>3 tipi visualizzabili di contenuti Facebook: post, video e foto con album;<\/li><li>Mostra foto, album o entrambi;<\/li><li>Post con informazioni commutabili: autore, conteggio dei Mi piace, conteggio delle condivisioni, pulsante di condivisione;<\/li><li>Visualizza o nascondi video;<\/li><li>Tempo di cache regolabile.<\/li><\/ul><p><a href=\"#demo\">Prova tutte le funzionalit\u00e0 nella demo dal vivo<\/a><\/p><\/div><div class=\"application-platform-content-item-installation application-platform-content-item\" id=\"installation\" data-nav-section=\"installation\"><h2>Come fare aggiungi l&#8217;app Facebook al sito web di BigCommerce<\/h2><div class=\"video-container\"><iframe width=\"560\" height=\"315\" src=\"https:\/\/www.youtube.com\/embed\/GZwiP0igJZg?si=8ZrL5fznAn5oqhBp\" frameborder=\"0\" allow=\"accelerometer; autoplay; clipboard-write; encrypted-media; gyroscope; picture-in-picture; web-share\" allowfullscreen><\/iframe><\/div><p>Segui semplicemente i passaggi indicati di seguito per inserire il plug-in su BigCommerce.<\/p> <ol><li><b>Lancia la nostra demo gratuita e inizia a creare il tuo plugin. <\/b><br> Scegli l&#8217;aspetto e le caratteristiche selezionate del plugin e applica le correzioni. <\/li> <li><b>Copia il tuo codice personale esposto nel box su Elfsight Apps. <\/b><br> Una volta terminata la generazione della tua app personale, copia il codice personale dal popup visualizzato e conservalo per un ulteriore utilizzo. <\/li> <li><b>Inizia a utilizzare il widget sul sito BigCommerce. <\/b><br> Incorpora il codice che hai copiato di recente nel tuo sito e applica le correzioni. <\/li> <li><b>L&#8217;installazione \u00e8 terminata con successo. <\/b><br> Visita la tua pagina per vedere in azione il lavoro dell&#8217;app . <\/li><\/ol><p>Hai bisogno di un aiuto pi\u00f9 particolare? Mettiti in contatto con l&#8217;assistenza clienti Elfsight e saremo lieti di trovare una soluzione o conoscere un <a href=\"https:\/\/elfsight.com\/tutorials\/how-to-add-facebook-feed-plugin-to-bigcommerce\/\" target=\"_blank\" rel=\"noopener noreferrer\">guida completa<\/a>.<\/p><\/div><div class=\"faq\" data-component=\"FAQ\"><div class=\"faq-item\">\r\n\t\t\t\t\t<div class=\"faq-item-question\">\r\n\t\t\t\t\t\t<h3 class=\"faq-item-question-text\">\u00c8 esiste un'opzione per aggiungere la chat di WhatsApp alla mia pagina web BigCommerce senza esperienza di codifica?<\/h3>\r\n\r\n\t\t\t\t\t\t<div class=\"faq-item-question-icon\"><\/div>\r\n\t\t\t\t\t<\/div>\r\n\r\n\t\t\t\t\t<div class=\"faq-item-answer\">\r\n\t\t\t\t\t\t<div class=\"faq-item-answer-text\"><p>La societ\u00e0 Elfsight offre una soluzione che ti consente di generare tu stesso un widget di chat di WhatsApp, scopri i semplici passaggi: <\/p><ul> <li>Vai alla demo online per creare una sezione di chat di WhatsApp che desideri includere nel tuo BigCommerce.<\/li><li>Scegli uno dei modelli predefiniti e adatta le impostazioni della chat di WhatsApp, aggiorna i tuoi contenuti, modifica il layout e combinazione di colori senza alcuna esperienza di codifica.<\/li><li>Salva le impostazioni che hai effettuato sulla chat di WhatsApp e ottieni il codice del widget per l&#8217;installazione, che puoi aggiungere nel sito di BigCommerce senza la necessit\u00e0 di acquistare un piano a pagamento. <\/li><\/ul><p>Con l&#8217;aiuto del nostro configuratore intuitivo, qualsiasi utente web pu\u00f2 creare l&#8217;app WhatsApp Chat e aggiungerla alla home page di BigCommerce. Non \u00e8 necessario pagare o divulgare i dati della tua carta per accedere al nostro Editor. Se incontri ostacoli in qualsiasi momento, non esitare a parlare con il nostro supporto tecnico clienti.<\/p><\/div>\r\n\t\t\t\t\t<\/div>\r\n\t\t\t\t<\/div><\/div>\n","protected":false},"excerpt":{"rendered":"","protected":false},"author":9,"featured_media":0,"parent":1049,"menu_order":0,"comment_status":"closed","ping_status":"closed","template":"templates\/template-application-platform.php","meta":{"publish_to_discourse":"","publish_post_category":"","wpdc_auto_publish_overridden":"","wpdc_topic_tags":"","wpdc_pin_topic":"","wpdc_pin_until":"","discourse_post_id":"","discourse_permalink":"","wpdc_publishing_response":"","wpdc_publishing_error":"","footnotes":""},"class_list":["post-4420","page","type-page","status-publish","hentry"],"yoast_head":"<!-- This site is optimized with the Yoast SEO plugin v25.3.1 - https:\/\/yoast.com\/wordpress\/plugins\/seo\/ -->\n<title>Feed di Facebook: aggiungi l&#039;app Facebook al sito Web BigCommerce<\/title>\n<meta name=\"description\" content=\"Inserisci un&#039;app feed Facebook reattiva sul tuo sito web BigCommerce. Utilizza il nostro editor interattivo e progetta la tua app personale in soli 2 minuti.\" \/>\n<meta name=\"robots\" content=\"index, follow, max-snippet:-1, max-image-preview:large, max-video-preview:-1\" \/>\n<link rel=\"canonical\" href=\"https:\/\/elfsight.com\/it\/facebook-feed-widget\/bigcommerce\/\" \/>\n<meta property=\"og:locale\" content=\"it_IT\" \/>\n<meta property=\"og:type\" content=\"article\" \/>\n<meta property=\"og:title\" content=\"Feed di Facebook: aggiungi l&#039;app Facebook al sito Web BigCommerce\" \/>\n<meta property=\"og:description\" content=\"Inserisci un&#039;app feed Facebook reattiva sul tuo sito web BigCommerce. Utilizza il nostro editor interattivo e progetta la tua app personale in soli 2 minuti.\" \/>\n<meta property=\"og:url\" content=\"https:\/\/elfsight.com\/it\/facebook-feed-widget\/bigcommerce\/\" \/>\n<meta property=\"og:site_name\" content=\"Elfsight IT\" \/>\n<meta property=\"article:modified_time\" content=\"2025-03-17T05:16:32+00:00\" \/>\n<meta name=\"twitter:card\" content=\"summary_large_image\" \/>\n<meta name=\"twitter:label1\" content=\"Tempo di lettura stimato\" \/>\n\t<meta name=\"twitter:data1\" content=\"4 minuti\" \/>\n<!-- \/ Yoast SEO plugin. -->","yoast_head_json":{"title":"Feed di Facebook: aggiungi l'app Facebook al sito Web BigCommerce","description":"Inserisci un'app feed Facebook reattiva sul tuo sito web BigCommerce. Utilizza il nostro editor interattivo e progetta la tua app personale in soli 2 minuti.","robots":{"index":"index","follow":"follow","max-snippet":"max-snippet:-1","max-image-preview":"max-image-preview:large","max-video-preview":"max-video-preview:-1"},"canonical":"https:\/\/elfsight.com\/it\/facebook-feed-widget\/bigcommerce\/","og_locale":"it_IT","og_type":"article","og_title":"Feed di Facebook: aggiungi l'app Facebook al sito Web BigCommerce","og_description":"Inserisci un'app feed Facebook reattiva sul tuo sito web BigCommerce. Utilizza il nostro editor interattivo e progetta la tua app personale in soli 2 minuti.","og_url":"https:\/\/elfsight.com\/it\/facebook-feed-widget\/bigcommerce\/","og_site_name":"Elfsight IT","article_modified_time":"2025-03-17T05:16:32+00:00","twitter_card":"summary_large_image","twitter_misc":{"Tempo di lettura stimato":"4 minuti"},"schema":{"@context":"https:\/\/schema.org","@graph":[{"@type":"WebPage","@id":"https:\/\/elfsight.com\/it\/facebook-feed-widget\/bigcommerce\/","url":"https:\/\/elfsight.com\/it\/facebook-feed-widget\/bigcommerce\/","name":"Feed di Facebook: aggiungi l'app Facebook al sito Web BigCommerce","isPartOf":{"@id":"https:\/\/elfsight.com\/it\/#website"},"datePublished":"2024-05-03T06:36:04+00:00","dateModified":"2025-03-17T05:16:32+00:00","description":"Inserisci un'app feed Facebook reattiva sul tuo sito web BigCommerce. Utilizza il nostro editor interattivo e progetta la tua app personale in soli 2 minuti.","breadcrumb":{"@id":"https:\/\/elfsight.com\/it\/facebook-feed-widget\/bigcommerce\/#breadcrumb"},"inLanguage":"it-IT","potentialAction":[{"@type":"ReadAction","target":["https:\/\/elfsight.com\/it\/facebook-feed-widget\/bigcommerce\/"]}]},{"@type":"BreadcrumbList","@id":"https:\/\/elfsight.com\/it\/facebook-feed-widget\/bigcommerce\/#breadcrumb","itemListElement":[{"@type":"ListItem","position":1,"name":"Home","item":"https:\/\/elfsight.com\/it\/"},{"@type":"ListItem","position":2,"name":"Facebook Feed","item":"https:\/\/elfsight.com\/it\/facebook-feed-widget\/"},{"@type":"ListItem","position":3,"name":"Facebook Feed &#8211; BigCommerce"}]},{"@type":"WebSite","@id":"https:\/\/elfsight.com\/it\/#website","url":"https:\/\/elfsight.com\/it\/","name":"Elfsight IT","description":"Just another Elfsight Sites site","potentialAction":[{"@type":"SearchAction","target":{"@type":"EntryPoint","urlTemplate":"https:\/\/elfsight.com\/it\/?s={search_term_string}"},"query-input":{"@type":"PropertyValueSpecification","valueRequired":true,"valueName":"search_term_string"}}],"inLanguage":"it-IT"}]}},"meta_box":{"industry":"","seo_heading":"","heading":"","description":"","cta_heading":"","cta_description":"","application":"1042","h1":"App feed di Facebook per BigCommerce","h1_caption":"Incorpora post dalla tua pagina Facebook per mantenere i visitatori del tuo sito web coinvolti con i tuoi ultimi aggiornamenti e notizie nel tuo sito web BigCommerce senza sforzo.","application_category":[],"applications_title":"","applications_request_title":"","applications_request_button_text":"","hero_text":"","hero_video":"","hero_video_schema_markup":"","selling_points_title":"","selling_points_caption":"","selling_points":[],"selling_points_cta_text":"","features_title":"","features":"","ed_cta_examples_text":"","ed_cta_examples_hidden":"","ed_cta_demo_text":"","ed_cta_demo_hidden":"","why_caption":"","why_editor_title":"","why_editor_text":"","why_team_title":"","why_team_text":"","why_service_title":"","why_service_text":"","template_catalog_visible":"0","template_catalog_title":"","template_catalog_text":"","template_catalog_categories_visible":"","demo_title":"Crea la tua app Feed di Facebook","demo_caption":"Configura il tuo feed Facebook e aggiungilo gratuitamente al tuo sito BigCommerce!","default_faq_hidden":"","app_template_category":[],"platform":"32","template_public_id":"","codecanyon_url":"","codecanyon_item_id":"","codecanyon_price":"","pricing_caption":"","pricing_elfsight_apps_hide_column":"","pricing_elfsight_apps_url":"","pricing_codecanyon_price_caption":"","integration_category":[],"integration_request_title":"","integration_request_cta":"","integration_platform":"","integrations":[],"platform_category":[],"video_schema_markup":"","price":"da $ 0 al mese","trial":"","benefits":[{"text":"Servizio di installazione gratuito"},{"text":"Servizio clienti competente"},{"text":"Garanzia di rimborso di 14 giorni"},{"text":"Aggiornamenti gratuiti regolari"}],"button_url":"#demo","button_target_blank":"0","button_nofollow":"0","attributes":[{"name":"Installazioni"},{"name":"Reattivo","content":"S\u00cc"},{"name":"Browser compatibili","content":"Firefox, Safari, Opera, Chrome, Edge"}],"tags":[],"tags_disable_links":"0","hide_more_platforms":"0","video_object":"","demo_hide_cta":"0","demo_hide_cloud_options":"0","pricing_title":"","pricing":[{"pricing_icon":"cloud","pricing_title":"Elfsight Apps","pricing_title_caption":"Versione multipiattaforma","pricing_price":"da $ 0 \/ mese","pricing_price_caption":"inizia con un piano gratuito","pricing_benefits":[{"text":"Domini illimitati"},{"text":"Supporto aziendale 24 ore su 24, 7 giorni su 7 e ben documentato"},{"text":"Servizio di installazione gratuito"},{"text":"Completamente personalizzabile"}],"pricing_button_text":"Aggiungi al sito web","pricing_button_url":"#demo"}],"related_apps_title":"","related_apps_hidden":"0","author":"","image":[],"title":"","job":"","social_networks":[]},"_links":{"self":[{"href":"https:\/\/elfsight.com\/it\/wp-json\/wp\/v2\/pages\/4420","targetHints":{"allow":["GET"]}}],"collection":[{"href":"https:\/\/elfsight.com\/it\/wp-json\/wp\/v2\/pages"}],"about":[{"href":"https:\/\/elfsight.com\/it\/wp-json\/wp\/v2\/types\/page"}],"author":[{"embeddable":true,"href":"https:\/\/elfsight.com\/it\/wp-json\/wp\/v2\/users\/9"}],"replies":[{"embeddable":true,"href":"https:\/\/elfsight.com\/it\/wp-json\/wp\/v2\/comments?post=4420"}],"version-history":[{"count":4,"href":"https:\/\/elfsight.com\/it\/wp-json\/wp\/v2\/pages\/4420\/revisions"}],"predecessor-version":[{"id":8822,"href":"https:\/\/elfsight.com\/it\/wp-json\/wp\/v2\/pages\/4420\/revisions\/8822"}],"up":[{"embeddable":true,"href":"https:\/\/elfsight.com\/it\/wp-json\/wp\/v2\/pages\/1049"}],"wp:attachment":[{"href":"https:\/\/elfsight.com\/it\/wp-json\/wp\/v2\/media?parent=4420"}],"curies":[{"name":"wp","href":"https:\/\/api.w.org\/{rel}","templated":true}]}}